{"id":109427,"date":"2022-02-10T12:19:50","date_gmt":"2022-02-10T10:19:50","guid":{"rendered":"https:\/\/www.printmaps.net\/preise-2\/"},"modified":"2025-10-24T09:30:14","modified_gmt":"2025-10-24T08:30:14","slug":"preise","status":"publish","type":"page","link":"https:\/\/www.printmaps.net\/de\/preise\/","title":{"rendered":"Unsere Preise"},"content":{"rendered":"<div id=\"tsprintmaps_pricing_table_container\"><\/div>\n<script id=\"tsprintmaps_pricing_table_script\"> \n\t(function () {\n\t\tlet currentLocation = `${location.protocol}\/\/${location.host}${location.pathname}`;\n\t\tjQuery.get(`${currentLocation}?tsprintmaps_get_pricing_table_js=1&`, function(responce) { \n\t\t\tjQuery('#tsprintmaps_pricing_table_container').html(responce); \n\t\t\tdocument.getElementById(\"tsprintmaps_pricing_table_script\").remove();\n\t\t});\n\t})();\n<\/script>\n\n\n<div style=\"height:22px\" aria-hidden=\"true\" class=\"wp-block-spacer\"><\/div>\n\n<figure class=\"wp-block-gallery has-nested-images columns-7 wp-block-gallery-1 is-layout-flex wp-block-gallery-is-layout-flex\">\n<figure class=\"wp-block-image size-large is-style-default\"><img decoding=\"async\" width=\"150\" height=\"30\" data-id=\"220619\" src=\"https:\/\/www.printmaps.net\/wp-content\/uploads\/2025\/10\/visa.svg\" alt=\"VISA\" class=\"wp-image-220619\"\/><\/figure>\n\n\n\n<figure class=\"wp-block-image size-large\"><img decoding=\"async\" width=\"150\" height=\"30\" data-id=\"220620\" src=\"https:\/\/www.printmaps.net\/wp-content\/uploads\/2025\/10\/mastercard.svg\" alt=\"Mastercard\" class=\"wp-image-220620\"\/><\/figure>\n\n\n\n<figure class=\"wp-block-image size-large\"><img decoding=\"async\" width=\"150\" height=\"30\" data-id=\"220623\" src=\"https:\/\/www.printmaps.net\/wp-content\/uploads\/2025\/10\/amex.svg\" alt=\"American Express\" class=\"wp-image-220623\"\/><\/figure>\n\n\n\n<figure class=\"wp-block-image size-large\"><img loading=\"lazy\" loading=\"lazy\" decoding=\"async\" width=\"150\" height=\"30\" data-id=\"220624\" src=\"https:\/\/www.printmaps.net\/wp-content\/uploads\/2025\/10\/applepay.svg\" alt=\"Apple Pay\" class=\"wp-image-220624\"\/><\/figure>\n\n\n\n<figure class=\"wp-block-image size-large\"><img loading=\"lazy\" loading=\"lazy\" decoding=\"async\" width=\"150\" height=\"30\" data-id=\"220625\" src=\"https:\/\/www.printmaps.net\/wp-content\/uploads\/2025\/10\/googlepay.svg\" alt=\"Google Pay\" class=\"wp-image-220625\"\/><\/figure>\n\n\n\n<figure class=\"wp-block-image size-large\"><img loading=\"lazy\" loading=\"lazy\" decoding=\"async\" width=\"150\" height=\"30\" data-id=\"220668\" src=\"https:\/\/www.printmaps.net\/wp-content\/uploads\/2025\/10\/paypal.svg\" alt=\"Paypal\" class=\"wp-image-220668\"\/><\/figure>\n<\/figure>\n\n<div style=\"height:31px\" aria-hidden=\"true\" class=\"wp-block-spacer\"><\/div>\n\n<p class=\"has-text-align-center has-small-font-size\">Sie erhalten automatisch eine Rechnung, mit der Ihr Buchhalter zufrieden sein wird. Kontaktieren Sie uns f\u00fcr Abonnementoptionen.<\/p>\n\n<div style=\"height:55px\" aria-hidden=\"true\" class=\"wp-block-spacer\"><\/div>\n\n<div class=\"wp-block-buttons is-content-justification-center is-layout-flex wp-container-core-buttons-is-layout-16018d1d wp-block-buttons-is-layout-flex\">\n<div class=\"wp-block-button has-custom-font-size\" style=\"font-size:18px\"><a class=\"wp-block-button__link has-background wp-element-button\" href=\"https:\/\/www.printmaps.net\/de\/\" style=\"border-radius:10px;background-color:#e5017e\"><p><strong>Fangen Sie jetzt an zu kartieren, keine Anmeldung erforderlich<\/strong><\/p><\/a><\/div>\n<\/div>\n\n<div style=\"height:23px\" aria-hidden=\"true\" class=\"wp-block-spacer\"><\/div>\n\n<p class=\"has-text-align-center\">Dateiformat und Lizenz k\u00f6nnen Sie beim Checkout w\u00e4hlen.<\/p>\n\n<div style=\"height:55px\" aria-hidden=\"true\" class=\"wp-block-spacer\"><\/div>\n\n<p><p><strong>100% Zufriedenheitsgarantie<\/strong>: R\u00fcckerstattung innerhalb von 30-Tagen.<\/p><\/p>\n\n<p><p><strong>Bezahlung<\/strong>: Alle g\u00e4ngigen Kreditkarten, PayPal, Apple Pay, Google Pay, Venmo sowie Bank\u00fcberweisung in ausgew\u00e4hlten L\u00e4ndern.<\/p><\/p>\n\n<p><p><b>Unternehmen<\/b>: Bitte\u00a0<a href=\"https:\/\/support.printmaps.net\/de\/support\/tickets\/new\">kontaktieren Sie uns<\/a> f\u00fcr einen Jahres-Pauschalpreis, Mengenrabatte oder Zugang zur <a href=\"https:\/\/www.maptoolkit.com\/api\/printmaps\/\">Printmaps API<\/a>, falls sie regelm\u00e4\u00dfig druckf\u00e4hige Karten ben\u00f6tigen.<\/p><\/p>\n\n<p><p><b>NGO-Angebot<\/b>: Wir bieten\u00a0<a href=\"https:\/\/www.printmaps.net\/de\/kostenlose-druckfahige-landkarten\/\">kostenlose druckf\u00e4hige Karten<\/a> f\u00fcr ausgew\u00e4hlte NGOs\u00a0im Bereich der Entwicklungshilfe, Wissenschaft, Bildung und Gesundheit. Kontaktieren Sie uns mit einer Beschreibung Ihrer Organisation und ihren Druckprojekten.<\/p><\/p>\n\n<div style=\"height:118px\" aria-hidden=\"true\" class=\"wp-block-spacer\"><\/div>\n","protected":false},"excerpt":{"rendered":"<p>Sie erhalten automatisch eine Rechnung, mit der Ihr Buchhalter zufrieden sein wird. Kontaktieren Sie uns f\u00fcr Abonnementoptionen. Dateiformat und Lizenz k\u00f6nnen Sie beim Checkout w\u00e4hlen. 100% Zufriedenheitsgarantie: R\u00fcckerstattung innerhalb von 30-Tagen. Bezahlung: Alle g\u00e4ngigen Kreditkarten, PayPal, Apple Pay, Google Pay, Venmo sowie Bank\u00fcberweisung in ausgew\u00e4hlten L\u00e4ndern. Unternehmen: Bitte\u00a0kontaktieren Sie uns f\u00fcr einen Jahres-Pauschalpreis, Mengenrabatte oder [&hellip;]<\/p>\n","protected":false},"author":8,"featured_media":0,"parent":0,"menu_order":0,"comment_status":"closed","ping_status":"closed","template":"","meta":{"_et_pb_use_builder":"off","_et_pb_old_content":"","_et_gb_content_width":"","footnotes":""},"class_list":["post-109427","page","type-page","status-publish","hentry"],"_links":{"self":[{"href":"https:\/\/www.printmaps.net\/de\/wp-json\/wp\/v2\/pages\/109427","targetHints":{"allow":["GET"]}}],"collection":[{"href":"https:\/\/www.printmaps.net\/de\/wp-json\/wp\/v2\/pages"}],"about":[{"href":"https:\/\/www.printmaps.net\/de\/wp-json\/wp\/v2\/types\/page"}],"author":[{"embeddable":true,"href":"https:\/\/www.printmaps.net\/de\/wp-json\/wp\/v2\/users\/8"}],"replies":[{"embeddable":true,"href":"https:\/\/www.printmaps.net\/de\/wp-json\/wp\/v2\/comments?post=109427"}],"version-history":[{"count":15,"href":"https:\/\/www.printmaps.net\/de\/wp-json\/wp\/v2\/pages\/109427\/revisions"}],"predecessor-version":[{"id":222054,"href":"https:\/\/www.printmaps.net\/de\/wp-json\/wp\/v2\/pages\/109427\/revisions\/222054"}],"wp:attachment":[{"href":"https:\/\/www.printmaps.net\/de\/wp-json\/wp\/v2\/media?parent=109427"}],"curies":[{"name":"wp","href":"https:\/\/api.w.org\/{rel}","templated":true}]}}