{"id":164494,"date":"2024-02-23T13:13:41","date_gmt":"2024-02-23T12:13:41","guid":{"rendered":"https:\/\/www.printmaps.net\/karte-mit-pins-erstellen\/"},"modified":"2025-10-23T14:51:43","modified_gmt":"2025-10-23T13:51:43","slug":"karte-mit-pins-erstellen","status":"publish","type":"page","link":"https:\/\/www.printmaps.net\/de\/karte-mit-pins-erstellen\/","title":{"rendered":"Erstellen Sie ganz einfach eine Karte mit Pins mit dem Printmaps-Editor"},"content":{"rendered":"\n<div class=\"wp-block-columns is-layout-flex wp-container-core-columns-is-layout-9d6595d7 wp-block-columns-is-layout-flex\">\n<div class=\"wp-block-column is-layout-flow wp-block-column-is-layout-flow\" style=\"flex-basis:66.66%\"><div class=\"wp-block-image\">\n<figure class=\"alignright size-large is-resized\"><img fetchpriority=\"high\" fetchpriority=\"high\" decoding=\"async\" width=\"1024\" height=\"722\" src=\"https:\/\/www.printmaps.net\/wp-content\/uploads\/2020\/04\/Create-map-with-pins-1-1024x722.png\" alt=\"karte mit pins\" class=\"wp-image-60669\" style=\"width:621px\" srcset=\"https:\/\/www.printmaps.net\/wp-content\/uploads\/2020\/04\/Create-map-with-pins-1-980x691.png 980w, https:\/\/www.printmaps.net\/wp-content\/uploads\/2020\/04\/Create-map-with-pins-1-480x339.png 480w\" sizes=\"(min-width: 0px) and (max-width: 480px) 480px, (min-width: 481px) and (max-width: 980px) 980px, (min-width: 981px) 1024px, 100vw\" \/><\/figure><\/div><\/div>\n\n\n\n<div class=\"wp-block-column is-layout-flow wp-block-column-is-layout-flow\" style=\"flex-basis:33.33%\">\n<p>Das Markieren von Interessenspunkten, um eine Karte mit Pins zu erstellen, kann zeitaufw\u00e4ndig sein und das Ergebnis ist manchmal entt\u00e4uschend. Die Bearbeitung von Bildschirmfotos kann Probleme mit der Qualit\u00e4t des Bildes verursachen, wenn es im Web oder gedruckt verwendet wird, wobei Sie einfach nur m\u00fchelos diese Interessenspunkte an ihrem genauen Standort markieren m\u00f6chten, die zeitliche Reihenfolge einer Route anzeigen und die Pins mit geeigneten Markierungen und Beschriftungen versehen m\u00f6chten.<\/p>\n\n\n\n<p>Der Printmaps Editor macht es m\u00f6glich.<\/p>\n\n\n\n<div class=\"wp-block-buttons is-content-justification-center is-layout-flex wp-container-core-buttons-is-layout-16018d1d wp-block-buttons-is-layout-flex\">\n<div class=\"wp-block-button has-custom-font-size\" style=\"font-size:18px\"><a class=\"wp-block-button__link has-background wp-element-button\" href=\"https:\/\/www.printmaps.net\/de\/\" style=\"border-radius:10px;background-color:#e5017e\"><p><strong>Fangen Sie jetzt an zu kartieren, keine Anmeldung erforderlich<\/strong><\/p><\/a><\/div>\n<\/div>\n<\/div>\n<\/div>\n\n<div style=\"height:68px\" aria-hidden=\"true\" class=\"wp-block-spacer\"><\/div>\n\n<div class=\"wp-block-columns is-layout-flex wp-container-core-columns-is-layout-9d6595d7 wp-block-columns-is-layout-flex\">\n<div class=\"wp-block-column is-layout-flow wp-block-column-is-layout-flow\" style=\"flex-basis:33.33%\">\n<h3 class=\"wp-block-heading\" id=\"mark-your-business-locations-on-the-map-with-pins\">Kennzeichnen Sie Ihre Gesch\u00e4ftsstandorte auf der Karte mit Pins.<\/h3>\n\n\n\n<p><p>Der Editor ist \u00e4u\u00dferst n\u00fctzlich f\u00fcr Unternehmen, die\u00a0<a href=\"\/de\/karte-mit-mehreren-standorten-drucken\/\">mehrere Standorte oder Gesch\u00e4fte auf einer hochaufl\u00f6senden Karte markieren m\u00f6chten<\/a>\u00a0, die gedruckt oder online verwendet werden soll. Der Editor erm\u00f6glicht es, die Adressen in einen Massengeokodierungs-Uploader zu kopieren, und sie werden alle in ihre geografischen Koordinaten umgewandelt. Auf diese Weise werden die Gesch\u00e4ftsstandorte auf der Karte mit Ihren eigenen, individuellen oder einem der standardm\u00e4\u00dfigen beschrifteten Markern angezeigt. \u00a0<\/p><\/p>\n<\/div>\n\n\n\n<div class=\"wp-block-column is-layout-flow wp-block-column-is-layout-flow\" style=\"flex-basis:66.66%\"><div class=\"wp-block-image\">\n<figure class=\"alignleft size-full\"><img decoding=\"async\" width=\"621\" height=\"438\" src=\"https:\/\/www.printmaps.net\/wp-content\/uploads\/2020\/04\/Map-with-pins.png\" alt=\"Karte mit Pins erstellen\" class=\"wp-image-60641\" srcset=\"https:\/\/www.printmaps.net\/wp-content\/uploads\/2020\/04\/Map-with-pins.png 621w, https:\/\/www.printmaps.net\/wp-content\/uploads\/2020\/04\/Map-with-pins-480x339.png 480w\" sizes=\"(min-width: 0px) and (max-width: 480px) 480px, (min-width: 481px) 621px, 100vw\" \/><\/figure><\/div><\/div>\n<\/div>\n\n<div style=\"height:56px\" aria-hidden=\"true\" class=\"wp-block-spacer\"><\/div>\n\n<div class=\"wp-block-columns is-layout-flex wp-container-core-columns-is-layout-9d6595d7 wp-block-columns-is-layout-flex\">\n<div class=\"wp-block-column is-layout-flow wp-block-column-is-layout-flow\" style=\"flex-basis:66.66%\"><div class=\"wp-block-image\">\n<figure class=\"alignright size-large is-resized\"><img decoding=\"async\" width=\"1024\" height=\"722\" src=\"https:\/\/www.printmaps.net\/wp-content\/uploads\/2020\/04\/Create-map-with-pins-2-1024x722.png\" alt=\"Eine Karte mit Pins erstellen\" class=\"wp-image-60689\" style=\"width:621px\" srcset=\"https:\/\/www.printmaps.net\/wp-content\/uploads\/2020\/04\/Create-map-with-pins-2-980x691.png 980w, https:\/\/www.printmaps.net\/wp-content\/uploads\/2020\/04\/Create-map-with-pins-2-480x339.png 480w\" sizes=\"(min-width: 0px) and (max-width: 480px) 480px, (min-width: 481px) and (max-width: 980px) 980px, (min-width: 981px) 1024px, 100vw\" \/><\/figure><\/div><\/div>\n\n\n\n<div class=\"wp-block-column is-layout-flow wp-block-column-is-layout-flow\" style=\"flex-basis:33.33%\">\n<h3 class=\"wp-block-heading\" id=\"mark-routes-on-existing-roads\">Routen auf vorhandenen Stra\u00dfen markieren<\/h3>\n\n\n\n<p><p>Unsere Kunden <a href=\"\/de\/routenkarte-erstellen\/\">erstellen Routenkarten<\/a> mit Markierungen um Wanderungen, Fahrradrouten oder einfach nur Wegbeschreibungen zu pr\u00e4sentieren. Zeichnen Sie ganz einfach Linien auf den vorhandenen Stra\u00dfen, Rad- und Wanderwegen. Mit der Option, die Interessenspunkte mit Zahlen zu kennzeichnen, wird es einfach, die Richtung der Route zu zeigen.<\/p><\/p>\n\n\n\n<p><p>Erfahren Sie mehr dar\u00fcber, <a href=\"https:\/\/www.printmaps.net\/de\/funktionen\/\">wie der Editor funktioniert<\/a>\u00a0und welche Funktionen er bietet.<\/p><\/p>\n<\/div>\n<\/div>\n\n<div style=\"height:66px\" aria-hidden=\"true\" class=\"wp-block-spacer\"><\/div>\n\n<div class=\"wp-block-columns is-layout-flex wp-container-core-columns-is-layout-9d6595d7 wp-block-columns-is-layout-flex\">\n<div class=\"wp-block-column is-layout-flow wp-block-column-is-layout-flow\" style=\"flex-basis:33.33%\">\n<h3 class=\"wp-block-heading\" id=\"create-a-travel-map-for-your-photobook\">Erstellen Sie eine Reisekarte f\u00fcr Ihr Fotobuch<\/h3>\n\n\n\n<p><p>Markieren Sie die genauen Orte, die Sie w\u00e4hrend dieser unvergesslichen Reise besucht haben. Sie k\u00f6nnen Ihre Points of Interest mit Punkten, Quadraten oder einer der Standardformen im Editor markieren. Oder zeigen Sie das Label ohne umgebenden Marker an, wie ein Flugzeug oder eine F\u00e4hre. Markieren Sie Ihre Lieblingsrestaurants, Wanderungen oder Str\u00e4nde. Mit den verschiedenen Kartenstilen und der Option, farbige L\u00e4nderformen hinzuzuf\u00fcgen, k\u00f6nnen Sie ganz einfach Ihre eigene individuelle <a href=\"\/de\/reisekarte-fotobuch\/\">Reisekarte f\u00fcr Ihr Fotobuch erstellen<\/a>.<\/p><\/p>\n<\/div>\n\n\n\n<div class=\"wp-block-column is-layout-flow wp-block-column-is-layout-flow\" style=\"flex-basis:66.66%\">\n<figure class=\"wp-block-image size-large is-resized\"><img loading=\"lazy\" loading=\"lazy\" decoding=\"async\" width=\"1024\" height=\"722\" src=\"https:\/\/www.printmaps.net\/wp-content\/uploads\/2020\/10\/Create-map-with-pins-1-1024x722.png\" alt=\"\" class=\"wp-image-70246\" style=\"width:621px\" srcset=\"https:\/\/www.printmaps.net\/wp-content\/uploads\/2020\/10\/Create-map-with-pins-1-980x691.png 980w, https:\/\/www.printmaps.net\/wp-content\/uploads\/2020\/10\/Create-map-with-pins-1-480x338.png 480w\" sizes=\"auto, (min-width: 0px) and (max-width: 480px) 480px, (min-width: 481px) and (max-width: 980px) 980px, (min-width: 981px) 1024px, 100vw\" \/><\/figure><\/div>\n<\/div>\n\n<div class=\"wp-block-group\"><div class=\"wp-block-group__inner-container is-layout-constrained wp-block-group-is-layout-constrained\">\n<div style=\"height:130px\" aria-hidden=\"true\" class=\"wp-block-spacer\"><\/div>\n\n\n\n<h2 class=\"wp-block-heading has-x-large-font-size\" style=\"font-style:normal;font-weight:700\">Brauchen Sie noch immer Hilfe? Senden Sie uns eine Nachricht!<\/h2>\n\n\n\n<p style=\"font-size:22px\"><p><a href=\"https:\/\/support.printmaps.net\/de\/support\/tickets\/new\">Senden Sie uns ein Ticket \u00fcber unsere Support-Plattform<\/a><\/p><\/p>\n\n\n\n<div style=\"height:150px\" aria-hidden=\"true\" class=\"wp-block-spacer\"><\/div>\n<\/div><\/div>\n\n<div style=\"height:80px\" aria-hidden=\"true\" class=\"wp-block-spacer\"><\/div>\n\n<h3 class=\"wp-block-heading\">FAQ<\/h3>\n\n<div class=\"schema-faq wp-block-yoast-faq-block\"><div class=\"schema-faq-section\" id=\"faq-question-1757925419641\"><strong class=\"schema-faq-question\"><strong>Kann ich Koordinaten anstelle von Adressen importieren?<\/strong><\/strong> <p class=\"schema-faq-answer\"><p>Ja. Sie k\u00f6nnen <a href=\"https:\/\/support.printmaps.net\/de\/support\/solutions\/articles\/204000000551-ich-habe-eine-excel-liste-mit-adressen-kann-ich-diese-in-punkte-auf-der-karte-umwandeln-\">dezimale L\u00e4ngen- und Breitengrade direkt in den Tabellen-Import einf\u00fcgen<\/a>. Jedes Element wird beim Herunterladen als SVG oder PSD zu einer separaten, benannten Ebene.<\/p><\/p> <\/div> <div class=\"schema-faq-section\" id=\"faq-question-1757942421299\"><strong class=\"schema-faq-question\">Kann ich die Pins im Editor gestalten?<\/strong> <p class=\"schema-faq-answer\">Ja, das k\u00f6nnen Sie. Wir bieten verschiedene Formen f\u00fcr die \u00e4u\u00dfere und innere Form, und die Farben k\u00f6nnen frei gew\u00e4hlt werden. Unter den inneren Formen gibt es viele Symbole, mit denen Sie das Thema des markierten Ortes darstellen k\u00f6nnen, z. B. ein Einkaufskorb f\u00fcr einen Supermarkt oder eine laufende Figur f\u00fcr ein Sportzentrum.<\/p> <\/div> <div class=\"schema-faq-section\" id=\"faq-question-1757942575893\"><strong class=\"schema-faq-question\">Kann ich Pins durch Hochladen einer Datei importieren?<\/strong> <p class=\"schema-faq-answer\">Ja. Sie k\u00f6nnen GPX-, KML- oder GeoJSON-Dateien in unseren Editor hochladen. Diese Dateien k\u00f6nnen Routen, Pins oder Formen enthalten und werden sofort in die Karte importiert. Alle Elemente lassen sich danach individuell gestalten, genau wie manuell hinzugef\u00fcgte Pins.<\/p> <\/div> <div class=\"schema-faq-section\" id=\"faq-question-1757943989629\"><strong class=\"schema-faq-question\">Kann die Karte geneigt oder gedreht werden?<\/strong> <p class=\"schema-faq-answer\">Ja. Sie k\u00f6nnen den Neigungs- oder Rotationswinkel links oben im Editor einstellen. Beachten Sie jedoch, dass geneigte oder gedrehte Karten aus technischen Gr\u00fcnden nicht als SVG verf\u00fcgbar sind.<\/p> <\/div> <div class=\"schema-faq-section\" id=\"faq-question-1757944170878\"><strong class=\"schema-faq-question\"><strong>Welches Exportformat sollte ich f\u00fcr Druck und Web verwenden?<\/strong><\/strong> <p class=\"schema-faq-answer\">PNG-Dateien sind ausreichend f\u00fcr Web und Druck, sofern keine umfangreiche Nachbearbeitung erforderlich ist und beim Druck keine Gr\u00f6\u00dfe \u00fcber 22 cm \u00d7 22 cm vorgesehen ist. Wenn Sie Ihre Karte umfassend personalisieren oder gr\u00f6\u00dfer drucken m\u00f6chten, sind PSD und SVG die bessere Wahl.<\/p> <\/div> <div class=\"schema-faq-section\" id=\"faq-question-1757945617450\"><strong class=\"schema-faq-question\">Kann ich eine Beschriftung auf der Karte ohne Pin platzieren?<\/strong> <p class=\"schema-faq-answer\">Ja. Machen Sie dazu einfach die Farben der \u00e4u\u00dferen und inneren Pin-Form transparent.<\/p> <\/div> <\/div>\n\n<div style=\"height:66px\" aria-hidden=\"true\" class=\"wp-block-spacer\"><\/div>\n","protected":false},"excerpt":{"rendered":"<p>Das Markieren von Interessenspunkten, um eine Karte mit Pins zu erstellen, kann zeitaufw\u00e4ndig sein und das Ergebnis ist manchmal entt\u00e4uschend. Die Bearbeitung von Bildschirmfotos kann Probleme mit der Qualit\u00e4t des Bildes verursachen, wenn es im Web oder gedruckt verwendet wird, wobei Sie einfach nur m\u00fchelos diese Interessenspunkte an ihrem genauen Standort markieren m\u00f6chten, die zeitliche [&hellip;]<\/p>\n","protected":false},"author":8,"featured_media":0,"parent":0,"menu_order":0,"comment_status":"closed","ping_status":"closed","template":"","meta":{"_et_pb_use_builder":"","_et_pb_old_content":"","_et_gb_content_width":"","footnotes":""},"class_list":["post-164494","page","type-page","status-publish","hentry"],"_links":{"self":[{"href":"https:\/\/www.printmaps.net\/de\/wp-json\/wp\/v2\/pages\/164494","targetHints":{"allow":["GET"]}}],"collection":[{"href":"https:\/\/www.printmaps.net\/de\/wp-json\/wp\/v2\/pages"}],"about":[{"href":"https:\/\/www.printmaps.net\/de\/wp-json\/wp\/v2\/types\/page"}],"author":[{"embeddable":true,"href":"https:\/\/www.printmaps.net\/de\/wp-json\/wp\/v2\/users\/8"}],"replies":[{"embeddable":true,"href":"https:\/\/www.printmaps.net\/de\/wp-json\/wp\/v2\/comments?post=164494"}],"version-history":[{"count":7,"href":"https:\/\/www.printmaps.net\/de\/wp-json\/wp\/v2\/pages\/164494\/revisions"}],"predecessor-version":[{"id":221971,"href":"https:\/\/www.printmaps.net\/de\/wp-json\/wp\/v2\/pages\/164494\/revisions\/221971"}],"wp:attachment":[{"href":"https:\/\/www.printmaps.net\/de\/wp-json\/wp\/v2\/media?parent=164494"}],"curies":[{"name":"wp","href":"https:\/\/api.w.org\/{rel}","templated":true}]}}