{"id":164497,"date":"2024-02-23T13:54:45","date_gmt":"2024-02-23T12:54:45","guid":{"rendered":"https:\/\/www.printmaps.net\/immobilien-flyer\/"},"modified":"2025-10-24T10:19:02","modified_gmt":"2025-10-24T09:19:02","slug":"immobilien-flyer","status":"publish","type":"page","link":"https:\/\/www.printmaps.net\/de\/immobilien-flyer\/","title":{"rendered":"Immobilienkarten f\u00fcr Ihre Flyer und Expos\u00e9s"},"content":{"rendered":"\n<div style=\"height:32px\" aria-hidden=\"true\" class=\"wp-block-spacer\"><\/div>\n<div class=\"wp-block-image\">\n<figure class=\"alignleft size-large is-resized\"><img fetchpriority=\"high\" fetchpriority=\"high\" decoding=\"async\" width=\"1024\" height=\"729\" src=\"https:\/\/www.printmaps.net\/wp-content\/uploads\/2020\/05\/images2-1-1024x729.png\" alt=\"immobilien-flyer\" class=\"wp-image-63048\" style=\"width:680px;height:484px\" srcset=\"https:\/\/www.printmaps.net\/wp-content\/uploads\/2020\/05\/images2-1-1024x729.png 1024w, https:\/\/www.printmaps.net\/wp-content\/uploads\/2020\/05\/images2-1-980x698.png 980w, https:\/\/www.printmaps.net\/wp-content\/uploads\/2020\/05\/images2-1-480x342.png 480w\" sizes=\"(min-width: 0px) and (max-width: 480px) 480px, (min-width: 481px) and (max-width: 980px) 980px, (min-width: 981px) 1024px, 100vw\" \/><\/figure><\/div>\n<p><p>Die effektivsten <strong>Immobilien-Flyer<\/strong> enthalten oft sorgf\u00e4ltig gestaltete <strong>Immobilienkarten<\/strong>. Ob Sie ein erfahrener Immobilienmakler sind, der den Verkauf ankurbeln m\u00f6chte, oder ein Grafikdesigner, der sich auf <strong>Immobilienmarketing<\/strong> spezialisiert hat, Ihr Ziel ist es, ansprechende <strong>Expos\u00e9s<\/strong> und <strong>Flyer<\/strong> zu erstellen, die sowohl potenzielle K\u00e4ufer anziehen als auch informieren. Hier kommt Printmaps ins Spiel. Unser Karteneditor erm\u00f6glicht es Ihnen, Karten m\u00fchelos anzupassen und damit Ihre Einladungen zu Besichtigungsterminen, Marktberichte, k\u00fcrzlich verkaufte Immobilien und neue Immobilienanzeigen zu bereichern.<\/p><\/p>\n\n<p><p>Entdecken Sie die <a href=\"\/de\/funktionen\">umfangreichen Funktionen des Printmaps-Editors<\/a>, um das volle Potenzial f\u00fcr Ihre Immobilienmarketing-Bem\u00fchungen auszusch\u00f6pfen!<\/p><\/p>\n\n<div class=\"wp-block-buttons is-content-justification-center is-layout-flex wp-container-core-buttons-is-layout-16018d1d wp-block-buttons-is-layout-flex\">\n<div class=\"wp-block-button has-custom-font-size\" style=\"font-size:18px\"><a class=\"wp-block-button__link has-background wp-element-button\" href=\"https:\/\/www.printmaps.net\/de\/\" style=\"border-radius:10px;background-color:#e5017e\"><p><strong>Fangen Sie jetzt an zu kartieren, keine Anmeldung erforderlich<\/strong><\/p><\/a><\/div>\n<\/div>\n\n<div style=\"height:54px\" aria-hidden=\"true\" class=\"wp-block-spacer\"><\/div>\n\n<h2 class=\"wp-block-heading\">Die Rolle von Karten in Immobilien-Flyern<\/h2>\n\n<p><p>In der heutigen Immobilienbranche bleiben Flyer und <strong>Expos\u00e9s<\/strong> wirkungsvolle Werkzeuge, um Besichtigungen, Marktberichte und vergangene Verk\u00e4ufe zu pr\u00e4sentieren. Sie bieten eine erstklassige Gelegenheit, Ihre Marke direkt durch hochwertige Fotos, eine konsistente Verwendung der Markenfarben und insbesondere durch personalisierte <strong>Immobilienkarten<\/strong> darzustellen.<\/p><\/p>\n\n<p><p>Mit Printmaps k\u00f6nnen Sie <strong>hochaufl\u00f6sende Karten<\/strong> von jedem Standort mit 300 dpi herunterladen und wichtige Sehensw\u00fcrdigkeiten in den umliegenden Stadtvierteln einf\u00fcgen. So bleibt die Qualit\u00e4t der Karten auch beim Druck f\u00fcr Ihre <strong>Immobilien-Flyer<\/strong> oder <strong>Expos\u00e9s<\/strong> stets erhalten.<\/p><\/p>\n\n<h2 class=\"wp-block-heading\">Beispiele f\u00fcr Immobilien-Flyer mit Karten<\/h2>\n<div class=\"wp-block-image\">\n<figure class=\"aligncenter size-large\"><img decoding=\"async\" width=\"1024\" height=\"458\" src=\"https:\/\/www.printmaps.net\/wp-content\/uploads\/2020\/05\/images-1024x458.png\" alt=\"Immobilien-Karten\" class=\"wp-image-63047\" srcset=\"https:\/\/www.printmaps.net\/wp-content\/uploads\/2020\/05\/images-980x439.png 980w, https:\/\/www.printmaps.net\/wp-content\/uploads\/2020\/05\/images-480x215.png 480w\" sizes=\"(min-width: 0px) and (max-width: 480px) 480px, (min-width: 481px) and (max-width: 980px) 980px, (min-width: 981px) 1024px, 100vw\" \/><\/figure><\/div>\n<p><p>F\u00fcr Immobilienflyer, Brosch\u00fcren oder Objektbeschreibungen ist es entscheidend, dass die Kartengrafiken eine hohe Aufl\u00f6sung haben. Dies gew\u00e4hrleistet Klarheit und verhindert das Drucken von verpixelten Karten. <a href=\"https:\/\/www.zillow.com\/blog\/15-words-that-add-value-171182\/\" target=\"_blank\" rel=\"noreferrer noopener\">Bei der Optimierung Ihrer Immobilienflyer<\/a> kann der strategische Einsatz von Worten wie &#8222;luxuri\u00f6s&#8220; die Verkaufspreise signifikant erh\u00f6hen. Nat\u00fcrlich m\u00f6chten Sie den Wert Ihrer Luxusimmobilienflyer nicht durch Bilder minderer Qualit\u00e4t beeintr\u00e4chtigen.<\/p><\/p>\n\n<div style=\"height:44px\" aria-hidden=\"true\" class=\"wp-block-spacer\"><\/div>\n<div class=\"wp-block-image\">\n<figure class=\"alignleft size-large is-resized\"><img decoding=\"async\" width=\"1024\" height=\"665\" src=\"https:\/\/www.printmaps.net\/wp-content\/uploads\/2020\/05\/Real-Estate-Flyers-1024x665.png\" alt=\"Immobilien-Karten\" class=\"wp-image-63054\" style=\"width:617px;height:401px\" srcset=\"https:\/\/www.printmaps.net\/wp-content\/uploads\/2020\/05\/Real-Estate-Flyers-980x636.png 980w, https:\/\/www.printmaps.net\/wp-content\/uploads\/2020\/05\/Real-Estate-Flyers-480x312.png 480w\" sizes=\"(min-width: 0px) and (max-width: 480px) 480px, (min-width: 481px) and (max-width: 980px) 980px, (min-width: 981px) 1024px, 100vw\" \/><\/figure><\/div>\n<h3 class=\"wp-block-heading\">Die Wichtigkeit von Karten in Immobilien-Flyers<\/h3>\n\n<p><p>Immobilienkarten sind ein unverzichtbarer Bestandteil des Immobilienmarketings. Menschen, die auf der Suche nach einem neuen Zuhause sind, sind neugierig darauf, die Umgebung ihres potenziellen neuen Hauses kennenzulernen. Beispiele daf\u00fcr, was sie wissen m\u00f6chten, sind: Gibt es eine gute <strong>Schule<\/strong> in der N\u00e4he, wo ihre Kinder hingehen k\u00f6nnen, einen <strong>Park<\/strong>, in dem sie ihren Hund spazieren f\u00fchren k\u00f6nnen, und welche <strong>Restaurants<\/strong> gibt es in der Nachbarschaft? Wo ist das n\u00e4chste Krankenhaus? Wie ist das Stra\u00dfennetz? K\u00f6nnen sie leicht zu ihrer Arbeit gelangen? Wenn Sie gro\u00dfartige Immobilien-Flyer erstellen m\u00f6chten, ist es sehr wichtig, die Umgebung zu kartieren.<\/p><\/p>\n\n<p><\/p>\n\n<div style=\"height:44px\" aria-hidden=\"true\" class=\"wp-block-spacer\"><\/div>\n\n<h3 class=\"wp-block-heading\">Unendliche Kreativit\u00e4t beim Bearbeiten in Illustrator oder Photoshop<\/h3>\n\n<p><p>Wenn Sie wirklich au\u00dfergew\u00f6hnliche und aufmerksamkeitsstarke Immobilienflyer kreieren m\u00f6chten, reicht es nicht aus, sich f\u00fcr ein Standardformat zu entscheiden, das auch von Ihren Mitbewerbern verwendet wird. Wahrscheinlich verwenden Sie bereits Bearbeitungstools wie Illustrator oder Photoshop. Mit Printmaps k\u00f6nnen Sie m\u00fchelos eine geschichtete PSD- oder SVG-Datei herunterladen, die Sie dann in Illustrator oder Photoshop \u00f6ffnen k\u00f6nnen, um <strong>die Karte nach Ihren W\u00fcnschen anzupassen<\/strong>.<\/p><\/p>\n\n<p>Wenn Sie mit diesen Programmen nicht vertraut sind, aber dennoch ein einfaches, elegantes Karten-Design w\u00fcnschen, ist Printmaps die richtige Wahl f\u00fcr Sie. Sie k\u00f6nnen die Karte direkt im Printmaps-Editor fertigstellen und als PNG herunterladen. Integrieren Sie dies in Ihren Immobilien-Quartierflyer und beobachten Sie, wie es unz\u00e4hlige potenzielle K\u00e4ufer bezaubert, ihr Interesse weckt und ihre Bewunderung hervorruft.<\/p>\n<div class=\"wp-block-image\">\n<figure class=\"aligncenter size-large\"><img decoding=\"async\" src=\"https:\/\/www.printmaps.net\/wp-content\/uploads\/2020\/06\/layered-map-in-illustrator.png\" alt=\"mehrschichtige Karte\" class=\"wp-image-64211\"\/><\/figure><\/div>\n<div style=\"height:51px\" aria-hidden=\"true\" class=\"wp-block-spacer\"><\/div>\n\n<div class=\"wp-block-group\"><div class=\"wp-block-group__inner-container is-layout-constrained wp-block-group-is-layout-constrained\">\n<h2 class=\"wp-block-heading has-text-align-center has-large-font-size\" style=\"font-style:normal;font-weight:700\">Probieren Sie Printmaps<\/h2>\n\n\n\n<p class=\"has-text-align-center has-medium-font-size\">Mit unserem\u00a0Karteneditor k\u00f6nnen Sie in k\u00fcrzester Zeit weltweit druckbare Karten erstellen.<\/p>\n\n\n\n<div style=\"height:15px\" aria-hidden=\"true\" class=\"wp-block-spacer\"><\/div>\n\n\n\n<div class=\"wp-block-buttons is-content-justification-center is-layout-flex wp-container-core-buttons-is-layout-16018d1d wp-block-buttons-is-layout-flex\">\n<div class=\"wp-block-button has-custom-font-size\" style=\"font-size:18px\"><a class=\"wp-block-button__link has-background wp-element-button\" href=\"https:\/\/www.printmaps.net\/de\/\" style=\"border-radius:10px;background-color:#e5017e\"><p><strong>Erstellen Sie Ihre erste Karte<\/strong><\/p><\/a><\/div>\n<\/div>\n<\/div><\/div>\n<div class=\"wp-block-image\">\n<figure class=\"alignright size-large is-resized\"><img decoding=\"async\" src=\"https:\/\/www.printmaps.net\/wp-content\/uploads\/2020\/05\/Real-Estate-expose2-1024x746.png\" alt=\"\" class=\"wp-image-63051\" style=\"width:667px;height:486px\"\/><\/figure><\/div>\n<p><p>W\u00e4hrend gedruckte Ressourcen ein wichtiges Instrument f\u00fcr das Immobilienmarketing bleiben, beinhalten moderne Strategien oft eine Kombination von Ans\u00e4tzen. Insbesondere <strong>E-Mail-Marketing<\/strong> kann sich als \u00e4u\u00dferst effektiv erweisen, um Kundenbeziehungen innerhalb der Immobilienbranche zu pflegen. Zum Beispiel bietet es sich an, nachdem ein potenzieller K\u00e4ufer eines Ihrer offenen H\u00e4user besucht hat, mit einem Newsletter nachzufassen. Dadurch er\u00f6ffnet sich eine hervorragende Gelegenheit, andere verf\u00fcgbare Immobilien in derselben Nachbarschaft vorzustellen.<\/p><\/p>\n\n<p>Die Verbesserung Ihrer Newsletter mit hochwertigen Immobilienkarten verleiht ihnen eine zus\u00e4tzliche Ebene an Engagement und visuellem Reiz und pr\u00e4sentiert offene H\u00e4user, Angebote und die umliegenden Nachbarschaften effektiv.<\/p>\n\n<div style=\"height:100px\" aria-hidden=\"true\" class=\"wp-block-spacer\"><\/div>\n<div class=\"wp-block-image\">\n<figure class=\"alignleft size-large is-resized\"><img loading=\"lazy\" loading=\"lazy\" decoding=\"async\" width=\"1024\" height=\"665\" src=\"https:\/\/www.printmaps.net\/wp-content\/uploads\/2020\/05\/biking-route-map-1024x665.png\" alt=\"Erstelle eine Routenkarte\" class=\"wp-image-62793\" style=\"width:593px;height:385px\" srcset=\"https:\/\/www.printmaps.net\/wp-content\/uploads\/2020\/05\/biking-route-map-980x636.png 980w, https:\/\/www.printmaps.net\/wp-content\/uploads\/2020\/05\/biking-route-map-480x312.png 480w\" sizes=\"auto, (min-width: 0px) and (max-width: 480px) 480px, (min-width: 481px) and (max-width: 980px) 980px, (min-width: 981px) 1024px, 100vw\" \/><\/figure><\/div>\n<h3 class=\"wp-block-heading\">Verwenden Sie den Editor, um Wegbeschreibungen anzuzeigen.<\/h3>\n\n<p>Unser Routeneditor bietet mehr als nur die M\u00f6glichkeit, Routen freih\u00e4ndig zu zeichnen. Er verf\u00fcgt \u00fcber einen Assistenten, der magnetisch an bestehenden Stra\u00dfen haftet und es Ihnen erm\u00f6glicht, Routen innerhalb von Sekunden zu erstellen. Dieses innovative Tool pr\u00e4sentiert nicht nur Sehensw\u00fcrdigkeiten in der Nachbarschaft oder im Stra\u00dfennetz, um die Erreichbarkeit zu veranschaulichen, sondern erleichtert auch die Einbindung von Wegbeschreibungen in Immobilien-Flyer.<\/p>\n\n<p>Durch die Integration von Wegbeschreibungen in Ihre Flyer stellen Sie sicher, dass potenzielle K\u00e4ufer klare Anweisungen erhalten, wie sie Sie finden k\u00f6nnen. Dies verbessert ihr gesamtes Erlebnis und reduziert m\u00f6gliche Verwirrung.<\/p>\n\n<div style=\"height:100px\" aria-hidden=\"true\" class=\"wp-block-spacer\"><\/div>\n\n<p class=\"has-large-font-size\">Es ist, was Sie daraus machen<\/p>\n\n<p>Das Erstellen von druckbaren Karten f\u00fcr Herausgabe erfordert mehr als nur die Verwendung der richtigen Geowerkzeuge; es geht darum, Ihre eigenen Designs und Ideen zu nutzen. Mit Printmaps haben Sie vollst\u00e4ndige Flexibilit\u00e4t, sei es bei der Auswahl der Kartentypen oder bei der Auswahl der Funktionen, die in Ihre Karte aufgenommen werden sollen.<\/p>\n\n<p>Aber die Anpassungsf\u00e4higkeit endet hier nicht. Sobald Sie Ihre Karte erstellt und heruntergeladen haben, sind die M\u00f6glichkeiten endlos. M\u00f6chten Sie Sehensw\u00fcrdigkeiten mit zus\u00e4tzlichen Details erg\u00e4nzen? Ihre eigenen Logos, Grafiken oder Texte hinzuf\u00fcgen? Unsere Karten werden im geschichteten PSD-Format geliefert, was es Ihnen erm\u00f6glicht, jeden Aspekt zu modifizieren, bis hin zu einzelnen Sehensw\u00fcrdigkeiten.<\/p>\n\n<p>Warum geben Sie unserem Editor nicht einfach eine Chance und entdecken, wie Sie m\u00fchelos Ihre Ideen in die perfekte Karte verwandeln k\u00f6nnen, die ma\u00dfgeschneidert f\u00fcr die Herausgabe ist?<\/p>\n\n<div style=\"height:97px\" aria-hidden=\"true\" class=\"wp-block-spacer\"><\/div>\n\n<div class=\"wp-block-group\"><div class=\"wp-block-group__inner-container is-layout-constrained wp-block-group-is-layout-constrained\">\n<h2 class=\"wp-block-heading has-text-align-center has-large-font-size\" style=\"font-style:normal;font-weight:700\">Probieren Sie Printmaps<\/h2>\n\n\n\n<p class=\"has-text-align-center has-medium-font-size\">Mit unserem\u00a0Karteneditor k\u00f6nnen Sie in k\u00fcrzester Zeit weltweit druckbare Karten erstellen.<\/p>\n\n\n\n<div style=\"height:15px\" aria-hidden=\"true\" class=\"wp-block-spacer\"><\/div>\n\n\n\n<div class=\"wp-block-buttons is-content-justification-center is-layout-flex wp-container-core-buttons-is-layout-16018d1d wp-block-buttons-is-layout-flex\">\n<div class=\"wp-block-button has-custom-font-size\" style=\"font-size:18px\"><a class=\"wp-block-button__link has-background wp-element-button\" href=\"https:\/\/www.printmaps.net\/de\/\" style=\"border-radius:10px;background-color:#e5017e\"><p><strong>Erstellen Sie Ihre erste Karte<\/strong><\/p><\/a><\/div>\n<\/div>\n<\/div><\/div>\n\n<div style=\"height:155px\" aria-hidden=\"true\" class=\"wp-block-spacer\"><\/div>\n\n<h3 class=\"wp-block-heading has-text-align-center\">FAQ<\/h3>\n\n<div class=\"schema-faq wp-block-yoast-faq-block\"><div class=\"schema-faq-section\" id=\"faq-question-1759748884275\"><strong class=\"schema-faq-question\">Wie kann ich Schulen, Parks, Verkehrsanbindungen und Krankenh\u00e4user am schnellsten zu einer Flyer-Karte hinzuf\u00fcgen?<\/strong> <p class=\"schema-faq-answer\">Mit unserem Pin-Tool k\u00f6nnen Sie verschiedene Symbole verwenden, um den Kontext der hervorgehobenen Orte anzuzeigen. Um einen Pin hinzuzuf\u00fcgen, platzieren Sie ihn einfach per Drag-and-Drop auf der Karte. Anschlie\u00dfend k\u00f6nnen Sie Farbe, Form und Symbol anpassen, um den verschiedenen Orten auf der Karte visuelle Klarheit zu geben.<\/p> <\/div> <div class=\"schema-faq-section\" id=\"faq-question-1759748912351\"><strong class=\"schema-faq-question\">Welche Kartenelemente auf einem Flyer beeinflussen das K\u00e4uferinteresse und die Conversion am st\u00e4rksten?<\/strong> <p class=\"schema-faq-answer\">Ein auff\u00e4lliger Immobilien-Marker und eine gezielt ausgew\u00e4hlte Gruppe von 4\u20138 passenden POIs (Schulen, Verkehr, Parks, Superm\u00e4rkte) haben den gr\u00f6\u00dften Einfluss auf das K\u00e4uferinteresse. Verwenden Sie einfache, farbcodierte Symbole und kurze Beschriftungen, damit der Immobilien-Pin der visuelle Anker bleibt.<\/p> <\/div> <div class=\"schema-faq-section\" id=\"faq-question-1759748923929\"><strong class=\"schema-faq-question\">Wie kann ich mehrere Immobilienadressen einf\u00fcgen, um schnell Pins zu erstellen?<\/strong> <p class=\"schema-faq-answer\"><p>Sie k\u00f6nnen eine Excel-Datei erstellen, die dem Layout unseres Spreadsheet-Batch-Geocoders folgt, und diese einf\u00fcgen, um schnell Pins zu erstellen. Lesen Sie <a href=\"\/de\/karte-mit-mehreren-standorten-drucken\/\">diesen Artikel<\/a>, wenn Sie mehr erfahren m\u00f6chten.<\/p><\/p> <\/div> <\/div>\n\n<div class=\"wp-block-group\"><div class=\"wp-block-group__inner-container is-layout-constrained wp-block-group-is-layout-constrained\">\n<div style=\"height:130px\" aria-hidden=\"true\" class=\"wp-block-spacer\"><\/div>\n\n\n\n<h2 class=\"wp-block-heading has-x-large-font-size\" style=\"font-style:normal;font-weight:700\">Brauchen Sie noch immer Hilfe? Senden Sie uns eine Nachricht!<\/h2>\n\n\n\n<p style=\"font-size:22px\"><p><a href=\"https:\/\/support.printmaps.net\/de\/support\/tickets\/new\">Senden Sie uns ein Ticket \u00fcber unsere Support-Plattform<\/a><\/p><\/p>\n\n\n\n<div style=\"height:150px\" aria-hidden=\"true\" class=\"wp-block-spacer\"><\/div>\n<\/div><\/div>\n","protected":false},"excerpt":{"rendered":"<p>Die effektivsten Immobilien-Flyer enthalten oft sorgf\u00e4ltig gestaltete Immobilienkarten. Ob Sie ein erfahrener Immobilienmakler sind, der den Verkauf ankurbeln m\u00f6chte, oder ein Grafikdesigner, der sich auf Immobilienmarketing spezialisiert hat, Ihr Ziel ist es, ansprechende Expos\u00e9s und Flyer zu erstellen, die sowohl potenzielle K\u00e4ufer anziehen als auch informieren. Hier kommt Printmaps ins Spiel. Unser Karteneditor erm\u00f6glicht es [&hellip;]<\/p>\n","protected":false},"author":19,"featured_media":0,"parent":0,"menu_order":0,"comment_status":"closed","ping_status":"closed","template":"","meta":{"_et_pb_use_builder":"off","_et_pb_old_content":"","_et_gb_content_width":"","footnotes":""},"class_list":["post-164497","page","type-page","status-publish","hentry"],"_links":{"self":[{"href":"https:\/\/www.printmaps.net\/de\/wp-json\/wp\/v2\/pages\/164497","targetHints":{"allow":["GET"]}}],"collection":[{"href":"https:\/\/www.printmaps.net\/de\/wp-json\/wp\/v2\/pages"}],"about":[{"href":"https:\/\/www.printmaps.net\/de\/wp-json\/wp\/v2\/types\/page"}],"author":[{"embeddable":true,"href":"https:\/\/www.printmaps.net\/de\/wp-json\/wp\/v2\/users\/19"}],"replies":[{"embeddable":true,"href":"https:\/\/www.printmaps.net\/de\/wp-json\/wp\/v2\/comments?post=164497"}],"version-history":[{"count":10,"href":"https:\/\/www.printmaps.net\/de\/wp-json\/wp\/v2\/pages\/164497\/revisions"}],"predecessor-version":[{"id":222079,"href":"https:\/\/www.printmaps.net\/de\/wp-json\/wp\/v2\/pages\/164497\/revisions\/222079"}],"wp:attachment":[{"href":"https:\/\/www.printmaps.net\/de\/wp-json\/wp\/v2\/media?parent=164497"}],"curies":[{"name":"wp","href":"https:\/\/api.w.org\/{rel}","templated":true}]}}