{"id":164501,"date":"2024-02-23T14:19:49","date_gmt":"2024-02-23T13:19:49","guid":{"rendered":"https:\/\/www.printmaps.net\/kartenposter-erstellen\/"},"modified":"2025-10-21T12:09:10","modified_gmt":"2025-10-21T11:09:10","slug":"kartenposter-erstellen","status":"publish","type":"page","link":"https:\/\/www.printmaps.net\/de\/kartenposter-erstellen\/","title":{"rendered":"Erstellen Sie ein Kartenposter mit dem Printmaps-Editor"},"content":{"rendered":"\n<div style=\"height:100px\" aria-hidden=\"true\" class=\"wp-block-spacer\"><\/div>\n\n<div class=\"wp-block-columns is-layout-flex wp-container-core-columns-is-layout-9d6595d7 wp-block-columns-is-layout-flex\">\n<div class=\"wp-block-column is-layout-flow wp-block-column-is-layout-flow\" style=\"flex-basis:66.66%\">\n<figure class=\"wp-block-image size-large is-resized\"><img fetchpriority=\"high\" fetchpriority=\"high\" decoding=\"async\" width=\"887\" height=\"1024\" src=\"https:\/\/www.printmaps.net\/wp-content\/uploads\/2020\/04\/create-map-poster-887x1024.png\" alt=\"kartenposter erstellen\" class=\"wp-image-61074\" style=\"width:451px;height:520px\"\/><\/figure>\n\n\n<p><\/p>\n\n\n\n<div style=\"height:20px\" aria-hidden=\"true\" class=\"wp-block-spacer\"><\/div>\n<\/div>\n\n\n\n<div class=\"wp-block-column is-layout-flow wp-block-column-is-layout-flow\" style=\"flex-basis:33.33%\">\n<p>Mit dem Online-Karteneditor von Printmaps ist das Erstellen eines Kartenposters so m\u00fchelos wie ein gem\u00fctlicher Spaziergang im Park &#8211; oder das Darstellen eines solchen! Egal, ob Sie Reiserouten, Wanderwege oder landschaftlich reizvolle Fahrten skizzieren oder Geodaten hochladen, um bestehende Routen zu pr\u00e4sentieren, unser Editor vereinfacht den Prozess.<\/p>\n\n\n\n<p><p>Ideal f\u00fcr Druckdesigner, Tourismusfachleute und Privatpersonen gleicherma\u00dfen bietet der Printmaps-Editor Vielseitigkeit f\u00fcr pers\u00f6nliche und professionelle Anwendungen. Erstellen Sie mit Leichtigkeit atemberaubende, <strong>hochaufl\u00f6sende Kartenposter<\/strong>, die auf Ihre Bed\u00fcrfnisse zugeschnitten sind.<\/p><\/p>\n\n\n\n<p><p>Erkunden Sie die <a href=\"\/de\/funktionen\/\">Funktionen des Printmaps-Editors<\/a> und lernen Sie, wie Sie sein volles Potenzial f\u00fcr Ihre Kartenposter-Projekte nutzen k\u00f6nnen.<\/p><\/p>\n\n\n\n<div style=\"height:55px\" aria-hidden=\"true\" class=\"wp-block-spacer\"><\/div>\n\n\n\n<div class=\"wp-block-buttons is-content-justification-center is-layout-flex wp-container-core-buttons-is-layout-16018d1d wp-block-buttons-is-layout-flex\">\n<div class=\"wp-block-button has-custom-font-size\" style=\"font-size:18px\"><a class=\"wp-block-button__link has-background wp-element-button\" href=\"https:\/\/www.printmaps.net\/de\/\" style=\"border-radius:10px;background-color:#e5017e\"><p><strong>Fangen Sie jetzt an zu kartieren, keine Anmeldung erforderlich<\/strong><\/p><\/a><\/div>\n<\/div>\n<\/div>\n<\/div>\n\n<div style=\"height:45px\" aria-hidden=\"true\" class=\"wp-block-spacer\"><\/div>\n<div class=\"wp-block-image\">\n<figure class=\"alignright size-large is-resized\"><img decoding=\"async\" width=\"1024\" height=\"683\" src=\"https:\/\/www.printmaps.net\/wp-content\/uploads\/2020\/04\/Map-poster-1024x683.jpeg\" alt=\"\" class=\"wp-image-60865\" style=\"width:599px;height:400px\" srcset=\"https:\/\/www.printmaps.net\/wp-content\/uploads\/2020\/04\/Map-poster-980x653.jpeg 980w, https:\/\/www.printmaps.net\/wp-content\/uploads\/2020\/04\/Map-poster-480x320.jpeg 480w\" sizes=\"(min-width: 0px) and (max-width: 480px) 480px, (min-width: 481px) and (max-width: 980px) 980px, (min-width: 981px) 1024px, 100vw\" \/><\/figure><\/div>\n<h3 class=\"wp-block-heading\">Poster mit Wegbeschreibung und Routen<\/h3>\n\n<p><p>Kunden verlassen sich auf Printmaps, um Wegbeschreibungen und Routen effektiv darzustellen. Mit unserem benutzerfreundlichen Editor ist die Anpassung der Druckgr\u00f6\u00dfe ein Kinderspiel und gew\u00e4hrleistet gleichzeitig eine makellose Druckqualit\u00e4t. Sie k\u00f6nnen die Druckgr\u00f6\u00dfe ganz nach Ihren Bed\u00fcrfnissen anpassen und dabei flexibel bis zu <strong>maximal 1330&#215;1330 mm<\/strong> gehen.<\/p><\/p>\n\n<p>Karten mit einer Seitenl\u00e4nge von mehr als 220 mm sind nicht als PNG-Dateien verf\u00fcgbar. Stattdessen werden sie in einer geschichteten PSD (Photoshop) oder SVG-Datei (Illustrator) bereitgestellt, was eine nahtlose Anpassung und Erhaltung der Qualit\u00e4t erm\u00f6glicht.<\/p>\n\n<div style=\"height:100px\" aria-hidden=\"true\" class=\"wp-block-spacer\"><\/div>\n<div class=\"wp-block-image\">\n<figure class=\"alignleft size-large is-resized\"><img decoding=\"async\" width=\"621\" height=\"438\" src=\"https:\/\/www.printmaps.net\/wp-content\/uploads\/2020\/04\/Make-a-poster-map.png\" alt=\"\" class=\"wp-image-60849\" style=\"width:522px;height:368px\" srcset=\"https:\/\/www.printmaps.net\/wp-content\/uploads\/2020\/04\/Make-a-poster-map.png 621w, https:\/\/www.printmaps.net\/wp-content\/uploads\/2020\/04\/Make-a-poster-map-480x339.png 480w\" sizes=\"(min-width: 0px) and (max-width: 480px) 480px, (min-width: 481px) 621px, 100vw\" \/><\/figure><\/div>\n<h3 class=\"wp-block-heading\">Stadtkarten-Poster<\/h3>\n\n<p><p>Erstellen Sie ganz einfach Routenkarten mit Pins, um Wanderungen oder Fahrradrouten zu pr\u00e4sentieren oder einfach nur Wegbeschreibungen. Zeichnen Sie Linien auf den vorhandenen Stra\u00dfen, Rad- und Wanderwegen. <strong>Neigen Sie die Karte<\/strong> f\u00fcr die ideale Perspektive einer Stadtkarte.<\/p><\/p>\n\n<p><p><a href=\"\/de\/routenkarte-erstellen\/\">Erstellen Sie ganz einfach eine Routenkarte<\/a> mit dem Routeneditor, der auf den genauen Stra\u00dfen zeichnet, die Sie befahren haben!<\/p><\/p>\n\n<div style=\"height:70px\" aria-hidden=\"true\" class=\"wp-block-spacer\"><\/div>\n<div class=\"wp-block-image\">\n<figure class=\"alignright size-large is-resized\"><img loading=\"lazy\" loading=\"lazy\" decoding=\"async\" width=\"1024\" height=\"932\" src=\"https:\/\/www.printmaps.net\/wp-content\/uploads\/2020\/04\/Poster-map-1024x932.png\" alt=\"\" class=\"wp-image-60855\" style=\"width:353px;height:321px\" srcset=\"https:\/\/www.printmaps.net\/wp-content\/uploads\/2020\/04\/Poster-map-980x892.png 980w, https:\/\/www.printmaps.net\/wp-content\/uploads\/2020\/04\/Poster-map-480x437.png 480w\" sizes=\"auto, (min-width: 0px) and (max-width: 480px) 480px, (min-width: 481px) and (max-width: 980px) 980px, (min-width: 981px) 1024px, 100vw\" \/><\/figure><\/div>\n<h3 class=\"wp-block-heading\">Bilden Sie Orte ab die einen pers\u00f6nlichen Wert f\u00fcr Sie haben<\/h3>\n\n<p>Ob es sich um kostbare Erinnerungen, au\u00dfergew\u00f6hnliche Erlebnisse oder einfach nur das Gef\u00fchl von Zuhause handelt, bestimmte Orte haben einen immensen pers\u00f6nlichen Wert. Erstellen Sie ein Kartenposter Ihres eigenen &#8222;Happy Place&#8220;, um Ihre Wohnung zu schm\u00fccken oder um jemand Besonderem ein Geschenk zu machen.<\/p>\n\n<p><p>Der Printmaps-Editor bezieht seine Daten von <a href=\"https:\/\/www.openstreetmap.org\/\" target=\"_blank\" rel=\"noreferrer noopener\">OpenStreetMap<\/a>, was es Ihnen erm\u00f6glicht, Ihr Kartenposter m\u00fchelos anzupassen. F\u00fcgen Sie problemlos Ebenen wie Stadt- oder Stra\u00dfennamen hinzu oder entfernen Sie sie, wenden Sie verschiedene Kartenstile an und integrieren Sie farbige Formen. Diese Flexibilit\u00e4t erm\u00f6glicht es Ihnen, ein Kartenposter zu erstellen, das perfekt Ihren Vorlieben entspricht, egal ob Sie ein detailliertes oder minimalistisches Design bevorzugen.<\/p><\/p>\n\n<p><\/p>\n\n<p><\/p>\n\n<div style=\"height:67px\" aria-hidden=\"true\" class=\"wp-block-spacer\"><\/div>\n\n<div class=\"wp-block-group\"><div class=\"wp-block-group__inner-container is-layout-constrained wp-block-group-is-layout-constrained\">\n<h2 class=\"wp-block-heading has-text-align-center has-large-font-size\" style=\"font-style:normal;font-weight:700\">Probieren Sie Printmaps<\/h2>\n\n\n\n<p class=\"has-text-align-center has-medium-font-size\">Mit unserem\u00a0Karteneditor k\u00f6nnen Sie in k\u00fcrzester Zeit weltweit druckbare Karten erstellen.<\/p>\n\n\n\n<div style=\"height:15px\" aria-hidden=\"true\" class=\"wp-block-spacer\"><\/div>\n\n\n\n<div class=\"wp-block-buttons is-content-justification-center is-layout-flex wp-container-core-buttons-is-layout-16018d1d wp-block-buttons-is-layout-flex\">\n<div class=\"wp-block-button has-custom-font-size\" style=\"font-size:18px\"><a class=\"wp-block-button__link has-background wp-element-button\" href=\"https:\/\/www.printmaps.net\/de\/\" style=\"border-radius:10px;background-color:#e5017e\"><p><strong>Erstellen Sie Ihre erste Karte<\/strong><\/p><\/a><\/div>\n<\/div>\n<\/div><\/div>\n\n<div style=\"height:150px\" aria-hidden=\"true\" class=\"wp-block-spacer\"><\/div>\n\n<h3 class=\"wp-block-heading\">FAQ<\/h3>\n\n<div class=\"schema-faq wp-block-yoast-faq-block\"><div class=\"schema-faq-section\" id=\"faq-question-1757951802995\"><strong class=\"schema-faq-question\">Was ist die beste Postergr\u00f6\u00dfe und die optimale DPI f\u00fcr eine hochwertige druckbare Karte?<\/strong> <p class=\"schema-faq-answer\">Am besten w\u00e4hlen Sie zuerst ein Rahmenformat und passen anschlie\u00dfend Ihre Karte an den Rahmen an. Das geht einfach, indem Sie oben links im Karten-Editor die Seitenl\u00e4ngen festlegen. Unsere Karten werden f\u00fcr PNGs und PSDs mit 300 dpi geliefert, was optimal f\u00fcr den Druck ist. SVGs sind skalierbar; die dpi k\u00f6nnen Sie selbst festlegen.<\/p> <\/div> <div class=\"schema-faq-section\" id=\"faq-question-1757952097323\"><strong class=\"schema-faq-question\">Wie w\u00e4hle ich zwischen PNG, PSD und SVG f\u00fcr ein Kartenposter?<\/strong> <p class=\"schema-faq-answer\">Das h\u00e4ngt von mehreren Faktoren ab. Wenn Sie Ihre Karte in der Nachbearbeitung umfassend personalisieren m\u00f6chten, sind PSDs und SVGs optimal, da jedes Element als eigene Ebene bearbeitbar ist. PNGs eignen sich f\u00fcr eine Druckgr\u00f6\u00dfe bis 22 cm \u00d7 22 cm, PSDs bis 66 cm \u00d7 66 cm, und SVGs k\u00f6nnen aufgrund ihrer Skalierbarkeit in jeder Gr\u00f6\u00dfe verwendet werden.<\/p> <\/div> <div class=\"schema-faq-section\" id=\"faq-question-1757952313290\"><strong class=\"schema-faq-question\">Kann ich bestimmte Bereiche auf der Karte hervorheben?<\/strong> <p class=\"schema-faq-answer\">Ja. Mit unserem Tool \u201eGeo-Umriss hinzuf\u00fcgen\u201c k\u00f6nnen Sie Verwaltungseinheiten beliebiger Ebene hervorheben, egal ob Bezirk, Stadt, Bundesland oder Land. Anschlie\u00dfend k\u00f6nnen Sie die Auswahl invertieren und Farbe sowie Deckkraft w\u00e4hlen.<\/p> <\/div> <div class=\"schema-faq-section\" id=\"faq-question-1757952489628\"><strong class=\"schema-faq-question\">Kann ich ein minimalistisches Kartenposter erstellen, das Stra\u00dfen, Beschriftungen oder Punkte ausblendet?<\/strong> <p class=\"schema-faq-answer\">Ja. In den erweiterten Stileinstellungen des Editors k\u00f6nnen Sie f\u00fcr jedes Label und jedes Kartenelement festlegen, ob es angezeigt oder verborgen wird.<\/p> <\/div> <\/div>\n\n<div class=\"schema-how-to wp-block-yoast-how-to-block\"><p class=\"schema-how-to-description\">So erstellen Sie ein Kartenposter mit Printmaps<\/p> <ol class=\"schema-how-to-steps\"><li class=\"schema-how-to-step\" id=\"how-to-step-1750419063043\"><strong class=\"schema-how-to-step-name\">W\u00e4hlen Sie die gew\u00fcnschte Postergr\u00f6\u00dfe<\/strong> <p class=\"schema-how-to-step-text\">Unser Editor bietet vordefinierte Standardgr\u00f6\u00dfen (A5, A4, A3, &#8230;) oder Sie k\u00f6nnen benutzerdefinierte Ma\u00dfe bis 1330 mm w\u00e4hlen. Diese Gr\u00f6\u00dfen geben an, wie gro\u00df Sie das Endprodukt in hoher Aufl\u00f6sung drucken k\u00f6nnen, auch aus n\u00e4chster N\u00e4he.<\/p> <\/li><li class=\"schema-how-to-step\" id=\"how-to-step-1750419288154\"><strong class=\"schema-how-to-step-name\">Definieren Sie den Kartenausschnitt und den Zoomfaktor<\/strong> <p class=\"schema-how-to-step-text\">W\u00e4hlen Sie den Bereich aus, indem Sie den gew\u00fcnschten Ort in die Suchleiste eingeben oder die Karte mit der Maus verschieben und hinein- oder herauszoomen. Je h\u00f6her der Zoom, desto mehr Details werden angezeigt.<\/p> <\/li><li class=\"schema-how-to-step\" id=\"how-to-step-1750419407511\"><strong class=\"schema-how-to-step-name\">W\u00e4hlen Sie Ihren bevorzugten Kartenstil und die anzuzeigenden Details<\/strong> <p class=\"schema-how-to-step-text\">Sie k\u00f6nnen aus verschiedenen vordefinierten Stilen w\u00e4hlen und im Tab \u201eDesign\u201c festlegen, welche Elemente angezeigt werden sollen. Labels k\u00f6nnen bei Bedarf deaktiviert werden.<\/p> <\/li><li class=\"schema-how-to-step\" id=\"how-to-step-1750419532387\"><strong class=\"schema-how-to-step-name\">F\u00fcgen Sie Routen, Pins oder geografische Formen hinzu<\/strong> <p class=\"schema-how-to-step-text\">Markieren Sie Lieblingsorte mit Pins im Tab \u201eInhalte hinzuf\u00fcgen\u201c, zeigen Sie bereiste Routen und heben Sie St\u00e4dte, Regionen oder L\u00e4nder hervor.<\/p> <\/li><li class=\"schema-how-to-step\" id=\"how-to-step-1750419661403\"><strong class=\"schema-how-to-step-name\">Kaufen Sie Ihre Karte und drucken Sie sie in einer Druckerei<\/strong> <p class=\"schema-how-to-step-text\"><\/p> <\/li><\/ol><\/div>\n\n<div style=\"height:95px\" aria-hidden=\"true\" class=\"wp-block-spacer\"><\/div>\n","protected":false},"excerpt":{"rendered":"<p>Mit dem Online-Karteneditor von Printmaps ist das Erstellen eines Kartenposters so m\u00fchelos wie ein gem\u00fctlicher Spaziergang im Park &#8211; oder das Darstellen eines solchen! Egal, ob Sie Reiserouten, Wanderwege oder landschaftlich reizvolle Fahrten skizzieren oder Geodaten hochladen, um bestehende Routen zu pr\u00e4sentieren, unser Editor vereinfacht den Prozess. Ideal f\u00fcr Druckdesigner, Tourismusfachleute und Privatpersonen gleicherma\u00dfen bietet [&hellip;]<\/p>\n","protected":false},"author":19,"featured_media":0,"parent":0,"menu_order":0,"comment_status":"closed","ping_status":"closed","template":"","meta":{"_et_pb_use_builder":"off","_et_pb_old_content":"","_et_gb_content_width":"","footnotes":""},"class_list":["post-164501","page","type-page","status-publish","hentry"],"_links":{"self":[{"href":"https:\/\/www.printmaps.net\/de\/wp-json\/wp\/v2\/pages\/164501","targetHints":{"allow":["GET"]}}],"collection":[{"href":"https:\/\/www.printmaps.net\/de\/wp-json\/wp\/v2\/pages"}],"about":[{"href":"https:\/\/www.printmaps.net\/de\/wp-json\/wp\/v2\/types\/page"}],"author":[{"embeddable":true,"href":"https:\/\/www.printmaps.net\/de\/wp-json\/wp\/v2\/users\/19"}],"replies":[{"embeddable":true,"href":"https:\/\/www.printmaps.net\/de\/wp-json\/wp\/v2\/comments?post=164501"}],"version-history":[{"count":9,"href":"https:\/\/www.printmaps.net\/de\/wp-json\/wp\/v2\/pages\/164501\/revisions"}],"predecessor-version":[{"id":221698,"href":"https:\/\/www.printmaps.net\/de\/wp-json\/wp\/v2\/pages\/164501\/revisions\/221698"}],"wp:attachment":[{"href":"https:\/\/www.printmaps.net\/de\/wp-json\/wp\/v2\/media?parent=164501"}],"curies":[{"name":"wp","href":"https:\/\/api.w.org\/{rel}","templated":true}]}}