{"id":164561,"date":"2024-02-24T13:28:56","date_gmt":"2024-02-24T12:28:56","guid":{"rendered":"https:\/\/www.printmaps.net\/routenkarte-erstellen\/"},"modified":"2025-10-21T13:24:36","modified_gmt":"2025-10-21T12:24:36","slug":"routenkarte-erstellen","status":"publish","type":"page","link":"https:\/\/www.printmaps.net\/de\/routenkarte-erstellen\/","title":{"rendered":"Erstellen Sie eine Routenkarte mit dem Printmaps-Editor"},"content":{"rendered":"\n<div style=\"height:37px\" aria-hidden=\"true\" class=\"wp-block-spacer\"><\/div>\n\n<div class=\"wp-block-columns is-layout-flex wp-container-core-columns-is-layout-9d6595d7 wp-block-columns-is-layout-flex\">\n<div class=\"wp-block-column is-layout-flow wp-block-column-is-layout-flow\" style=\"flex-basis:66.66%\">\n<figure class=\"wp-block-image size-large is-resized\"><img fetchpriority=\"high\" fetchpriority=\"high\" decoding=\"async\" width=\"1024\" height=\"665\" src=\"https:\/\/www.printmaps.net\/wp-content\/uploads\/2020\/05\/biking-route-map-1024x665.png\" alt=\"Erstelle eine Routenkarte\" class=\"wp-image-62793\" style=\"width:693px;height:449px\" srcset=\"https:\/\/www.printmaps.net\/wp-content\/uploads\/2020\/05\/biking-route-map-980x636.png 980w, https:\/\/www.printmaps.net\/wp-content\/uploads\/2020\/05\/biking-route-map-480x312.png 480w\" sizes=\"(min-width: 0px) and (max-width: 480px) 480px, (min-width: 481px) and (max-width: 980px) 980px, (min-width: 981px) 1024px, 100vw\" \/><\/figure>\n\n\n<div style=\"height:35px\" aria-hidden=\"true\" class=\"wp-block-spacer\"><\/div>\n<\/div>\n\n\n\n<div class=\"wp-block-column is-layout-flow wp-block-column-is-layout-flow\" style=\"flex-basis:33.33%\">\n<p>Unser Karteneditor hilft Ihnen dabei, innerhalb von Sekunden eine Routenkarte zu erstellen. Mit dem Routeneditor k\u00f6nnen Sie eine Route von A nach B zeichnen, egal wo auf der Weltkarte. W\u00e4hlen Sie aus, ob Sie die Route auf Stra\u00dfen zum Wandern, Radfahren oder Fahren zeichnen m\u00f6chten.<\/p>\n\n\n\n<div style=\"height:100px\" aria-hidden=\"true\" class=\"wp-block-spacer\"><\/div>\n\n\n\n<div class=\"wp-block-buttons is-content-justification-center is-layout-flex wp-container-core-buttons-is-layout-16018d1d wp-block-buttons-is-layout-flex\">\n<div class=\"wp-block-button has-custom-font-size\" style=\"font-size:18px\"><a class=\"wp-block-button__link has-background wp-element-button\" href=\"https:\/\/www.printmaps.net\/de\/\" style=\"border-radius:10px;background-color:#e5017e\"><p><strong>Fangen Sie jetzt an zu kartieren, keine Anmeldung erforderlich<\/strong><\/p><\/a><\/div>\n<\/div>\n<\/div>\n<\/div>\n\n<div style=\"height:71px\" aria-hidden=\"true\" class=\"wp-block-spacer\"><\/div>\n\n<h2 class=\"wp-block-heading\">Zeichnen Sie Routen auf vorhandenen Stra\u00dfen<\/h2>\n\n<div class=\"wp-block-columns is-layout-flex wp-container-core-columns-is-layout-9d6595d7 wp-block-columns-is-layout-flex\">\n<div class=\"wp-block-column is-layout-flow wp-block-column-is-layout-flow\" style=\"flex-basis:33.33%\">\n<p><p>W\u00e4hlen Sie die Farbe und Dicke der Linie aus oder laden Sie Ihre zuvor aufgezeichnete Route hoch. Unser Routeneditor erm\u00f6glicht es Ihnen nicht nur, Ihre Routen freih\u00e4ndig zu zeichnen, sondern verwendet auch einen Assistenten, der magnetisch an vorhandenen Stra\u00dfen haftet. Auf diese Weise erstellen Sie eine genaue Routenkarte.<\/p><\/p>\n<\/div>\n\n\n\n<div class=\"wp-block-column is-layout-flow wp-block-column-is-layout-flow\" style=\"flex-basis:66.66%\"><div class=\"wp-block-image\">\n<figure class=\"alignright size-large is-resized\"><img decoding=\"async\" width=\"1024\" height=\"666\" src=\"https:\/\/www.printmaps.net\/wp-content\/uploads\/2020\/05\/route-map-1024x666.png\" alt=\"Erstelle eine Routenkarte\" class=\"wp-image-62795\" style=\"width:690px;height:448px\" srcset=\"https:\/\/www.printmaps.net\/wp-content\/uploads\/2020\/05\/route-map-980x637.png 980w, https:\/\/www.printmaps.net\/wp-content\/uploads\/2020\/05\/route-map-480x312.png 480w\" sizes=\"(min-width: 0px) and (max-width: 480px) 480px, (min-width: 481px) and (max-width: 980px) 980px, (min-width: 981px) 1024px, 100vw\" \/><\/figure><\/div><\/div>\n<\/div>\n\n<div style=\"height:61px\" aria-hidden=\"true\" class=\"wp-block-spacer\"><\/div>\n\n<div class=\"wp-block-columns is-layout-flex wp-container-core-columns-is-layout-9d6595d7 wp-block-columns-is-layout-flex\">\n<div class=\"wp-block-column is-layout-flow wp-block-column-is-layout-flow\" style=\"flex-basis:66.66%\">\n<figure class=\"wp-block-image size-large\"><img decoding=\"async\" width=\"1024\" height=\"665\" src=\"https:\/\/www.printmaps.net\/wp-content\/uploads\/2020\/05\/create-a-route-map-1024x665.png\" alt=\"Erstelle eine Routenkarte\" class=\"wp-image-62794\" srcset=\"https:\/\/www.printmaps.net\/wp-content\/uploads\/2020\/05\/create-a-route-map-980x636.png 980w, https:\/\/www.printmaps.net\/wp-content\/uploads\/2020\/05\/create-a-route-map-480x312.png 480w\" sizes=\"(min-width: 0px) and (max-width: 480px) 480px, (min-width: 481px) and (max-width: 980px) 980px, (min-width: 981px) 1024px, 100vw\" \/><\/figure><\/div>\n\n\n\n<div class=\"wp-block-column is-layout-flow wp-block-column-is-layout-flow\" style=\"flex-basis:33.33%\">\n<h3 class=\"wp-block-heading\">Laden Sie Ihre eigenen Geodaten hoch<\/h3>\n\n\n\n<p>Ist Ihre Route mit einem GPS-f\u00e4higen Ger\u00e4t aufgezeichnet? Sie k\u00f6nnen diese Dateien (GPX, KML, GeoJSON) in den Editor hochladen, und sie werden auf Ihrer Karte angezeigt. Eine weitere gro\u00dfartige Sache daran: Sie k\u00f6nnen so viele Routen hochladen, wie Sie m\u00f6chten \u2013 und die auf Ihre Karte passen. Eine gro\u00dfartige Funktion, zum Beispiel, um eine Fahrradtour anzuzeigen!<\/p>\n<\/div>\n<\/div>\n\n<div style=\"height:84px\" aria-hidden=\"true\" class=\"wp-block-spacer\"><\/div>\n\n<div class=\"wp-block-columns is-layout-flex wp-container-core-columns-is-layout-9d6595d7 wp-block-columns-is-layout-flex\">\n<div class=\"wp-block-column is-layout-flow wp-block-column-is-layout-flow\" style=\"flex-basis:66.66%\">\n<figure class=\"wp-block-image size-large\"><img loading=\"lazy\" loading=\"lazy\" decoding=\"async\" width=\"1024\" height=\"714\" src=\"https:\/\/www.printmaps.net\/wp-content\/uploads\/2020\/06\/photobook-travel-map-1024x714.png\" alt=\"Reisekarte f&#xFC;r ein Fotobuch\" class=\"wp-image-63746\" srcset=\"https:\/\/www.printmaps.net\/wp-content\/uploads\/2020\/06\/photobook-travel-map-980x683.png 980w, https:\/\/www.printmaps.net\/wp-content\/uploads\/2020\/06\/photobook-travel-map-480x335.png 480w\" sizes=\"auto, (min-width: 0px) and (max-width: 480px) 480px, (min-width: 481px) and (max-width: 980px) 980px, (min-width: 981px) 1024px, 100vw\" \/><\/figure><\/div>\n\n\n\n<div class=\"wp-block-column is-layout-flow wp-block-column-is-layout-flow\" style=\"flex-basis:33.33%\">\n<h3 class=\"wp-block-heading\">Kombinieren Sie verschiedene Reisemodi auf einer Routenkarte<\/h3>\n\n\n\n<p>Das Erstellen einer Routenkarte war noch nie so einfach. Im Editor k\u00f6nnen Sie verschiedene Reisemodi kombinieren und eine Route mit dem Auto, dem Schiff oder dem Zug zeichnen.<\/p>\n<\/div>\n<\/div>\n\n<div style=\"height:63px\" aria-hidden=\"true\" class=\"wp-block-spacer\"><\/div>\n\n<h3 class=\"wp-block-heading\">Erstellen Sie eine Karte innerhalb wenigen Sekunden<\/h3>\n\n<p><p>&#13;\nNeben den vielen anderen Funktionen, die Printmaps bietet, verf\u00fcgen wir auch \u00fcber einen integrierten Geocoder, der es Ihnen erm\u00f6glicht, Ihre Adressen in einem Batch hochzuladen und in ihre jeweiligen Koordinaten umzuwandeln. Es ist wirklich so einfach wie das Kopieren und Einf\u00fcgen von Daten aus einer Tabellenkalkulation oder einer Datenbankspalte. Klicken Sie einfach auf diese Schaltfl\u00e4che im Editor:\u00a0<img loading=\"lazy\" loading=\"lazy\" decoding=\"async\" src=\"https:\/\/www.printmaps.net\/wp-content\/uploads\/2018\/03\/poibutton.png\" alt=\"\" width=\"58\" height=\"51\"\/> und Sie haben ein vertrautes Bild direkt vor sich. Alles, was Sie tun m\u00fcssen, ist, Ihren Inhalt in die entsprechenden Felder einzuf\u00fcgen, und Printmaps erledigt den Rest.<\/p><\/p>\n\n<p>Sobald unser Geocodierungs-Engine die Adressen in ihre jeweiligen Koordinaten umgewandelt hat, k\u00f6nnen Sie den Typ des Markers, die Farbe, das Symbol oder deren Gr\u00f6\u00dfe \u00e4ndern. Alle POIs werden in einer separaten Ebene gespeichert, sodass Sie, sobald Sie Ihre Karte im Photoshop-Format heruntergeladen haben, diese \u00f6ffnen und die Positionierung Ihrer POIs feinabstimmen k\u00f6nnen.<\/p>\n\n<div style=\"height:61px\" aria-hidden=\"true\" class=\"wp-block-spacer\"><\/div>\n\n<h3 class=\"wp-block-heading\">Laden Sie Ihre Routenkarte mit Ebenen herunter<\/h3>\n\n<p><p>Laden Sie Ihre Routenkarte als PSD- oder SVG-Datei herunter und \u00f6ffnen Sie diese Datei in <strong>Photoshop oder Illustrator<\/strong>. Auf diese Weise k\u00f6nnen Sie immer noch problemlos festlegen, welche Ebenen auf Ihrer Karte angezeigt werden sollen und wo genau Sie sie platzieren m\u00f6chten. Entfernen, verschieben oder hinzuf\u00fcgen von Text, \u00c4ndern von Farben und Anzeigen oder Ausblenden von Ebenen. Die M\u00f6glichkeiten sind endlos, und welche f\u00fcr Sie vorteilhaft sind, h\u00e4ngt stark von Ihrem spezifischen Projekt ab.<\/p><\/p>\n\n<div class=\"wp-block-columns is-layout-flex wp-container-core-columns-is-layout-9d6595d7 wp-block-columns-is-layout-flex\">\n<div class=\"wp-block-column is-layout-flow wp-block-column-is-layout-flow\">\n<figure class=\"wp-block-image size-large\"><img decoding=\"async\" src=\"https:\/\/www.printmaps.net\/wp-content\/uploads\/2020\/06\/layered-map-in-illustrator.png\" alt=\"mehrschichtige Karte\" class=\"wp-image-64211\"\/><\/figure><\/div>\n\n\n\n<div class=\"wp-block-column is-layout-flow wp-block-column-is-layout-flow\">\n<figure class=\"wp-block-image size-large is-resized\"><img loading=\"lazy\" loading=\"lazy\" decoding=\"async\" width=\"1024\" height=\"550\" src=\"https:\/\/www.printmaps.net\/wp-content\/uploads\/2020\/05\/london-map-with-layers-1024x550.png\" alt=\"Karte mit Ebenen\" class=\"wp-image-63106\" style=\"width:824px;height:442px\" srcset=\"https:\/\/www.printmaps.net\/wp-content\/uploads\/2020\/05\/london-map-with-layers-980x526.png 980w, https:\/\/www.printmaps.net\/wp-content\/uploads\/2020\/05\/london-map-with-layers-480x258.png 480w\" sizes=\"auto, (min-width: 0px) and (max-width: 480px) 480px, (min-width: 481px) and (max-width: 980px) 980px, (min-width: 981px) 1024px, 100vw\" \/><\/figure><\/div>\n<\/div>\n\n<div style=\"height:69px\" aria-hidden=\"true\" class=\"wp-block-spacer\"><\/div>\n\n<h4 class=\"wp-block-heading\">Es ist, was Sie daraus machen<\/h4>\n\n<p>Die Erstellung druckbarer Karten f\u00fcr eine Ver\u00f6ffentlichung ist nicht nur eine Frage der richtigen Geo-Tools, sondern auch der Verwendung eigener Designs oder Ideen. Mit Printmaps erhalten Sie volle Flexibilit\u00e4t, sei es bei der Art der Kartografie oder bei den enthaltenen Features Ihrer Karte. Und wenn Sie Ihre Karte erstellt und heruntergeladen haben, h\u00f6rt es dort nicht auf. M\u00f6chten Sie mehr Details zu POIs hinzuf\u00fcgen? Vielleicht Ihre eigenen Logos, weitere Grafiken oder Texte? Aus diesem Grund erstellen wir Ihre Karte im PSD-Format mit Ebenen, sodass Sie praktisch alles, was Sie Ihrer Karte hinzugef\u00fcgt haben, \u00e4ndern k\u00f6nnen, bis hin zu einzelnen POIs. Warum also nicht einfach unseren Editor ausprobieren und sehen, wie Sie Ihre Ideen in Ihre ideale Karte f\u00fcr die Ver\u00f6ffentlichung verwandeln k\u00f6nnen?<\/p>\n\n<div style=\"height:20px\" aria-hidden=\"true\" class=\"wp-block-spacer\"><\/div>\n\n<div style=\"height:38px\" aria-hidden=\"true\" class=\"wp-block-spacer\"><\/div>\n\n<div class=\"wp-block-group\"><div class=\"wp-block-group__inner-container is-layout-constrained wp-block-group-is-layout-constrained\">\n<h2 class=\"wp-block-heading has-text-align-center has-large-font-size\" style=\"font-style:normal;font-weight:700\">Probieren Sie Printmaps<\/h2>\n\n\n\n<p class=\"has-text-align-center has-medium-font-size\">Mit unserem\u00a0Karteneditor k\u00f6nnen Sie in k\u00fcrzester Zeit weltweit druckbare Karten erstellen.<\/p>\n\n\n\n<div style=\"height:15px\" aria-hidden=\"true\" class=\"wp-block-spacer\"><\/div>\n\n\n\n<div class=\"wp-block-buttons is-content-justification-center is-layout-flex wp-container-core-buttons-is-layout-16018d1d wp-block-buttons-is-layout-flex\">\n<div class=\"wp-block-button has-custom-font-size\" style=\"font-size:18px\"><a class=\"wp-block-button__link has-background wp-element-button\" href=\"https:\/\/www.printmaps.net\/de\/\" style=\"border-radius:10px;background-color:#e5017e\"><p><strong>Erstellen Sie Ihre erste Karte<\/strong><\/p><\/a><\/div>\n<\/div>\n<\/div><\/div>\n\n<div style=\"height:150px\" aria-hidden=\"true\" class=\"wp-block-spacer\"><\/div>\n\n<div class=\"schema-faq wp-block-yoast-faq-block\"><div class=\"schema-faq-section\" id=\"faq-question-1757594535611\"><strong class=\"schema-faq-question\">Wie erstelle ich aus meinem GPX eine druckbare Routenkarte?<\/strong> <p class=\"schema-faq-answer\">Laden Sie Ihr GPX (oder KML\/GeoJSON) in den Printmaps-Editor, stylen Sie die Linie, f\u00fcgen Sie bei Bedarf POIs hinzu und laden Sie anschlie\u00dfend eine hochaufl\u00f6sende PSD, SVG oder PNG f\u00fcr den Druck herunter.<\/p> <\/div> <div class=\"schema-faq-section\" id=\"faq-question-1757594613061\"><strong class=\"schema-faq-question\">Kann ich Routen zeichnen, die keinem vorhandenen Track oder keiner Stra\u00dfe folgen?<\/strong> <p class=\"schema-faq-answer\">Ja. Sie k\u00f6nnen im Routen-Tool gerade oder gebogene Linien zeichnen, indem Sie einfach auf die Karte klicken.<\/p> <\/div> <div class=\"schema-faq-section\" id=\"faq-question-1757594734392\"><strong class=\"schema-faq-question\">Welche Dateiformate kann ich f\u00fcr professionellen Druck exportieren?<\/strong> <p class=\"schema-faq-answer\">Wir bieten unsere Karten als PNG, PSD und SVG an. Alle Formate eignen sich f\u00fcr professionellen Druck, PSD\/SVG behalten jedoch bearbeitbare Ebenen f\u00fcr pr\u00e4zise Nachbearbeitung.<\/p> <\/div> <div class=\"schema-faq-section\" id=\"faq-question-1757594812985\"><strong class=\"schema-faq-question\">Welche Druckaufl\u00f6sung bietet Printmaps?<\/strong> <p class=\"schema-faq-answer\">PNG und PSD kommen mit 300 dpi, SVG ist auf jede Gr\u00f6\u00dfe skalierbar.<\/p> <\/div> <div class=\"schema-faq-section\" id=\"faq-question-1757596674420\"><strong class=\"schema-faq-question\">Kann ich mehrere Routen f\u00fcr eine mehrt\u00e4gige Tour hochladen?<\/strong> <p class=\"schema-faq-answer\">Ja, Sie k\u00f6nnen beliebig viele Routen hochladen. Achten Sie nur darauf, die Karte nicht zu \u00fcberfrachten, damit sie lesbar bleibt.<\/p> <\/div> <div class=\"schema-faq-section\" id=\"faq-question-1757596706754\"><strong class=\"schema-faq-question\">Wie drucke ich eine Strava- oder Komoot-Route?<\/strong> <p class=\"schema-faq-answer\"><p>F\u00fcr beide F\u00e4lle k\u00f6nnen Sie die Route als GPX exportieren und in unseren Karten-Editor einf\u00fcgen. F\u00fcr Komoot k\u00f6nnen Sie sich im Editor bei Ihrem Konto anmelden und auf Ihre gespeicherten Routen zugreifen, wie <a href=\"\/de\/komoot\/\">in diesem Artikel<\/a> n\u00e4her beschrieben.<\/p><\/p> <\/div> <div class=\"schema-faq-section\" id=\"faq-question-1757596913662\"><strong class=\"schema-faq-question\">Bewahrt der Editor Ebenen f\u00fcr Beschriftungen, Routen und Formen?<\/strong> <p class=\"schema-faq-answer\">Ja. Jedes sichtbare Element wird bei Auswahl von PSD oder SVG in einer separaten Ebene gespeichert. Das gilt f\u00fcr Karterelemente wie Stra\u00dfen, Gew\u00e4sser oder Relief sowie f\u00fcr alles, was Sie hinzuf\u00fcgen, z. B. Routen, Pins oder Formen.<\/p> <\/div> <div class=\"schema-faq-section\" id=\"faq-question-1757597038576\"><strong class=\"schema-faq-question\">Kann ich Routenfarbe, -dicke und -stil anpassen?<\/strong> <p class=\"schema-faq-answer\">Absolut. Sie k\u00f6nnen die gew\u00fcnschte Farbe per Klick oder Hex-Code w\u00e4hlen, die Liniendicke festlegen und die Verkehrsart ein- oder ausblenden.<\/p> <\/div> <div class=\"schema-faq-section\" id=\"faq-question-1757598652999\"><strong class=\"schema-faq-question\">Wie f\u00fcge ich meiner Routenkarte ein H\u00f6henprofil hinzu?<\/strong> <p class=\"schema-faq-answer\"><p>Sie k\u00f6nnen mit unserem <a href=\"\/de\/hoehenprofil-editor\/\">H\u00f6henprofil-Generator<\/a> kostenlos ein H\u00f6henprofil zu Ihrer Karte erstellen. Laden Sie Ihre Route als GPX, KML oder GeoJSON hoch und erhalten Sie die Ausgabe als PNG, PDF und SVG, die Sie zuvor personalisieren k\u00f6nnen.<\/p><\/p> <\/div> <\/div>\n","protected":false},"excerpt":{"rendered":"<p>Unser Karteneditor hilft Ihnen dabei, innerhalb von Sekunden eine Routenkarte zu erstellen. Mit dem Routeneditor k\u00f6nnen Sie eine Route von A nach B zeichnen, egal wo auf der Weltkarte. W\u00e4hlen Sie aus, ob Sie die Route auf Stra\u00dfen zum Wandern, Radfahren oder Fahren zeichnen m\u00f6chten. Zeichnen Sie Routen auf vorhandenen Stra\u00dfen W\u00e4hlen Sie die Farbe [&hellip;]<\/p>\n","protected":false},"author":19,"featured_media":0,"parent":0,"menu_order":0,"comment_status":"closed","ping_status":"closed","template":"","meta":{"_et_pb_use_builder":"off","_et_pb_old_content":"","_et_gb_content_width":"","footnotes":""},"class_list":["post-164561","page","type-page","status-publish","hentry"],"_links":{"self":[{"href":"https:\/\/www.printmaps.net\/de\/wp-json\/wp\/v2\/pages\/164561","targetHints":{"allow":["GET"]}}],"collection":[{"href":"https:\/\/www.printmaps.net\/de\/wp-json\/wp\/v2\/pages"}],"about":[{"href":"https:\/\/www.printmaps.net\/de\/wp-json\/wp\/v2\/types\/page"}],"author":[{"embeddable":true,"href":"https:\/\/www.printmaps.net\/de\/wp-json\/wp\/v2\/users\/19"}],"replies":[{"embeddable":true,"href":"https:\/\/www.printmaps.net\/de\/wp-json\/wp\/v2\/comments?post=164561"}],"version-history":[{"count":9,"href":"https:\/\/www.printmaps.net\/de\/wp-json\/wp\/v2\/pages\/164561\/revisions"}],"predecessor-version":[{"id":221715,"href":"https:\/\/www.printmaps.net\/de\/wp-json\/wp\/v2\/pages\/164561\/revisions\/221715"}],"wp:attachment":[{"href":"https:\/\/www.printmaps.net\/de\/wp-json\/wp\/v2\/media?parent=164561"}],"curies":[{"name":"wp","href":"https:\/\/api.w.org\/{rel}","templated":true}]}}