{"id":164572,"date":"2024-02-24T14:10:39","date_gmt":"2024-02-24T13:10:39","guid":{"rendered":"https:\/\/www.printmaps.net\/reisekarte-fotobuch\/"},"modified":"2025-10-21T14:21:53","modified_gmt":"2025-10-21T13:21:53","slug":"reisekarte-fotobuch","status":"publish","type":"page","link":"https:\/\/www.printmaps.net\/de\/reisekarte-fotobuch\/","title":{"rendered":"Erstellen Sie eine Reisekarte f\u00fcr Ihr Fotobuch"},"content":{"rendered":"\n<div style=\"height:30px\" aria-hidden=\"true\" class=\"wp-block-spacer\"><\/div>\n<div class=\"wp-block-image\">\n<figure class=\"alignleft size-large is-resized\"><img fetchpriority=\"high\" fetchpriority=\"high\" decoding=\"async\" width=\"1024\" height=\"714\" src=\"https:\/\/www.printmaps.net\/wp-content\/uploads\/2020\/06\/photobook-travel-map-1024x714.png\" alt=\"Reisekarte f&#xFC;r ein Fotobuch\" class=\"wp-image-63746\" style=\"width:479px;height:332px\" srcset=\"https:\/\/www.printmaps.net\/wp-content\/uploads\/2020\/06\/photobook-travel-map-980x683.png 980w, https:\/\/www.printmaps.net\/wp-content\/uploads\/2020\/06\/photobook-travel-map-480x335.png 480w\" sizes=\"(min-width: 0px) and (max-width: 480px) 480px, (min-width: 481px) and (max-width: 980px) 980px, (min-width: 981px) 1024px, 100vw\" \/><\/figure><\/div>\n<p>Suchen Sie nach einer M\u00f6glichkeit, eine Reisekarte f\u00fcr Ihr Fotobuch oder Reiseblog zu erstellen? Das Sammeln all der sch\u00f6nen Erinnerungen an Ihre Reisen ist eine gute M\u00f6glichkeit, diese wertvollen Erfahrungen festzuhalten. Blicken Sie auf Ihre Reise und Abenteuer zur\u00fcck mit einer pers\u00f6nlich gestalteten Karte, die Ihre genaue Reiseroute zeigt.<\/p>\n\n<p><p>Mit dem Printmaps Online-Karteneditor k\u00f6nnen Sie problemlos eine Route auf vorhandenen Stra\u00dfen in Ihrem ausgew\u00e4hlten Kartenbereich zeichnen. F\u00fcgen Sie Points of Interest, L\u00e4nder- und Stadtformen in verschiedenen Farben hinzu und erhalten Sie eine hochaufl\u00f6sende Karte, die f\u00fcr weitere Bearbeitungen und den Druck bereit ist. Erfahren Sie mehr \u00fcber die <a href=\"\/de\/funktionen\/\">Funktionen des Printmaps-Editors<\/a> und wie Sie sie verwenden k\u00f6nnen.<\/p><\/p>\n\n<div style=\"height:20px\" aria-hidden=\"true\" class=\"wp-block-spacer\"><\/div>\n\n<p><\/p>\n\n<p><\/p>\n\n<div class=\"wp-block-buttons is-content-justification-center is-layout-flex wp-container-core-buttons-is-layout-16018d1d wp-block-buttons-is-layout-flex\">\n<div class=\"wp-block-button has-custom-font-size\" style=\"font-size:18px\"><a class=\"wp-block-button__link has-background wp-element-button\" href=\"https:\/\/www.printmaps.net\/de\/\" style=\"border-radius:10px;background-color:#e5017e\"><p><strong>Fangen Sie jetzt an zu kartieren, keine Anmeldung erforderlich<\/strong><\/p><\/a><\/div>\n<\/div>\n\n<div style=\"height:100px\" aria-hidden=\"true\" class=\"wp-block-spacer\"><\/div>\n\n<p class=\"has-text-align-center\">Wir w\u00fcrden uns freuen, Ihnen ein paar Ideen und Tipps zu geben, damit Ihre Reisekarte genau so fantastisch wird wie die Reise selbst!<\/p>\n\n<div style=\"height:44px\" aria-hidden=\"true\" class=\"wp-block-spacer\"><\/div>\n<div class=\"wp-block-image\">\n<figure class=\"alignright size-large is-resized\"><img decoding=\"async\" width=\"1024\" height=\"722\" src=\"https:\/\/www.printmaps.net\/wp-content\/uploads\/2020\/04\/printable-maps-photobook-1024x722.png\" alt=\"Karte f&#xFC;r ein Fotobuch\" class=\"wp-image-60401\" style=\"width:399px;height:281px\" srcset=\"https:\/\/www.printmaps.net\/wp-content\/uploads\/2020\/04\/printable-maps-photobook-980x691.png 980w, https:\/\/www.printmaps.net\/wp-content\/uploads\/2020\/04\/printable-maps-photobook-480x339.png 480w\" sizes=\"(min-width: 0px) and (max-width: 480px) 480px, (min-width: 481px) and (max-width: 980px) 980px, (min-width: 981px) 1024px, 100vw\" \/><\/figure><\/div>\n<h3 class=\"wp-block-heading\">Gestalten Sie Ihre Fotobuch-Reisekarte mit farbigen Formen<\/h3>\n\n<p>F\u00fcgen Sie die Form eines Landes hinzu und w\u00e4hlen Sie &#8222;Invertieren&#8220;. Auf diese Weise k\u00f6nnen Sie mit einem einzigen Klick die Umgebung des Landes, sowohl Wasser als auch Land, in die Farbe Ihrer Wahl umwandeln. Sie k\u00f6nnen zum Beispiel die Farbe des Wassers (RGB, 173, 255, 209) oder Wei\u00df w\u00e4hlen, um das Land von seinen Nachbarl\u00e4ndern zu trennen und einen schwebenden Effekt zu erzeugen. Mit der Option, die Transparenz der Form einzustellen, k\u00f6nnen Sie L\u00e4nder einf\u00e4rben, ohne dass die Darstellung von Stra\u00dfen, Fl\u00fcssen und Bergen verloren geht. M\u00f6chten Sie eine Weltkarte erstellen und alle L\u00e4nder zeigen, die Sie besucht haben? Geben Sie allen L\u00e4ndern eine andere Farbe.<\/p>\n\n<p><\/p>\n\n<p><\/p>\n\n<div style=\"height:30px\" aria-hidden=\"true\" class=\"wp-block-spacer\"><\/div>\n\n<div style=\"height:20px\" aria-hidden=\"true\" class=\"wp-block-spacer\"><\/div>\n<div class=\"wp-block-image\">\n<figure class=\"alignleft size-large is-resized\"><img decoding=\"async\" width=\"1024\" height=\"722\" src=\"https:\/\/www.printmaps.net\/wp-content\/uploads\/2020\/04\/Travel-map-for-photobook-1024x722.png\" alt=\"Erstellen Sie eine Reisekarte\" class=\"wp-image-60420\" style=\"width:493px;height:348px\" srcset=\"https:\/\/www.printmaps.net\/wp-content\/uploads\/2020\/04\/Travel-map-for-photobook-980x691.png 980w, https:\/\/www.printmaps.net\/wp-content\/uploads\/2020\/04\/Travel-map-for-photobook-480x338.png 480w\" sizes=\"(min-width: 0px) and (max-width: 480px) 480px, (min-width: 481px) and (max-width: 980px) 980px, (min-width: 981px) 1024px, 100vw\" \/><\/figure><\/div>\n<h3 class=\"wp-block-heading\">Verwenden Sie verschiedene POI-Marker, um verschiedene Reisen zu markieren<\/h3>\n\n<p>Sie k\u00f6nnen Ihre Points of Interest mit Punkten, Quadraten oder einer der im Editor angebotenen Standardformen markieren. F\u00fcgen Sie den Markierungen eine Beschriftung hinzu oder nummerieren Sie sie, um die chronologische Reihenfolge Ihrer Reise anzuzeigen. Oder zeigen Sie die Beschriftung ohne umgebende Markierung an, wie ein Flugzeug oder eine F\u00e4hre. Markieren Sie Ihre Lieblingsrestaurants, Wanderungen oder Str\u00e4nde. Wenn Sie im Editor nicht finden, wonach Sie suchen, k\u00f6nnen Sie ganz einfach Ihre eigenen Markierungen hochladen!<\/p>\n\n<p><p><a href=\"\/de\/routenkarte-erstellen\/\">Erstellen Sie mit dem Routen-Editor ganz einfach eine Routenkarte<\/a>, die genau die von Ihnen befahrenen Stra\u00dfen einzeichnet!<\/p><\/p>\n\n<div style=\"height:100px\" aria-hidden=\"true\" class=\"wp-block-spacer\"><\/div>\n<div class=\"wp-block-image\">\n<figure class=\"alignright size-large is-resized\"><img loading=\"lazy\" loading=\"lazy\" decoding=\"async\" width=\"1024\" height=\"722\" src=\"https:\/\/www.printmaps.net\/wp-content\/uploads\/2020\/04\/Create-map-with-pins-1024x722.png\" alt=\"karte mit pins\" class=\"wp-image-60651\" style=\"width:494px;height:348px\" srcset=\"https:\/\/www.printmaps.net\/wp-content\/uploads\/2020\/04\/Create-map-with-pins-980x691.png 980w, https:\/\/www.printmaps.net\/wp-content\/uploads\/2020\/04\/Create-map-with-pins-480x338.png 480w\" sizes=\"auto, (min-width: 0px) and (max-width: 480px) 480px, (min-width: 481px) and (max-width: 980px) 980px, (min-width: 981px) 1024px, 100vw\" \/><\/figure><\/div>\n<h3 class=\"wp-block-heading\">Kombinieren Sie Printmaps, um Ihre Reise in der Weltansicht zu zeigen<\/h3>\n\n<p>Wenn Sie eine Nahaufnahme Ihrer Reiseroute und eine Weltansicht mit hervorgehobenem Zielort zeigen m\u00f6chten, dann kombinieren Sie zwei Printmaps! Nach der Erstellung Ihrer Karten erhalten Sie eine Datei, die Sie in Photoshop oder Illustrator oder einem anderen Bearbeitungsprogramm bearbeiten k\u00f6nnen, um den Karten den letzten Schliff zu geben und sie zu Ihrer tollen, pers\u00f6nlichen Reisekarte zusammenzusetzen.<\/p>\n\n<p><\/p>\n\n<p><\/p>\n\n<p><\/p>\n\n<div style=\"height:48px\" aria-hidden=\"true\" class=\"wp-block-spacer\"><\/div>\n\n<div class=\"wp-block-group\"><div class=\"wp-block-group__inner-container is-layout-constrained wp-block-group-is-layout-constrained\">\n<h2 class=\"wp-block-heading has-text-align-center has-large-font-size\" style=\"font-style:normal;font-weight:700\">Probieren Sie Printmaps<\/h2>\n\n\n\n<p class=\"has-text-align-center has-medium-font-size\">Mit unserem\u00a0Karteneditor k\u00f6nnen Sie in k\u00fcrzester Zeit weltweit druckbare Karten erstellen.<\/p>\n\n\n\n<div style=\"height:15px\" aria-hidden=\"true\" class=\"wp-block-spacer\"><\/div>\n\n\n\n<div class=\"wp-block-buttons is-content-justification-center is-layout-flex wp-container-core-buttons-is-layout-16018d1d wp-block-buttons-is-layout-flex\">\n<div class=\"wp-block-button has-custom-font-size\" style=\"font-size:18px\"><a class=\"wp-block-button__link has-background wp-element-button\" href=\"https:\/\/www.printmaps.net\/de\/\" style=\"border-radius:10px;background-color:#e5017e\"><p><strong>Erstellen Sie Ihre erste Karte<\/strong><\/p><\/a><\/div>\n<\/div>\n<\/div><\/div>\n\n<div style=\"height:150px\" aria-hidden=\"true\" class=\"wp-block-spacer\"><\/div>\n\n<div class=\"schema-faq wp-block-yoast-faq-block\"><div class=\"schema-faq-section\" id=\"faq-question-1756799870664\"><strong class=\"schema-faq-question\">Was ist eine Reisekarte?<\/strong> <p class=\"schema-faq-answer\">Eine Reisekarte ist die visuelle Darstellung einer Reise auf einer Karte. Sie kann Elemente enthalten wie hervorgehobene Bereiche, Marker zu Sehensw\u00fcrdigkeiten oder Routen. Sie kann als fortlaufendes Tagebuch zur Dokumentation dienen, als Plan f\u00fcr bevorstehende Reisen oder als Andenken an eine abgeschlossene Tour.<\/p> <\/div> <div class=\"schema-faq-section\" id=\"faq-question-1756802782886\"><strong class=\"schema-faq-question\"><\/strong> <p class=\"schema-faq-answer\"><\/p> <\/div> <\/div>\n","protected":false},"excerpt":{"rendered":"<p>Suchen Sie nach einer M\u00f6glichkeit, eine Reisekarte f\u00fcr Ihr Fotobuch oder Reiseblog zu erstellen? Das Sammeln all der sch\u00f6nen Erinnerungen an Ihre Reisen ist eine gute M\u00f6glichkeit, diese wertvollen Erfahrungen festzuhalten. Blicken Sie auf Ihre Reise und Abenteuer zur\u00fcck mit einer pers\u00f6nlich gestalteten Karte, die Ihre genaue Reiseroute zeigt. Mit dem Printmaps Online-Karteneditor k\u00f6nnen Sie [&hellip;]<\/p>\n","protected":false},"author":19,"featured_media":0,"parent":0,"menu_order":0,"comment_status":"closed","ping_status":"closed","template":"","meta":{"_et_pb_use_builder":"off","_et_pb_old_content":"","_et_gb_content_width":"","footnotes":""},"class_list":["post-164572","page","type-page","status-publish","hentry"],"_links":{"self":[{"href":"https:\/\/www.printmaps.net\/de\/wp-json\/wp\/v2\/pages\/164572","targetHints":{"allow":["GET"]}}],"collection":[{"href":"https:\/\/www.printmaps.net\/de\/wp-json\/wp\/v2\/pages"}],"about":[{"href":"https:\/\/www.printmaps.net\/de\/wp-json\/wp\/v2\/types\/page"}],"author":[{"embeddable":true,"href":"https:\/\/www.printmaps.net\/de\/wp-json\/wp\/v2\/users\/19"}],"replies":[{"embeddable":true,"href":"https:\/\/www.printmaps.net\/de\/wp-json\/wp\/v2\/comments?post=164572"}],"version-history":[{"count":7,"href":"https:\/\/www.printmaps.net\/de\/wp-json\/wp\/v2\/pages\/164572\/revisions"}],"predecessor-version":[{"id":221727,"href":"https:\/\/www.printmaps.net\/de\/wp-json\/wp\/v2\/pages\/164572\/revisions\/221727"}],"wp:attachment":[{"href":"https:\/\/www.printmaps.net\/de\/wp-json\/wp\/v2\/media?parent=164572"}],"curies":[{"name":"wp","href":"https:\/\/api.w.org\/{rel}","templated":true}]}}