{"id":164574,"date":"2024-02-24T14:40:00","date_gmt":"2024-02-24T13:40:00","guid":{"rendered":"https:\/\/www.printmaps.net\/karten-fuer-fremdenfuehrer-erstellen\/"},"modified":"2025-10-23T11:22:22","modified_gmt":"2025-10-23T10:22:22","slug":"karten-fuer-fremdenfuehrer-erstellen","status":"publish","type":"page","link":"https:\/\/www.printmaps.net\/de\/karten-fuer-fremdenfuehrer-erstellen\/","title":{"rendered":"Karten f\u00fcr Fremdenf\u00fchrer erstellen"},"content":{"rendered":"\n<div style=\"height:32px\" aria-hidden=\"true\" class=\"wp-block-spacer\"><\/div>\n<div class=\"wp-block-image\">\n<figure class=\"alignleft size-large is-resized\"><img fetchpriority=\"high\" fetchpriority=\"high\" decoding=\"async\" width=\"953\" height=\"718\" src=\"https:\/\/www.printmaps.net\/wp-content\/uploads\/2018\/03\/touristmap.png\" alt=\"fremdenf&#xFC;hrer karten\" class=\"wp-image-28689\" style=\"width:648px;height:486px\"\/><figcaption class=\"wp-element-caption\">\u00a9 Maremonto<\/figcaption><\/figure><\/div>\n<p>Ob in einer Metropole wie New York oder in der rauen Landschaft der abgelegenen schottischen Highlands: Reisen an weit entfernte Orte werden f\u00fcr die Menschen immer einen besonderen Reiz haben. Um sicherzustellen, dass man sich an diesen Orten zurechtfindet, produzieren Verlage eine Unmenge an Reisef\u00fchrern. Und was w\u00e4re ein Reisef\u00fchrer ohne umfassende Karten, die Routen, Sehensw\u00fcrdigkeiten und dergleichen veranschaulichen?<\/p>\n\n<p>In diesem Leitfaden zeigen wir Ihnen, wie Sie die perfekten Karten f\u00fcr Fremdenf\u00fchrer erstellen k\u00f6nnen.<\/p>\n\n<div style=\"height:60px\" aria-hidden=\"true\" class=\"wp-block-spacer\"><\/div>\n\n<div class=\"wp-block-buttons is-content-justification-center is-layout-flex wp-container-core-buttons-is-layout-16018d1d wp-block-buttons-is-layout-flex\">\n<div class=\"wp-block-button has-custom-font-size\" style=\"font-size:18px\"><a class=\"wp-block-button__link has-background wp-element-button\" href=\"https:\/\/www.printmaps.net\/de\/\" style=\"border-radius:10px;background-color:#e5017e\"><p><strong>Fangen Sie jetzt an zu kartieren, keine Anmeldung erforderlich<\/strong><\/p><\/a><\/div>\n<\/div>\n\n<div style=\"height:150px\" aria-hidden=\"true\" class=\"wp-block-spacer\"><\/div>\n\n<h3 class=\"wp-block-heading\">Was auf der Karte eines Reisef\u00fchrers zu sehen ist<\/h3>\n\n<p>Points of Interest, kurz POI, sind Orte, die in der Regel durch eine Markierung auf einer Karte gekennzeichnet sind. Im Tourismus sind POIs wichtig, da sie Touristen zeigen, wo Sehensw\u00fcrdigkeiten, Gastronomie oder Unterk\u00fcnfte zu finden sind.<\/p>\n<div class=\"wp-block-image\">\n<figure class=\"alignright size-large is-resized\"><img decoding=\"async\" width=\"765\" height=\"531\" src=\"https:\/\/www.printmaps.net\/wp-content\/uploads\/2020\/10\/bodensee-karte.jpg\" alt=\"\" class=\"wp-image-70212\" style=\"width:483px;height:335px\" srcset=\"https:\/\/www.printmaps.net\/wp-content\/uploads\/2020\/10\/bodensee-karte.jpg 765w, https:\/\/www.printmaps.net\/wp-content\/uploads\/2020\/10\/bodensee-karte-480x333.jpg 480w\" sizes=\"(min-width: 0px) and (max-width: 480px) 480px, (min-width: 481px) 765px, 100vw\" \/><\/figure><\/div>\n<p>Wie bei jeder Karte, die die Orientierung erleichtern soll, sollte die verwendete Basiskartografie zumindest das Stra\u00dfennetz und die Ortsnamen enthalten, damit die Menschen auf einen Blick sehen k\u00f6nnen, wie sie dorthin gelangen. Die Topografie, d. h. die Schattierung von H\u00fcgeln und dergleichen, ist in dieser Hinsicht nur von geringer Bedeutung.<\/p>\n\n<p>Um schnell erkennen zu k\u00f6nnen, um welche Art von POI es sich handelt, ist es au\u00dferdem wichtig, seine Funktion mit dem richtigen Symbol zu kennzeichnen. Verwenden Sie dazu Symbole, die allgemein bekannt sind, wie z. B. ein Flugzeug f\u00fcr einen Flughafen, einen Burger f\u00fcr ein Restaurant oder eine Weinflasche mit einem Glas f\u00fcr eine Bar.<\/p>\n\n<div style=\"height:100px\" aria-hidden=\"true\" class=\"wp-block-spacer\"><\/div>\n<div class=\"wp-block-image\">\n<figure class=\"alignleft size-large is-resized\"><img decoding=\"async\" width=\"621\" height=\"438\" src=\"https:\/\/www.printmaps.net\/wp-content\/uploads\/2018\/03\/FreeWebImage-8.png\" alt=\"fremdenf&#xFC;hrer karte\" class=\"wp-image-28695\" style=\"width:614px;height:433px\"\/><\/figure><\/div>\n<h3 class=\"wp-block-heading\">Wanderrouten<\/h3>\n\n<p>Viele Touristenziele werden von Besuchern genutzt, um die Natur zu erkunden und zu genie\u00dfen. Um den Lesern zu erm\u00f6glichen, die besten Routen f\u00fcr Wanderungen oder Spazierg\u00e4nge zu finden, ist es ratsam, Routen zu kartieren. Im Gegensatz zu den oben beschriebenen Karten f\u00fcr POIs ist bei diesen Arten von Karten die Einbeziehung der Topographie am wichtigsten. Auf einen Blick k\u00f6nnen Besucher erkennen, ob sie bergauf oder entlang einer Ebene wandern werden, die ihre Fitness nicht herausfordert.<\/p>\n\n<div style=\"height:44px\" aria-hidden=\"true\" class=\"wp-block-spacer\"><\/div>\n\n<h3 class=\"wp-block-heading\">Die Vorteile von Printmaps nutzen<\/h3>\n\n<p><p>Abgesehen von den vielen anderen Funktionen, die Printmaps bietet, haben wir auch einen eingebauten Geocoder, mit dem Sie Ihre Adressen in Batches\u00a0 hochladen und in ihre jeweiligen Koordinaten umwandeln k\u00f6nnen. Es ist wirklich so einfach wie das Kopieren und Einf\u00fcgen von Daten aus einer Tabellenkalkulation oder einer Datenbankspalte. Klicken Sie einfach auf diese Schaltfl\u00e4che im Editor:\u00a0 <img loading=\"lazy\" loading=\"lazy\" decoding=\"async\" src=\"https:\/\/www.printmaps.net\/wp-content\/uploads\/2018\/03\/poibutton.png\" alt=\"\" width=\"58\" height=\"51\"\/> und schon haben Sie eine vertraute Ansicht vor sich. Alles, was Sie tun m\u00fcssen, ist, Ihren Inhalt in die entsprechenden Felder einzuf\u00fcgen, und Printmaps erledigt den Rest.<\/p><\/p>\n<div class=\"wp-block-image\">\n<figure class=\"aligncenter size-large\"><img loading=\"lazy\" loading=\"lazy\" decoding=\"async\" width=\"1024\" height=\"517\" src=\"https:\/\/www.printmaps.net\/wp-content\/uploads\/2019\/07\/printable-map-batch-geocode-addresses-excel-2-1024x517.gif\" alt=\"Batch-Geocodierung von Adressen f&#xFC;r druckbare Karten\" class=\"wp-image-37475\" srcset=\"https:\/\/www.printmaps.net\/wp-content\/uploads\/2019\/07\/printable-map-batch-geocode-addresses-excel-2-1024x517.gif 1024w, https:\/\/www.printmaps.net\/wp-content\/uploads\/2019\/07\/printable-map-batch-geocode-addresses-excel-2-980x495.gif 980w, https:\/\/www.printmaps.net\/wp-content\/uploads\/2019\/07\/printable-map-batch-geocode-addresses-excel-2-480x242.gif 480w\" sizes=\"auto, (min-width: 0px) and (max-width: 480px) 480px, (min-width: 481px) and (max-width: 980px) 980px, (min-width: 981px) 1024px, 100vw\" \/><\/figure><\/div>\n<p>Sobald unser Geocodierungs-Engine die Adressen in ihre jeweiligen Koordinaten umgewandelt hat, k\u00f6nnen Sie den Typ des Markers, die Farbe, das Symbol oder deren Gr\u00f6\u00dfe \u00e4ndern. Alle POIs werden in einer separaten Ebene gespeichert, sodass Sie, sobald Sie Ihre Karte im Photoshop-Format heruntergeladen haben, diese \u00f6ffnen und die Positionierung Ihrer POIs feinabstimmen k\u00f6nnen.<\/p>\n\n<div style=\"height:30px\" aria-hidden=\"true\" class=\"wp-block-spacer\"><\/div>\n\n<h3 class=\"wp-block-heading\">Das ist noch nicht alles<\/h3>\n\n<p><p>Neben der M\u00f6glichkeit, so viele POIs zu positionieren, wie Sie m\u00f6chten, bietet Printmaps eine Vielzahl von Tools, um Ihre Erfahrung zu optimieren. Wenn Sie beispielsweise die Aufmerksamkeit auf ein bestimmtes Land oder eine bestimmte Gemeinde lenken m\u00f6chten, k\u00f6nnen Sie das Printmaps-Formenwerkzeug verwenden. Klicken Sie einfach auf diese Schaltfl\u00e4che <img loading=\"lazy\" loading=\"lazy\" decoding=\"async\" src=\"https:\/\/www.printmaps.net\/wp-content\/uploads\/2018\/03\/shapesButton.png\" alt=\"\" width=\"57\" height=\"50\"\/> und suchen Sie nach dem, was Sie ben\u00f6tigen.<\/p><\/p>\n\n<figure class=\"wp-block-image size-large\"><img loading=\"lazy\" loading=\"lazy\" decoding=\"async\" width=\"993\" height=\"580\" src=\"https:\/\/www.printmaps.net\/wp-content\/uploads\/2018\/03\/shapetool.png\" alt=\"\" class=\"wp-image-61153\"\/><\/figure>\n<div style=\"height:100px\" aria-hidden=\"true\" class=\"wp-block-spacer\"><\/div>\n<div class=\"wp-block-image\">\n<figure class=\"alignright size-large\"><img loading=\"lazy\" loading=\"lazy\" decoding=\"async\" width=\"621\" height=\"438\" src=\"https:\/\/www.printmaps.net\/wp-content\/uploads\/2018\/03\/FreeWebImage-4.png\" alt=\"\" class=\"wp-image-28655\"\/><\/figure><\/div>\n<p>Die Verwendung von Formen hilft nicht nur, den Fokus des Betrachters auf den Bereich zu lenken, den Sie hervorheben m\u00f6chten, sondern entfernt auch Bereiche, die Sie aus welchen Gr\u00fcnden auch immer nicht auf Ihrer Karte sehen m\u00f6chten.<\/p>\n\n<div style=\"height:100px\" aria-hidden=\"true\" class=\"wp-block-spacer\"><\/div>\n<div class=\"wp-block-image\">\n<figure class=\"alignleft size-large is-resized\"><img loading=\"lazy\" loading=\"lazy\" decoding=\"async\" width=\"1200\" height=\"800\" src=\"https:\/\/www.printmaps.net\/wp-content\/uploads\/2018\/01\/bodensee-karte.jpg\" alt=\"fremdenf&#xFC;hrer karte\" class=\"wp-image-27849\" style=\"width:579px;height:385px\"\/><\/figure><\/div>\n<h3 class=\"wp-block-heading\">Routen mit wenigen Klicks erstellen<\/h3>\n\n<p>Auch das Hinzuf\u00fcgen von Karten mit Wanderrouten ist ein Kinderspiel. Mit unserem Routeneditor k\u00f6nnen Sie Ihre Routen nicht nur freih\u00e4ndig zeichnen, sondern auch einen Assistenten verwenden, der magnetisch an vorhandenen Stra\u00dfen einrastet, sodass Sie buchst\u00e4blich in Sekundenschnelle Routen erstellen k\u00f6nnen.<\/p>\n\n<p>Aber das ist noch nicht alles. Wenn Sie Ihre Routen schon einmal mit einem GPS-f\u00e4higen Ger\u00e4t aufgezeichnet haben, k\u00f6nnen Sie diese Dateien &#8211; in der Regel im GPX-Format &#8211; in den Editor hochladen und sie werden dann auf Ihrer Karte angezeigt. Eine weitere tolle Sache: Sie k\u00f6nnen so viele Routen hochladen, wie Sie wollen &#8211; und auf Ihre Karte passen.<\/p>\n\n<div style=\"height:100px\" aria-hidden=\"true\" class=\"wp-block-spacer\"><\/div>\n\n<p class=\"has-large-font-size\">Es ist, was Sie daraus machen<\/p>\n\n<p>Die Erstellung druckbarer Karten f\u00fcr Ver\u00f6ffentlichungen erfordert mehr als nur das Vorhandensein der richtigen Geowerkzeuge; es geht darum, Ihre eigenen Designs und Ideen zu nutzen. Mit Printmaps haben Sie vollst\u00e4ndige Flexibilit\u00e4t, sei es bei der Auswahl der Kartographie oder bei der Auswahl der Features, die in Ihre Karte aufgenommen werden sollen.<\/p>\n\n<p>Die Anpassungsm\u00f6glichkeiten h\u00f6ren hier jedoch nicht auf. Sobald Sie Ihre Karte erstellt und heruntergeladen haben, sind die M\u00f6glichkeiten endlos. M\u00f6chten Sie Sehensw\u00fcrdigkeiten mit zus\u00e4tzlichen Details verbessern? Ihre eigenen Logos, Grafiken oder Texte hinzuf\u00fcgen? Unsere Karten werden im geschichteten PSD-Format geliefert, was es Ihnen erm\u00f6glicht, jeden Aspekt zu modifizieren, bis hin zu einzelnen Sehensw\u00fcrdigkeiten.<\/p>\n\n<p>Warum probieren Sie unseren Editor nicht einfach aus und entdecken, wie Sie m\u00fchelos Ihre Ideen in die perfekte Karte verwandeln k\u00f6nnen, die speziell f\u00fcr Ver\u00f6ffentlichungen angepasst ist?<\/p>\n\n<div style=\"height:48px\" aria-hidden=\"true\" class=\"wp-block-spacer\"><\/div>\n\n<div class=\"wp-block-group\"><div class=\"wp-block-group__inner-container is-layout-constrained wp-block-group-is-layout-constrained\">\n<h2 class=\"wp-block-heading has-text-align-center has-large-font-size\" style=\"font-style:normal;font-weight:700\">Probieren Sie Printmaps<\/h2>\n\n\n\n<p class=\"has-text-align-center has-medium-font-size\">Mit unserem\u00a0Karteneditor k\u00f6nnen Sie in k\u00fcrzester Zeit weltweit druckbare Karten erstellen.<\/p>\n\n\n\n<div style=\"height:15px\" aria-hidden=\"true\" class=\"wp-block-spacer\"><\/div>\n\n\n\n<div class=\"wp-block-buttons is-content-justification-center is-layout-flex wp-container-core-buttons-is-layout-16018d1d wp-block-buttons-is-layout-flex\">\n<div class=\"wp-block-button has-custom-font-size\" style=\"font-size:18px\"><a class=\"wp-block-button__link has-background wp-element-button\" href=\"https:\/\/www.printmaps.net\/de\/\" style=\"border-radius:10px;background-color:#e5017e\"><p><strong>Erstellen Sie Ihre erste Karte<\/strong><\/p><\/a><\/div>\n<\/div>\n<\/div><\/div>\n\n<div style=\"height:150px\" aria-hidden=\"true\" class=\"wp-block-spacer\"><\/div>\n\n<div class=\"schema-faq wp-block-yoast-faq-block\"><div class=\"schema-faq-section\" id=\"faq-question-1757946994908\"><strong class=\"schema-faq-question\">Kann ich dieselbe Karte in mehreren Sprachen erstellen?<\/strong> <p class=\"schema-faq-answer\">Ja. Nutzen Sie oben rechts im Editor die Funktionen \u201eSpeichern\u201c und \u201e\u00d6ffnen\u201c, um dieselbe Karte wieder zu \u00f6ffnen. Anschlie\u00dfend k\u00f6nnen Sie die Anzeigesprache der Beschriftungen unter \u201eERWEITERTE STIL-EINSTELLUNGEN\u201c \u00e4ndern. Wenn Beschriftungen in der gew\u00e4hlten Sprache nicht verf\u00fcgbar sind, werden sie in der lokalen Sprache angezeigt.<\/p> <\/div> <div class=\"schema-faq-section\" id=\"faq-question-1757947141133\"><strong class=\"schema-faq-question\"><p><strong>Wie visualisiere ich Fu\u00dfwege und \u00d6PNV gemeinsam?<\/strong><\/p><\/strong> <p class=\"schema-faq-answer\">Sie k\u00f6nnen mehrere Verkehrsarten in derselben Route anzeigen, indem die Verkehrsart als Symbol neben der Route erscheint. Das geht einfach im Routen-Zeichenwerkzeug unseres Editors. W\u00e4hlen Sie die Verkehrsart, aktivieren Sie \u201eShow Icons\u201c und zeichnen Sie dann Ihre Route. F\u00fcr unterschiedliche Routenteile k\u00f6nnen Sie unterschiedliche Verkehrsarten anzeigen. F\u00fcr mit dem magnet-Tool gezeichnete Routen sind Fu\u00dfg\u00e4nger-, Fahrrad- und Auto-Symbole verf\u00fcgbar. Mit dem arc-line-Tool sind Flugzeuge, Schiffe und Z\u00fcge verf\u00fcgbar. Mit dem straight line-Tool k\u00f6nnen alle Verkehrsarten ausgew\u00e4hlt werden.<\/p> <\/div> <div class=\"schema-faq-section\" id=\"faq-question-1757947701254\"><strong class=\"schema-faq-question\">Was hilft Erstbesuchern bei einer Fu\u00dfg\u00e4ngerkarten am meisten?<\/strong> <p class=\"schema-faq-answer\">Klare Hierarchie: nummerierte POIs, kurze Namen, einheitliche Icons und eine einfache Legende. Geben Sie Zeitabsch\u00e4tzungen zwischen Clustern statt exakter Minuten an.<\/p> <\/div> <div class=\"schema-faq-section\" id=\"faq-question-1757948908032\"><strong class=\"schema-faq-question\">Wie hebe ich das Interessengebiet geschmackvoll hervor?<\/strong> <p class=\"schema-faq-answer\">Am einfachsten markieren Sie das Verwaltungsgebiet mit dem \u201eGeo-Umriss\u201c-Tool und invertieren die Auswahl. \u00c4ndern Sie dann die Farbe auf Wei\u00df (oder eine gew\u00fcnschte Farbe) und stellen Sie die Deckkraft \u00fcber den \u201eA\u201c-Wert im Farbwerkzeug ein. Durch das Aufhellen der anderen Bereiche tritt das gew\u00fcnschte Gebiet deutlicher hervor.<\/p> <\/div> <\/div>\n","protected":false},"excerpt":{"rendered":"<p>Ob in einer Metropole wie New York oder in der rauen Landschaft der abgelegenen schottischen Highlands: Reisen an weit entfernte Orte werden f\u00fcr die Menschen immer einen besonderen Reiz haben. Um sicherzustellen, dass man sich an diesen Orten zurechtfindet, produzieren Verlage eine Unmenge an Reisef\u00fchrern. Und was w\u00e4re ein Reisef\u00fchrer ohne umfassende Karten, die Routen, [&hellip;]<\/p>\n","protected":false},"author":6,"featured_media":0,"parent":0,"menu_order":0,"comment_status":"closed","ping_status":"closed","template":"","meta":{"_et_pb_use_builder":"off","_et_pb_old_content":"","_et_gb_content_width":"","footnotes":""},"class_list":["post-164574","page","type-page","status-publish","hentry"],"_links":{"self":[{"href":"https:\/\/www.printmaps.net\/de\/wp-json\/wp\/v2\/pages\/164574","targetHints":{"allow":["GET"]}}],"collection":[{"href":"https:\/\/www.printmaps.net\/de\/wp-json\/wp\/v2\/pages"}],"about":[{"href":"https:\/\/www.printmaps.net\/de\/wp-json\/wp\/v2\/types\/page"}],"author":[{"embeddable":true,"href":"https:\/\/www.printmaps.net\/de\/wp-json\/wp\/v2\/users\/6"}],"replies":[{"embeddable":true,"href":"https:\/\/www.printmaps.net\/de\/wp-json\/wp\/v2\/comments?post=164574"}],"version-history":[{"count":5,"href":"https:\/\/www.printmaps.net\/de\/wp-json\/wp\/v2\/pages\/164574\/revisions"}],"predecessor-version":[{"id":221921,"href":"https:\/\/www.printmaps.net\/de\/wp-json\/wp\/v2\/pages\/164574\/revisions\/221921"}],"wp:attachment":[{"href":"https:\/\/www.printmaps.net\/de\/wp-json\/wp\/v2\/media?parent=164574"}],"curies":[{"name":"wp","href":"https:\/\/api.w.org\/{rel}","templated":true}]}}