{"id":164675,"date":"2024-02-26T12:03:59","date_gmt":"2024-02-26T11:03:59","guid":{"rendered":"https:\/\/www.printmaps.net\/karte-mit-mehreren-standorten-drucken\/"},"modified":"2024-06-04T12:48:39","modified_gmt":"2024-06-04T11:48:39","slug":"karte-mit-mehreren-standorten-drucken","status":"publish","type":"page","link":"https:\/\/www.printmaps.net\/de\/karte-mit-mehreren-standorten-drucken\/","title":{"rendered":"Wie man eine Karte mit mehreren Standorten druckt"},"content":{"rendered":"\n<div style=\"height:29px\" aria-hidden=\"true\" class=\"wp-block-spacer\"><\/div>\n\n<div class=\"wp-block-columns is-layout-flex wp-container-core-columns-is-layout-9d6595d7 wp-block-columns-is-layout-flex\">\n<div class=\"wp-block-column is-layout-flow wp-block-column-is-layout-flow\" style=\"flex-basis:66.66%\">\n<figure class=\"wp-block-image size-large\"><img fetchpriority=\"high\" fetchpriority=\"high\" decoding=\"async\" width=\"621\" height=\"438\" src=\"https:\/\/www.printmaps.net\/wp-content\/uploads\/2018\/03\/FreeWebImage-1.png\" alt=\"Karte mit mehreren Standorten drucken\" class=\"wp-image-61156\"\/><\/figure><\/div>\n\n\n\n<div class=\"wp-block-column is-layout-flow wp-block-column-is-layout-flow\" style=\"flex-basis:33.33%\">\n<p>Wenn es darum geht, mehrere Standorte auf einer Karte zu markieren, gibt es ein paar Dinge zu beachten. Erstens, wie Sie Ihre Unternehmensstandorte, Gesch\u00e4fte und andere wichtige Sehensw\u00fcrdigkeiten so schnell und effizient wie m\u00f6glich an ihrem richtigen Standort auf der Karte markieren k\u00f6nnen. Zweitens, wie Sie die Qualit\u00e4t der Karte bewahren k\u00f6nnen, damit sie in hoher Aufl\u00f6sung gedruckt werden kann. Das Drucken einer Karte mit mehreren Standorten f\u00fcr Ihr Unternehmen kann leicht zu einem zeitaufw\u00e4ndigen und teuren Gesch\u00e4ft werden. Insbesondere wenn Ihr Unternehmen aus vielen station\u00e4ren Gesch\u00e4ften besteht, erfordert es Zeit, Fachwissen und einiges an Geduld, um alle diese auf einer Karte darzustellen.<\/p>\n<\/div>\n<\/div>\n\n<div style=\"height:23px\" aria-hidden=\"true\" class=\"wp-block-spacer\"><\/div>\n\n<div class=\"wp-block-buttons is-content-justification-center is-layout-flex wp-container-core-buttons-is-layout-16018d1d wp-block-buttons-is-layout-flex\">\n<div class=\"wp-block-button has-custom-font-size\" style=\"font-size:18px\"><a class=\"wp-block-button__link has-background wp-element-button\" href=\"https:\/\/www.printmaps.net\/de\/\" style=\"border-radius:10px;background-color:#e5017e\"><p><strong>Fangen Sie jetzt an zu kartieren, keine Anmeldung erforderlich<\/strong><\/p><\/a><\/div>\n<\/div>\n\n<div style=\"height:100px\" aria-hidden=\"true\" class=\"wp-block-spacer\"><\/div>\n\n<p><p><strong>In diesem Artikel werden wir erkl\u00e4ren, wie Sie die Zeit, die f\u00fcr die Erstellung einer Kartendatei zum Drucken einer Karte mit mehreren Standorten ben\u00f6tigt wird, drastisch reduzieren k\u00f6nnen, w\u00e4hrend wir Ihnen gleichzeitig zeigen, wie Sie das Ganze optisch ansprechend gestalten k\u00f6nnen.<\/strong><\/p><\/p>\n\n<h3 class=\"wp-block-heading\" id=\"plot-several-locations-at-once\">Mehrere Standorte auf einmal darstelln<\/h3>\n\n<p>Sie sind m\u00f6glicherweise mit der Vorstellung vertraut, dass der Kauf in gro\u00dfen Mengen immer eine gute Idee ist. Aber wussten Sie, dass das Hochladen Ihrer Geodaten in gro\u00dfen Mengen genauso vorteilhaft sein kann?<\/p>\n\n<p>Es kommt h\u00e4ufig vor, dass Unternehmen nicht nur ein oder zwei oder vielleicht drei station\u00e4re Gesch\u00e4fte haben. Oft sind es so viele, dass die Idee, ihre Koordinaten zu ermitteln, um sie auf einer Karte f\u00fcr Druck- oder Pr\u00e4sentationszwecke zu lokalisieren, wie die m\u00fchsamste aller Aufgaben erscheint. Hier kommt die Massengeokodierung ins Spiel.<\/p>\n\n<div class=\"wp-block-columns is-layout-flex wp-container-core-columns-is-layout-9d6595d7 wp-block-columns-is-layout-flex\">\n<div class=\"wp-block-column is-layout-flow wp-block-column-is-layout-flow\" style=\"flex-basis:33.33%\">\n<p><p>Indem Sie einfach die Postadressen in einen <strong>Massengeokodierungs-Uploader<\/strong> kopieren, werden alle Postadressen in ihre jeweiligen geografischen Koordinaten umgewandelt. Ein gutes Massengeokodierungstool erm\u00f6glicht es Ihnen, Informationen aus einer Datenbank oder einer Tabellenkalkulation wie Microsofts Excel oder Libreoffice&#8217;s Calc zu kopieren und einzuf\u00fcgen und die gesamte Arbeit f\u00fcr Sie zu erledigen. Das Ergebnis sind alle Ihre Interessenspunkte (POIs), die innerhalb weniger Minuten auf der Karte lokalisiert werden.<\/p><\/p>\n<\/div>\n\n\n\n<div class=\"wp-block-column is-layout-flow wp-block-column-is-layout-flow\" style=\"flex-basis:66.66%\">\n<figure class=\"wp-block-image size-large\"><img decoding=\"async\" width=\"621\" height=\"438\" src=\"https:\/\/www.printmaps.net\/wp-content\/uploads\/2018\/03\/FreeWebImage-3.png\" alt=\"Karte mit mehreren Standorten drucken\" class=\"wp-image-61158\"\/><\/figure><\/div>\n<\/div>\n\n<div style=\"height:38px\" aria-hidden=\"true\" class=\"wp-block-spacer\"><\/div>\n\n<h3 class=\"wp-block-heading\" id=\"easily-pin-multiple-locations-on-the-print-map\">Mehrere Standorte lassen sich problemlos auf der gedruckten Karte markieren<br\/><\/h3>\n\n<p><p>Neben den vielen anderen Funktionen bietet Printmaps auch einen integrierten Geocoder, der es Ihnen erm\u00f6glicht, Adressen in Stapelverarbeitung hochzuladen und in ihre entsprechenden Koordinaten umzuwandeln. Es ist wirklich so einfach wie das Kopieren und Einf\u00fcgen von Daten aus einer Tabellenkalkulation oder einer Datenbankspalte. Klicken Sie einfach auf diese Schaltfl\u00e4che im Editor:\u00a0<img decoding=\"async\" width=\"58\" height=\"51\" src=\"https:\/\/www.printmaps.net\/wp-content\/uploads\/2018\/03\/poibutton.png\" alt=\"\"\/>, und Sie werden ein vertrautes Bild vor sich haben. Alles, was Sie tun m\u00fcssen, ist, Ihre Inhalte in die entsprechenden Felder zu kopieren und einzuf\u00fcgen, und Printmaps erledigt den Rest. Kopieren und einf\u00fcgen, wenn Sie <span style=\"text-decoration: underline;\">mehrere Standorte aus Excel auf der Karte anzeigen m\u00f6chten.<\/span>.<\/p><\/p>\n\n<div style=\"height:43px\" aria-hidden=\"true\" class=\"wp-block-spacer\"><\/div>\n\n<figure class=\"wp-block-image size-large\"><img loading=\"lazy\" loading=\"lazy\" decoding=\"async\" width=\"1024\" height=\"517\" src=\"https:\/\/www.printmaps.net\/wp-content\/uploads\/2019\/09\/printable-map-batch-geocode-addresses-excel-1024x517.gif\" alt=\"\" class=\"wp-image-37457\" srcset=\"https:\/\/www.printmaps.net\/wp-content\/uploads\/2019\/09\/printable-map-batch-geocode-addresses-excel-1024x517.gif 1024w, https:\/\/www.printmaps.net\/wp-content\/uploads\/2019\/09\/printable-map-batch-geocode-addresses-excel-980x495.gif 980w, https:\/\/www.printmaps.net\/wp-content\/uploads\/2019\/09\/printable-map-batch-geocode-addresses-excel-480x242.gif 480w\" sizes=\"auto, (min-width: 0px) and (max-width: 480px) 480px, (min-width: 481px) and (max-width: 980px) 980px, (min-width: 981px) 1024px, 100vw\" \/><\/figure>\n<div style=\"height:20px\" aria-hidden=\"true\" class=\"wp-block-spacer\"><\/div>\n\n<p>Nachdem unser Geocodierungs-Engine die Adressen in ihre jeweiligen Koordinaten umgewandelt hat, k\u00f6nnen Sie den Marker-Typ, die Farbe, das Symbol oder ihre Gr\u00f6\u00dfe \u00e4ndern. Alle POIs werden in einer separaten Ebene gespeichert, sodass Sie, sobald Sie Ihre Karte im Photoshop-Format heruntergeladen haben, sie \u00f6ffnen und die Positionierung Ihrer POIs feinabstimmen k\u00f6nnen.<\/p>\n\n<div style=\"height:20px\" aria-hidden=\"true\" class=\"wp-block-spacer\"><\/div>\n\n<h3 class=\"wp-block-heading\" id=\"add-custom-pins-to-your-multiple-locations-map\">F\u00fcgen Sie benutzerdefinierte Pins zu Ihrer Karte mit mehreren Standorten hinzu<\/h3>\n\n<p><p>Wenn Sie eine Karte mit mehreren Standorten drucken m\u00f6chten, m\u00f6chten Sie diese Standorte m\u00f6glicherweise mit Pins markieren, die Ihr Firmenlogo zeigen. Im Editor haben Sie die M\u00f6glichkeit, Ihre <a href=\"\/de\/karte-mit-pins-erstellen\/\">eigenen individuellen Pins hochzuladen<\/a> und diese sofort auf Ihrer Karte zu platzieren. Sie k\u00f6nnen auch entscheiden, Ihre benutzerdefinierten Pins sp\u00e4ter hinzuzuf\u00fcgen, w\u00e4hrend Sie in Photoshop oder Illustrator bearbeiten.<\/p><\/p>\n\n<h2 class=\"wp-block-heading\" id=\"but-wait-there-s-more\">Das ist noch nicht alles<\/h2>\n\n<p><p>Neben der M\u00f6glichkeit, so viele POIs zu positionieren, wie Sie m\u00f6chten, bietet Printmaps eine Vielzahl von Tools, um Ihnen das Leben zu erleichtern. Nehmen wir an, Sie m\u00f6chten eine Grenze um das Land oder die Gemeinde zeichnen, die Sie hervorheben m\u00f6chten? Daf\u00fcr ist das Printmaps-Formwerkzeug gedacht. Klicken Sie auf diese Schaltfl\u00e4che\u00a0<img loading=\"lazy\" loading=\"lazy\" decoding=\"async\" width=\"57\" height=\"50\" src=\"https:\/\/www.printmaps.net\/wp-content\/uploads\/2018\/03\/shapesButton.png\" alt=\"\"\/>\u00a0und suchen Sie dann einfach, wonach Sie suchen.<\/p><\/p>\n\n<figure class=\"wp-block-image size-large\"><img loading=\"lazy\" loading=\"lazy\" decoding=\"async\" width=\"529\" height=\"417\" src=\"https:\/\/www.printmaps.net\/wp-content\/uploads\/2019\/07\/printable-map-draw-geographic-shape-administrative-1.gif\" alt=\"W&#xE4;hlen Sie geografische\/administrative Formen aus\" class=\"wp-image-37476\"\/><\/figure>\n<div style=\"height:61px\" aria-hidden=\"true\" class=\"wp-block-spacer\"><\/div>\n\n<div class=\"wp-block-columns is-layout-flex wp-container-core-columns-is-layout-9d6595d7 wp-block-columns-is-layout-flex\">\n<div class=\"wp-block-column is-layout-flow wp-block-column-is-layout-flow\" style=\"flex-basis:33.33%\">\n<p>Die Verwendung von Formen hilft nicht nur, den Fokus des Betrachters auf den Bereich zu lenken, den Sie hervorheben m\u00f6chten, sondern entfernt auch Bereiche, die Sie aus welchen Gr\u00fcnden auch immer nicht auf Ihrer Karte sehen m\u00f6chten.<\/p>\n<\/div>\n\n\n\n<div class=\"wp-block-column is-layout-flow wp-block-column-is-layout-flow\" style=\"flex-basis:66.66%\">\n<figure class=\"wp-block-image size-large\"><img loading=\"lazy\" loading=\"lazy\" decoding=\"async\" width=\"621\" height=\"438\" src=\"https:\/\/www.printmaps.net\/wp-content\/uploads\/2018\/03\/FreeWebImage-4.png\" alt=\"Karte mit mehreren Standorten drucken\" class=\"wp-image-61152\"\/><\/figure>\n\n\n<p><\/p>\n<\/div>\n<\/div>\n\n<div style=\"height:27px\" aria-hidden=\"true\" class=\"wp-block-spacer\"><\/div>\n\n<div class=\"wp-block-columns is-layout-flex wp-container-core-columns-is-layout-9d6595d7 wp-block-columns-is-layout-flex\">\n<div class=\"wp-block-column is-layout-flow wp-block-column-is-layout-flow\" style=\"flex-basis:66.66%\">\n<figure class=\"wp-block-image size-large\"><img loading=\"lazy\" loading=\"lazy\" decoding=\"async\" width=\"621\" height=\"438\" src=\"https:\/\/www.printmaps.net\/wp-content\/uploads\/2018\/03\/FreeWebImage-5.png\" alt=\"Karte mit mehreren Standorten drucken\" class=\"wp-image-28654\"\/><\/figure><\/div>\n\n\n\n<div class=\"wp-block-column is-layout-flow wp-block-column-is-layout-flow\" style=\"flex-basis:33.33%\">\n<p>Ein weiteres wichtiges und n\u00fctzliches Zeichenwerkzeug ist der Routeneditor. Haben Sie eine Route zwischen Orten, die Sie auf der Karte anzeigen m\u00f6chten? Zeichnen Sie sie einfach oder laden Sie sie hoch, wenn Sie sie als GPX-Datei haben, und sie wird Ihrer Karte hinzugef\u00fcgt. Und ja, Sie k\u00f6nnen nat\u00fcrlich mehr als nur eine Route auf Ihrer Karte zeichnen.<\/p>\n<\/div>\n<\/div>\n\n<div style=\"height:61px\" aria-hidden=\"true\" class=\"wp-block-spacer\"><\/div>\n\n<div class=\"wp-block-group\"><div class=\"wp-block-group__inner-container is-layout-constrained wp-block-group-is-layout-constrained\">\n<h2 class=\"wp-block-heading has-text-align-center has-large-font-size\" style=\"font-style:normal;font-weight:700\">Probieren Sie Printmaps<\/h2>\n\n\n\n<p class=\"has-text-align-center has-medium-font-size\">Mit unserem\u00a0Karteneditor k\u00f6nnen Sie in k\u00fcrzester Zeit weltweit druckbare Karten erstellen.<\/p>\n\n\n\n<div style=\"height:15px\" aria-hidden=\"true\" class=\"wp-block-spacer\"><\/div>\n\n\n\n<div class=\"wp-block-buttons is-content-justification-center is-layout-flex wp-container-core-buttons-is-layout-16018d1d wp-block-buttons-is-layout-flex\">\n<div class=\"wp-block-button has-custom-font-size\" style=\"font-size:18px\"><a class=\"wp-block-button__link has-background wp-element-button\" href=\"https:\/\/www.printmaps.net\/de\/\" style=\"border-radius:10px;background-color:#e5017e\"><p><strong>Erstellen Sie Ihre erste Karte<\/strong><\/p><\/a><\/div>\n<\/div>\n<\/div><\/div>\n\n<div style=\"height:150px\" aria-hidden=\"true\" class=\"wp-block-spacer\"><\/div>\n","protected":false},"excerpt":{"rendered":"<p>Wenn es darum geht, mehrere Standorte auf einer Karte zu markieren, gibt es ein paar Dinge zu beachten. Erstens, wie Sie Ihre Unternehmensstandorte, Gesch\u00e4fte und andere wichtige Sehensw\u00fcrdigkeiten so schnell und effizient wie m\u00f6glich an ihrem richtigen Standort auf der Karte markieren k\u00f6nnen. Zweitens, wie Sie die Qualit\u00e4t der Karte bewahren k\u00f6nnen, damit sie in [&hellip;]<\/p>\n","protected":false},"author":19,"featured_media":0,"parent":0,"menu_order":0,"comment_status":"closed","ping_status":"closed","template":"","meta":{"_et_pb_use_builder":"off","_et_pb_old_content":"","_et_gb_content_width":"","footnotes":""},"class_list":["post-164675","page","type-page","status-publish","hentry"],"_links":{"self":[{"href":"https:\/\/www.printmaps.net\/de\/wp-json\/wp\/v2\/pages\/164675","targetHints":{"allow":["GET"]}}],"collection":[{"href":"https:\/\/www.printmaps.net\/de\/wp-json\/wp\/v2\/pages"}],"about":[{"href":"https:\/\/www.printmaps.net\/de\/wp-json\/wp\/v2\/types\/page"}],"author":[{"embeddable":true,"href":"https:\/\/www.printmaps.net\/de\/wp-json\/wp\/v2\/users\/19"}],"replies":[{"embeddable":true,"href":"https:\/\/www.printmaps.net\/de\/wp-json\/wp\/v2\/comments?post=164675"}],"version-history":[{"count":5,"href":"https:\/\/www.printmaps.net\/de\/wp-json\/wp\/v2\/pages\/164675\/revisions"}],"predecessor-version":[{"id":173426,"href":"https:\/\/www.printmaps.net\/de\/wp-json\/wp\/v2\/pages\/164675\/revisions\/173426"}],"wp:attachment":[{"href":"https:\/\/www.printmaps.net\/de\/wp-json\/wp\/v2\/media?parent=164675"}],"curies":[{"name":"wp","href":"https:\/\/api.w.org\/{rel}","templated":true}]}}