{"id":164689,"date":"2024-02-26T12:35:44","date_gmt":"2024-02-26T11:35:44","guid":{"rendered":"https:\/\/www.printmaps.net\/strava-routenausdrucke\/"},"modified":"2024-07-10T12:54:20","modified_gmt":"2024-07-10T11:54:20","slug":"strava-routenausdrucke","status":"publish","type":"page","link":"https:\/\/www.printmaps.net\/de\/strava-routenausdrucke\/","title":{"rendered":"Strava Routenausdrucke: Drucken Sie eine Strava-Karte aus und verewigen Sie Ihre Radtour, Wanderstrecke oder Marathonroute"},"content":{"rendered":"\n<p class=\"has-text-align-center\">Erstellen Sie mit dem Printmaps-Editor ganz einfach selbst Drucke von Wanderwegen, Radstrecken oder Marathonkarten. Laden Sie Ihre Route hoch und erstellen Sie pers\u00f6nliche Lauf-App-Drucke.<\/p>\n\n<hr class=\"wp-block-separator has-css-opacity\"\/>\n\n<div style=\"height:55px\" aria-hidden=\"true\" class=\"wp-block-spacer\"><\/div>\n\n<div class=\"wp-block-columns is-layout-flex wp-container-core-columns-is-layout-9d6595d7 wp-block-columns-is-layout-flex\">\n<div class=\"wp-block-column is-layout-flow wp-block-column-is-layout-flow\">\n<p class=\"has-drop-cap\"><p>Das Ger\u00e4usch Ihrer Schritte auf dem Pfad, die frische Waldluft in Ihrer Nase, die meditative Stille, die gelegentlich von Vogelgezwitscher unterbrochen wird &#8211; wie oft schweifen Ihre Gedanken zu Ihrem Lieblingslauf ab? Ist allein der Gedanke daran nicht schon sehr befriedigend? Vielleicht sollte man sich \u00f6fter daran erinnern und belohnen, dass man trainiert. <strong>Warum verewigen Sie Ihre Strava-Routen-Drucke nicht in einem Rahmen oder an der Wand?<\/strong> F\u00fcgen Sie Ihre schnellste Zeit hinzu, feiern Sie Ihre Leistung und erinnern Sie sich in Ihren eigenen vier W\u00e4nden daran. Wer wei\u00df, vielleicht weckt es sogar Ihre Motivation, \u00f6fter zu trainieren!<\/p><\/p>\n\n\n\n<div style=\"height:49px\" aria-hidden=\"true\" class=\"wp-block-spacer\"><\/div>\n\n\n\n<p><p>W\u00e4hrend andere ihren Kunden helfen, ihren <a href=\"https:\/\/www.strava.com\/apps\/prints\">Strava-Routen in allen m\u00f6glichen kreativen Formen eine andere Dimension zu verleihen<\/a>, k\u00f6nnen Sie das mit Printmaps selbst tun! Mit dem Printmaps-Editor k\u00f6nnen Sie aufgezeichnete Routen (KML, GPX, GeoJSON) in hochaufl\u00f6sende Karten hochladen, die f\u00fcr den Druck geeignet sind. W\u00e4hlen Sie den Kartenstil Ihrer Lieblings-App und drucken Sie die Route genau so, wie sie dort angezeigt wird. M\u00f6chten Sie Ihre Radtour in Frankreich ausdrucken? Laden Sie einfach die GPX-Datei von Bikemap herunter und laden Sie sie in den <a href=\"\/de\/\">Printmaps-Editor<\/a> hoch. Dasselbe gilt f\u00fcr <a href=\"\/de\/komoot\/\">Komoot-Tourenausdrucke<\/a> oder Ihren Lieblingslauf in der Nachbarschaft, den Sie in Strava aufgezeichnet haben. Da Printmaps 300dpi haben, k\u00f6nnen sie im Posterformat gedruckt werden, ohne dass Details in der Karte verloren gehen.<\/p><\/p>\n\n\n\n<div style=\"height:16px\" aria-hidden=\"true\" class=\"wp-block-spacer\"><\/div>\n<\/div>\n\n\n\n<div class=\"wp-block-column is-layout-flow wp-block-column-is-layout-flow\">\n<figure class=\"wp-block-image size-large is-resized\"><img fetchpriority=\"high\" fetchpriority=\"high\" decoding=\"async\" width=\"819\" height=\"1024\" src=\"https:\/\/www.printmaps.net\/wp-content\/uploads\/2021\/03\/strava-prints-819x1024.jpg\" alt=\"marathon karte drucken\" class=\"wp-image-80974\" style=\"width:523px;height:653px\"\/><\/figure>\n\n\n<p><\/p>\n<\/div>\n<\/div>\n\n<div style=\"height:50px\" aria-hidden=\"true\" class=\"wp-block-spacer\"><\/div>\n\n<div class=\"wp-block-group\"><div class=\"wp-block-group__inner-container is-layout-constrained wp-block-group-is-layout-constrained\">\n<h2 class=\"wp-block-heading has-text-align-center has-large-font-size\" style=\"font-style:normal;font-weight:700\">Probieren Sie Printmaps<\/h2>\n\n\n\n<p class=\"has-text-align-center has-medium-font-size\">Mit unserem\u00a0Karteneditor k\u00f6nnen Sie in k\u00fcrzester Zeit weltweit druckbare Karten erstellen.<\/p>\n\n\n\n<div style=\"height:15px\" aria-hidden=\"true\" class=\"wp-block-spacer\"><\/div>\n\n\n\n<div class=\"wp-block-buttons is-content-justification-center is-layout-flex wp-container-core-buttons-is-layout-16018d1d wp-block-buttons-is-layout-flex\">\n<div class=\"wp-block-button has-custom-font-size\" style=\"font-size:18px\"><a class=\"wp-block-button__link has-background wp-element-button\" href=\"https:\/\/www.printmaps.net\/de\/\" style=\"border-radius:10px;background-color:#e5017e\"><p><strong>Erstellen Sie Ihre erste Karte<\/strong><\/p><\/a><\/div>\n<\/div>\n<\/div><\/div>\n\n<div style=\"height:100px\" aria-hidden=\"true\" class=\"wp-block-spacer\"><\/div>\n\n<h2 class=\"wp-block-heading has-text-align-center\">Erstellen Sie in 5 einfachen Schritten Ihren Marathon-Kartenausdruck oder andere Strava-Routenausdrucke:<\/h2>\n\n<div style=\"height:34px\" aria-hidden=\"true\" class=\"wp-block-spacer\"><\/div>\n\n<hr class=\"wp-block-separator has-css-opacity\"\/>\n\n<div style=\"height:50px\" aria-hidden=\"true\" class=\"wp-block-spacer\"><\/div>\n\n<div class=\"wp-block-columns is-layout-flex wp-container-core-columns-is-layout-9d6595d7 wp-block-columns-is-layout-flex\">\n<div class=\"wp-block-column is-layout-flow wp-block-column-is-layout-flow\">\n<p><\/p>\n\n\n\n<h3 class=\"wp-block-heading\">1. Zeichnen Sie Ihre Route auf oder laden Sie eine aufgezeichnete Route auf Ihren Computer herunter<\/h3>\n\n\n\n<p><\/p>\n\n\n\n<h3 class=\"wp-block-heading\">2. Laden Sie diese Route in die Karte im Printmaps-Editor hoch<\/h3>\n\n\n\n<p><\/p>\n\n\n\n<h3 class=\"wp-block-heading\">3. Stellen Sie Ihre Karte im Editor fertig<\/h3>\n\n\n\n<p><\/p>\n\n\n\n<h3 class=\"wp-block-heading\">4. Lassen Sie Ihre Karte drucken, flach oder auf Leinwand<\/h3>\n\n\n\n<p><\/p>\n\n\n\n<h3 class=\"wp-block-heading\">5. Die Karte einrahmen und an die Wand h\u00e4ngen<\/h3>\n<\/div>\n\n\n\n<div class=\"wp-block-column is-layout-flow wp-block-column-is-layout-flow\"><div class=\"wp-block-image\">\n<figure class=\"aligncenter size-large is-resized\"><img decoding=\"async\" width=\"1024\" height=\"683\" src=\"https:\/\/www.printmaps.net\/wp-content\/uploads\/2021\/03\/map-wall-art-1024x683.jpg\" alt=\"strava drucke\" class=\"wp-image-80994\" style=\"width:1094px;height:729px\" srcset=\"https:\/\/www.printmaps.net\/wp-content\/uploads\/2021\/03\/map-wall-art-980x653.jpg 980w, https:\/\/www.printmaps.net\/wp-content\/uploads\/2021\/03\/map-wall-art-480x320.jpg 480w\" sizes=\"(min-width: 0px) and (max-width: 480px) 480px, (min-width: 481px) and (max-width: 980px) 980px, (min-width: 981px) 1024px, 100vw\" \/><\/figure><\/div><\/div>\n<\/div>\n\n<div style=\"height:41px\" aria-hidden=\"true\" class=\"wp-block-spacer\"><\/div>\n\n<hr class=\"wp-block-separator has-css-opacity\"\/>\n\n<div style=\"height:81px\" aria-hidden=\"true\" class=\"wp-block-spacer\"><\/div>\n\n<p><p>Wie man GPX-, KML- oder GeoJSON-Dateien auf die Karte hochl\u00e4dt, zum Beispiel mit einer aufgezeichneten Route. <a href=\"\/de\/funktionen\/\">Erfahren Sie mehr \u00fcber die weiteren Funktionen<\/a>.<\/p><\/p>\n\n<figure class=\"wp-block-embed is-type-video is-provider-youtube wp-block-embed-youtube wp-embed-aspect-16-9 wp-has-aspect-ratio\"><div class=\"wp-block-embed__wrapper\">\r\n<iframe title=\"Upload GPX route on high resolution map in the Printmaps editor | No need for Google maps\" width=\"1080\" height=\"608\" src=\"https:\/\/www.youtube.com\/embed\/aM5W250xMYU?feature=oembed\"  allow=\"accelerometer; autoplay; clipboard-write; encrypted-media; gyroscope; picture-in-picture; web-share\" allowfullscreen><\/iframe>\r\n<\/div><\/figure>\r\n\n<div style=\"height:30px\" aria-hidden=\"true\" class=\"wp-block-spacer\"><\/div>\n\n<p><\/p>\n\n<div style=\"height:66px\" aria-hidden=\"true\" class=\"wp-block-spacer\"><\/div>\n\n<div style=\"height:22px\" aria-hidden=\"true\" class=\"wp-block-spacer\"><\/div>\n\n<div class=\"wp-block-columns is-layout-flex wp-container-core-columns-is-layout-9d6595d7 wp-block-columns-is-layout-flex\"><\/div>\n","protected":false},"excerpt":{"rendered":"<p>Erstellen Sie mit dem Printmaps-Editor ganz einfach selbst Drucke von Wanderwegen, Radstrecken oder Marathonkarten. Laden Sie Ihre Route hoch und erstellen Sie pers\u00f6nliche Lauf-App-Drucke. Das Ger\u00e4usch Ihrer Schritte auf dem Pfad, die frische Waldluft in Ihrer Nase, die meditative Stille, die gelegentlich von Vogelgezwitscher unterbrochen wird &#8211; wie oft schweifen Ihre Gedanken zu Ihrem Lieblingslauf [&hellip;]<\/p>\n","protected":false},"author":19,"featured_media":0,"parent":0,"menu_order":0,"comment_status":"closed","ping_status":"closed","template":"","meta":{"_et_pb_use_builder":"","_et_pb_old_content":"","_et_gb_content_width":"","footnotes":""},"class_list":["post-164689","page","type-page","status-publish","hentry"],"_links":{"self":[{"href":"https:\/\/www.printmaps.net\/de\/wp-json\/wp\/v2\/pages\/164689","targetHints":{"allow":["GET"]}}],"collection":[{"href":"https:\/\/www.printmaps.net\/de\/wp-json\/wp\/v2\/pages"}],"about":[{"href":"https:\/\/www.printmaps.net\/de\/wp-json\/wp\/v2\/types\/page"}],"author":[{"embeddable":true,"href":"https:\/\/www.printmaps.net\/de\/wp-json\/wp\/v2\/users\/19"}],"replies":[{"embeddable":true,"href":"https:\/\/www.printmaps.net\/de\/wp-json\/wp\/v2\/comments?post=164689"}],"version-history":[{"count":3,"href":"https:\/\/www.printmaps.net\/de\/wp-json\/wp\/v2\/pages\/164689\/revisions"}],"predecessor-version":[{"id":176198,"href":"https:\/\/www.printmaps.net\/de\/wp-json\/wp\/v2\/pages\/164689\/revisions\/176198"}],"wp:attachment":[{"href":"https:\/\/www.printmaps.net\/de\/wp-json\/wp\/v2\/media?parent=164689"}],"curies":[{"name":"wp","href":"https:\/\/api.w.org\/{rel}","templated":true}]}}