{"id":167573,"date":"2024-06-03T08:28:33","date_gmt":"2024-06-03T07:28:33","guid":{"rendered":"https:\/\/www.printmaps.net\/?page_id=167573"},"modified":"2024-07-10T16:15:28","modified_gmt":"2024-07-10T15:15:28","slug":"mapz-com-alternative","status":"publish","type":"page","link":"https:\/\/www.printmaps.net\/de\/mapz-com-alternative\/","title":{"rendered":"Die Mapz.com Alternative: Printmaps.net"},"content":{"rendered":"\n<div class=\"wp-block-columns is-layout-flex wp-container-core-columns-is-layout-9d6595d7 wp-block-columns-is-layout-flex\">\n<div class=\"wp-block-column is-layout-flow wp-block-column-is-layout-flow\" style=\"flex-basis:66.66%\">\n<p>Falls Sie schon mit\u00a0<a href=\"http:\/\/mapz.com\/\">Mapz.com<\/a>\u00a0des bekannten kartografischen Verlags Kober-K\u00fcmmerly+Frey gearbeitet haben, haben Sie sicherlich gro\u00dfes Interesse daran zu sehen, wie sich die Funktionen von Mapz von Printmaps-Funktionen unterscheiden.<\/p>\n\n\n\n<p>Wir haben zu diesem Zweck eine Tabelle erstellt, die Ihnen einen die gr\u00f6\u00dften Unterschiede zu den\u00a0<a href=\"https:\/\/www.printmaps.net\/de\/funktionen\/\"><strong>Funktionen des Printmaps-Editors<\/strong><\/a>\u00a0zeigen soll. (<a href=\"https:\/\/www.printmaps.net\/de\/#editor\">Sie k\u00f6nnen den Editor hier ausprobieren.<\/a>)<\/p>\n<\/div>\n\n\n\n<div class=\"wp-block-column is-layout-flow wp-block-column-is-layout-flow\" style=\"flex-basis:33.33%\">\n<figure class=\"wp-block-image size-large is-resized\"><img fetchpriority=\"high\" fetchpriority=\"high\" decoding=\"async\" width=\"251\" height=\"320\" src=\"https:\/\/www.printmaps.net\/wp-content\/uploads\/2018\/02\/mapz-com-stadtplan.png\" alt=\"\" class=\"wp-image-28073\" style=\"width:141px;height:180px\"\/><\/figure><\/div>\n<\/div>\n\n<figure class=\"wp-block-table is-style-stripes\"><table class=\"has-fixed-layout\"><thead><tr><th><\/th><th>Printmaps<\/th><th>Mapz.com<\/th><\/tr><\/thead><tbody><tr><td><p><em>Format<\/em><\/p><\/td><td>SVG, PSD, PNG<\/td><td>PNG, JPG, PSD, PDF<\/td><\/tr><tr><td><p><em>Aufl\u00f6sung<\/em><\/p><\/td><td>75 \/ 300 ppi, Vektor<\/td><td>100 \/ 200 \/ 400 ppi, Vektor<\/td><\/tr><tr><td><p><em>Preis<\/em><\/p><\/td><td><p>Abh\u00e4ngig von Dateiformat und Druckauflage. <br\/>Z.B.: PNG 22 x 22cm, 300dpi, 35,000 copies = \u20ac39,27 (inkl. USt)<\/p><\/td><td><p>Abh\u00e4ngig von Gr\u00f6\u00dfe, Aufl\u00f6sung und Dateiformat der Karte. <br\/>Z.B.: PNG 22 x 22cm, 400dpi = \u20ac299,50 (inkl. USt)<\/p><\/td><\/tr><tr><td><p><em>Eigene Daten<\/em><\/p><\/td><td><p>* Routeneditor<br\/>* Geografische Umrisse<br\/>* Datei Upload (GPX\/KML\/GeoJSON)<br\/>* POIs (manuell oder Copy\/Paste aus Excel)<\/p><\/td><td><p>* Datei-Upload (GeoJSON, CSV)<br\/>* Standard-Zeichenwerkzeuge<\/p><\/td><\/tr><tr><td><em>Kartendetails zeigen\/verbergen?<\/em><\/td><td>Ja<\/td><td>Nein<\/td><\/tr><tr><td><em>Karte kippen oder drehen?<\/em><\/td><td>Ja<\/td><td>Nein<\/td><\/tr><\/tbody><\/table><\/figure>\n<div style=\"height:100px\" aria-hidden=\"true\" class=\"wp-block-spacer\"><\/div>\n\n<h3 class=\"wp-block-heading has-text-align-center\">Wie unsere Karten verwendet werden<\/h3>\n\n<div class=\"wp-block-group\"><div class=\"wp-block-group__inner-container is-layout-constrained wp-block-group-is-layout-constrained\">\n<div class=\"wp-block-columns is-layout-flex wp-container-core-columns-is-layout-9d6595d7 wp-block-columns-is-layout-flex\">\n<div class=\"wp-block-column is-vertically-aligned-top is-layout-flow wp-block-column-is-layout-flow\"><div class=\"wp-block-image is-style-default\">\n<figure class=\"alignright size-full is-resized\"><img decoding=\"async\" src=\"https:\/\/www.printmaps.net\/wp-content\/uploads\/2020\/10\/Layers-big.png\" alt=\"\" class=\"wp-image-70211\" width=\"765\" height=\"531\" srcset=\"https:\/\/www.printmaps.net\/wp-content\/uploads\/2020\/10\/Layers-big.png 765w, https:\/\/www.printmaps.net\/wp-content\/uploads\/2020\/10\/Layers-big-480x333.png 480w\" sizes=\"(min-width: 0px) and (max-width: 480px) 480px, (min-width: 481px) 765px, 100vw\" \/><\/figure><\/div><\/div>\n\n\n\n<div class=\"wp-block-column is-vertically-aligned-top is-layout-flow wp-block-column-is-layout-flow\" style=\"flex-basis:380px\">\n<p>Der Printmaps-Editor erstellt Vektor-Kartografie und hochaufl\u00f6sende 300 dpi Karten im PNG oder PSD (Photoshop) Format. Karten-Elemente in PSDs und SVGs werden in separaten Ebenen gespeichert, um keine darunterliegenden Elemente zu besch\u00e4digen.<\/p>\n<\/div>\n<\/div>\n\n\n\n<div class=\"wp-block-columns is-layout-flex wp-container-core-columns-is-layout-9d6595d7 wp-block-columns-is-layout-flex\">\n<div class=\"wp-block-column is-vertically-aligned-top is-layout-flow wp-block-column-is-layout-flow\"><div class=\"wp-block-image is-style-default\">\n<figure class=\"alignright size-full\"><img decoding=\"async\" width=\"765\" height=\"531\" src=\"https:\/\/www.printmaps.net\/wp-content\/uploads\/2020\/10\/bodensee-karte.jpg\" alt=\"\" class=\"wp-image-70212\" srcset=\"https:\/\/www.printmaps.net\/wp-content\/uploads\/2020\/10\/bodensee-karte.jpg 765w, https:\/\/www.printmaps.net\/wp-content\/uploads\/2020\/10\/bodensee-karte-480x333.jpg 480w\" sizes=\"(min-width: 0px) and (max-width: 480px) 480px, (min-width: 481px) 765px, 100vw\" \/><\/figure><\/div><\/div>\n\n\n\n<div class=\"wp-block-column is-vertically-aligned-top is-layout-flow wp-block-column-is-layout-flow\" style=\"flex-basis:380px\">\n<p>Unsere Kunden verwenden Printmaps um auf einfache Art und Weise Routenkarten zu erstellen \u2013 Reisepl\u00e4ne, Wander- oder Farradpfade, Stadtrundg\u00e4nge oder Orientierungskarten \u2013 und diese dann mit eigenen Points of Interest zu versehen. Mit unserem Editor erstellen Sie spielend leicht Faltkarten, Karten f\u00fcr touristische Folder und Brosch\u00fcren oder Reisef\u00fchrerkarten.<\/p>\n<\/div>\n<\/div>\n\n\n\n<div class=\"wp-block-columns is-layout-flex wp-container-core-columns-is-layout-9d6595d7 wp-block-columns-is-layout-flex\">\n<div class=\"wp-block-column is-vertically-aligned-top is-layout-flow wp-block-column-is-layout-flow\"><div class=\"wp-block-image is-style-default\">\n<figure class=\"alignright size-full\"><img loading=\"lazy\" loading=\"lazy\" decoding=\"async\" width=\"765\" height=\"531\" src=\"https:\/\/www.printmaps.net\/wp-content\/uploads\/2020\/10\/immo-expose.jpg\" alt=\"\" class=\"wp-image-70213\" srcset=\"https:\/\/www.printmaps.net\/wp-content\/uploads\/2020\/10\/immo-expose.jpg 765w, https:\/\/www.printmaps.net\/wp-content\/uploads\/2020\/10\/immo-expose-480x333.jpg 480w\" sizes=\"auto, (min-width: 0px) and (max-width: 480px) 480px, (min-width: 481px) 765px, 100vw\" \/><\/figure><\/div><\/div>\n\n\n\n<div class=\"wp-block-column is-vertically-aligned-top is-layout-flow wp-block-column-is-layout-flow\" style=\"flex-basis:380px\">\n<p>Unsere g\u00fcnstigen\u00a0<a href=\"https:\/\/www.printmaps.net\/de\/preise\/\">Einstiegspreise<\/a>\u00a0sorgen daf\u00fcr, dass unsere Karten auch f\u00fcr Kunden mit niedrigen Auflagen leistbar sind. Typische Beispiele sind Immobilienexpos\u00e9s sowie Fotob\u00fccher, welche in niedriger Auflage gedruckt werden, aber dennoch hochqualitative Landkarten ben\u00f6tigen.<\/p>\n<\/div>\n<\/div>\n\n\n\n<div class=\"wp-block-columns is-layout-flex wp-container-core-columns-is-layout-9d6595d7 wp-block-columns-is-layout-flex\">\n<div class=\"wp-block-column is-vertically-aligned-top is-layout-flow wp-block-column-is-layout-flow\"><div class=\"wp-block-image is-style-default\">\n<figure class=\"alignright size-full\"><img loading=\"lazy\" loading=\"lazy\" decoding=\"async\" width=\"765\" height=\"531\" src=\"https:\/\/www.printmaps.net\/wp-content\/uploads\/2020\/10\/mallorca.jpg\" alt=\"\" class=\"wp-image-70214\" srcset=\"https:\/\/www.printmaps.net\/wp-content\/uploads\/2020\/10\/mallorca.jpg 765w, https:\/\/www.printmaps.net\/wp-content\/uploads\/2020\/10\/mallorca-480x333.jpg 480w\" sizes=\"auto, (min-width: 0px) and (max-width: 480px) 480px, (min-width: 481px) 765px, 100vw\" \/><\/figure><\/div><\/div>\n\n\n\n<div class=\"wp-block-column is-vertically-aligned-top is-layout-flow wp-block-column-is-layout-flow\" style=\"flex-basis:380px\">\n<p>Viele Reisef\u00fchrerverlage illustrieren Ihre Reise- und Wanderf\u00fchrer vollst\u00e4ndig mit Karten von Printmaps. Mit unseren Karten erf\u00fcllen auch Sie all Ihre kartographischen Anforderungen, von \u00dcberblickskarten zu generellen Ortskarten mit Wander- oder Fahrradkarten, Stadtkarten, Stra\u00dfenkarten oder Orientierungskarten.<\/p>\n<\/div>\n<\/div>\n<\/div><\/div>\n\n<div style=\"height:100px\" aria-hidden=\"true\" class=\"wp-block-spacer\"><\/div>\n\n<div class=\"wp-block-group\"><div class=\"wp-block-group__inner-container is-layout-constrained wp-block-group-is-layout-constrained\">\n<h2 class=\"wp-block-heading has-text-align-center has-large-font-size\" style=\"font-style:normal;font-weight:700\">Probieren Sie Printmaps<\/h2>\n\n\n\n<p class=\"has-text-align-center has-medium-font-size\">Mit unserem\u00a0Karteneditor k\u00f6nnen Sie in k\u00fcrzester Zeit weltweit druckbare Karten erstellen.<\/p>\n\n\n\n<div style=\"height:15px\" aria-hidden=\"true\" class=\"wp-block-spacer\"><\/div>\n\n\n\n<div class=\"wp-block-buttons is-content-justification-center is-layout-flex wp-container-core-buttons-is-layout-16018d1d wp-block-buttons-is-layout-flex\">\n<div class=\"wp-block-button has-custom-font-size\" style=\"font-size:18px\"><a class=\"wp-block-button__link has-background wp-element-button\" href=\"https:\/\/www.printmaps.net\/de\/\" style=\"border-radius:10px;background-color:#e5017e\"><p><strong>Erstellen Sie Ihre erste Karte<\/strong><\/p><\/a><\/div>\n<\/div>\n<\/div><\/div>\n\n<div style=\"height:150px\" aria-hidden=\"true\" class=\"wp-block-spacer\"><\/div>\n","protected":false},"excerpt":{"rendered":"<p>Falls Sie schon mit\u00a0Mapz.com\u00a0des bekannten kartografischen Verlags Kober-K\u00fcmmerly+Frey gearbeitet haben, haben Sie sicherlich gro\u00dfes Interesse daran zu sehen, wie sich die Funktionen von Mapz von Printmaps-Funktionen unterscheiden. Wir haben zu diesem Zweck eine Tabelle erstellt, die Ihnen einen die gr\u00f6\u00dften Unterschiede zu den\u00a0Funktionen des Printmaps-Editors\u00a0zeigen soll. (Sie k\u00f6nnen den Editor hier ausprobieren.) Wie unsere Karten [&hellip;]<\/p>\n","protected":false},"author":8,"featured_media":0,"parent":0,"menu_order":0,"comment_status":"closed","ping_status":"closed","template":"","meta":{"_et_pb_use_builder":"off","_et_pb_old_content":"","_et_gb_content_width":"","footnotes":""},"class_list":["post-167573","page","type-page","status-publish","hentry"],"_links":{"self":[{"href":"https:\/\/www.printmaps.net\/de\/wp-json\/wp\/v2\/pages\/167573","targetHints":{"allow":["GET"]}}],"collection":[{"href":"https:\/\/www.printmaps.net\/de\/wp-json\/wp\/v2\/pages"}],"about":[{"href":"https:\/\/www.printmaps.net\/de\/wp-json\/wp\/v2\/types\/page"}],"author":[{"embeddable":true,"href":"https:\/\/www.printmaps.net\/de\/wp-json\/wp\/v2\/users\/8"}],"replies":[{"embeddable":true,"href":"https:\/\/www.printmaps.net\/de\/wp-json\/wp\/v2\/comments?post=167573"}],"version-history":[{"count":9,"href":"https:\/\/www.printmaps.net\/de\/wp-json\/wp\/v2\/pages\/167573\/revisions"}],"predecessor-version":[{"id":176264,"href":"https:\/\/www.printmaps.net\/de\/wp-json\/wp\/v2\/pages\/167573\/revisions\/176264"}],"wp:attachment":[{"href":"https:\/\/www.printmaps.net\/de\/wp-json\/wp\/v2\/media?parent=167573"}],"curies":[{"name":"wp","href":"https:\/\/api.w.org\/{rel}","templated":true}]}}