{"id":167655,"date":"2024-03-25T15:11:51","date_gmt":"2024-03-25T14:11:51","guid":{"rendered":"https:\/\/www.printmaps.net\/printmaps-vs-stepmap\/"},"modified":"2024-07-10T15:35:33","modified_gmt":"2024-07-10T14:35:33","slug":"printmaps-vs-stepmap","status":"publish","type":"page","link":"https:\/\/www.printmaps.net\/de\/printmaps-vs-stepmap\/","title":{"rendered":"Die Stepmap-Alternative: Printmaps.net"},"content":{"rendered":"\n<p>Falls Sie schon mit\u00a0<a href=\"http:\/\/stepmap.de\/\">Stepmap.de<\/a>\u00a0gearbeitet haben, haben Sie sicherlich gro\u00dfes Interesse daran zu sehen, wie sich die Funktionen von Stepmap von Printmaps Funktionen unterscheiden.<\/p>\n\n<p>Wir haben zu diesem Zweck eine Tabelle erstellt, die Ihnen einen die gr\u00f6\u00dften Unterschiede zu den\u00a0<a href=\"https:\/\/www.printmaps.net\/de\/funktionen\/\"><strong>Funktionen des Printmaps-Editors<\/strong><\/a>\u00a0zeigen soll. (<a href=\"https:\/\/www.printmaps.net\/de\/#editor\">Sie k\u00f6nnen den Editor hier ausprobieren.<\/a>)<\/p>\n\n<div style=\"height:79px\" aria-hidden=\"true\" class=\"wp-block-spacer\"><\/div>\n\n<figure class=\"wp-block-table is-style-stripes\"><table class=\"has-fixed-layout\"><thead><tr><th><\/th><th>Printmaps<\/th><th>Stepmap.de<\/th><\/tr><\/thead><tbody><tr><td><em>Format<\/em><\/td><td>SVG, PSD, PNG<\/td><td>SVG, JPG, PNG<\/td><\/tr><tr><td><em>Max. Gr\u00f6\u00dfe<\/em><\/td><td>15712 x 15712px<\/td><td>3000 x 3000px<\/td><\/tr><tr><td><em>Preis<\/em><\/td><td>* Karten ab \u20ac7,14 (inkl. USt).<br\/>* Preise abh\u00e4ngig von Dateiformat und H\u00f6he der Druckauflage. Volumenrabatte verf\u00fcgbar.<\/td><td>* Karten ab\u20ac5 (private Nutzung)und \u20ac22.61 (gewerbliche Nutzung), inkl. USt. Volumenrabatte verf\u00fcgbar.<br\/>* H\u00f6here Preise f\u00fcr Karten ohne Stepmap-Logo<\/td><\/tr><tr><td><em>Eigene Daten<\/em><\/td><td>* Routeneditor<br\/>* Geografische Umrisse<br\/>* Datei Upload (GPX\/KML\/GeoJSON)<br\/>* POIs (manuell oder Copy\/Paste aus Excel)<\/td><td>* Eigene Beschriftungen<br\/>* Geografische Umrisse<br\/>* POIs (manuell oder Copy\/Paste aus Excel)<br\/>* Der Editor verf\u00fcgt \u00fcber umfangreiche weitere Design-Optionen und Werkzeuge<\/td><\/tr><tr><td><em>Eigene Routen<\/em><\/td><td>Zeichnen von Routen mit Magnetwerkzeug, Upload von Routen im GPX, GeoJSON und KML-Format<\/td><td>Upload von Routen im GPX-Format<\/td><\/tr><tr><td><em>Kartendetails zeigen\/verbergen?<\/em><\/td><td>Ja<\/td><td>Ja<\/td><\/tr><tr><td><em>Karte kippen oder drehen?<\/em><\/td><td>Ja<\/td><td>Ja<\/td><\/tr><\/tbody><\/table><\/figure>\n<div style=\"height:79px\" aria-hidden=\"true\" class=\"wp-block-spacer\"><\/div>\n\n<h2 class=\"wp-block-heading has-text-align-center\">Wie unsere Karten verwendet werden<\/h2>\n\n<div class=\"wp-block-group\"><div class=\"wp-block-group__inner-container is-layout-constrained wp-block-group-is-layout-constrained\">\n<div class=\"wp-block-columns is-layout-flex wp-container-core-columns-is-layout-9d6595d7 wp-block-columns-is-layout-flex\">\n<div class=\"wp-block-column is-vertically-aligned-top is-layout-flow wp-block-column-is-layout-flow\"><div class=\"wp-block-image is-style-default\">\n<figure class=\"alignright size-full is-resized\"><img fetchpriority=\"high\" fetchpriority=\"high\" decoding=\"async\" src=\"https:\/\/www.printmaps.net\/wp-content\/uploads\/2020\/10\/Layers-big.png\" alt=\"\" class=\"wp-image-70211\" width=\"765\" height=\"531\" srcset=\"https:\/\/www.printmaps.net\/wp-content\/uploads\/2020\/10\/Layers-big.png 765w, https:\/\/www.printmaps.net\/wp-content\/uploads\/2020\/10\/Layers-big-480x333.png 480w\" sizes=\"(min-width: 0px) and (max-width: 480px) 480px, (min-width: 481px) 765px, 100vw\" \/><\/figure><\/div><\/div>\n\n\n\n<div class=\"wp-block-column is-vertically-aligned-top is-layout-flow wp-block-column-is-layout-flow\" style=\"flex-basis:380px\">\n<p>Der Printmaps-Editor erstellt Vektor-Kartografie und hochaufl\u00f6sende 300 dpi Karten im PNG oder PSD (Photoshop) Format. Karten-Elemente in PSDs und SVGs werden in separaten Ebenen gespeichert, um keine darunterliegenden Elemente zu besch\u00e4digen.<\/p>\n<\/div>\n<\/div>\n\n\n\n<div class=\"wp-block-columns is-layout-flex wp-container-core-columns-is-layout-9d6595d7 wp-block-columns-is-layout-flex\">\n<div class=\"wp-block-column is-vertically-aligned-top is-layout-flow wp-block-column-is-layout-flow\"><div class=\"wp-block-image is-style-default\">\n<figure class=\"alignright size-full\"><img decoding=\"async\" width=\"765\" height=\"531\" src=\"https:\/\/www.printmaps.net\/wp-content\/uploads\/2020\/10\/bodensee-karte.jpg\" alt=\"\" class=\"wp-image-70212\" srcset=\"https:\/\/www.printmaps.net\/wp-content\/uploads\/2020\/10\/bodensee-karte.jpg 765w, https:\/\/www.printmaps.net\/wp-content\/uploads\/2020\/10\/bodensee-karte-480x333.jpg 480w\" sizes=\"(min-width: 0px) and (max-width: 480px) 480px, (min-width: 481px) 765px, 100vw\" \/><\/figure><\/div><\/div>\n\n\n\n<div class=\"wp-block-column is-vertically-aligned-top is-layout-flow wp-block-column-is-layout-flow\" style=\"flex-basis:380px\">\n<p>Unsere Kunden verwenden Printmaps um auf einfache Art und Weise Routenkarten zu erstellen \u2013 Reisepl\u00e4ne, Wander- oder Farradpfade, Stadtrundg\u00e4nge oder Orientierungskarten \u2013 und diese dann mit eigenen Points of Interest zu versehen. Mit unserem Editor erstellen Sie spielend leicht Faltkarten, Karten f\u00fcr touristische Folder und Brosch\u00fcren oder Reisef\u00fchrerkarten.<\/p>\n<\/div>\n<\/div>\n\n\n\n<div class=\"wp-block-columns is-layout-flex wp-container-core-columns-is-layout-9d6595d7 wp-block-columns-is-layout-flex\">\n<div class=\"wp-block-column is-vertically-aligned-top is-layout-flow wp-block-column-is-layout-flow\"><div class=\"wp-block-image is-style-default\">\n<figure class=\"alignright size-full\"><img decoding=\"async\" width=\"765\" height=\"531\" src=\"https:\/\/www.printmaps.net\/wp-content\/uploads\/2020\/10\/immo-expose.jpg\" alt=\"\" class=\"wp-image-70213\" srcset=\"https:\/\/www.printmaps.net\/wp-content\/uploads\/2020\/10\/immo-expose.jpg 765w, https:\/\/www.printmaps.net\/wp-content\/uploads\/2020\/10\/immo-expose-480x333.jpg 480w\" sizes=\"(min-width: 0px) and (max-width: 480px) 480px, (min-width: 481px) 765px, 100vw\" \/><\/figure><\/div><\/div>\n\n\n\n<div class=\"wp-block-column is-vertically-aligned-top is-layout-flow wp-block-column-is-layout-flow\" style=\"flex-basis:380px\">\n<p>Unsere g\u00fcnstigen\u00a0<a href=\"https:\/\/www.printmaps.net\/de\/preise\/\">Einstiegspreise<\/a>\u00a0sorgen daf\u00fcr, dass unsere Karten auch f\u00fcr Kunden mit niedrigen Auflagen leistbar sind. Typische Beispiele sind Immobilienexpos\u00e9s sowie Fotob\u00fccher, welche in niedriger Auflage gedruckt werden, aber dennoch hochqualitative Landkarten ben\u00f6tigen.<\/p>\n<\/div>\n<\/div>\n\n\n\n<div class=\"wp-block-columns is-layout-flex wp-container-core-columns-is-layout-9d6595d7 wp-block-columns-is-layout-flex\">\n<div class=\"wp-block-column is-vertically-aligned-top is-layout-flow wp-block-column-is-layout-flow\"><div class=\"wp-block-image is-style-default\">\n<figure class=\"alignright size-full\"><img loading=\"lazy\" loading=\"lazy\" decoding=\"async\" width=\"765\" height=\"531\" src=\"https:\/\/www.printmaps.net\/wp-content\/uploads\/2020\/10\/mallorca.jpg\" alt=\"\" class=\"wp-image-70214\" srcset=\"https:\/\/www.printmaps.net\/wp-content\/uploads\/2020\/10\/mallorca.jpg 765w, https:\/\/www.printmaps.net\/wp-content\/uploads\/2020\/10\/mallorca-480x333.jpg 480w\" sizes=\"auto, (min-width: 0px) and (max-width: 480px) 480px, (min-width: 481px) 765px, 100vw\" \/><\/figure><\/div><\/div>\n\n\n\n<div class=\"wp-block-column is-vertically-aligned-top is-layout-flow wp-block-column-is-layout-flow\" style=\"flex-basis:380px\">\n<p>Viele Reisef\u00fchrerverlage illustrieren Ihre Reise- und Wanderf\u00fchrer vollst\u00e4ndig mit Karten von Printmaps. Mit unseren Karten erf\u00fcllen auch Sie all Ihre kartographischen Anforderungen, von \u00dcberblickskarten zu generellen Ortskarten mit Wander- oder Fahrradkarten, Stadtkarten, Stra\u00dfenkarten oder Orientierungskarten.<\/p>\n<\/div>\n<\/div>\n<\/div><\/div>\n\n<div style=\"height:47px\" aria-hidden=\"true\" class=\"wp-block-spacer\"><\/div>\n","protected":false},"excerpt":{"rendered":"<p>Falls Sie schon mit\u00a0Stepmap.de\u00a0gearbeitet haben, haben Sie sicherlich gro\u00dfes Interesse daran zu sehen, wie sich die Funktionen von Stepmap von Printmaps Funktionen unterscheiden. Wir haben zu diesem Zweck eine Tabelle erstellt, die Ihnen einen die gr\u00f6\u00dften Unterschiede zu den\u00a0Funktionen des Printmaps-Editors\u00a0zeigen soll. (Sie k\u00f6nnen den Editor hier ausprobieren.) Wie unsere Karten verwendet werden<\/p>\n","protected":false},"author":5,"featured_media":0,"parent":0,"menu_order":0,"comment_status":"closed","ping_status":"closed","template":"","meta":{"_et_pb_use_builder":"off","_et_pb_old_content":"","_et_gb_content_width":"","footnotes":""},"class_list":["post-167655","page","type-page","status-publish","hentry"],"_links":{"self":[{"href":"https:\/\/www.printmaps.net\/de\/wp-json\/wp\/v2\/pages\/167655","targetHints":{"allow":["GET"]}}],"collection":[{"href":"https:\/\/www.printmaps.net\/de\/wp-json\/wp\/v2\/pages"}],"about":[{"href":"https:\/\/www.printmaps.net\/de\/wp-json\/wp\/v2\/types\/page"}],"author":[{"embeddable":true,"href":"https:\/\/www.printmaps.net\/de\/wp-json\/wp\/v2\/users\/5"}],"replies":[{"embeddable":true,"href":"https:\/\/www.printmaps.net\/de\/wp-json\/wp\/v2\/comments?post=167655"}],"version-history":[{"count":3,"href":"https:\/\/www.printmaps.net\/de\/wp-json\/wp\/v2\/pages\/167655\/revisions"}],"predecessor-version":[{"id":176237,"href":"https:\/\/www.printmaps.net\/de\/wp-json\/wp\/v2\/pages\/167655\/revisions\/176237"}],"wp:attachment":[{"href":"https:\/\/www.printmaps.net\/de\/wp-json\/wp\/v2\/media?parent=167655"}],"curies":[{"name":"wp","href":"https:\/\/api.w.org\/{rel}","templated":true}]}}