{"id":173402,"date":"2024-06-04T11:28:09","date_gmt":"2024-06-04T10:28:09","guid":{"rendered":"https:\/\/www.printmaps.net\/123map-de-alternative\/"},"modified":"2024-10-09T12:06:33","modified_gmt":"2024-10-09T11:06:33","slug":"123map-de-alternative","status":"publish","type":"page","link":"https:\/\/www.printmaps.net\/de\/123map-de-alternative\/","title":{"rendered":"Map-Machine-Alternative: Printmaps.net"},"content":{"rendered":"\n<div class=\"wp-block-columns is-layout-flex wp-container-core-columns-is-layout-9d6595d7 wp-block-columns-is-layout-flex\">\n<div class=\"wp-block-column is-layout-flow wp-block-column-is-layout-flow\" style=\"flex-basis:66.66%\">\n<p><p>Falls Sie schon mit <a href=\"http:\/\/Map-Machine.com\">Map-Machine.com<\/a> (von 123map) gearbeitet haben, haben Sie sicherlich gro\u00dfes Interesse daran zu sehen, wie sich die Funktionen von Map-machine oder dem 123map Anbierter von Printmaps-Funktionen unterscheiden.<\/p><\/p>\n\n\n\n<p><p>Wir haben zu diesem Zweck eine Tabelle erstellt, die Ihnen einen die gr\u00f6\u00dften Unterschiede zu den <a href=\"https:\/\/www.printmaps.net\/de\/funktionen\/\">Funktionen des Printmaps-Editors<\/a> zeigen soll. (<a href=\"http:\/\/www.printmaps.net\/de\/\">Sie k\u00f6nnen den Editor hier ausprobieren<\/a>.)<\/p><\/p>\n<\/div>\n\n\n\n<div class=\"wp-block-column is-layout-flow wp-block-column-is-layout-flow\" style=\"flex-basis:33.33%\"><div class=\"wp-block-image\">\n<figure class=\"aligncenter size-large is-resized\"><img fetchpriority=\"high\" fetchpriority=\"high\" decoding=\"async\" width=\"251\" height=\"320\" src=\"https:\/\/www.printmaps.net\/wp-content\/uploads\/2019\/09\/123map-landkarten-stadtplaene.png\" alt=\"\" class=\"wp-image-46134\" style=\"width:176px;height:224px\" srcset=\"https:\/\/www.printmaps.net\/wp-content\/uploads\/2019\/09\/123map-landkarten-stadtplaene.png 251w, https:\/\/www.printmaps.net\/wp-content\/uploads\/2019\/09\/123map-landkarten-stadtplaene-235x300.png 235w\" sizes=\"(max-width: 251px) 100vw, 251px\" \/><\/figure><\/div><\/div>\n<\/div>\n\n<figure class=\"wp-block-table is-style-stripes\"><table class=\"has-fixed-layout\"><thead><tr><th><\/th><th>Printmaps<\/th><th>123map.de<\/th><\/tr><\/thead><tbody><tr><td><em>Format<\/em><\/td><td>SVG, PSD, PNG<\/td><td>SVG, JPG<\/td><\/tr><tr><td><em>Preispunkt<\/em><\/td><td><p>Der Preis h\u00e4ngt vom Dateiformat und der Anzahl der Kopien ab, f\u00fcr die die Karte verwendet wird.<br\/>Z.B.: PNG in A5, 1000 Kopien = 7,14 \u20ac (inkl. MwSt.)<\/p><\/td><td><p>Der Preis h\u00e4ngt von der Gr\u00f6\u00dfe ab.<br\/>Z.B.: JPG in A5 = 57,54 \u20ac (inkl. MwSt.)<\/p><\/td><\/tr><tr><td><em>Benutzerdefinierte Daten<\/em><\/td><td><p>* Routen-Editor<br\/>* Geografische Formen<br\/>* Datei-Upload<br\/>* POIs (manuell oder durch Kopieren\/Einf\u00fcgen aus Excel)<\/p><\/td><td><p>* Umfangreicher Editor<br\/>(inkl. File-Uploads f\u00fcr Gro\u00dfabnehmer auf Anfrage)<br\/><br\/><\/p><\/td><\/tr><tr><td><em>Kartenmerkmale ein-\/ausblenden?<\/em><\/td><td>Ja<\/td><td>Ja<\/td><\/tr><tr><td><em>Karte rotieren?<\/em><\/td><td>Ja<\/td><td>Nein<\/td><\/tr><\/tbody><\/table><\/figure>\n<div style=\"height:100px\" aria-hidden=\"true\" class=\"wp-block-spacer\"><\/div>\n\n<h2 class=\"wp-block-heading has-text-align-center\">Wie unsere Karten verwendet werden<\/h2>\n\n<div class=\"wp-block-group\"><div class=\"wp-block-group__inner-container is-layout-constrained wp-block-group-is-layout-constrained\">\n<div class=\"wp-block-columns is-layout-flex wp-container-core-columns-is-layout-9d6595d7 wp-block-columns-is-layout-flex\">\n<div class=\"wp-block-column is-vertically-aligned-top is-layout-flow wp-block-column-is-layout-flow\"><div class=\"wp-block-image is-style-default\">\n<figure class=\"alignright size-full is-resized\"><img decoding=\"async\" src=\"https:\/\/www.printmaps.net\/wp-content\/uploads\/2020\/10\/Layers-big.png\" alt=\"\" class=\"wp-image-70211\" width=\"765\" height=\"531\" srcset=\"https:\/\/www.printmaps.net\/wp-content\/uploads\/2020\/10\/Layers-big.png 765w, https:\/\/www.printmaps.net\/wp-content\/uploads\/2020\/10\/Layers-big-480x333.png 480w\" sizes=\"(min-width: 0px) and (max-width: 480px) 480px, (min-width: 481px) 765px, 100vw\" \/><\/figure><\/div><\/div>\n\n\n\n<div class=\"wp-block-column is-vertically-aligned-top is-layout-flow wp-block-column-is-layout-flow\" style=\"flex-basis:380px\">\n<p>Der Printmaps-Editor erstellt Vektor-Kartografie und hochaufl\u00f6sende 300 dpi Karten im PNG oder PSD (Photoshop) Format. Karten-Elemente in PSDs und SVGs werden in separaten Ebenen gespeichert, um keine darunterliegenden Elemente zu besch\u00e4digen.<\/p>\n<\/div>\n<\/div>\n\n\n\n<div class=\"wp-block-columns is-layout-flex wp-container-core-columns-is-layout-9d6595d7 wp-block-columns-is-layout-flex\">\n<div class=\"wp-block-column is-vertically-aligned-top is-layout-flow wp-block-column-is-layout-flow\"><div class=\"wp-block-image is-style-default\">\n<figure class=\"alignright size-full\"><img decoding=\"async\" width=\"765\" height=\"531\" src=\"https:\/\/www.printmaps.net\/wp-content\/uploads\/2020\/10\/bodensee-karte.jpg\" alt=\"\" class=\"wp-image-70212\" srcset=\"https:\/\/www.printmaps.net\/wp-content\/uploads\/2020\/10\/bodensee-karte.jpg 765w, https:\/\/www.printmaps.net\/wp-content\/uploads\/2020\/10\/bodensee-karte-480x333.jpg 480w\" sizes=\"(min-width: 0px) and (max-width: 480px) 480px, (min-width: 481px) 765px, 100vw\" \/><\/figure><\/div><\/div>\n\n\n\n<div class=\"wp-block-column is-vertically-aligned-top is-layout-flow wp-block-column-is-layout-flow\" style=\"flex-basis:380px\">\n<p>Unsere Kunden verwenden Printmaps um auf einfache Art und Weise Routenkarten zu erstellen \u2013 Reisepl\u00e4ne, Wander- oder Farradpfade, Stadtrundg\u00e4nge oder Orientierungskarten \u2013 und diese dann mit eigenen Points of Interest zu versehen. Mit unserem Editor erstellen Sie spielend leicht Faltkarten, Karten f\u00fcr touristische Folder und Brosch\u00fcren oder Reisef\u00fchrerkarten.<\/p>\n<\/div>\n<\/div>\n\n\n\n<div class=\"wp-block-columns is-layout-flex wp-container-core-columns-is-layout-9d6595d7 wp-block-columns-is-layout-flex\">\n<div class=\"wp-block-column is-vertically-aligned-top is-layout-flow wp-block-column-is-layout-flow\"><div class=\"wp-block-image is-style-default\">\n<figure class=\"alignright size-full\"><img loading=\"lazy\" loading=\"lazy\" decoding=\"async\" width=\"765\" height=\"531\" src=\"https:\/\/www.printmaps.net\/wp-content\/uploads\/2020\/10\/immo-expose.jpg\" alt=\"\" class=\"wp-image-70213\" srcset=\"https:\/\/www.printmaps.net\/wp-content\/uploads\/2020\/10\/immo-expose.jpg 765w, https:\/\/www.printmaps.net\/wp-content\/uploads\/2020\/10\/immo-expose-480x333.jpg 480w\" sizes=\"auto, (min-width: 0px) and (max-width: 480px) 480px, (min-width: 481px) 765px, 100vw\" \/><\/figure><\/div><\/div>\n\n\n\n<div class=\"wp-block-column is-vertically-aligned-top is-layout-flow wp-block-column-is-layout-flow\" style=\"flex-basis:380px\">\n<p>Unsere g\u00fcnstigen\u00a0<a href=\"https:\/\/www.printmaps.net\/de\/preise\/\">Einstiegspreise<\/a>\u00a0sorgen daf\u00fcr, dass unsere Karten auch f\u00fcr Kunden mit niedrigen Auflagen leistbar sind. Typische Beispiele sind Immobilienexpos\u00e9s sowie Fotob\u00fccher, welche in niedriger Auflage gedruckt werden, aber dennoch hochqualitative Landkarten ben\u00f6tigen.<\/p>\n<\/div>\n<\/div>\n\n\n\n<div class=\"wp-block-columns is-layout-flex wp-container-core-columns-is-layout-9d6595d7 wp-block-columns-is-layout-flex\">\n<div class=\"wp-block-column is-vertically-aligned-top is-layout-flow wp-block-column-is-layout-flow\"><div class=\"wp-block-image is-style-default\">\n<figure class=\"alignright size-full\"><img loading=\"lazy\" loading=\"lazy\" decoding=\"async\" width=\"765\" height=\"531\" src=\"https:\/\/www.printmaps.net\/wp-content\/uploads\/2020\/10\/mallorca.jpg\" alt=\"\" class=\"wp-image-70214\" srcset=\"https:\/\/www.printmaps.net\/wp-content\/uploads\/2020\/10\/mallorca.jpg 765w, https:\/\/www.printmaps.net\/wp-content\/uploads\/2020\/10\/mallorca-480x333.jpg 480w\" sizes=\"auto, (min-width: 0px) and (max-width: 480px) 480px, (min-width: 481px) 765px, 100vw\" \/><\/figure><\/div><\/div>\n\n\n\n<div class=\"wp-block-column is-vertically-aligned-top is-layout-flow wp-block-column-is-layout-flow\" style=\"flex-basis:380px\">\n<p>Viele Reisef\u00fchrerverlage illustrieren Ihre Reise- und Wanderf\u00fchrer vollst\u00e4ndig mit Karten von Printmaps. Mit unseren Karten erf\u00fcllen auch Sie all Ihre kartographischen Anforderungen, von \u00dcberblickskarten zu generellen Ortskarten mit Wander- oder Fahrradkarten, Stadtkarten, Stra\u00dfenkarten oder Orientierungskarten.<\/p>\n<\/div>\n<\/div>\n<\/div><\/div>\n","protected":false},"excerpt":{"rendered":"<p>Falls Sie schon mit Map-Machine.com (von 123map) gearbeitet haben, haben Sie sicherlich gro\u00dfes Interesse daran zu sehen, wie sich die Funktionen von Map-machine oder dem 123map Anbierter von Printmaps-Funktionen unterscheiden. Wir haben zu diesem Zweck eine Tabelle erstellt, die Ihnen einen die gr\u00f6\u00dften Unterschiede zu den Funktionen des Printmaps-Editors zeigen soll. (Sie k\u00f6nnen den Editor [&hellip;]<\/p>\n","protected":false},"author":6,"featured_media":0,"parent":0,"menu_order":0,"comment_status":"closed","ping_status":"closed","template":"","meta":{"_et_pb_use_builder":"off","_et_pb_old_content":"","_et_gb_content_width":"","footnotes":""},"class_list":["post-173402","page","type-page","status-publish","hentry"],"_links":{"self":[{"href":"https:\/\/www.printmaps.net\/de\/wp-json\/wp\/v2\/pages\/173402","targetHints":{"allow":["GET"]}}],"collection":[{"href":"https:\/\/www.printmaps.net\/de\/wp-json\/wp\/v2\/pages"}],"about":[{"href":"https:\/\/www.printmaps.net\/de\/wp-json\/wp\/v2\/types\/page"}],"author":[{"embeddable":true,"href":"https:\/\/www.printmaps.net\/de\/wp-json\/wp\/v2\/users\/6"}],"replies":[{"embeddable":true,"href":"https:\/\/www.printmaps.net\/de\/wp-json\/wp\/v2\/comments?post=173402"}],"version-history":[{"count":7,"href":"https:\/\/www.printmaps.net\/de\/wp-json\/wp\/v2\/pages\/173402\/revisions"}],"predecessor-version":[{"id":184376,"href":"https:\/\/www.printmaps.net\/de\/wp-json\/wp\/v2\/pages\/173402\/revisions\/184376"}],"wp:attachment":[{"href":"https:\/\/www.printmaps.net\/de\/wp-json\/wp\/v2\/media?parent=173402"}],"curies":[{"name":"wp","href":"https:\/\/api.w.org\/{rel}","templated":true}]}}