{"id":174922,"date":"2024-06-24T12:59:14","date_gmt":"2024-06-24T11:59:14","guid":{"rendered":"https:\/\/www.printmaps.net\/wordpress-plugin-static-maps-editor\/"},"modified":"2024-06-25T22:07:03","modified_gmt":"2024-06-25T21:07:03","slug":"wordpress-plugin-static-maps-editor","status":"publish","type":"page","link":"https:\/\/www.printmaps.net\/de\/wordpress-plugin-static-maps-editor\/","title":{"rendered":"Gratis WordPress Plugin: Static Maps Editor"},"content":{"rendered":"\n<p><p>Das Static Maps Editor Plugin erm\u00f6glicht es Ihnen, personalisierte, nicht-interaktive &#8222;statische&#8220; Karten ganz einfach zu erstellen. \u00c4ndern Sie den Kartenstil, f\u00fcgen Sie Routen, Sehensw\u00fcrdigkeiten und Geo-Formen zu Ihren vollst\u00e4ndig anpassbaren Karten hinzu, indem Sie den Karteneditor von <a href=\"\/de\/\">Printmaps.net<\/a> verwenden, und integrieren Sie diese in k\u00fcrzester Zeit in Ihre WordPress-Seite. Lesen Sie weiter, um herauszufinden, was der Static Maps Editor f\u00fcr Sie tun kann, oder laden Sie das WordPress-Plugin \u00fcber den untenstehenden Button herunter.<\/p><\/p>\n\n<div class=\"wp-block-buttons is-content-justification-center is-layout-flex wp-container-core-buttons-is-layout-16018d1d wp-block-buttons-is-layout-flex\">\n<div class=\"wp-block-button is-style-fill\"><a class=\"wp-block-button__link has-vivid-red-background-color has-background wp-element-button\" href=\"https:\/\/de.wordpress.org\/plugins\/static-maps-editor\/\" style=\"border-radius:20px\"><p><strong>Kostenlos im WordPress Plugin Directory herunterladen!<\/strong><\/p><\/a><\/div>\n<\/div>\n\n<div style=\"height:37px\" aria-hidden=\"true\" class=\"wp-block-spacer\"><\/div>\n\n<figure class=\"wp-block-image size-large\"><img fetchpriority=\"high\" fetchpriority=\"high\" decoding=\"async\" width=\"1024\" height=\"556\" src=\"https:\/\/www.printmaps.net\/wp-content\/uploads\/2023\/09\/wordpress-plugin-static-maps-editor-1024x556.png\" alt=\"Wordpress Plugin Static Maps Editor\" class=\"wp-image-153617\" srcset=\"https:\/\/www.printmaps.net\/wp-content\/uploads\/2023\/09\/wordpress-plugin-static-maps-editor-980x532.png 980w, https:\/\/www.printmaps.net\/wp-content\/uploads\/2023\/09\/wordpress-plugin-static-maps-editor-480x261.png 480w\" sizes=\"(min-width: 0px) and (max-width: 480px) 480px, (min-width: 481px) and (max-width: 980px) 980px, (min-width: 981px) 1024px, 100vw\" \/><\/figure>\n<p><\/p>\n\n<h2 class=\"wp-block-heading\">Warum sollte ich den Static Maps Editor verwenden?<\/h2>\n\n<p><\/p>\n\n<h3 class=\"wp-block-heading\">1. Das erste WordPress-Plugin zum Bearbeiten von nicht-interaktiven Karten<\/h3>\n\n<p>Obwohl es auf WordPress Dutzende Plugins gibt, die Ihre Bed\u00fcrfnisse f\u00fcr interaktive Karten erf\u00fcllen, ist der Static Maps Editor das erste Plugin, das es Ihnen erm\u00f6glicht, Karten vollst\u00e4ndig innerhalb des WordPress-Backends zu bearbeiten.<\/p>\n\n<p><\/p>\n\n<h3 class=\"wp-block-heading\">2. Zeit sparen, ohne an Qualit\u00e4t zu verlieren<\/h3>\n\n<p>Wenn Sie h\u00e4ufig Karten f\u00fcr Ihren Reiseblog, Immobilienanzeigen oder Ihre Tourismus-Website ben\u00f6tigen, k\u00f6nnen Sie eine erhebliche Menge an Zeit sparen, indem Sie unn\u00f6tige Zwischenschritte umgehen. Mit dem Static Maps Editor k\u00f6nnen Sie Karten schnell und einfach erstellen. Nutzen Sie die gewonnene Zeit, um Ihre Karten nach Belieben zu verfeinern und auff\u00e4llige Kunstwerke zu erstellen, die Ihrem Publikum oder Ihren Kunden zugutekommen.<\/p>\n\n<p><\/p>\n\n<h3 class=\"wp-block-heading\">3. Ihren Content aufwerten<\/h3>\n\n<p>Ansprechende statische Karten k\u00f6nnen die Leseerfahrung verbessern, indem sie Ihren Artikeln visuellen Kontext hinzuf\u00fcgen und den Lesern helfen, die erw\u00e4hnten Orte zu visualisieren. Sie k\u00f6nnen komplexe Informationen vereinfachen, Reiserouten anzeigen, geografische Standorte hervorheben und den Inhalt ansprechender gestalten.<\/p>\n\n<p><\/p>\n\n<h3 class=\"wp-block-heading\">4. Erzeugen Sie mehr Traffic f\u00fcr Ihre Website<\/h3>\n\n<p>SEO ist ein wichtiges Thema f\u00fcr Inhaber von Website-Domains, die ihren Traffic erh\u00f6hen oder aufrechterhalten wollen. Bei richtiger Anwendung k\u00f6nnen statische Karten Ihnen dabei helfen, genau das zu erreichen. Die fertigen Karten werden in Ihrer WordPress-Mediathek als PNGs gespeichert, die Sie in Ihre Seiten oberhalb der Umschlagfalte integrieren k\u00f6nnen, um dem Google-Suchalgorithmus inhaltliche Abwechslung zu bieten und einen Alt-Text zu integrieren, um die Suchbegriffe zu st\u00e4rken, unter denen Ihre Website gefunden werden kann. Au\u00dferdem werden die statischen Karten in der Google-Bildersuche angezeigt, was eine zus\u00e4tzliche Quelle f\u00fcr potenzielle Leser darstellt.<\/p>\n\n<p><\/p>\n\n<h3 class=\"wp-block-heading\">5. Halten Sie Ihre Website schnell<\/h3>\n\n<p>Wie wir wissen, schreckt nichts einen interessierten Leser so schnell ab wie eine Website, die nicht schnell l\u00e4dt. Statische Karten laden genauso schnell wie jedes andere PNG. Belasten Sie Ihre Website nicht unn\u00f6tig und halten Sie sie so schnell wie m\u00f6glich.<\/p>\n\n<p><\/p>\n\n<h2 class=\"wp-block-heading\">Wie man den Static Maps Editor benutzt:<\/h2>\n\n<ul class=\"wp-block-list\">\n<li><p>Folgen Sie den Download-Anweisungen im <a href=\"https:\/\/de.wordpress.org\/plugins\/static-maps-editor\/\">WordPress Plugin Directory<\/a><\/p><\/li>\n\n\n\n<li>Landkarten nach Lust und Laune erstellen und anpassen<\/li>\n\n\n\n<li><p>Kartenbilder werden von Ihrer WordPress-Installation in Ihrer <strong>Medienbibliothek<\/strong> gespeichert und gehostet<\/p><\/li>\n\n\n\n<li>Alle Bilder werden wie \u00fcblich lokal in Ihrem Upload-Ordner gespeichert<\/li>\n<\/ul>\n\n<p><\/p>\n\n<h3 class=\"wp-block-heading\">Editor-Funktionen:<\/h3>\n\n<ul class=\"wp-block-list\">\n<li>Globale Kartierung<\/li>\n\n\n\n<li>Zwischen verschiedenen Kartenstilen w\u00e4hlen<\/li>\n\n\n\n<li>Routen erstellen<\/li>\n\n\n\n<li>Punkte auf der Karte mit Pins markieren<\/li>\n\n\n\n<li>Geografische Gebiete hervorheben<\/li>\n\n\n\n<li>Erhebung anzeigen<\/li>\n\n\n\n<li>Das Design personalisieren<\/li>\n\n\n\n<li>Kippen oder Drehen<\/li>\n<\/ul>\n\n<p>Static Maps Editor ist mit allen anderen Plugins, die Bilder verarbeiten, kompatibel und 100% DSGVO-konform.<\/p>\n\n<p><\/p>\n\n<h3 class=\"wp-block-heading\">Beispiele, die mit dem Static Maps Editor Plugin erstellt wurden:<\/h3>\n\n<figure class=\"wp-block-gallery has-nested-images columns-default is-cropped wp-block-gallery-1 is-layout-flex wp-block-gallery-is-layout-flex\">\n<figure class=\"wp-block-image size-large\"><img decoding=\"async\" width=\"1024\" height=\"665\" data-id=\"63054\" src=\"https:\/\/www.printmaps.net\/wp-content\/uploads\/2020\/05\/Real-Estate-Flyers-1024x665.png\" alt=\"Screenshot POI-Karte\" class=\"wp-image-63054\" srcset=\"https:\/\/www.printmaps.net\/wp-content\/uploads\/2020\/05\/Real-Estate-Flyers-980x636.png 980w, https:\/\/www.printmaps.net\/wp-content\/uploads\/2020\/05\/Real-Estate-Flyers-480x312.png 480w\" sizes=\"(min-width: 0px) and (max-width: 480px) 480px, (min-width: 481px) and (max-width: 980px) 980px, (min-width: 981px) 1024px, 100vw\" \/><\/figure>\n\n\n<figure class=\"wp-block-image size-large\"><img decoding=\"async\" width=\"1024\" height=\"722\" data-id=\"70205\" src=\"https:\/\/www.printmaps.net\/wp-content\/uploads\/2020\/10\/printable-maps-photobook-1-1024x722.png\" alt=\"Screenshot Routenkarte\" class=\"wp-image-70205\" srcset=\"https:\/\/www.printmaps.net\/wp-content\/uploads\/2020\/10\/printable-maps-photobook-1-980x691.png 980w, https:\/\/www.printmaps.net\/wp-content\/uploads\/2020\/10\/printable-maps-photobook-1-480x339.png 480w\" sizes=\"(min-width: 0px) and (max-width: 480px) 480px, (min-width: 481px) and (max-width: 980px) 980px, (min-width: 981px) 1024px, 100vw\" \/><\/figure>\n\n\n<figure class=\"wp-block-image size-large\"><img loading=\"lazy\" loading=\"lazy\" decoding=\"async\" width=\"1024\" height=\"768\" data-id=\"70226\" src=\"https:\/\/www.printmaps.net\/wp-content\/uploads\/2020\/10\/800x600@2x-1024x768.png\" alt=\"Screenshot monochrome Karte\" class=\"wp-image-70226\" srcset=\"https:\/\/www.printmaps.net\/wp-content\/uploads\/2020\/10\/800x600@2x-980x735.png 980w, https:\/\/www.printmaps.net\/wp-content\/uploads\/2020\/10\/800x600@2x-480x360.png 480w\" sizes=\"auto, (min-width: 0px) and (max-width: 480px) 480px, (min-width: 481px) and (max-width: 980px) 980px, (min-width: 981px) 1024px, 100vw\" \/><\/figure>\n\n\n<figure class=\"wp-block-image size-large\"><img loading=\"lazy\" loading=\"lazy\" decoding=\"async\" width=\"1024\" height=\"714\" data-id=\"70195\" src=\"https:\/\/www.printmaps.net\/wp-content\/uploads\/2020\/10\/photobook-travel-map-1024x714.png\" alt=\"screenshot routenkarte\" class=\"wp-image-70195\" srcset=\"https:\/\/www.printmaps.net\/wp-content\/uploads\/2020\/10\/photobook-travel-map-980x683.png 980w, https:\/\/www.printmaps.net\/wp-content\/uploads\/2020\/10\/photobook-travel-map-480x335.png 480w\" sizes=\"auto, (min-width: 0px) and (max-width: 480px) 480px, (min-width: 481px) and (max-width: 980px) 980px, (min-width: 981px) 1024px, 100vw\" \/><\/figure><\/figure>\n\n<div style=\"height:55px\" aria-hidden=\"true\" class=\"wp-block-spacer\"><\/div>\n\n<div class=\"wp-block-buttons is-content-justification-center is-layout-flex wp-container-core-buttons-is-layout-16018d1d wp-block-buttons-is-layout-flex\">\n<div class=\"wp-block-button is-style-fill\"><a class=\"wp-block-button__link has-vivid-red-background-color has-background wp-element-button\" href=\"https:\/\/de.wordpress.org\/plugins\/static-maps-editor\/\" style=\"border-radius:20px\"><strong>In wenigen Klicks k\u00f6nnen Sie mit der Kartierung beginnen!<\/strong><\/a><\/div>\n<\/div>\n\n<div style=\"height:49px\" aria-hidden=\"true\" class=\"wp-block-spacer\"><\/div>\n","protected":false},"excerpt":{"rendered":"<p>Das Static Maps Editor Plugin erm\u00f6glicht es Ihnen, personalisierte, nicht-interaktive &#8222;statische&#8220; Karten ganz einfach zu erstellen. \u00c4ndern Sie den Kartenstil, f\u00fcgen Sie Routen, Sehensw\u00fcrdigkeiten und Geo-Formen zu Ihren vollst\u00e4ndig anpassbaren Karten hinzu, indem Sie den Karteneditor von Printmaps.net verwenden, und integrieren Sie diese in k\u00fcrzester Zeit in Ihre WordPress-Seite. Lesen Sie weiter, um herauszufinden, was [&hellip;]<\/p>\n","protected":false},"author":5,"featured_media":0,"parent":0,"menu_order":0,"comment_status":"closed","ping_status":"closed","template":"","meta":{"_et_pb_use_builder":"","_et_pb_old_content":"","_et_gb_content_width":"","footnotes":""},"class_list":["post-174922","page","type-page","status-publish","hentry"],"_links":{"self":[{"href":"https:\/\/www.printmaps.net\/de\/wp-json\/wp\/v2\/pages\/174922","targetHints":{"allow":["GET"]}}],"collection":[{"href":"https:\/\/www.printmaps.net\/de\/wp-json\/wp\/v2\/pages"}],"about":[{"href":"https:\/\/www.printmaps.net\/de\/wp-json\/wp\/v2\/types\/page"}],"author":[{"embeddable":true,"href":"https:\/\/www.printmaps.net\/de\/wp-json\/wp\/v2\/users\/5"}],"replies":[{"embeddable":true,"href":"https:\/\/www.printmaps.net\/de\/wp-json\/wp\/v2\/comments?post=174922"}],"version-history":[{"count":1,"href":"https:\/\/www.printmaps.net\/de\/wp-json\/wp\/v2\/pages\/174922\/revisions"}],"predecessor-version":[{"id":174923,"href":"https:\/\/www.printmaps.net\/de\/wp-json\/wp\/v2\/pages\/174922\/revisions\/174923"}],"wp:attachment":[{"href":"https:\/\/www.printmaps.net\/de\/wp-json\/wp\/v2\/media?parent=174922"}],"curies":[{"name":"wp","href":"https:\/\/api.w.org\/{rel}","templated":true}]}}