{"id":200205,"date":"2025-03-06T11:54:26","date_gmt":"2025-03-06T10:54:26","guid":{"rendered":"https:\/\/www.printmaps.net\/standortanalyse-karte\/"},"modified":"2025-10-24T13:19:58","modified_gmt":"2025-10-24T12:19:58","slug":"standortanalyse-karte","status":"publish","type":"page","link":"https:\/\/www.printmaps.net\/de\/standortanalyse-karte\/","title":{"rendered":"Standortanalyse-Karte \u2013 Online-Editor f\u00fcr Architektur und Design"},"content":{"rendered":"\n<div class=\"wp-block-columns is-layout-flex wp-container-core-columns-is-layout-9d6595d7 wp-block-columns-is-layout-flex\">\n<div class=\"wp-block-column is-layout-flow wp-block-column-is-layout-flow\" style=\"flex-basis:66.66%\">\n<figure class=\"wp-block-image size-large\"><img fetchpriority=\"high\" fetchpriority=\"high\" decoding=\"async\" width=\"564\" height=\"752\" src=\"https:\/\/www.printmaps.net\/wp-content\/uploads\/2020\/05\/Image-from-FRPO-Rodriguez-Oriol-Architects.jpg\" alt=\"standortanalyse karte\" class=\"wp-image-62577\" srcset=\"https:\/\/www.printmaps.net\/wp-content\/uploads\/2020\/05\/Image-from-FRPO-Rodriguez-Oriol-Architects.jpg 564w, https:\/\/www.printmaps.net\/wp-content\/uploads\/2020\/05\/Image-from-FRPO-Rodriguez-Oriol-Architects-480x640.jpg 480w\" sizes=\"(min-width: 0px) and (max-width: 480px) 480px, (min-width: 481px) 564px, 100vw\" \/><\/figure>\n\n\n<div style=\"height:143px\" aria-hidden=\"true\" class=\"wp-block-spacer\"><\/div>\n<\/div>\n\n\n\n<div class=\"wp-block-column is-layout-flow wp-block-column-is-layout-flow\" style=\"flex-basis:33.33%\">\n<p><p><strong>Architektur- und Designexperten<\/strong> nutzen Karten auf verschiedene Weise f\u00fcr ihre Standortanalyse. Heutzutage m\u00f6chte man seinen Kunden und Kollegen keine langen Texte oder Zahlenkolonnen pr\u00e4sentieren. Inspirierende Karten zur <strong>Visualisierung Ihrer Standortdaten<\/strong> helfen nicht nur, Informationen effektiver zu vermitteln, sondern auch den kreativen Prozess w\u00e4hrend der <strong>Standortanalyse<\/strong> zu f\u00f6rdern.<\/p><\/p>\n\n\n\n<p><p>Der Printmaps-Editor importiert Daten von <a href=\"https:\/\/www.openstreetmap.org\/\">OpenStreetMap<\/a> und macht sie einfach zug\u00e4nglich. Sie k\u00f6nnen Formen hinzuf\u00fcgen, Ebenen filtern, Routen anlegen und interessante Orte markieren. Das Ergebnis kann als hochaufl\u00f6sendes PNG oder als PSD- bzw. SVG-Datei mit Ebenen heruntergeladen werden.<\/p><\/p>\n\n\n\n<p><p>Entdecken Sie die <a href=\"\/de\/funktionen\/\">Funktionen unseres Online-Editors<\/a> und deren Anwendung.<\/p><\/p>\n\n\n\n<div style=\"height:100px\" aria-hidden=\"true\" class=\"wp-block-spacer\"><\/div>\n\n\n\n<div class=\"wp-block-buttons is-content-justification-center is-layout-flex wp-container-core-buttons-is-layout-16018d1d wp-block-buttons-is-layout-flex\">\n<div class=\"wp-block-button has-custom-font-size\" style=\"font-size:18px\"><a class=\"wp-block-button__link has-background wp-element-button\" href=\"https:\/\/www.printmaps.net\/de\/\" style=\"border-radius:10px;background-color:#e5017e\"><p><strong>Fangen Sie jetzt an zu kartieren, keine Anmeldung erforderlich<\/strong><\/p><\/a><\/div>\n<\/div>\n<\/div>\n<\/div>\n\n<div style=\"height:43px\" aria-hidden=\"true\" class=\"wp-block-spacer\"><\/div>\n\n<div class=\"wp-block-columns is-layout-flex wp-container-core-columns-is-layout-9d6595d7 wp-block-columns-is-layout-flex\">\n<div class=\"wp-block-column is-layout-flow wp-block-column-is-layout-flow\" style=\"flex-basis:33.33%\">\n<p><\/p>\n\n\n\n<h3 class=\"wp-block-heading\">Nutzen Sie eine Karte mit Ebenen aus unserem Standortanalyse-Tool<\/h3>\n\n\n\n<p><p>Architektur- und Designprofis haben verschiedene M\u00f6glichkeiten, ihre Standortanalyse zu pr\u00e4sentieren \u2013 stets unter Einbeziehung von Karten. Da <strong>Adobe Illustrator<\/strong> oder <strong>Photoshop<\/strong> wahrscheinlich bereits ein bew\u00e4hrtes Werkzeug f\u00fcr Ihre Datenvisualisierung ist, bleibt die Frage: Wo findet man eine <strong>hochaufl\u00f6sende Karte<\/strong>, idealerweise bereits <strong>mit Ebenen und Beschriftungen<\/strong>?<\/p><\/p>\n<\/div>\n\n\n\n<div class=\"wp-block-column is-layout-flow wp-block-column-is-layout-flow\" style=\"flex-basis:66.66%\"><div class=\"wp-block-image\">\n<figure class=\"alignright size-large\"><img decoding=\"async\" width=\"564\" height=\"534\" src=\"https:\/\/www.printmaps.net\/wp-content\/uploads\/2020\/05\/Image-from-Marlon-Blackwell-Architects.jpg\" alt=\"Standortanalyse-Tool\" class=\"wp-image-62578\" srcset=\"https:\/\/www.printmaps.net\/wp-content\/uploads\/2020\/05\/Image-from-Marlon-Blackwell-Architects.jpg 564w, https:\/\/www.printmaps.net\/wp-content\/uploads\/2020\/05\/Image-from-Marlon-Blackwell-Architects-480x454.jpg 480w\" sizes=\"(min-width: 0px) and (max-width: 480px) 480px, (min-width: 481px) 564px, 100vw\" \/><\/figure><\/div>\n\n\n<div style=\"height:100px\" aria-hidden=\"true\" class=\"wp-block-spacer\"><\/div>\n<\/div>\n<\/div>\n\n<div style=\"height:60px\" aria-hidden=\"true\" class=\"wp-block-spacer\"><\/div>\n\n<div class=\"wp-block-columns is-layout-flex wp-container-core-columns-is-layout-9d6595d7 wp-block-columns-is-layout-flex\">\n<div class=\"wp-block-column is-layout-flow wp-block-column-is-layout-flow\" style=\"flex-basis:66.66%\">\n<figure class=\"wp-block-image size-large\"><img decoding=\"async\" src=\"https:\/\/www.printmaps.net\/wp-content\/uploads\/2020\/06\/layered-map-in-illustrator.png\" alt=\"Karte f&#xFC;r die Standortanalyse\" class=\"wp-image-64211\"\/><\/figure><\/div>\n\n\n\n<div class=\"wp-block-column is-layout-flow wp-block-column-is-layout-flow\" style=\"flex-basis:33.33%\">\n<h3 class=\"wp-block-heading\">Hier kommt Printmaps ins Spiel<\/h3>\n\n\n\n<p><p>Innerhalb weniger Minuten k\u00f6nnen Sie eine Karte mit Ebenen herunterladen. Mit dem Online-Karteneditor <strong>w\u00e4hlen Sie einen Standort aus, setzen Filter und f\u00fcgen Formen sowie Inhalte hinzu<\/strong>. Laden Sie eine PSD- oder SVG-Datei mit Ebenen herunter und starten Sie die Bearbeitung in Ihrem bevorzugten Programm.<\/p><\/p>\n\n\n\n<p>Das Endergebnis ist hochaufl\u00f6send und f\u00fcr den hochwertigen Druck geeignet \u2013 bis zu einer maximalen Gr\u00f6\u00dfe von 1330mm x 1330mm.<\/p>\n\n\n\n<p>Deshalb bildet eine Printmap die perfekte Grundlage f\u00fcr eine Standortanalyse.<\/p>\n\n\n\n<p><p><a href=\"https:\/\/support.printmaps.net\/de\/support\/tickets\/new\">Kontaktieren Sie uns<\/a> f\u00fcr <strong>Festpreisoptionen<\/strong>.<\/p><\/p>\n<\/div>\n<\/div>\n\n<div style=\"height:72px\" aria-hidden=\"true\" class=\"wp-block-spacer\"><\/div>\n\n<div class=\"wp-block-group\"><div class=\"wp-block-group__inner-container is-layout-constrained wp-block-group-is-layout-constrained\">\n<h2 class=\"wp-block-heading has-text-align-center has-large-font-size\" style=\"font-style:normal;font-weight:700\">Probieren Sie Printmaps<\/h2>\n\n\n\n<p class=\"has-text-align-center has-medium-font-size\">Mit unserem\u00a0Karteneditor k\u00f6nnen Sie in k\u00fcrzester Zeit weltweit druckbare Karten erstellen.<\/p>\n\n\n\n<div style=\"height:15px\" aria-hidden=\"true\" class=\"wp-block-spacer\"><\/div>\n\n\n\n<div class=\"wp-block-buttons is-content-justification-center is-layout-flex wp-container-core-buttons-is-layout-16018d1d wp-block-buttons-is-layout-flex\">\n<div class=\"wp-block-button has-custom-font-size\" style=\"font-size:18px\"><a class=\"wp-block-button__link has-background wp-element-button\" href=\"https:\/\/www.printmaps.net\/de\/\" style=\"border-radius:10px;background-color:#e5017e\"><p><strong>Erstellen Sie Ihre erste Karte<\/strong><\/p><\/a><\/div>\n<\/div>\n<\/div><\/div>\n\n<div style=\"height:77px\" aria-hidden=\"true\" class=\"wp-block-spacer\"><\/div>\n\n<div class=\"schema-faq wp-block-yoast-faq-block\"><div class=\"schema-faq-section\" id=\"faq-question-1750417966569\"><strong class=\"schema-faq-question\">Wie erstelle ich eine Standortanalyse-Karte?<\/strong> <p class=\"schema-faq-answer\">Definieren Sie zun\u00e4chst klar das Kartengebiet, das Sie darstellen m\u00f6chten. W\u00e4hlen Sie Zoomstufe und Kartengr\u00f6\u00dfe passend zu Ihrem Use Case, also z. B. eine Nahansicht der Nachbarschaft oder eine \u00dcbersicht des weiteren Umfelds. W\u00e4hlen Sie die Elemente aus, die f\u00fcr Ihren Use Case am sinnvollsten hervorzuheben sind. Das reicht von Umweltfaktoren wie Sonnenlauf oder Windexposition in Bezug auf das Objekt bis zur Hervorhebung von Grundst\u00fccksgrenzen, bestehenden Geb\u00e4uden und nat\u00fcrlichen Merkmalen.<\/p> <\/div> <div class=\"schema-faq-section\" id=\"faq-question-1757673170091\"><strong class=\"schema-faq-question\">Was ist eine Standortanalyse-Karte?<\/strong> <p class=\"schema-faq-answer\">Eine Standortanalyse-Karte ist im architektonischen Kontext eine visuelle Zusammenfassung eines Projektstandorts und seines Umfelds, die fr\u00fche Entwurfsentscheidungen leitet. Typisch sind Grenzen, Erschlie\u00dfung, Geb\u00e4ude, Nutzung, Topografie, Hydrologie, Vegetation, Versorgungsleitungen und rechtliche Rahmenbedingungen.<\/p> <\/div> <div class=\"schema-faq-section\" id=\"faq-question-1757676678010\"><strong class=\"schema-faq-question\">Enth\u00e4lt die Karte Geb\u00e4ude und weitere Basisebenen?<\/strong> <p class=\"schema-faq-answer\">Ja. Der Editor nutzt OpenStreetMap-Daten und beh\u00e4lt kartografische Ebenen (z. B. Stra\u00dfen, Geb\u00e4ude), die Sie ein-\/ausblenden oder vereinfachen k\u00f6nnen.<\/p> <\/div> <div class=\"schema-faq-section\" id=\"faq-question-1757679315520\"><strong class=\"schema-faq-question\">Kann ich die Basiskarte vereinfachen, um visuelles Rauschen zu reduzieren?<\/strong> <p class=\"schema-faq-answer\">Ja. Blenden Sie Elemente ein\/aus und reduzieren Sie die Kartendetails. Sie steuern, wie minimal oder reich die Basis aussieht.<\/p> <\/div> <\/div>\n","protected":false},"excerpt":{"rendered":"<p>Architektur- und Designexperten nutzen Karten auf verschiedene Weise f\u00fcr ihre Standortanalyse. Heutzutage m\u00f6chte man seinen Kunden und Kollegen keine langen Texte oder Zahlenkolonnen pr\u00e4sentieren. Inspirierende Karten zur Visualisierung Ihrer Standortdaten helfen nicht nur, Informationen effektiver zu vermitteln, sondern auch den kreativen Prozess w\u00e4hrend der Standortanalyse zu f\u00f6rdern. Der Printmaps-Editor importiert Daten von OpenStreetMap und macht [&hellip;]<\/p>\n","protected":false},"author":19,"featured_media":0,"parent":0,"menu_order":0,"comment_status":"closed","ping_status":"closed","template":"","meta":{"_et_pb_use_builder":"off","_et_pb_old_content":"","_et_gb_content_width":"","footnotes":""},"class_list":["post-200205","page","type-page","status-publish","hentry"],"_links":{"self":[{"href":"https:\/\/www.printmaps.net\/de\/wp-json\/wp\/v2\/pages\/200205","targetHints":{"allow":["GET"]}}],"collection":[{"href":"https:\/\/www.printmaps.net\/de\/wp-json\/wp\/v2\/pages"}],"about":[{"href":"https:\/\/www.printmaps.net\/de\/wp-json\/wp\/v2\/types\/page"}],"author":[{"embeddable":true,"href":"https:\/\/www.printmaps.net\/de\/wp-json\/wp\/v2\/users\/19"}],"replies":[{"embeddable":true,"href":"https:\/\/www.printmaps.net\/de\/wp-json\/wp\/v2\/comments?post=200205"}],"version-history":[{"count":2,"href":"https:\/\/www.printmaps.net\/de\/wp-json\/wp\/v2\/pages\/200205\/revisions"}],"predecessor-version":[{"id":222107,"href":"https:\/\/www.printmaps.net\/de\/wp-json\/wp\/v2\/pages\/200205\/revisions\/222107"}],"wp:attachment":[{"href":"https:\/\/www.printmaps.net\/de\/wp-json\/wp\/v2\/media?parent=200205"}],"curies":[{"name":"wp","href":"https:\/\/api.w.org\/{rel}","templated":true}]}}