{"id":211607,"date":"2025-06-28T14:12:06","date_gmt":"2025-06-28T13:12:06","guid":{"rendered":"https:\/\/www.printmaps.net\/vektorkarten-erstellen\/"},"modified":"2025-06-28T14:12:06","modified_gmt":"2025-06-28T13:12:06","slug":"vektorkarten-erstellen","status":"publish","type":"page","link":"https:\/\/www.printmaps.net\/de\/vektorkarten-erstellen\/","title":{"rendered":"Vektorkarten f\u00fcr Grafikdesign online erstellen"},"content":{"rendered":"\n<p><p>Mit <a href=\"\/de\/\">Printmaps<\/a> k\u00f6nnen Sie online Vektorkarten erstellen, ganz ohne GIS- oder Kartografiekenntnisse. Erstellen Sie Ihre Karte in hoher Aufl\u00f6sung und exportieren Sie diese als SVG-Vektorgrafik oder PSD-Datei mit Ebenen, perfekt f\u00fcr die Bearbeitung in <strong>Adobe Illustrator, InDesign, Photoshop oder Figma<\/strong>. <a href=\"\/de\/agenturen\/\">Zahlreiche Grafikdesigner<\/a> nutzen bereits Printmaps f\u00fcr ihre Projekte.<\/p><\/p>\n\n<div style=\"height:37px\" aria-hidden=\"true\" class=\"wp-block-spacer\"><\/div>\n\n<div class=\"wp-block-buttons is-content-justification-center is-layout-flex wp-container-core-buttons-is-layout-16018d1d wp-block-buttons-is-layout-flex\">\n<div class=\"wp-block-button has-custom-font-size\" style=\"font-size:18px\"><a class=\"wp-block-button__link has-background wp-element-button\" href=\"https:\/\/www.printmaps.net\/de\/\" style=\"border-radius:10px;background-color:#e5017e\"><p><strong>Fangen Sie jetzt an zu kartieren, keine Anmeldung erforderlich<\/strong><\/p><\/a><\/div>\n<\/div>\n\n<div style=\"height:70px\" aria-hidden=\"true\" class=\"wp-block-spacer\"><\/div>\n<div class=\"wp-block-image\">\n<figure class=\"alignright size-full is-resized\"><img fetchpriority=\"high\" fetchpriority=\"high\" decoding=\"async\" width=\"834\" height=\"670\" src=\"https:\/\/www.printmaps.net\/wp-content\/uploads\/2020\/06\/layered-map-in-illustrator.png\" alt=\"vektorkarte illustrator\" class=\"wp-image-63982\" style=\"width:620px;height:auto\" srcset=\"https:\/\/www.printmaps.net\/wp-content\/uploads\/2020\/06\/layered-map-in-illustrator.png 834w, https:\/\/www.printmaps.net\/wp-content\/uploads\/2020\/06\/layered-map-in-illustrator-480x386.png 480w\" sizes=\"(min-width: 0px) and (max-width: 480px) 480px, (min-width: 481px) 834px, 100vw\" \/><\/figure><\/div>\n<h2 class=\"wp-block-heading\"><p>Warum Vektorkarten ideal f\u00fcr Grafikdesigner sind<\/p><\/h2>\n\n<p><p>F\u00fcr professionelle Layouts, ob digital oder im Druck, erm\u00f6glichen vollst\u00e4ndig anpassbare Vektorkarten einen flexiblen und effizienten Designprozess. SVG-Vektorgrafiken lassen sich nahtlos in Tools wie <strong>Illustrator, InDesign und Figma<\/strong> integrieren und beliebig skalieren, gestalten und verfeinern \u2013 ohne Qualit\u00e4tsverlust.<br\/>Wenn pixelgenaue Bearbeitung gefragt ist, bieten PSD-Dateien mit Ebenen die volle Kontrolle in Photoshop. F\u00fcr die meisten Grafik-Workflows bleiben Vektorkarten jedoch die vielseitigste L\u00f6sung.<\/p><\/p>\n\n<p><p><strong>Unterst\u00fctzte Dateiformate:<\/strong><\/p><\/p>\n\n<ul class=\"wp-block-list\">\n<li>PNG (300 dpi) bis 220 mm x 220 mm<\/li>\n\n\n\n<li>PSD (300 dpi) bis 660 mm x 660 mm<\/li>\n\n\n\n<li>SVG (skalierbare Aufl\u00f6sung)<\/li>\n<\/ul>\n\n<div style=\"height:112px\" aria-hidden=\"true\" class=\"wp-block-spacer\"><\/div>\n<div class=\"wp-block-image\">\n<figure class=\"alignleft size-full is-resized\"><img decoding=\"async\" width=\"765\" height=\"531\" src=\"https:\/\/www.printmaps.net\/wp-content\/uploads\/2020\/10\/mallorca.jpg\" alt=\"Beispiel einer SVG-Vektorkarte\" class=\"wp-image-70214\" style=\"width:700px;height:auto\" srcset=\"https:\/\/www.printmaps.net\/wp-content\/uploads\/2020\/10\/mallorca.jpg 765w, https:\/\/www.printmaps.net\/wp-content\/uploads\/2020\/10\/mallorca-480x333.jpg 480w\" sizes=\"(min-width: 0px) and (max-width: 480px) 480px, (min-width: 481px) 765px, 100vw\" \/><\/figure><\/div>\n<h2 class=\"wp-block-heading\">Flexibel f\u00fcr alle Grafikdesign-Projekte<\/h2>\n\n<p><p>Unser Online-Tool zum Vektorkarten erstellen wird von Designern in unterschiedlichen Branchen eingesetzt. Ob f\u00fcr Editorial Design, Magazine, Marketingmaterialien oder Infografiken; Vektorkarten bilden eine vielseitige Grundlage f\u00fcr jedes Designprojekt. Magazinlayouts nutzen klare, standortbasierte Grafiken zur Visualisierung von Artikeln und Reisethemen. Eventposter profitieren von \u00fcbersichtlichen, gut lesbaren Karten, die Besuchern die Orientierung erleichtern. In Infografiken helfen Karten, Daten nach Regionen darzustellen, Trends hervorzuheben oder Vergleiche visuell aufzubereiten.<\/p><\/p>\n\n<div style=\"height:124px\" aria-hidden=\"true\" class=\"wp-block-spacer\"><\/div>\n<div class=\"wp-block-image\">\n<figure class=\"alignright size-large is-resized\"><img decoding=\"async\" width=\"1024\" height=\"576\" src=\"https:\/\/www.printmaps.net\/wp-content\/uploads\/2024\/09\/print-map-1-1024x576.png\" alt=\"vektorkarten erstellen\" class=\"wp-image-183002\" style=\"width:762px;height:auto\" srcset=\"https:\/\/www.printmaps.net\/wp-content\/uploads\/2024\/09\/print-map-1-980x551.png 980w, https:\/\/www.printmaps.net\/wp-content\/uploads\/2024\/09\/print-map-1-480x270.png 480w\" sizes=\"(min-width: 0px) and (max-width: 480px) 480px, (min-width: 481px) and (max-width: 980px) 980px, (min-width: 981px) 1024px, 100vw\" \/><\/figure><\/div>\n<h2 class=\"wp-block-heading has-text-align-left\">Funktionen unseres Online-Tools zum Vektorkarten Erstellen<\/h2>\n\n<ul class=\"wp-block-list\">\n<li>Online-Editor mit weltweiter Abdeckung<\/li>\n\n\n\n<li>Auswahl verschiedener Kartenstile<\/li>\n\n\n\n<li>Kartenelemente und Labels ein- oder ausblenden<\/li>\n\n\n\n<li>Marker, Routen und Geo-Shapes hinzuf\u00fcgen<\/li>\n\n\n\n<li>GPX-, KML- oder GeoJSON-Dateien hochladen<\/li>\n\n\n\n<li><p>Mehr Details <a href=\"\/de\/funktionen\/\">hier<\/a> lesen<\/p><\/li>\n<\/ul>\n\n<div style=\"height:118px\" aria-hidden=\"true\" class=\"wp-block-spacer\"><\/div>\n\n<div class=\"wp-block-group\"><div class=\"wp-block-group__inner-container is-layout-constrained wp-block-group-is-layout-constrained\">\n<h2 class=\"wp-block-heading has-text-align-center has-large-font-size\" style=\"font-style:normal;font-weight:700\">Probieren Sie Printmaps<\/h2>\n\n\n\n<p class=\"has-text-align-center has-medium-font-size\">Mit unserem\u00a0Karteneditor k\u00f6nnen Sie in k\u00fcrzester Zeit weltweit druckbare Karten erstellen.<\/p>\n\n\n\n<div style=\"height:15px\" aria-hidden=\"true\" class=\"wp-block-spacer\"><\/div>\n\n\n\n<div class=\"wp-block-buttons is-content-justification-center is-layout-flex wp-container-core-buttons-is-layout-16018d1d wp-block-buttons-is-layout-flex\">\n<div class=\"wp-block-button has-custom-font-size\" style=\"font-size:18px\"><a class=\"wp-block-button__link has-background wp-element-button\" href=\"https:\/\/www.printmaps.net\/de\/\" style=\"border-radius:10px;background-color:#e5017e\"><p><strong>Erstellen Sie Ihre erste Karte<\/strong><\/p><\/a><\/div>\n<\/div>\n<\/div><\/div>\n\n<div style=\"height:137px\" aria-hidden=\"true\" class=\"wp-block-spacer\"><\/div>\n","protected":false},"excerpt":{"rendered":"<p>Mit Printmaps k\u00f6nnen Sie online Vektorkarten erstellen, ganz ohne GIS- oder Kartografiekenntnisse. Erstellen Sie Ihre Karte in hoher Aufl\u00f6sung und exportieren Sie diese als SVG-Vektorgrafik oder PSD-Datei mit Ebenen, perfekt f\u00fcr die Bearbeitung in Adobe Illustrator, InDesign, Photoshop oder Figma. Zahlreiche Grafikdesigner nutzen bereits Printmaps f\u00fcr ihre Projekte. Warum Vektorkarten ideal f\u00fcr Grafikdesigner sind F\u00fcr [&hellip;]<\/p>\n","protected":false},"author":23,"featured_media":0,"parent":0,"menu_order":0,"comment_status":"closed","ping_status":"closed","template":"","meta":{"_et_pb_use_builder":"","_et_pb_old_content":"","_et_gb_content_width":"","footnotes":""},"class_list":["post-211607","page","type-page","status-publish","hentry"],"_links":{"self":[{"href":"https:\/\/www.printmaps.net\/de\/wp-json\/wp\/v2\/pages\/211607","targetHints":{"allow":["GET"]}}],"collection":[{"href":"https:\/\/www.printmaps.net\/de\/wp-json\/wp\/v2\/pages"}],"about":[{"href":"https:\/\/www.printmaps.net\/de\/wp-json\/wp\/v2\/types\/page"}],"author":[{"embeddable":true,"href":"https:\/\/www.printmaps.net\/de\/wp-json\/wp\/v2\/users\/23"}],"replies":[{"embeddable":true,"href":"https:\/\/www.printmaps.net\/de\/wp-json\/wp\/v2\/comments?post=211607"}],"version-history":[{"count":1,"href":"https:\/\/www.printmaps.net\/de\/wp-json\/wp\/v2\/pages\/211607\/revisions"}],"predecessor-version":[{"id":211608,"href":"https:\/\/www.printmaps.net\/de\/wp-json\/wp\/v2\/pages\/211607\/revisions\/211608"}],"wp:attachment":[{"href":"https:\/\/www.printmaps.net\/de\/wp-json\/wp\/v2\/media?parent=211607"}],"curies":[{"name":"wp","href":"https:\/\/api.w.org\/{rel}","templated":true}]}}