{"id":25377,"date":"2017-07-05T14:25:12","date_gmt":"2017-07-05T12:25:12","guid":{"rendered":"https:\/\/www.printmaps.net\/impressum\/"},"modified":"2024-01-18T19:37:26","modified_gmt":"2024-01-18T18:37:26","slug":"impressum","status":"publish","type":"page","link":"https:\/\/www.printmaps.net\/de\/impressum\/","title":{"rendered":"Impressum"},"content":{"rendered":"\n<p>Verantwortlich f\u00fcr diese Website:<\/p>\n\n<p><p><strong>Toursprung GmbH<\/strong><br\/>Mariahilfer Stra\u00dfe 93\/20<br\/>1060 Wien<br\/>\u00d6sterreich<\/p><\/p>\n\n<p><p>Firmenbuch: FN 432876 h (Handelsgericht Wien)<br\/>Gesch\u00e4ftsf\u00fchrer: Helge Fahrnberger<\/p><\/p>\n\n<figure class=\"wp-block-image size-large is-resized\"><a href=\"https:\/\/www.maptoolkit.com\/\"><img fetchpriority=\"high\" fetchpriority=\"high\" decoding=\"async\" src=\"https:\/\/www.printmaps.net\/wp-content\/uploads\/2023\/03\/maptollkit-logo-dark-transparent-1024x422.png\" alt=\"Logo Maptoolkit\" class=\"wp-image-140762\" width=\"512\" height=\"211\"\/><\/a><\/figure>\n<p><strong>B\u00fcro Deutschland:<\/strong><\/p>\n\n<p><p>Toursprung GmbH<br\/>Fritz-Arnold-Str. 16<br\/>78467 Konstanz<br\/>Deutschland<\/p><\/p>\n\n<p><strong>B\u00fcro \u00d6sterreich:<\/strong><\/p>\n\n<p><p>Toursprung GmbH<br\/>Mariahilfer Stra\u00dfe 93\/20<br\/>1060 Wien<br\/>\u00d6sterreich<\/p><\/p>\n\n<div style=\"height:100px\" aria-hidden=\"true\" class=\"wp-block-spacer\"><\/div>\n","protected":false},"excerpt":{"rendered":"<p>Verantwortlich f\u00fcr diese Website: Toursprung GmbHMariahilfer Stra\u00dfe 93\/201060 Wien\u00d6sterreich Firmenbuch: FN 432876 h (Handelsgericht Wien)Gesch\u00e4ftsf\u00fchrer: Helge Fahrnberger B\u00fcro Deutschland: Toursprung GmbHFritz-Arnold-Str. 1678467 KonstanzDeutschland B\u00fcro \u00d6sterreich: Toursprung GmbHMariahilfer Stra\u00dfe 93\/201060 Wien\u00d6sterreich<\/p>\n","protected":false},"author":5,"featured_media":0,"parent":0,"menu_order":0,"comment_status":"closed","ping_status":"closed","template":"","meta":{"_et_pb_use_builder":"","_et_pb_old_content":"","_et_gb_content_width":"","footnotes":""},"class_list":["post-25377","page","type-page","status-publish","hentry"],"_links":{"self":[{"href":"https:\/\/www.printmaps.net\/de\/wp-json\/wp\/v2\/pages\/25377","targetHints":{"allow":["GET"]}}],"collection":[{"href":"https:\/\/www.printmaps.net\/de\/wp-json\/wp\/v2\/pages"}],"about":[{"href":"https:\/\/www.printmaps.net\/de\/wp-json\/wp\/v2\/types\/page"}],"author":[{"embeddable":true,"href":"https:\/\/www.printmaps.net\/de\/wp-json\/wp\/v2\/users\/5"}],"replies":[{"embeddable":true,"href":"https:\/\/www.printmaps.net\/de\/wp-json\/wp\/v2\/comments?post=25377"}],"version-history":[{"count":5,"href":"https:\/\/www.printmaps.net\/de\/wp-json\/wp\/v2\/pages\/25377\/revisions"}],"predecessor-version":[{"id":161761,"href":"https:\/\/www.printmaps.net\/de\/wp-json\/wp\/v2\/pages\/25377\/revisions\/161761"}],"wp:attachment":[{"href":"https:\/\/www.printmaps.net\/de\/wp-json\/wp\/v2\/media?parent=25377"}],"curies":[{"name":"wp","href":"https:\/\/api.w.org\/{rel}","templated":true}]}}