{"id":25778,"date":"2017-08-10T13:06:29","date_gmt":"2017-08-10T11:06:29","guid":{"rendered":"https:\/\/www.printmaps.net\/gratis-druckfahige-karten-fur-non-profits\/"},"modified":"2025-03-20T14:49:06","modified_gmt":"2025-03-20T13:49:06","slug":"kostenlose-druckfahige-landkarten","status":"publish","type":"page","link":"https:\/\/www.printmaps.net\/de\/kostenlose-druckfahige-landkarten\/","title":{"rendered":"Kostenlose druckf\u00e4hige Landkarten f\u00fcr Non-Profits"},"content":{"rendered":"\n<p><p>Printmaps.net bietet kostenlose druckbare Karten f\u00fcr eine unbegrenzte Publizierung (im Wert von etwa 350 \u20ac) an.<br\/>Bitte <a href=\"https:\/\/www.printmaps.net\/de\/\">testen Sie den Printmaps-Editor<\/a>\u00a0, bevor Sie ihn anwenden, um zu sehen, ob er Ihren Anforderungen entspricht.<\/p><\/p>\n\n<div style=\"height:60px\" aria-hidden=\"true\" class=\"wp-block-spacer\"><\/div>\n\n<div class=\"wp-block-group\"><div class=\"wp-block-group__inner-container is-layout-constrained wp-block-group-is-layout-constrained\">\n<div style=\"height:120px\" aria-hidden=\"true\" class=\"wp-block-spacer\"><\/div>\n\n\n\n<h2 class=\"wp-block-heading has-large-font-size\">Woher wissen Sie, dass Sie Anspruch haben?<\/h2>\n\n\n\n<p>Ihre Organisation muss eine g\u00fcltige Gemeinn\u00fctzigkeit bei einer \u00f6rtlichen Steuerbeh\u00f6rde\/einem Wohlt\u00e4tigkeitsausschuss haben.<\/p>\n\n\n\n<p>Dar\u00fcber hinaus muss Ihre Organisation die folgenden Kriterien erf\u00fcllen:<\/p>\n\n\n\n<ul class=\"wp-block-list\">\n<li>ist keine Organisation f\u00fcr legislative oder politische Aktivit\u00e4ten<\/li>\n\n\n\n<li>ist keine Kirche, keine Vereinigung von Kirchen oder eine andere religi\u00f6se oder evangelische Organisation<\/li>\n\n\n\n<li>ist keine Organisation, die versucht, die \u00f6ffentliche Meinung zu beeinflussen<\/li>\n\n\n\n<li>ist keine private, unabh\u00e4ngige oder operative Stiftung, die Zusch\u00fcsse gew\u00e4hrt<\/li>\n\n\n\n<li>diskriminiert nicht aufgrund von Geschlecht, Rasse, ethnischer Zugeh\u00f6rigkeit, nationaler Herkunft, Religion, politischer Zugeh\u00f6rigkeit oder \u00dcberzeugung, sexueller Orientierung oder Geschlechtsidentit\u00e4t oder -ausdruck<\/li>\n<\/ul>\n\n\n\n<h3 class=\"wp-block-heading has-medium-font-size\">Wie Sie sich bewerben k\u00f6nnen<\/h3>\n\n\n\n<p><p>Reichen Sie Ihre Anfrage \u00fcber ein <a href=\"https:\/\/support.printmaps.net\/de\/support\/tickets\/new\">Ticket auf unserer Support-Plattform ein<\/a>. Bitte geben Sie den Namen Ihrer Organisation, ihren Standort, ihre Website und eine kurze Beschreibung des Druckprodukts an, f\u00fcr das Sie die kostenlose druckbare Karte ben\u00f6tigen.<\/p><\/p>\n\n\n\n<div style=\"height:120px\" aria-hidden=\"true\" class=\"wp-block-spacer\"><\/div>\n<\/div><\/div>\n\n<div style=\"height:20px\" aria-hidden=\"true\" class=\"wp-block-spacer\"><\/div>\n\n<div class=\"wp-block-group\"><div class=\"wp-block-group__inner-container is-layout-constrained wp-block-group-is-layout-constrained\">\n<h2 class=\"wp-block-heading has-text-align-center has-large-font-size\" style=\"font-style:normal;font-weight:700\">Probieren Sie Printmaps<\/h2>\n\n\n\n<p class=\"has-text-align-center has-medium-font-size\">Mit unserem\u00a0Karteneditor k\u00f6nnen Sie in k\u00fcrzester Zeit weltweit druckbare Karten erstellen.<\/p>\n\n\n\n<div style=\"height:15px\" aria-hidden=\"true\" class=\"wp-block-spacer\"><\/div>\n\n\n\n<div class=\"wp-block-buttons is-content-justification-center is-layout-flex wp-container-core-buttons-is-layout-16018d1d wp-block-buttons-is-layout-flex\">\n<div class=\"wp-block-button has-custom-font-size\" style=\"font-size:18px\"><a class=\"wp-block-button__link has-background wp-element-button\" href=\"https:\/\/www.printmaps.net\/de\/\" style=\"border-radius:10px;background-color:#e5017e\"><p><strong>Erstellen Sie Ihre erste Karte<\/strong><\/p><\/a><\/div>\n<\/div>\n<\/div><\/div>\n\n<div style=\"height:150px\" aria-hidden=\"true\" class=\"wp-block-spacer\"><\/div>\n\n<p><\/p>\n","protected":false},"excerpt":{"rendered":"<p>Printmaps.net bietet kostenlose druckbare Karten f\u00fcr eine unbegrenzte Publizierung (im Wert von etwa 350 \u20ac) an.Bitte testen Sie den Printmaps-Editor\u00a0, bevor Sie ihn anwenden, um zu sehen, ob er Ihren Anforderungen entspricht.<\/p>\n","protected":false},"author":23,"featured_media":0,"parent":0,"menu_order":0,"comment_status":"closed","ping_status":"closed","template":"","meta":{"_et_pb_use_builder":"off","_et_pb_old_content":"","_et_gb_content_width":"","footnotes":""},"class_list":["post-25778","page","type-page","status-publish","hentry"],"_links":{"self":[{"href":"https:\/\/www.printmaps.net\/de\/wp-json\/wp\/v2\/pages\/25778","targetHints":{"allow":["GET"]}}],"collection":[{"href":"https:\/\/www.printmaps.net\/de\/wp-json\/wp\/v2\/pages"}],"about":[{"href":"https:\/\/www.printmaps.net\/de\/wp-json\/wp\/v2\/types\/page"}],"author":[{"embeddable":true,"href":"https:\/\/www.printmaps.net\/de\/wp-json\/wp\/v2\/users\/23"}],"replies":[{"embeddable":true,"href":"https:\/\/www.printmaps.net\/de\/wp-json\/wp\/v2\/comments?post=25778"}],"version-history":[{"count":44,"href":"https:\/\/www.printmaps.net\/de\/wp-json\/wp\/v2\/pages\/25778\/revisions"}],"predecessor-version":[{"id":167278,"href":"https:\/\/www.printmaps.net\/de\/wp-json\/wp\/v2\/pages\/25778\/revisions\/167278"}],"wp:attachment":[{"href":"https:\/\/www.printmaps.net\/de\/wp-json\/wp\/v2\/media?parent=25778"}],"curies":[{"name":"wp","href":"https:\/\/api.w.org\/{rel}","templated":true}]}}