{"id":25974,"date":"2017-08-29T14:55:54","date_gmt":"2017-08-29T12:55:54","guid":{"rendered":"https:\/\/www.printmaps.net\/funktionen\/"},"modified":"2024-10-23T14:43:41","modified_gmt":"2024-10-23T13:43:41","slug":"funktionen","status":"publish","type":"page","link":"https:\/\/www.printmaps.net\/de\/funktionen\/","title":{"rendered":"So funktioniert der Printmaps Landkarten-Editor"},"content":{"rendered":"\n<p><p>Sie m\u00fcssen kein professioneller Kartograph oder Designer sein, um binnen Minuten beeindruckende, gro\u00dfartige Karten zu gestalten \u2013 sei es <strong>Stadtpl\u00e4ne<\/strong>,\u00a0<strong>Wanderkarten<\/strong>,\u00a0<strong>Anfahrtsskizzen<\/strong>,\u00a0<strong>touristische Karten<\/strong>\u00a0oder\u00a0<strong>Lagepl\u00e4ne<\/strong>.<\/p><\/p>\n\n<figure class=\"wp-block-image\"><a href=\"\/de\/\"><img decoding=\"async\" src=\"https:\/\/www.printmaps.net\/wp-content\/uploads\/2024\/09\/print-map-1.png\" alt=\"landkarte drucken\" title=\"landkarten editor\"\/><\/a><\/figure>\n<p><p>Wir versprechen: Der\u00a0<a href=\"https:\/\/www.printmaps.net\/de\/\">Printmaps-Editor<\/a> wird Ihnen viele Stunden des Karten- und Routenzeichnens sparen. Wollen Sie hochaufl\u00f6sende Karten f\u00fcr <strong>Immobilienexpos\u00e9s<\/strong>\u00a0oder\u00a0<strong>Reisef\u00fchrer<\/strong> drucken, ben\u00f6tigen Sie eine Druckdatei mit allen Karten-Elementen als eigene <strong>Ebenen<\/strong> oder wollen Sie Ihre <strong>Reiseroute<\/strong> nachzeichnen? Nachfolgend erkl\u00e4ren wir die Funktionen der drei Schritte des Editors: Karte designen, Inhalte hinzuf\u00fcgen und Karte herunterladen.\u00a0<\/p><\/p>\n\n<h2 class=\"wp-block-heading\">\u00a0<\/h2>\n\n<h2 class=\"wp-block-heading\">1. Gestalte deine Karte<\/h2>\n\n<hr class=\"wp-block-separator has-alpha-channel-opacity\"\/>\n\n<p><p>Im ersten Schritt k\u00f6nnen Sie die Grundeinstellungen deiner Karte anpassen. Bestimmen Sie den Kartenstil und die Dimensionen der Druckdatei, w\u00e4hlen Sie die wesentlichen Eigenschaften der Karte und kippen oder rotieren Sie sie. Auch Gr\u00f6\u00dfe und Sprache der Beschriftungen k\u00f6nnen Sie hier anpassen, sowie entscheiden, welche Kartenelemente Sie ausblenden wollen.<\/p><\/p>\n\n<figure class=\"wp-block-image\"><img decoding=\"async\" src=\"https:\/\/www.printmaps.net\/wp-content\/uploads\/2019\/07\/printable-map-editor-1-1024x681.gif\" alt=\"Route mit magnetischem Tool zeichnen\"\/><\/figure>\n<div style=\"height:26px\" aria-hidden=\"true\" class=\"wp-block-spacer\"><\/div>\n\n<h3 class=\"wp-block-heading\">Weltweite Kartografie in allen Zoomstufen<\/h3>\n\n<p>Wir bieten Kartografie in allen L\u00e4ndern der Welt und in allen Ma\u00dfst\u00e4ben. Zoomen Sie so hoch oder tief wie Sie m\u00f6chten.<\/p>\n\n<h3 class=\"wp-block-heading\"><p><strong>Dimensionen der Karte \u00c4ndern<\/strong><\/p><\/h3>\n\n<p><p>W\u00e4hlen Sie die Druckma\u00dfe der Karte im ersten Schritt. Sie k\u00f6nnen eine der Standardgr\u00f6\u00dfen w\u00e4hlen oder individuelle Dimensionen in mm bestimmen. <em>Achtung: Karten mit einer Seitenl\u00e4nge ab 22cm sind als PNG nicht verf\u00fcgbar, Karten ab einer Seitenl\u00e4nge von 66cm sind nur als SVG\/AI verf\u00fcgbar.<\/em>\u00a0Genauere Infos dazu auf unserer Seite zu den\u00a0<a href=\"https:\/\/www.printmaps.net\/de\/preise\/\">Preisen<\/a>.<\/p><\/p>\n\n<p><p>Ziehen Sie die Karte mit deinem Cursor herum, um den richtigen Kartenausschnitt zu bestimmen.<em>\u00a0Achtung: die maximale Dimension einer Printmap ist 133x133cm.<\/em> Vergessen Sie nicht, den Kartenausschnitt zu <strong>sperren\u00a0<\/strong>sobald Sie den richtigen gew\u00e4hlt haben. So kann es zu keinem versehentlichen Verschieben kommen.<\/p><\/p>\n\n<figure class=\"wp-block-image\"><img decoding=\"async\" src=\"https:\/\/www.printmaps.net\/wp-content\/uploads\/2021\/01\/Online-map-editor-1024x560.png\" alt=\"\"\/><\/figure>\n<figure class=\"wp-block-image\"><img decoding=\"async\" src=\"https:\/\/www.printmaps.net\/wp-content\/uploads\/2021\/01\/map-styles.png\" alt=\"\"\/><\/figure>\n<div style=\"height:34px\" aria-hidden=\"true\" class=\"wp-block-spacer\"><\/div>\n\n<h3 class=\"wp-block-heading\">W\u00e4hlen Sie Ihren Kartenstil<\/h3>\n\n<p><p>Ihre Karte, Ihr Stil. W\u00e4hlen Sie zwischen vordefinierten Kartenstilen, von einer Gel\u00e4ndekarte zu Winter- und Stadtplan-Stilen sowie \u00dcbersichtskarten. Dazu die Kartenstile von <a href=\"http:\/\/www.komoot.de\" target=\"_blank\" rel=\"noreferrer noopener\">Komoot<\/a>, <a href=\"http:\/\/www.bikemap.net\" target=\"_blank\" rel=\"noreferrer noopener\">Bikemap biking tours<\/a> und <a href=\"https:\/\/www.facebook.com\/ulmon\/\" target=\"_blank\" rel=\"noreferrer noopener\">CityMaps2Go<\/a>.<\/p><\/p>\n\n<figure class=\"wp-block-image\"><img decoding=\"async\" src=\"https:\/\/www.printmaps.net\/wp-content\/uploads\/2019\/09\/printable-map-features-layers-styles-edit.gif\" alt=\"\"\/><\/figure>\n<div style=\"height:35px\" aria-hidden=\"true\" class=\"wp-block-spacer\"><\/div>\n\n<h3 class=\"wp-block-heading\">Gestalten Sie selbst<\/h3>\n\n<p>W\u00e4hlen Sie Ihr eigenes Design, indem Sie die Elemente, die Sie in Ihre Karte aufnehmen m\u00f6chten, an- oder abw\u00e4hlen. Sie k\u00f6nnen sie so umfangreich oder leer gestalten, wie Sie m\u00f6chten. Mit nur wenigen Klicks erstellen Sie leere Landkarten f\u00fcr Bundesl\u00e4nder, Provinzen oder Staaten.<\/p>\n\n<figure class=\"wp-block-image\"><img decoding=\"async\" src=\"https:\/\/www.printmaps.net\/wp-content\/uploads\/2019\/09\/printable-map-3d-tilted-citymap-streets-1-1024x725.png\" alt=\"\"\/><\/figure>\n<div style=\"height:33px\" aria-hidden=\"true\" class=\"wp-block-spacer\"><\/div>\n\n<h3 class=\"wp-block-heading\"><p><strong>Kippen und drehen Sie die Karte<\/strong><\/p><\/h3>\n\n<p><p>Drehen Sie die Karte rundherum, um sie in jeder gew\u00fcnschten Richtung anzuzeigen. Neigen Sie die Karte um bis zu 60\u00b0, um die Perspektive zu verbessern. Ideal f\u00fcr Immobilienkarten, Hotellagepl\u00e4ne oder Stadtrundg\u00e4nge. <em>Hinweis: Gekippte und gedrehte Karten sind nicht als SVG verf\u00fcgbar, sondern nur als PSD oder PNG.<\/em><\/p><\/p>\n\n<h2 class=\"wp-block-heading\"><p>2. <strong>Inhalt zu Ihrer Karte hinzuf\u00fcgen<\/strong><\/p><\/h2>\n\n<hr class=\"wp-block-separator has-alpha-channel-opacity\"\/>\n\n<p><p>Unter dem Tab \u201cInhalte hinzuf\u00fcgen\u201d k\u00f6nnen Sie eine <strong>Route zeichnen<\/strong>, eine\u00a0<strong>GPX-, KML- oder GeoJSON-Datei (aufgezeichnete Route) hochladen<\/strong>,\u00a0<strong>POIs hinzuf\u00fcgen<\/strong>\u00a0und\u00a0<strong>geographische Formen einzeichnen<\/strong>.<\/p><\/p>\n\n<figure class=\"wp-block-image\"><img decoding=\"async\" src=\"https:\/\/www.printmaps.net\/wp-content\/uploads\/2020\/05\/biking-route-map-1024x665.png\" alt=\"routenkarte erstellen\"\/><\/figure>\n<div style=\"height:34px\" aria-hidden=\"true\" class=\"wp-block-spacer\"><\/div>\n\n<h3 class=\"wp-block-heading\">Zeichnen Sie eine Route<\/h3>\n\n<p>Sie m\u00f6chten eine Route in Ihre Karte einf\u00fcgen? Mit unserem magnetischen Zeichenwerkzeug ist das ganz einfach. Sie m\u00f6gen es lieber freih\u00e4ndig? Keine Sorge, auch das unterst\u00fctzen wir. Im \u201eEinfachen Modus\u201c k\u00f6nnen Sie Routen zeichnen, indem Sie die Zielpunkte in die Suchleiste eingeben. Im \u201eExpertenmodus\u201c k\u00f6nnen Sie Routen zeichnen, indem Sie auf die Zielpunkte in der Karte klicken. In beiden Modi k\u00f6nnen Sie entweder gerade oder bogenf\u00f6rmige Linien zeichnen oder eine Linie zeichnen, die magnetisch an vorhandenen Stra\u00dfen einrastet. Passen Sie die Dicke und Farbe der Linie an. Entscheiden Sie, ob Sie die Reisemodus-Symbole (Flugzeug, Zug, Auto, zu Fu\u00df, Fahrrad, Schiff) anzeigen oder ausblenden m\u00f6chten.<\/p>\n\n<figure class=\"wp-block-image\"><img decoding=\"async\" src=\"https:\/\/www.printmaps.net\/wp-content\/uploads\/2020\/10\/maps-with-layers-for-adobe-photoshop-illustrator.gif\" alt=\"\"\/><\/figure>\n<div style=\"height:36px\" aria-hidden=\"true\" class=\"wp-block-spacer\"><\/div>\n\n<h3 class=\"wp-block-heading\"><p><strong>Wie man aufgezeichnete Routen zur Karte hochl\u00e4dt<\/strong><\/p><\/h3>\n\n<p>Sie haben eine GPX- oder KML-Datei, die Sie in Ihre Karte aufnehmen m\u00f6chten? Kein Problem, Sie k\u00f6nnen so viele hochladen, wie Sie m\u00f6chten, und sie auf Ihrer Karte anzeigen lassen.<\/p>\n\n<p>Unter der Schaltfl\u00e4che \u201eDatei hochladen\u201c finden Sie die M\u00f6glichkeit, GPX-, KML- oder GeoJSON-Dateien auf die Karte hochzuladen. Auf diese Weise k\u00f6nnen Sie Ihre aufgezeichnete Route auf einer hochaufl\u00f6senden Druckkarte anzeigen lassen. Eine einfache M\u00f6glichkeit, eine GPX-Karte zu drucken.<\/p>\n\n<p>Oft von Motorroutenmagazinen verwendet, perfekt f\u00fcr F\u00fchrer mit Wander- und Radkarten oder Reiseblogs. Verewigen Sie Ihren Lieblingslauf in der Nachbarschaft oder einen Marathon an der Wand. Sehen Sie sich diese tollen Beispiele f\u00fcr Strava-Drucke an.<\/p>\n\n<iframe width=\"560\" height=\"315\" src=\"https:\/\/www.youtube.com\/embed\/aM5W250xMYU?si=mXwtWV4P2VcECvM8\" title=\"YouTube video player\" frameborder=\"0\" allow=\"accelerometer; autoplay; clipboard-write; encrypted-media; gyroscope; picture-in-picture; web-share\" referrerpolicy=\"strict-origin-when-cross-origin\" allowfullscreen=\"\"><\/iframe>\r\n\n<div style=\"height:42px\" aria-hidden=\"true\" class=\"wp-block-spacer\"><\/div>\n\n<figure class=\"wp-block-image\"><img decoding=\"async\" src=\"https:\/\/www.printmaps.net\/wp-content\/uploads\/2019\/09\/printable-map-batch-geocode-addresses-POI-1024x725.gif\" alt=\"\"\/><\/figure>\n<div style=\"height:41px\" aria-hidden=\"true\" class=\"wp-block-spacer\"><\/div>\n\n<h3 class=\"wp-block-heading\"><p><strong>Karte mit individuellen Pins und Labels<\/strong><\/p><\/h3>\n\n<p>Zeichnen Sie einzelne Points of Interest auf der Karte auf, indem Sie sie auf die Karte ziehen und platzieren, oder geben Sie ihre genaue Position in das Arbeitsblatt ein. Passen Sie ihre Gr\u00f6\u00dfe an und w\u00e4hlen Sie aus einer Reihe von Farben und Symbolen, um sie zu gestalten.<\/p>\n\n<p><p><strong>Karte mit individuellen Pins<\/strong><\/p><\/p>\n\n<p><p>W\u00e4hlen Sie aus den Standardmarkierungen und -etiketten oder laden Sie Ihre eigenen benutzerdefinierten Pins hoch. Suchen und laden Sie benutzerdefinierte Pins online herunter oder erstellen Sie Ihre eigenen. Karte mit Ihrem Unternehmenslogo oder einem anderen Bild, das Sie auf der Karte anzeigen m\u00f6chten. <em>Hinweis: Die Mindestgr\u00f6\u00dfe f\u00fcr das individuelle Pin-Bild betr\u00e4gt 100x100px.<\/em><\/p><\/p>\n\n<figure class=\"wp-block-image\"><img decoding=\"async\" src=\"https:\/\/www.printmaps.net\/wp-content\/uploads\/2019\/09\/printable-map-custom-markers-1024x723.gif\" alt=\"\"\/><\/figure>\n<div style=\"height:38px\" aria-hidden=\"true\" class=\"wp-block-spacer\"><\/div>\n\n<h3 class=\"wp-block-heading\"><p><strong>Mehrere Standorte kartieren<\/strong><\/p><\/h3>\n\n<p><p><a href=\"\/de\/karte-mit-mehreren-standorten-drucken\/\">Zeichnen Sie mehrere Adressen gleichzeitig<\/a> auf der Karte ein, indem Sie die Ortsliste in das Arbeitsblatt einf\u00fcgen. Einfaches Kopieren und Einf\u00fcgen aus Excel.<\/p><\/p>\n\n<figure class=\"wp-block-image\"><img decoding=\"async\" src=\"https:\/\/www.printmaps.net\/wp-content\/uploads\/2019\/07\/printable-map-batch-geocode-addresses-excel-2-1024x517.gif\" alt=\"adressen f&#xFC;r druckf&#xE4;hige landkarten batch-geocodieren \"\/><\/figure>\n<figure class=\"wp-block-image\"><img decoding=\"async\" src=\"https:\/\/www.printmaps.net\/wp-content\/uploads\/2019\/09\/printable-map-regions-areas-1024x636.gif\" alt=\"\"\/><\/figure>\n<div style=\"height:50px\" aria-hidden=\"true\" class=\"wp-block-spacer\"><\/div>\n\n<h3 class=\"wp-block-heading\"><p><strong>Wie man verschiedene L\u00e4nder, Regionen oder St\u00e4dte auf einer Karte einf\u00e4rbt<\/strong><\/p><\/h3>\n\n<p><p>Mit dem Printmaps-Editor k\u00f6nnen Sie verschiedene Gebiete einf\u00e4rben, indem Sie eine geografische Form auf sie legen. W\u00e4hlen Sie Verwaltungsgebiete (L\u00e4nder, Gemeinden, Regionen) aus unserer Datenbank. Das Hervorheben von L\u00e4ndern auf einer Karte wird einfach, indem Sie die L\u00e4nder auf der Weltkarte einf\u00e4rben. <em>Hinweis: Bislang ist es (noch) nicht m\u00f6glich, ganze Kontinente auf einmal einzuf\u00e4rben.<\/em><\/p><\/p>\n\n<p><p>M\u00f6chten Sie der Umgebung des Bereichs eine andere Farbe geben? Klicken Sie auf <strong>Invertieren<\/strong>. Sie k\u00f6nnen sowohl die <strong>Farbe<\/strong> als auch die <strong>Transparenz<\/strong> der Form \u00e4ndern. W\u00e4hlen Sie eine der Standardfarben oder geben Sie den HEX-Code oder die RGB-Werte der Farbe ein, die Sie anzeigen m\u00f6chten!<\/p><\/p>\n\n<p><p>Die perfekte Funktion, um Ihr Reiseziel hervorzuheben, wenn Sie beispielsweise eine <a href=\"\/de\/reisekarte-fotobuch\/\">Reisekarte f\u00fcr Ihr Fotobuch erstellen<\/a>.<\/p><\/p>\n\n<figure class=\"wp-block-image\"><img decoding=\"async\" src=\"https:\/\/www.printmaps.net\/wp-content\/uploads\/2019\/09\/printable-map-draw-geographic-shape-administrative.gif\" alt=\"\"\/><\/figure>\n<figure class=\"wp-block-image\"><img decoding=\"async\" src=\"https:\/\/www.printmaps.net\/wp-content\/uploads\/2021\/01\/Austria-map-1024x722.png\" alt=\"\"\/><\/figure>\n<h3 class=\"wp-block-heading\"><p><strong>Grenzen hervorheben<\/strong><\/p><\/h3>\n\n<p><p>M\u00f6chten Sie eine Grenze in einer anderen Farbe um die Form herum anzeigen? Dann legen Sie zun\u00e4chst eine geografische Form mit Rand (w\u00e4hlen Sie \u201eLinienst\u00e4rke\u201c) \u00fcber die Fl\u00e4che und dann eine geografische Form ohne Umriss dar\u00fcber.<\/p><\/p>\n\n<figure class=\"wp-block-image\"><img decoding=\"async\" src=\"https:\/\/www.printmaps.net\/wp-content\/uploads\/2020\/05\/Image-from-Marlon-Blackwell-Architects.jpg\" alt=\"Karte f&#xFC;r die Standortanalyse\"\/><\/figure>\n<div style=\"height:42px\" aria-hidden=\"true\" class=\"wp-block-spacer\"><\/div>\n\n<h2 class=\"wp-block-heading\"><p><strong>Ebenenliste<\/strong><\/p><\/h2>\n\n<p><p>Der Printmaps-Editor arbeitet mit Inhaltsebenen. Ebenen k\u00f6nnen z. B. die Textbeschriftung, die Route oder eine farbige Form enthalten. Wie in anderen Editoren, z. B. Photoshop und Illustrator, k\u00f6nnen Sie die Ebenen verschieben. W\u00e4hlen Sie eine Ebene aus und ziehen Sie sie nach oben, um sie \u00fcber der anderen anzuzeigen. <strong>Wenn Sie den Mauszeiger auf eine Ebene in der Ebenenliste setzen, leuchtet sie in der Karte auf<\/strong>. Auf diese Weise sind die verschiedenen Ebenen leicht zu finden, und Sie k\u00f6nnen sie entfernen, ausblenden, bearbeiten oder ersetzen.<\/p><\/p>\n\n<p>Wenn Sie die Karte als SVG- oder PSD-Datei herunterladen, bleiben die von Ihnen hinzugef\u00fcgten Inhaltsebenen und die anderen Inhaltsebenen der Karte (H\u00fcgellandschaft, Stra\u00dfen, Geb\u00e4ude, &#8230;) erhalten. Die Beschriftungen werden mit eindeutigen Namen angezeigt, wenn Sie sie in Photoshop oder Illustrator \u00f6ffnen.<\/p>\n\n<p>Angenommen, Sie m\u00f6chten ein Etikett verschieben &#8211; kein Problem. Der Inhalt unterhalb der Beschriftung bleibt davon unber\u00fchrt. Ein guter Start als GIS-Kartenebene.<\/p>\n\n<figure class=\"wp-block-image\"><img decoding=\"async\" src=\"https:\/\/www.printmaps.net\/wp-content\/uploads\/2020\/06\/layered-map-in-illustrator.png\" alt=\"\"\/><\/figure>\n<div style=\"height:41px\" aria-hidden=\"true\" class=\"wp-block-spacer\"><\/div>\n\n<h2 class=\"wp-block-heading\">3. Ihre Karte herunterladen<\/h2>\n\n<hr class=\"wp-block-separator has-alpha-channel-opacity\"\/>\n\n<p>Mit dem Printmaps-Editor k\u00f6nnen Sie hochaufl\u00f6sende Karten (300dpi) herunterladen, die beim Ausdrucken keine Details verlieren. Sie haben die M\u00f6glichkeit, die Karte als PNG-, PSD- oder SVG-Datei herunterzuladen. Die Wahl des Dateityps und die Anzahl der Kopien f\u00fcr die Druckauflage haben Einfluss auf unsere Preise.<\/p>\n\n<figure class=\"wp-block-image\"><img decoding=\"async\" src=\"https:\/\/www.printmaps.net\/wp-content\/uploads\/2019\/09\/printable-map-routes-trails-itineraries-1024x722.gif\" alt=\"\"\/><\/figure>\n<div style=\"height:41px\" aria-hidden=\"true\" class=\"wp-block-spacer\"><\/div>\n\n<h3 class=\"wp-block-heading\"><p><strong>PNG-Karte<\/strong><\/p><\/h3>\n\n<p><p>Falls Sie die Kartenebenen nach dem Herunterladen der Karte nicht mehr ben\u00f6tigen, k\u00f6nnen Sie eine einfache PNG-Datei herunterladen. Braucht Ihre Karte noch einen letzten Schliff? Nat\u00fcrlich ist es auch nach dem Herunterladen noch m\u00f6glich, der Karte mit anderen Bearbeitungsprogrammen zus\u00e4tzliche Details hinzuzuf\u00fcgen! Perfekt f\u00fcr eine Reisekarte in Ihrem Fotobuch oder jede andere einfache Karte f\u00fcr den Druck oder die Online-Nutzung. <em>Hinweis: Karten mit einer Seitenl\u00e4nge von mehr als 220 mm sind nicht als PNG verf\u00fcgbar.<\/em><\/p><\/p>\n\n<figure class=\"wp-block-image\"><img decoding=\"async\" src=\"https:\/\/www.printmaps.net\/wp-content\/uploads\/2021\/01\/Peru-1024x723.png\" alt=\"\"\/><\/figure>\n<div style=\"height:39px\" aria-hidden=\"true\" class=\"wp-block-spacer\"><\/div>\n\n<h3 class=\"wp-block-heading\">PSD-Karte<\/h3>\n\n<p>F\u00fcr Photoshop- Anwender ist eine PSD-Datei (Photoshop-Dokument) sehr n\u00fctzlich. Hier bleiben die Ebenen der Karte erhalten und werden klar benannt, wenn Sie die Datei in Photoshop (oder Illustrator) \u00f6ffnen. \u00c4ndern Sie zum Beispiel die Farben der Fl\u00fcsse und ziehen Sie die Wasserebene nach oben, um sie oben in einem farbigen Land zu zeigen oder f\u00fcgen Sie Textbeschriftungen in Ihrer Lieblingsschriftart hinzu.<\/p>\n\n<figure class=\"wp-block-image\"><img decoding=\"async\" src=\"https:\/\/www.printmaps.net\/wp-content\/uploads\/2019\/09\/printable-map-countries-outline-overview-1024x722.gif\" alt=\"\"\/><\/figure>\n<div style=\"height:41px\" aria-hidden=\"true\" class=\"wp-block-spacer\"><\/div>\n\n<h3 class=\"wp-block-heading\"><p><strong>SVG-Karte<\/strong><\/p><\/h3>\n\n<p>Wenn Sie eine SVG-Karte herunterladen m\u00f6chten, k\u00f6nnte der Printmaps-Editor eine gute Option f\u00fcr Sie sein. SVG-Bilder und ihr Verhalten werden in XML-Textdateien definiert. Das bedeutet, dass sie durchsucht, indiziert, mit Skripten versehen und komprimiert werden k\u00f6nnen. SVG-Bilder sind die perfekte Grundlage f\u00fcr die Erstellung interaktiver Karten.<\/p>\n\n<p><p><em>Hinweis: Gekippte und gedrehte Karten sind nicht als SVG verf\u00fcgbar.<\/em><\/p><\/p>\n\n<h2 class=\"wp-block-heading\">Liste der Funktionen<\/h2>\n\n<figure class=\"wp-block-table is-style-stripes\"><table><tbody><tr><td><p><strong>Kartendesign<\/strong><\/p><\/td><\/tr><tr><td><p>\u00a0<img decoding=\"async\" src=\"https:\/\/www.printmaps.net\/wp-content\/uploads\/2017\/12\/check.png\" alt=\"ok\" width=\"16\" height=\"16\"\/> Ma\u00dfst\u00e4be von der ganzen Welt bis 1:1000 (individuelle H\u00e4user)<\/p><\/td><\/tr><tr><td><p>\u00a0<img decoding=\"async\" src=\"https:\/\/www.printmaps.net\/wp-content\/uploads\/2017\/12\/check.png\" alt=\"ok\" width=\"16\" height=\"16\"\/> Aus vielen vordefinierten Kartenstilen w\u00e4hlen<\/p><\/td><\/tr><tr><td><p><img decoding=\"async\" src=\"https:\/\/www.printmaps.net\/wp-content\/uploads\/2017\/12\/check.png\" alt=\"ok\" width=\"16\" height=\"16\"\/> Druckf\u00e4hige Luftaufnahmen als Kartenhintergrund verwenden (ausgew\u00e4hlte L\u00e4nder)<\/p><\/td><\/tr><tr><td><p>\u00a0<img decoding=\"async\" src=\"https:\/\/www.printmaps.net\/wp-content\/uploads\/2017\/12\/check.png\" alt=\"ok\" width=\"16\" height=\"16\"\/> Jedes Kartenmerkmal einzeln ein- oder ausblenden<\/p><\/td><\/tr><tr><td><p>\u00a0<img decoding=\"async\" src=\"https:\/\/www.printmaps.net\/wp-content\/uploads\/2017\/12\/check.png\" alt=\"ok\" width=\"16\" height=\"16\"\/>\u00a0 Die Kartendetails um bis zur H\u00e4lfte reduzieren<\/p><\/td><\/tr><tr><td><p>\u00a0<img decoding=\"async\" src=\"https:\/\/www.printmaps.net\/wp-content\/uploads\/2017\/12\/check.png\" alt=\"ok\" width=\"16\" height=\"16\"\/>\u00a0 Drehen oder Neigen der Karte<\/p><\/td><\/tr><tr><td><p>\u00a0<img decoding=\"async\" src=\"https:\/\/www.printmaps.net\/wp-content\/uploads\/2017\/12\/check.png\" alt=\"ok\" width=\"16\" height=\"16\"\/>\u00a0 Eine Karte von einem beliebigen Ort auf der Welt drucken<\/p><\/td><\/tr><tr><td><p><br\/><strong>Inhalte<\/strong><\/p><\/td><\/tr><tr><td><p>\u00a0<img decoding=\"async\" src=\"https:\/\/www.printmaps.net\/wp-content\/uploads\/2017\/12\/check.png\" alt=\"ok\" width=\"16\" height=\"16\"\/>\u00a0 Routen zeichnen mit unserem Magnet-Tool<\/p><\/td><\/tr><tr><td><p>\u00a0<img decoding=\"async\" src=\"https:\/\/www.printmaps.net\/wp-content\/uploads\/2017\/12\/check.png\" alt=\"ok\" width=\"16\" height=\"16\"\/>\u00a0 GPX-Dateien hochladen<\/p><\/td><\/tr><tr><td><p>\u00a0<img decoding=\"async\" src=\"https:\/\/www.printmaps.net\/wp-content\/uploads\/2017\/12\/check.png\" alt=\"ok\" width=\"16\" height=\"16\"\/>\u00a0 Hochladen von GeoJSON-Dateien<\/p><\/td><\/tr><tr><td><p>\u00a0<img decoding=\"async\" src=\"https:\/\/www.printmaps.net\/wp-content\/uploads\/2017\/12\/check.png\" alt=\"ok\" width=\"16\" height=\"16\"\/> KML-Dateien hochladen<\/p><\/td><\/tr><tr><td><p>\u00a0<img decoding=\"async\" src=\"https:\/\/www.printmaps.net\/wp-content\/uploads\/2017\/12\/check.png\" alt=\"ok\" width=\"16\" height=\"16\"\/> \u00a0 POIs hinzuf\u00fcgen<\/p><\/td><\/tr><tr><td><p>\u00a0<img decoding=\"async\" src=\"https:\/\/www.printmaps.net\/wp-content\/uploads\/2017\/12\/check.png\" alt=\"ok\" width=\"16\" height=\"16\"\/> Batch-Geocodierung<\/p><\/td><\/tr><tr><td><p>\u00a0<img decoding=\"async\" src=\"https:\/\/www.printmaps.net\/wp-content\/uploads\/2017\/12\/check.png\" alt=\"ok\" width=\"16\" height=\"16\"\/> \u00a0 Geographische Umrisse hinzuf\u00fcgen<\/p><\/td><\/tr><tr><td><p><br\/><strong>Output<\/strong><\/p><\/td><\/tr><tr><td><p>\u00a0<img decoding=\"async\" src=\"https:\/\/www.printmaps.net\/wp-content\/uploads\/2017\/12\/check.png\" alt=\"ok\" width=\"16\" height=\"16\"\/>\u00a0 Karten bis zu 660mm x 660mm Gr\u00f6\u00dfe<\/p><\/td><\/tr><tr><td><p>\u00a0<img decoding=\"async\" src=\"https:\/\/www.printmaps.net\/wp-content\/uploads\/2017\/12\/check.png\" alt=\"ok\" width=\"16\" height=\"16\"\/>\u00a0\u00a0 300 dpi<\/p><\/td><\/tr><tr><td><p>\u00a0<img decoding=\"async\" src=\"https:\/\/www.printmaps.net\/wp-content\/uploads\/2017\/12\/check.png\" alt=\"ok\" width=\"16\" height=\"16\"\/>\u00a0 Hochaufl\u00f6sendes PNG<\/p><\/td><\/tr><tr><td><p>\u00a0<img decoding=\"async\" src=\"https:\/\/www.printmaps.net\/wp-content\/uploads\/2017\/12\/check.png\" alt=\"ok\" width=\"16\" height=\"16\"\/>\u00a0 Hochaufl\u00f6sende PSD mit Ebenen<\/p><\/td><\/tr><tr><td><p>\u00a0<img decoding=\"async\" src=\"https:\/\/www.printmaps.net\/wp-content\/uploads\/2017\/12\/check.png\" alt=\"ok\" width=\"16\" height=\"16\"\/>\u00a0 Jedes Element (einschlie\u00dflich jedes POI) als separate Ebene<\/p><\/td><\/tr><\/tbody><\/table><\/figure>\n<div style=\"height:43px\" aria-hidden=\"true\" class=\"wp-block-spacer\"><\/div>\n\n<figure class=\"wp-block-table is-style-stripes\"><table class=\"has-fixed-layout\"><thead><tr><th class=\"has-text-align-center\" data-align=\"center\"><a href=\"https:\/\/www.printmaps.net\/de\/preise\/\">Verf\u00fcgbare Lizenzen<\/a><\/th><th class=\"has-text-align-center\" data-align=\"center\">Unlimited<\/th><th class=\"has-text-align-center\" data-align=\"center\">Standard<\/th><th class=\"has-text-align-center\" data-align=\"center\">Mini<\/th><\/tr><\/thead><tbody><tr><td class=\"has-text-align-center\" data-align=\"center\">Max. Druckauflage<\/td><td class=\"has-text-align-center\" data-align=\"center\">unlimitiert<\/td><td class=\"has-text-align-center\" data-align=\"center\">35.000<\/td><td class=\"has-text-align-center\" data-align=\"center\">1.000<\/td><\/tr><\/tbody><\/table><\/figure>\n<div style=\"height:46px\" aria-hidden=\"true\" class=\"wp-block-spacer\"><\/div>\n\n<p><p>F\u00fcr erweiterte Funktionen wie API-Zugang, Whitelabeling, Wiederverkauf oder Affiliate-Zugang <a href=\"https:\/\/support.printmaps.net\/de\/support\/tickets\/new\">kontaktieren Sie uns bitte<\/a>.<\/p><\/p>\n\n<div style=\"height:67px\" aria-hidden=\"true\" class=\"wp-block-spacer\"><\/div>\n\n<div class=\"wp-block-group\"><div class=\"wp-block-group__inner-container is-layout-constrained wp-block-group-is-layout-constrained\">\n<h2 class=\"wp-block-heading has-text-align-center has-large-font-size\" style=\"font-style:normal;font-weight:700\">Probieren Sie Printmaps<\/h2>\n\n\n\n<p class=\"has-text-align-center has-medium-font-size\">Mit unserem\u00a0Karteneditor k\u00f6nnen Sie in k\u00fcrzester Zeit weltweit druckbare Karten erstellen.<\/p>\n\n\n\n<div style=\"height:15px\" aria-hidden=\"true\" class=\"wp-block-spacer\"><\/div>\n\n\n\n<div class=\"wp-block-buttons is-content-justification-center is-layout-flex wp-container-core-buttons-is-layout-16018d1d wp-block-buttons-is-layout-flex\">\n<div class=\"wp-block-button has-custom-font-size\" style=\"font-size:18px\"><a class=\"wp-block-button__link has-background wp-element-button\" href=\"https:\/\/www.printmaps.net\/de\/\" style=\"border-radius:10px;background-color:#e5017e\"><p><strong>Erstellen Sie Ihre erste Karte<\/strong><\/p><\/a><\/div>\n<\/div>\n<\/div><\/div>\n\n<div style=\"height:71px\" aria-hidden=\"true\" class=\"wp-block-spacer\"><\/div>\n","protected":false},"excerpt":{"rendered":"<p>Sie m\u00fcssen kein professioneller Kartograph oder Designer sein, um binnen Minuten beeindruckende, gro\u00dfartige Karten zu gestalten \u2013 sei es Stadtpl\u00e4ne,\u00a0Wanderkarten,\u00a0Anfahrtsskizzen,\u00a0touristische Karten\u00a0oder\u00a0Lagepl\u00e4ne. Wir versprechen: Der\u00a0Printmaps-Editor wird Ihnen viele Stunden des Karten- und Routenzeichnens sparen. Wollen Sie hochaufl\u00f6sende Karten f\u00fcr Immobilienexpos\u00e9s\u00a0oder\u00a0Reisef\u00fchrer drucken, ben\u00f6tigen Sie eine Druckdatei mit allen Karten-Elementen als eigene Ebenen oder wollen Sie Ihre Reiseroute [&hellip;]<\/p>\n","protected":false},"author":5,"featured_media":0,"parent":0,"menu_order":0,"comment_status":"closed","ping_status":"closed","template":"","meta":{"_et_pb_use_builder":"off","_et_pb_old_content":"","_et_gb_content_width":"","footnotes":""},"class_list":["post-25974","page","type-page","status-publish","hentry"],"_links":{"self":[{"href":"https:\/\/www.printmaps.net\/de\/wp-json\/wp\/v2\/pages\/25974","targetHints":{"allow":["GET"]}}],"collection":[{"href":"https:\/\/www.printmaps.net\/de\/wp-json\/wp\/v2\/pages"}],"about":[{"href":"https:\/\/www.printmaps.net\/de\/wp-json\/wp\/v2\/types\/page"}],"author":[{"embeddable":true,"href":"https:\/\/www.printmaps.net\/de\/wp-json\/wp\/v2\/users\/5"}],"replies":[{"embeddable":true,"href":"https:\/\/www.printmaps.net\/de\/wp-json\/wp\/v2\/comments?post=25974"}],"version-history":[{"count":80,"href":"https:\/\/www.printmaps.net\/de\/wp-json\/wp\/v2\/pages\/25974\/revisions"}],"predecessor-version":[{"id":185819,"href":"https:\/\/www.printmaps.net\/de\/wp-json\/wp\/v2\/pages\/25974\/revisions\/185819"}],"wp:attachment":[{"href":"https:\/\/www.printmaps.net\/de\/wp-json\/wp\/v2\/media?parent=25974"}],"curies":[{"name":"wp","href":"https:\/\/api.w.org\/{rel}","templated":true}]}}