{"id":26039,"date":"2017-09-01T13:19:13","date_gmt":"2017-09-01T11:19:13","guid":{"rendered":"https:\/\/www.printmaps.net\/?page_id=26039\/"},"modified":"2020-10-09T15:31:14","modified_gmt":"2020-10-09T13:31:14","slug":"datenschutzerklarung","status":"publish","type":"page","link":"https:\/\/www.printmaps.net\/de\/datenschutzerklarung\/","title":{"rendered":"Datenschutzerkl\u00e4rung"},"content":{"rendered":"\n<p><a href=\"https:\/\/www.printmaps.net\/de\/datenschutzerklarung\/#Erhebung\">Erhebung, Verarbeitung und Nutzung personenbezogener Daten<\/a><\/p>\n\n\n\n<p><a href=\"https:\/\/www.printmaps.net\/de\/datenschutzerklarung\/#Kontakt\">Kontaktaufnahme<\/a><\/p>\n\n\n\n<p><a href=\"https:\/\/www.printmaps.net\/de\/datenschutzerklarung\/#Konto\">Kundenkonto<\/a><\/p>\n\n\n\n<p><a href=\"https:\/\/www.printmaps.net\/de\/datenschutzerklarung\/#Dritte\">Weitergabe an Dritte<\/a><\/p>\n\n\n\n<p><a href=\"https:\/\/www.printmaps.net\/de\/datenschutzerklarung\/#Newsletter\">Newsletter<\/a><\/p>\n\n\n\n<p><a href=\"https:\/\/www.printmaps.net\/de\/datenschutzerklarung\/#Reviews\">Bewertungen<\/a><\/p>\n\n\n\n<p><a href=\"https:\/\/www.printmaps.net\/de\/datenschutzerklarung\/#Logs\">Server-Log-Files<\/a><\/p>\n\n\n\n<p><a href=\"https:\/\/www.printmaps.net\/de\/datenschutzerklarung\/#Cookies\">Einsatz von Cookies<\/a><\/p>\n\n\n\n<p><a href=\"https:\/\/www.printmaps.net\/de\/datenschutzerklarung\/#Analytics\">Webanalyse mit Google (Universal) Analytics<\/a><\/p>\n\n\n\n<p><a href=\"https:\/\/www.printmaps.net\/de\/datenschutzerklarung\/#Konversion\">Konversionsmessung mit Google Adwords Conversion-Tracking<\/a><\/p>\n\n\n\n<p><a href=\"https:\/\/www.printmaps.net\/de\/datenschutzerklarung\/#Links\">Links zu anderen Webseiten<\/a><\/p>\n\n\n\n<p><a href=\"https:\/\/www.printmaps.net\/de\/datenschutzerklarung\/#Auskunft\">Auskunft, Berichtigung, Sperrung, L\u00f6schung Ihrer Daten<\/a><\/p>\n\n\n\n<p><a href=\"https:\/\/www.printmaps.net\/de\/datenschutzerklarung\/#Kontakt2\">Kontakt und weitere Informationen<\/a><\/p>\n\n\n\n<p>Wir freuen uns \u00fcber Ihren Besuch auf unserer Webseite und Ihr Interesse f\u00fcr das Thema Datenschutz. Damit Sie wissen, wann wir welche personenbezogenen Daten erheben und wie wir diese Daten verwenden, nehmen Sie bitte die nachstehenden Informationen zur Kenntnis.<\/p>\n\n\n\n<p><strong>Erhebung, Verarbeitung und Nutzung personenbezogener Daten<\/strong><\/p>\n\n\n\n<p>Die rechtlichen Grundlagen der Erhebung, Speicherung und Verarbeitung personenbezogener Daten finden sich im Telemediengesetz (TMG) und Bundesdatenschutzgesetz (BDSG).<\/p>\n\n\n\n<p>Personenbezogene Daten sind Informationen, mit deren Hilfe eine Person bestimmbar ist, also Angaben, die zur\u00fcck zu einer Person verfolgt werden k\u00f6nnen. Hierzu geh\u00f6ren insbesondere Namen, Adressdaten, Telefonnummern oder E-Mail-Adressen. Aber auch Informationen \u00fcber Vorlieben, Mitgliedschaften oder beispielsweise vorher besuchte Webseiten k\u00f6nnen personenbezogene Daten darstellen. &nbsp;<\/p>\n\n\n\n<p>Wir erheben und verwenden Ihre pers\u00f6nlichen Daten zur Abwicklung Ihrer Bestellungen einschlie\u00dflich Lieferung und Zahlung sowie zur Erbringung sonstiger von Ihnen in Anspruch genommener Dienste.<\/p>\n\n\n\n<p><strong>Kontaktaufnahme<\/strong><\/p>\n\n\n\n<p>Sofern Sie mit uns in Kontakt treten (z.B. per E-Mail), werden die von Ihnen \u00fcbermittelten Daten zum Zweck der Bearbeitung Ihrer Anfrage sowie zur m\u00f6glichen Bearbeitung von Anschlussfragen gespeichert.<\/p>\n\n\n\n<p><strong>Kundenkonto<\/strong><\/p>\n\n\n\n<p>Um in unserem Online-Shop Bestellungen abzugeben, k\u00f6nnen Sie ein Kundenkonto registrieren. Die hierbei angegebenen Daten werden ausschlie\u00dflich zum Zwecke der Nutzung unseres Angebotes, zur Ausf\u00fchrung von Bestellungen und zur Abwicklung von Bezahlungen verwendet. Welche Daten wir konkret erheben, ergibt sich aus der Eingabemaske im Rahmen der Registrierung oder des Kaufvorgangs. Hierzu geh\u00f6ren Namen, Firma, Adresse, Umsatzsteuernummer und E-Mail-Adresse.<\/p>\n\n\n\n<p><strong>&nbsp;Weitergabe an Dritte<\/strong><\/p>\n\n\n\n<p>Wir \u00fcbermitteln Ihre personenbezogenen an Dritte, soweit dies zur Ausf\u00fchrung von Bestellungen oder zur Abwicklung von Bezahlungen erforderlich ist. Eine Weitergabe personenbezogener Daten an Dritte zu Vermarktungs- oder Werbezwecken findet ohne Ihre ausdr\u00fcckliche Einwilligung nicht statt.&nbsp;<\/p>\n\n\n\n<p>Die Zahlungsabwicklung per Kreditkarte erfolgt \u00fcber den Paymentdienstleister Stripe Payments Europe Ltd, Block 4, Harcourt Centre, Harcourt Road, Dublin 2, Ireland, an den wir Ihre im Rahmen des Bestellvorgangs mitgeteilten Informationen nebst den Informationen \u00fcber Ihre Bestellung (Name, Emailadresse, Adresse, Kreditkartennummer, Rechnungsbetrag, W\u00e4hrung und Transaktionsnummer) weitergeben. Die Weitergabe Ihrer Daten erfolgt ausschlie\u00dflich zum Zwecke der Zahlungsabwicklung mit dem Payment-Dienstleister Stripe Payments Europe Ltd. N\u00e4here Informationen zum Datenschutz von Stripe finden Sie unter der Adresse&nbsp;<a href=\"https:\/\/printmaps.net\/impressum\/\">https:\/\/stripe.com\/de\/terms<\/a><\/p>\n\n\n\n<p>Die Zahlungsabwicklung f\u00fcr PayPal erfolgt \u00fcber Die Europ\u00e4ische Betreibergesellschaft von PayPal ist die PayPal (Europe) S.\u00e0.r.l. &amp; Cie. S.C.A., 22-24 Boulevard Royal, 2449 Luxemburg. Wenn Sie PayPal als Zahlungsmethode w\u00e4hlen, werden Ihre, f\u00fcr den Bezahlvorgang erforderlichen Daten automatisch an PayPal \u00fcbermittelt. Hierbei handelte es regelm\u00e4\u00dfig um folgende Daten: Name, Firma, E-Mail-Adresse, IP-Adresse. Die an PayPal \u00fcbermittelten Daten werden von PayPal unter Umst\u00e4nden an Wirtschaftsauskunfteien \u00fcbermittelt. Diese \u00dcbermittlung bezweckt die Identit\u00e4ts- und Bonit\u00e4tspr\u00fcfung. PayPal gibt Ihre Daten m\u00f6glicherweise auch an Dritte weiter, soweit dies zur Erf\u00fcllung der vertraglichen Verpflichtungen erforderlich ist oder die Daten im Auftrag verarbeitet werden sollen. Die Datenschutzbestimmungen von PayPal k\u00f6nnen Sie unter&nbsp;<a href=\"https:\/\/www.paypal.com\/webapps\/mpp\/ua\/privacy-full\/\">https:\/\/www.paypal.com\/webapps\/mpp\/ua\/privacy-full\/<\/a>&nbsp;einsehen.<\/p>\n\n\n\n<p>Zum Zwecke der Rechnungsstellung \u00fcbermitteln wir Name, E-Mail-Adresse, Rechnungsadresse, Rechnungsbetrag und Zahlungsform (ohne Kreditkartennummer) an den Dienstleister Quaderno der Recrea Systems, S.L.U., Fernando Guanarteme 111, 35010 Las Palmas, Spanien. Dieser erstellt mit Hilfe dieser Daten in unserem Namen die PDF-Umsatzsteuer-Rechnung. Eine weitere Nutzung oder Auswertung Ihrer Daten nimmt Quaderno nicht vor. Wir haben mit Quaderno eine Auftragsdatenverarbeitungsvereinbarung gem\u00e4\u00df \u00a7 11 BDSG geschlossen, in der sich Quaderno insbesondere zum vertraulichen Umgang und der sicheren Verwahrung Ihrer Daten verpflichtet hat. Weitere Informationen zum Datenschutz finden Sie in der Datenschutzerkl\u00e4rung von Quaderno unter&nbsp;<a href=\"https:\/\/printmaps.net\/impressum\/\">https:\/\/quaderno.io\/privacy\/<\/a><\/p>\n\n\n\n<p><strong>Newsletter<\/strong><\/p>\n\n\n\n<p>Mit unserem Newsletter k\u00f6nnen Sie sich in regelm\u00e4\u00dfigen Abst\u00e4nden \u00fcber uns und aktuelle Neuigkeiten zu Printmaps.net informieren.<\/p>\n\n\n\n<p>Wenn Sie sich f\u00fcr den Empfang unseres Newsletters anmelden, ben\u00f6tigen wir eine valide E-Mail-Adresse. Nach Eingabe der E-Mail-Adresse und Best\u00e4tigung des Einwilligungstextes erhalten Sie eine automatisierte E-Mail, in der Sie Ihre Einwilligung nochmals durch Klicken eines Links best\u00e4tigen (Double-Opt-in). Zum Nachweis Ihrer Einwilligung speichern wir Ihre E-Mail-Adresse, den Einwilligungstext, die Best\u00e4tigungs-E-Mail, sowie die jeweiligen IP-Adressen, Uhrzeit und Datum der Anmeldung und Best\u00e4tigung.&nbsp;<\/p>\n\n\n\n<p>Der Versand unseres Newsletters erfolgt durch den Newsletter-Dienstleister \u201eMailchimp\u201c des US-amerikanischen Anbieters Rocket Science Group, LLC, 675 Ponce De Leon Ave NE #5000, Atlanta, GA 30308, USA. Mailchimp speichert die E-Mail-Adressen unserer Newsletter-Abonnenten sowie gegebenenfalls sonstige nachstehend beschrieben Daten auf Servern in den USA. Die Daten werden von Mailchimp f\u00fcr den Versand der Newsletter sowie zur statistischen Auswertung in unserem Auftrag sowie zur Optimierung der eigenen Services verwendet. Mailchimp gibt die Daten unserer Newsletter-Abonnementen jedoch nicht an Dritte weiter und nutzt diese nicht, um die Abonnenten selbst anzuschreiben.<\/p>\n\n\n\n<p>Mailchimp erf\u00fcllt nach unserem Wissen die geltenden Standards f\u00fcr IT- und Datensicherheit und hat sich unter dem US-EU-Datenschutzabkommen \u201ePrivacy Shield\u201c zertifiziert. Somit hat sich Mailchimp verpflichtet, die EU-Datenschutzvorgaben einzuhalten.&nbsp;<\/p>\n\n\n\n<p>Ferner haben wir mit Mailchimp eine sogenannte Auftragsdatenverarbeitung (<a href=\"https:\/\/printmaps.net\/impressum\/\">\u201eData Processing Agreement\u201c&nbsp;<\/a>) abgeschlossen, wonach sich Mailchimp verpflichtet, die Daten unserer Newsletter-Abonnenten zu sch\u00fctzen, entsprechend dessen Datenschutzbestimmungen in unserem Auftrag zu verarbeiten und nicht an Dritte weiter zu geben. Die Datenschutzbestimmungen von Mailchimp k\u00f6nnen Sie&nbsp;<a href=\"https:\/\/printmaps.net\/impressum\/\">hier<\/a>&nbsp;einsehen.<\/p>\n\n\n\n<p>Unsere Newsletter enthalten einen sog. \u201eweb-beacon\u201c. Dabei handelt es sich um eine kleine Datei, die beim \u00d6ffnen unseres Newsletters von den Mail Chimp-Servern abgerufen wird. Hierbei werden sowohl technische Informationen (beispielsweise \u00fcber Ihren Browser und den Zeitpunkt Ihres Abrufs) als auch Ihre IP-Adresse erhoben und gespeichert. Diese Daten nutzt Mailchimp zur statistischen Auswertung sowie zur Verbesserung der eigenen Services. Zudem kann Mailchimp die Lesegewohnheiten der Newsletter-Abonnenten auswerten, insbesondere ob und wann unsere Newsletter gelesen werden und welche Links geklickt werden. Auch diese Auswertung dient dazu, das Newsletter-Angebot m\u00f6glichst passend auf die Interessen der Abonnenten zuzuschneiden.&nbsp;<\/p>\n\n\n\n<p>Ihre Einwilligung zur Speicherung dieser Daten sowie zur Nutzung Ihrer E-Mail-Adressen zum Newsletter-Versand k\u00f6nnen Sie jederzeit widerrufen. Der Widerruf kann \u00fcber einen Link in den Newslettern oder per Mitteilung an uns per E-Mail erkl\u00e4rt werden. Damit erl\u00f6schen gleichzeitig Ihre Einwilligungen in den Versand des Newsletters durch Mailchimp und die statistische Auswertung der Daten durch Mail Chimp. Ein getrennter Widerruf der Einwilligung in den Newsletter-Versand und der statistischen Auswertung ist leider nicht m\u00f6glich.<\/p>\n\n\n\n<p><strong>Bewertungen<\/strong><\/p>\n\n\n\n<p>M\u00f6glicherweise kontaktieren wir Sie per E-Mail, um Sie dazu einzuladen, Produkte und Dienstleistungen, die Sie bei uns erworben haben, zu bewerten, um Ihr Feedback zu sammeln und Printmaps.net zu verbessern. Wir bedienen uns dazu einer externen Firma,&nbsp;Trustpilot A\/S (\u201cTrustpilot\u201d), und teilen zu diesem Zweck Name und Email-Adresse mit Trustpilot. Falls Sie mehr dar\u00fcber wissen m\u00f6chten, wie Trustpilot diese Daten verarbeitet, k\u00f6nnen Sie ihre Datenschutzerkl\u00e4rung hier einsehen:&nbsp;<a href=\"https:\/\/de.legal.trustpilot.com\/end-user-privacy-terms\">https:\/\/de.legal.trustpilot.com\/end-user-privacy-terms<\/a><\/p>\n\n\n\n<p><strong>Server-Log-Files<\/strong><\/p>\n\n\n\n<p>Bei jedem Aufruf unserer Webseite durch einen Nutzer werden in einer Protokolldatei von unserem Hosting-Provider Informationen gespeichert. Diese sogenannten Log-Files beinhalten Informationen \u00fcber abgerufene Dateien, Status-Codes, Zeitstempel und Systeminformationen. Diese Daten sind nicht personenbezogen, sie lassen keine R\u00fcckschl\u00fcsse auf die konkrete Person zu.<\/p>\n\n\n\n<p>Daneben werden in Log-Files auch IP-Adressen gespeichert. Ob IP-Adressen als personenbezogene Daten angesehen werden m\u00fcssen, ist noch nicht abschlie\u00dfend gekl\u00e4rt. F\u00fcr uns sind diese jedenfalls nicht ohne weiteres einer bestimmten Person zuordenbar. Zudem werden diese IP-Adressen in den Log-Files lediglich in anonymisierter Form gespeichert und ausschlie\u00dflich zu statistischen Zwecken genutzt.<\/p>\n\n\n\n<p><strong>Einsatz von Cookies<\/strong><\/p>\n\n\n\n<p>Unsere Webseite verwendet sogenannte Cookies. Dies sind kleine Dateien, die auf Ihrem Zugriffsger\u00e4t (Computer, Smartphone, Tablet o.\u00e4.) abgelegt und von Ihrem Browser gespeichert werden. Sie dienen dazu, die Benutzerfreundlichkeit, Effektivit\u00e4t und Sicherheit unserer Webseite zu steigern. Daneben k\u00f6nnen mit Hilfe von Cookies statistische Daten zur Webseitennutzung erhoben und zur Verbesserung des Angebots analysiert werden. Cookies enthalten keine Viren und richten auf Ihrem Zugriffsger\u00e4t keinen Schaden an.&nbsp;<\/p>\n\n\n\n<p>Sie k\u00f6nnen die Speicherung von Cookies in Ihrem Browser blockieren. Die meisten Webbrowser erm\u00f6glichen \u00fcber die Browsereinstellungen eine gewisse Kontrolle \u00fcber die meisten Cookies. Weitere Informationen zur Blockierung von Cookies finden Sie auf&nbsp;<a href=\"https:\/\/printmaps.net\/impressum\/\">http:\/\/www.allaboutCookies.org<\/a>. Wir weisen Sie jedoch darauf hin, dass Ihnen bestimmte Funktionen unserer Website nach dem Blockieren m\u00f6glicherweise nicht mehr oder nur noch eingeschr\u00e4nkt zur Verf\u00fcgung stehen.<\/p>\n\n\n\n<p>Um alle auf Ihrem Computer abgelegten Cookies zu l\u00f6schen\/deaktivieren, bieten Ihnen die meisten Browser die M\u00f6glichkeit, die Verwendung von Cookies vollst\u00e4ndig zu unterbinden oder durch spezifische Domains\/Websites erzeugte Cookies zu l\u00f6schen. Eine entsprechende Anleitung finden Sie auf der Hilfeseite Ihres Browsers:<\/p>\n\n\n\n<ul class=\"wp-block-list\"><li>Chrome:&nbsp;<a href=\"https:\/\/printmaps.net\/impressum\/\">https:\/\/support.google.com\/chrome\/answer\/95647?hl=de<\/a>&nbsp;&nbsp;<\/li><li>Internet Explorer:&nbsp;<a href=\"https:\/\/printmaps.net\/impressum\/\">https:\/\/support.microsoft.com\/de-de\/help\/278835\/how-to-delete-cookie-files-in-internet-explorer<\/a><\/li><li>Firefox:&nbsp;<a href=\"https:\/\/printmaps.net\/impressum\/\">https:\/\/support.mozilla.org\/de\/kb\/cookies-erlauben-und-ablehnen<\/a><\/li><li>Safari auf IOS:&nbsp;<a href=\"https:\/\/printmaps.net\/impressum\/\">https:\/\/support.apple.com\/de-de\/HT201265<\/a><\/li><li>Opera:&nbsp;<a href=\"https:\/\/printmaps.net\/impressum\/\">http:\/\/www.opera.com\/help\/tutorials\/security\/Cookies<\/a><\/li><\/ul>\n\n\n\n<p><strong>Webanalyse mit Google (Universal) Analytics<\/strong><\/p>\n\n\n\n<p>Unsere Website benutzt Google (Universal) Analytics, einen Webanalysedienst der Google Inc. (<a href=\"https:\/\/printmaps.net\/impressum\/\">www.google.de<\/a>). Google (Universal) Analytics verwendet Methoden, die eine Analyse der Benutzung der Website durch Sie erm\u00f6glichen, wie zum Beispiel sog. \u201eCookies\u201c, Textdateien, die auf Ihrem Computer gespeichert werden. Die erzeugten Informationen \u00fcber Ihre Benutzung dieser Website werden in der Regel an einen Server von Google in den USA \u00fcbertragen und dort gespeichert. Durch die Aktivierung der IP-Anonymisierung auf dieser Webseite wird dabei die IP-Adresse vor der \u00dcbermittlung innerhalb der Mitgliedstaaten der Europ\u00e4ischen Union oder in anderen Vertragsstaaten des Abkommens \u00fcber den Europ\u00e4ischen Wirtschaftsraum gek\u00fcrzt. Nur in Ausnahmef\u00e4llen wird die volle IP-Adresse an einen Server von Google in den USA \u00fcbertragen und dort gek\u00fcrzt. Die im Rahmen von Google Analytics von Ihrem Browser \u00fcbermittelte anonymisierte IP-Adresse wird nicht mit anderen Daten von Google zusammengef\u00fchrt.&nbsp;<\/p>\n\n\n\n<p>Sie k\u00f6nnen die Erfassung der durch das Cookie erzeugten und auf Ihre Nutzung der Website bezogenen Daten (inkl. Ihrer IP-Adresse) an Google sowie die Verarbeitung dieser Daten durch Google verhindern, indem Sie das unter dem folgenden Link verf\u00fcgbare Browser-Plugin herunterladen und installieren:&nbsp;<a href=\"https:\/\/printmaps.net\/impressum\/\">http:\/\/tools.google.com\/dlpage\/gaoptout?hl=de<\/a><\/p>\n\n\n\n<p>Alternativ zum Browser-Plugin k\u00f6nnen Sie&nbsp;diesen&nbsp;<a href=\"https:\/\/printmaps.net\/impressum\/\">Link<\/a>&nbsp;klicken, um die Erfassung durch Google Analytics auf dieser Website zuk\u00fcnftig zu verhindern. Dabei wird ein Opt-Out-Cookie auf Ihrem Endger\u00e4t abgelegt. L\u00f6schen Sie Ihre Cookies, m\u00fcssen Sie den Link erneut klicken.<\/p>\n\n\n\n<p><strong>Konversionsmessung mit Google Adwords Conversion-Tracking<\/strong><\/p>\n\n\n\n<p>Wir nutzen \u201eGoogle AdWords\u201c, das Online-Werbeprogramm der Google Inc. (1600 Amphitheatre Parkway, Mountain View, CA 94043, USA; \u201eGoogle\u201c). Im Rahmen von Google AdWords nutzen wir ferner das sogenannte Conversion-Tracking, den dazugeh\u00f6rigen Analysedienst. Wenn Sie auf eine Google AdWords-Anzeige klicken, wird ein Cookie f\u00fcr das Conversion-Tracking auf Ihrem Rechner gespeichert. Diese Cookies verlieren nach 30 Tagen ihre G\u00fcltigkeit, enthalten keine personenbezogenen Daten und dienen somit nicht der pers\u00f6nlichen Identifizierung.&nbsp;<\/p>\n\n\n\n<p>Wenn Sie bestimmte Internetseiten unserer Website besuchen und das Cookie noch nicht abgelaufen ist, k\u00f6nnen Google und wir erkennen, dass Sie auf die Anzeige geklickt haben und zu dieser Seite weitergeleitet wurden. Jeder Google AdWords-Kunde erh\u00e4lt ein anderes Cookie. Somit besteht keine M\u00f6glichkeit, dass Cookies \u00fcber die Websites von AdWords-Kunden nachverfolgt werden k\u00f6nnen.&nbsp;<\/p>\n\n\n\n<p>Die Informationen, die mithilfe des Conversion-Cookies eingeholten werden, dienen dazu, Conversion-Statistiken f\u00fcr AdWords-Kunden wie uns zu erstellen. Hierdurch erhalten wir Informationen wie insbesondere die Gesamtanzahl der Nutzer, die auf unsere Anzeigen geklickt haben und zu einer mit einem Conversion-Tracking-Tag versehenen Seite weitergeleitet wurden. Wir erhalten jedoch keine Informationen, mit denen sich Nutzer pers\u00f6nlich identifizieren lassen.&nbsp;<\/p>\n\n\n\n<p>Wenn Sie nicht am Tracking teilnehmen m\u00f6chten, k\u00f6nnen Sie dieser Nutzung widersprechen, indem Sie die Installation der Cookies durch eine entsprechende Einstellung Ihrer Browser Software verhindern (siehe oben unter \u201eEinsatz von Cookies\u201c). Sie werden sodann nicht in die Conversion-Tracking Statistiken aufgenommen. Weiterf\u00fchrende Informationen zu Google AdWords erhalten Sie unter&nbsp;<a href=\"https:\/\/printmaps.net\/impressum\/\">http:\/\/www.google.com\/policies\/technologies\/ads\/<\/a>. Die Datenschutzerkl\u00e4rung von Google finden Sie unter&nbsp;<a href=\"https:\/\/printmaps.net\/impressum\/\">http:\/\/www.google.de\/policies\/privacy\/<\/a><\/p>\n\n\n\n<p><strong>Links zu anderen Webseiten<\/strong><\/p>\n\n\n\n<p>Unser Online-Angebot kann Links zu anderen Webseiten enthalten. Wir haben keinen Einfluss darauf, dass deren Betreiber die Datenschutzbestimmungen einhalten.<\/p>\n\n\n\n<p><strong>Auskunft, Berichtigung, Sperrung, L\u00f6schung Ihrer Daten<\/strong><\/p>\n\n\n\n<p>Nach dem Bundesdatenschutzgesetz haben Sie ein Recht auf unentgeltliche Auskunft \u00fcber die von Ihnen gespeicherten Daten sowie ggf. ein Recht auf Berichtigung, Sperrung oder L\u00f6schung dieser Daten. Im Falle dass einer L\u00f6schung gesetzliche oder vertragliche Aufbewahrungsfristen entgegenstehen, werden die entsprechenden Daten stattdessen gesperrt.<\/p>\n\n\n\n<p><strong>Kontakt und weitere Informationen<\/strong><\/p>\n\n\n\n<p>F\u00fcr Ausk\u00fcnfte, Berichtigung, Sperrung oder L\u00f6schung Ihrer Daten, Widerspruch gegen Verwendung Ihrer Daten f\u00fcr Zwecke der Werbung oder der Markt- oder Meinungsforschung, Widerruf erteilter Einwilligungen oder sonstigen Fragen zum Thema Datenschutz k\u00f6nnen Sie sich jederzeit an uns wenden. Unsere Kontaktdaten finden Sie in unserem&nbsp;<a href=\"https:\/\/printmaps.net\/impressum\">Impressum<\/a>.<\/p>\n\n\n\n<p><strong>Wir weisen Sie insbesondere darauf hin, dass Sie gem\u00e4\u00df der gesetzlichen Vorgaben in Art. 21 DSGVO der k\u00fcnftigen Verarbeitung Ihrer personenbezogenen Daten jederzeit widersprechen k\u00f6nnen. Der Widerspruch kann insbesondere gegen die Verarbeitung f\u00fcr Zwecke der Direktwerbung erfolgen.<\/strong><\/p>\n\n\n\n<p>Stand&nbsp;<strong>01.09.2017<\/strong><\/p>\n\n\n\n<div style=\"height:40px\" aria-hidden=\"true\" class=\"wp-block-spacer\"><\/div>\n","protected":false},"excerpt":{"rendered":"<p>Erhebung, Verarbeitung und Nutzung personenbezogener Daten Kontaktaufnahme Kundenkonto Weitergabe an Dritte Newsletter Bewertungen Server-Log-Files Einsatz von Cookies Webanalyse mit Google (Universal) Analytics Konversionsmessung mit Google Adwords Conversion-Tracking Links zu anderen Webseiten Auskunft, Berichtigung, Sperrung, L\u00f6schung Ihrer Daten Kontakt und weitere Informationen Wir freuen uns \u00fcber Ihren Besuch auf unserer Webseite und Ihr Interesse f\u00fcr das [&hellip;]<\/p>\n","protected":false},"author":6,"featured_media":0,"parent":0,"menu_order":0,"comment_status":"closed","ping_status":"closed","template":"","meta":{"_et_pb_use_builder":"off","_et_pb_old_content":"","_et_gb_content_width":"","footnotes":""},"class_list":["post-26039","page","type-page","status-publish","hentry"],"_links":{"self":[{"href":"https:\/\/www.printmaps.net\/de\/wp-json\/wp\/v2\/pages\/26039","targetHints":{"allow":["GET"]}}],"collection":[{"href":"https:\/\/www.printmaps.net\/de\/wp-json\/wp\/v2\/pages"}],"about":[{"href":"https:\/\/www.printmaps.net\/de\/wp-json\/wp\/v2\/types\/page"}],"author":[{"embeddable":true,"href":"https:\/\/www.printmaps.net\/de\/wp-json\/wp\/v2\/users\/6"}],"replies":[{"embeddable":true,"href":"https:\/\/www.printmaps.net\/de\/wp-json\/wp\/v2\/comments?post=26039"}],"version-history":[{"count":18,"href":"https:\/\/www.printmaps.net\/de\/wp-json\/wp\/v2\/pages\/26039\/revisions"}],"predecessor-version":[{"id":70855,"href":"https:\/\/www.printmaps.net\/de\/wp-json\/wp\/v2\/pages\/26039\/revisions\/70855"}],"wp:attachment":[{"href":"https:\/\/www.printmaps.net\/de\/wp-json\/wp\/v2\/media?parent=26039"}],"curies":[{"name":"wp","href":"https:\/\/api.w.org\/{rel}","templated":true}]}}