{"id":27984,"date":"2018-01-31T00:46:34","date_gmt":"2018-01-30T22:46:34","guid":{"rendered":"https:\/\/www.printmaps.net\/printmaps-die-castamap-alternative-fuer-druckfaehige-karten-copy\/"},"modified":"2024-07-10T16:24:18","modified_gmt":"2024-07-10T15:24:18","slug":"mairdumont-hubermedia-falk-alternative","status":"publish","type":"page","link":"https:\/\/www.printmaps.net\/de\/mairdumont-hubermedia-falk-alternative\/","title":{"rendered":"Die MairDumont \/ Hubermedia-Alternative f\u00fcr Kartendruck: Printmaps.net"},"content":{"rendered":"\n<p><p>Wenn Sie Karten mit dem Karteneditor von <a href=\"http:\/\/kartenserver.mairdumont.com\/\">MairDumont Business Solutions<\/a> oder \u00e4hnlichen Editoren von <a href=\"https:\/\/www.hubermedia.de\/\">Hubermedia et4<\/a> erstellt haben, wird es Sie interessieren, wie Printmaps.net im Vergleich dazu abschneidet.<\/p><\/p>\n\n<p><p>Wir haben die folgende Vergleichstabelle erstellt, um Ihnen einen schnellen \u00dcberblick \u00fcber einige der wichtigsten <a href=\"\/de\/funktionen\">Funktionen des Printmaps Editors<\/a> und deren Vergleich mit MairDumont \/ Hubermedia \/ Falk.de \/ Kompass \/ Destination.one zu geben. Schauen Sie sich auch unsere Beispiele an, f\u00fcr die Printmaps.net bereits genutzt wird. (<a href=\"\/de\/\">Probieren Sie den Editor hier aus.<\/a>)<\/p><\/p>\n\n<div style=\"height:48px\" aria-hidden=\"true\" class=\"wp-block-spacer\"><\/div>\n\n<figure class=\"wp-block-table is-style-stripes\"><table class=\"has-fixed-layout\"><thead><tr><th><\/th><th>Printmaps<\/th><th>MairDumont \/ Hubermedia<\/th><\/tr><\/thead><tbody><tr><td><em>Format<\/em><\/td><td>SVG, PSD, PNG<\/td><td>TIFF, PNG, TFW (Rasterkarten) or TIFF, PNG, SVG, PDF (Vektorkarten)<\/td><\/tr><tr><td><em>Preise<\/em><\/td><td>Preise abh\u00e4ngig von Dateiformat und H\u00f6he der Druckauflage. Preise starten bei \u20ac7,14 (inkl. USt).<\/td><td>Preise abh\u00e4ngig von Kartenstil, Dateiformat, Gr\u00f6\u00dfe und Druckauflage. Preise starten bei \u20ac68,43 (inkl. USt).<\/td><\/tr><tr><td><em>Eigene Daten<\/em><\/td><td>* Routeneditor<br\/>* Geografische Umrisse<br\/>* Datei Upload (gpx\/kml\/geoJSON)<br\/>* POIs (manuell oder Copy\/Paste aus Excel)<\/td><td>Kein Hinzuf\u00fcgen eigener Geodaten m\u00f6glich<\/td><\/tr><tr><td><em>Ausgabegr\u00f6\u00dfe<\/em><\/td><td>Maximum 133 x 133cm (15712 x 15712px)<\/td><td>Maximum circa 30 x 30cm<\/td><\/tr><tr><td><em>Kartendetails zeigen\/verbergen?<\/em><\/td><td>Ja<\/td><td>Nein<\/td><\/tr><\/tbody><\/table><\/figure>\n<div style=\"height:150px\" aria-hidden=\"true\" class=\"wp-block-spacer\"><\/div>\n\n<h3 class=\"wp-block-heading\">Einige Beispiele f\u00fcr die Verwendung unserer druckbaren Karten<\/h3>\n\n<div class=\"wp-block-columns is-layout-flex wp-container-core-columns-is-layout-9d6595d7 wp-block-columns-is-layout-flex\">\n<div class=\"wp-block-column is-layout-flow wp-block-column-is-layout-flow\" style=\"flex-basis:66.66%\">\n<div class=\"wp-block-group\"><div class=\"wp-block-group__inner-container is-layout-flow wp-block-group-is-layout-flow\">\n<figure class=\"wp-block-image size-large\"><img fetchpriority=\"high\" fetchpriority=\"high\" decoding=\"async\" width=\"765\" height=\"531\" src=\"https:\/\/www.printmaps.net\/wp-content\/uploads\/2017\/09\/Layers-big.png\" alt=\"\" class=\"wp-image-26345\" srcset=\"https:\/\/www.printmaps.net\/wp-content\/uploads\/2017\/09\/Layers-big.png 765w, https:\/\/www.printmaps.net\/wp-content\/uploads\/2017\/09\/Layers-big-300x208.png 300w\" sizes=\"(max-width: 765px) 100vw, 765px\" \/><\/figure><\/div><\/div>\n<\/div>\n\n\n\n<div class=\"wp-block-column is-layout-flow wp-block-column-is-layout-flow\" style=\"flex-basis:33.33%\">\n<p>Der Printmaps Editor erzeugt hochaufl\u00f6sende 300-dpi-Karten im PNG- und PSD-Format (Photoshop) sowie skalierbare SVG-Vektorkarten. Kartenmerkmale in SVG- und PSD-Dateien liegen in separaten Ebenen vor, sodass Sie Kartenmerkmale bearbeiten k\u00f6nnen, ohne darunter liegende Ebenen zu besch\u00e4digen.<\/p>\n<\/div>\n<\/div>\n\n<div class=\"wp-block-columns is-layout-flex wp-container-core-columns-is-layout-9d6595d7 wp-block-columns-is-layout-flex\">\n<div class=\"wp-block-column is-layout-flow wp-block-column-is-layout-flow\" style=\"flex-basis:66.66%\">\n<figure class=\"wp-block-image size-large\"><img decoding=\"async\" width=\"765\" height=\"531\" src=\"https:\/\/www.printmaps.net\/wp-content\/uploads\/2017\/09\/bodensee-karte.jpg\" alt=\"\" class=\"wp-image-26301\"\/><\/figure><\/div>\n\n\n\n<div class=\"wp-block-column is-layout-flow wp-block-column-is-layout-flow\" style=\"flex-basis:33.33%\">\n<p>Unsere Kunden nutzen den Printmaps Editor, um m\u00fchelos Routen zu kartieren &#8211; Reiserouten, Wander- und Radwege, Stadtspazierg\u00e4nge oder einfach Wegbeschreibungen &#8211; und ihre Points of Interest auf einer Karte zu \u00fcberlagern. Mit dem Editor lassen sich ganz einfach Faltkarten, Karten f\u00fcr touristische Prospekte und Brosch\u00fcren oder Reisef\u00fchrerkarten erstellen.<\/p>\n<\/div>\n<\/div>\n\n<div class=\"wp-block-columns is-layout-flex wp-container-core-columns-is-layout-9d6595d7 wp-block-columns-is-layout-flex\">\n<div class=\"wp-block-column is-layout-flow wp-block-column-is-layout-flow\" style=\"flex-basis:66.66%\">\n<figure class=\"wp-block-image size-large\"><img decoding=\"async\" width=\"765\" height=\"531\" src=\"https:\/\/www.printmaps.net\/wp-content\/uploads\/2017\/09\/immo-expose.jpg\" alt=\"\" class=\"wp-image-26308\"\/><\/figure>\n\n\n<p><\/p>\n<\/div>\n\n\n\n<div class=\"wp-block-column is-layout-flow wp-block-column-is-layout-flow\" style=\"flex-basis:33.33%\">\n<p><p>Dank unserer erschwinglichen <a href=\"\/de\/preise\">Einstiegspreise<\/a> k\u00f6nnen sich auch Kunden mit einer sehr geringen Druckauflage unsere Karten leisten. Typische Beispiele sind Immobilienexpos\u00e9s und Fotob\u00fccher, die in geringer Auflage gedruckt werden, aber hochwertige Standort- oder Routenkarten ben\u00f6tigen.<\/p><\/p>\n<\/div>\n<\/div>\n\n<div class=\"wp-block-columns is-layout-flex wp-container-core-columns-is-layout-9d6595d7 wp-block-columns-is-layout-flex\">\n<div class=\"wp-block-column is-layout-flow wp-block-column-is-layout-flow\" style=\"flex-basis:66.66%\">\n<figure class=\"wp-block-image size-large\"><img loading=\"lazy\" loading=\"lazy\" decoding=\"async\" width=\"765\" height=\"531\" src=\"https:\/\/www.printmaps.net\/wp-content\/uploads\/2017\/07\/mallorca.jpg\" alt=\"\" class=\"wp-image-60813\" srcset=\"https:\/\/www.printmaps.net\/wp-content\/uploads\/2017\/07\/mallorca.jpg 765w, https:\/\/www.printmaps.net\/wp-content\/uploads\/2017\/07\/mallorca-300x208.jpg 300w\" sizes=\"auto, (max-width: 765px) 100vw, 765px\" \/><\/figure>\n\n\n<p><\/p>\n<\/div>\n\n\n\n<div class=\"wp-block-column is-layout-flow wp-block-column-is-layout-flow\" style=\"flex-basis:33.33%\">\n<p>Viele Reisef\u00fchrerverlage illustrieren ihre Reise- und Wanderf\u00fchrer komplett mit Printmaps-Karten. Mit unseren Karten k\u00f6nnen Sie alle typischen Kartenbed\u00fcrfnisse befriedigen, von \u00dcbersichtskarten und allgemeinen Standortkarten \u00fcber Aktivit\u00e4tskarten mit Wander- oder Radrouten, Stadtpl\u00e4nen \/ Stra\u00dfenkarten bis hin zu Anfahrtskarten.<\/p>\n<\/div>\n<\/div>\n\n<div style=\"height:100px\" aria-hidden=\"true\" class=\"wp-block-spacer\"><\/div>\n\n<div class=\"wp-block-group\"><div class=\"wp-block-group__inner-container is-layout-constrained wp-block-group-is-layout-constrained\">\n<h2 class=\"wp-block-heading has-text-align-center has-large-font-size\" style=\"font-style:normal;font-weight:700\">Probieren Sie Printmaps<\/h2>\n\n\n\n<p class=\"has-text-align-center has-medium-font-size\">Mit unserem\u00a0Karteneditor k\u00f6nnen Sie in k\u00fcrzester Zeit weltweit druckbare Karten erstellen.<\/p>\n\n\n\n<div style=\"height:15px\" aria-hidden=\"true\" class=\"wp-block-spacer\"><\/div>\n\n\n\n<div class=\"wp-block-buttons is-content-justification-center is-layout-flex wp-container-core-buttons-is-layout-16018d1d wp-block-buttons-is-layout-flex\">\n<div class=\"wp-block-button has-custom-font-size\" style=\"font-size:18px\"><a class=\"wp-block-button__link has-background wp-element-button\" href=\"https:\/\/www.printmaps.net\/de\/\" style=\"border-radius:10px;background-color:#e5017e\"><p><strong>Erstellen Sie Ihre erste Karte<\/strong><\/p><\/a><\/div>\n<\/div>\n<\/div><\/div>\n\n<div style=\"height:150px\" aria-hidden=\"true\" class=\"wp-block-spacer\"><\/div>\n","protected":false},"excerpt":{"rendered":"<p>Wenn Sie Karten mit dem Karteneditor von MairDumont Business Solutions oder \u00e4hnlichen Editoren von Hubermedia et4 erstellt haben, wird es Sie interessieren, wie Printmaps.net im Vergleich dazu abschneidet. Wir haben die folgende Vergleichstabelle erstellt, um Ihnen einen schnellen \u00dcberblick \u00fcber einige der wichtigsten Funktionen des Printmaps Editors und deren Vergleich mit MairDumont \/ Hubermedia \/ [&hellip;]<\/p>\n","protected":false},"author":5,"featured_media":0,"parent":0,"menu_order":0,"comment_status":"closed","ping_status":"closed","template":"","meta":{"_et_pb_use_builder":"off","_et_pb_old_content":"","_et_gb_content_width":"","footnotes":""},"class_list":["post-27984","page","type-page","status-publish","hentry"],"_links":{"self":[{"href":"https:\/\/www.printmaps.net\/de\/wp-json\/wp\/v2\/pages\/27984","targetHints":{"allow":["GET"]}}],"collection":[{"href":"https:\/\/www.printmaps.net\/de\/wp-json\/wp\/v2\/pages"}],"about":[{"href":"https:\/\/www.printmaps.net\/de\/wp-json\/wp\/v2\/types\/page"}],"author":[{"embeddable":true,"href":"https:\/\/www.printmaps.net\/de\/wp-json\/wp\/v2\/users\/5"}],"replies":[{"embeddable":true,"href":"https:\/\/www.printmaps.net\/de\/wp-json\/wp\/v2\/comments?post=27984"}],"version-history":[{"count":15,"href":"https:\/\/www.printmaps.net\/de\/wp-json\/wp\/v2\/pages\/27984\/revisions"}],"predecessor-version":[{"id":167329,"href":"https:\/\/www.printmaps.net\/de\/wp-json\/wp\/v2\/pages\/27984\/revisions\/167329"}],"wp:attachment":[{"href":"https:\/\/www.printmaps.net\/de\/wp-json\/wp\/v2\/media?parent=27984"}],"curies":[{"name":"wp","href":"https:\/\/api.w.org\/{rel}","templated":true}]}}