{"id":89905,"date":"2021-06-15T13:44:31","date_gmt":"2021-06-15T11:44:31","guid":{"rendered":"https:\/\/www.printmaps.net\/hoehenprofil-editor\/"},"modified":"2024-12-12T15:54:33","modified_gmt":"2024-12-12T14:54:33","slug":"hoehenprofil-editor","status":"publish","type":"page","link":"https:\/\/www.printmaps.net\/de\/hoehenprofil-editor\/","title":{"rendered":"Der H\u00f6henprofil-Generator"},"content":{"rendered":"\n<div class=\"wp-block-columns is-layout-flex wp-container-core-columns-is-layout-9d6595d7 wp-block-columns-is-layout-flex\">\n<div class=\"wp-block-column is-layout-flow wp-block-column-is-layout-flow\" style=\"flex-basis:66.66%\">\n<p><p>Hier k\u00f6nnen Sie <strong>H\u00f6henprofile erstellen<\/strong>, die Sie <strong><mark class=\"has-inline-color\" style=\"background-color: #fcfa00;\">kostenlos<\/mark><\/strong> in Ihren Druckmaterialien und in Ihrer Online-Kommunikation verwenden k\u00f6nnen. Laden Sie einfach Ihre GPX-, KML- oder GeoJSON-Datei unten hoch oder zeichnen Sie Ihre Route auf der Karte, w\u00e4hlen Sie Ihre Einstellungen und klicken Sie auf &#8222;Download&#8220;. Sie erhalten eine <strong>SVG-Datei mit Ebenen<\/strong>, die Sie in Adobe Illustrator, Photoshop oder Inkscape bearbeiten oder auf einer Webseite verwenden k\u00f6nnen. Schauen Sie sich <a href=\"https:\/\/www.printmaps.net\/wp-content\/uploads\/2024\/11\/Elevation-Profile.svg\">dieses herunterladbare Beispiel-SVG an<\/a>.<\/p><\/p>\n\n\n\n<p><p>Nutzungsbedingung: Sie m\u00fcssen das H\u00f6henprofil mit dem Hinweis <mark class=\"has-inline-color\" style=\"background-color: #f1f1f1;\"><code>\u00a9 Printmaps.net<\/code> <\/mark> versehen (klein und in der N\u00e4he des Bildes) und bei Online-Verwendung einen Link hinzuf\u00fcgen.<\/p><\/p>\n<\/div>\n\n\n\n<div class=\"wp-block-column is-vertically-aligned-center is-layout-flow wp-block-column-is-layout-flow\" style=\"flex-basis:33.33%\">\n<p class=\"has-text-align-center\"><p>Ben\u00f6tigen Sie <a href=\"https:\/\/www.printmaps.net\/de\">druckf\u00e4hige Kartografie<\/a>?<\/p><\/p>\n\n\n\n<div class=\"wp-block-buttons is-content-justification-center is-layout-flex wp-container-core-buttons-is-layout-16018d1d wp-block-buttons-is-layout-flex\">\n<div class=\"wp-block-button\"><a class=\"wp-block-button__link has-background wp-element-button\" href=\"https:\/\/www.printmaps.net\/de\/\" style=\"background-color:#e5017e\">Probieren Sie unseren Karteneditor<\/a><\/div>\n<\/div>\n\n\n\n<p class=\"has-text-align-center\"><\/p>\n\n\n\n<p><\/p>\n\n\n\n<p class=\"has-text-align-center\"><p>Ben\u00f6tigen Sie eine API?<br\/>Entdecken Sie unsere <a href=\"https:\/\/www.maptoolkit.com\/api\/elevation-api\/\">Elevation API<\/a><\/p><\/p>\n<\/div>\n<\/div>\n\n<div style=\"height:17px\" aria-hidden=\"true\" class=\"wp-block-spacer\"><\/div>\n\n<p class=\"has-text-align-center\"><\/p>\n<style>\n  @import \"https:\/\/static.maptoolkit.net\/api\/v8.10\/mtk.css\";\n  @import \"https:\/\/static.maptoolkit.net\/api\/v8.10\/editor.css\";\n  @import \"\/wp-content\/plugins\/printmaps_eprofile_editor\/css\/jquery-ui.min.css\";\n  @import \"\/wp-content\/plugins\/printmaps_eprofile_editor\/css\/spectrum.css\";\n  @import \"\/wp-content\/plugins\/printmaps_eprofile_editor\/css\/printmaps-ui.css\";\n  @import \"\/wp-content\/plugins\/printmaps_eprofile_editor\/css\/index.css\";\n  .bottom-bar { margin-bottom:1em; }\n<\/style>\n<div id=\"editor\"><\/div>\n<div id=\"elevation_profile_main\" style=\"overflow: auto\">\n  <br \/>\n  <h2 class=\"wpml_translation_result\">Ergebnis:<\/h2>\n  <div class=\"profile-dummy\"><\/div>\n  <div id=\"datapreview\">\n    <div class=\"elevationprofile_container\">\n      <div id=\"eprofile_loader\">\n        <div class=\"printmaps-ui-loader-circle\"><\/div>\n      <\/div>\n      <button\n        id=\"center_profile\"\n        class=\"printmaps-ui-btn printmaps-ui-btn-default\"\n        data-tooltip=\"Reset position back to center\"\n        style=\"display: none\"\n      >\n        <i class=\"printmaps-ui-icon-undo\"><\/i>\n      <\/button>\n      <div id=\"elevation_profile\" style=\"pointer-events: none\">\n        <img decoding=\"async\" id=\"eprofile_placeholder\" alt=\"elevation profile\" src=\"\/wp-content\/plugins\/printmaps_eprofile_editor\/images\/example-profile.png\" \/>\n      <\/div>\n    <\/div>\n    <table style=\"text-align: left\" id=\"profile_info\">\n      <tr>\n        <td class=\"wpml_translation_result_info_altitude_difference\">H\u00f6henunterschied<\/td>\n        <td><\/td>\n      <\/tr>\n      <tr>\n        <td class=\"wpml_translation_result_info_distance\">Distanz<\/td>\n        <td><\/td>\n      <\/tr>\n      <tr>\n        <td class=\"wpml_translation_result_info_walking_time\">Gehzeit<\/td>\n        <td><\/td>\n      <\/tr>\n      <tr>\n        <td class=\"wpml_translation_result_info_normal_cycling_time\">Normale Radfahrzeit<\/td>\n        <td><\/td>\n      <\/tr>\n      <tr>\n        <td class=\"wpml_translation_result_info_offroad_cycling_time\">Offroad Radfahrzeit<\/td>\n        <td><\/td>\n      <\/tr>\n      <tr>\n        <td class=\"wpml_translation_result_info_race_cycling_time\">Rennrad Fahrzeit<\/td>\n        <td><\/td>\n      <\/tr>\n    <\/table>\n  <\/div>\n  <br \/>\n  <h2 class=\"wpml_translation_settings\">Einstellungen:<\/h2>\n  <table class=\"editor-settings\">\n    <tr>\n      <td>\n        <b class=\"wpml_translation_settings_printwidth\">Druckbreite:<\/b>\n      <\/td>\n      <td>\n        <input id=\"width\" class=\"printmaps-ui-input\" type=\"number\" min=\"70\" max=\"300\" value=\"150\" \/>\n        <small class=\"wpml_translation_settings_printwidth_info\" style=\"font-size: 12px\">mm (von 50 bis 300mm) <\/small>\n      <\/td>\n    <\/tr>\n    <tr>\n      <td class=\"wpml_translation_settings_curve\">Kurve:<\/td>\n      <td>\n        <div>\n          <input id=\"colorpicker\" \/>\n          <div class=\"printmaps-ui-checkbox\">\n            <input type=\"checkbox\" name=\"stroke\" id=\"stroke\" checked \/>\n            <label class=\"wpml_translation_settings_curve_stroke\" for=\"stroke\">Rand<\/label>\n          <\/div>\n          <div class=\"printmaps-ui-checkbox\">\n            <input type=\"checkbox\" name=\"gradient\" id=\"gradient\" checked \/>\n            <label class=\"wpml_translation_settings_curve_gradient\" for=\"gradient\">Farbverlauf<\/label>\n          <\/div>\n          <span class=\"wpml_translation_settings_curve_gradient_color\">Farbverlauf Farbe<\/span>\n          <div style=\"padding: 0; margin: 0\">\n            <input id=\"colorpicker3\" \/>\n          <\/div>\n        <\/div>\n      <\/td>\n    <\/tr>\n    <tr>\n      <td class=\"wpml_translation_settings_fontsize\">Schriftgr\u00f6\u00dfe:<\/td>\n      <td>\n        <input id=\"fontsize\" class=\"printmaps-ui-input\" type=\"number\" min=\"20\" max=\"70\" value=\"40\" \/>\n        <small class=\"wpml_translation_settings_fontsize_info\" style=\"font-size: 12px\">(von 20 bis 70)<\/small>\n      <\/td>\n    <\/tr>\n    <tr>\n      <td class=\"wpml_translation_settings_markers\">H\u00f6henmarkierungen:<\/td>\n      <td>\n        <div>\n          <div class=\"printmaps-ui-checkbox\" style=\"padding-left: 0px\">\n            <input type=\"checkbox\" name=\"marks\" id=\"marks\" checked \/>\n            <label for=\"marks\"><\/label>\n          <\/div>\n          <span class=\"wpml_translation_settings_markers_color\">Farbe:<\/span>\n          <div style=\"padding: 0; margin: 0\">\n            <input id=\"colorpicker2\" \/>\n          <\/div>\n        <\/div>\n      <\/td>\n    <\/tr>\n    <tr>\n      <td class=\"wpml_translation_settings_grid\">Raster:<\/td>\n      <td>\n        <div>\n          <div class=\"printmaps-ui-checkbox\" style=\"padding-left: 0px\">\n            <input type=\"checkbox\" name=\"grid_horz\" id=\"grid_horz\" checked \/>\n            <label class=\"wpml_translation_settings_grid_horizontal\" for=\"grid_horz\">Horizontal<\/label>\n          <\/div>\n          <div class=\"printmaps-ui-checkbox\">\n            <input type=\"checkbox\" name=\"grid_vert\" id=\"grid_vert\" checked \/>\n            <label class=\"wpml_translation_settings_grid_vertical\" for=\"grid_vert\">Vertikal<\/label>\n          <\/div>\n        <\/div>\n      <\/td>\n    <\/tr>\n    <tr>\n      <td class=\"wpml_translation_settings_units\">Einheit:<\/td>\n      <td>\n        <div>\n          <div class=\"printmaps-ui-radio\" style=\"padding-left: 0px\">\n            <input type=\"radio\" name=\"unit\" id=\"unit_km\" value=\"km\" checked \/>\n            <label class=\"wpml_translation_settings_units_metric\" for=\"unit_km\">Meter\/Kilometer<\/label>\n          <\/div>\n          <div class=\"printmaps-ui-radio\">\n            <input type=\"radio\" name=\"unit\" id=\"unit_miles\" value=\"miles\" \/>\n            <label class=\"wpml_translation_settings_units_imperial\" for=\"unit_miles\">Fu\u00df\/Meilen<\/label>\n          <\/div>\n        <\/div>\n      <\/td>\n    <\/tr>\n  <\/table>\n  <br \/>\n  <h2 class=\"wpml_translation_upload_draw\">Lade Sie eine Route hoch oder zeichne Sie sie:<\/h2>\n  <div id=\"addroute\">\n    <div id=\"filedrop\" class=\"printmaps-ui-filedrop\">\n      <input id=\"file\" type=\"file\" pui-filename=\"false\" \/>\n      <div id=\"dropzone\" class=\"printmaps-ui-filedrop-dropzone\">\n        <span class=\"printmaps-ui-filedrop-loader\"><\/span>\n        <span class=\"printmaps-ui-filedrop-info\">\n          <span class=\"printmaps-ui-filedrop-icon\"><\/span>\n          <span class=\"wpml_translation_upload_draw_filedrop printmaps-ui-filedrop-text\">Ziehen Sie eine GPX\/KML\/GeoJSON Datei hierer oder klicken Sie um hochzuladen<\/span>\n        <\/span>\n      <\/div>\n    <\/div>\n    <span class=\"wpml_translation_upload_draw_info\" style=\"padding: 15px 0; display: block\">oder zeichnen Sie eine Route mit der Maus<\/span>\n    <div id=\"routetype_switch\" class=\"printmaps-ui-routetypeswitch\">\n      <a\n        class=\"wpml_translation_upload_draw_editor_routetype_car printmaps-ui-routetype-btn printmaps-ui-btn-active\"\n        data-routetype=\"car\"\n        data-tooltip=\"Automobil\"\n      ><\/a>\n      <a\n        class=\"wpml_translation_upload_draw_editor_routetype_bike printmaps-ui-routetype-btn\"\n        data-routetype=\"bike\"\n        data-tooltip=\"Fahrrad\"\n      ><\/a>\n      <a\n        class=\"wpml_translation_upload_draw_editor_routetype_foot printmaps-ui-routetype-btn\"\n        data-routetype=\"foot\"\n        data-tooltip=\"Fu\u00dfg\u00e4nger\"\n      ><\/a>\n    <\/div>\n    <div id=\"locationsearch\" class=\"printmaps-ui-locationsearch\">\n      <span class=\"printmaps-ui-locationsearch-icon\"><\/span>\n      <input\n        type=\"text\"\n        class=\"wpml_translation_upload_draw_editor_locationsearch printmaps-ui-input-locationsearch\"\n        placeholder=\"Ort oder Gebiet eingeben...\"\n        autocomplete=\"on\"\n      \/>\n      <a class=\"printmaps-ui-locationsearch-geolocation\"><\/a>\n    <\/div>\n    <div class=\"map printmaps-ui-map-editor\" id=\"map\"><\/div>\n  <\/div>\n  <br \/>\n  <br \/>\n  <div class=\"bottom-bar\" style=\"text-align:right;\">\n    <input type=\"button\" id=\"tsprintmaps_item_button_free_elevation_profile\" onclick=\"tsprintmaps_process_free_elevation_profile();\" class=\"tsprintmaps_button_free_elevation_profile\" value=\"Free Download\">\n    <a id=\"tsprintmaps_item_download_free_elevation_profile\" href=\"#\" download=\"MyElevationProfile-28Apr2026.zip\" style=\"display:none\" class=\"tsprintmaps_button_free_elevation_profile has-background\">Download Profile<\/a>\n    <p style=\"clear:both;\">&nbsp;<\/p>\n    <div id=\"tsprintmaps_item_download_free_elevation_profile_status_message\">&nbsp;<\/div>\n  <\/div>\n<\/div>\n<script src=\"\/wp-content\/plugins\/printmaps_eprofile_editor\/js\/jquery-ui.min.js\"><\/script>\n<script src=\"https:\/\/static.maptoolkit.net\/api\/v8.10\/mtk.de.js\"><\/script>\n<script src=\"https:\/\/static.maptoolkit.net\/api\/v8.10\/editor.js\"><\/script>\n<script src=\"\/wp-content\/plugins\/printmaps_eprofile_editor\/js\/raphael.js\"><\/script>\n<script src=\"\/wp-content\/plugins\/printmaps_eprofile_editor\/js\/ElevationProfile2.js\"><\/script>\n<script src=\"\/wp-content\/plugins\/printmaps_eprofile_editor\/js\/togeojson.min.js\"><\/script>\n<script src=\"\/wp-content\/plugins\/printmaps_eprofile_editor\/js\/spectrum.min.js\"><\/script>\n<script src=\"\/wp-content\/plugins\/printmaps_eprofile_editor\/js\/printmaps-ui.js\"><\/script>\n<script src=\"\/wp-content\/plugins\/printmaps_eprofile_editor\/js\/index.js\"><\/script>\n<script>\nif (undefined === window.pls) {\n\twindow.pls = function() {};\n}\nfunction tsprintmaps_process_free_elevation_profile(id) {\n\tjQuery('#tsprintmaps_item_button_free_elevation_profile').attr('value', 'Processing ...');\n\tvar data = {\n\t\taction: \"tsprintmaps_process_free_elevation_profile\",\n\t\tedd_tsprintmaps_elevation_data: JSON.stringify(getOrder()),\n\t\tlanguage: \"de\"\n\t};\n\tjQuery.ajax({\n\t\ttype: \"POST\",\n\t\tdata: data,\n\t\tdataType: \"json\",\n\t\turl: edd_scripts.ajaxurl,\n\t\tsuccess: (response) => { tsprintmaps_download_free_elevation_profile(response, id) },\n\t\terror: (jqXHR, status, error) => { tsprintmaps_error_processing_free_elevation_profile(id, status, error) },\n\t});\n}\nfunction tsprintmaps_download_free_elevation_profile(response, id) {\n\tjQuery('#tsprintmaps_item_button_free_elevation_profile').css('background-color', '#e5017e');\n\tpls('Free elevation profile', { props: {\"Product\":\"Printable elevation profile -\",\"Price\":\"single item in cart - please ignore\",\"Quantity\":\"single item in cart - please ignore\",\"Discount\":\"single item in cart - please ignore\"} });\n\tif ('ok' == response.status) {\n\t\tjQuery('#tsprintmaps_item_download_free_elevation_profile').attr('href', response.code);\n\t\tjQuery('#tsprintmaps_item_download_free_elevation_profile_status_message').html('&nbsp;');\n\t\twindow.setTimeout(() => {\n\t\t\tjQuery('#tsprintmaps_item_download_free_elevation_profile').css('display', 'inline-block');\n\t\t\tjQuery('#tsprintmaps_item_button_free_elevation_profile').css('display', 'none');\n\t\t\tdocument.getElementById('tsprintmaps_item_download_free_elevation_profile').click();\n\t\t}, 4000);\n\t} else {\n\t\twindow.setTimeout(() => {\n\t\t\tjQuery('#tsprintmaps_item_button_free_elevation_profile').attr('value', 'Free Download');\n\t\t\tjQuery('#tsprintmaps_item_download_free_elevation_profile_status_message').html(response.code);\n\t\t}, 1000);\n\t}\n}\nfunction tsprintmaps_error_processing_free_elevation_profile(id, status, error) {\n\tjQuery('#tsprintmaps_item_button_free_elevation_profile').css('background-color', 'red');\n\tjQuery('#tsprintmaps_item_button_free_elevation_profile').attr('value', 'An error occured');\n}\n<\/script>\n\n\n<div style=\"height:37px\" aria-hidden=\"true\" class=\"wp-block-spacer\"><\/div>\n\n<h3 class=\"wp-block-heading has-text-align-center\">Was sind H\u00f6henprofile?<\/h3>\n\n<div class=\"wp-block-media-text has-media-on-the-right is-stacked-on-mobile\"><div class=\"wp-block-media-text__content\">\n<p>Ein H\u00f6henprofil, auch als topografisches Profil, Querschnitt oder topografischer Schnitt bekannt, ist eine Methode, die Form des Gel\u00e4ndes durch einen Schnitt durch eine topografische Karte darzustellen. Es zeigt die H\u00f6hen\u00e4nderungen entlang eines bestimmten Pfades. H\u00f6henlinien auf der Karte repr\u00e4sentieren Bereiche gleicher H\u00f6he \u00fcber dem Meeresspiegel. W\u00e4hrend der horizontale Ma\u00dfstab des Profils oft mit dem der Karte \u00fcbereinstimmt, ist der vertikale Ma\u00dfstab in der Regel \u00fcbertrieben \u2013 typischerweise drei- bis f\u00fcnfmal gr\u00f6\u00dfer \u2013 um H\u00f6henunterschiede besser hervorzuheben. Dies hilft, die Merkmale des Gel\u00e4ndes sichtbarer zu machen, insbesondere in Gebieten mit subtilen H\u00f6henunterschieden.<\/p>\n<\/div><figure class=\"wp-block-media-text__media\"><img fetchpriority=\"high\" fetchpriority=\"high\" decoding=\"async\" width=\"540\" height=\"540\" src=\"https:\/\/www.printmaps.net\/wp-content\/uploads\/2024\/11\/free-elevation-profile-1.png\" alt=\"\" class=\"wp-image-187706 size-full\" srcset=\"https:\/\/www.printmaps.net\/wp-content\/uploads\/2024\/11\/free-elevation-profile-1.png 540w, https:\/\/www.printmaps.net\/wp-content\/uploads\/2024\/11\/free-elevation-profile-1-480x480.png 480w\" sizes=\"(min-width: 0px) and (max-width: 480px) 480px, (min-width: 481px) 540px, 100vw\" \/><\/figure><\/div>\n\n<div style=\"height:35px\" aria-hidden=\"true\" class=\"wp-block-spacer\"><\/div>\n\n<h3 class=\"wp-block-heading has-text-align-center\">Was Gel\u00e4ndeprofile sind<\/h3>\n\n<div class=\"wp-block-media-text is-stacked-on-mobile\"><figure class=\"wp-block-media-text__media\"><img decoding=\"async\" width=\"1024\" height=\"631\" src=\"https:\/\/www.printmaps.net\/wp-content\/uploads\/2024\/10\/elevation-profile-4-1024x631.png\" alt=\"H\u00f6henprofil\" class=\"wp-image-186263 size-full\" srcset=\"https:\/\/www.printmaps.net\/wp-content\/uploads\/2024\/10\/elevation-profile-4-980x604.png 980w, https:\/\/www.printmaps.net\/wp-content\/uploads\/2024\/10\/elevation-profile-4-480x296.png 480w\" sizes=\"(min-width: 0px) and (max-width: 480px) 480px, (min-width: 481px) and (max-width: 980px) 980px, (min-width: 981px) 1024px, 100vw\" \/><\/figure><div class=\"wp-block-media-text__content\">\n<p>Ein H\u00f6hen- oder Gel\u00e4ndeprofil ist eine visuelle Darstellung der Gel\u00e4nde\u00e4nderungen entlang einer Route. Es bietet wichtige Informationen \u00fcber Steigung, H\u00f6hengewinn und Schwierigkeitsgrad eines Weges, was es zu einem unverzichtbaren Werkzeug f\u00fcr Outdoor-Enthusiasten, Radfahrer und Wanderer macht. Durch das Betrachten eines H\u00f6henprofils k\u00f6nnen Benutzer schnell einsch\u00e4tzen, wie anspruchsvoll eine Route ist und ihre Reise entsprechend planen.<\/p>\n<\/div><\/div>\n\n<div style=\"height:98px\" aria-hidden=\"true\" class=\"wp-block-spacer\"><\/div>\n\n<h3 class=\"wp-block-heading has-text-align-center\">Erstellung von H\u00f6henprofilen aus GPX-Dateien<\/h3>\n\n<div class=\"wp-block-group is-nowrap is-layout-flex wp-container-core-group-is-layout-ad2f72ca wp-block-group-is-layout-flex\">\n<div class=\"wp-block-media-text has-media-on-the-right is-stacked-on-mobile\"><div class=\"wp-block-media-text__content\">\n<p><p>Unser H\u00f6henprofil-Editor erm\u00f6glicht es Ihnen, einfach ein <strong>GPX-H\u00f6henprofil<\/strong> aus Ihren GPX-Dateien zu erstellen. Laden Sie einfach Ihre GPX-Daten hoch, und der Editor erzeugt eine klare grafische Darstellung der H\u00f6henver\u00e4nderungen der Route. Diese Funktion ist ideal f\u00fcr alle, die ihre digitalen Routendaten in ein informatives und attraktives H\u00f6henprofil f\u00fcr gedruckte Karten oder Reisef\u00fchrer umwandeln m\u00f6chten.<br\/>Mit unseren Tools ist das Erstellen eines detaillierten und optisch ansprechenden H\u00f6henprofils einfach und intuitiv. Ob Sie eine Einzelperson sind, die das n\u00e4chste Abenteuer plant, oder eine Organisation, die Werbematerial erstellt \u2013 unser Editor bietet alles, was Sie ben\u00f6tigen, um Ihre GPX-Daten in eine informative visuelle Darstellung umzuwandeln.<\/p><\/p>\n<\/div><figure class=\"wp-block-media-text__media\"><img decoding=\"async\" width=\"652\" height=\"680\" src=\"https:\/\/www.printmaps.net\/wp-content\/uploads\/2024\/10\/gpx-elevation-profile-1.png\" alt=\"gpx h\u00f6henprofil\" class=\"wp-image-186264 size-full\" srcset=\"https:\/\/www.printmaps.net\/wp-content\/uploads\/2024\/10\/gpx-elevation-profile-1.png 652w, https:\/\/www.printmaps.net\/wp-content\/uploads\/2024\/10\/gpx-elevation-profile-1-480x501.png 480w\" sizes=\"(min-width: 0px) and (max-width: 480px) 480px, (min-width: 481px) 652px, 100vw\" \/><\/figure><\/div>\n<\/div>\n\n<div style=\"height:97px\" aria-hidden=\"true\" class=\"wp-block-spacer\"><\/div>\n\n<h3 class=\"wp-block-heading has-text-align-center\">H\u00f6henprofile in Gedruckten Karten<\/h3>\n\n<div class=\"wp-block-group is-nowrap is-layout-flex wp-container-core-group-is-layout-ad2f72ca wp-block-group-is-layout-flex\">\n<div class=\"wp-block-media-text is-stacked-on-mobile\"><figure class=\"wp-block-media-text__media\"><img loading=\"lazy\" loading=\"lazy\" decoding=\"async\" width=\"701\" height=\"499\" src=\"https:\/\/www.printmaps.net\/wp-content\/uploads\/2024\/10\/elevation-profile-maker.png\" alt=\"H\u00f6henprofil macher\" class=\"wp-image-186265 size-full\" srcset=\"https:\/\/www.printmaps.net\/wp-content\/uploads\/2024\/10\/elevation-profile-maker.png 701w, https:\/\/www.printmaps.net\/wp-content\/uploads\/2024\/10\/elevation-profile-maker-480x342.png 480w\" sizes=\"auto, (min-width: 0px) and (max-width: 480px) 480px, (min-width: 481px) 701px, 100vw\" \/><\/figure><div class=\"wp-block-media-text__content\">\n<p><p>Viele Menschen nutzen unseren H\u00f6henprofil-Generator, um gedruckte Produkte in Kombination mit <a href=\"\/de\/\">Karten aus unserem Editor<\/a> zu bereichern, wie zum Beispiel Rad- und Wanderkarten, Veranstaltungsbrosch\u00fcren und Reisef\u00fchrer. Ein H\u00f6henprofil auf Basis von GPX-Daten bietet den Nutzern einen umfassenden \u00dcberblick \u00fcber das Gel\u00e4nde, mit dem sie Pausen planen, herausfordernde Anstiege antizipieren und Reisezeiten genauer absch\u00e4tzen k\u00f6nnen. <br\/>Das Hinzuf\u00fcgen von H\u00f6henprofilen zu Druckmaterialien verleiht diesen nicht nur ein professionelles Erscheinungsbild, sondern bietet den Nutzern auch die Informationen, die sie ben\u00f6tigen, um Routen mit Zuversicht zu navigieren. Mit unserem H\u00f6henprofil-Editor k\u00f6nnen Sie aus GPX-Daten sch\u00f6ne und praktische H\u00f6henprofile erstellen, die sich ideal f\u00fcr eine Vielzahl gedruckter Anwendungen eignen.<\/p><\/p>\n<\/div><\/div>\n<\/div>\n\n<div style=\"height:66px\" aria-hidden=\"true\" class=\"wp-block-spacer\"><\/div>\n\n<h3 class=\"wp-block-heading\">Oft gestellte Fragen<\/h3>\n\n<div class=\"schema-faq wp-block-yoast-faq-block\"><div class=\"schema-faq-section\" id=\"faq-question-1733750258467\"><strong class=\"schema-faq-question\">Kann ich ein H\u00f6henprofil online erstellen, ohne Software herunterzuladen?<\/strong> <p class=\"schema-faq-answer\">Unser H\u00f6henprofil-Generator kann im Browser genutzt werden, ohne dass Software heruntergeladen, ein Konto erstellt oder sich eingeloggt werden muss. Erstellen Sie einfach Ihr pers\u00f6nliches H\u00f6henprofil und laden Sie es herunter.<\/p> <\/div> <div class=\"schema-faq-section\" id=\"faq-question-1733750364387\"><strong class=\"schema-faq-question\">Kann ich H\u00f6henprofile in verschiedenen Dateiformaten erstellen?<\/strong> <p class=\"schema-faq-answer\">Standardm\u00e4\u00dfig erhalten Sie nach dem Herunterladen Ihr H\u00f6henprofil in Form einer PDF-Datei, einer SVG-Datei f\u00fcr weitere Nachbearbeitung und einer PNG-Datei.<\/p> <\/div> <div class=\"schema-faq-section\" id=\"faq-question-1733750629782\"><strong class=\"schema-faq-question\">Kann ich das Erscheinungsbild meines H\u00f6henprofils anpassen?<\/strong> <p class=\"schema-faq-answer\">Sie k\u00f6nnen die Druckgr\u00f6\u00dfe, Schriftgr\u00f6\u00dfe, Farbverl\u00e4ufe, Strichfarben, Einheiten und die Farben der Markierungen personalisieren. Wenn Sie m\u00f6chten, k\u00f6nnen Sie das Profil nach dem Herunterladen in einem Bildbearbeitungsprogramm Ihrer Wahl weiter anpassen.<\/p> <\/div> <div class=\"schema-faq-section\" id=\"faq-question-1733750818088\"><strong class=\"schema-faq-question\">Was ist der einfachste Weg, ein H\u00f6henprofil f\u00fcr meine Wanderroute zu erstellen?<\/strong> <p class=\"schema-faq-answer\">Der einfachste Weg, eine Route zu zeichnen, besteht darin, einfach eine GPX-Datei hochzuladen, falls Sie eine haben. Wenn nicht, k\u00f6nnen Sie den Start- und Endpunkt Ihrer Route mit dem Magnetwerkzeug ausw\u00e4hlen, und die Route wird automatisch auf bestehenden Stra\u00dfen nachgezeichnet. Falls Ihre Route nicht entlang einer bestehenden Stra\u00dfe verl\u00e4uft, k\u00f6nnen Sie diese mit dem Freihandwerkzeug manuell zeichnen.<\/p> <\/div> <div class=\"schema-faq-section\" id=\"faq-question-1733750943459\"><strong class=\"schema-faq-question\">Muss ich das H\u00f6henprofil zu meinem Cookie-Banner hinzuf\u00fcgen, wenn ich es im Web nutze?<\/strong> <p class=\"schema-faq-answer\">Nein. Egal ob Sie unsere H\u00f6henprofile als statische Bilder in Ihren Beitr\u00e4gen verwenden oder die SVG-Dateien interaktiv machen, es ist keine Erhebung von Cookies erforderlich, was ein ununterbrochenes Nutzererlebnis gew\u00e4hrleistet.<\/p> <\/div> <\/div>\r\n\n<div style=\"height:80px\" aria-hidden=\"true\" class=\"wp-block-spacer\"><\/div>\n","protected":false},"excerpt":{"rendered":"<p>Hier k\u00f6nnen Sie H\u00f6henprofile erstellen, die Sie kostenlos in Ihren Druckmaterialien und in Ihrer Online-Kommunikation verwenden k\u00f6nnen. Laden Sie einfach Ihre GPX-, KML- oder GeoJSON-Datei unten hoch oder zeichnen Sie Ihre Route auf der Karte, w\u00e4hlen Sie Ihre Einstellungen und klicken Sie auf &#8222;Download&#8220;. Sie erhalten eine SVG-Datei mit Ebenen, die Sie in Adobe Illustrator, [&hellip;]<\/p>\n","protected":false},"author":8,"featured_media":0,"parent":0,"menu_order":0,"comment_status":"closed","ping_status":"closed","template":"","meta":{"_et_pb_use_builder":"off","_et_pb_old_content":"","_et_gb_content_width":"","footnotes":""},"class_list":["post-89905","page","type-page","status-publish","hentry"],"_links":{"self":[{"href":"https:\/\/www.printmaps.net\/de\/wp-json\/wp\/v2\/pages\/89905","targetHints":{"allow":["GET"]}}],"collection":[{"href":"https:\/\/www.printmaps.net\/de\/wp-json\/wp\/v2\/pages"}],"about":[{"href":"https:\/\/www.printmaps.net\/de\/wp-json\/wp\/v2\/types\/page"}],"author":[{"embeddable":true,"href":"https:\/\/www.printmaps.net\/de\/wp-json\/wp\/v2\/users\/8"}],"replies":[{"embeddable":true,"href":"https:\/\/www.printmaps.net\/de\/wp-json\/wp\/v2\/comments?post=89905"}],"version-history":[{"count":9,"href":"https:\/\/www.printmaps.net\/de\/wp-json\/wp\/v2\/pages\/89905\/revisions"}],"predecessor-version":[{"id":191083,"href":"https:\/\/www.printmaps.net\/de\/wp-json\/wp\/v2\/pages\/89905\/revisions\/191083"}],"wp:attachment":[{"href":"https:\/\/www.printmaps.net\/de\/wp-json\/wp\/v2\/media?parent=89905"}],"curies":[{"name":"wp","href":"https:\/\/api.w.org\/{rel}","templated":true}]}}