{"id":109437,"date":"2022-02-10T12:35:09","date_gmt":"2022-02-10T10:35:09","guid":{"rendered":"https:\/\/www.printmaps.net\/precios-2\/"},"modified":"2025-10-24T09:32:09","modified_gmt":"2025-10-24T08:32:09","slug":"precios","status":"publish","type":"page","link":"https:\/\/www.printmaps.net\/es\/precios\/","title":{"rendered":"Nuestros precios"},"content":{"rendered":"<div id=\"tsprintmaps_pricing_table_container\"><\/div>\n<script id=\"tsprintmaps_pricing_table_script\"> \n\t(function () {\n\t\tlet currentLocation = `${location.protocol}\/\/${location.host}${location.pathname}`;\n\t\tjQuery.get(`${currentLocation}?tsprintmaps_get_pricing_table_js=1&`, function(responce) { \n\t\t\tjQuery('#tsprintmaps_pricing_table_container').html(responce); \n\t\t\tdocument.getElementById(\"tsprintmaps_pricing_table_script\").remove();\n\t\t});\n\t})();\n<\/script>\n\n\n<div style=\"height:22px\" aria-hidden=\"true\" class=\"wp-block-spacer\"><\/div>\n\n<figure class=\"wp-block-gallery has-nested-images columns-7 wp-block-gallery-1 is-layout-flex wp-block-gallery-is-layout-flex\">\n<figure class=\"wp-block-image size-large is-style-default\"><img decoding=\"async\" width=\"150\" height=\"30\" data-id=\"220619\" src=\"https:\/\/www.printmaps.net\/wp-content\/uploads\/2025\/10\/visa.svg\" alt=\"VISA\" class=\"wp-image-220619\"\/><\/figure>\n\n\n\n<figure class=\"wp-block-image size-large\"><img decoding=\"async\" width=\"150\" height=\"30\" data-id=\"220620\" src=\"https:\/\/www.printmaps.net\/wp-content\/uploads\/2025\/10\/mastercard.svg\" alt=\"Mastercard\" class=\"wp-image-220620\"\/><\/figure>\n\n\n\n<figure class=\"wp-block-image size-large\"><img decoding=\"async\" width=\"150\" height=\"30\" data-id=\"220623\" src=\"https:\/\/www.printmaps.net\/wp-content\/uploads\/2025\/10\/amex.svg\" alt=\"American Express\" class=\"wp-image-220623\"\/><\/figure>\n\n\n\n<figure class=\"wp-block-image size-large\"><img loading=\"lazy\" loading=\"lazy\" decoding=\"async\" width=\"150\" height=\"30\" data-id=\"220624\" src=\"https:\/\/www.printmaps.net\/wp-content\/uploads\/2025\/10\/applepay.svg\" alt=\"Apple Pay\" class=\"wp-image-220624\"\/><\/figure>\n\n\n\n<figure class=\"wp-block-image size-large\"><img loading=\"lazy\" loading=\"lazy\" decoding=\"async\" width=\"150\" height=\"30\" data-id=\"220625\" src=\"https:\/\/www.printmaps.net\/wp-content\/uploads\/2025\/10\/googlepay.svg\" alt=\"Google Pay\" class=\"wp-image-220625\"\/><\/figure>\n\n\n\n<figure class=\"wp-block-image size-large\"><img loading=\"lazy\" loading=\"lazy\" decoding=\"async\" width=\"150\" height=\"30\" data-id=\"220668\" src=\"https:\/\/www.printmaps.net\/wp-content\/uploads\/2025\/10\/paypal.svg\" alt=\"paypal\" class=\"wp-image-220668\"\/><\/figure>\n<\/figure>\n\n<div style=\"height:31px\" aria-hidden=\"true\" class=\"wp-block-spacer\"><\/div>\n\n<p class=\"has-text-align-center has-small-font-size\">Recibir\u00e1s autom\u00e1ticamente una factura con la que tu contador estar\u00e1 satisfecho. Ponte en contacto con nosotros para conocer las opciones de suscripci\u00f3n.<\/p>\n\n<div style=\"height:55px\" aria-hidden=\"true\" class=\"wp-block-spacer\"><\/div>\n\n<div class=\"wp-block-buttons is-content-justification-center is-layout-flex wp-container-core-buttons-is-layout-16018d1d wp-block-buttons-is-layout-flex\">\n<div class=\"wp-block-button has-custom-font-size\" style=\"font-size:18px\"><a class=\"wp-block-button__link has-background wp-element-button\" href=\"https:\/\/www.printmaps.net\/es\/\" style=\"border-radius:10px;background-color:#e5017e\"><p><strong>Empiece a trazar mapas ahora, sin necesidad de registrarse<\/strong><\/p><\/a><\/div>\n<\/div>\n\n<div style=\"height:23px\" aria-hidden=\"true\" class=\"wp-block-spacer\"><\/div>\n\n<p class=\"has-text-align-center\">Puede seleccionar el tipo de archivo y la licencia al finalizar la compra. <\/p>\n\n<div style=\"height:55px\" aria-hidden=\"true\" class=\"wp-block-spacer\"><\/div>\n\n<p><strong>100% de satisfacci\u00f3n garantizada<\/strong>: pol\u00edtica de reembolso de 30 d\u00edas.<\/p>\n\n<p><strong>Pago<\/strong>: Todas las principales tarjetas de cr\u00e9dito, PayPal, Apple Pay, Google Pay, Venmo y transferencia bancaria en pa\u00edses seleccionados.<\/p>\n\n<p><p><strong>Opciones para empresas<\/strong>: Por favor <a href=\"https:\/\/support.printmaps.net\/es\/support\/tickets\/new\">ponte en contacto<\/a> con nosotros en caso de que necesites imprimir mapas regularmente. Ofrecemos <strong>descuentos en funci\u00f3n del volumen<\/strong> y accesos <a href=\"https:\/\/www.maptoolkit.com\/api\/printmaps\/\"><strong>Printmaps API<\/strong> <\/a>o a trav\u00e9s de un etiqueta de marca blanca para reventas en otra web o empresa.<\/p><\/p>\n\n<p><strong>Plan para ONGs<\/strong>: Ofrecemos <a href=\"https:\/\/www.printmaps.net\/es\/mapas-imprimibles-gratuitos\/\">mapas imprimibles gratuitos<\/a> para organizaciones sin \u00e1nimo de lucro relacionadas en sectores como cooperaci\u00f3n al desarrollo, ciencia, educaci\u00f3n o salud.<\/p>\n\n<div style=\"height:118px\" aria-hidden=\"true\" class=\"wp-block-spacer\"><\/div>\n","protected":false},"excerpt":{"rendered":"<p>Recibir\u00e1s autom\u00e1ticamente una factura con la que tu contador estar\u00e1 satisfecho. Ponte en contacto con nosotros para conocer las opciones de suscripci\u00f3n. Puede seleccionar el tipo de archivo y la licencia al finalizar la compra. 100% de satisfacci\u00f3n garantizada: pol\u00edtica de reembolso de 30 d\u00edas. Pago: Todas las principales tarjetas de cr\u00e9dito, PayPal, Apple Pay, [&hellip;]<\/p>\n","protected":false},"author":8,"featured_media":0,"parent":0,"menu_order":0,"comment_status":"closed","ping_status":"closed","template":"","meta":{"_et_pb_use_builder":"off","_et_pb_old_content":"","_et_gb_content_width":"","footnotes":""},"class_list":["post-109437","page","type-page","status-publish","hentry"],"_links":{"self":[{"href":"https:\/\/www.printmaps.net\/es\/wp-json\/wp\/v2\/pages\/109437","targetHints":{"allow":["GET"]}}],"collection":[{"href":"https:\/\/www.printmaps.net\/es\/wp-json\/wp\/v2\/pages"}],"about":[{"href":"https:\/\/www.printmaps.net\/es\/wp-json\/wp\/v2\/types\/page"}],"author":[{"embeddable":true,"href":"https:\/\/www.printmaps.net\/es\/wp-json\/wp\/v2\/users\/8"}],"replies":[{"embeddable":true,"href":"https:\/\/www.printmaps.net\/es\/wp-json\/wp\/v2\/comments?post=109437"}],"version-history":[{"count":14,"href":"https:\/\/www.printmaps.net\/es\/wp-json\/wp\/v2\/pages\/109437\/revisions"}],"predecessor-version":[{"id":222058,"href":"https:\/\/www.printmaps.net\/es\/wp-json\/wp\/v2\/pages\/109437\/revisions\/222058"}],"wp:attachment":[{"href":"https:\/\/www.printmaps.net\/es\/wp-json\/wp\/v2\/media?parent=109437"}],"curies":[{"name":"wp","href":"https:\/\/api.w.org\/{rel}","templated":true}]}}