{"id":110233,"date":"2022-02-18T14:14:49","date_gmt":"2022-02-18T12:14:49","guid":{"rendered":"https:\/\/www.printmaps.net\/criar-mapa-com-pinos\/"},"modified":"2025-10-23T17:04:17","modified_gmt":"2025-10-23T16:04:17","slug":"crear-mapa-con-puntos","status":"publish","type":"page","link":"https:\/\/www.printmaps.net\/es\/crear-mapa-con-puntos\/","title":{"rendered":"Crea f\u00e1cilmente un mapa con puntos de ubicaci\u00f3n con el editor de Printmaps"},"content":{"rendered":"\n<div class=\"wp-block-columns is-layout-flex wp-container-core-columns-is-layout-9d6595d7 wp-block-columns-is-layout-flex\">\n<div class=\"wp-block-column is-layout-flow wp-block-column-is-layout-flow\" style=\"flex-basis:66.66%\"><div class=\"wp-block-image\">\n<figure class=\"alignright size-large is-resized\"><img fetchpriority=\"high\" fetchpriority=\"high\" decoding=\"async\" width=\"1024\" height=\"722\" src=\"https:\/\/www.printmaps.net\/wp-content\/uploads\/2020\/04\/Create-map-with-pins-1-1024x722.png\" alt=\"mapa con puntos\" class=\"wp-image-60669\" style=\"width:621px\" srcset=\"https:\/\/www.printmaps.net\/wp-content\/uploads\/2020\/04\/Create-map-with-pins-1-980x691.png 980w, https:\/\/www.printmaps.net\/wp-content\/uploads\/2020\/04\/Create-map-with-pins-1-480x339.png 480w\" sizes=\"(min-width: 0px) and (max-width: 480px) 480px, (min-width: 481px) and (max-width: 980px) 980px, (min-width: 981px) 1024px, 100vw\" \/><\/figure><\/div><\/div>\n\n\n\n<div class=\"wp-block-column is-layout-flow wp-block-column-is-layout-flow\" style=\"flex-basis:33.33%\">\n<p>Marcar los puntos de inter\u00e9s para crear un mapa con puntos de ubicaci\u00f3n puede consumir much\u00edsimo tiempo y, en ocasiones, el resultado es decepcionante. La edici\u00f3n puede acarrear problemas para preservar la calidad de la imagen a la hora de usarla en una web o imprimirla. Si quieres situar los puntos de ubicaci\u00f3n f\u00e1cilmente, mostrar el orden cronol\u00f3gico de una ruta y especificar los puntos de ubicaci\u00f3n con los marcadores o etiquetas m\u00e1s adecuados, el editor de Printmaps lo hace todo posible.<\/p>\n\n\n\n<p> <\/p>\n\n\n\n<div class=\"wp-block-buttons is-content-justification-center is-layout-flex wp-container-core-buttons-is-layout-16018d1d wp-block-buttons-is-layout-flex\">\n<div class=\"wp-block-button has-custom-font-size\" style=\"font-size:18px\"><a class=\"wp-block-button__link has-background wp-element-button\" href=\"https:\/\/www.printmaps.net\/es\/\" style=\"border-radius:10px;background-color:#e5017e\"><p><strong>Empiece a trazar mapas ahora, sin necesidad de registrarse<\/strong><\/p><\/a><\/div>\n<\/div>\n<\/div>\n<\/div>\n\n<div style=\"height:68px\" aria-hidden=\"true\" class=\"wp-block-spacer\"><\/div>\n\n<div class=\"wp-block-columns is-layout-flex wp-container-core-columns-is-layout-9d6595d7 wp-block-columns-is-layout-flex\">\n<div class=\"wp-block-column is-layout-flow wp-block-column-is-layout-flow\" style=\"flex-basis:33.33%\">\n<h3 class=\"wp-block-heading\" id=\"mark-your-business-locations-on-the-map-with-pins\">Marca las sucursales de tu negocio con puntos de ubicaci\u00f3n<\/h3>\n\n\n\n<p>El editor es muy \u00fatil para las empresas que desean\u00a0<a href=\"https:\/\/www.printmaps.net\/es\/imprime-mapa-con-multiple-localizaciones\/\">marcar m\u00faltiples localizaciones<\/a>\u00a0o tiendas en un mapa de alta resoluci\u00f3n para imprimirlo o utilizarlo en l\u00ednea. El editor permite copiar todas las direcciones postales en un cargador de codificaci\u00f3n geogr\u00e1fica masiva y convertirlas a sus coordenadas geogr\u00e1ficas. De esta manera, las ubicaciones de los negocios se muestran en el mapa con los suyos, personalizados o con uno de los marcadores etiquetados est\u00e1ndar.<\/p>\n<\/div>\n\n\n\n<div class=\"wp-block-column is-layout-flow wp-block-column-is-layout-flow\" style=\"flex-basis:66.66%\"><div class=\"wp-block-image\">\n<figure class=\"alignleft size-full\"><img decoding=\"async\" width=\"621\" height=\"438\" src=\"https:\/\/www.printmaps.net\/wp-content\/uploads\/2020\/04\/Map-with-pins.png\" alt=\"Crea mapa con puntos\" class=\"wp-image-60641\" srcset=\"https:\/\/www.printmaps.net\/wp-content\/uploads\/2020\/04\/Map-with-pins.png 621w, https:\/\/www.printmaps.net\/wp-content\/uploads\/2020\/04\/Map-with-pins-480x339.png 480w\" sizes=\"(min-width: 0px) and (max-width: 480px) 480px, (min-width: 481px) 621px, 100vw\" \/><\/figure><\/div><\/div>\n<\/div>\n\n<div style=\"height:56px\" aria-hidden=\"true\" class=\"wp-block-spacer\"><\/div>\n\n<div class=\"wp-block-columns is-layout-flex wp-container-core-columns-is-layout-9d6595d7 wp-block-columns-is-layout-flex\">\n<div class=\"wp-block-column is-layout-flow wp-block-column-is-layout-flow\" style=\"flex-basis:66.66%\"><div class=\"wp-block-image\">\n<figure class=\"alignright size-large is-resized\"><img decoding=\"async\" width=\"1024\" height=\"722\" src=\"https:\/\/www.printmaps.net\/wp-content\/uploads\/2020\/04\/Create-map-with-pins-2-1024x722.png\" alt=\"crea mapa con puntos\" class=\"wp-image-60689\" style=\"width:621px\" srcset=\"https:\/\/www.printmaps.net\/wp-content\/uploads\/2020\/04\/Create-map-with-pins-2-980x691.png 980w, https:\/\/www.printmaps.net\/wp-content\/uploads\/2020\/04\/Create-map-with-pins-2-480x339.png 480w\" sizes=\"(min-width: 0px) and (max-width: 480px) 480px, (min-width: 481px) and (max-width: 980px) 980px, (min-width: 981px) 1024px, 100vw\" \/><\/figure><\/div><\/div>\n\n\n\n<div class=\"wp-block-column is-layout-flow wp-block-column-is-layout-flow\" style=\"flex-basis:33.33%\">\n<h3 class=\"wp-block-heading\" id=\"mark-routes-on-existing-roads\">Marcar recorridos en rutas existentes<\/h3>\n\n\n\n<p><p>Nuestros clientes <a href=\"\/es\/crea-un-mapa-rutas\/\">crean mapas de rutas<\/a> con puntos de ubicaci\u00f3n, para mostrar caminatas, rutas en bicicleta o, simplemente, direcciones. Dibuja f\u00e1cilmente l\u00edneas en las carreteras y en los senderos existentes para caminar o para hacer ciclismo. Gracias a la opci\u00f3n de fijar los puntos de inter\u00e9s con n\u00fameros, es f\u00e1cil mostrar la direcci\u00f3n de la ruta.<\/p><\/p>\n\n\n\n<p>Lee m\u00e1s sobre c\u00f3mo\u00a0<a href=\"https:\/\/www.printmaps.net\/es\/caracteristicas\/\">funciona el editor<\/a>\u00a0y sus caracter\u00edsticas.<\/p>\n<\/div>\n<\/div>\n\n<div style=\"height:66px\" aria-hidden=\"true\" class=\"wp-block-spacer\"><\/div>\n\n<div class=\"wp-block-columns is-layout-flex wp-container-core-columns-is-layout-9d6595d7 wp-block-columns-is-layout-flex\">\n<div class=\"wp-block-column is-layout-flow wp-block-column-is-layout-flow\" style=\"flex-basis:33.33%\">\n<h3 class=\"wp-block-heading\" id=\"create-a-travel-map-for-your-photobook\">Crea un mapa del viaje para tu \u00e1lbum de fotos<\/h3>\n\n\n\n<p><p>Marca los lugares exactos que visitaste durante un viaje inolvidable. Puedes marcar los puntos de inter\u00e9s con puntos, cuadrados o cualquier forma est\u00e1ndar que el editor te permita. O muestra la etiqueta sin un marcador circundante, como un avi\u00f3n o un ferry. Marca tus restaurantes, caminatas o playas favoritas. Con un estilo de mapa diferente y la opci\u00f3n de a\u00f1adir formas de pa\u00edses coloreadas puedes personalizar f\u00e1cilmente el\u00a0<a href=\"https:\/\/www.printmaps.net\/es\/mapa-viaje-album-fotos\/\">mapa del viaje para tu \u00e1lbum de fotos<\/a>.<\/p><\/p>\n<\/div>\n\n\n\n<div class=\"wp-block-column is-layout-flow wp-block-column-is-layout-flow\" style=\"flex-basis:66.66%\">\n<figure class=\"wp-block-image size-large is-resized\"><img loading=\"lazy\" loading=\"lazy\" decoding=\"async\" width=\"1024\" height=\"722\" src=\"https:\/\/www.printmaps.net\/wp-content\/uploads\/2020\/10\/Create-map-with-pins-1-1024x722.png\" alt=\"\" class=\"wp-image-70246\" style=\"width:621px\" srcset=\"https:\/\/www.printmaps.net\/wp-content\/uploads\/2020\/10\/Create-map-with-pins-1-980x691.png 980w, https:\/\/www.printmaps.net\/wp-content\/uploads\/2020\/10\/Create-map-with-pins-1-480x338.png 480w\" sizes=\"auto, (min-width: 0px) and (max-width: 480px) 480px, (min-width: 481px) and (max-width: 980px) 980px, (min-width: 981px) 1024px, 100vw\" \/><\/figure><\/div>\n<\/div>\n\n<div class=\"wp-block-group\"><div class=\"wp-block-group__inner-container is-layout-constrained wp-block-group-is-layout-constrained\">\n<div style=\"height:130px\" aria-hidden=\"true\" class=\"wp-block-spacer\"><\/div>\n\n\n\n<h2 class=\"wp-block-heading has-x-large-font-size\" style=\"font-style:normal;font-weight:700\">\u00bfA\u00fan necesitas ayuda? \u00a1Env\u00edanos una nota!<\/h2>\n\n\n\n<p style=\"font-size:22px\"><p><a href=\"https:\/\/support.printmaps.net\/es\/support\/tickets\/new\">Env\u00edenos un ticket en nuestra plataforma de soporte<\/a><\/p><\/p>\n\n\n\n<div style=\"height:150px\" aria-hidden=\"true\" class=\"wp-block-spacer\"><\/div>\n<\/div><\/div>\n\n<div style=\"height:80px\" aria-hidden=\"true\" class=\"wp-block-spacer\"><\/div>\n\n<h3 class=\"wp-block-heading\">Preguntas frecuentes<\/h3>\n\n<div class=\"schema-faq wp-block-yoast-faq-block\"><div class=\"schema-faq-section\" id=\"faq-question-1757925419641\"><strong class=\"schema-faq-question\"><strong>\u00bfPuedo importar coordenadas en lugar de direcciones?<\/strong><\/strong> <p class=\"schema-faq-answer\"><p>S\u00ed. Puedes <a href=\"https:\/\/support.printmaps.net\/es\/support\/solutions\/articles\/204000000551-tengo-una-lista-de-direcciones-en-excel-puedo-convertirla-en-puntos-en-el-mapa-\">pegar valores decimales de longitud y latitud directamente en el importador de hojas de c\u00e1lculo<\/a>. Cada elemento se convierte en una capa separada y con nombre en la descarga si eliges SVG o PSD.<\/p><\/p> <\/div> <div class=\"schema-faq-section\" id=\"faq-question-1757942421299\"><strong class=\"schema-faq-question\">\u00bfPuedo dar estilo a los pines en el editor?<\/strong> <p class=\"schema-faq-answer\">S\u00ed. Ofrecemos varias formas distintas tanto para la parte exterior como interior, y puedes definir libremente los colores. Entre las formas interiores hay muchos iconos que puedes usar para mostrar el tema del lugar que est\u00e1s destacando, por ejemplo un carrito de compras para un supermercado o una figura corriendo para un gimnasio.<\/p> <\/div> <div class=\"schema-faq-section\" id=\"faq-question-1757942575893\"><strong class=\"schema-faq-question\">\u00bfPuedo importar pines subiendo un archivo?<\/strong> <p class=\"schema-faq-answer\">S\u00ed. Puedes subir archivos GPX, KML o GeoJSON a nuestro editor. Estos archivos pueden contener rutas, pines o formas y se importan al mapa de inmediato. Cada elemento puede personalizarse despu\u00e9s, igual que los pines a\u00f1adidos manualmente.<\/p> <\/div> <div class=\"schema-faq-section\" id=\"faq-question-1757943989629\"><strong class=\"schema-faq-question\">\u00bfSe puede inclinar o girar el mapa?<\/strong> <p class=\"schema-faq-answer\">S\u00ed. Puedes ajustar el nivel de inclinaci\u00f3n o rotaci\u00f3n arriba a la izquierda en el editor. Sin embargo, si lo haces, el mapa no estar\u00e1 disponible como SVG por limitaciones t\u00e9cnicas.<\/p> <\/div> <div class=\"schema-faq-section\" id=\"faq-question-1757944170878\"><strong class=\"schema-faq-question\"><strong>\u00bfQu\u00e9 formato de exportaci\u00f3n debo usar para impresi\u00f3n y web?<\/strong><\/strong> <p class=\"schema-faq-answer\">Los PNG son suficientes para web e impresi\u00f3n si no necesitas mucha posproducci\u00f3n y, en el caso de la impresi\u00f3n, si no vas a superar los 22 cm \u00d7 22 cm. Si quieres personalizar completamente el mapa o imprimirlo en un formato mayor, los PSD y SVG son m\u00e1s adecuados.<\/p> <\/div> <div class=\"schema-faq-section\" id=\"faq-question-1757945617450\"><strong class=\"schema-faq-question\">\u00bfPuedo colocar una etiqueta en el mapa sin un pin?<\/strong> <p class=\"schema-faq-answer\">S\u00ed. Para hacerlo, basta con hacer transparente el color de la forma exterior e interior del pin.<\/p> <\/div> <\/div>\n\n<div style=\"height:66px\" aria-hidden=\"true\" class=\"wp-block-spacer\"><\/div>\n","protected":false},"excerpt":{"rendered":"<p>Marcar los puntos de inter\u00e9s para crear un mapa con puntos de ubicaci\u00f3n puede consumir much\u00edsimo tiempo y, en ocasiones, el resultado es decepcionante. La edici\u00f3n puede acarrear problemas para preservar la calidad de la imagen a la hora de usarla en una web o imprimirla. Si quieres situar los puntos de ubicaci\u00f3n f\u00e1cilmente, mostrar [&hellip;]<\/p>\n","protected":false},"author":8,"featured_media":0,"parent":0,"menu_order":0,"comment_status":"closed","ping_status":"closed","template":"","meta":{"_et_pb_use_builder":"","_et_pb_old_content":"","_et_gb_content_width":"","footnotes":""},"class_list":["post-110233","page","type-page","status-publish","hentry"],"_links":{"self":[{"href":"https:\/\/www.printmaps.net\/es\/wp-json\/wp\/v2\/pages\/110233","targetHints":{"allow":["GET"]}}],"collection":[{"href":"https:\/\/www.printmaps.net\/es\/wp-json\/wp\/v2\/pages"}],"about":[{"href":"https:\/\/www.printmaps.net\/es\/wp-json\/wp\/v2\/types\/page"}],"author":[{"embeddable":true,"href":"https:\/\/www.printmaps.net\/es\/wp-json\/wp\/v2\/users\/8"}],"replies":[{"embeddable":true,"href":"https:\/\/www.printmaps.net\/es\/wp-json\/wp\/v2\/comments?post=110233"}],"version-history":[{"count":13,"href":"https:\/\/www.printmaps.net\/es\/wp-json\/wp\/v2\/pages\/110233\/revisions"}],"predecessor-version":[{"id":221988,"href":"https:\/\/www.printmaps.net\/es\/wp-json\/wp\/v2\/pages\/110233\/revisions\/221988"}],"wp:attachment":[{"href":"https:\/\/www.printmaps.net\/es\/wp-json\/wp\/v2\/media?parent=110233"}],"curies":[{"name":"wp","href":"https:\/\/api.w.org\/{rel}","templated":true}]}}