{"id":174967,"date":"2024-06-24T20:18:28","date_gmt":"2024-06-24T19:18:28","guid":{"rendered":"https:\/\/www.printmaps.net\/wordpress-plugin-static-maps-editor\/"},"modified":"2024-06-25T22:07:58","modified_gmt":"2024-06-25T21:07:58","slug":"wordpress-plugin-static-maps-editor","status":"publish","type":"page","link":"https:\/\/www.printmaps.net\/es\/wordpress-plugin-static-maps-editor\/","title":{"rendered":"Plugin de WordPress Gratis: Static Maps Editor"},"content":{"rendered":"\n<p><p>El plugin Static Maps Editor le permite crear mapas \u00abest\u00e1ticos\u00bb personalizados y no interactivos con facilidad. Cambie el estilo del mapa, agregue rutas, puntos de inter\u00e9s y formas geogr\u00e1ficas a sus mapas totalmente personalizables utilizando el editor de mapas alojado en <a href=\"\/es\/\">Printmaps.net<\/a> e int\u00e9grelos en su sitio de WordPress en poco tiempo. Siga leyendo para descubrir lo que Static Maps Editor puede hacer por usted o acceda a la descarga del plugin de WordPress mediante el bot\u00f3n de abajo.<\/p><\/p>\n\n<div class=\"wp-block-buttons is-content-justification-center is-layout-flex wp-container-core-buttons-is-layout-16018d1d wp-block-buttons-is-layout-flex\">\n<div class=\"wp-block-button is-style-fill\"><a class=\"wp-block-button__link has-vivid-red-background-color has-background wp-element-button\" href=\"https:\/\/es.wordpress.org\/plugins\/static-maps-editor\/\" style=\"border-radius:20px\"><p><strong>\u00a1Desc\u00e1rguelo gratis desde el Directorio de Plugins de WordPress!<\/strong><\/p><\/a><\/div>\n<\/div>\n\n<div style=\"height:37px\" aria-hidden=\"true\" class=\"wp-block-spacer\"><\/div>\n\n<figure class=\"wp-block-image size-large\"><img fetchpriority=\"high\" fetchpriority=\"high\" decoding=\"async\" width=\"1024\" height=\"556\" src=\"https:\/\/www.printmaps.net\/wp-content\/uploads\/2023\/09\/wordpress-plugin-static-maps-editor-1024x556.png\" alt=\"Wordpress Plugin Static Maps Editor\" class=\"wp-image-153617\" srcset=\"https:\/\/www.printmaps.net\/wp-content\/uploads\/2023\/09\/wordpress-plugin-static-maps-editor-980x532.png 980w, https:\/\/www.printmaps.net\/wp-content\/uploads\/2023\/09\/wordpress-plugin-static-maps-editor-480x261.png 480w\" sizes=\"(min-width: 0px) and (max-width: 480px) 480px, (min-width: 481px) and (max-width: 980px) 980px, (min-width: 981px) 1024px, 100vw\" \/><\/figure>\n<p><\/p>\n\n<h2 class=\"wp-block-heading\">\u00bfPor qu\u00e9 deber\u00eda usar el Static Maps Editor?<\/h2>\n\n<p><\/p>\n\n<h3 class=\"wp-block-heading\">1. El Primer Plugin de WordPress para Editar Mapas No Interactivos<\/h3>\n\n<p>Si bien hay docenas de plugins en WordPress para elegir y satisfacer sus necesidades de mapas interactivos, el Static Maps Editor es el primer plugin que le permite editar mapas completamente dentro del back-end de WordPress.<\/p>\n\n<p><\/p>\n\n<h3 class=\"wp-block-heading\">2. Ahorre Tiempo Sin Perder Calidad<\/h3>\n\n<p>Si necesita mapas con frecuencia para su blog de viajes, anuncios inmobiliarios o sitio web de turismo, puede ahorrar una cantidad significativa de tiempo en sus flujos de trabajo eliminando los pasos intermedios. Crear mapas con el Static Maps Editor es simple y r\u00e1pido. Dedique todo ese tiempo extra a perfeccionar sus mapas a su gusto y cree obras atractivas para el beneficio de su audiencia o clientes.<\/p>\n\n<p><\/p>\n\n<h3 class=\"wp-block-heading\">3. A\u00f1ada Valor a Su Contenido<\/h3>\n\n<p>Las atractivas mapas est\u00e1ticas pueden mejorar la experiencia del lector proporcionando un contexto visual a sus art\u00edculos, ayudando a los lectores a visualizar los lugares mencionados. Pueden simplificar informaci\u00f3n compleja, mostrar rutas de viaje, destacar ubicaciones geogr\u00e1ficas y hacer que el contenido sea m\u00e1s atractivo.<\/p>\n\n<p><\/p>\n\n<h3 class=\"wp-block-heading\">4. Genere M\u00e1s Tr\u00e1fico para Su Sitio<\/h3>\n\n<p>El SEO es un tema importante para los propietarios de dominios de sitios web que desean aumentar o mantener el tr\u00e1fico. Si se hace correctamente, los mapas est\u00e1ticos pueden ayudarle a lograrlo. Los mapas terminados se guardan en su Biblioteca de Medios de WordPress como archivos PNG, que puede integrar en sus p\u00e1ginas en la parte superior para proporcionar variedad de contenido al algoritmo de b\u00fasqueda de Google e incluir un texto alternativo para fortalecer las palabras clave por las que se puede encontrar su sitio. Adem\u00e1s, los mapas est\u00e1ticos aparecer\u00e1n en la b\u00fasqueda de Im\u00e1genes de Google, lo que proporcionar\u00e1 una v\u00eda adicional para atraer a lectores potenciales.<\/p>\n\n<p><\/p>\n\n<h3 class=\"wp-block-heading\">5. Mantenga Su Sitio Web R\u00e1pido<\/h3>\n\n<p>Como sabemos, nada desanima a un lector interesado tan r\u00e1pidamente como un sitio web que no carga r\u00e1pidamente. Los mapas est\u00e1ticos se cargan tan r\u00e1pido como cualquier otro archivo PNG, no sobrecargan innecesariamente su sitio y lo mantienen tan r\u00e1pido como siempre.<\/p>\n\n<p><\/p>\n\n<h2 class=\"wp-block-heading\">C\u00f3mo usar el Static Maps Editor:<\/h2>\n\n<ul class=\"wp-block-list\">\n<li><p>Siga las instrucciones de descarga en el <a href=\"https:\/\/wordpress.org\/plugins\/static-maps-editor\/\">Directorio de Plugins de WordPress<\/a><\/p><\/li>\n\n\n\n<li>Cree y personalice mapas a su gusto<\/li>\n\n\n\n<li><p>Las im\u00e1genes de los mapas se almacenan y alojan en su instalaci\u00f3n de WordPress, dentro de su <strong>Biblioteca de Medios<\/strong>.<\/p><\/li>\n\n\n\n<li>Todas las im\u00e1genes se almacenan localmente en su carpeta de subidas, como de costumbre.<\/li>\n<\/ul>\n\n<p><\/p>\n\n<h3 class=\"wp-block-heading\">Caracter\u00edsticas del Editor:<\/h3>\n\n<ul class=\"wp-block-list\">\n<li>Mapee globalmente<\/li>\n\n\n\n<li>Elija entre diferentes estilos de mapa<\/li>\n\n\n\n<li>Cree rutas<\/li>\n\n\n\n<li>Marque puntos en el mapa con pines<\/li>\n\n\n\n<li>Resalte \u00e1reas geogr\u00e1ficas<\/li>\n\n\n\n<li>Muestre elevaci\u00f3n<\/li>\n\n\n\n<li>Personalice el dise\u00f1o<\/li>\n\n\n\n<li>Incline o gire<\/li>\n<\/ul>\n\n<p>Static Maps Editor es compatible con todos los dem\u00e1s plugins que manejan im\u00e1genes y cumple al 100% con el RGPD.<\/p>\n\n<p><\/p>\n\n<h3 class=\"wp-block-heading\">Ejemplos creados con el plugin Static Maps Editor:<\/h3>\n\n<figure class=\"wp-block-gallery has-nested-images columns-default is-cropped wp-block-gallery-1 is-layout-flex wp-block-gallery-is-layout-flex\">\n<figure class=\"wp-block-image size-large\"><img decoding=\"async\" width=\"1024\" height=\"665\" data-id=\"63054\" src=\"https:\/\/www.printmaps.net\/wp-content\/uploads\/2020\/05\/Real-Estate-Flyers-1024x665.png\" alt=\"Captura de pantalla del mapa POI\" class=\"wp-image-63054\" srcset=\"https:\/\/www.printmaps.net\/wp-content\/uploads\/2020\/05\/Real-Estate-Flyers-980x636.png 980w, https:\/\/www.printmaps.net\/wp-content\/uploads\/2020\/05\/Real-Estate-Flyers-480x312.png 480w\" sizes=\"(min-width: 0px) and (max-width: 480px) 480px, (min-width: 481px) and (max-width: 980px) 980px, (min-width: 981px) 1024px, 100vw\" \/><\/figure>\n\n\n<figure class=\"wp-block-image size-large\"><img decoding=\"async\" width=\"1024\" height=\"722\" data-id=\"70205\" src=\"https:\/\/www.printmaps.net\/wp-content\/uploads\/2020\/10\/printable-maps-photobook-1-1024x722.png\" alt=\"Captura de pantalla del mapa de rutas\" class=\"wp-image-70205\" srcset=\"https:\/\/www.printmaps.net\/wp-content\/uploads\/2020\/10\/printable-maps-photobook-1-980x691.png 980w, https:\/\/www.printmaps.net\/wp-content\/uploads\/2020\/10\/printable-maps-photobook-1-480x339.png 480w\" sizes=\"(min-width: 0px) and (max-width: 480px) 480px, (min-width: 481px) and (max-width: 980px) 980px, (min-width: 981px) 1024px, 100vw\" \/><\/figure>\n\n\n<figure class=\"wp-block-image size-large\"><img loading=\"lazy\" loading=\"lazy\" decoding=\"async\" width=\"1024\" height=\"768\" data-id=\"70226\" src=\"https:\/\/www.printmaps.net\/wp-content\/uploads\/2020\/10\/800x600@2x-1024x768.png\" alt=\"Captura de pantalla del mapa monocrom&#xE1;tico\" class=\"wp-image-70226\" srcset=\"https:\/\/www.printmaps.net\/wp-content\/uploads\/2020\/10\/800x600@2x-980x735.png 980w, https:\/\/www.printmaps.net\/wp-content\/uploads\/2020\/10\/800x600@2x-480x360.png 480w\" sizes=\"auto, (min-width: 0px) and (max-width: 480px) 480px, (min-width: 481px) and (max-width: 980px) 980px, (min-width: 981px) 1024px, 100vw\" \/><\/figure>\n\n\n<figure class=\"wp-block-image size-large\"><img loading=\"lazy\" loading=\"lazy\" decoding=\"async\" width=\"1024\" height=\"714\" data-id=\"70195\" src=\"https:\/\/www.printmaps.net\/wp-content\/uploads\/2020\/10\/photobook-travel-map-1024x714.png\" alt=\"captura de pantalla del mapa de rutas\" class=\"wp-image-70195\" srcset=\"https:\/\/www.printmaps.net\/wp-content\/uploads\/2020\/10\/photobook-travel-map-980x683.png 980w, https:\/\/www.printmaps.net\/wp-content\/uploads\/2020\/10\/photobook-travel-map-480x335.png 480w\" sizes=\"auto, (min-width: 0px) and (max-width: 480px) 480px, (min-width: 481px) and (max-width: 980px) 980px, (min-width: 981px) 1024px, 100vw\" \/><\/figure><\/figure>\n\n<div style=\"height:55px\" aria-hidden=\"true\" class=\"wp-block-spacer\"><\/div>\n\n<div class=\"wp-block-buttons is-content-justification-center is-layout-flex wp-container-core-buttons-is-layout-16018d1d wp-block-buttons-is-layout-flex\">\n<div class=\"wp-block-button is-style-fill\"><a class=\"wp-block-button__link has-vivid-red-background-color has-background wp-element-button\" href=\"https:\/\/es.wordpress.org\/plugins\/static-maps-editor\/\" style=\"border-radius:20px\"><p><strong>\u00a1Comience a mapear en unos pocos clics!<\/strong><\/p><\/a><\/div>\n<\/div>\n\n<div style=\"height:49px\" aria-hidden=\"true\" class=\"wp-block-spacer\"><\/div>\n","protected":false},"excerpt":{"rendered":"<p>El plugin Static Maps Editor le permite crear mapas \u00abest\u00e1ticos\u00bb personalizados y no interactivos con facilidad. Cambie el estilo del mapa, agregue rutas, puntos de inter\u00e9s y formas geogr\u00e1ficas a sus mapas totalmente personalizables utilizando el editor de mapas alojado en Printmaps.net e int\u00e9grelos en su sitio de WordPress en poco tiempo. Siga leyendo para [&hellip;]<\/p>\n","protected":false},"author":5,"featured_media":0,"parent":0,"menu_order":0,"comment_status":"closed","ping_status":"closed","template":"","meta":{"_et_pb_use_builder":"","_et_pb_old_content":"","_et_gb_content_width":"","footnotes":""},"class_list":["post-174967","page","type-page","status-publish","hentry"],"_links":{"self":[{"href":"https:\/\/www.printmaps.net\/es\/wp-json\/wp\/v2\/pages\/174967","targetHints":{"allow":["GET"]}}],"collection":[{"href":"https:\/\/www.printmaps.net\/es\/wp-json\/wp\/v2\/pages"}],"about":[{"href":"https:\/\/www.printmaps.net\/es\/wp-json\/wp\/v2\/types\/page"}],"author":[{"embeddable":true,"href":"https:\/\/www.printmaps.net\/es\/wp-json\/wp\/v2\/users\/5"}],"replies":[{"embeddable":true,"href":"https:\/\/www.printmaps.net\/es\/wp-json\/wp\/v2\/comments?post=174967"}],"version-history":[{"count":1,"href":"https:\/\/www.printmaps.net\/es\/wp-json\/wp\/v2\/pages\/174967\/revisions"}],"predecessor-version":[{"id":174968,"href":"https:\/\/www.printmaps.net\/es\/wp-json\/wp\/v2\/pages\/174967\/revisions\/174968"}],"wp:attachment":[{"href":"https:\/\/www.printmaps.net\/es\/wp-json\/wp\/v2\/media?parent=174967"}],"curies":[{"name":"wp","href":"https:\/\/api.w.org\/{rel}","templated":true}]}}