{"id":211742,"date":"2025-07-01T10:03:32","date_gmt":"2025-07-01T09:03:32","guid":{"rendered":"https:\/\/www.printmaps.net\/crear-mapas-vectoriales\/"},"modified":"2025-07-01T10:03:33","modified_gmt":"2025-07-01T09:03:33","slug":"crear-mapas-vectoriales","status":"publish","type":"page","link":"https:\/\/www.printmaps.net\/es\/crear-mapas-vectoriales\/","title":{"rendered":"Crear mapas vectoriales online para dise\u00f1o gr\u00e1fico"},"content":{"rendered":"\n<p><p>Con <a href=\"\/es\/\">Printmaps<\/a> puedes crear mapas vectoriales online sin conocimientos de GIS o cartograf\u00eda. Genera mapas en alta resoluci\u00f3n y exp\u00f3rtalos como archivos SVG o PSD con capas, ideales para edici\u00f3n en <strong>Adobe Illustrator, InDesign, Photoshop o Figma<\/strong>. <a href=\"\/es\/agencias\/\">Muchos dise\u00f1adores<\/a> ya usan Printmaps para sus proyectos.<\/p><\/p>\n\n<div style=\"height:37px\" aria-hidden=\"true\" class=\"wp-block-spacer\"><\/div>\n\n<div class=\"wp-block-buttons is-content-justification-center is-layout-flex wp-container-core-buttons-is-layout-16018d1d wp-block-buttons-is-layout-flex\">\n<div class=\"wp-block-button has-custom-font-size\" style=\"font-size:18px\"><a class=\"wp-block-button__link has-background wp-element-button\" href=\"https:\/\/www.printmaps.net\/es\/\" style=\"border-radius:10px;background-color:#e5017e\"><p><strong>Empiece a trazar mapas ahora, sin necesidad de registrarse<\/strong><\/p><\/a><\/div>\n<\/div>\n\n<div style=\"height:70px\" aria-hidden=\"true\" class=\"wp-block-spacer\"><\/div>\n<div class=\"wp-block-image\">\n<figure class=\"alignright size-full is-resized\"><img fetchpriority=\"high\" fetchpriority=\"high\" decoding=\"async\" width=\"834\" height=\"670\" src=\"https:\/\/www.printmaps.net\/wp-content\/uploads\/2020\/06\/layered-map-in-illustrator.png\" alt=\"mapa vectorial illustrator\" class=\"wp-image-63982\" style=\"width:620px;height:auto\" srcset=\"https:\/\/www.printmaps.net\/wp-content\/uploads\/2020\/06\/layered-map-in-illustrator.png 834w, https:\/\/www.printmaps.net\/wp-content\/uploads\/2020\/06\/layered-map-in-illustrator-480x386.png 480w\" sizes=\"(min-width: 0px) and (max-width: 480px) 480px, (min-width: 481px) 834px, 100vw\" \/><\/figure><\/div>\n<h2 class=\"wp-block-heading\">Por qu\u00e9 los mapas vectoriales son ideales para dise\u00f1o gr\u00e1fico&#13;\n<\/h2>\n\n<p><p>Para proyectos profesionales, tanto digitales como impresos, los mapas vectoriales personalizables ofrecen flexibilidad y control en el dise\u00f1o. Los archivos SVG se integran de forma natural con <strong>Illustrator, InDesign y Figma<\/strong>, permitiendo escalar y estilizar elementos sin p\u00e9rdida de calidad.<br\/>Para ediciones basadas en p\u00edxeles, los archivos PSD con capas ofrecen el mismo nivel de control en Photoshop. Sin embargo, para la mayor\u00eda de los flujos de trabajo de dise\u00f1o, los mapas vectoriales son la opci\u00f3n m\u00e1s vers\u00e1til.<\/p><\/p>\n\n<p><strong>Formatos compatibles:<\/strong>&#13;\n<\/p>\n\n<ul class=\"wp-block-list\">\n<li>PNG (300 dpi) hasta 220 mm x 220 mm<\/li>\n\n\n\n<li>PSD (300 dpi) hasta 660 mm x 660 mm<\/li>\n\n\n\n<li>SVG (dpi escalable)<\/li>\n<\/ul>\n\n<div style=\"height:112px\" aria-hidden=\"true\" class=\"wp-block-spacer\"><\/div>\n<div class=\"wp-block-image\">\n<figure class=\"alignleft size-full is-resized\"><img decoding=\"async\" width=\"765\" height=\"531\" src=\"https:\/\/www.printmaps.net\/wp-content\/uploads\/2020\/10\/mallorca.jpg\" alt=\"Ejemplo de mapa vectorial SVG\" class=\"wp-image-70214\" style=\"width:700px;height:auto\" srcset=\"https:\/\/www.printmaps.net\/wp-content\/uploads\/2020\/10\/mallorca.jpg 765w, https:\/\/www.printmaps.net\/wp-content\/uploads\/2020\/10\/mallorca-480x333.jpg 480w\" sizes=\"(min-width: 0px) and (max-width: 480px) 480px, (min-width: 481px) 765px, 100vw\" \/><\/figure><\/div>\n<h2 class=\"wp-block-heading\">Flexibles para cualquier proyecto gr\u00e1fico<\/h2>\n\n<p>Nuestra herramienta online para crear mapas vectoriales es utilizada por dise\u00f1adores en diversos sectores. Desde dise\u00f1os editoriales hasta materiales de marketing, los mapas vectoriales son una base vers\u00e1til para todo tipo de proyectos gr\u00e1ficos. Las revistas usan mapas claros para ilustrar art\u00edculos de viajes y los carteles de eventos aprovechan mapas sencillos y legibles para orientar a los asistentes. En infograf\u00edas, los mapas ayudan a visualizar datos por regiones y a identificar tendencias.<\/p>\n\n<div style=\"height:124px\" aria-hidden=\"true\" class=\"wp-block-spacer\"><\/div>\n<div class=\"wp-block-image\">\n<figure class=\"alignright size-large is-resized\"><img decoding=\"async\" width=\"1024\" height=\"576\" src=\"https:\/\/www.printmaps.net\/wp-content\/uploads\/2024\/09\/print-map-1-1024x576.png\" alt=\"crear mapas vectoriales\" class=\"wp-image-183002\" style=\"width:762px;height:auto\" srcset=\"https:\/\/www.printmaps.net\/wp-content\/uploads\/2024\/09\/print-map-1-980x551.png 980w, https:\/\/www.printmaps.net\/wp-content\/uploads\/2024\/09\/print-map-1-480x270.png 480w\" sizes=\"(min-width: 0px) and (max-width: 480px) 480px, (min-width: 481px) and (max-width: 980px) 980px, (min-width: 981px) 1024px, 100vw\" \/><\/figure><\/div>\n<h2 class=\"wp-block-heading has-text-align-left\">Funciones de nuestra herramienta para crear mapas vectoriales<\/h2>\n\n<ul class=\"wp-block-list\">\n<li>Editor online con cobertura global<\/li>\n\n\n\n<li>Diferentes estilos de mapas<\/li>\n\n\n\n<li>Mostrar u ocultar elementos y etiquetas<\/li>\n\n\n\n<li>A\u00f1adir marcadores, rutas y formas<\/li>\n\n\n\n<li>Subir archivos GPX, KML o GeoJSON<\/li>\n\n\n\n<li><p>Ver m\u00e1s detalles <a href=\"\/es\/caracteristicas\/\">aqu\u00ed<\/a><\/p><\/li>\n<\/ul>\n\n<div style=\"height:118px\" aria-hidden=\"true\" class=\"wp-block-spacer\"><\/div>\n\n<div class=\"wp-block-group\"><div class=\"wp-block-group__inner-container is-layout-constrained wp-block-group-is-layout-constrained\">\n<h2 class=\"wp-block-heading has-text-align-center has-large-font-size\" style=\"font-style:normal;font-weight:700\">Pruebe Printmaps<\/h2>\n\n\n\n<p class=\"has-text-align-center has-medium-font-size\">Nuestro editor de mapas te permite crear mapas imprimibles de todo el mundo en un abrir y cerrar de ojos.<\/p>\n\n\n\n<div style=\"height:15px\" aria-hidden=\"true\" class=\"wp-block-spacer\"><\/div>\n\n\n\n<div class=\"wp-block-buttons is-content-justification-center is-layout-flex wp-container-core-buttons-is-layout-16018d1d wp-block-buttons-is-layout-flex\">\n<div class=\"wp-block-button has-custom-font-size\" style=\"font-size:18px\"><a class=\"wp-block-button__link has-background wp-element-button\" href=\"https:\/\/www.printmaps.net\/es\/\" style=\"border-radius:10px;background-color:#e5017e\"><p><strong>Cree ahora su primer mapa<\/strong><\/p><\/a><\/div>\n<\/div>\n<\/div><\/div>\n\n<div style=\"height:137px\" aria-hidden=\"true\" class=\"wp-block-spacer\"><\/div>\n","protected":false},"excerpt":{"rendered":"<p>Con Printmaps puedes crear mapas vectoriales online sin conocimientos de GIS o cartograf\u00eda. Genera mapas en alta resoluci\u00f3n y exp\u00f3rtalos como archivos SVG o PSD con capas, ideales para edici\u00f3n en Adobe Illustrator, InDesign, Photoshop o Figma. Muchos dise\u00f1adores ya usan Printmaps para sus proyectos. Por qu\u00e9 los mapas vectoriales son ideales para dise\u00f1o gr\u00e1fico&#13; [&hellip;]<\/p>\n","protected":false},"author":23,"featured_media":0,"parent":0,"menu_order":0,"comment_status":"closed","ping_status":"closed","template":"","meta":{"_et_pb_use_builder":"","_et_pb_old_content":"","_et_gb_content_width":"","footnotes":""},"class_list":["post-211742","page","type-page","status-publish","hentry"],"_links":{"self":[{"href":"https:\/\/www.printmaps.net\/es\/wp-json\/wp\/v2\/pages\/211742","targetHints":{"allow":["GET"]}}],"collection":[{"href":"https:\/\/www.printmaps.net\/es\/wp-json\/wp\/v2\/pages"}],"about":[{"href":"https:\/\/www.printmaps.net\/es\/wp-json\/wp\/v2\/types\/page"}],"author":[{"embeddable":true,"href":"https:\/\/www.printmaps.net\/es\/wp-json\/wp\/v2\/users\/23"}],"replies":[{"embeddable":true,"href":"https:\/\/www.printmaps.net\/es\/wp-json\/wp\/v2\/comments?post=211742"}],"version-history":[{"count":1,"href":"https:\/\/www.printmaps.net\/es\/wp-json\/wp\/v2\/pages\/211742\/revisions"}],"predecessor-version":[{"id":211743,"href":"https:\/\/www.printmaps.net\/es\/wp-json\/wp\/v2\/pages\/211742\/revisions\/211743"}],"wp:attachment":[{"href":"https:\/\/www.printmaps.net\/es\/wp-json\/wp\/v2\/media?parent=211742"}],"curies":[{"name":"wp","href":"https:\/\/api.w.org\/{rel}","templated":true}]}}