{"id":92539,"date":"2021-07-09T12:32:30","date_gmt":"2021-07-09T10:32:30","guid":{"rendered":"https:\/\/www.printmaps.net\/imprime-mapa-con-multiple-localizaciones\/"},"modified":"2024-07-10T12:47:54","modified_gmt":"2024-07-10T11:47:54","slug":"imprime-mapa-con-multiple-localizaciones","status":"publish","type":"page","link":"https:\/\/www.printmaps.net\/es\/imprime-mapa-con-multiple-localizaciones\/","title":{"rendered":"C\u00f3mo imprimir un mapa con m\u00faltiples localizaciones"},"content":{"rendered":"\n<div style=\"height:29px\" aria-hidden=\"true\" class=\"wp-block-spacer\"><\/div>\n\n<div class=\"wp-block-columns is-layout-flex wp-container-core-columns-is-layout-9d6595d7 wp-block-columns-is-layout-flex\">\n<div class=\"wp-block-column is-layout-flow wp-block-column-is-layout-flow\" style=\"flex-basis:66.66%\">\n<figure class=\"wp-block-image size-large\"><img fetchpriority=\"high\" fetchpriority=\"high\" decoding=\"async\" width=\"621\" height=\"438\" src=\"https:\/\/www.printmaps.net\/wp-content\/uploads\/2018\/03\/FreeWebImage-1.png\" alt=\"Imprime el mapa con localizaciones m&#xFA;ltiples\" class=\"wp-image-61156\"\/><\/figure><\/div>\n\n\n\n<div class=\"wp-block-column is-layout-flow wp-block-column-is-layout-flow\" style=\"flex-basis:33.33%\">\n<p>Si quieres hacer un mapa con localizaciones m\u00faltiples, hay algunas cosas a tener en cuenta. &#13;\nEn primer lugar, c\u00f3mo fijar las localizaciones de sucursales o tiendas de tu empresa o negocio o cualquier punto de inter\u00e9s de la forma m\u00e1s r\u00e1pida y eficiente posible y en la ubicaci\u00f3n correcta. &#13;\nEn segundo lugar, c\u00f3mo preservar la calidad del mapa para que pueda imprimirse en alta resoluci\u00f3n. Imprimir un mapa si tienes una empresa con varias ubicaciones puede ser una tarea que consuma mucho tiempo, especialmente si tu negocio consta de muchas tiendas f\u00edsicas, hacer que todas \u00e9stas se muestren en un mapa requerir\u00e1 tiempo, conocimiento y bastante paciencia.<\/p>\n<\/div>\n<\/div>\n\n<div style=\"height:23px\" aria-hidden=\"true\" class=\"wp-block-spacer\"><\/div>\n\n<div class=\"wp-block-buttons is-content-justification-center is-layout-flex wp-container-core-buttons-is-layout-16018d1d wp-block-buttons-is-layout-flex\">\n<div class=\"wp-block-button has-custom-font-size\" style=\"font-size:18px\"><a class=\"wp-block-button__link has-background wp-element-button\" href=\"https:\/\/www.printmaps.net\/es\/\" style=\"border-radius:10px;background-color:#e5017e\"><p><strong>Empiece a trazar mapas ahora, sin necesidad de registrarse<\/strong><\/p><\/a><\/div>\n<\/div>\n\n<div style=\"height:100px\" aria-hidden=\"true\" class=\"wp-block-spacer\"><\/div>\n\n<p><strong>En este art\u00edculo te explicaremos como reducir dr\u00e1sticamente el tiempo de creaci\u00f3n e impresi\u00f3n de un mapa con m\u00faltiples localizaciones mientras tambi\u00e9n te ense\u00f1aremos c\u00f3mo hacer que todo el mapa sea agradable a la vista<\/strong><\/p>\n\n<h3 class=\"wp-block-heading\" id=\"plot-several-locations-at-once\">Trazar varias localizaciones a la vez<\/h3>\n\n<p>Es posible que est\u00e9s familiarizado con la idea de que comprar al por mayor siempre es una buena idea. Pero, \u00bfsab\u00edas que cargar tus datos geogr\u00e1ficos de forma masiva puede ser igual de ventajoso?<\/p>\n\n<p>A veces las empresas no solo tienen una, dos o tres tiendas f\u00edsicas o sucursales. A menudo son tantas que la idea de averiguar sus coordenadas para ubicarlas en un mapa para imprimir o presentar es una tarea bastante tediosa. Aqu\u00ed es donde entra en juego la geo-codificaci\u00f3n masiva.<\/p>\n\n<div class=\"wp-block-columns is-layout-flex wp-container-core-columns-is-layout-9d6595d7 wp-block-columns-is-layout-flex\">\n<div class=\"wp-block-column is-layout-flow wp-block-column-is-layout-flow\" style=\"flex-basis:33.33%\">\n<p><p style=\"text-align: left;\">Simplemente copiando las direcciones postales en un <strong>cargador de codificaci\u00f3n geogr\u00e1fica masiva<\/strong>, todas las direcciones postales se convertir\u00e1n a sus respectivas coordenadas geogr\u00e1ficas. Una buena herramienta de geocodificaci\u00f3n masiva te permitir\u00e1 copiar y pegar informaci\u00f3n de una base de datos o de una hoja de c\u00e1lculo de Microsoft Excel o Libreoffice Calc y te ahorrar\u00e1 todo el trabajo m\u00e1s tedioso. El resultado ser\u00e1 que todos tus Puntos de Inter\u00e9s (PDIs) estar\u00e1n localizados en el mapa en cuesti\u00f3n de minutos.<\/p><\/p>\n<\/div>\n\n\n\n<div class=\"wp-block-column is-layout-flow wp-block-column-is-layout-flow\" style=\"flex-basis:66.66%\">\n<figure class=\"wp-block-image size-large\"><img decoding=\"async\" width=\"621\" height=\"438\" src=\"https:\/\/www.printmaps.net\/wp-content\/uploads\/2018\/03\/FreeWebImage-3.png\" alt=\"Imprime el mapa con localizaciones m&#xFA;ltiples\" class=\"wp-image-61158\"\/><\/figure><\/div>\n<\/div>\n\n<div style=\"height:38px\" aria-hidden=\"true\" class=\"wp-block-spacer\"><\/div>\n\n<h3 class=\"wp-block-heading\" id=\"easily-pin-multiple-locations-on-the-print-map\">Fijar f\u00e1cilmente m\u00faltiples localizaciones en el mapa para imprimir.<\/h3>\n\n<p>Adem\u00e1s de otras muchas ventajas, Printmaps incorpora un geo-localizador que te permite cargar multitud de direcciones y convertirlas a sus respectivas coordenadas. El proceso es tan f\u00e1cil como copiar y pegar los datos desde una hoja de c\u00e1lculo o desde una columna de una base de datos. S\u00f3lo haz clic aqu\u00ed para editar: <img decoding=\"async\" src=\"https:\/\/www.printmaps.net\/wp-content\/uploads\/2018\/03\/poibutton.png\" alt=\"\" width=\"58\" height=\"51\"\/>y podr\u00e1s hacerte a la idea de lo f\u00e1cil que es. Todo lo que necesitas es pegar el contenido en los respectivos campos y Printmaps har\u00e1 el resto. S\u00f3lo copia y pega desde un excel si lo que necesitas es un mapa con m\u00faltiples localizaciones.<\/p>\n\n<div style=\"height:43px\" aria-hidden=\"true\" class=\"wp-block-spacer\"><\/div>\n\n<figure class=\"wp-block-image size-large\"><img loading=\"lazy\" loading=\"lazy\" decoding=\"async\" width=\"1024\" height=\"517\" src=\"https:\/\/www.printmaps.net\/wp-content\/uploads\/2019\/09\/printable-map-batch-geocode-addresses-excel-1024x517.gif\" alt=\"\" class=\"wp-image-37457\" srcset=\"https:\/\/www.printmaps.net\/wp-content\/uploads\/2019\/09\/printable-map-batch-geocode-addresses-excel-1024x517.gif 1024w, https:\/\/www.printmaps.net\/wp-content\/uploads\/2019\/09\/printable-map-batch-geocode-addresses-excel-980x495.gif 980w, https:\/\/www.printmaps.net\/wp-content\/uploads\/2019\/09\/printable-map-batch-geocode-addresses-excel-480x242.gif 480w\" sizes=\"auto, (min-width: 0px) and (max-width: 480px) 480px, (min-width: 481px) and (max-width: 980px) 980px, (min-width: 981px) 1024px, 100vw\" \/><\/figure>\n<div style=\"height:20px\" aria-hidden=\"true\" class=\"wp-block-spacer\"><\/div>\n\n<p>Una vez que nuestro geo-codificador haya convertido las direcciones en sus respectivas coordenadas, puedes hacer cambios en el tipo de marcador, en el color, los iconos y el tama\u00f1o de los mismos. Todos los Puntos de Inter\u00e9s ( PDIs) pueden ser guardados en diferentes capas, de modo que cuando descargues tu mapa en formato Photoshop, puedes abrirlo y ajustar la posici\u00f3n de tus PDIs si lo consideras necesario.<\/p>\n\n<div style=\"height:20px\" aria-hidden=\"true\" class=\"wp-block-spacer\"><\/div>\n\n<h3 class=\"wp-block-heading\" id=\"add-custom-pins-to-your-multiple-locations-map\">A\u00f1adir puntos en tu mapa con m\u00faltiples localizaciones<\/h3>\n\n<p><p>Si quieres imprimir un mapa con m\u00faltiples localizaciones, quiz\u00e1 quieras ajustar esas localizaciones para que muestren el logo de la empresa. En el Editor tienes la opci\u00f3n de <a href=\"https:\/\/www.printmaps.net\/es\/crear-mapa-con-puntos\/\">cargar tus puntos de ubicaci\u00f3n personalizados<\/a>, y colocarlos directamente en el mapa. Si quieres a\u00f1adir tus puntos de localizaci\u00f3n despu\u00e9s usando Photoshop o Illustrator tambi\u00e9n puedes hacerlo.<\/p><\/p>\n\n<h2 class=\"wp-block-heading\" id=\"but-wait-there-s-more\">Espera, a\u00fan hay m\u00e1s<\/h2>\n\n<p>Adem\u00e1s de ser capaz de posicionar todos los PDIs que quieras, Printmaps ofrece una amplia gama de herramientas que te simplificar\u00e1n la vida. Pongamos que quieres dibujar una linea alrededor de un pa\u00eds para resaltar la frontera o alrededor de un \u00e1rea municipal para resaltar esa zona, para eso sirve la herramienta de formas de Printmaps. Haz clic aqu\u00ed <img loading=\"lazy\" loading=\"lazy\" decoding=\"async\" src=\"https:\/\/www.printmaps.net\/wp-content\/uploads\/2018\/03\/shapesButton.png\" alt=\"\" width=\"57\" height=\"50\"\/> y encuentra f\u00e1cilmente lo que andas buscando.<\/p>\n\n<figure class=\"wp-block-image size-large\"><img loading=\"lazy\" loading=\"lazy\" decoding=\"async\" width=\"529\" height=\"417\" src=\"https:\/\/www.printmaps.net\/wp-content\/uploads\/2019\/07\/printable-map-draw-geographic-shape-administrative-1.gif\" alt=\"Seleccionar formas geogr&#xE1;ficas \/ administrativas\" class=\"wp-image-37476\"\/><\/figure>\n<div style=\"height:61px\" aria-hidden=\"true\" class=\"wp-block-spacer\"><\/div>\n\n<div class=\"wp-block-columns is-layout-flex wp-container-core-columns-is-layout-9d6595d7 wp-block-columns-is-layout-flex\">\n<div class=\"wp-block-column is-layout-flow wp-block-column-is-layout-flow\" style=\"flex-basis:33.33%\">\n<p>El uso de figuras no solo ayudar\u00e1 a la persona que utilice el mapa a centrar su atenci\u00f3n en el \u00e1rea que m\u00e1s te convenga, tambi\u00e9n te permitir\u00e1 eliminar las \u00e1reas que no quieras que sean visibles por las razones que sean. <\/p>\n<\/div>\n\n\n\n<div class=\"wp-block-column is-layout-flow wp-block-column-is-layout-flow\" style=\"flex-basis:66.66%\">\n<figure class=\"wp-block-image size-large\"><img loading=\"lazy\" loading=\"lazy\" decoding=\"async\" width=\"621\" height=\"438\" src=\"https:\/\/www.printmaps.net\/wp-content\/uploads\/2018\/03\/FreeWebImage-4.png\" alt=\"Imprime el mapa con localizaciones m&#xFA;ltiples\" class=\"wp-image-61152\"\/><\/figure>\n\n\n<p><\/p>\n<\/div>\n<\/div>\n\n<div style=\"height:27px\" aria-hidden=\"true\" class=\"wp-block-spacer\"><\/div>\n\n<div class=\"wp-block-columns is-layout-flex wp-container-core-columns-is-layout-9d6595d7 wp-block-columns-is-layout-flex\">\n<div class=\"wp-block-column is-layout-flow wp-block-column-is-layout-flow\" style=\"flex-basis:66.66%\">\n<figure class=\"wp-block-image size-large\"><img loading=\"lazy\" loading=\"lazy\" decoding=\"async\" width=\"621\" height=\"438\" src=\"https:\/\/www.printmaps.net\/wp-content\/uploads\/2018\/03\/FreeWebImage-5.png\" alt=\"Imprime el mapa con localizaciones m&#xFA;ltiples\" class=\"wp-image-28654\"\/><\/figure><\/div>\n\n\n\n<div class=\"wp-block-column is-layout-flow wp-block-column-is-layout-flow\" style=\"flex-basis:33.33%\">\n<p>Otra herramienta muy importante y \u00fatil para dibujar es el editor de rutas. \u00bfQuieres una ruta entre los lugares que desea que se muestren en el mapa? Simplemente dib\u00fajala o, si lo tienes como un archivo GPX, c\u00e1rgalo y aparecer\u00e1 en tu mapa. Y s\u00ed, por supuesto, puedes dibujar m\u00e1s de una ruta en el mapa.<\/p>\n<\/div>\n<\/div>\n\n<div style=\"height:61px\" aria-hidden=\"true\" class=\"wp-block-spacer\"><\/div>\n\n<div class=\"wp-block-group\"><div class=\"wp-block-group__inner-container is-layout-constrained wp-block-group-is-layout-constrained\">\n<h2 class=\"wp-block-heading has-text-align-center has-large-font-size\" style=\"font-style:normal;font-weight:700\">Pruebe Printmaps<\/h2>\n\n\n\n<p class=\"has-text-align-center has-medium-font-size\">Nuestro editor de mapas te permite crear mapas imprimibles de todo el mundo en un abrir y cerrar de ojos.<\/p>\n\n\n\n<div style=\"height:15px\" aria-hidden=\"true\" class=\"wp-block-spacer\"><\/div>\n\n\n\n<div class=\"wp-block-buttons is-content-justification-center is-layout-flex wp-container-core-buttons-is-layout-16018d1d wp-block-buttons-is-layout-flex\">\n<div class=\"wp-block-button has-custom-font-size\" style=\"font-size:18px\"><a class=\"wp-block-button__link has-background wp-element-button\" href=\"https:\/\/www.printmaps.net\/es\/\" style=\"border-radius:10px;background-color:#e5017e\"><p><strong>Cree ahora su primer mapa<\/strong><\/p><\/a><\/div>\n<\/div>\n<\/div><\/div>\n\n<div style=\"height:150px\" aria-hidden=\"true\" class=\"wp-block-spacer\"><\/div>\n","protected":false},"excerpt":{"rendered":"<p>Si quieres hacer un mapa con localizaciones m\u00faltiples, hay algunas cosas a tener en cuenta. &#13; En primer lugar, c\u00f3mo fijar las localizaciones de sucursales o tiendas de tu empresa o negocio o cualquier punto de inter\u00e9s de la forma m\u00e1s r\u00e1pida y eficiente posible y en la ubicaci\u00f3n correcta. &#13; En segundo lugar, c\u00f3mo [&hellip;]<\/p>\n","protected":false},"author":19,"featured_media":0,"parent":0,"menu_order":0,"comment_status":"closed","ping_status":"closed","template":"","meta":{"_et_pb_use_builder":"off","_et_pb_old_content":"","_et_gb_content_width":"","footnotes":""},"class_list":["post-92539","page","type-page","status-publish","hentry"],"_links":{"self":[{"href":"https:\/\/www.printmaps.net\/es\/wp-json\/wp\/v2\/pages\/92539","targetHints":{"allow":["GET"]}}],"collection":[{"href":"https:\/\/www.printmaps.net\/es\/wp-json\/wp\/v2\/pages"}],"about":[{"href":"https:\/\/www.printmaps.net\/es\/wp-json\/wp\/v2\/types\/page"}],"author":[{"embeddable":true,"href":"https:\/\/www.printmaps.net\/es\/wp-json\/wp\/v2\/users\/19"}],"replies":[{"embeddable":true,"href":"https:\/\/www.printmaps.net\/es\/wp-json\/wp\/v2\/comments?post=92539"}],"version-history":[{"count":27,"href":"https:\/\/www.printmaps.net\/es\/wp-json\/wp\/v2\/pages\/92539\/revisions"}],"predecessor-version":[{"id":176195,"href":"https:\/\/www.printmaps.net\/es\/wp-json\/wp\/v2\/pages\/92539\/revisions\/176195"}],"wp:attachment":[{"href":"https:\/\/www.printmaps.net\/es\/wp-json\/wp\/v2\/media?parent=92539"}],"curies":[{"name":"wp","href":"https:\/\/api.w.org\/{rel}","templated":true}]}}