{"id":92735,"date":"2021-07-12T17:01:35","date_gmt":"2021-07-12T15:01:35","guid":{"rendered":"https:\/\/www.printmaps.net\/google-maps-vs-printmaps\/"},"modified":"2024-07-10T16:02:53","modified_gmt":"2024-07-10T15:02:53","slug":"google-maps-vs-printmaps","status":"publish","type":"page","link":"https:\/\/www.printmaps.net\/es\/google-maps-vs-printmaps\/","title":{"rendered":"Impresi\u00f3n alternativa a Google Maps: Printmaps.net"},"content":{"rendered":"\n<div style=\"height:20px\" aria-hidden=\"true\" class=\"wp-block-spacer\"><\/div>\n\n<p>Si hasta ahora has estado utilizando capturas de pantalla de <a href=\"http:\/\/maps.google.com\/\">maps.google.com<\/a> para imprimir tus mapas, te interesar\u00e1 saber c\u00f3mo se compara Printmaps.net con lo que puedes imprimir de Google Maps.<\/p>\n\n<p>Hemos creado la siguiente cuadr\u00edcula de comparaci\u00f3n para ofrecerte una descripci\u00f3n r\u00e1pida de algunas de las <a href=\"https:\/\/www.printmaps.net\/es\/caracteristicas\/\"><strong>funciones m\u00e1s importantes del editor de Printmaps<\/strong><\/a> y c\u00f3mo se comparan con el uso de capturas de pantalla de Google Maps para imprimir tus mapas. (<a href=\"https:\/\/www.printmaps.net\/es\/\">Prueba el editor aqu\u00ed<\/a>.)<\/p>\n\n<div style=\"height:73px\" aria-hidden=\"true\" class=\"wp-block-spacer\"><\/div>\n\n<figure class=\"wp-block-table is-style-stripes\"><table class=\"has-fixed-layout\"><thead><tr><th><\/th><th>Printmaps<\/th><th>Capturas de pantalla de Google Maps<\/th><\/tr><\/thead><tbody><tr><td><em><em>Resoluci\u00f3n<\/em><\/em><\/td><td>300 ppp, que es la alta resoluci\u00f3n utilizada habitualmente para productos impresos. Totalmente escalable en formato SVG.<\/td><td>La resoluci\u00f3n de las capturas de pantalla no se dise\u00f1\u00f3 para productos impresos, por lo que los mapas resultantes suelen salir borrosos al imprimirlos.<\/td><\/tr><tr><td><em>Legalidad<\/em><\/td><td>Crear mapas imprimibles con Printmaps es totalmente legal<\/td><td>El uso comercial de capturas de pantalla de Google Maps sin permiso de Google va en contra de las Condiciones del servicio de Google Maps, especialmente cuando se utilizan como material de navegaci\u00f3n impreso.<\/td><\/tr><tr><td><em>Precio<\/em><\/td><td>Mapas a partir de unos 7 euros<\/td><td>Gratis (pero arriesg\u00e1ndose a consecuencias legales)<\/td><\/tr><tr><td><em>Formato<\/em><\/td><td>SVG, PSD, PNG<\/td><td>PNG o JPEG de baja resoluci\u00f3n<\/td><\/tr><tr><td>Herramientas de datos personalizadas<\/td><td>* Editor de rutas<br\/>* Formas geogr\u00e1ficas<br\/>* Carga de archivos (GPX\/KML\/GeoJSON)<br\/>* PDI (manualmente o copiar\/pegar desde Excel)<\/td><td>* Rutas y puntos de inter\u00e9s est\u00e1ndar de Google Maps<\/td><\/tr><tr><td><em>\u00bfMostrar\/Ocultar caracter\u00edsticas del mapa?<\/em><\/td><td>S\u00ed<\/td><td>No<\/td><\/tr><tr><td><em><em><em>\u00bfGirar o inclinar el mapa?<\/em><\/em><\/em><\/td><td>S\u00ed<\/td><td>S\u00f3lo en dispositivos m\u00f3viles<\/td><\/tr><\/tbody><\/table><\/figure>\n<div style=\"height:71px\" aria-hidden=\"true\" class=\"wp-block-spacer\"><\/div>\n\n<h3 class=\"wp-block-heading has-text-align-center\">Algunos ejemplos de las formas en las que se utilizan nuestros mapas imprimibles<\/h3>\n\n<div class=\"wp-block-group\"><div class=\"wp-block-group__inner-container is-layout-constrained wp-block-group-is-layout-constrained\">\n<div class=\"wp-block-columns is-layout-flex wp-container-core-columns-is-layout-9d6595d7 wp-block-columns-is-layout-flex\">\n<div class=\"wp-block-column is-vertically-aligned-top is-layout-flow wp-block-column-is-layout-flow\"><div class=\"wp-block-image is-style-default\">\n<figure class=\"alignright size-full is-resized\"><img fetchpriority=\"high\" fetchpriority=\"high\" decoding=\"async\" src=\"https:\/\/www.printmaps.net\/wp-content\/uploads\/2020\/10\/Layers-big.png\" alt=\"\" class=\"wp-image-70211\" width=\"765\" height=\"531\" srcset=\"https:\/\/www.printmaps.net\/wp-content\/uploads\/2020\/10\/Layers-big.png 765w, https:\/\/www.printmaps.net\/wp-content\/uploads\/2020\/10\/Layers-big-480x333.png 480w\" sizes=\"(min-width: 0px) and (max-width: 480px) 480px, (min-width: 481px) 765px, 100vw\" \/><\/figure><\/div><\/div>\n\n\n\n<div class=\"wp-block-column is-vertically-aligned-top is-layout-flow wp-block-column-is-layout-flow\" style=\"flex-basis:380px\">\n<p>El editor Printmaps produce mapas de alta resoluci\u00f3n de 300 dpi en formato PNG, PSD (Photoshop) y SVG. Todas las caracter\u00edsticas del mapa vienen en capas separadas para que pueda editar las caracter\u00edsticas del mapa sin da\u00f1ar cualquier caracter\u00edstica debajo. ver nuestro screencast para m\u00e1s detalles.<\/p>\n<\/div>\n<\/div>\n\n\n\n<div class=\"wp-block-columns is-layout-flex wp-container-core-columns-is-layout-9d6595d7 wp-block-columns-is-layout-flex\">\n<div class=\"wp-block-column is-vertically-aligned-top is-layout-flow wp-block-column-is-layout-flow\"><div class=\"wp-block-image is-style-default\">\n<figure class=\"alignright size-full\"><img decoding=\"async\" width=\"765\" height=\"531\" src=\"https:\/\/www.printmaps.net\/wp-content\/uploads\/2020\/10\/bodensee-karte.jpg\" alt=\"\" class=\"wp-image-70212\" srcset=\"https:\/\/www.printmaps.net\/wp-content\/uploads\/2020\/10\/bodensee-karte.jpg 765w, https:\/\/www.printmaps.net\/wp-content\/uploads\/2020\/10\/bodensee-karte-480x333.jpg 480w\" sizes=\"(min-width: 0px) and (max-width: 480px) 480px, (min-width: 481px) 765px, 100vw\" \/><\/figure><\/div><\/div>\n\n\n\n<div class=\"wp-block-column is-vertically-aligned-top is-layout-flow wp-block-column-is-layout-flow\" style=\"flex-basis:380px\">\n<p>Nuestros clientes utilizan el editor Printmaps para trazar sin esfuerzo rutas -itinerarios de viaje, rutas de senderismo y ciclismo, paseos por la ciudad o simplemente indicaciones- y superponer sus puntos de inter\u00e9s en un mapa. El editor facilita enormemente la creaci\u00f3n de mapas plegables, mapas para carpetas y folletos tur\u00edsticos o mapas de gu\u00edas tur\u00edsticas.<\/p>\n<\/div>\n<\/div>\n\n\n\n<div class=\"wp-block-columns is-layout-flex wp-container-core-columns-is-layout-9d6595d7 wp-block-columns-is-layout-flex\">\n<div class=\"wp-block-column is-vertically-aligned-top is-layout-flow wp-block-column-is-layout-flow\"><div class=\"wp-block-image is-style-default\">\n<figure class=\"alignright size-full\"><img decoding=\"async\" width=\"765\" height=\"531\" src=\"https:\/\/www.printmaps.net\/wp-content\/uploads\/2020\/10\/immo-expose.jpg\" alt=\"\" class=\"wp-image-70213\" srcset=\"https:\/\/www.printmaps.net\/wp-content\/uploads\/2020\/10\/immo-expose.jpg 765w, https:\/\/www.printmaps.net\/wp-content\/uploads\/2020\/10\/immo-expose-480x333.jpg 480w\" sizes=\"(min-width: 0px) and (max-width: 480px) 480px, (min-width: 481px) 765px, 100vw\" \/><\/figure><\/div><\/div>\n\n\n\n<div class=\"wp-block-column is-vertically-aligned-top is-layout-flow wp-block-column-is-layout-flow\" style=\"flex-basis:380px\">\n<p><p>Nuestros econ\u00f3micos <a href=\"\/es\/precios\">precios<\/a> de entrada permiten que clientes con tiradas muy reducidas puedan permitirse nuestros mapas. Algunos ejemplos t\u00edpicos son las exposiciones inmobiliarias y los libros de fotos, que se imprimen en peque\u00f1as tiradas pero necesitan mapas de ubicaci\u00f3n o rutas de alta calidad.<\/p><\/p>\n<\/div>\n<\/div>\n\n\n\n<div class=\"wp-block-columns is-layout-flex wp-container-core-columns-is-layout-9d6595d7 wp-block-columns-is-layout-flex\">\n<div class=\"wp-block-column is-vertically-aligned-top is-layout-flow wp-block-column-is-layout-flow\"><div class=\"wp-block-image is-style-default\">\n<figure class=\"alignright size-full\"><img loading=\"lazy\" loading=\"lazy\" decoding=\"async\" width=\"765\" height=\"531\" src=\"https:\/\/www.printmaps.net\/wp-content\/uploads\/2020\/10\/mallorca.jpg\" alt=\"\" class=\"wp-image-70214\" srcset=\"https:\/\/www.printmaps.net\/wp-content\/uploads\/2020\/10\/mallorca.jpg 765w, https:\/\/www.printmaps.net\/wp-content\/uploads\/2020\/10\/mallorca-480x333.jpg 480w\" sizes=\"auto, (min-width: 0px) and (max-width: 480px) 480px, (min-width: 481px) 765px, 100vw\" \/><\/figure><\/div><\/div>\n\n\n\n<div class=\"wp-block-column is-vertically-aligned-top is-layout-flow wp-block-column-is-layout-flow\" style=\"flex-basis:380px\">\n<p>Muchos editores de gu\u00edas ilustran sus gu\u00edas de viaje y de senderismo \u00edntegramente con mapas Printmaps. Con nuestros mapas podr\u00e1 satisfacer todas las necesidades cartogr\u00e1ficas habituales, desde mapas de visi\u00f3n general y mapas de ubicaci\u00f3n general hasta mapas de actividades con rutas de senderismo o cicloturismo, planos de ciudades \/ callejeros o mapas de direcciones.<\/p>\n<\/div>\n<\/div>\n<\/div><\/div>\n\n<p><\/p>\n\n<div style=\"height:100px\" aria-hidden=\"true\" class=\"wp-block-spacer\"><\/div>\n\n<div class=\"wp-block-group\"><div class=\"wp-block-group__inner-container is-layout-constrained wp-block-group-is-layout-constrained\">\n<h2 class=\"wp-block-heading has-text-align-center has-large-font-size\" style=\"font-style:normal;font-weight:700\">Pruebe Printmaps<\/h2>\n\n\n\n<p class=\"has-text-align-center has-medium-font-size\">Nuestro editor de mapas te permite crear mapas imprimibles de todo el mundo en un abrir y cerrar de ojos.<\/p>\n\n\n\n<div style=\"height:15px\" aria-hidden=\"true\" class=\"wp-block-spacer\"><\/div>\n\n\n\n<div class=\"wp-block-buttons is-content-justification-center is-layout-flex wp-container-core-buttons-is-layout-16018d1d wp-block-buttons-is-layout-flex\">\n<div class=\"wp-block-button has-custom-font-size\" style=\"font-size:18px\"><a class=\"wp-block-button__link has-background wp-element-button\" href=\"https:\/\/www.printmaps.net\/es\/\" style=\"border-radius:10px;background-color:#e5017e\"><p><strong>Cree ahora su primer mapa<\/strong><\/p><\/a><\/div>\n<\/div>\n<\/div><\/div>\n\n<p><\/p>\n\n<div style=\"height:150px\" aria-hidden=\"true\" class=\"wp-block-spacer\"><\/div>\n","protected":false},"excerpt":{"rendered":"<p>Si hasta ahora has estado utilizando capturas de pantalla de maps.google.com para imprimir tus mapas, te interesar\u00e1 saber c\u00f3mo se compara Printmaps.net con lo que puedes imprimir de Google Maps. Hemos creado la siguiente cuadr\u00edcula de comparaci\u00f3n para ofrecerte una descripci\u00f3n r\u00e1pida de algunas de las funciones m\u00e1s importantes del editor de Printmaps y c\u00f3mo [&hellip;]<\/p>\n","protected":false},"author":5,"featured_media":0,"parent":0,"menu_order":0,"comment_status":"closed","ping_status":"closed","template":"","meta":{"_et_pb_use_builder":"off","_et_pb_old_content":"","_et_gb_content_width":"","footnotes":""},"class_list":["post-92735","page","type-page","status-publish","hentry"],"_links":{"self":[{"href":"https:\/\/www.printmaps.net\/es\/wp-json\/wp\/v2\/pages\/92735","targetHints":{"allow":["GET"]}}],"collection":[{"href":"https:\/\/www.printmaps.net\/es\/wp-json\/wp\/v2\/pages"}],"about":[{"href":"https:\/\/www.printmaps.net\/es\/wp-json\/wp\/v2\/types\/page"}],"author":[{"embeddable":true,"href":"https:\/\/www.printmaps.net\/es\/wp-json\/wp\/v2\/users\/5"}],"replies":[{"embeddable":true,"href":"https:\/\/www.printmaps.net\/es\/wp-json\/wp\/v2\/comments?post=92735"}],"version-history":[{"count":21,"href":"https:\/\/www.printmaps.net\/es\/wp-json\/wp\/v2\/pages\/92735\/revisions"}],"predecessor-version":[{"id":173580,"href":"https:\/\/www.printmaps.net\/es\/wp-json\/wp\/v2\/pages\/92735\/revisions\/173580"}],"wp:attachment":[{"href":"https:\/\/www.printmaps.net\/es\/wp-json\/wp\/v2\/media?parent=92735"}],"curies":[{"name":"wp","href":"https:\/\/api.w.org\/{rel}","templated":true}]}}