{"id":92737,"date":"2021-07-12T17:03:21","date_gmt":"2021-07-12T15:03:21","guid":{"rendered":"https:\/\/www.printmaps.net\/mapas-imprimibles-gratuitos\/"},"modified":"2025-03-20T14:49:49","modified_gmt":"2025-03-20T13:49:49","slug":"mapas-imprimibles-gratuitos","status":"publish","type":"page","link":"https:\/\/www.printmaps.net\/es\/mapas-imprimibles-gratuitos\/","title":{"rendered":"Mapas imprimibles gratuitos para organizaciones sin animo de lucro"},"content":{"rendered":"\n<p>Printmaps.net ofrece mapas imprimibles gratuitos para circulaci\u00f3n ilimitada (por un valor de alrededor de 350 \u20ac).&#13;\nUtiliza <a href=\"https:\/\/www.printmaps.net\/es\/\">a modo de prueba el editor de Printmaps<\/a> antes de presentar la solicitud para comprobar si es adecuado para sus necesidades.<\/p>\n\n<div style=\"height:60px\" aria-hidden=\"true\" class=\"wp-block-spacer\"><\/div>\n\n<div class=\"wp-block-group\"><div class=\"wp-block-group__inner-container is-layout-constrained wp-block-group-is-layout-constrained\">\n<div style=\"height:120px\" aria-hidden=\"true\" class=\"wp-block-spacer\"><\/div>\n\n\n\n<h2 class=\"wp-block-heading has-large-font-size\">\u00bfC\u00f3mo sabe si cumple los requisitos?<\/h2>\n\n\n\n<p>Su organizaci\u00f3n debe tener un estatus ben\u00e9fico v\u00e1lido en un servicio fiscal o comisi\u00f3n ben\u00e9fica local.<\/p>\n\n\n\n<p>Adem\u00e1s, su organizaci\u00f3n debe cumplir los siguientes criterios:<\/p>\n\n\n\n<ul class=\"wp-block-list\">\n<li>No es una organizaci\u00f3n de actividad legislativa o pol\u00edtica<\/li>\n\n\n\n<li>No es una iglesia, asociaci\u00f3n de iglesias u otra organizaci\u00f3n religiosa o evang\u00e9lica<\/li>\n\n\n\n<li>No es una organizaci\u00f3n que intente influir en la opini\u00f3n p\u00fablica<\/li>\n\n\n\n<li>No es una fundaci\u00f3n privada que concede subvenciones, independiente u operativa<\/li>\n\n\n\n<li>No discrimina por motivos de sexo, raza, etnia, nacionalidad, religi\u00f3n, afiliaci\u00f3n o convicciones pol\u00edticas, orientaci\u00f3n sexual o identidad o expresi\u00f3n de g\u00e9nero.<\/li>\n<\/ul>\n\n\n\n<h3 class=\"wp-block-heading has-medium-font-size\">C\u00f3mo solicitarlo<\/h3>\n\n\n\n<p><p>Env\u00ede su solicitud a trav\u00e9s de un <a href=\"https:\/\/support.printmaps.net\/es\/support\/tickets\/new\">ticket en nuestra plataforma de soporte<\/a>. Indique el nombre legal de su organizaci\u00f3n, su ubicaci\u00f3n, su sitio web y una breve descripci\u00f3n del producto impreso para el que necesitar\u00e1 el mapa imprimible gratuito.<\/p><\/p>\n\n\n\n<div style=\"height:120px\" aria-hidden=\"true\" class=\"wp-block-spacer\"><\/div>\n<\/div><\/div>\n\n<div style=\"height:20px\" aria-hidden=\"true\" class=\"wp-block-spacer\"><\/div>\n\n<div class=\"wp-block-group\"><div class=\"wp-block-group__inner-container is-layout-constrained wp-block-group-is-layout-constrained\">\n<h2 class=\"wp-block-heading has-text-align-center has-large-font-size\" style=\"font-style:normal;font-weight:700\">Pruebe Printmaps<\/h2>\n\n\n\n<p class=\"has-text-align-center has-medium-font-size\">Nuestro editor de mapas te permite crear mapas imprimibles de todo el mundo en un abrir y cerrar de ojos.<\/p>\n\n\n\n<div style=\"height:15px\" aria-hidden=\"true\" class=\"wp-block-spacer\"><\/div>\n\n\n\n<div class=\"wp-block-buttons is-content-justification-center is-layout-flex wp-container-core-buttons-is-layout-16018d1d wp-block-buttons-is-layout-flex\">\n<div class=\"wp-block-button has-custom-font-size\" style=\"font-size:18px\"><a class=\"wp-block-button__link has-background wp-element-button\" href=\"https:\/\/www.printmaps.net\/es\/\" style=\"border-radius:10px;background-color:#e5017e\"><p><strong>Cree ahora su primer mapa<\/strong><\/p><\/a><\/div>\n<\/div>\n<\/div><\/div>\n\n<div style=\"height:150px\" aria-hidden=\"true\" class=\"wp-block-spacer\"><\/div>\n\n<p><\/p>\n","protected":false},"excerpt":{"rendered":"<p>Printmaps.net ofrece mapas imprimibles gratuitos para circulaci\u00f3n ilimitada (por un valor de alrededor de 350 \u20ac).&#13; Utiliza a modo de prueba el editor de Printmaps antes de presentar la solicitud para comprobar si es adecuado para sus necesidades.<\/p>\n","protected":false},"author":23,"featured_media":0,"parent":0,"menu_order":0,"comment_status":"closed","ping_status":"closed","template":"","meta":{"_et_pb_use_builder":"off","_et_pb_old_content":"","_et_gb_content_width":"","footnotes":""},"class_list":["post-92737","page","type-page","status-publish","hentry"],"_links":{"self":[{"href":"https:\/\/www.printmaps.net\/es\/wp-json\/wp\/v2\/pages\/92737","targetHints":{"allow":["GET"]}}],"collection":[{"href":"https:\/\/www.printmaps.net\/es\/wp-json\/wp\/v2\/pages"}],"about":[{"href":"https:\/\/www.printmaps.net\/es\/wp-json\/wp\/v2\/types\/page"}],"author":[{"embeddable":true,"href":"https:\/\/www.printmaps.net\/es\/wp-json\/wp\/v2\/users\/23"}],"replies":[{"embeddable":true,"href":"https:\/\/www.printmaps.net\/es\/wp-json\/wp\/v2\/comments?post=92737"}],"version-history":[{"count":14,"href":"https:\/\/www.printmaps.net\/es\/wp-json\/wp\/v2\/pages\/92737\/revisions"}],"predecessor-version":[{"id":167281,"href":"https:\/\/www.printmaps.net\/es\/wp-json\/wp\/v2\/pages\/92737\/revisions\/167281"}],"wp:attachment":[{"href":"https:\/\/www.printmaps.net\/es\/wp-json\/wp\/v2\/media?parent=92737"}],"curies":[{"name":"wp","href":"https:\/\/api.w.org\/{rel}","templated":true}]}}