{"id":93612,"date":"2021-07-20T15:14:26","date_gmt":"2021-07-20T13:14:26","guid":{"rendered":"https:\/\/www.printmaps.net\/agencias\/"},"modified":"2026-03-20T14:40:50","modified_gmt":"2026-03-20T13:40:50","slug":"agencias-de-diseno-de-impresion","status":"publish","type":"page","link":"https:\/\/www.printmaps.net\/es\/agencias-de-diseno-de-impresion\/","title":{"rendered":"Agencias de dise\u00f1o de impresi\u00f3n en todo el mundo"},"content":{"rendered":"<p>Estas Agencias de Dise\u00f1o de Impresi\u00f3n y Dise\u00f1adores gr\u00e1ficos son usuarios experimentados en mapas que han sido creados en <a href=\"https:\/\/www.printmaps.net\/es\/\">Printmaps.net<\/a>. Si necesitas ayuda con tu proyecto de impresi\u00f3n, porte en contacto con cualquiera de estas agencias en el \u00e1rea en el que te encuentres:<\/p>\n<p><strong>Australia<\/strong><\/p>\n<ul>\n<li><a href=\"https:\/\/aquaagency.com.au\">Aqua Agency<\/a>, Sydney (NSW)<\/li>\n<li><a href=\"https:\/\/copycatprint.com.au\/\">Copycatprint<\/a>, Spring Hill (QLD)<\/li>\n<li><a href=\"https:\/\/studiobland.com\">Studio Bland<\/a>, Brisbane (QLD) \/ Melbourne (VIC)<\/li>\n<li><a href=\"https:\/\/yespeach.com.au\">Yes Peach<\/a>, Mackay (QLD)<\/li>\n<\/ul>\n<p><strong>Austria<\/strong><\/p>\n<ul>\n<li><a href=\"https:\/\/www.artgroup.at\/\">ARTGROUP<\/a>, Linz (O\u00d6)<\/li>\n<li><a href=\"http:\/\/www.atteneder.at\/\">Atteneder<\/a>, Steyr (O\u00d6)<\/li>\n<li><a href=\"https:\/\/www.stra.nz\/\">Bernhard Stranz<\/a>, Enzenreith (N\u00d6)<\/li>\n<li><a href=\"https:\/\/www.maeserdruck.at\/\">Druckerei M\u00e4ser<\/a>, Lauterach (V)\u00a0<\/li>\n<li><a href=\"http:\/\/essence.at\/\">Essence<\/a>, Vienna (W)<\/li>\n<li><a href=\"https:\/\/www.gpic.at\/\">Gerhard Pilz<\/a>, Schladming-Rohrmoos (ST)<\/li>\n<li><a href=\"https:\/\/protoss.at\/\">protossdesign<\/a>, Vienna (W)<\/li>\n<li><a href=\"https:\/\/www.karnerkreativ.com\/\">karnerkreativ<\/a>, Dornbirn (V)<\/li>\n<li><a href=\"https:\/\/www.kastner.media\/\">Kastner Media<\/a>, Krems (N\u00d6)<\/li>\n<li><a href=\"https:\/\/www.kreatur.work\/\">kreatur.work<\/a>, Elbigenalp (T)<\/li>\n<li><a href=\"https:\/\/leerzeichen.at\/\">leerzeichen<\/a>, Neumarkt\/Ybbs (N\u00d6)<\/li>\n<li><a href=\"https:\/\/www.marketing-deluxe.at\/\">marketing deluxe<\/a>, Schwaz (T)<\/li>\n<li><a href=\"https:\/\/reallycoolstuff.eu\">Really Cool Stuff<\/a>, Wels (O\u00d6)<\/li>\n<li><a href=\"https:\/\/www.webgrafix.at\/\">webgrafix.at<\/a>, Steyr (O\u00d6)<\/li>\n<li><a href=\"https:\/\/www.webwest.info\/\">Web West<\/a>, Landeck (T)<\/li>\n<\/ul>\n<p><strong>Brazil<\/strong><\/p>\n<ul>\n<li><a href=\"http:\/\/guiteixeira.com.br\">Gui Teixeira<\/a>, Piracicaba (SP)<\/li>\n<li><a href=\"https:\/\/lote42.com.br\">Lote 42<\/a>, S\u00e3o Paulo (SP)<\/li>\n<\/ul>\n<p><strong>Canada<\/strong><\/p>\n<ul>\n<li><a href=\"http:\/\/b3com.com\/\">B3 Communications<\/a>,\u00a0Burnaby (BC)<\/li>\n<li><a href=\"https:\/\/www.bvisualdesign.ca\/\">B Visual Design<\/a>, Kitchener (ON)<\/li>\n<li><a href=\"https:\/\/www.delcaromedia.com\/\">Delcaro Media<\/a>, Kitchener (BC)<\/li>\n<li><a href=\"https:\/\/www.hmdesign.ca\/\">HM Design<\/a>,\u00a0Halifax (NS)<\/li>\n<li><a href=\"https:\/\/moamedia.ca\/\">Moa Media<\/a>, Cumberland (BC)<\/li>\n<li><a href=\"https:\/\/nrgsigns.com\">NRG Signs<\/a>, Virden (MB)<\/li>\n<li><a href=\"https:\/\/bankert.ca\/\">Richard Bankert<\/a>,\u00a0Dauphin (MB)<\/li>\n<li><a href=\"https:\/\/www.vincentleephoto.com\/\">Tora! Creative Strategies<\/a>, Vancouver (BC)<\/li>\n<\/ul>\n<p><strong>Denmark<\/strong><\/p>\n<ul>\n<li><a href=\"https:\/\/czoo.dk\/\">Creative ZOO<\/a>, Aarhus \/ K\u00f8benhavn<\/li>\n<li><a href=\"https:\/\/www.otw.dk\/\">OTW<\/a>,\u00a0Aarhus<\/li>\n<li><a href=\"https:\/\/panoramamedia.dk\/\">Panorama Media<\/a>, Odder<\/li>\n<\/ul>\n<p><strong>Finland<\/strong><\/p>\n<ul>\n<li><a href=\"http:\/\/susalainen.fi\/\">Susa Lainen<\/a>,\u00a0Helsinki<\/li>\n<\/ul>\n<p><strong>France<\/strong><\/p>\n<ul>\n<li><a href=\"https:\/\/www.alpaconseil.com\/\">Alpa-Conseil<\/a>, M\u00e9ry<\/li>\n<li><a href=\"https:\/\/www.imprimerie.fr\/\">Imprimerie Salomon<\/a>, Saint-Jean-de-Maurienne<\/li>\n<\/ul>\n<p><strong>Germany<\/strong><\/p>\n<ul>\n<li><a href=\"https:\/\/agentur-segno.de\/\">agentur-segno<\/a>, Gusterath-Tal (RP)<\/li>\n<li><a href=\"https:\/\/www.agentur-tricon.de\/\">Agentur TRICON Immobilienmarketing<\/a>, Berlin (BE)<\/li>\n<li><a href=\"https:\/\/www.antidot-design.de\/\">antidot Design<\/a>, Klettgau (BW)<\/li>\n<li><a href=\"https:\/\/archwild.studio\/\">arch wild.studio<\/a>, Pullenreuth (BY)<\/li>\n<li><a href=\"https:\/\/www.artizfaction.de\/\">artizfaction design<\/a>, Schondorf am Ammersee (BY)<\/li>\n<li><a href=\"https:\/\/www.aufwind-group.de\/de\">Aufwind Group<\/a>, Malterdingen (BW)<\/li>\n<li><a href=\"https:\/\/bennysgrafikstudio.de\/\">Bennys Grafikstudio<\/a>, Lahr (BW)<\/li>\n<li class=\"elementor-icon-list-item\"><span class=\"elementor-icon-list-text\"><a href=\"https:\/\/www.borrek-design.de\/\">borrek design werbeagentur<\/a>, Ganderkesee (NI)<\/span><\/li>\n<li><a href=\"https:\/\/bureauhog.com\">bureau hog<\/a>, Stuttgart (BW)<\/li>\n<li><a href=\"https:\/\/www.colorplus.de\/\">COLOR+<\/a>, Holzminden (NW)<\/li>\n<li><a href=\"https:\/\/concret.cc\/\">Concret<\/a>,\u00a0Augsburg (BY)<\/li>\n<li><a href=\"https:\/\/www.contentcom.de\/\">Content Company<\/a>, Cologne (NW) \/ Wiesbaden (HE)<\/li>\n<li><a href=\"http:\/\/coolartwork.de\/\">cool artwork<\/a>, D\u00fcsseldorf (NW)<\/li>\n<li><a href=\"https:\/\/crossmediasolutions.de\/\">Cross Media Solutions<\/a>, W\u00fcrzburg (BY)<\/li>\n<li><a href=\"https:\/\/www.das-expose.de\/\">Das Expos\u00e9 Immobilien Marketing<\/a>, N\u00fcrnberg (BY)<\/li>\n<li><a href=\"https:\/\/www.diecreativen.de\/\">Die Creativen<\/a>, Hamburg (HH)<\/li>\n<li><a href=\"https:\/\/www.designbrain.de\/\">designbrain<\/a>, M\u00fcnchen (BY)<\/li>\n<li><a href=\"https:\/\/www.designenergie-werbeagentur.de\/\">designenergie<\/a>, D\u00f6rentrup (NW)<\/li>\n<li><a href=\"https:\/\/www.diemarketingprofiler.de\/\">DIE MARKETINGPROFILER<\/a>, Gie\u00dfen (HE)<\/li>\n<li><a href=\"http:\/\/dreisoerner.com\/\">Dreisoerner<\/a>, M\u00fcnchen (BY)<\/li>\n<li><a href=\"https:\/\/www.druckerei-zschiesche.de\/index.html\">Druckerei Zschiesche<\/a>, Wilkau-Ha\u00dflau (SN)<\/li>\n<li><a href=\"https:\/\/edesign-agentur.de\/\">eDesign Werbeagentur<\/a>, Wangen (BW)<\/li>\n<li><a href=\"https:\/\/egge-design.de\/\">EGGE DESIGN<\/a>, Nieheim (NW)<\/li>\n<li><a href=\"https:\/\/estethik.media\/\">esTethik.media<\/a>, Goslar (NI)<\/li>\n<li><a href=\"http:\/\/fabian-hinzer.com\/\">Fabian Hinzer<\/a>,\u00a0Kaltenkirchen (SH)<\/li>\n<li><a href=\"https:\/\/footprintmedia.de\/\">footprintmedia<\/a>, G\u00fctersloh (NW)<\/li>\n<li><a href=\"https:\/\/www.funconceptgmbh.de\/\">Fun Concept<\/a>, Burscheid (NW)<\/li>\n<li><a href=\"http:\/\/www.gdrei.de\/\">G3 Werbung<\/a>, Paderborn (NW)<\/li>\n<li><a href=\"https:\/\/www.gestalterei.net\/\">Gestalterei<\/a>, Billigheim (BW)<\/li>\n<li><a href=\"https:\/\/www.gipfelwaerts.design\/\">GIPFELW\u00c4RTS.DESIGN<\/a>, M\u00fcnstertal \/ Schwarzwald (BW)<\/li>\n<li><a href=\"https:\/\/www.bewow-grafikdesign.de\/\">Grafikatelier BeWow<\/a>, Freiburg im Breisgau (BW)<\/li>\n<li><a href=\"https:\/\/www.grafik-form-design.de\/\">Grafik-Form-Design<\/a>, Karlsruhe (BW)<\/li>\n<li><a href=\"http:\/\/grafikwienholt.de\/\">grafikwienholt<\/a>, Essen (NW)<\/li>\n<li><a href=\"https:\/\/haardtwind.de\/\">haardtwind<\/a>, Gr\u00fcnstadt (RP)<\/li>\n<li><a href=\"https:\/\/www.heart-advertising.de\/\">Heart Advertising<\/a>, Augsburg (BY)<\/li>\n<li><a href=\"https:\/\/www.loehnig.com\/\">Henrik L\u00f6hnig<\/a>, Hohenbrunn (BY)<\/li>\n<li><a href=\"https:\/\/www.hdruck.com\/\">HERRMANN Druck+Media<\/a>, Sonnenb\u00fchl (BW)<\/li>\n<li><a href=\"https:\/\/hochform.net\/\">HOCHFORM<\/a>,\u00a0Bad Salzdetfurth (NDS)<\/li>\n<li><a href=\"https:\/\/hofmanndruck.de\/\">Hofmann Druck + Medien<\/a>, Traunreut (BY)<\/li>\n<li><a href=\"https:\/\/www.immotions-marketing.de\/\">IMMOTIONS IMMOBILIENMARKETING<\/a>, N\u00fcrnberg (BY)<\/li>\n<li><a href=\"https:\/\/www.itsnot.studio\/\">it&#8217;snot.studio<\/a>, N\u00fcrnberg (BY)<\/li>\n<li><a href=\"https:\/\/jayben.de\/\">Jayben Grafikdesign<\/a>, Berlin (BE)<\/li>\n<li><a href=\"https:\/\/www.jessicasommer.de\/\">Jessica Sommer Kommunikationsdesign<\/a>, Halle (Saale) (ST)<\/li>\n<li><a href=\"https:\/\/www.jr-marketing.de\/\">JR Marketing<\/a>, Limburg an der Lahn (HE)<\/li>\n<li><a href=\"https:\/\/kendesign.de\/\">KENDESIGN<\/a>, Gudensberg (HE)<\/li>\n<li><a href=\"https:\/\/kluck-media.de\/\">Kluck Media<\/a>, W\u00fcrselen (NW)<\/li>\n<li><a href=\"https:\/\/www.kuhstadl.com\/\">Kuhstadl<\/a>,\u00a0Obermaiselstein (BY)<\/li>\n<li><a href=\"https:\/\/www.lehnedesign.de\/\">lehne*design<\/a>, Kressbronn am Bodensee (BW)<\/li>\n<li><a href=\"https:\/\/www.lokboxdesign.de\/\">LOKBOX Design<\/a>, Freiburg im Breisgau (BW)<\/li>\n<li><a href=\"https:\/\/luxus.media\/\">LuxusMEDIA<\/a>, Marburg (HE)<\/li>\n<li><a href=\"https:\/\/www.m100design.de\/\">M100 DESIGN<\/a>, Kaarst (NW)<\/li>\n<li><a href=\"https:\/\/www.marketing-effekt.de\/\">Marketing Effekt<\/a>, Bad Vilbel (HE)<\/li>\n<li><a href=\"https:\/\/www.marketingmanufaktur.com\/\">Marketing Manufaktur<\/a>, Mainz (RP)<\/li>\n<li><a href=\"https:\/\/www.mediabase-werbeagentur.de\/\">mediabase Werbeagentur<\/a>, Haren (Ems) (NI)<\/li>\n<li><a href=\"https:\/\/www.medienhaus-erzgebirge.de\/\">Medienhaus Erzgebirge<\/a>, Zw\u00f6nitz (SN)<\/li>\n<li><a href=\"https:\/\/www.mmsdesign.de\/\">M\u00fcller Meister Schmidt<\/a>, Ummendorf (BW)<\/li>\n<li><a href=\"http:\/\/peter-muench.com\/\">m\u00fcnch<\/a>, Mannheim (BW)<\/li>\n<li><a href=\"https:\/\/www.naujoks-design.de\/\">Naujoks Design<\/a>, Leichlingen (NW)<\/li>\n<li><a href=\"https:\/\/www.netsdirekt.de\/\">NetsDirekt<\/a>, Stuttgart (BW)<\/li>\n<li><a href=\"https:\/\/niederrhein-plakat.de\/\">Niederrhein Werbung<\/a>, Geldern (NW)<\/li>\n<li><a href=\"https:\/\/niklashorn.de\/\">Niklas Horn<\/a>, K\u00f6ln (NW)<\/li>\n<li><a href=\"https:\/\/www.owz-verlag.de\/\">OWZ-Verlags GmbH<\/a>, Hofgeismar (HE)<\/li>\n<li><a href=\"https:\/\/www.pesch-grafik.de\/\">Pesch Graphic Design<\/a>, Metzingen (BW)<\/li>\n<li><a href=\"https:\/\/pz-mediendesign.de\/\">PZ-Mediendesign<\/a>, Gunningen (BW)<\/li>\n<li><a href=\"https:\/\/www.qmarketing.de\/\">Q:marketing<\/a>, M\u00fclheim an der Ruhr (NW)<\/li>\n<li><a href=\"https:\/\/www.rau-design.de\/\">RAU Design und Kommunikation<\/a>, Wiesbaden (HE)<\/li>\n<li><a href=\"https:\/\/saarbourgdesign.de\/\">Saarbourg Design<\/a>, Pohlheim (HE)<\/li>\n<li><a href=\"https:\/\/www.saladmedia.de\/\">saladmedia<\/a>, N\u00fcrnberg (BY)<\/li>\n<li><a href=\"https:\/\/www.scheiwein.com\/\">Scheiwein Mediengestaltung<\/a>, Mudau (BW)<\/li>\n<li><a href=\"https:\/\/schelenz-design.de\/\">schelenz.design<\/a>, Selzen (RP)<\/li>\n<li><a href=\"https:\/\/www.sdz-medien.de\/\">SDZ Medien,<\/a> Aalen (BW)<\/li>\n<li><a href=\"https:\/\/seidenmatt-design.de\/\">seidenmatt design<\/a>, Halle (Saale) (ST)<\/li>\n<li><a href=\"https:\/\/www.7pointmedia.com\/\">seven point.media<\/a>, N\u00fcrnberg (BY)<\/li>\n<li><a href=\"https:\/\/www.siegertypen-design.de\/\">Siegertypen<\/a>, Stuttgart (BW)<\/li>\n<li><a href=\"https:\/\/www.signunddesign.com\/\">Sign + Design<\/a>, Schwalmtal \/ Niederrhein (NW)<\/li>\n<li><a href=\"https:\/\/sparr.media\/\">Sparr Media<\/a>, Kiedrich (HE)<\/li>\n<li><a href=\"https:\/\/www.stadtmauer-design.de\/\">Stadtmauer Design<\/a>, Niederstotzingen (BW)<\/li>\n<li><a href=\"https:\/\/www.steffen-media.de\/\">STEFFEN MEDIA<\/a>, Friedland (NI)<\/li>\n<li><a href=\"https:\/\/www.steinmetz-werbeagentur.de\/\">Steinmetz Werbeagentur<\/a>, Flein (BW)<\/li>\n<li><a href=\"https:\/\/www.studiopro.media\/\">studio pro media<\/a>, Abtsgm\u00fcnd (BW)<\/li>\n<li><a href=\"https:\/\/studioprugger.com\/\">Studio Prugger<\/a>, Berlin (BE)<\/li>\n<li><a href=\"https:\/\/www.teamiken.de\/\">team;iken<\/a>, Wildeshausen \/ Vechta (NI)<\/li>\n<li><a href=\"https:\/\/the-collective.de\/\">the collective<\/a>, Wermelskirchen (NW)<\/li>\n<li><a href=\"https:\/\/www.tnc-group.de\/\">TNC Group<\/a>, Leipzig (SN)<\/li>\n<li><a href=\"http:\/\/uno-bremen.de\/\">Uno Schrift + Grafik<\/a>, Achim (NI)<\/li>\n<li><a href=\"https:\/\/www.plenk.media\/\">Verlag Plenk<\/a>, Berchtesgaden (BY)<\/li>\n<li><a href=\"https:\/\/www.vi-co.com\/\">Vico Visual Concepts<\/a>, Donaueschingen (BW)<\/li>\n<li><a href=\"https:\/\/www.hauer-heinrich.de\/\">Werbeagentur Hauer-Heinrich<\/a>, Passau (BY)<\/li>\n<li><a href=\"https:\/\/www.wds-druck.de\/\">WerbeDruck Schneider<\/a>, Meckesheim (BW)<\/li>\n<li><a href=\"https:\/\/werbejunge.de\/\">Werbejunge<\/a>, D\u00fcsseldorf (NW)<\/li>\n<li><a href=\"https:\/\/werbunghoch2.de\/\">Werbung\u00b2<\/a>,\u00a0Aulendorf (BY)<\/li>\n<li><a href=\"https:\/\/www.whvdesign.de\/\">WHV design GmbH<\/a>, Pirmasens (RP)<\/li>\n<li><a href=\"https:\/\/womenscreative.de\/\">Women&#8217;s Creative Studio<\/a>, Freiburg (BW)<\/li>\n<li><a href=\"https:\/\/zeitgeist.de\/\">Zeitgeist<\/a>, K\u00f6ln (NRW)<\/li>\n<\/ul>\n<p><strong>India<\/strong><\/p>\n<ul>\n<li><a href=\"http:\/\/www.bisconmedia.com\/\">Biscon Media Solutions<\/a>, Ernaculam<\/li>\n<\/ul>\n<p><strong>Italy<\/strong><\/p>\n<ul>\n<li>\n<div class=\"texteditor-inline-lineheight\"><span class=\"texteditor-inline-fontsize\"><a href=\"https:\/\/farbfabrik.it\/\">Farbfabrik KG<\/a>, Percha<\/span><\/div>\n<\/li>\n<li><a href=\"https:\/\/www.geo-marketing.eu\/\">Geomarketing<\/a>, Bozen<\/li>\n<li><a href=\"https:\/\/imecomunicazione.it\/\">IMEComunicazione<\/a>, Napoli<\/li>\n<li><a href=\"https:\/\/www.jolieadv.com\/\">Jolie Advertising<\/a>, Milano<\/li>\n<li><a href=\"https:\/\/linoolmostudio.it\">LO Studio<\/a>, Bergamo<\/li>\n<li><a href=\"https:\/\/www.orasisdesign.it\/\">Studio Orasis Design<\/a>, Cisano sul Neva<\/li>\n<\/ul>\n<p><strong>Ireland<\/strong><\/p>\n<ul>\n<li><a href=\"http:\/\/ballastsigns.ie\/\">Ballast Signs<\/a>, Sligo<\/li>\n<li><a href=\"https:\/\/www.dynamo.ie\/\">Dynamo<\/a>, Dublin<\/li>\n<li><a href=\"https:\/\/www.eyecue.ie\/\">Eyecue<\/a>, Dublin<\/li>\n<\/ul>\n<p><strong>Japan<\/strong><\/p>\n<ul>\n<li><span dir=\"auto\"><span dir=\"auto\"><a href=\"https:\/\/oflow.co.jp\/\">OFLOW Co. Ltd.<\/a>, Tokyo<\/span><\/span><\/li>\n<\/ul>\n<p><strong>Netherlands<\/strong><\/p>\n<ul>\n<li><a href=\"https:\/\/www.andersontwerp.nl\/\">Anders Ontwerp<\/a>, Dongen<\/li>\n<li><a href=\"https:\/\/baasimmedia.nl\/\">Baasimmedia<\/a>, Niewerkerk aan den IJssel<\/li>\n<li><a href=\"https:\/\/communicationpartners.nl\/\">Communication Partners<\/a>, Berkel en Rodenrijs<\/li>\n<li><a href=\"https:\/\/inclusivemedia.nl\/\">Inclusive Media<\/a>,\u00a0Ravenstein<\/li>\n<li><a href=\"https:\/\/www.jacobenjacobus.nl\/\">Jacob &amp; Jacobus<\/a>, Woerden<\/li>\n<li><a href=\"https:\/\/mainstudio.com\/\">Mainstudio<\/a>, Amsterdam<\/li>\n<li><a href=\"https:\/\/mlprint.nl\/\">ML Print<\/a>, Huissen<\/li>\n<li><a href=\"https:\/\/www.panart.nl\/\">PanArt<\/a>, Rhoon<\/li>\n<li><a href=\"https:\/\/studiovoorhuis.nl\/\">Studio Voorhuis<\/a>, Doetinchem<\/li>\n<li><a href=\"https:\/\/www.tenmedia.nl\/\">Ten Media<\/a>, IJmuiden<\/li>\n<\/ul>\n<p><strong>New Zealand<\/strong><\/p>\n<ul>\n<li><a href=\"https:\/\/www.bebright.co.nz\/\">Be Bright Design<\/a>, Tauranga<\/li>\n<li><a href=\"https:\/\/blendcreative.co.nz\/\">Blend Creative &amp; Co.<\/a>, Wanaka<\/li>\n<li><a href=\"http:\/\/brackensprint.co.nz\/\">Brackens Print<\/a>,\u00a0Oamaru (OT)<\/li>\n<li><a href=\"https:\/\/www.detailstudio.co.nz\/\">Detail Studio<\/a>, Auckland<\/li>\n<\/ul>\n<p><strong>Panama<\/strong><\/p>\n<ul>\n<li><a href=\"https:\/\/publicopanama.com\/\">La Cuevita Publi Co<\/a>, Panama City<\/li>\n<\/ul>\n<p><strong>Poland<\/strong><\/p>\n<ul>\n<li><a href=\"https:\/\/mensch.pl\/\">Mensch<\/a>,\u00a0\u0141\u00f3d\u017a<\/li>\n<li><a href=\"https:\/\/www.zu.agency\/\">ZU<\/a>, Gdansk<\/li>\n<\/ul>\n<p><strong>South Africa<\/strong><\/p>\n<ul>\n<li><a href=\"https:\/\/augmentagency.com\/\">Augment Agency<\/a>, Cape Town<\/li>\n<li><a href=\"https:\/\/nexlo.co.za\/\">Nexlo<\/a>, Cape Town<\/li>\n<li><a href=\"https:\/\/simplygraphic.co.za\/\">Simply Graphic<\/a>, Ballitoville<\/li>\n<li><a href=\"https:\/\/sortedadvertising.co.za\/\">Sorted Design International<\/a>, Johannesburg<\/li>\n<li><a href=\"https:\/\/wildweb.co.za\/\">Wildweb<\/a>, Durban<\/li>\n<\/ul>\n<p><strong>Switzerland<\/strong><\/p>\n<ul>\n<li><a href=\"https:\/\/www.design-lounge.ch\/\">Designlounge<\/a>, Samstagern (ZH)<\/li>\n<li><a href=\"https:\/\/marketing-butler.ch\/\">Marketing Butler<\/a>, Winterthur (ZH)<\/li>\n<li><a href=\"https:\/\/media-card.ch\/\">Media Card<\/a>, Scuol (GR)<\/li>\n<li><a href=\"https:\/\/meier.ch\/\">Meier AG<\/a>, Schaffhausen (SH)<\/li>\n<li><a href=\"https:\/\/www.sags.ch\/\">Sags<\/a>, St. Gallen (SG)<\/li>\n<li><a href=\"https:\/\/www.schneiderdruckag.ch\/html\/home\/\">Schneider Druck<\/a>, Z\u00fcrich (ZH)<\/li>\n<li><a href=\"https:\/\/silentstudio.ch\/\">silent studio<\/a>, Cham (ZG)<\/li>\n<\/ul>\n<p><strong>United Kingdom<\/strong><\/p>\n<ul>\n<li><a href=\"http:\/\/madebymint.biz\/\">.mint<\/a>, Ballynure (NI)<\/li>\n<li><a href=\"https:\/\/accentdesign.co.uk\/\">Accent Design<\/a>, Norwich (EN)<\/li>\n<li><a href=\"https:\/\/bird.co.uk\/london\/\">Bird Marketing<\/a>, London (EN)<\/li>\n<li><a href=\"https:\/\/brunolasnier.com\/\">Bruno Lasnier<\/a>, London (EN)<\/li>\n<li><a href=\"https:\/\/www.charlottejewell.co.uk\/\">Charlotte Jewel<\/a>, Southampton (EN)<\/li>\n<li><a href=\"https:\/\/www.cubedcreative.co.uk\/\">Cubed Creative<\/a>, Middlesex (EN)<\/li>\n<li><a href=\"https:\/\/eventdesign.co\/\">eventdesign.co<\/a>, Liverpool (EN)<\/li>\n<li><a href=\"https:\/\/www.eighty.studio\/\">Eighty Studio<\/a>, London (EN)<\/li>\n<li><a href=\"https:\/\/fkcreative.co.uk\/\">FK Creative<\/a>, Birmingham (EN)<\/li>\n<li><a href=\"https:\/\/www.greenwich-design.co.uk\/\">Greenwich Design<\/a>, Greenwich (EN)<\/li>\n<li><a href=\"https:\/\/www.hdmarketing.co.uk\/\">HD Marketing<\/a>, Kent (EN)<\/li>\n<li><a href=\"https:\/\/www.meandhimdesign.co.uk\/\">Me&amp;Him<\/a>, Leicestershire (EN)<\/li>\n<li><a href=\"https:\/\/www.mediadesign-wales.co.uk\/\">Mediadesgin Wales<\/a>, Crickhowell (WL)<\/li>\n<li><a href=\"https:\/\/www.mindofdesign.com\/\">Mind of Design<\/a>, Farnborough (EN)<\/li>\n<li><a href=\"https:\/\/morgan-creative.co.uk\/\">Morgan Creative<\/a>, Farnborough (EN)<\/li>\n<li><a href=\"https:\/\/ninetwo.design\/\">Ninetwo Design<\/a>, Glasgow (SC)<\/li>\n<li><a href=\"https:\/\/oneillsigns.co.uk\/\">O&#8217;Neill Signs<\/a>, Runcorn \/ Cheshire (EN)<\/li>\n<li><a href=\"https:\/\/pelotondesign.co.uk\/\">Peloton Design<\/a>, Bristol (EN)<\/li>\n<li><a href=\"https:\/\/www.plantcreative.co.uk\/\">Plant Creative<\/a>, Great Yarmouth (EN)<\/li>\n<li><a href=\"https:\/\/sanctusmedia.com\/\">Sanctus Media<\/a>, Bo&#8217;ness (SC)<\/li>\n<li><a href=\"https:\/\/signlinkgraphics.co.uk\/\">SignLink<\/a>, Gloucester (EN)<\/li>\n<li><a href=\"https:\/\/signtek.co.uk\/\">Signtek<\/a>, Eastbourne (EN)<\/li>\n<li><a href=\"https:\/\/www.stoplookandlisten.studio\/\">Stop, Look and Listen<\/a>, London (EN)<\/li>\n<li><a href=\"https:\/\/alex-stanley.co.uk\/\">Studio Alex<\/a>, Newcastle (EN)<\/li>\n<li><a href=\"https:\/\/t2design.net\/\">T2 Design<\/a>, Penzance (EN)<\/li>\n<li><a href=\"https:\/\/tasselldesign.co.uk\/\">Tassell Design<\/a>, Desford (EN)<\/li>\n<li><a href=\"https:\/\/wh-studios.uk\/\">The Brand Expert Studio<\/a>, London (EN)<\/li>\n<li><a href=\"https:\/\/theburnsmark.co.uk\/\">The Burns Mark<\/a>, Birmingham (EN)<\/li>\n<li><a href=\"https:\/\/press-gang.co.uk\/\">The Press Gang<\/a>, Essex (EN)<\/li>\n<li><a href=\"https:\/\/www.theflyerdesign.com\/\">The Flyer Design Company<\/a>, Manchester (EN)<\/li>\n<li><a href=\"https:\/\/www.tgocreative.co.uk\/\">T&#8217;Go Creative<\/a>, Perth (SC)<\/li>\n<li><a href=\"https:\/\/www.typestart.co.uk\/\">TypeStart Crest<\/a>, Northamptonshire (EN)<\/li>\n<li><a href=\"http:\/\/wrighttechmedia.com\/\">Wright Tech Media<\/a>, Gibraltar (GI)<\/li>\n<\/ul>\n<p><strong>USA<\/strong><\/p>\n<ul>\n<li><a href=\"https:\/\/410creative.com\/\">410 Creative<\/a>, Las Vegas (NV)<\/li>\n<li><a href=\"https:\/\/www.ampersandcreativeco.com\/\">Ampersand Creative Co.<\/a>, Cranston (RI)<\/li>\n<li><a href=\"http:\/\/www.blacksquare.com\/\">Blacksquare<\/a>, San Francisco (CA)<\/li>\n<li><a href=\"https:\/\/blue541.us\/\">Blue541<\/a>, Coeur d&#8217;Alene (MT)<\/li>\n<li><a href=\"https:\/\/bpprintgroup.com\/\">BP Print Group<\/a>, Lakewood (NJ)<\/li>\n<li><a href=\"https:\/\/www.chrislottcreativestudio.com\/\">Chris Lott Creative Studio<\/a>, Colorado Springs (CO)<\/li>\n<li><a href=\"https:\/\/coveprintinganddesign.com\/\">Cove Printing and Design<\/a>, Woodbury (PA)<\/li>\n<li><a href=\"https:\/\/creativesigncompany.com\/\">Creative Sign Company<\/a>, Green Bay (WI)<\/li>\n<li><a href=\"https:\/\/www.ecoowlpress.com\/\">Eco Owl Press<\/a>, South Bend (IN)<\/li>\n<li><a href=\"https:\/\/www.freebyrdcreative.com\/\">Freebyrd Creative<\/a>, Mesa (AZ)<\/li>\n<li><a href=\"https:\/\/www.grayphoto360.com\/contact\">Grayphoto 360<\/a>, Cincinnati (OH)<\/li>\n<li><a href=\"https:\/\/ilmmarketing.com\/\">ILM Marketing<\/a>, Wilmington (NC)<\/li>\n<li><a href=\"https:\/\/www.kathysmythdesign.com\/\">kathy smith design<\/a>, Bradley Beach (NJ)<\/li>\n<li><a class=\"ssJ7i\" href=\"https:\/\/kenneycom.com\/\" data-ved=\"2ahUKEwiJ0vzKvq6TAxUjS_EDHd04NIsQ_coHegQIIxAB\">Kenney Communications<\/a>, Orlando (FL)<\/li>\n<li><a href=\"https:\/\/kohncreative.com\/\">KOHN Creative<\/a>, Westminster (MD)<\/li>\n<li><a href=\"https:\/\/www.launchprintingandpromotions.com\/\">Launch Printing and Promotions<\/a>, St. Marys (GA)<\/li>\n<li><a href=\"https:\/\/ltdcreative.com\/\">LTD Creative<\/a>, Frederick (MD)<\/li>\n<li><a href=\"https:\/\/www.maywoodprinting.com\/\">Maywood Printing<\/a>, Independence (MO)<\/li>\n<li><a href=\"https:\/\/mcconnellmarketing.com\/\">McConnell Marketing<\/a>, Canfield (OH)<\/li>\n<li><a href=\"https:\/\/memopapergoods.com\/\">Memo Evansville<\/a>, Evansville (IN)<\/li>\n<li><a href=\"https:\/\/www.nantucketstudio.com\/\">Nantucket Studio<\/a>, Nantucket (MA)<\/li>\n<li><a href=\"https:\/\/onitmarketing.com\/\">ONIT Marketing<\/a>, Boise (ID)<\/li>\n<li><a href=\"https:\/\/www.premiersignsdesign.com\/\">Premier Signs Design<\/a>, Pryor (OK)<\/li>\n<li><a href=\"https:\/\/www.printrogue.com\/\">PrintRogue<\/a>, Kalispell (MT)<\/li>\n<li><a href=\"https:\/\/redapplesmedia.com\/\">Red Apples Media<\/a>, Leesburg (FL)<\/li>\n<li><a href=\"https:\/\/southmountainstudio.com\/\">South Mountain Studio<\/a>, New City (NY)<\/li>\n<li><a href=\"https:\/\/signarama.com\/\">Signarama<\/a><\/li>\n<li><a href=\"https:\/\/www.stagemarketing.com\/\">Stage Marketing<\/a>, Pleasant Grove (UT)<\/li>\n<li><a href=\"https:\/\/www.storyhousepro.com\/\">Storyhouse productions<\/a>, Washington D.C. \/ Berlin \/ M\u00fcnchen<\/li>\n<li><a href=\"https:\/\/www.strudelmediadesign.com\/\">strudelmedia design<\/a>, New York City (NY)<\/li>\n<li><a href=\"https:\/\/studiobartlett.com\/\">Studio Bartlett<\/a>, Seattle (WA)<\/li>\n<li><a href=\"https:\/\/sweeney.agency\/\">Sweeney<\/a>, Cleveland (OH) \/ Wilmington (NC) \/ Raleigh (NC)<\/li>\n<li><a href=\"https:\/\/www.verbmarketingpr.com\/\">Verb Marketing + PR<\/a>, Eugene (OR)<\/li>\n<li><a href=\"https:\/\/whitespace3d.com\/\">Whitespace 3D<\/a>, Kodiak (AK)<\/li>\n<\/ul>\n<p>\u00a1Escr\u00edbenos si crees que deber\u00edas estar en esta lista!<\/p>\n\n<div style=\"height:100px\" aria-hidden=\"true\" class=\"wp-block-spacer\"><\/div>\n","protected":false},"excerpt":{"rendered":"<p>Estas Agencias de Dise\u00f1o de Impresi\u00f3n y Dise\u00f1adores gr\u00e1ficos son usuarios experimentados en mapas que han sido creados en Printmaps.net. Si necesitas ayuda con tu proyecto de impresi\u00f3n, porte en contacto con cualquiera de estas agencias en el \u00e1rea en el que te encuentres: Australia Aqua Agency, Sydney (NSW) Copycatprint, Spring Hill (QLD) Studio Bland, [&hellip;]<\/p>\n","protected":false},"author":5,"featured_media":0,"parent":0,"menu_order":0,"comment_status":"closed","ping_status":"closed","template":"","meta":{"_et_pb_use_builder":"","_et_pb_old_content":"","_et_gb_content_width":"","footnotes":""},"class_list":["post-93612","page","type-page","status-publish","hentry"],"_links":{"self":[{"href":"https:\/\/www.printmaps.net\/es\/wp-json\/wp\/v2\/pages\/93612","targetHints":{"allow":["GET"]}}],"collection":[{"href":"https:\/\/www.printmaps.net\/es\/wp-json\/wp\/v2\/pages"}],"about":[{"href":"https:\/\/www.printmaps.net\/es\/wp-json\/wp\/v2\/types\/page"}],"author":[{"embeddable":true,"href":"https:\/\/www.printmaps.net\/es\/wp-json\/wp\/v2\/users\/5"}],"replies":[{"embeddable":true,"href":"https:\/\/www.printmaps.net\/es\/wp-json\/wp\/v2\/comments?post=93612"}],"version-history":[{"count":16,"href":"https:\/\/www.printmaps.net\/es\/wp-json\/wp\/v2\/pages\/93612\/revisions"}],"predecessor-version":[{"id":235803,"href":"https:\/\/www.printmaps.net\/es\/wp-json\/wp\/v2\/pages\/93612\/revisions\/235803"}],"wp:attachment":[{"href":"https:\/\/www.printmaps.net\/es\/wp-json\/wp\/v2\/media?parent=93612"}],"curies":[{"name":"wp","href":"https:\/\/api.w.org\/{rel}","templated":true}]}}