{"id":93620,"date":"2021-07-20T16:48:48","date_gmt":"2021-07-20T14:48:48","guid":{"rendered":"https:\/\/www.printmaps.net\/mapa-viaje-album-fotos\/"},"modified":"2025-10-21T14:26:25","modified_gmt":"2025-10-21T13:26:25","slug":"mapa-viaje-album-fotos","status":"publish","type":"page","link":"https:\/\/www.printmaps.net\/es\/mapa-viaje-album-fotos\/","title":{"rendered":"Crea un mapa con tu viaje para tu \u00e1lbum de fotos"},"content":{"rendered":"\n<div style=\"height:30px\" aria-hidden=\"true\" class=\"wp-block-spacer\"><\/div>\n<div class=\"wp-block-image\">\n<figure class=\"alignleft size-large is-resized\"><img fetchpriority=\"high\" fetchpriority=\"high\" decoding=\"async\" width=\"1024\" height=\"714\" src=\"https:\/\/www.printmaps.net\/wp-content\/uploads\/2020\/06\/photobook-travel-map-1024x714.png\" alt=\"mapa del viaje para tu &#xE1;lbum de fotos\" class=\"wp-image-63746\" style=\"width:479px;height:332px\" srcset=\"https:\/\/www.printmaps.net\/wp-content\/uploads\/2020\/06\/photobook-travel-map-980x683.png 980w, https:\/\/www.printmaps.net\/wp-content\/uploads\/2020\/06\/photobook-travel-map-480x335.png 480w\" sizes=\"(min-width: 0px) and (max-width: 480px) 480px, (min-width: 481px) and (max-width: 980px) 980px, (min-width: 981px) 1024px, 100vw\" \/><\/figure><\/div>\n<p>\u00bfEst\u00e1s buscando crear un mapa de tu viaje para el \u00e1lbum de fotos o blog de viajes? Recopilar todos recuerdos bonitos de tus viajes es una excelente manera de conservar valiosas experiencias. Echa la vista atr\u00e1s, rememora tus mejores momentos y aventuras con un mapa dise\u00f1ado personalmente que muestre los recorridos exactos de tu maravilloso viaje.<\/p>\n\n<p>Con el editor en linea de Printmaps puedes dibujar un recorrido f\u00e1cilmente sobre rutas ya existentes en el \u00e1rea del mapa que selecciones. A\u00f1ade puntos de inter\u00e9s, pa\u00edses y ciudades en diferentes colores y recibe tu mapa en alta resoluci\u00f3n, listo para ser editado e impreso. Descubre m\u00e1s sobre las <a href=\"https:\/\/www.printmaps.net\/es\/caracteristicas\/\">las funcionalidades del editor de Printmaps<\/a>\u00a0y c\u00f3mo usarlas.<\/p>\n\n<div style=\"height:20px\" aria-hidden=\"true\" class=\"wp-block-spacer\"><\/div>\n\n<p><\/p>\n\n<p><\/p>\n\n<div class=\"wp-block-buttons is-content-justification-center is-layout-flex wp-container-core-buttons-is-layout-16018d1d wp-block-buttons-is-layout-flex\">\n<div class=\"wp-block-button has-custom-font-size\" style=\"font-size:18px\"><a class=\"wp-block-button__link has-background wp-element-button\" href=\"https:\/\/www.printmaps.net\/es\/\" style=\"border-radius:10px;background-color:#e5017e\"><p><strong>Empiece a trazar mapas ahora, sin necesidad de registrarse<\/strong><\/p><\/a><\/div>\n<\/div>\n\n<div style=\"height:100px\" aria-hidden=\"true\" class=\"wp-block-spacer\"><\/div>\n\n<p class=\"has-text-align-center\">Nos complace compartir algunas ideas y sugerencias para ayudarte a hacer que el mapa de tu viaje sea tan incre\u00edble como el viaje en s\u00ed.<\/p>\n\n<div style=\"height:44px\" aria-hidden=\"true\" class=\"wp-block-spacer\"><\/div>\n<div class=\"wp-block-image\">\n<figure class=\"alignright size-large is-resized\"><img decoding=\"async\" width=\"1024\" height=\"722\" src=\"https:\/\/www.printmaps.net\/wp-content\/uploads\/2020\/04\/printable-maps-photobook-1024x722.png\" alt=\"mapa para &#xE1;lbum de fotos\" class=\"wp-image-60401\" style=\"width:399px;height:281px\" srcset=\"https:\/\/www.printmaps.net\/wp-content\/uploads\/2020\/04\/printable-maps-photobook-980x691.png 980w, https:\/\/www.printmaps.net\/wp-content\/uploads\/2020\/04\/printable-maps-photobook-480x339.png 480w\" sizes=\"(min-width: 0px) and (max-width: 480px) 480px, (min-width: 481px) and (max-width: 980px) 980px, (min-width: 981px) 1024px, 100vw\" \/><\/figure><\/div>\n<h3 class=\"wp-block-heading\"> Dise\u00f1a tu \u00e1lbum con el mapa de tu viaje con formas de colores<\/h3>\n\n<p>Agrega la forma de un pa\u00eds y elige \u00abinvertir\u00bb. De esta forma, con un solo clic, la frontera del pa\u00eds, ya sea de agua o de tierra, se vuelve del color de su elecci\u00f3n. Por ejemplo, puedes hacerla del color del agua (RGB, 173, 255, 209), o blanco, para diferenciar el pa\u00eds de sus pa\u00edses vecinos y crear un efecto flotante. Seleccionando la opci\u00f3n de ajustar la transparencia de la forma, puedes colorear pa\u00edses sin perder la visualizaci\u00f3n de carreteras, r\u00edos y monta\u00f1as. \u00bfTe gustar\u00eda crear un mapa del mundo y mostrar todos los pa\u00edses que has visitado? Dales a todos un color diferente.<\/p>\n\n<p><\/p>\n\n<p><\/p>\n\n<div style=\"height:30px\" aria-hidden=\"true\" class=\"wp-block-spacer\"><\/div>\n\n<div style=\"height:20px\" aria-hidden=\"true\" class=\"wp-block-spacer\"><\/div>\n<div class=\"wp-block-image\">\n<figure class=\"alignleft size-large is-resized\"><img decoding=\"async\" width=\"1024\" height=\"722\" src=\"https:\/\/www.printmaps.net\/wp-content\/uploads\/2020\/04\/Travel-map-for-photobook-1024x722.png\" alt=\"Crear un mapa del viaje\" class=\"wp-image-60420\" style=\"width:493px;height:348px\" srcset=\"https:\/\/www.printmaps.net\/wp-content\/uploads\/2020\/04\/Travel-map-for-photobook-980x691.png 980w, https:\/\/www.printmaps.net\/wp-content\/uploads\/2020\/04\/Travel-map-for-photobook-480x338.png 480w\" sizes=\"(min-width: 0px) and (max-width: 480px) 480px, (min-width: 481px) and (max-width: 980px) 980px, (min-width: 981px) 1024px, 100vw\" \/><\/figure><\/div>\n<h3 class=\"wp-block-heading\">Utiliza varios marcadores de puntos de inter\u00e9s para mostrar viajes diferentes<\/h3>\n\n<p>Puedes marcar tus lugares de inter\u00e9s con puntos, cuadrados o cualquiera de las formas est\u00e1ndar proporcionadas en el editor. Agrega una etiqueta a los marcadores o numeralos para mostrar el orden cronol\u00f3gico de tu viaje. Tambi\u00e9n, puedes mostrar la etiqueta sin un marcador circundante, como un avi\u00f3n o un ferry. Marca tus restaurantes, caminatas o playas favoritas. Si no puedes encontrar lo que buscas en el editor, carga sus propios marcadores personalizados f\u00e1cilmente.<\/p>\n\n<p><a href=\"https:\/\/www.printmaps.net\/es\/crea-un-mapa-rutas\/\">Crea un mapa de rutas<\/a> f\u00e1cilmente con el editor de rutas que dibuja exactamente los recorridos que hiciste.<\/p>\n\n<div style=\"height:100px\" aria-hidden=\"true\" class=\"wp-block-spacer\"><\/div>\n<div class=\"wp-block-image\">\n<figure class=\"alignright size-large is-resized\"><img loading=\"lazy\" loading=\"lazy\" decoding=\"async\" width=\"1024\" height=\"722\" src=\"https:\/\/www.printmaps.net\/wp-content\/uploads\/2020\/04\/Create-map-with-pins-1024x722.png\" alt=\"mapa con puntos de ubicaci&#xF3;n\" class=\"wp-image-60651\" style=\"width:494px;height:348px\" srcset=\"https:\/\/www.printmaps.net\/wp-content\/uploads\/2020\/04\/Create-map-with-pins-980x691.png 980w, https:\/\/www.printmaps.net\/wp-content\/uploads\/2020\/04\/Create-map-with-pins-480x338.png 480w\" sizes=\"auto, (min-width: 0px) and (max-width: 480px) 480px, (min-width: 481px) and (max-width: 980px) 980px, (min-width: 981px) 1024px, 100vw\" \/><\/figure><\/div>\n<h3 class=\"wp-block-heading\">Combina Printmaps para mostrar tu viaje con una vista del mundo<\/h3>\n\n<p>Si quieres mostrar un primer plano de la ruta de tu viaje y una foto del mundo resaltando el destino, \u00a1combina dos Printmaps! Despu\u00e9s de crear tus mapas, recibe un archivo que ya est\u00e1 listo para ser editado en Photoshop, Illustrator, o cualquier otro programa de edici\u00f3n que quieras usar para los retoques finales y poder unirlos en un mapa personalizado de tu viaje.<\/p>\n\n<p><\/p>\n\n<p><\/p>\n\n<p><\/p>\n\n<div style=\"height:48px\" aria-hidden=\"true\" class=\"wp-block-spacer\"><\/div>\n\n<div class=\"wp-block-group\"><div class=\"wp-block-group__inner-container is-layout-constrained wp-block-group-is-layout-constrained\">\n<h2 class=\"wp-block-heading has-text-align-center has-large-font-size\" style=\"font-style:normal;font-weight:700\">Pruebe Printmaps<\/h2>\n\n\n\n<p class=\"has-text-align-center has-medium-font-size\">Nuestro editor de mapas te permite crear mapas imprimibles de todo el mundo en un abrir y cerrar de ojos.<\/p>\n\n\n\n<div style=\"height:15px\" aria-hidden=\"true\" class=\"wp-block-spacer\"><\/div>\n\n\n\n<div class=\"wp-block-buttons is-content-justification-center is-layout-flex wp-container-core-buttons-is-layout-16018d1d wp-block-buttons-is-layout-flex\">\n<div class=\"wp-block-button has-custom-font-size\" style=\"font-size:18px\"><a class=\"wp-block-button__link has-background wp-element-button\" href=\"https:\/\/www.printmaps.net\/es\/\" style=\"border-radius:10px;background-color:#e5017e\"><p><strong>Cree ahora su primer mapa<\/strong><\/p><\/a><\/div>\n<\/div>\n<\/div><\/div>\n\n<div style=\"height:150px\" aria-hidden=\"true\" class=\"wp-block-spacer\"><\/div>\n\n<div class=\"schema-faq wp-block-yoast-faq-block\"><div class=\"schema-faq-section\" id=\"faq-question-1756799870664\"><strong class=\"schema-faq-question\">\u00bfQu\u00e9 es un mapa de viaje?<\/strong> <p class=\"schema-faq-answer\">Un mapa de viaje es una representaci\u00f3n visual de un recorrido sobre un mapa. Puede incluir elementos como \u00e1reas destacadas, marcadores que se\u00f1alan lugares de inter\u00e9s o rutas. Puede servir como diario continuo para documentar, como plan para viajes pr\u00f3ximos o como recuerdo de un viaje ya realizado.<\/p> <\/div> <div class=\"schema-faq-section\" id=\"faq-question-1756802782886\"><strong class=\"schema-faq-question\"><\/strong> <p class=\"schema-faq-answer\"><\/p> <\/div> <\/div>\n","protected":false},"excerpt":{"rendered":"<p>\u00bfEst\u00e1s buscando crear un mapa de tu viaje para el \u00e1lbum de fotos o blog de viajes? Recopilar todos recuerdos bonitos de tus viajes es una excelente manera de conservar valiosas experiencias. Echa la vista atr\u00e1s, rememora tus mejores momentos y aventuras con un mapa dise\u00f1ado personalmente que muestre los recorridos exactos de tu maravilloso [&hellip;]<\/p>\n","protected":false},"author":19,"featured_media":0,"parent":0,"menu_order":0,"comment_status":"closed","ping_status":"closed","template":"","meta":{"_et_pb_use_builder":"off","_et_pb_old_content":"","_et_gb_content_width":"","footnotes":""},"class_list":["post-93620","page","type-page","status-publish","hentry"],"_links":{"self":[{"href":"https:\/\/www.printmaps.net\/es\/wp-json\/wp\/v2\/pages\/93620","targetHints":{"allow":["GET"]}}],"collection":[{"href":"https:\/\/www.printmaps.net\/es\/wp-json\/wp\/v2\/pages"}],"about":[{"href":"https:\/\/www.printmaps.net\/es\/wp-json\/wp\/v2\/types\/page"}],"author":[{"embeddable":true,"href":"https:\/\/www.printmaps.net\/es\/wp-json\/wp\/v2\/users\/19"}],"replies":[{"embeddable":true,"href":"https:\/\/www.printmaps.net\/es\/wp-json\/wp\/v2\/comments?post=93620"}],"version-history":[{"count":14,"href":"https:\/\/www.printmaps.net\/es\/wp-json\/wp\/v2\/pages\/93620\/revisions"}],"predecessor-version":[{"id":221731,"href":"https:\/\/www.printmaps.net\/es\/wp-json\/wp\/v2\/pages\/93620\/revisions\/221731"}],"wp:attachment":[{"href":"https:\/\/www.printmaps.net\/es\/wp-json\/wp\/v2\/media?parent=93620"}],"curies":[{"name":"wp","href":"https:\/\/api.w.org\/{rel}","templated":true}]}}