{"id":94011,"date":"2021-07-23T16:52:21","date_gmt":"2021-07-23T14:52:21","guid":{"rendered":"https:\/\/www.printmaps.net\/creacion-de-mapas-para-guias-turisticas\/"},"modified":"2025-10-23T11:47:27","modified_gmt":"2025-10-23T10:47:27","slug":"creacion-de-mapas-para-guias-turisticas","status":"publish","type":"page","link":"https:\/\/www.printmaps.net\/es\/creacion-de-mapas-para-guias-turisticas\/","title":{"rendered":"Creaci\u00f3n de Mapas para Gu\u00edas Tur\u00edsticas"},"content":{"rendered":"\n<div style=\"height:32px\" aria-hidden=\"true\" class=\"wp-block-spacer\"><\/div>\n<div class=\"wp-block-image\">\n<figure class=\"alignleft size-large is-resized\"><img fetchpriority=\"high\" fetchpriority=\"high\" decoding=\"async\" width=\"953\" height=\"718\" src=\"https:\/\/www.printmaps.net\/wp-content\/uploads\/2018\/03\/touristmap.png\" alt=\"Mapas para gu&#xED;as tur&#xED;sticas\" class=\"wp-image-28689\" style=\"width:648px;height:486px\"\/><figcaption class=\"wp-element-caption\">\u00a9 Maremonto<\/figcaption><\/figure><\/div>\n<p>Ya sea a una gran ciudad como Nueva York o a una escarpada campi\u00f1a de las remotas Tierras Altas de Escocia: viajar a lugares remotos siempre atraer\u00e1 a la gente. Para asegurarse de que las personas se orienten adecuadamente por estos sitios, se editan una gran cantidad de gu\u00edas tur\u00edsticas. \u00bfY qu\u00e9 gu\u00eda tur\u00edstica estar\u00eda completa sin mapas para ilustrar posibles rutas, puntos de inter\u00e9s y cosas as\u00ed?<\/p>\n\n<p>En esta gu\u00eda te mostraremos c\u00f3mo crear mapas que sean perfectos para gu\u00edas tur\u00edsticas.<\/p>\n\n<div style=\"height:60px\" aria-hidden=\"true\" class=\"wp-block-spacer\"><\/div>\n\n<div class=\"wp-block-buttons is-content-justification-center is-layout-flex wp-container-core-buttons-is-layout-16018d1d wp-block-buttons-is-layout-flex\">\n<div class=\"wp-block-button has-custom-font-size\" style=\"font-size:18px\"><a class=\"wp-block-button__link has-background wp-element-button\" href=\"https:\/\/www.printmaps.net\/es\/\" style=\"border-radius:10px;background-color:#e5017e\"><p><strong>Empiece a trazar mapas ahora, sin necesidad de registrarse<\/strong><\/p><\/a><\/div>\n<\/div>\n\n<div style=\"height:150px\" aria-hidden=\"true\" class=\"wp-block-spacer\"><\/div>\n\n<h3 class=\"wp-block-heading\">Qu\u00e9 ver en un mapa para gu\u00edas tur\u00edsticas<\/h3>\n\n<p>Los puntos de inter\u00e9s, o PDIs, son lugares que normalmente se indican mediante un marcador en un mapa. En turismo, los PDI son vitales, ya que muestran a los turistas d\u00f3nde se pueden encontrar los sitios a visitar, restaurantes o posibles alojamientos.<\/p>\n<div class=\"wp-block-image\">\n<figure class=\"alignright size-large is-resized\"><img decoding=\"async\" width=\"765\" height=\"531\" src=\"https:\/\/www.printmaps.net\/wp-content\/uploads\/2020\/10\/bodensee-karte.jpg\" alt=\"\" class=\"wp-image-70212\" style=\"width:483px;height:335px\" srcset=\"https:\/\/www.printmaps.net\/wp-content\/uploads\/2020\/10\/bodensee-karte.jpg 765w, https:\/\/www.printmaps.net\/wp-content\/uploads\/2020\/10\/bodensee-karte-480x333.jpg 480w\" sizes=\"(min-width: 0px) and (max-width: 480px) 480px, (min-width: 481px) 765px, 100vw\" \/><\/figure><\/div>\n<p>Lo mismo que con cualquier mapa que ha de ayudar a las personas a orientarse, la cartograf\u00eda base utilizada deber\u00eda incluir al menos la red de carreteras y los nombres de los ciudades y sitios. Esto permite ver de un vistazo c\u00f3mo llegar all\u00ed desde todas partes. La topograf\u00eda, es decir, el sombreado de colinas y cosas por el estilo, tiene menos importancia en este caso.<\/p>\n\n<p>Adem\u00e1s, para indicar r\u00e1pidamente el tipo de PDI que es, es vital indicar su funci\u00f3n con el icono correcto. Para hacer esto, aseg\u00farate de usar s\u00edmbolos que sean com\u00fanmente reconocibles, como un avi\u00f3n para los aeropuertos, una hamburguesa para un lugar para comer, o una botella de vino con un vaso para los bares.<\/p>\n\n<div style=\"height:100px\" aria-hidden=\"true\" class=\"wp-block-spacer\"><\/div>\n<div class=\"wp-block-image\">\n<figure class=\"alignleft size-large is-resized\"><img decoding=\"async\" width=\"621\" height=\"438\" src=\"https:\/\/www.printmaps.net\/wp-content\/uploads\/2018\/03\/FreeWebImage-8.png\" alt=\"mapa gu&#xED;a tur&#xED;stica \" class=\"wp-image-28695\" style=\"width:614px;height:433px\"\/><\/figure><\/div>\n<h3 class=\"wp-block-heading\">Rutas de senderismo<\/h3>\n\n<p>Muchos destinos tur\u00edsticos son utilizados por los visitantes para salir y disfrutar de la naturaleza. Trazar las rutas es una buena idea para encontrar los mejores caminos para caminatas o paseos. A diferencia de los mapas descritos anteriormente para los puntos de inter\u00e9s, lo m\u00e1s importante en este tipo de mapas es la inclusi\u00f3n de la topograf\u00eda, por lo que los visitantes ver\u00e1n, de un vistazo r\u00e1pido, si caminar\u00e1n cuesta arriba o si tendr\u00e1n que coger un avi\u00f3n &#8211; lo que no les har\u00eda poner a prueba sus aptitudes f\u00edsicas.<\/p>\n\n<div style=\"height:44px\" aria-hidden=\"true\" class=\"wp-block-spacer\"><\/div>\n\n<h3 class=\"wp-block-heading\">Aprovechando Printmaps<\/h3>\n\n<p>Adem\u00e1s de las otras muchas funcionalidades que ofrece Printmaps, tambi\u00e9n tenemos un geo-codificador incorporado que te permite cargar por lotes y convertir tus direcciones a sus respectivas coordenadas. Realmente es tan f\u00e1cil como copiar y luego pegar datos de una hoja de c\u00e1lculo o una columna de la base de datos. S\u00f3lo haciendo clic en el bot\u00f3n del editor: <img loading=\"lazy\" loading=\"lazy\" decoding=\"async\" src=\"https:\/\/www.printmaps.net\/wp-content\/uploads\/2018\/03\/poibutton.png\" alt=\"\" width=\"58\" height=\"51\"\/>y tendr\u00e1s una vista preliminar. Todo lo que necesitas hacer es pegar el contenido en el campo correspondiente y Printmaps har\u00e1 el resto.<\/p>\n<div class=\"wp-block-image\">\n<figure class=\"aligncenter size-large\"><img loading=\"lazy\" loading=\"lazy\" decoding=\"async\" width=\"1024\" height=\"517\" src=\"https:\/\/www.printmaps.net\/wp-content\/uploads\/2019\/07\/printable-map-batch-geocode-addresses-excel-2-1024x517.gif\" alt=\"Lote de direcciones de geo-codificaci&#xF3;n para mapas imprimibles\" class=\"wp-image-37475\" srcset=\"https:\/\/www.printmaps.net\/wp-content\/uploads\/2019\/07\/printable-map-batch-geocode-addresses-excel-2-1024x517.gif 1024w, https:\/\/www.printmaps.net\/wp-content\/uploads\/2019\/07\/printable-map-batch-geocode-addresses-excel-2-980x495.gif 980w, https:\/\/www.printmaps.net\/wp-content\/uploads\/2019\/07\/printable-map-batch-geocode-addresses-excel-2-480x242.gif 480w\" sizes=\"auto, (min-width: 0px) and (max-width: 480px) 480px, (min-width: 481px) and (max-width: 980px) 980px, (min-width: 981px) 1024px, 100vw\" \/><\/figure><\/div>\n<p>Una vez que nuestro motor de geo-codificaci\u00f3n haya convertido las direcciones a sus respectivas coordenadas, puedes continuar y cambiar el tipo de marcador, el color, el icono o el tama\u00f1o. Todos los puntos de inter\u00e9s se guardar\u00e1n en una capa separada, por lo que una vez que haya descargado su mapa en formato Photoshop, puedes abrirlo y ajustar la posici\u00f3n de los puntos de inter\u00e9s.<\/p>\n\n<div style=\"height:30px\" aria-hidden=\"true\" class=\"wp-block-spacer\"><\/div>\n\n<h3 class=\"wp-block-heading\">Espera, a\u00fan hay m\u00e1s<\/h3>\n\n<p><p>Adem\u00e1s de la capacidad de posicionar tantos puntos de inter\u00e9s como desees, Printmaps ofrece una variedad de herramientas para facilitar tu experiencia. Por ejemplo, si deseas llamar la atenci\u00f3n sobre un pa\u00eds o \u00e1rea municipal espec\u00edfica, puedes utilizar la herramienta de formas de Printmaps. Simplemente haz clic en este bot\u00f3n <img loading=\"lazy\" loading=\"lazy\" decoding=\"async\" src=\"https:\/\/www.printmaps.net\/wp-content\/uploads\/2018\/03\/shapesButton.png\" alt=\"\" width=\"57\" height=\"50\"\/> y busca lo que necesitas.<\/p><\/p>\n\n<figure class=\"wp-block-image size-large\"><img loading=\"lazy\" loading=\"lazy\" decoding=\"async\" width=\"993\" height=\"580\" src=\"https:\/\/www.printmaps.net\/wp-content\/uploads\/2018\/03\/shapetool.png\" alt=\"\" class=\"wp-image-61153\"\/><\/figure>\n<div style=\"height:100px\" aria-hidden=\"true\" class=\"wp-block-spacer\"><\/div>\n<div class=\"wp-block-image\">\n<figure class=\"alignright size-large\"><img loading=\"lazy\" loading=\"lazy\" decoding=\"async\" width=\"621\" height=\"438\" src=\"https:\/\/www.printmaps.net\/wp-content\/uploads\/2018\/03\/FreeWebImage-4.png\" alt=\"\" class=\"wp-image-28655\"\/><\/figure><\/div>\n<p>El uso de figuras no solo ayudar\u00e1 a la persona que utilice el mapa a centrar su atenci\u00f3n en el \u00e1rea que m\u00e1s convenga, pero tambi\u00e9n permitir\u00e1 eliminar las \u00e1reas que no quieras que sean visibles. <\/p>\n\n<div style=\"height:100px\" aria-hidden=\"true\" class=\"wp-block-spacer\"><\/div>\n<div class=\"wp-block-image\">\n<figure class=\"alignleft size-large is-resized\"><img loading=\"lazy\" loading=\"lazy\" decoding=\"async\" width=\"1200\" height=\"800\" src=\"https:\/\/www.printmaps.net\/wp-content\/uploads\/2018\/01\/bodensee-karte.jpg\" alt=\"mapa gu&#xED;a tur&#xED;stica \" class=\"wp-image-27849\" style=\"width:579px;height:385px\"\/><\/figure><\/div>\n<h3 class=\"wp-block-heading\">Creando rutas en unos pocos clics<\/h3>\n\n<p>Puedes incluso a\u00f1adir un paseo por el parque en tus rutas de senderismo. Nuestro editor de rutas no solo te permite dibujar tus rutas a mano alzada, sino que tambi\u00e9n utiliza un asistente que se ajusta magn\u00e9ticamente a las carreteras existentes, lo que  permite, literalmente, crear las rutas que quieras en cuesti\u00f3n de segundos.<\/p>\n\n<p>Pero eso no es todo. Si alguna vez has registrado tus rutas con un dispositivo habilitado para GPS, puedes subir estos archivos, generalmente en formato GPX, al editor y luego se mostrar\u00e1n en tu mapa. Otra gran ventaja: puedes subir tantas rutas como desees, y que quepan en tu mapa.<\/p>\n\n<div style=\"height:100px\" aria-hidden=\"true\" class=\"wp-block-spacer\"><\/div>\n\n<p class=\"has-large-font-size\">Es lo que hagas con esto<\/p>\n\n<p>Elaborar mapas imprimibles para publicaciones implica m\u00e1s que simplemente contar con las herramientas geogr\u00e1ficas adecuadas; se trata de aprovechar tus propios dise\u00f1os e ideas. Con Printmaps, tienes completa flexibilidad, ya sea para elegir el tipo de cartograf\u00eda o seleccionar las caracter\u00edsticas que deseas incluir en tu mapa.<\/p>\n\n<p>Pero la personalizaci\u00f3n no se detiene ah\u00ed. Una vez que hayas creado y descargado tu mapa, las posibilidades son infinitas. \u00bfQuieres mejorar los puntos de inter\u00e9s con detalles adicionales? \u00bfAgregar tus propios logotipos, gr\u00e1ficos o texto? Nuestros mapas se entregan en un formato PSD en capas, lo que te permite modificar cada aspecto, incluso hasta los puntos de inter\u00e9s individuales.<\/p>\n\n<p>\u00bfPor qu\u00e9 no probar nuestro editor y descubrir c\u00f3mo puedes transformar sin esfuerzo tus ideas en el mapa perfecto dise\u00f1ado para su publicaci\u00f3n?<\/p>\n\n<div style=\"height:48px\" aria-hidden=\"true\" class=\"wp-block-spacer\"><\/div>\n\n<div class=\"wp-block-group\"><div class=\"wp-block-group__inner-container is-layout-constrained wp-block-group-is-layout-constrained\">\n<h2 class=\"wp-block-heading has-text-align-center has-large-font-size\" style=\"font-style:normal;font-weight:700\">Pruebe Printmaps<\/h2>\n\n\n\n<p class=\"has-text-align-center has-medium-font-size\">Nuestro editor de mapas te permite crear mapas imprimibles de todo el mundo en un abrir y cerrar de ojos.<\/p>\n\n\n\n<div style=\"height:15px\" aria-hidden=\"true\" class=\"wp-block-spacer\"><\/div>\n\n\n\n<div class=\"wp-block-buttons is-content-justification-center is-layout-flex wp-container-core-buttons-is-layout-16018d1d wp-block-buttons-is-layout-flex\">\n<div class=\"wp-block-button has-custom-font-size\" style=\"font-size:18px\"><a class=\"wp-block-button__link has-background wp-element-button\" href=\"https:\/\/www.printmaps.net\/es\/\" style=\"border-radius:10px;background-color:#e5017e\"><p><strong>Cree ahora su primer mapa<\/strong><\/p><\/a><\/div>\n<\/div>\n<\/div><\/div>\n\n<div style=\"height:150px\" aria-hidden=\"true\" class=\"wp-block-spacer\"><\/div>\n\n<div class=\"schema-faq wp-block-yoast-faq-block\"><div class=\"schema-faq-section\" id=\"faq-question-1757946994908\"><strong class=\"schema-faq-question\">\u00bfPuedo crear el mismo mapa en varios idiomas?<\/strong> <p class=\"schema-faq-answer\">S\u00ed. Usa las funciones \u201cGuardar\u201d y \u201cAbrir\u201d arriba a la derecha del editor para volver a abrir el mismo mapa. Luego puedes cambiar el idioma de las etiquetas en \u201cConfiguraci\u00f3n de estilo avanzada\u201d. Si las etiquetas no est\u00e1n disponibles en el idioma seleccionado, se mostrar\u00e1n en el idioma local.<\/p> <\/div> <div class=\"schema-faq-section\" id=\"faq-question-1757947141133\"><strong class=\"schema-faq-question\"><strong>\u00bfC\u00f3mo visualizo a pie y transporte juntos?<\/strong><\/strong> <p class=\"schema-faq-answer\">Puedes mostrar varios modos de transporte en la misma ruta mostrando un icono del modo junto a la ruta. Es sencillo con la herramienta de dibujo de rutas del editor. Selecciona el modo de transporte, activa \u201cMostrar iconos\u201d y dibuja tu ruta. Puedes mostrar modos distintos para tramos distintos. En rutas dibujadas con la herramienta magnet est\u00e1n disponibles los iconos de peat\u00f3n, bicicleta y coche. Con la herramienta arc-line hay aviones, barcos y trenes. Con la herramienta straight line se pueden seleccionar todos los modos.<\/p> <\/div> <div class=\"schema-faq-section\" id=\"faq-question-1757947701254\"><strong class=\"schema-faq-question\">\u00bfQu\u00e9 ayuda m\u00e1s a quienes visitan por primera vez en un mapa para caminar?<\/strong> <p class=\"schema-faq-answer\">Jerarqu\u00eda clara: POI numerados, nombres cortos, formas de iconos coherentes y una leyenda sencilla. Ofrece estimaciones de tiempo entre grupos en lugar de minutos exactos.<\/p> <\/div> <div class=\"schema-faq-section\" id=\"faq-question-1757948908032\"><strong class=\"schema-faq-question\">\u00bfC\u00f3mo resalto el \u00e1rea de inter\u00e9s de forma elegante?<\/strong> <p class=\"schema-faq-answer\">Lo m\u00e1s f\u00e1cil es resaltar el \u00e1rea administrativa con la herramienta \u201cA\u00f1adir forma geogr\u00e1fica\u201d e invertir la selecci\u00f3n. Despu\u00e9s cambia el color a blanco (o el que prefieras) y define la opacidad ajustando el valor \u201cA\u201d en la herramienta de color. Al aclarar las dem\u00e1s \u00e1reas, el \u00e1rea destacada gana protagonismo.<\/p> <\/div> <\/div>\n","protected":false},"excerpt":{"rendered":"<p>Ya sea a una gran ciudad como Nueva York o a una escarpada campi\u00f1a de las remotas Tierras Altas de Escocia: viajar a lugares remotos siempre atraer\u00e1 a la gente. Para asegurarse de que las personas se orienten adecuadamente por estos sitios, se editan una gran cantidad de gu\u00edas tur\u00edsticas. \u00bfY qu\u00e9 gu\u00eda tur\u00edstica estar\u00eda [&hellip;]<\/p>\n","protected":false},"author":6,"featured_media":0,"parent":0,"menu_order":0,"comment_status":"closed","ping_status":"closed","template":"","meta":{"_et_pb_use_builder":"off","_et_pb_old_content":"","_et_gb_content_width":"","footnotes":""},"class_list":["post-94011","page","type-page","status-publish","hentry"],"_links":{"self":[{"href":"https:\/\/www.printmaps.net\/es\/wp-json\/wp\/v2\/pages\/94011","targetHints":{"allow":["GET"]}}],"collection":[{"href":"https:\/\/www.printmaps.net\/es\/wp-json\/wp\/v2\/pages"}],"about":[{"href":"https:\/\/www.printmaps.net\/es\/wp-json\/wp\/v2\/types\/page"}],"author":[{"embeddable":true,"href":"https:\/\/www.printmaps.net\/es\/wp-json\/wp\/v2\/users\/6"}],"replies":[{"embeddable":true,"href":"https:\/\/www.printmaps.net\/es\/wp-json\/wp\/v2\/comments?post=94011"}],"version-history":[{"count":17,"href":"https:\/\/www.printmaps.net\/es\/wp-json\/wp\/v2\/pages\/94011\/revisions"}],"predecessor-version":[{"id":221928,"href":"https:\/\/www.printmaps.net\/es\/wp-json\/wp\/v2\/pages\/94011\/revisions\/221928"}],"wp:attachment":[{"href":"https:\/\/www.printmaps.net\/es\/wp-json\/wp\/v2\/media?parent=94011"}],"curies":[{"name":"wp","href":"https:\/\/api.w.org\/{rel}","templated":true}]}}