{"id":94018,"date":"2021-07-23T18:35:02","date_gmt":"2021-07-23T16:35:02","guid":{"rendered":"https:\/\/www.printmaps.net\/crea-un-mapa-rutas\/"},"modified":"2025-10-21T14:10:44","modified_gmt":"2025-10-21T13:10:44","slug":"crea-un-mapa-rutas","status":"publish","type":"page","link":"https:\/\/www.printmaps.net\/es\/crea-un-mapa-rutas\/","title":{"rendered":"Crea un mapa de rutas en el editor Printmaps"},"content":{"rendered":"\n<div style=\"height:37px\" aria-hidden=\"true\" class=\"wp-block-spacer\"><\/div>\n\n<div class=\"wp-block-columns is-layout-flex wp-container-core-columns-is-layout-9d6595d7 wp-block-columns-is-layout-flex\">\n<div class=\"wp-block-column is-layout-flow wp-block-column-is-layout-flow\" style=\"flex-basis:66.66%\">\n<figure class=\"wp-block-image size-large is-resized\"><img fetchpriority=\"high\" fetchpriority=\"high\" decoding=\"async\" width=\"1024\" height=\"665\" src=\"https:\/\/www.printmaps.net\/wp-content\/uploads\/2020\/05\/biking-route-map-1024x665.png\" alt=\"crear un mapa de rutas\" class=\"wp-image-62793\" style=\"width:693px;height:449px\" srcset=\"https:\/\/www.printmaps.net\/wp-content\/uploads\/2020\/05\/biking-route-map-980x636.png 980w, https:\/\/www.printmaps.net\/wp-content\/uploads\/2020\/05\/biking-route-map-480x312.png 480w\" sizes=\"(min-width: 0px) and (max-width: 480px) 480px, (min-width: 481px) and (max-width: 980px) 980px, (min-width: 981px) 1024px, 100vw\" \/><\/figure>\n\n\n<div style=\"height:35px\" aria-hidden=\"true\" class=\"wp-block-spacer\"><\/div>\n<\/div>\n\n\n\n<div class=\"wp-block-column is-layout-flow wp-block-column-is-layout-flow\" style=\"flex-basis:33.33%\">\n<p>Nuestro editor de mapas te permite a crear un mapa de rutas en segundos. Al usar el editor de rutas, puedes dibujar una ruta de A a B donde quieras en un mapa mundial. Selecciona si deseas dibujar la ruta en carreteras para caminar, ir en bicicleta o conducir.<\/p>\n\n\n\n<div style=\"height:100px\" aria-hidden=\"true\" class=\"wp-block-spacer\"><\/div>\n\n\n\n<div class=\"wp-block-buttons is-content-justification-center is-layout-flex wp-container-core-buttons-is-layout-16018d1d wp-block-buttons-is-layout-flex\">\n<div class=\"wp-block-button has-custom-font-size\" style=\"font-size:18px\"><a class=\"wp-block-button__link has-background wp-element-button\" href=\"https:\/\/www.printmaps.net\/es\/\" style=\"border-radius:10px;background-color:#e5017e\"><p><strong>Empiece a trazar mapas ahora, sin necesidad de registrarse<\/strong><\/p><\/a><\/div>\n<\/div>\n<\/div>\n<\/div>\n\n<div style=\"height:71px\" aria-hidden=\"true\" class=\"wp-block-spacer\"><\/div>\n\n<h2 class=\"wp-block-heading\">Dibuja rutas en carreteras existentes<\/h2>\n\n<div class=\"wp-block-columns is-layout-flex wp-container-core-columns-is-layout-9d6595d7 wp-block-columns-is-layout-flex\">\n<div class=\"wp-block-column is-layout-flow wp-block-column-is-layout-flow\" style=\"flex-basis:33.33%\">\n<p><p>Elige el color y el grosor de la l\u00ednea o carga tu propia ruta grabada anteriormente. Nuestro editor de rutas no solo te permite dibujar tus rutas a mano alzada, sino que tambi\u00e9n utiliza un asistente que se ajusta magn\u00e9ticamente a las carreteras existentes. As\u00ed, puedes crear el mapa exacto que buscas.<\/p><\/p>\n<\/div>\n\n\n\n<div class=\"wp-block-column is-layout-flow wp-block-column-is-layout-flow\" style=\"flex-basis:66.66%\"><div class=\"wp-block-image\">\n<figure class=\"alignright size-large is-resized\"><img decoding=\"async\" width=\"1024\" height=\"666\" src=\"https:\/\/www.printmaps.net\/wp-content\/uploads\/2020\/05\/route-map-1024x666.png\" alt=\"crear un mapa de rutas\" class=\"wp-image-62795\" style=\"width:690px;height:448px\" srcset=\"https:\/\/www.printmaps.net\/wp-content\/uploads\/2020\/05\/route-map-980x637.png 980w, https:\/\/www.printmaps.net\/wp-content\/uploads\/2020\/05\/route-map-480x312.png 480w\" sizes=\"(min-width: 0px) and (max-width: 480px) 480px, (min-width: 481px) and (max-width: 980px) 980px, (min-width: 981px) 1024px, 100vw\" \/><\/figure><\/div><\/div>\n<\/div>\n\n<div style=\"height:61px\" aria-hidden=\"true\" class=\"wp-block-spacer\"><\/div>\n\n<div class=\"wp-block-columns is-layout-flex wp-container-core-columns-is-layout-9d6595d7 wp-block-columns-is-layout-flex\">\n<div class=\"wp-block-column is-layout-flow wp-block-column-is-layout-flow\" style=\"flex-basis:66.66%\">\n<figure class=\"wp-block-image size-large\"><img decoding=\"async\" width=\"1024\" height=\"665\" src=\"https:\/\/www.printmaps.net\/wp-content\/uploads\/2020\/05\/create-a-route-map-1024x665.png\" alt=\"crear un mapa de rutas\" class=\"wp-image-62794\" srcset=\"https:\/\/www.printmaps.net\/wp-content\/uploads\/2020\/05\/create-a-route-map-980x636.png 980w, https:\/\/www.printmaps.net\/wp-content\/uploads\/2020\/05\/create-a-route-map-480x312.png 480w\" sizes=\"(min-width: 0px) and (max-width: 480px) 480px, (min-width: 481px) and (max-width: 980px) 980px, (min-width: 981px) 1024px, 100vw\" \/><\/figure><\/div>\n\n\n\n<div class=\"wp-block-column is-layout-flow wp-block-column-is-layout-flow\" style=\"flex-basis:33.33%\">\n<h3 class=\"wp-block-heading\">Carga tus propios datos geogr\u00e1ficos<\/h3>\n\n\n\n<p>\u00bfTienes tu ruta guardada en un dispositivo GPS? Puedes cargar estos archivos (GPX, KML, GeoJSON) en el editor y se mostrar\u00e1n en tu mapa. Adem\u00e1s, puedes cargar tantas rutas como desees, y todas se integrar\u00e1n en el mapa. \u00a1Es una gran funcionalidad para mostrar un recorrido en bicicleta!<\/p>\n<\/div>\n<\/div>\n\n<div style=\"height:84px\" aria-hidden=\"true\" class=\"wp-block-spacer\"><\/div>\n\n<div class=\"wp-block-columns is-layout-flex wp-container-core-columns-is-layout-9d6595d7 wp-block-columns-is-layout-flex\">\n<div class=\"wp-block-column is-layout-flow wp-block-column-is-layout-flow\" style=\"flex-basis:66.66%\">\n<figure class=\"wp-block-image size-large\"><img loading=\"lazy\" loading=\"lazy\" decoding=\"async\" width=\"1024\" height=\"714\" src=\"https:\/\/www.printmaps.net\/wp-content\/uploads\/2020\/06\/photobook-travel-map-1024x714.png\" alt=\"mapa de tu viaje para tu &#xE1;lbum de fotos\" class=\"wp-image-63746\" srcset=\"https:\/\/www.printmaps.net\/wp-content\/uploads\/2020\/06\/photobook-travel-map-980x683.png 980w, https:\/\/www.printmaps.net\/wp-content\/uploads\/2020\/06\/photobook-travel-map-480x335.png 480w\" sizes=\"auto, (min-width: 0px) and (max-width: 480px) 480px, (min-width: 481px) and (max-width: 980px) 980px, (min-width: 981px) 1024px, 100vw\" \/><\/figure><\/div>\n\n\n\n<div class=\"wp-block-column is-layout-flow wp-block-column-is-layout-flow\" style=\"flex-basis:33.33%\">\n<h3 class=\"wp-block-heading\">Combina diferentes modos de viaje en un mapa de  una ruta<\/h3>\n\n\n\n<p>Crear un mapa de rutas nunca ha sido tan f\u00e1cil. En el editor puedes combinar diferentes modos de viaje y trazar una ruta en coche, barco o tren.<\/p>\n<\/div>\n<\/div>\n\n<div style=\"height:63px\" aria-hidden=\"true\" class=\"wp-block-spacer\"><\/div>\n\n<h3 class=\"wp-block-heading\">Crea un mapa de rutas en segundos<\/h3>\n\n<p>Adem\u00e1s de las muchas otras funcionalidades que ofrece Printmaps, tambi\u00e9n tenemos un geo-codificador incorporado que te permite cargar por lotes y convertir tus direcciones a sus respectivas coordenadas. Realmente es tan f\u00e1cil como copiar y luego pegar datos de una hoja de c\u00e1lculo o una columna de una base de datos. S\u00f3lo tienes que hacer clic en el bot\u00f3n del editor:<img loading=\"lazy\" loading=\"lazy\" decoding=\"async\" src=\"https:\/\/www.printmaps.net\/wp-content\/uploads\/2018\/03\/poibutton.png\" alt=\"\" width=\"58\" height=\"51\"\/>y tendr\u00e1s una vista preliminar.\u00a0Todo lo que necesitas hacer es pegar tu contenido en los respectivos campos y Printmaps har\u00e1 el resto.<\/p>\n\n<p>Una vez que nuestro motor de geocodificaci\u00f3n convierta las direcciones en sus respectivas coordenadas, puedes cambiar el tipo de marcador, el color, el icono o su tama\u00f1o. Todos los puntos de inter\u00e9s se guardar\u00e1n en una capa separada, por lo que una vez que hayas descargado tu mapa en formato Photoshop, puedes abrirlo y ajustar la posici\u00f3n de sus puntos de inter\u00e9s.<\/p>\n\n<div style=\"height:61px\" aria-hidden=\"true\" class=\"wp-block-spacer\"><\/div>\n\n<h3 class=\"wp-block-heading\">Descarga tu mapa de ruta con capas<\/h3>\n\n<p><p>Descarga tu mapa de rutas como un archivo PSD o SVG en capas y \u00e1brelo en Photoshop o Illustrator. De esta manera, a\u00fan puedes ajustar f\u00e1cilmente las capas que te gustar\u00eda que estuvieran visibles en tu mapa y d\u00f3nde exactamente te gustar\u00eda colocarlas. Elimina, mueve o agrega texto, cambia colores y muestra u oculta capas. \u00a1Las opciones son infinitas, por lo que podr\u00e1s encontrar la que mejor se adapte a tus necesidades espec\u00edficas!<\/p><\/p>\n\n<div class=\"wp-block-columns is-layout-flex wp-container-core-columns-is-layout-9d6595d7 wp-block-columns-is-layout-flex\">\n<div class=\"wp-block-column is-layout-flow wp-block-column-is-layout-flow\">\n<figure class=\"wp-block-image size-large\"><img decoding=\"async\" src=\"https:\/\/www.printmaps.net\/wp-content\/uploads\/2020\/06\/layered-map-in-illustrator.png\" alt=\"mapa en capas\" class=\"wp-image-64211\"\/><\/figure><\/div>\n\n\n\n<div class=\"wp-block-column is-layout-flow wp-block-column-is-layout-flow\">\n<figure class=\"wp-block-image size-large is-resized\"><img loading=\"lazy\" loading=\"lazy\" decoding=\"async\" width=\"1024\" height=\"550\" src=\"https:\/\/www.printmaps.net\/wp-content\/uploads\/2020\/05\/london-map-with-layers-1024x550.png\" alt=\"Mapa con capas\" class=\"wp-image-63106\" style=\"width:824px;height:442px\" srcset=\"https:\/\/www.printmaps.net\/wp-content\/uploads\/2020\/05\/london-map-with-layers-980x526.png 980w, https:\/\/www.printmaps.net\/wp-content\/uploads\/2020\/05\/london-map-with-layers-480x258.png 480w\" sizes=\"auto, (min-width: 0px) and (max-width: 480px) 480px, (min-width: 481px) and (max-width: 980px) 980px, (min-width: 981px) 1024px, 100vw\" \/><\/figure><\/div>\n<\/div>\n\n<div style=\"height:69px\" aria-hidden=\"true\" class=\"wp-block-spacer\"><\/div>\n\n<h4 class=\"wp-block-heading\">Todo depende de c\u00f3mo lo uses<\/h4>\n\n<p>Crear mapas imprimibles para una publicaci\u00f3n no es solo cuesti\u00f3n de contar con las herramientas geogr\u00e1ficas adecuadas, tambi\u00e9n se trata de utilizar tus propios dise\u00f1os o ideas. Con Printmaps, obtienes total flexibilidad, ya sea en el tipo de cartograf\u00eda utilizado o en los tipos de caracter\u00edsticas incluidas en tu mapa. Y una vez que hayas creado y descargado tu mapa, no termina ah\u00ed. \u00bfQuieres agregar m\u00e1s detalles a los puntos de inter\u00e9s, a\u00f1adir tus propios logotipos, m\u00e1s gr\u00e1ficos o algo de texto? Es por eso que creamos tu mapa en un formato PSD en capas, lo que te permite cambiar pr\u00e1cticamente cualquier cosa que hayas agregado a tu mapa, incluso los puntos de inter\u00e9s individuales. Entonces, \u00bfpor qu\u00e9 no pruebas nuestro editor y ves c\u00f3mo puedes transformar tus ideas en tu mapa ideal listo para ser publicado?<\/p>\n\n<div style=\"height:20px\" aria-hidden=\"true\" class=\"wp-block-spacer\"><\/div>\n\n<div style=\"height:38px\" aria-hidden=\"true\" class=\"wp-block-spacer\"><\/div>\n\n<div class=\"wp-block-group\"><div class=\"wp-block-group__inner-container is-layout-constrained wp-block-group-is-layout-constrained\">\n<h2 class=\"wp-block-heading has-text-align-center has-large-font-size\" style=\"font-style:normal;font-weight:700\">Pruebe Printmaps<\/h2>\n\n\n\n<p class=\"has-text-align-center has-medium-font-size\">Nuestro editor de mapas te permite crear mapas imprimibles de todo el mundo en un abrir y cerrar de ojos.<\/p>\n\n\n\n<div style=\"height:15px\" aria-hidden=\"true\" class=\"wp-block-spacer\"><\/div>\n\n\n\n<div class=\"wp-block-buttons is-content-justification-center is-layout-flex wp-container-core-buttons-is-layout-16018d1d wp-block-buttons-is-layout-flex\">\n<div class=\"wp-block-button has-custom-font-size\" style=\"font-size:18px\"><a class=\"wp-block-button__link has-background wp-element-button\" href=\"https:\/\/www.printmaps.net\/es\/\" style=\"border-radius:10px;background-color:#e5017e\"><p><strong>Cree ahora su primer mapa<\/strong><\/p><\/a><\/div>\n<\/div>\n<\/div><\/div>\n\n<div style=\"height:150px\" aria-hidden=\"true\" class=\"wp-block-spacer\"><\/div>\n\n<div class=\"schema-faq wp-block-yoast-faq-block\"><div class=\"schema-faq-section\" id=\"faq-question-1757594535611\"><strong class=\"schema-faq-question\">\u00bfC\u00f3mo creo un mapa de ruta imprimible a partir de mi GPX?<\/strong> <p class=\"schema-faq-answer\">Sube tu GPX (o KML\/GeoJSON) al editor de Printmaps, define el estilo de la l\u00ednea, a\u00f1ade POI si hace falta y luego descarga un PSD, SVG o PNG en alta resoluci\u00f3n para imprimir.<\/p> <\/div> <div class=\"schema-faq-section\" id=\"faq-question-1757594613061\"><strong class=\"schema-faq-question\">\u00bfPuedo dibujar rutas que no sigan una pista o carretera existente?<\/strong> <p class=\"schema-faq-answer\">S\u00ed. Puedes dibujar l\u00edneas rectas o curvas en el mapa haciendo clic en el mapa con la herramienta de rutas.<\/p> <\/div> <div class=\"schema-faq-section\" id=\"faq-question-1757594734392\"><strong class=\"schema-faq-question\">\u00bfEn qu\u00e9 formatos puedo exportar para impresi\u00f3n profesional?<\/strong> <p class=\"schema-faq-answer\">Ofrecemos nuestros mapas como PNG, PSD y SVG. Todos sirven para impresi\u00f3n profesional, pero PSD\/SVG conservan capas editables para una posproducci\u00f3n precisa.<\/p> <\/div> <div class=\"schema-faq-section\" id=\"faq-question-1757594812985\"><strong class=\"schema-faq-question\">\u00bfQu\u00e9 resoluci\u00f3n de impresi\u00f3n entregan?<\/strong> <p class=\"schema-faq-answer\">Los PNG y los PSD vienen a 300 dpi, mientras que los SVG se escalan a cualquier tama\u00f1o.<\/p> <\/div> <div class=\"schema-faq-section\" id=\"faq-question-1757596674420\"><strong class=\"schema-faq-question\">\u00bfPuedo subir varias rutas para una traves\u00eda de varios d\u00edas?<\/strong> <p class=\"schema-faq-answer\">S\u00ed, puedes subir tantas rutas como quieras. Solo evita recargar el mapa para que siga siendo legible.<\/p> <\/div> <div class=\"schema-faq-section\" id=\"faq-question-1757596706754\"><strong class=\"schema-faq-question\">\u00bfC\u00f3mo imprimo una ruta de Strava o Komoot?<\/strong> <p class=\"schema-faq-answer\"><p>Para cualquiera de los dos, puedes exportar la ruta como GPX e insertarla en nuestro editor de mapas. En Komoot, puedes iniciar sesi\u00f3n en tu cuenta desde el editor y acceder a tus rutas guardadas, como se explica m\u00e1s adelante <a href=\"\/es\/imprime-komoot-recorridos\/\">en este art\u00edculo<\/a>.<\/p><\/p> <\/div> <div class=\"schema-faq-section\" id=\"faq-question-1757596913662\"><strong class=\"schema-faq-question\">\u00bfEl editor mantiene capas para etiquetas, rutas y formas?<\/strong> <p class=\"schema-faq-answer\">S\u00ed. Cada elemento visible en el mapa se guarda en una capa separada si eliges un PSD o un SVG. Esto incluye elementos del mapa, como carreteras, masas de agua o relieve, y tambi\u00e9n cada elemento que a\u00f1adas, como rutas, pines o formas.<\/p> <\/div> <div class=\"schema-faq-section\" id=\"faq-question-1757597038576\"><strong class=\"schema-faq-question\">\u00bfPuedo personalizar el color, el grosor y el estilo de la ruta?<\/strong> <p class=\"schema-faq-answer\">Claro. Puedes elegir el color por clic o por c\u00f3digo hex, definir el grosor de la ruta y elegir mostrar u ocultar el modo de transporte utilizado.<\/p> <\/div> <div class=\"schema-faq-section\" id=\"faq-question-1757598652999\"><strong class=\"schema-faq-question\">\u00bfC\u00f3mo a\u00f1ado un perfil de elevaci\u00f3n a mi mapa de ruta?<\/strong> <p class=\"schema-faq-answer\"><p>Puedes crear gratis un perfil de elevaci\u00f3n que acompa\u00f1e tu mapa en nuestro <a href=\"\/es\/editor-de-perfil-de-elevacion\/\">Generador de Perfiles de Elevaci\u00f3n<\/a>. Puedes subir tu ruta como GPX, KML o GeoJSON y recibir\u00e1s el resultado en PNG, PDF y SVG, con opci\u00f3n de personalizarlo antes.<\/p><\/p> <\/div> <\/div>\n","protected":false},"excerpt":{"rendered":"<p>Nuestro editor de mapas te permite a crear un mapa de rutas en segundos. Al usar el editor de rutas, puedes dibujar una ruta de A a B donde quieras en un mapa mundial. Selecciona si deseas dibujar la ruta en carreteras para caminar, ir en bicicleta o conducir. Dibuja rutas en carreteras existentes Elige [&hellip;]<\/p>\n","protected":false},"author":19,"featured_media":0,"parent":0,"menu_order":0,"comment_status":"closed","ping_status":"closed","template":"","meta":{"_et_pb_use_builder":"off","_et_pb_old_content":"","_et_gb_content_width":"","footnotes":""},"class_list":["post-94018","page","type-page","status-publish","hentry"],"_links":{"self":[{"href":"https:\/\/www.printmaps.net\/es\/wp-json\/wp\/v2\/pages\/94018","targetHints":{"allow":["GET"]}}],"collection":[{"href":"https:\/\/www.printmaps.net\/es\/wp-json\/wp\/v2\/pages"}],"about":[{"href":"https:\/\/www.printmaps.net\/es\/wp-json\/wp\/v2\/types\/page"}],"author":[{"embeddable":true,"href":"https:\/\/www.printmaps.net\/es\/wp-json\/wp\/v2\/users\/19"}],"replies":[{"embeddable":true,"href":"https:\/\/www.printmaps.net\/es\/wp-json\/wp\/v2\/comments?post=94018"}],"version-history":[{"count":25,"href":"https:\/\/www.printmaps.net\/es\/wp-json\/wp\/v2\/pages\/94018\/revisions"}],"predecessor-version":[{"id":221723,"href":"https:\/\/www.printmaps.net\/es\/wp-json\/wp\/v2\/pages\/94018\/revisions\/221723"}],"wp:attachment":[{"href":"https:\/\/www.printmaps.net\/es\/wp-json\/wp\/v2\/media?parent=94018"}],"curies":[{"name":"wp","href":"https:\/\/api.w.org\/{rel}","templated":true}]}}