{"id":94070,"date":"2021-07-24T17:57:56","date_gmt":"2021-07-24T15:57:56","guid":{"rendered":"https:\/\/www.printmaps.net\/real-estate-flyers\/"},"modified":"2025-10-24T10:35:54","modified_gmt":"2025-10-24T09:35:54","slug":"folleto-inmobiliario","status":"publish","type":"page","link":"https:\/\/www.printmaps.net\/es\/folleto-inmobiliario\/","title":{"rendered":"Mapas inmobiliarios para tus folletos y expos\u00e9s inmobiliarios"},"content":{"rendered":"\n<div style=\"height:32px\" aria-hidden=\"true\" class=\"wp-block-spacer\"><\/div>\n<div class=\"wp-block-image\">\n<figure class=\"alignleft size-large is-resized\"><img fetchpriority=\"high\" fetchpriority=\"high\" decoding=\"async\" width=\"1024\" height=\"729\" src=\"https:\/\/www.printmaps.net\/wp-content\/uploads\/2020\/05\/images2-1-1024x729.png\" alt=\"folletos inmobiliarios\" class=\"wp-image-63048\" style=\"width:680px;height:484px\" srcset=\"https:\/\/www.printmaps.net\/wp-content\/uploads\/2020\/05\/images2-1-1024x729.png 1024w, https:\/\/www.printmaps.net\/wp-content\/uploads\/2020\/05\/images2-1-980x698.png 980w, https:\/\/www.printmaps.net\/wp-content\/uploads\/2020\/05\/images2-1-480x342.png 480w\" sizes=\"(min-width: 0px) and (max-width: 480px) 480px, (min-width: 481px) and (max-width: 980px) 980px, (min-width: 981px) 1024px, 100vw\" \/><\/figure><\/div>\n<p><p>Los <strong>folletos inmobiliarios<\/strong> m\u00e1s efectivos a menudo presentan <strong>mapas<\/strong> meticulosamente elaborados. Ya sea que seas un agente de bienes ra\u00edces experimentado con el objetivo de aumentar las ventas o un dise\u00f1ador gr\u00e1fico especializado en <strong>marketing inmobiliario<\/strong>, tu objetivo es crear <strong>folletos cautivadores<\/strong> que atraigan e informen a posibles compradores. Aqu\u00ed es donde Printmaps entra en juego. Nuestro editor de mapas te permite personalizar mapas f\u00e1cilmente, mejorando tus invitaciones a jornadas de puertas abiertas, actualizaciones de mercado, anuncios de propiedades vendidas recientemente y folletos de nuevas listas.<\/p><\/p>\n\n<p><p>Descubre las <a href=\"\/es\/caracteristicas\/\">amplias caracter\u00edsticas del editor de Printmaps<\/a>\u00a0para desbloquear todo su potencial en tus esfuerzos de marketing inmobiliario.<\/p><\/p>\n\n<div class=\"wp-block-buttons is-content-justification-center is-layout-flex wp-container-core-buttons-is-layout-16018d1d wp-block-buttons-is-layout-flex\">\n<div class=\"wp-block-button has-custom-font-size\" style=\"font-size:18px\"><a class=\"wp-block-button__link has-background wp-element-button\" href=\"https:\/\/www.printmaps.net\/es\/\" style=\"border-radius:10px;background-color:#e5017e\"><p><strong>Empiece a trazar mapas ahora, sin necesidad de registrarse<\/strong><\/p><\/a><\/div>\n<\/div>\n\n<div style=\"height:54px\" aria-hidden=\"true\" class=\"wp-block-spacer\"><\/div>\n\n<h2 class=\"wp-block-heading\">El papel de los mapas en los folletos inmobiliarios<\/h2>\n\n<p><p>En el mercado inmobiliario actual, los folletos y <strong>expos\u00e9s<\/strong> siguen siendo herramientas poderosas para mostrar jornadas de puertas abiertas, informes de mercado y ventas anteriores. Ofrecen una oportunidad ideal para presentar directamente tu marca a trav\u00e9s de fotograf\u00edas de alta calidad, un uso consistente de los colores de la marca y, sobre todo, <strong>mapas inmobiliarios<\/strong> personalizados.<\/p><\/p>\n\n<p><p>Con Printmaps, puedes descargar <strong>mapas en alta resoluci\u00f3n<\/strong> de cualquier ubicaci\u00f3n a 300 dpi e incorporar puntos de inter\u00e9s esenciales en los vecindarios. Esto garantiza que la calidad de los mapas se mantenga intacta cuando se utilicen en la impresi\u00f3n de tus <strong>folletos<\/strong> o <strong>expos\u00e9s inmobiliarios<\/strong>.<\/p><\/p>\n\n<h2 class=\"wp-block-heading\">Ejemplos de folletos inmobiliarios con mapas<\/h2>\n<div class=\"wp-block-image\">\n<figure class=\"aligncenter size-large\"><img decoding=\"async\" width=\"1024\" height=\"458\" src=\"https:\/\/www.printmaps.net\/wp-content\/uploads\/2020\/05\/images-1024x458.png\" alt=\"Mapas inmobiliarios\" class=\"wp-image-63047\" srcset=\"https:\/\/www.printmaps.net\/wp-content\/uploads\/2020\/05\/images-980x439.png 980w, https:\/\/www.printmaps.net\/wp-content\/uploads\/2020\/05\/images-480x215.png 480w\" sizes=\"(min-width: 0px) and (max-width: 480px) 480px, (min-width: 481px) and (max-width: 980px) 980px, (min-width: 981px) 1024px, 100vw\" \/><\/figure><\/div>\n<p><p>Para los folletos inmobiliarios, brochures o descripciones de propiedades, es crucial que las im\u00e1genes de los mapas tengan alta resoluci\u00f3n. Esto garantiza claridad y evita la impresi\u00f3n de mapas pixelados. Al <a href=\"https:\/\/www.zillow.com\/blog\/15-words-that-add-value-171182\/\" target=\"_blank\" rel=\"noreferrer noopener\">optimizar tus folletos inmobiliarios<\/a>, el uso estrat\u00e9gico de palabras como \u00ablujoso\u00bb puede mejorar significativamente los precios de venta. Naturalmente, no querr\u00edas comprometer el valor de tus folletos inmobiliarios de lujo con im\u00e1genes de baja calidad.<\/p><\/p>\n\n<div style=\"height:44px\" aria-hidden=\"true\" class=\"wp-block-spacer\"><\/div>\n<div class=\"wp-block-image\">\n<figure class=\"alignleft size-large is-resized\"><img decoding=\"async\" width=\"1024\" height=\"665\" src=\"https:\/\/www.printmaps.net\/wp-content\/uploads\/2020\/05\/Real-Estate-Flyers-1024x665.png\" alt=\"Mapas inmobiliarios\" class=\"wp-image-63054\" style=\"width:617px;height:401px\" srcset=\"https:\/\/www.printmaps.net\/wp-content\/uploads\/2020\/05\/Real-Estate-Flyers-980x636.png 980w, https:\/\/www.printmaps.net\/wp-content\/uploads\/2020\/05\/Real-Estate-Flyers-480x312.png 480w\" sizes=\"(min-width: 0px) and (max-width: 480px) 480px, (min-width: 481px) and (max-width: 980px) 980px, (min-width: 981px) 1024px, 100vw\" \/><\/figure><\/div>\n<h3 class=\"wp-block-heading\">La importancia de los mapas en los folletos inmobiliarios<\/h3>\n\n<p><p>Los mapas inmobiliarios son una parte insustituible del marketing inmobiliario. Las personas que buscan un nuevo hogar sienten la curiosidad de conocer los alrededores de su posible nueva casa. Ejemplos de lo que quieren saber son: \u00bfHay una buena escuela cerca a la que puedan ir sus hijos, <strong>un parque<\/strong> para pasear a su perro y qu\u00e9 <strong>restaurantes<\/strong> hay en el barrio? \u00bfCu\u00e1l es el<strong> hospital<\/strong> m\u00e1s cercano? \u00bfC\u00f3mo es la red de carreteras? \u00bfPueden llegar f\u00e1cilmente a su trabajo? Si deseas hacer grandes folletos inmobiliarios, es muy importante mapear el entorno.<\/p><\/p>\n\n<p><\/p>\n\n<div style=\"height:44px\" aria-hidden=\"true\" class=\"wp-block-spacer\"><\/div>\n\n<h3 class=\"wp-block-heading\">Creatividad sin fin al editar en Illustrator o Photoshop<\/h3>\n\n<p><p>Cuando buscas folletos inmobiliarios verdaderamente excepcionales y llamativos, optar por un formato est\u00e1ndar elegido por tus competidores no ser\u00e1 suficiente. Es probable que ya est\u00e9s utilizando herramientas de edici\u00f3n como Illustrator o Photoshop. Con Printmaps, puedes descargar f\u00e1cilmente un archivo PSD o SVG en capas, que luego puedes abrir en Illustrator o Photoshop para <strong>personalizar el mapa a tu gusto<\/strong>.<\/p><\/p>\n\n<p>Si no est\u00e1s familiarizado con estos programas pero a\u00fan as\u00ed deseas un dise\u00f1o de mapa simple y elegante, Printmaps tiene la soluci\u00f3n para ti. Puedes finalizar el mapa directamente en el editor de Printmaps y descargarlo como un archivo PNG. Incorp\u00f3ralo en tu folleto de vecindario inmobiliario y observa c\u00f3mo cautiva a innumerables compradores potenciales, despertando su inter\u00e9s y admiraci\u00f3n.<\/p>\n<div class=\"wp-block-image\">\n<figure class=\"aligncenter size-large\"><img decoding=\"async\" src=\"https:\/\/www.printmaps.net\/wp-content\/uploads\/2020\/06\/layered-map-in-illustrator.png\" alt=\"mapa en capas\" class=\"wp-image-64211\"\/><\/figure><\/div>\n<div style=\"height:51px\" aria-hidden=\"true\" class=\"wp-block-spacer\"><\/div>\n\n<div class=\"wp-block-group\"><div class=\"wp-block-group__inner-container is-layout-constrained wp-block-group-is-layout-constrained\">\n<h2 class=\"wp-block-heading has-text-align-center has-large-font-size\" style=\"font-style:normal;font-weight:700\">Pruebe Printmaps<\/h2>\n\n\n\n<p class=\"has-text-align-center has-medium-font-size\">Nuestro editor de mapas te permite crear mapas imprimibles de todo el mundo en un abrir y cerrar de ojos.<\/p>\n\n\n\n<div style=\"height:15px\" aria-hidden=\"true\" class=\"wp-block-spacer\"><\/div>\n\n\n\n<div class=\"wp-block-buttons is-content-justification-center is-layout-flex wp-container-core-buttons-is-layout-16018d1d wp-block-buttons-is-layout-flex\">\n<div class=\"wp-block-button has-custom-font-size\" style=\"font-size:18px\"><a class=\"wp-block-button__link has-background wp-element-button\" href=\"https:\/\/www.printmaps.net\/es\/\" style=\"border-radius:10px;background-color:#e5017e\"><p><strong>Cree ahora su primer mapa<\/strong><\/p><\/a><\/div>\n<\/div>\n<\/div><\/div>\n<div class=\"wp-block-image\">\n<figure class=\"alignright size-large is-resized\"><img decoding=\"async\" src=\"https:\/\/www.printmaps.net\/wp-content\/uploads\/2020\/05\/Real-Estate-expose2-1024x746.png\" alt=\"\" class=\"wp-image-63051\" style=\"width:667px;height:486px\"\/><\/figure><\/div>\n<p><p>Si bien la impresi\u00f3n sigue siendo una herramienta vital para el marketing inmobiliario, las estrategias modernas a menudo implican una combinaci\u00f3n de enfoques. El <strong>marketing por correo electr\u00f3nico<\/strong>, en particular, puede resultar altamente efectivo para <a href=\"https:\/\/www.wordstream.com\/blog\/ws\/2015\/04\/16\/real-estate-marketing\">cultivar relaciones con los clientes<\/a> dentro de la industria inmobiliaria. Por ejemplo, hacer un seguimiento con un bolet\u00edn informativo despu\u00e9s de que un posible comprador visite una de tus jornadas de puertas abiertas presenta una excelente oportunidad para mostrar otras propiedades disponibles en el mismo vecindario.<\/p><\/p>\n\n<p>Mejorar tus boletines informativos con mapas inmobiliarios de alta calidad agrega un nivel adicional de participaci\u00f3n y atractivo visual, mostrando eficazmente jornadas de puertas abiertas, listados y los vecindarios circundantes.<\/p>\n\n<div style=\"height:100px\" aria-hidden=\"true\" class=\"wp-block-spacer\"><\/div>\n<div class=\"wp-block-image\">\n<figure class=\"alignleft size-large is-resized\"><img loading=\"lazy\" loading=\"lazy\" decoding=\"async\" width=\"1024\" height=\"665\" src=\"https:\/\/www.printmaps.net\/wp-content\/uploads\/2020\/05\/biking-route-map-1024x665.png\" alt=\"crear un mapa con rutas\" class=\"wp-image-62793\" style=\"width:593px;height:385px\" srcset=\"https:\/\/www.printmaps.net\/wp-content\/uploads\/2020\/05\/biking-route-map-980x636.png 980w, https:\/\/www.printmaps.net\/wp-content\/uploads\/2020\/05\/biking-route-map-480x312.png 480w\" sizes=\"auto, (min-width: 0px) and (max-width: 480px) 480px, (min-width: 481px) and (max-width: 980px) 980px, (min-width: 981px) 1024px, 100vw\" \/><\/figure><\/div>\n<h3 class=\"wp-block-heading\">Usa el editor para mostrar direcciones<\/h3>\n\n<p>Nuestro editor de rutas ofrece m\u00e1s que simplemente la capacidad de dibujar rutas a mano alzada. Cuenta con un asistente que se adhiere magn\u00e9ticamente a las carreteras existentes, lo que te permite crear rutas en cuesti\u00f3n de segundos. Esta herramienta innovadora no solo muestra puntos de inter\u00e9s en el vecindario o la red de carreteras para ilustrar la accesibilidad, sino que tambi\u00e9n facilita la inclusi\u00f3n de indicaciones en los folletos de viviendas inmobiliarias.<\/p>\n\n<p>Al incorporar indicaciones en tus folletos, te aseguras de que los posibles compradores tengan una gu\u00eda clara sobre c\u00f3mo encontrarte, mejorando su experiencia general y reduciendo cualquier confusi\u00f3n potencial.<\/p>\n\n<div style=\"height:100px\" aria-hidden=\"true\" class=\"wp-block-spacer\"><\/div>\n\n<p class=\"has-large-font-size\">Es lo que hagas con esto<\/p>\n\n<p>Elaborar mapas imprimibles para publicaciones implica m\u00e1s que simplemente contar con las herramientas geogr\u00e1ficas adecuadas; se trata de aprovechar tus propios dise\u00f1os e ideas. Con Printmaps, tienes completa flexibilidad, ya sea eligiendo el tipo de cartograf\u00eda o seleccionando las caracter\u00edsticas para incluir en tu mapa.<\/p>\n\n<p>Pero la personalizaci\u00f3n no se detiene ah\u00ed. Una vez que hayas creado y descargado tu mapa, las posibilidades son infinitas. \u00bfQuieres mejorar los puntos de inter\u00e9s con detalles adicionales? \u00bfAgregar tus propios logotipos, gr\u00e1ficos o texto? Nuestros mapas se entregan en un formato PSD en capas, lo que te permite modificar cada aspecto, incluso hasta los puntos de inter\u00e9s individuales.<\/p>\n\n<p>\u00bfPor qu\u00e9 no darle una oportunidad a nuestro editor y descubrir c\u00f3mo puedes transformar tus ideas sin esfuerzo en el mapa perfecto adaptado para su publicaci\u00f3n?<\/p>\n\n<div style=\"height:97px\" aria-hidden=\"true\" class=\"wp-block-spacer\"><\/div>\n\n<div class=\"wp-block-group\"><div class=\"wp-block-group__inner-container is-layout-constrained wp-block-group-is-layout-constrained\">\n<h2 class=\"wp-block-heading has-text-align-center has-large-font-size\" style=\"font-style:normal;font-weight:700\">Pruebe Printmaps<\/h2>\n\n\n\n<p class=\"has-text-align-center has-medium-font-size\">Nuestro editor de mapas te permite crear mapas imprimibles de todo el mundo en un abrir y cerrar de ojos.<\/p>\n\n\n\n<div style=\"height:15px\" aria-hidden=\"true\" class=\"wp-block-spacer\"><\/div>\n\n\n\n<div class=\"wp-block-buttons is-content-justification-center is-layout-flex wp-container-core-buttons-is-layout-16018d1d wp-block-buttons-is-layout-flex\">\n<div class=\"wp-block-button has-custom-font-size\" style=\"font-size:18px\"><a class=\"wp-block-button__link has-background wp-element-button\" href=\"https:\/\/www.printmaps.net\/es\/\" style=\"border-radius:10px;background-color:#e5017e\"><p><strong>Cree ahora su primer mapa<\/strong><\/p><\/a><\/div>\n<\/div>\n<\/div><\/div>\n\n<div style=\"height:155px\" aria-hidden=\"true\" class=\"wp-block-spacer\"><\/div>\n\n<h3 class=\"wp-block-heading has-text-align-center\">Preguntas frecuentes<\/h3>\n\n<div class=\"schema-faq wp-block-yoast-faq-block\"><div class=\"schema-faq-section\" id=\"faq-question-1759748884275\"><strong class=\"schema-faq-question\">\u00bfCu\u00e1l es la forma m\u00e1s r\u00e1pida de a\u00f1adir escuelas, parques, transporte y hospitales a un mapa para un folleto?<\/strong> <p class=\"schema-faq-answer\">Nuestra herramienta de pines te permite usar distintos s\u00edmbolos para mostrar el contexto de los lugares que quieres resaltar. Para a\u00f1adir un pin, simplemente col\u00f3calo en el mapa arrastr\u00e1ndolo y luego puedes editar su color, forma y s\u00edmbolo para dar claridad visual a los distintos lugares del mapa.<\/p> <\/div> <div class=\"schema-faq-section\" id=\"faq-question-1759748912351\"><strong class=\"schema-faq-question\">\u00bfQu\u00e9 elementos del mapa en un folleto influyen m\u00e1s en el inter\u00e9s y la decisi\u00f3n de los compradores?<\/strong> <p class=\"schema-faq-answer\">Un marcador de propiedad llamativo y un conjunto seleccionado de 4\u20138 POI adaptados al p\u00fablico objetivo (escuelas, transporte, parques, supermercados) influyen m\u00e1s en el inter\u00e9s de los compradores. Usa iconos simples, con colores diferenciados y etiquetas cortas para que el pin de la propiedad siga siendo el punto visual principal.<\/p> <\/div> <div class=\"schema-faq-section\" id=\"faq-question-1759748923929\"><strong class=\"schema-faq-question\">\u00bfC\u00f3mo puedo pegar varias direcciones de propiedades para crear pines r\u00e1pidamente?<\/strong> <p class=\"schema-faq-answer\"><p>Puedes crear un archivo de Excel que siga el formato de nuestro batch-geocoder y pegarlo para crear los pines r\u00e1pidamente. Lee <a href=\"\/es\/imprime-mapa-con-multiple-localizaciones\/\">este art\u00edculo<\/a> si quieres saber m\u00e1s.<\/p><\/p> <\/div> <\/div>\n\n<div class=\"wp-block-group\"><div class=\"wp-block-group__inner-container is-layout-constrained wp-block-group-is-layout-constrained\">\n<div style=\"height:130px\" aria-hidden=\"true\" class=\"wp-block-spacer\"><\/div>\n\n\n\n<h2 class=\"wp-block-heading has-x-large-font-size\" style=\"font-style:normal;font-weight:700\">\u00bfA\u00fan necesitas ayuda? \u00a1Env\u00edanos una nota!<\/h2>\n\n\n\n<p style=\"font-size:22px\"><p><a href=\"https:\/\/support.printmaps.net\/es\/support\/tickets\/new\">Env\u00edenos un ticket en nuestra plataforma de soporte<\/a><\/p><\/p>\n\n\n\n<div style=\"height:150px\" aria-hidden=\"true\" class=\"wp-block-spacer\"><\/div>\n<\/div><\/div>\n","protected":false},"excerpt":{"rendered":"<p>Los folletos inmobiliarios m\u00e1s efectivos a menudo presentan mapas meticulosamente elaborados. Ya sea que seas un agente de bienes ra\u00edces experimentado con el objetivo de aumentar las ventas o un dise\u00f1ador gr\u00e1fico especializado en marketing inmobiliario, tu objetivo es crear folletos cautivadores que atraigan e informen a posibles compradores. Aqu\u00ed es donde Printmaps entra en [&hellip;]<\/p>\n","protected":false},"author":19,"featured_media":0,"parent":0,"menu_order":0,"comment_status":"closed","ping_status":"closed","template":"","meta":{"_et_pb_use_builder":"off","_et_pb_old_content":"","_et_gb_content_width":"","footnotes":""},"class_list":["post-94070","page","type-page","status-publish","hentry"],"_links":{"self":[{"href":"https:\/\/www.printmaps.net\/es\/wp-json\/wp\/v2\/pages\/94070","targetHints":{"allow":["GET"]}}],"collection":[{"href":"https:\/\/www.printmaps.net\/es\/wp-json\/wp\/v2\/pages"}],"about":[{"href":"https:\/\/www.printmaps.net\/es\/wp-json\/wp\/v2\/types\/page"}],"author":[{"embeddable":true,"href":"https:\/\/www.printmaps.net\/es\/wp-json\/wp\/v2\/users\/19"}],"replies":[{"embeddable":true,"href":"https:\/\/www.printmaps.net\/es\/wp-json\/wp\/v2\/comments?post=94070"}],"version-history":[{"count":30,"href":"https:\/\/www.printmaps.net\/es\/wp-json\/wp\/v2\/pages\/94070\/revisions"}],"predecessor-version":[{"id":222085,"href":"https:\/\/www.printmaps.net\/es\/wp-json\/wp\/v2\/pages\/94070\/revisions\/222085"}],"wp:attachment":[{"href":"https:\/\/www.printmaps.net\/es\/wp-json\/wp\/v2\/media?parent=94070"}],"curies":[{"name":"wp","href":"https:\/\/api.w.org\/{rel}","templated":true}]}}