{"id":94082,"date":"2021-07-24T20:30:51","date_gmt":"2021-07-24T18:30:51","guid":{"rendered":"https:\/\/www.printmaps.net\/editor-de-perfil-de-relieve\/"},"modified":"2024-12-12T17:38:43","modified_gmt":"2024-12-12T16:38:43","slug":"editor-de-perfil-de-elevacion","status":"publish","type":"page","link":"https:\/\/www.printmaps.net\/es\/editor-de-perfil-de-elevacion\/","title":{"rendered":"Generador de Perfiles de Elevaci\u00f3n"},"content":{"rendered":"\n<div class=\"wp-block-columns is-layout-flex wp-container-core-columns-is-layout-9d6595d7 wp-block-columns-is-layout-flex\">\n<div class=\"wp-block-column is-layout-flow wp-block-column-is-layout-flow\" style=\"flex-basis:66.66%\">\n<p><p>Aqu\u00ed puede <strong>crear perfiles de elevaci\u00f3n<\/strong> que puede usar <mark class=\"has-inline-color\" style=\"background-color: #fcfa00;\">gratuitamente<\/mark> en materiales impresos y en su comunicaci\u00f3n en l\u00ednea. Simplemente suba su archivo GPX, KML o GeoJSON abajo o dibuje su ruta en el mapa, elija sus configuraciones y haga clic en \u00abDescargar\u00bb. Recibir\u00e1 un archivo SVG con capas que puede editar en Adobe Illustrator, Photoshop o Inkscape, o usar en una p\u00e1gina web. Vea <a href=\"https:\/\/www.printmaps.net\/wp-content\/uploads\/2024\/11\/Elevation-Profile.svg\">este ejemplo descargable de un archivo SVG<\/a>.<\/p><\/p>\n\n\n\n<p><p>Requisito de uso: Debe acreditar el perfil de elevaci\u00f3n con <mark class=\"has-inline-color\" style=\"background-color: #f1f1f1;\"><code>\u00a9 Printmaps.net<\/code> <\/mark> (peque\u00f1o y cerca de la imagen) y agregar un enlace al usarlo en l\u00ednea.<\/p><\/p>\n<\/div>\n\n\n\n<div class=\"wp-block-column is-vertically-aligned-center is-layout-flow wp-block-column-is-layout-flow\" style=\"flex-basis:33.33%\">\n<p class=\"has-text-align-center\"><p>\u00bfNecesita crear <a href=\"\/es\/\">cartograf\u00eda para impresi\u00f3n<\/a>?<\/p><\/p>\n\n\n\n<div class=\"wp-block-buttons is-content-justification-center is-layout-flex wp-container-core-buttons-is-layout-16018d1d wp-block-buttons-is-layout-flex\">\n<div class=\"wp-block-button\"><a class=\"wp-block-button__link has-background wp-element-button\" href=\"https:\/\/www.printmaps.net\/es\/\" style=\"background-color:#e5017e\">Pruebe nuestro Editor de Mapas<\/a><\/div>\n<\/div>\n\n\n\n<p class=\"has-text-align-center\"><\/p>\n\n\n\n<p><\/p>\n\n\n\n<p class=\"has-text-align-center\"><p>\u00bfNecesita una API?<br\/>Conozca nuestra <a href=\"https:\/\/www.maptoolkit.com\/api\/elevation-api\/\">API de Elevaci\u00f3n<\/a><\/p><\/p>\n<\/div>\n<\/div>\n\n<div style=\"height:17px\" aria-hidden=\"true\" class=\"wp-block-spacer\"><\/div>\n\n<p class=\"has-text-align-center\"><\/p>\n<style>\n  @import \"https:\/\/static.maptoolkit.net\/api\/v8.10\/mtk.css\";\n  @import \"https:\/\/static.maptoolkit.net\/api\/v8.10\/editor.css\";\n  @import \"\/wp-content\/plugins\/printmaps_eprofile_editor\/css\/jquery-ui.min.css\";\n  @import \"\/wp-content\/plugins\/printmaps_eprofile_editor\/css\/spectrum.css\";\n  @import \"\/wp-content\/plugins\/printmaps_eprofile_editor\/css\/printmaps-ui.css\";\n  @import \"\/wp-content\/plugins\/printmaps_eprofile_editor\/css\/index.css\";\n  .bottom-bar { margin-bottom:1em; }\n<\/style>\n<div id=\"editor\"><\/div>\n<div id=\"elevation_profile_main\" style=\"overflow: auto\">\n  <br \/>\n  <h2 class=\"wpml_translation_result\">Resultado:<\/h2>\n  <div class=\"profile-dummy\"><\/div>\n  <div id=\"datapreview\">\n    <div class=\"elevationprofile_container\">\n      <div id=\"eprofile_loader\">\n        <div class=\"printmaps-ui-loader-circle\"><\/div>\n      <\/div>\n      <button\n        id=\"center_profile\"\n        class=\"printmaps-ui-btn printmaps-ui-btn-default\"\n        data-tooltip=\"Reset position back to center\"\n        style=\"display: none\"\n      >\n        <i class=\"printmaps-ui-icon-undo\"><\/i>\n      <\/button>\n      <div id=\"elevation_profile\" style=\"pointer-events: none\">\n        <img decoding=\"async\" id=\"eprofile_placeholder\" alt=\"elevation profile\" src=\"\/wp-content\/plugins\/printmaps_eprofile_editor\/images\/example-profile.png\" \/>\n      <\/div>\n    <\/div>\n    <table style=\"text-align: left\" id=\"profile_info\">\n      <tr>\n        <td class=\"wpml_translation_result_info_altitude_difference\">Diferencia de altitud<\/td>\n        <td><\/td>\n      <\/tr>\n      <tr>\n        <td class=\"wpml_translation_result_info_distance\">Distancia<\/td>\n        <td><\/td>\n      <\/tr>\n      <tr>\n        <td class=\"wpml_translation_result_info_walking_time\">Tiempo caminando<\/td>\n        <td><\/td>\n      <\/tr>\n      <tr>\n        <td class=\"wpml_translation_result_info_normal_cycling_time\">Tiempo normal de ciclismo<\/td>\n        <td><\/td>\n      <\/tr>\n      <tr>\n        <td class=\"wpml_translation_result_info_offroad_cycling_time\">Tiempo de ciclismo por el campo, fuera de la carretera<\/td>\n        <td><\/td>\n      <\/tr>\n      <tr>\n        <td class=\"wpml_translation_result_info_race_cycling_time\">Tiempo de ciclismo de carrera<\/td>\n        <td><\/td>\n      <\/tr>\n    <\/table>\n  <\/div>\n  <br \/>\n  <h2 class=\"wpml_translation_settings\">Ajustes:<\/h2>\n  <table class=\"editor-settings\">\n    <tr>\n      <td>\n        <b class=\"wpml_translation_settings_printwidth\">Ancho de impresi\u00f3n:<\/b>\n      <\/td>\n      <td>\n        <input id=\"width\" class=\"printmaps-ui-input\" type=\"number\" min=\"70\" max=\"300\" value=\"150\" \/>\n        <small class=\"wpml_translation_settings_printwidth_info\" style=\"font-size: 12px\">mm (desde 50 hasta 300mm) <\/small>\n      <\/td>\n    <\/tr>\n    <tr>\n      <td class=\"wpml_translation_settings_curve\">Curva:<\/td>\n      <td>\n        <div>\n          <input id=\"colorpicker\" \/>\n          <div class=\"printmaps-ui-checkbox\">\n            <input type=\"checkbox\" name=\"stroke\" id=\"stroke\" checked \/>\n            <label class=\"wpml_translation_settings_curve_stroke\" for=\"stroke\">Trazo<\/label>\n          <\/div>\n          <div class=\"printmaps-ui-checkbox\">\n            <input type=\"checkbox\" name=\"gradient\" id=\"gradient\" checked \/>\n            <label class=\"wpml_translation_settings_curve_gradient\" for=\"gradient\">Degradado<\/label>\n          <\/div>\n          <span class=\"wpml_translation_settings_curve_gradient_color\">Color del degradado<\/span>\n          <div style=\"padding: 0; margin: 0\">\n            <input id=\"colorpicker3\" \/>\n          <\/div>\n        <\/div>\n      <\/td>\n    <\/tr>\n    <tr>\n      <td class=\"wpml_translation_settings_fontsize\">Tama\u00f1o de letra:<\/td>\n      <td>\n        <input id=\"fontsize\" class=\"printmaps-ui-input\" type=\"number\" min=\"20\" max=\"70\" value=\"40\" \/>\n        <small class=\"wpml_translation_settings_fontsize_info\" style=\"font-size: 12px\">(desde 20 to 70)<\/small>\n      <\/td>\n    <\/tr>\n    <tr>\n      <td class=\"wpml_translation_settings_markers\">Marcadores de elevaci\u00f3n:<\/td>\n      <td>\n        <div>\n          <div class=\"printmaps-ui-checkbox\" style=\"padding-left: 0px\">\n            <input type=\"checkbox\" name=\"marks\" id=\"marks\" checked \/>\n            <label for=\"marks\"><\/label>\n          <\/div>\n          <span class=\"wpml_translation_settings_markers_color\">Color:<\/span>\n          <div style=\"padding: 0; margin: 0\">\n            <input id=\"colorpicker2\" \/>\n          <\/div>\n        <\/div>\n      <\/td>\n    <\/tr>\n    <tr>\n      <td class=\"wpml_translation_settings_grid\">Cuadricula:<\/td>\n      <td>\n        <div>\n          <div class=\"printmaps-ui-checkbox\" style=\"padding-left: 0px\">\n            <input type=\"checkbox\" name=\"grid_horz\" id=\"grid_horz\" checked \/>\n            <label class=\"wpml_translation_settings_grid_horizontal\" for=\"grid_horz\">Horizontal<\/label>\n          <\/div>\n          <div class=\"printmaps-ui-checkbox\">\n            <input type=\"checkbox\" name=\"grid_vert\" id=\"grid_vert\" checked \/>\n            <label class=\"wpml_translation_settings_grid_vertical\" for=\"grid_vert\">Vertical<\/label>\n          <\/div>\n        <\/div>\n      <\/td>\n    <\/tr>\n    <tr>\n      <td class=\"wpml_translation_settings_units\">Unidades<\/td>\n      <td>\n        <div>\n          <div class=\"printmaps-ui-radio\" style=\"padding-left: 0px\">\n            <input type=\"radio\" name=\"unit\" id=\"unit_km\" value=\"km\" checked \/>\n            <label class=\"wpml_translation_settings_units_metric\" for=\"unit_km\">Metro \/ Kil\u00f3metro<\/label>\n          <\/div>\n          <div class=\"printmaps-ui-radio\">\n            <input type=\"radio\" name=\"unit\" id=\"unit_miles\" value=\"miles\" \/>\n            <label class=\"wpml_translation_settings_units_imperial\" for=\"unit_miles\">Pies \/ Millas<\/label>\n          <\/div>\n        <\/div>\n      <\/td>\n    <\/tr>\n  <\/table>\n  <br \/>\n  <h2 class=\"wpml_translation_upload_draw\">Sube o dibuja tu ruta:<\/h2>\n  <div id=\"addroute\">\n    <div id=\"filedrop\" class=\"printmaps-ui-filedrop\">\n      <input id=\"file\" type=\"file\" pui-filename=\"false\" \/>\n      <div id=\"dropzone\" class=\"printmaps-ui-filedrop-dropzone\">\n        <span class=\"printmaps-ui-filedrop-loader\"><\/span>\n        <span class=\"printmaps-ui-filedrop-info\">\n          <span class=\"printmaps-ui-filedrop-icon\"><\/span>\n          <span class=\"wpml_translation_upload_draw_filedrop printmaps-ui-filedrop-text\">Inserta un fichero GPX\/KML\/GeoJSON aqu\u00ed o haz clic para subirlo<\/span>\n        <\/span>\n      <\/div>\n    <\/div>\n    <span class=\"wpml_translation_upload_draw_info\" style=\"padding: 15px 0; display: block\">o dibuja la ruta con tu rat\u00f3n<\/span>\n    <div id=\"routetype_switch\" class=\"printmaps-ui-routetypeswitch\">\n      <a\n        class=\"wpml_translation_upload_draw_editor_routetype_car printmaps-ui-routetype-btn printmaps-ui-btn-active\"\n        data-routetype=\"car\"\n        data-tooltip=\"Modo conducci\u00f3n\"\n      ><\/a>\n      <a\n        class=\"wpml_translation_upload_draw_editor_routetype_bike printmaps-ui-routetype-btn\"\n        data-routetype=\"bike\"\n        data-tooltip=\"Modo ciclista\"\n      ><\/a>\n      <a\n        class=\"wpml_translation_upload_draw_editor_routetype_foot printmaps-ui-routetype-btn\"\n        data-routetype=\"foot\"\n        data-tooltip=\"Modo a pie\"\n      ><\/a>\n    <\/div>\n    <div id=\"locationsearch\" class=\"printmaps-ui-locationsearch\">\n      <span class=\"printmaps-ui-locationsearch-icon\"><\/span>\n      <input\n        type=\"text\"\n        class=\"wpml_translation_upload_draw_editor_locationsearch printmaps-ui-input-locationsearch\"\n        placeholder=\"Introduce un lugar o una regi\u00f3n\"\n        autocomplete=\"on\"\n      \/>\n      <a class=\"printmaps-ui-locationsearch-geolocation\"><\/a>\n    <\/div>\n    <div class=\"map printmaps-ui-map-editor\" id=\"map\"><\/div>\n  <\/div>\n  <br \/>\n  <br \/>\n  <div class=\"bottom-bar\" style=\"text-align:right;\">\n    <input type=\"button\" id=\"tsprintmaps_item_button_free_elevation_profile\" onclick=\"tsprintmaps_process_free_elevation_profile();\" class=\"tsprintmaps_button_free_elevation_profile\" value=\"Free Download\">\n    <a id=\"tsprintmaps_item_download_free_elevation_profile\" href=\"#\" download=\"MyElevationProfile-28Apr2026.zip\" style=\"display:none\" class=\"tsprintmaps_button_free_elevation_profile has-background\">Download Profile<\/a>\n    <p style=\"clear:both;\">&nbsp;<\/p>\n    <div id=\"tsprintmaps_item_download_free_elevation_profile_status_message\">&nbsp;<\/div>\n  <\/div>\n<\/div>\n<script src=\"\/wp-content\/plugins\/printmaps_eprofile_editor\/js\/jquery-ui.min.js\"><\/script>\n<script src=\"https:\/\/static.maptoolkit.net\/api\/v8.10\/mtk.de.js\"><\/script>\n<script src=\"https:\/\/static.maptoolkit.net\/api\/v8.10\/editor.js\"><\/script>\n<script src=\"\/wp-content\/plugins\/printmaps_eprofile_editor\/js\/raphael.js\"><\/script>\n<script src=\"\/wp-content\/plugins\/printmaps_eprofile_editor\/js\/ElevationProfile2.js\"><\/script>\n<script src=\"\/wp-content\/plugins\/printmaps_eprofile_editor\/js\/togeojson.min.js\"><\/script>\n<script src=\"\/wp-content\/plugins\/printmaps_eprofile_editor\/js\/spectrum.min.js\"><\/script>\n<script src=\"\/wp-content\/plugins\/printmaps_eprofile_editor\/js\/printmaps-ui.js\"><\/script>\n<script src=\"\/wp-content\/plugins\/printmaps_eprofile_editor\/js\/index.js\"><\/script>\n<script>\nif (undefined === window.pls) {\n\twindow.pls = function() {};\n}\nfunction tsprintmaps_process_free_elevation_profile(id) {\n\tjQuery('#tsprintmaps_item_button_free_elevation_profile').attr('value', 'Processing ...');\n\tvar data = {\n\t\taction: \"tsprintmaps_process_free_elevation_profile\",\n\t\tedd_tsprintmaps_elevation_data: JSON.stringify(getOrder()),\n\t\tlanguage: \"es\"\n\t};\n\tjQuery.ajax({\n\t\ttype: \"POST\",\n\t\tdata: data,\n\t\tdataType: \"json\",\n\t\turl: edd_scripts.ajaxurl,\n\t\tsuccess: (response) => { tsprintmaps_download_free_elevation_profile(response, id) },\n\t\terror: (jqXHR, status, error) => { tsprintmaps_error_processing_free_elevation_profile(id, status, error) },\n\t});\n}\nfunction tsprintmaps_download_free_elevation_profile(response, id) {\n\tjQuery('#tsprintmaps_item_button_free_elevation_profile').css('background-color', '#e5017e');\n\tpls('Free elevation profile', { props: {\"Product\":\"Printable elevation profile -\",\"Price\":\"single item in cart - please ignore\",\"Quantity\":\"single item in cart - please ignore\",\"Discount\":\"single item in cart - please ignore\"} });\n\tif ('ok' == response.status) {\n\t\tjQuery('#tsprintmaps_item_download_free_elevation_profile').attr('href', response.code);\n\t\tjQuery('#tsprintmaps_item_download_free_elevation_profile_status_message').html('&nbsp;');\n\t\twindow.setTimeout(() => {\n\t\t\tjQuery('#tsprintmaps_item_download_free_elevation_profile').css('display', 'inline-block');\n\t\t\tjQuery('#tsprintmaps_item_button_free_elevation_profile').css('display', 'none');\n\t\t\tdocument.getElementById('tsprintmaps_item_download_free_elevation_profile').click();\n\t\t}, 4000);\n\t} else {\n\t\twindow.setTimeout(() => {\n\t\t\tjQuery('#tsprintmaps_item_button_free_elevation_profile').attr('value', 'Free Download');\n\t\t\tjQuery('#tsprintmaps_item_download_free_elevation_profile_status_message').html(response.code);\n\t\t}, 1000);\n\t}\n}\nfunction tsprintmaps_error_processing_free_elevation_profile(id, status, error) {\n\tjQuery('#tsprintmaps_item_button_free_elevation_profile').css('background-color', 'red');\n\tjQuery('#tsprintmaps_item_button_free_elevation_profile').attr('value', 'An error occured');\n}\n<\/script>\n\n\n<div style=\"height:37px\" aria-hidden=\"true\" class=\"wp-block-spacer\"><\/div>\n\n<h3 class=\"wp-block-heading has-text-align-center\">\u00bfQu\u00e9 son los perfiles de elevaci\u00f3n?<\/h3>\n\n<div class=\"wp-block-media-text has-media-on-the-right is-stacked-on-mobile\"><div class=\"wp-block-media-text__content\">\n<p>Un perfil de elevaci\u00f3n, tambi\u00e9n conocido como perfil topogr\u00e1fico, secci\u00f3n transversal o corte topogr\u00e1fico, es una forma de mostrar la forma del terreno mediante un corte a trav\u00e9s de un mapa topogr\u00e1fico. Ilustra los cambios de elevaci\u00f3n a lo largo de un camino espec\u00edfico. Las l\u00edneas de contorno en el mapa representan \u00e1reas de igual altura sobre el nivel del mar. Aunque la escala horizontal del perfil suele coincidir con la del mapa, la escala vertical suele estar exagerada \u2013 generalmente de tres a cinco veces m\u00e1s grande \u2013 para resaltar mejor las diferencias de elevaci\u00f3n. Esto ayuda a hacer m\u00e1s visibles las caracter\u00edsticas del terreno, especialmente en \u00e1reas con cambios sutiles de altura.<\/p>\n<\/div><figure class=\"wp-block-media-text__media\"><img fetchpriority=\"high\" fetchpriority=\"high\" decoding=\"async\" width=\"540\" height=\"540\" src=\"https:\/\/www.printmaps.net\/wp-content\/uploads\/2024\/11\/free-elevation-profile-1.png\" alt=\"\" class=\"wp-image-187706 size-full\" srcset=\"https:\/\/www.printmaps.net\/wp-content\/uploads\/2024\/11\/free-elevation-profile-1.png 540w, https:\/\/www.printmaps.net\/wp-content\/uploads\/2024\/11\/free-elevation-profile-1-480x480.png 480w\" sizes=\"(min-width: 0px) and (max-width: 480px) 480px, (min-width: 481px) 540px, 100vw\" \/><\/figure><\/div>\n\n<div style=\"height:35px\" aria-hidden=\"true\" class=\"wp-block-spacer\"><\/div>\n\n<h3 class=\"wp-block-heading has-text-align-center\">Por qu\u00e9 son importantes los perfiles de elevaci\u00f3n<\/h3>\n\n<div class=\"wp-block-media-text is-stacked-on-mobile\"><figure class=\"wp-block-media-text__media\"><img decoding=\"async\" width=\"1024\" height=\"631\" src=\"https:\/\/www.printmaps.net\/wp-content\/uploads\/2024\/10\/elevation-profile-4-1024x631.png\" alt=\"perfil de elevaci\u00f3n\" class=\"wp-image-186263 size-full\" srcset=\"https:\/\/www.printmaps.net\/wp-content\/uploads\/2024\/10\/elevation-profile-4-980x604.png 980w, https:\/\/www.printmaps.net\/wp-content\/uploads\/2024\/10\/elevation-profile-4-480x296.png 480w\" sizes=\"(min-width: 0px) and (max-width: 480px) 480px, (min-width: 481px) and (max-width: 980px) 980px, (min-width: 981px) 1024px, 100vw\" \/><\/figure><div class=\"wp-block-media-text__content\">\n<p>Un perfil de elevaci\u00f3n es una representaci\u00f3n visual de los cambios en el terreno a lo largo de una ruta. Proporciona informaci\u00f3n crucial sobre la inclinaci\u00f3n, el desnivel y la dificultad de un camino, lo que lo convierte en una herramienta esencial para los amantes de actividades al aire libre, ciclistas y excursionistas. Al ver un perfil de elevaci\u00f3n, los usuarios pueden evaluar r\u00e1pidamente la dificultad de una ruta y planificar su viaje en consecuencia.<\/p>\n<\/div><\/div>\n\n<div style=\"height:98px\" aria-hidden=\"true\" class=\"wp-block-spacer\"><\/div>\n\n<h3 class=\"wp-block-heading has-text-align-center\">Creaci\u00f3n de Perfiles de Elevaci\u00f3n GPX<\/h3>\n\n<div class=\"wp-block-group is-nowrap is-layout-flex wp-container-core-group-is-layout-ad2f72ca wp-block-group-is-layout-flex\">\n<div class=\"wp-block-media-text has-media-on-the-right is-stacked-on-mobile\"><div class=\"wp-block-media-text__content\">\n<p><p>Nuestro editor de perfiles de elevaci\u00f3n le permite crear f\u00e1cilmente un <strong>perfil de elevaci\u00f3n GPX<\/strong> a partir de sus archivos GPX. Simplemente suba sus datos GPX, y el editor generar\u00e1 una representaci\u00f3n gr\u00e1fica clara de los cambios de elevaci\u00f3n en la ruta. Esta funci\u00f3n es ideal para quienes desean convertir sus datos de ruta digital en un perfil de elevaci\u00f3n informativo y atractivo para mapas impresos o gu\u00edas.<br\/>Con nuestras herramientas, crear un perfil de elevaci\u00f3n detallado y visualmente atractivo es simple e intuitivo. Ya sea una persona planificando su pr\u00f3xima aventura o una organizaci\u00f3n creando material promocional, nuestro editor ofrece todo lo necesario para transformar sus datos GPX en una representaci\u00f3n visual informativa.<\/p><\/p>\n<\/div><figure class=\"wp-block-media-text__media\"><img decoding=\"async\" width=\"652\" height=\"680\" src=\"https:\/\/www.printmaps.net\/wp-content\/uploads\/2024\/10\/gpx-elevation-profile-1.png\" alt=\"perfil de elevaci\u00f3n GPX\" class=\"wp-image-186264 size-full\" srcset=\"https:\/\/www.printmaps.net\/wp-content\/uploads\/2024\/10\/gpx-elevation-profile-1.png 652w, https:\/\/www.printmaps.net\/wp-content\/uploads\/2024\/10\/gpx-elevation-profile-1-480x501.png 480w\" sizes=\"(min-width: 0px) and (max-width: 480px) 480px, (min-width: 481px) 652px, 100vw\" \/><\/figure><\/div>\n<\/div>\n\n<div style=\"height:97px\" aria-hidden=\"true\" class=\"wp-block-spacer\"><\/div>\n\n<h3 class=\"wp-block-heading has-text-align-center\">Perfiles de Elevaci\u00f3n en Mapas Impresos<\/h3>\n\n<div class=\"wp-block-group is-nowrap is-layout-flex wp-container-core-group-is-layout-ad2f72ca wp-block-group-is-layout-flex\">\n<div class=\"wp-block-media-text is-stacked-on-mobile\"><figure class=\"wp-block-media-text__media\"><img loading=\"lazy\" loading=\"lazy\" decoding=\"async\" width=\"701\" height=\"499\" src=\"https:\/\/www.printmaps.net\/wp-content\/uploads\/2024\/10\/elevation-profile-maker.png\" alt=\"creador de perfiles de elevaci\u00f3n\" class=\"wp-image-186265 size-full\" srcset=\"https:\/\/www.printmaps.net\/wp-content\/uploads\/2024\/10\/elevation-profile-maker.png 701w, https:\/\/www.printmaps.net\/wp-content\/uploads\/2024\/10\/elevation-profile-maker-480x342.png 480w\" sizes=\"auto, (min-width: 0px) and (max-width: 480px) 480px, (min-width: 481px) 701px, 100vw\" \/><\/figure><div class=\"wp-block-media-text__content\">\n<p><p>Muchas personas usan nuestro generador de perfiles de elevaci\u00f3n para enriquecer productos impresos en combinaci\u00f3n con los <a href=\"\/es\/\">mapas de nuestro editor<\/a>, como mapas de ciclismo y senderismo, folletos de eventos y gu\u00edas de viaje. Un perfil de elevaci\u00f3n basado en datos GPX proporciona a los usuarios una visi\u00f3n completa del terreno, permiti\u00e9ndoles planificar descansos, anticipar subidas desafiantes y estimar los tiempos de viaje con mayor precisi\u00f3n.<br\/>Incluir perfiles de elevaci\u00f3n en materiales impresos no solo agrega un toque profesional, sino que tambi\u00e9n proporciona a los usuarios la informaci\u00f3n que necesitan para navegar rutas con confianza. Al usar nuestro editor de perfiles de elevaci\u00f3n, puede generar perfiles de elevaci\u00f3n hermosos y pr\u00e1cticos a partir de datos GPX, ideales para una variedad de aplicaciones impresas.<\/p><\/p>\n<\/div><\/div>\n<\/div>\n\n<div style=\"height:66px\" aria-hidden=\"true\" class=\"wp-block-spacer\"><\/div>\n\n<h3 class=\"wp-block-heading\">Preguntas frecuentes<\/h3>\n\n<div class=\"schema-faq wp-block-yoast-faq-block\"><div class=\"schema-faq-section\" id=\"faq-question-1733750258467\"><strong class=\"schema-faq-question\">\u00bfPuedo crear un perfil de elevaci\u00f3n en l\u00ednea sin descargar software?<\/strong> <p class=\"schema-faq-answer\">Nuestro Generador de Perfiles de Elevaci\u00f3n puede usarse directamente en el navegador, sin necesidad de descargar software, crear una cuenta o iniciar sesi\u00f3n. Simplemente crea tu perfil de elevaci\u00f3n personalizado y desc\u00e1rgalo.<\/p> <\/div> <div class=\"schema-faq-section\" id=\"faq-question-1733750364387\"><strong class=\"schema-faq-question\">\u00bfPuedo generar perfiles de elevaci\u00f3n en diferentes formatos de archivo?<\/strong> <p class=\"schema-faq-answer\">Por defecto, despu\u00e9s de descargar tu perfil de elevaci\u00f3n, lo recibir\u00e1s en formato PDF, archivo SVG para procesamiento posterior y archivo PNG.<\/p> <\/div> <div class=\"schema-faq-section\" id=\"faq-question-1733750629782\"><strong class=\"schema-faq-question\">\u00bfPuedo personalizar el aspecto de mi perfil de elevaci\u00f3n?<\/strong> <p class=\"schema-faq-answer\">Puedes personalizar el tama\u00f1o de impresi\u00f3n, el tama\u00f1o de la fuente, el color del degradado, el color del trazo, las unidades y el color de los marcadores. Si lo deseas, puedes personalizarlo a\u00fan m\u00e1s despu\u00e9s de descargarlo en un software de edici\u00f3n de im\u00e1genes de tu elecci\u00f3n.<\/p> <\/div> <div class=\"schema-faq-section\" id=\"faq-question-1733750818088\"><strong class=\"schema-faq-question\">\u00bfCu\u00e1l es la forma m\u00e1s f\u00e1cil de crear un perfil de elevaci\u00f3n para mi ruta de senderismo?<\/strong> <p class=\"schema-faq-answer\">La forma m\u00e1s f\u00e1cil de seguir una ruta es cargando un archivo GPX, si tienes uno. Si no, puedes seleccionar el punto de inicio y el punto final de tu ruta usando la herramienta de im\u00e1n, que seguir\u00e1 autom\u00e1ticamente las carreteras existentes. Si tu ruta no sigue una carretera existente, puedes dibujarla a mano utilizando la herramienta de dibujo libre.<\/p> <\/div> <div class=\"schema-faq-section\" id=\"faq-question-1733750943459\"><strong class=\"schema-faq-question\">\u00bfNecesito agregar el perfil de elevaci\u00f3n a mi banner de cookies para su uso en la web?<\/strong> <p class=\"schema-faq-answer\">No. Ya sea que uses nuestros perfiles de elevaci\u00f3n como im\u00e1genes est\u00e1ticas en tus publicaciones o uses los archivos SVG para hacerlos interactivos, no se requiere recolecci\u00f3n de cookies, lo que garantiza una experiencia de usuario ininterrumpida.<\/p> <\/div> <\/div>\n\n<div style=\"height:80px\" aria-hidden=\"true\" class=\"wp-block-spacer\"><\/div>\n","protected":false},"excerpt":{"rendered":"<p>Aqu\u00ed puede crear perfiles de elevaci\u00f3n que puede usar gratuitamente en materiales impresos y en su comunicaci\u00f3n en l\u00ednea. Simplemente suba su archivo GPX, KML o GeoJSON abajo o dibuje su ruta en el mapa, elija sus configuraciones y haga clic en \u00abDescargar\u00bb. Recibir\u00e1 un archivo SVG con capas que puede editar en Adobe Illustrator, [&hellip;]<\/p>\n","protected":false},"author":8,"featured_media":0,"parent":0,"menu_order":0,"comment_status":"closed","ping_status":"closed","template":"","meta":{"_et_pb_use_builder":"off","_et_pb_old_content":"","_et_gb_content_width":"","footnotes":""},"class_list":["post-94082","page","type-page","status-publish","hentry"],"_links":{"self":[{"href":"https:\/\/www.printmaps.net\/es\/wp-json\/wp\/v2\/pages\/94082","targetHints":{"allow":["GET"]}}],"collection":[{"href":"https:\/\/www.printmaps.net\/es\/wp-json\/wp\/v2\/pages"}],"about":[{"href":"https:\/\/www.printmaps.net\/es\/wp-json\/wp\/v2\/types\/page"}],"author":[{"embeddable":true,"href":"https:\/\/www.printmaps.net\/es\/wp-json\/wp\/v2\/users\/8"}],"replies":[{"embeddable":true,"href":"https:\/\/www.printmaps.net\/es\/wp-json\/wp\/v2\/comments?post=94082"}],"version-history":[{"count":11,"href":"https:\/\/www.printmaps.net\/es\/wp-json\/wp\/v2\/pages\/94082\/revisions"}],"predecessor-version":[{"id":191120,"href":"https:\/\/www.printmaps.net\/es\/wp-json\/wp\/v2\/pages\/94082\/revisions\/191120"}],"wp:attachment":[{"href":"https:\/\/www.printmaps.net\/es\/wp-json\/wp\/v2\/media?parent=94082"}],"curies":[{"name":"wp","href":"https:\/\/api.w.org\/{rel}","templated":true}]}}