{"id":94109,"date":"2021-07-25T10:25:01","date_gmt":"2021-07-25T08:25:01","guid":{"rendered":"https:\/\/www.printmaps.net\/strava-rutas-impresiones\/"},"modified":"2024-07-10T13:15:19","modified_gmt":"2024-07-10T12:15:19","slug":"strava-rutas-impresiones","status":"publish","type":"page","link":"https:\/\/www.printmaps.net\/es\/strava-rutas-impresiones\/","title":{"rendered":"Impresiones de rutas con Strava: Imprime un mapa en Strava e inmortaliza tus rutas en bici, rutas de senderismo o tus maratones en un mapa.."},"content":{"rendered":"\n<p class=\"has-text-align-center\">Crear murales con rutas de senderismo, rutas en bicicleta o maratones impresos en strava con nuestro editor de Printmaps. Sube tus rutas y personaliza tus rutas impresas.<\/p>\n\n<hr class=\"wp-block-separator has-css-opacity\"\/>\n\n<div style=\"height:55px\" aria-hidden=\"true\" class=\"wp-block-spacer\"><\/div>\n\n<div class=\"wp-block-columns is-layout-flex wp-container-core-columns-is-layout-9d6595d7 wp-block-columns-is-layout-flex\">\n<div class=\"wp-block-column is-layout-flow wp-block-column-is-layout-flow\">\n<p class=\"has-drop-cap\"><p>El sonido de tus pies en el camino, respirar aire fresco por el bosque, el silencio s\u00f3lo interrumpido por el canto de los p\u00e1jaros. \u00bfCon cuanta frecuencia tus pensamientos se desv\u00edan para recordar tu carrera favorita? \u00bfNo es un recuerdo sumamente satisfactorio? Quiz\u00e1 todos deber\u00edamos recordar esas sensaciones y recompensarnos m\u00e1s por el ejercicio que realizamos. \u00bfPorqu\u00e9 no inmortalizar nuestras rutas strava en un mural o en una pared? A\u00f1ade los mejores tiempos que has conseguido corriendo, celebra tus logros y recu\u00e9rdalos desde tu propia casa. \u00a1Quien sabe si podr\u00eda despertar tu motivaci\u00f3n para ir m\u00e1s a menudo!<\/p><\/p>\n\n\n\n<div style=\"height:49px\" aria-hidden=\"true\" class=\"wp-block-spacer\"><\/div>\n\n\n\n<p>Mientras que otros clientes <a href=\"https:\/\/www.strava.com\/apps\/prints\" target=\"_blank\" rel=\"noreferrer noopener\">dan otra dimensi\u00f3n a sus rutas con strava<\/a> en todo tipo de formas creativas, \u00a1con Printmaps puedes hacerlo t\u00fa mismo! El editor de Printmaps te permite subir rutas grabadas (KML, GPX, GeoJSON) a mapas con alta resoluci\u00f3n validos para ser imprimidos. Selecciona el estilo del mapa desde tu aplicaci\u00f3n favorita e imprime la ruta exactamente como se muestra en \u00e9l. \u00bfTe gustar\u00eda imprimir el tour de Francia en bicicleta? Simplemente desc\u00e1rgate el GPX desde <a href=\"http:\/\/www.bikemap.net\/\" target=\"_blank\" rel=\"noreferrer noopener\">Bikemap\u00a0<\/a>y s\u00fabelo en el editor de Printmaps. El funcionamiento es el mismo para el caso de <a href=\"http:\/\/www.printmaps.net\/print-komoot-tours\">recorridos impresos con Komoot<\/a>, o tu carrera favorita grabada con Strava. Como Printmaps tiene 300dpi se puede imprimir en un poster sin perder ning\u00fan detalle del mapa.<\/p>\n\n\n\n<div style=\"height:16px\" aria-hidden=\"true\" class=\"wp-block-spacer\"><\/div>\n<\/div>\n\n\n\n<div class=\"wp-block-column is-layout-flow wp-block-column-is-layout-flow\">\n<figure class=\"wp-block-image size-large is-resized\"><img fetchpriority=\"high\" fetchpriority=\"high\" decoding=\"async\" width=\"819\" height=\"1024\" src=\"https:\/\/www.printmaps.net\/wp-content\/uploads\/2021\/03\/strava-prints-819x1024.jpg\" alt=\"impresiones en mapas de un marat&#xF3;n\" class=\"wp-image-80974\" style=\"width:523px;height:653px\"\/><\/figure>\n\n\n<p><\/p>\n<\/div>\n<\/div>\n\n<div style=\"height:50px\" aria-hidden=\"true\" class=\"wp-block-spacer\"><\/div>\n\n<div class=\"wp-block-group\"><div class=\"wp-block-group__inner-container is-layout-constrained wp-block-group-is-layout-constrained\">\n<h2 class=\"wp-block-heading has-text-align-center has-large-font-size\" style=\"font-style:normal;font-weight:700\">Pruebe Printmaps<\/h2>\n\n\n\n<p class=\"has-text-align-center has-medium-font-size\">Nuestro editor de mapas te permite crear mapas imprimibles de todo el mundo en un abrir y cerrar de ojos.<\/p>\n\n\n\n<div style=\"height:15px\" aria-hidden=\"true\" class=\"wp-block-spacer\"><\/div>\n\n\n\n<div class=\"wp-block-buttons is-content-justification-center is-layout-flex wp-container-core-buttons-is-layout-16018d1d wp-block-buttons-is-layout-flex\">\n<div class=\"wp-block-button has-custom-font-size\" style=\"font-size:18px\"><a class=\"wp-block-button__link has-background wp-element-button\" href=\"https:\/\/www.printmaps.net\/es\/\" style=\"border-radius:10px;background-color:#e5017e\"><p><strong>Cree ahora su primer mapa<\/strong><\/p><\/a><\/div>\n<\/div>\n<\/div><\/div>\n\n<div style=\"height:100px\" aria-hidden=\"true\" class=\"wp-block-spacer\"><\/div>\n\n<h2 class=\"wp-block-heading has-text-align-center\">Imprime un marat\u00f3n en un mapa o cualquier otra tipo de ruta de Strava en 5 sencillos pasos:<\/h2>\n\n<div style=\"height:34px\" aria-hidden=\"true\" class=\"wp-block-spacer\"><\/div>\n\n<hr class=\"wp-block-separator has-css-opacity\"\/>\n\n<div style=\"height:50px\" aria-hidden=\"true\" class=\"wp-block-spacer\"><\/div>\n\n<div class=\"wp-block-columns is-layout-flex wp-container-core-columns-is-layout-9d6595d7 wp-block-columns-is-layout-flex\">\n<div class=\"wp-block-column is-layout-flow wp-block-column-is-layout-flow\">\n<p><\/p>\n\n\n\n<h3 class=\"wp-block-heading\">1. Graba tu ruta o descarga una ruta grabada desde tu ordenador<\/h3>\n\n\n\n<p><\/p>\n\n\n\n<h3 class=\"wp-block-heading\">2. Sube la ruta al mapa en el editor de Printmaps<\/h3>\n\n\n\n<p><\/p>\n\n\n\n<h3 class=\"wp-block-heading\">3. Finaliza tu mapa en el editor<\/h3>\n\n\n\n<p><\/p>\n\n\n\n<h3 class=\"wp-block-heading\">4. Imprime tu mapa, plana o sobre lienzo.<\/h3>\n\n\n\n<p><\/p>\n\n\n\n<h3 class=\"wp-block-heading\">5. Enmarca el mapa y cu\u00e9lgalo en la pared.<\/h3>\n<\/div>\n\n\n\n<div class=\"wp-block-column is-layout-flow wp-block-column-is-layout-flow\"><div class=\"wp-block-image\">\n<figure class=\"aligncenter size-large is-resized\"><img decoding=\"async\" width=\"1024\" height=\"683\" src=\"https:\/\/www.printmaps.net\/wp-content\/uploads\/2021\/03\/map-wall-art-1024x683.jpg\" alt=\"Impresiones de strava\" class=\"wp-image-80994\" style=\"width:1094px;height:729px\" srcset=\"https:\/\/www.printmaps.net\/wp-content\/uploads\/2021\/03\/map-wall-art-980x653.jpg 980w, https:\/\/www.printmaps.net\/wp-content\/uploads\/2021\/03\/map-wall-art-480x320.jpg 480w\" sizes=\"(min-width: 0px) and (max-width: 480px) 480px, (min-width: 481px) and (max-width: 980px) 980px, (min-width: 981px) 1024px, 100vw\" \/><\/figure><\/div><\/div>\n<\/div>\n\n<div style=\"height:41px\" aria-hidden=\"true\" class=\"wp-block-spacer\"><\/div>\n\n<hr class=\"wp-block-separator has-css-opacity\"\/>\n\n<div style=\"height:81px\" aria-hidden=\"true\" class=\"wp-block-spacer\"><\/div>\n\n<p>C\u00f3mo subir archivos en GPX, KML o GeoJSON al mapa, por ejemplo con una ruta ya grabada. <a href=\"http:\/\/www.printmaps.net\/features\">Descubre m\u00e1s sobre estos atributos<\/a>.<\/p>\n\n<figure class=\"wp-block-embed is-type-video is-provider-youtube wp-block-embed-youtube wp-embed-aspect-16-9 wp-has-aspect-ratio\"><div class=\"wp-block-embed__wrapper\">\r\n<iframe title=\"Upload GPX route on high resolution map in the Printmaps editor | No need for Google maps\" width=\"1080\" height=\"608\" src=\"https:\/\/www.youtube.com\/embed\/aM5W250xMYU?feature=oembed\"  allow=\"accelerometer; autoplay; clipboard-write; encrypted-media; gyroscope; picture-in-picture\" allowfullscreen><\/iframe>\r\n<\/div><\/figure>\r\n\n<div style=\"height:30px\" aria-hidden=\"true\" class=\"wp-block-spacer\"><\/div>\n\n<p><\/p>\n\n<div style=\"height:66px\" aria-hidden=\"true\" class=\"wp-block-spacer\"><\/div>\n\n<div style=\"height:22px\" aria-hidden=\"true\" class=\"wp-block-spacer\"><\/div>\n\n<div class=\"wp-block-columns is-layout-flex wp-container-core-columns-is-layout-9d6595d7 wp-block-columns-is-layout-flex\"><\/div>\n","protected":false},"excerpt":{"rendered":"<p>Crear murales con rutas de senderismo, rutas en bicicleta o maratones impresos en strava con nuestro editor de Printmaps. Sube tus rutas y personaliza tus rutas impresas. El sonido de tus pies en el camino, respirar aire fresco por el bosque, el silencio s\u00f3lo interrumpido por el canto de los p\u00e1jaros. \u00bfCon cuanta frecuencia tus [&hellip;]<\/p>\n","protected":false},"author":19,"featured_media":0,"parent":0,"menu_order":0,"comment_status":"closed","ping_status":"closed","template":"","meta":{"_et_pb_use_builder":"","_et_pb_old_content":"","_et_gb_content_width":"","footnotes":""},"class_list":["post-94109","page","type-page","status-publish","hentry"],"_links":{"self":[{"href":"https:\/\/www.printmaps.net\/es\/wp-json\/wp\/v2\/pages\/94109","targetHints":{"allow":["GET"]}}],"collection":[{"href":"https:\/\/www.printmaps.net\/es\/wp-json\/wp\/v2\/pages"}],"about":[{"href":"https:\/\/www.printmaps.net\/es\/wp-json\/wp\/v2\/types\/page"}],"author":[{"embeddable":true,"href":"https:\/\/www.printmaps.net\/es\/wp-json\/wp\/v2\/users\/19"}],"replies":[{"embeddable":true,"href":"https:\/\/www.printmaps.net\/es\/wp-json\/wp\/v2\/comments?post=94109"}],"version-history":[{"count":20,"href":"https:\/\/www.printmaps.net\/es\/wp-json\/wp\/v2\/pages\/94109\/revisions"}],"predecessor-version":[{"id":176201,"href":"https:\/\/www.printmaps.net\/es\/wp-json\/wp\/v2\/pages\/94109\/revisions\/176201"}],"wp:attachment":[{"href":"https:\/\/www.printmaps.net\/es\/wp-json\/wp\/v2\/media?parent=94109"}],"curies":[{"name":"wp","href":"https:\/\/api.w.org\/{rel}","templated":true}]}}