{"id":94111,"date":"2021-07-25T10:38:53","date_gmt":"2021-07-25T08:38:53","guid":{"rendered":"https:\/\/www.printmaps.net\/funcionalidades\/"},"modified":"2024-10-23T15:12:35","modified_gmt":"2024-10-23T14:12:35","slug":"caracteristicas","status":"publish","type":"page","link":"https:\/\/www.printmaps.net\/es\/caracteristicas\/","title":{"rendered":"C\u00f3mo funciona el editor de mapas Printmaps"},"content":{"rendered":"\n<p>No es necesario ser un cart\u00f3grafo o dise\u00f1ador profesional para crear mapas impresionantes y con una muy buena apariencia en tan s\u00f3lo unos minutos, ya sean mapas de la ciudad, mapas de senderos, mapas de direcciones, mapas tur\u00edsticos o mapas generales.<\/p>\n\n<figure class=\"wp-block-image\"><a href=\"\/es\/\"><img decoding=\"async\" src=\"https:\/\/www.printmaps.net\/wp-content\/uploads\/2024\/09\/print-map-1.png\" alt=\"mapas para imprimir\" title=\"editor de mapas\"\/><\/a><\/figure>\n<p><p>Lo prometemos: el\u00a0<a href=\"https:\/\/www.printmaps.net\/es\/\" data-mce-href=\"https:\/\/www.printmaps.net\/es\/\">editor de mapas de Printmaps<\/a>\u00a0te ahorrar\u00e1 muchas horas en el dibujo de mapas y el trazado de rutas. \u00bfEst\u00e1s buscando<strong>\u00a0imprimir mapas de alta resoluci\u00f3n<\/strong>\u00a0para gu\u00edas inmobiliarias o tur\u00edsticas?,\u00bfNecesitas\u00a0<strong>un archivo de mapa en capas para editarlo<\/strong>\u00a0o hacer\u00a0<strong>un mapa personalizado de tu viaje?<\/strong>\u00a0Te explicamos las caracter\u00edsticas que puedes encontrar en las tres pesta\u00f1as del editor: Dise\u00f1o del mapa, A\u00f1ade contenido a tu mapa y Descarga tu mapa, \u00a1para que nada se interponga entre t\u00fa y tu Printmap!<\/p><\/p>\n\n<h2 class=\"wp-block-heading\">\u00a0<\/h2>\n\n<h2 class=\"wp-block-heading\">1. Dise\u00f1a tu mapa<\/h2>\n\n<hr class=\"wp-block-separator has-alpha-channel-opacity\"\/>\n\n<p><p>En la pesta\u00f1a de dise\u00f1o del mapa en el editor puedes ajustar los elementos b\u00e1sicos del mapa. Elige el tama\u00f1o de impresi\u00f3n del mapa y gira o inclina el mapa. Ajusta la\u00a0<strong>escala del texto<\/strong>\u00a0para cambiar el tama\u00f1o que se muestra en el mapa y\u00a0<strong>selecciona los t\u00edtulos que te gustar\u00eda mostrar u ocultar<\/strong>. Cambia el<strong>\u00a0idioma que se muestra en el mapa<\/strong>\u00a0y elige entre\u00a0<strong>varios estilos de mapa<\/strong>.<\/p><\/p>\n\n<figure class=\"wp-block-image\"><img decoding=\"async\" src=\"https:\/\/www.printmaps.net\/wp-content\/uploads\/2019\/07\/printable-map-editor-1-1024x681.gif\" alt=\"Draw a route with magnetic tool\"\/><\/figure>\n<div style=\"height:26px\" aria-hidden=\"true\" class=\"wp-block-spacer\"><\/div>\n\n<h3 class=\"wp-block-heading\">Dibuja una ruta con la herramienta magn\u00e9tica<\/h3>\n\n<p>Proporcionamos cartograf\u00eda mundial con todos los niveles de zoom. \u00a1Config\u00faralo con el nivel de detalle que necesites!<\/p>\n\n<h3 class=\"wp-block-heading\"><p><strong>Cambiar el tama\u00f1o del mapa<\/strong><\/p><\/h3>\n\n<p><p>Selecciona el tama\u00f1o de impresi\u00f3n en la pesta\u00f1a Dise\u00f1o de Mapa. Selecciona uno de los tama\u00f1os est\u00e1ndar o introduce un tama\u00f1o personalizado en mm de ancho y alto.\u00a0<em>Nota: los mapas con una longitud lateral superior a 220 mm no est\u00e1n disponibles como PNG, s\u00f3lo como PSD o SVG<\/em>. Echa un vistazo a nuestros\u00a0<a href=\"https:\/\/www.printmaps.net\/es\/precios\/\" target=\"_blank\" rel=\"noreferrer noopener\" data-mce-href=\"https:\/\/www.printmaps.net\/es\/precios\/\">precios<\/a>.<\/p><\/p>\n\n<p><p>Arrastra el mapa con el cursor para determinar el marco de mapa que desees.\u00a0<em>Nota: el tama\u00f1o m\u00e1ximo de un mapa de impresi\u00f3n es de 1330\u00d71330 mm<\/em>. No olvides\u00a0<strong>bloquear el \u00e1rea del mapa<\/strong> cuando el marco de imagen correcto est\u00e9 determinado. \u00a1De esta manera el marco de tu mapa ya no se mover\u00e1!<\/p><\/p>\n\n<figure class=\"wp-block-image\"><img decoding=\"async\" src=\"https:\/\/www.printmaps.net\/wp-content\/uploads\/2021\/01\/Online-map-editor-1024x560.png\" alt=\"\"\/><\/figure>\n<figure class=\"wp-block-image\"><img decoding=\"async\" src=\"https:\/\/www.printmaps.net\/wp-content\/uploads\/2021\/01\/map-styles.png\" alt=\"\"\/><\/figure>\n<div style=\"height:34px\" aria-hidden=\"true\" class=\"wp-block-spacer\"><\/div>\n\n<h3 class=\"wp-block-heading\">Elige tu estilo de mapa<\/h3>\n\n<p><p>Tu mapa, tu estilo. Elige entre varios estilos de mapas, desde todo terreno hasta estilos de invierno y de ciudad. Inmortaliza facilmente\u00a0<a href=\"http:\/\/www.komoot.com\/\" target=\"_blank\" rel=\"noreferrer noopener\">Caminatas de Komoot,<\/a>\u00a0<a href=\"http:\/\/www.bikemap.net\/\" target=\"_blank\" rel=\"noreferrer noopener\">recorridos en bici Bikemap<\/a>\u00a0o\u00a0<a href=\"https:\/\/www.facebook.com\/ulmon\/\" target=\"_blank\" rel=\"noreferrer noopener\">mapas tur\u00edsitcos de CityMaps2Go<\/a>\u00a0\u00a0en el mismo estilo de mapa de cada aplicaci\u00f3n.<\/p><\/p>\n\n<figure class=\"wp-block-image\"><img decoding=\"async\" src=\"https:\/\/www.printmaps.net\/wp-content\/uploads\/2019\/09\/printable-map-features-layers-styles-edit.gif\" alt=\"\"\/><\/figure>\n<div style=\"height:35px\" aria-hidden=\"true\" class=\"wp-block-spacer\"><\/div>\n\n<h3 class=\"wp-block-heading\">Dis\u00e9\u00f1alo tu mismo<\/h3>\n\n<p>Elige tu propio dise\u00f1o marcando o desmarcando los elementos que deseas incluir en su mapa. Puedes incluir todos los elementos que quieras o dejarlo tan di\u00e1fano como necesites. Con s\u00f3lo unos pocos clics puedes crear mapas en blanco, con regiones o con pa\u00edses.<\/p>\n\n<figure class=\"wp-block-image\"><img decoding=\"async\" src=\"https:\/\/www.printmaps.net\/wp-content\/uploads\/2019\/09\/printable-map-3d-tilted-citymap-streets-1-1024x725.png\" alt=\"\"\/><\/figure>\n<div style=\"height:33px\" aria-hidden=\"true\" class=\"wp-block-spacer\"><\/div>\n\n<h3 class=\"wp-block-heading\"><strong>Inclinar y rotar el mapa<\/strong><\/h3>\n\n<p><p>Gira el mapa para ver el mapa en la direcci\u00f3n que prefieras. Inclina el mapa hasta 60 \u00b0 para agregar perspectiva. Ideal para mapas inmobiliarios, mapas con la ubicaci\u00f3n de hoteles o con paseos por la ciudad.\u00a0<em>Nota: Los mapas inclinados y rotados no est\u00e1n disponibles como SVG, solo como PSD o PNG.<\/em><\/p><\/p>\n\n<h2 class=\"wp-block-heading\"><p>2.\u00a0<strong>A\u00f1adir contenido a tu mapa<\/strong><\/p><\/h2>\n\n<hr class=\"wp-block-separator has-alpha-channel-opacity\"\/>\n\n<p><p>En la pesta\u00f1a Agregar contenido\u00a0<strong>puedes dibujar una ruta, cargar un archivo GPX, KML o GeoJSON (ruta grabada), agregar Puntos de Inter\u00e9s y editar con formas geogr\u00e1ficas.<\/strong><\/p><\/p>\n\n<figure class=\"wp-block-image\"><img decoding=\"async\" src=\"https:\/\/www.printmaps.net\/wp-content\/uploads\/2020\/05\/biking-route-map-1024x665.png\" alt=\"crear ruta en mapa\"\/><\/figure>\n<div style=\"height:34px\" aria-hidden=\"true\" class=\"wp-block-spacer\"><\/div>\n\n<h3 class=\"wp-block-heading\">Dibujar una ruta<\/h3>\n\n<p>\u00bfQuieres incluir una ruta en tu mapa? Es tan f\u00e1cil como utilizar nuestra herramienta de dibujo magn\u00e9tica. \u00bfPrefieres hacerlo a mano alzada? No te preocupes, puedes hacerlo. En el \u201cModo f\u00e1cil\u201d puedes dibujar rutas ingresando los puntos de destino en la barra de b\u00fasqueda. En el \u201cModo experto\u201d puedes dibujar haciendo clic en los puntos de destino en el mapa. En ambos modos, puedes dibujar l\u00edneas rectas, en arco o dibujar una l\u00ednea que se ajuste magn\u00e9ticamente a las carreteras existentes. Ajusta el grosor y el color de la l\u00ednea. T\u00fa decides c\u00f3mo quieres mostrar los iconos seg\u00fan sea el tipo de viaje (avi\u00f3n, tren, autom\u00f3vil, caminar, andar en bicicleta, barco) o si prefieres ocultarlos.<\/p>\n\n<figure class=\"wp-block-image\"><img decoding=\"async\" src=\"https:\/\/www.printmaps.net\/wp-content\/uploads\/2020\/10\/maps-with-layers-for-adobe-photoshop-illustrator.gif\" alt=\"\"\/><\/figure>\n<div style=\"height:36px\" aria-hidden=\"true\" class=\"wp-block-spacer\"><\/div>\n\n<h3 class=\"wp-block-heading\"><p><strong>C\u00f3mo cargar rutas grabadas al mapa<\/strong><\/p><\/h3>\n\n<p>\u00bfTienes un fichero GPX o KML que deseas incluir en tu mapa? No hay problema, puedes cargar tantos como desees y mostrarlos en tu mapa.<\/p>\n\n<p>En el bot\u00f3n \u201cSubir archivo\u201d encontrar\u00e1s la opci\u00f3n para subir archivos GPX, KML o GeoJSON al mapa. De esta manera puedes visualizar su ruta grabada en un mapa de impresi\u00f3n de alta resoluci\u00f3n. Una forma sencilla de imprimir un mapa gpx.<\/p>\n\n<p>A menudo utilizado por revistas del motor, es perfecto para gu\u00edas con mapas de caminatas, rutas en bici o blogs de viajes. Inmortaliza tu carrera favorita en el barrio o una marat\u00f3n y ponla en la pared. Echa un vistazo a estos incre\u00edbles ejemplos de estampados de Strava.<\/p>\n\n<iframe width=\"560\" height=\"315\" src=\"https:\/\/www.youtube.com\/embed\/aM5W250xMYU?si=mXwtWV4P2VcECvM8\" title=\"YouTube video player\" frameborder=\"0\" allow=\"accelerometer; autoplay; clipboard-write; encrypted-media; gyroscope; picture-in-picture; web-share\" referrerpolicy=\"strict-origin-when-cross-origin\" allowfullscreen=\"\"><\/iframe>\r\n\n<div style=\"height:42px\" aria-hidden=\"true\" class=\"wp-block-spacer\"><\/div>\n\n<figure class=\"wp-block-image\"><img decoding=\"async\" src=\"https:\/\/www.printmaps.net\/wp-content\/uploads\/2019\/09\/printable-map-batch-geocode-addresses-POI-1024x725.gif\" alt=\"\"\/><\/figure>\n<div style=\"height:41px\" aria-hidden=\"true\" class=\"wp-block-spacer\"><\/div>\n\n<h3 class=\"wp-block-heading\"><p><strong>Crea un mapa con puntos de localizaci\u00f3n y etiquetas<\/strong><\/p><\/h3>\n\n<p>Incluye un Punto de Inter\u00e9s en el mapa arrastr\u00e1ndolo y coloc\u00e1ndolo en el mapa o introduce su ubicaci\u00f3n exacta en la hoja de c\u00e1lculo. Ajusta f\u00e1cilmente el tama\u00f1o y elige entre varios colores e iconos para dise\u00f1arlos.<\/p>\n\n<p><p><strong>Crea un mapa con puntos de localizaci\u00f3n<\/strong><\/p><\/p>\n\n<p><p>Elige los marcadores y etiquetas est\u00e1ndar o carga tus propios distintivos personalizados.\u00a0Busca y descarga en l\u00ednea distintivos personalizados\u00a0o\u00a0crea los suyos propios. Localiza en el mapa el logotipo de tu empresa o cualquier otra imagen que te gustar\u00eda mostrar.\u00a0<em>Nota: el tama\u00f1o m\u00ednimo de la imagen del distintivo personalizado es 100x100px.<\/em><\/p><\/p>\n\n<figure class=\"wp-block-image\"><img decoding=\"async\" src=\"https:\/\/www.printmaps.net\/wp-content\/uploads\/2019\/09\/printable-map-custom-markers-1024x723.gif\" alt=\"\"\/><\/figure>\n<div style=\"height:38px\" aria-hidden=\"true\" class=\"wp-block-spacer\"><\/div>\n\n<h3 class=\"wp-block-heading\"><p><strong>Mapeo de m\u00faltiples ubicaciones<\/strong><\/p><\/h3>\n\n<p><p><a href=\"https:\/\/www.printmaps.net\/es\/imprime-mapa-con-multiple-localizaciones\/\" target=\"_blank\" rel=\"noreferrer noopener\">Traza varias direcciones a la vez<\/a>\u00a0en el mapa pegando la lista de ubicaciones en la hoja de c\u00e1lculo. Copia y pega f\u00e1cilmente desde Excel.<\/p><\/p>\n\n<figure class=\"wp-block-image\"><img decoding=\"async\" src=\"https:\/\/www.printmaps.net\/wp-content\/uploads\/2019\/07\/printable-map-batch-geocode-addresses-excel-2-1024x517.gif\" alt=\"Realiza la geocodificaci&#xF3;n de direcciones en lote para mapas imprimibles\"\/><\/figure>\n<figure class=\"wp-block-image\"><img decoding=\"async\" src=\"https:\/\/www.printmaps.net\/wp-content\/uploads\/2019\/09\/printable-map-regions-areas-1024x636.gif\" alt=\"\"\/><\/figure>\n<div style=\"height:50px\" aria-hidden=\"true\" class=\"wp-block-spacer\"><\/div>\n\n<h3 class=\"wp-block-heading\"><p><strong>C\u00f3mo colorear diferentes pa\u00edses, regiones o ciudades en un mapa<\/strong><\/p><\/h3>\n\n<p><p>Con el editor de Printmaps puedes colorear diferentes \u00e1reas colocando una forma geogr\u00e1fica encima de ellas. Elige \u00e1reas administrativas (pa\u00edses, municipios, regiones) de nuestra base de datos.\u00a0Resaltar pa\u00edses en un mapa\u00a0es f\u00e1cil, solo colorea los pa\u00edses en el mapa mundial.\u00a0<em>Nota: hasta ahora no es (todav\u00eda) posible colorear continentes enteros a la vez.<\/em><\/p><\/p>\n\n<p><p>\u00bfQuieres darle un color diferente al entorno de la zona? Haz clic en\u00a0<strong>invertir<\/strong>. Puedes cambiar tanto el\u00a0<strong>color<\/strong>\u00a0como la<strong>\u00a0transparencia<\/strong>\u00a0de la forma. \u00a1Elige uno de los colores est\u00e1ndar o ingresa el c\u00f3digo HEX o los valores RGB del color que te gustar\u00eda mostrar!.<\/p><\/p>\n\n<p><p>La funci\u00f3n perfecta para ayudarte a resaltar tu destino, por ejemplo, cuando\u00a0<a href=\"https:\/\/www.printmaps.net\/es\/mapa-viaje-album-fotos\/\">creas un mapa del viaje para tu \u00e1lbum de fotos.<\/a><\/p><\/p>\n\n<figure class=\"wp-block-image\"><img decoding=\"async\" src=\"https:\/\/www.printmaps.net\/wp-content\/uploads\/2019\/09\/printable-map-draw-geographic-shape-administrative.gif\" alt=\"\"\/><\/figure>\n<figure class=\"wp-block-image\"><img decoding=\"async\" src=\"https:\/\/www.printmaps.net\/wp-content\/uploads\/2021\/01\/Austria-map-1024x722.png\" alt=\"\"\/><\/figure>\n<h3 class=\"wp-block-heading\"><p><strong>Resaltar fronteras<\/strong><\/p><\/h3>\n\n<p><p>\u00bfTe gustar\u00eda mostrar una<strong>\u00a0frontera<\/strong>\u00a0en un color diferente alrededor de una forma concreta? Primero coloca la forma geogr\u00e1fica con borde (selecciona \u201ctrazo\u201d) sobre el \u00e1rea y luego una forma geogr\u00e1fica sin trazo encima.<\/p><\/p>\n\n<figure class=\"wp-block-image\"><img decoding=\"async\" src=\"https:\/\/www.printmaps.net\/wp-content\/uploads\/2020\/05\/Image-from-Marlon-Blackwell-Architects.jpg\" alt=\"Mapa para an&#xE1;lisis de sitio\"\/><\/figure>\n<div style=\"height:42px\" aria-hidden=\"true\" class=\"wp-block-spacer\"><\/div>\n\n<h2 class=\"wp-block-heading\"><p><strong>Lista de capas<\/strong><\/p><\/h2>\n\n<p><p>El editor de Printmaps trabaja con capas de contenido. Las capas pueden contener, por ejemplo, las etiquetas de texto, la ruta o una forma de color. Como en otros editores como Photoshop e Illustrator, puedes mover las capas. Selecciona una capa y arr\u00e1strala hacia arriba para mostrarla sobre la otra.\u00a0<strong>Cuando colocas el cursor en una capa en las listas de capas<\/strong>,\u00a0<strong>se ilumina en el mapa<\/strong>. De esta manera, las diferentes capas son f\u00e1ciles de encontrar y puedes eliminarlas, ocultarlas, editarlas o reemplazarlas.<\/p><\/p>\n\n<p>Descarga el mapa como archivo SVG o PSD y conservar\u00e1s las capas de contenido que agregaste y las otras capas de contenido que contiene el mapa (sombreado, carreteras, edificios, \u2026). Las etiquetas se muestran con nombres claros cuando se abre en Photoshop o Illustrator.<\/p>\n\n<p>Digamos que quieres mover una etiqueta \u2013 no hay problema. El contenido debajo de la etiqueta no se ver\u00e1 afectado. Un buen comienzo con capas de mapas GIS.<\/p>\n\n<figure class=\"wp-block-image\"><img decoding=\"async\" src=\"https:\/\/www.printmaps.net\/wp-content\/uploads\/2020\/06\/layered-map-in-illustrator.png\" alt=\"\"\/><\/figure>\n<div style=\"height:41px\" aria-hidden=\"true\" class=\"wp-block-spacer\"><\/div>\n\n<h2 class=\"wp-block-heading\">3. Descarga tu mapa<\/h2>\n\n<hr class=\"wp-block-separator has-alpha-channel-opacity\"\/>\n\n<p>Con el editor de Printmaps, descargar\u00e1s mapas con alta resoluci\u00f3n (300 dpi) que no perder\u00e1n ning\u00fan detalle cuando sean impresos. Tienes la opci\u00f3n de descargar el mapa como un archivo PNG, PSD o SVG. La elecci\u00f3n del tipo de archivo y la cantidad de copias para la circulaci\u00f3n impresa determinan los distintos precios.<\/p>\n\n<figure class=\"wp-block-image\"><img decoding=\"async\" src=\"https:\/\/www.printmaps.net\/wp-content\/uploads\/2019\/09\/printable-map-routes-trails-itineraries-1024x722.gif\" alt=\"\"\/><\/figure>\n<div style=\"height:41px\" aria-hidden=\"true\" class=\"wp-block-spacer\"><\/div>\n\n<h3 class=\"wp-block-heading\"><p><strong>Mapa PNG<\/strong><\/p><\/h3>\n\n<p><p>En caso de que no necesites capas en el mapa despu\u00e9s de descargarlo; puedes optar por descargar un archivo PNG simple. \u00bfY si necesitas un retoque final? Obviamente, es posible agregar detalles adicionales al mapa con otros programas de edici\u00f3n despu\u00e9s de la descarga. Perfecto para un mapa de tu viaje para tu \u00e1lbum de fotos o cualquier otro mapa que se quiera imprimir o usar en l\u00ednea.\u00a0<em>Nota: los mapas con una longitud lateral superior a 220 mm no est\u00e1n disponibles en PNG.<\/em><\/p><\/p>\n\n<figure class=\"wp-block-image\"><img decoding=\"async\" src=\"https:\/\/www.printmaps.net\/wp-content\/uploads\/2021\/01\/Peru-1024x723.png\" alt=\"\"\/><\/figure>\n<div style=\"height:39px\" aria-hidden=\"true\" class=\"wp-block-spacer\"><\/div>\n\n<h3 class=\"wp-block-heading\">Mapa PSD<\/h3>\n\n<p>Para los usuarios de Photoshop, un archivo PSD (Documento de Photoshop) es \u00fatil. Aqu\u00ed se guardar\u00e1n las capas del mapa y las encontrar\u00e1s nombradas cuando abras el archivo en Photoshop (o Illustrator). Cambia, por ejemplo, los colores de los r\u00edos y arrastra la capa de agua hacia arriba para mostrarlos en la parte superior en un pa\u00eds coloreado, agrega etiquetas de texto en el tipo de letra que prefieras.<\/p>\n\n<figure class=\"wp-block-image\"><img decoding=\"async\" src=\"https:\/\/www.printmaps.net\/wp-content\/uploads\/2019\/09\/printable-map-countries-outline-overview-1024x722.gif\" alt=\"\"\/><\/figure>\n<div style=\"height:41px\" aria-hidden=\"true\" class=\"wp-block-spacer\"><\/div>\n\n<h3 class=\"wp-block-heading\"><p><strong>Mapa SVG<\/strong><\/p><\/h3>\n\n<p>Si est\u00e1s buscando descargar un mapa SVG, el editor de Printmaps puede ser una buena opci\u00f3n para usted. Las im\u00e1genes SVG y sus comportamientos se definen en archivos de texto XML. Esto significa que se pueden buscar, indexar, codificar y comprimir. Los SVG son mapas base perfectos para crear mapas interactivos.<\/p>\n\n<p><p><em>Nota: Los mapas inclinados y rotados no est\u00e1n disponibles como SVG.<\/em><\/p><\/p>\n\n<h2 class=\"wp-block-heading\">Lista de caracter\u00edsticas<\/h2>\n\n<figure class=\"wp-block-table is-style-stripes\"><table><tbody><tr><td><strong>Dise\u00f1o de mapa<\/strong><\/td><\/tr><tr><td><p>\u00a0<img decoding=\"async\" src=\"https:\/\/www.printmaps.net\/wp-content\/uploads\/2017\/12\/check.png\" alt=\"ok\" width=\"16\" height=\"16\"\/>\u00a0 Escalas de mapa de todo el mundo a 1: 1000 (casas individuales)<\/p><\/td><\/tr><tr><td><p>\u00a0<img decoding=\"async\" src=\"https:\/\/www.printmaps.net\/wp-content\/uploads\/2017\/12\/check.png\" alt=\"ok\" width=\"16\" height=\"16\"\/>\u00a0 Elige entre muchos estilos de mapas predefinidos<\/p><\/td><\/tr><tr><td><p><img decoding=\"async\" src=\"https:\/\/www.printmaps.net\/wp-content\/uploads\/2017\/12\/check.png\" alt=\"ok\" width=\"16\" height=\"16\"\/>\u00a0 Utiliza fotograf\u00edas a\u00e9reas imprimibles como fondo del mapa (pa\u00edses seleccionados)<\/p><\/td><\/tr><tr><td><p>\u00a0<img decoding=\"async\" src=\"https:\/\/www.printmaps.net\/wp-content\/uploads\/2017\/12\/check.png\" alt=\"ok\" width=\"16\" height=\"16\"\/>\u00a0 Muestra u oculta individualmente cada caracter\u00edstica del mapa<\/p><\/td><\/tr><tr><td><p>\u00a0<img decoding=\"async\" src=\"https:\/\/www.printmaps.net\/wp-content\/uploads\/2017\/12\/check.png\" alt=\"ok\" width=\"16\" height=\"16\"\/>\u00a0 Reducir el detalle del mapa hasta un 50%<\/p><\/td><\/tr><tr><td><p>\u00a0<img decoding=\"async\" src=\"https:\/\/www.printmaps.net\/wp-content\/uploads\/2017\/12\/check.png\" alt=\"ok\" width=\"16\" height=\"16\" data-mce-src=\"https:\/\/www.printmaps.net\/wp-content\/uploads\/2017\/12\/check.png\"\/>\u00a0 Inclinar y rotar el mapa<\/p><\/td><\/tr><tr><td><p>\u00a0<img decoding=\"async\" src=\"https:\/\/www.printmaps.net\/wp-content\/uploads\/2017\/12\/check.png\" alt=\"ok\" width=\"16\" height=\"16\"\/>\u00a0 Imprime un mapa desde cualquier lugar del mundo<\/p><\/td><\/tr><tr><td><br\/><strong>Contenido<\/strong><\/td><\/tr><tr><td><p>\u00a0<img decoding=\"async\" src=\"https:\/\/www.printmaps.net\/wp-content\/uploads\/2017\/12\/check.png\" alt=\"ok\" width=\"16\" height=\"16\"\/>\u00a0 Dibujar una ruta con la herramienta magn\u00e9tica<\/p><\/td><\/tr><tr><td><p>\u00a0<img decoding=\"async\" src=\"https:\/\/www.printmaps.net\/wp-content\/uploads\/2017\/12\/check.png\" alt=\"ok\" width=\"16\" height=\"16\"\/>\u00a0 Subir un archivo GPX<\/p><\/td><\/tr><tr><td><p>\u00a0<img decoding=\"async\" src=\"https:\/\/www.printmaps.net\/wp-content\/uploads\/2017\/12\/check.png\" alt=\"ok\" width=\"16\" height=\"16\"\/>\u00a0 Cargar archivo GeoJSON<\/p><\/td><\/tr><tr><td><p>\u00a0<img decoding=\"async\" src=\"https:\/\/www.printmaps.net\/wp-content\/uploads\/2017\/12\/check.png\" alt=\"ok\" width=\"16\" height=\"16\"\/>\u00a0 Subir archivo KML<\/p><\/td><\/tr><tr><td><p>\u00a0<img decoding=\"async\" src=\"https:\/\/www.printmaps.net\/wp-content\/uploads\/2017\/12\/check.png\" alt=\"ok\" width=\"16\" height=\"16\"\/>\u00a0 \u00a0Agregar puntos de inter\u00e9s<\/p><\/td><\/tr><tr><td><p>\u00a0<img decoding=\"async\" src=\"https:\/\/www.printmaps.net\/wp-content\/uploads\/2017\/12\/check.png\" alt=\"ok\" width=\"16\" height=\"16\"\/>\u00a0 Codificaci\u00f3n geogr\u00e1fica por lotes<\/p><\/td><\/tr><tr><td><p>\u00a0<img decoding=\"async\" src=\"https:\/\/www.printmaps.net\/wp-content\/uploads\/2017\/12\/check.png\" alt=\"ok\" width=\"16\" height=\"16\"\/>\u00a0 Agregar formas geogr\u00e1ficas<\/p><\/td><\/tr><tr><td><br\/><strong>Resultado<\/strong><\/td><\/tr><tr><td><p>\u00a0<img decoding=\"async\" src=\"https:\/\/www.printmaps.net\/wp-content\/uploads\/2017\/12\/check.png\" alt=\"ok\" width=\"16\" height=\"16\"\/>\u00a0 \u00a0Tama\u00f1os de mapas de hasta 660 mm x 660 mm<\/p><\/td><\/tr><tr><td>\u00a0<img decoding=\"async\" width=\"16\" height=\"16\" src=\"https:\/\/www.printmaps.net\/wp-content\/uploads\/2017\/12\/check.png\" alt=\"ok\"\/>\u00a0\u00a0 300 dpi<\/td><\/tr><tr><td><p>\u00a0<img decoding=\"async\" src=\"https:\/\/www.printmaps.net\/wp-content\/uploads\/2017\/12\/check.png\" alt=\"ok\" width=\"16\" height=\"16\"\/>\u00a0 \u00a0PNG de alta resoluci\u00f3n<\/p><\/td><\/tr><tr><td><p>\u00a0<img decoding=\"async\" src=\"https:\/\/www.printmaps.net\/wp-content\/uploads\/2017\/12\/check.png\" alt=\"ok\" width=\"16\" height=\"16\"\/>\u00a0 \u00a0PSD en capas<\/p><\/td><\/tr><tr><td><p>\u00a0<img decoding=\"async\" src=\"https:\/\/www.printmaps.net\/wp-content\/uploads\/2017\/12\/check.png\" alt=\"ok\" width=\"16\" height=\"16\"\/>\u00a0 \u00a0Todo el contenido (incluidos todos los puntos de inter\u00e9s) como capa separada<\/p><\/td><\/tr><\/tbody><\/table><\/figure>\n<div style=\"height:43px\" aria-hidden=\"true\" class=\"wp-block-spacer\"><\/div>\n\n<figure class=\"wp-block-table is-style-stripes\"><table class=\"has-fixed-layout\"><thead><tr><th class=\"has-text-align-center\" data-align=\"center\"><a href=\"https:\/\/www.printmaps.net\/es\/precios\/\">Opciones de licencia<\/a><\/th><th class=\"has-text-align-center\" data-align=\"center\">Unlimited<\/th><th class=\"has-text-align-center\" data-align=\"center\">Est\u00e1ndar<\/th><th class=\"has-text-align-center\" data-align=\"center\">Mini<\/th><\/tr><\/thead><tbody><tr><td class=\"has-text-align-center\" data-align=\"center\">Tirada m\u00e1xima<\/td><td class=\"has-text-align-center\" data-align=\"center\">ilimitado<\/td><td class=\"has-text-align-center\" data-align=\"center\">35,000<\/td><td class=\"has-text-align-center\" data-align=\"center\">1,000<\/td><\/tr><\/tbody><\/table><\/figure>\n<div style=\"height:46px\" aria-hidden=\"true\" class=\"wp-block-spacer\"><\/div>\n\n<p><p>Para funciones avanzadas como acceso a API, etiquetas de marca blanca, reventa o acceso de afiliado, <a dir=\"ltr\" href=\"https:\/\/support.printmaps.net\/es\/support\/tickets\/new\">ponte en contacto con nosotros<\/a>.<\/p><\/p>\n\n<div style=\"height:67px\" aria-hidden=\"true\" class=\"wp-block-spacer\"><\/div>\n\n<div class=\"wp-block-group\"><div class=\"wp-block-group__inner-container is-layout-constrained wp-block-group-is-layout-constrained\">\n<h2 class=\"wp-block-heading has-text-align-center has-large-font-size\" style=\"font-style:normal;font-weight:700\">Pruebe Printmaps<\/h2>\n\n\n\n<p class=\"has-text-align-center has-medium-font-size\">Nuestro editor de mapas te permite crear mapas imprimibles de todo el mundo en un abrir y cerrar de ojos.<\/p>\n\n\n\n<div style=\"height:15px\" aria-hidden=\"true\" class=\"wp-block-spacer\"><\/div>\n\n\n\n<div class=\"wp-block-buttons is-content-justification-center is-layout-flex wp-container-core-buttons-is-layout-16018d1d wp-block-buttons-is-layout-flex\">\n<div class=\"wp-block-button has-custom-font-size\" style=\"font-size:18px\"><a class=\"wp-block-button__link has-background wp-element-button\" href=\"https:\/\/www.printmaps.net\/es\/\" style=\"border-radius:10px;background-color:#e5017e\"><p><strong>Cree ahora su primer mapa<\/strong><\/p><\/a><\/div>\n<\/div>\n<\/div><\/div>\n\n<div style=\"height:71px\" aria-hidden=\"true\" class=\"wp-block-spacer\"><\/div>\n","protected":false},"excerpt":{"rendered":"<p>No es necesario ser un cart\u00f3grafo o dise\u00f1ador profesional para crear mapas impresionantes y con una muy buena apariencia en tan s\u00f3lo unos minutos, ya sean mapas de la ciudad, mapas de senderos, mapas de direcciones, mapas tur\u00edsticos o mapas generales. Lo prometemos: el\u00a0editor de mapas de Printmaps\u00a0te ahorrar\u00e1 muchas horas en el dibujo de [&hellip;]<\/p>\n","protected":false},"author":5,"featured_media":0,"parent":0,"menu_order":0,"comment_status":"closed","ping_status":"closed","template":"","meta":{"_et_pb_use_builder":"off","_et_pb_old_content":"","_et_gb_content_width":"","footnotes":""},"class_list":["post-94111","page","type-page","status-publish","hentry"],"_links":{"self":[{"href":"https:\/\/www.printmaps.net\/es\/wp-json\/wp\/v2\/pages\/94111","targetHints":{"allow":["GET"]}}],"collection":[{"href":"https:\/\/www.printmaps.net\/es\/wp-json\/wp\/v2\/pages"}],"about":[{"href":"https:\/\/www.printmaps.net\/es\/wp-json\/wp\/v2\/types\/page"}],"author":[{"embeddable":true,"href":"https:\/\/www.printmaps.net\/es\/wp-json\/wp\/v2\/users\/5"}],"replies":[{"embeddable":true,"href":"https:\/\/www.printmaps.net\/es\/wp-json\/wp\/v2\/comments?post=94111"}],"version-history":[{"count":57,"href":"https:\/\/www.printmaps.net\/es\/wp-json\/wp\/v2\/pages\/94111\/revisions"}],"predecessor-version":[{"id":185836,"href":"https:\/\/www.printmaps.net\/es\/wp-json\/wp\/v2\/pages\/94111\/revisions\/185836"}],"wp:attachment":[{"href":"https:\/\/www.printmaps.net\/es\/wp-json\/wp\/v2\/media?parent=94111"}],"curies":[{"name":"wp","href":"https:\/\/api.w.org\/{rel}","templated":true}]}}