{"id":94113,"date":"2021-07-25T10:47:09","date_gmt":"2021-07-25T08:47:09","guid":{"rendered":"https:\/\/www.printmaps.net\/imprime-komoot-recorridos\/"},"modified":"2024-05-29T13:31:55","modified_gmt":"2024-05-29T12:31:55","slug":"imprime-komoot-recorridos","status":"publish","type":"page","link":"https:\/\/www.printmaps.net\/es\/imprime-komoot-recorridos\/","title":{"rendered":"C\u00f3mo imprimen los usuarios de Komoot recorridos con Printmaps para informar a sus invitados, lectores o clientes"},"content":{"rendered":"\n<hr class=\"wp-block-separator has-css-opacity\"\/>\n\n<div style=\"height:29px\" aria-hidden=\"true\" class=\"wp-block-spacer\"><\/div>\n\n<p>Con la integraci\u00f3n de Komoot en los hoteles del editor Printmaps, los destinos tur\u00edsticos y las personas que est\u00e9n editando imprimen f\u00e1cilmente sus rutas de Komoot en 300 dpi, lo que representa una impresi\u00f3n con una muy alta calidad para folletos informativos. Los usuarios, lectores y clientes tendr\u00e1n en su tel\u00e9fono la ruta del recorrido y, adem\u00e1s, la versi\u00f3n impresa, <\/p>\n\n<p><\/p>\n\n<p>Inicia sesi\u00f3n con tu perfil de Komoot directamente en el editor. Presiona el bot\u00f3n con puntos y elige Komoot. La gran ventaja de la asociaci\u00f3n entre Printmaps.net y Komoot es que los usuarios, lectores y clientes pueden utilizar los recorridos de forma impresa y en la aplicaci\u00f3n l\u00edder de Komoot.<\/p>\n\n<p><\/p>\n\n<div class=\"wp-block-buttons is-content-justification-center is-layout-flex wp-container-core-buttons-is-layout-16018d1d wp-block-buttons-is-layout-flex\">\n<div class=\"wp-block-button has-custom-font-size\" style=\"font-size:18px\"><a class=\"wp-block-button__link has-background wp-element-button\" href=\"https:\/\/www.printmaps.net\/es\/\" style=\"border-radius:10px;background-color:#e5017e\"><p><strong>Empiece a trazar mapas ahora, sin necesidad de registrarse<\/strong><\/p><\/a><\/div>\n<\/div>\n\n<div style=\"height:34px\" aria-hidden=\"true\" class=\"wp-block-spacer\"><\/div>\n\n<hr class=\"wp-block-separator has-css-opacity\"\/>\n\n<div style=\"height:35px\" aria-hidden=\"true\" class=\"wp-block-spacer\"><\/div>\n\n<div class=\"wp-block-columns is-layout-flex wp-container-core-columns-is-layout-9d6595d7 wp-block-columns-is-layout-flex\">\n<div class=\"wp-block-column is-layout-flow wp-block-column-is-layout-flow\">\n<figure class=\"wp-block-image\"><img fetchpriority=\"high\" fetchpriority=\"high\" decoding=\"async\" width=\"875\" height=\"618\" src=\"https:\/\/www.printmaps.net\/wp-content\/uploads\/2021\/03\/print-komoot-route.png\" alt=\"\" class=\"wp-image-81054\" srcset=\"https:\/\/www.printmaps.net\/wp-content\/uploads\/2021\/03\/print-komoot-route.png 875w, https:\/\/www.printmaps.net\/wp-content\/uploads\/2021\/03\/print-komoot-route-480x339.png 480w\" sizes=\"(min-width: 0px) and (max-width: 480px) 480px, (min-width: 481px) 875px, 100vw\" \/><\/figure><\/div>\n\n\n\n<div class=\"wp-block-column is-layout-flow wp-block-column-is-layout-flow\">\n<p><p>Por ejemplo, <a href=\"https:\/\/alexandersonderegger.wixsite.com\/tourenspuren\/alle-touren\" target=\"_blank\" rel=\"noreferrer noopener\">el ciclista de monta\u00f1a Alexander Sonderegger<\/a>, muestra cada recorrido con un mapa, perfil de elevaci\u00f3n y caracter\u00edsticas de la ruta. Esto se produce junto con un c\u00f3digo QR y un enlace al recorrido. De esta manera, el lector puede usar la informaci\u00f3n del recorrido directamente desde el tel\u00e9fono inteligente, usar Komoot en su navegador o imprimir el recorrido con instrucciones paso a paso para moverse c\u00f3modamente.<\/p><\/p>\n<\/div>\n<\/div>\n\n<div style=\"height:30px\" aria-hidden=\"true\" class=\"wp-block-spacer\"><\/div>\n\n<div class=\"wp-block-columns is-layout-flex wp-container-core-columns-is-layout-9d6595d7 wp-block-columns-is-layout-flex\">\n<div class=\"wp-block-column is-layout-flow wp-block-column-is-layout-flow\">\n<h2 class=\"wp-block-heading\">C\u00f3mo imprimir tours con Komoot <\/h2>\n\n\n\n<p>En el planificador de rutas de Komoot, las rutas se crean en unos pocos clics y se integran directamente en el editor de Printmaps. Para crear mapas para impresi\u00f3n profesional en 300 dpi, conecta Printmaps.net con Komoot. Abre Printmaps.net, despl\u00e1zate hacia abajo hasta el editor, selecciona el tama\u00f1o de impresi\u00f3n, el \u00e1rea a mostrar en el mapa, el nivel de zoom, la rotaci\u00f3n y la inclinaci\u00f3n. Una vez hecho esto, selecciona tu estilo de mapa y dir\u00edgete a la pesta\u00f1a \u00abAgregar contenido\u00bb para encontrar la opci\u00f3n en el lado derecho de tu pantalla para \u00abImportar ruta de Komoot\u00bb. Aqu\u00ed puedes iniciar sesi\u00f3n en Komoot. Permite que Printmaps acceda a Komoot y accede a las rutas en tu cuenta de Komoot.<\/p>\n\n\n\n<p><\/p>\n<\/div>\n\n\n\n<div class=\"wp-block-column is-layout-flow wp-block-column-is-layout-flow\">\n<figure class=\"wp-block-image size-full\"><img decoding=\"async\" width=\"421\" height=\"235\" src=\"https:\/\/www.printmaps.net\/wp-content\/uploads\/2024\/03\/image.png\" alt=\"\" class=\"wp-image-165413\" srcset=\"https:\/\/www.printmaps.net\/wp-content\/uploads\/2024\/03\/image.png 421w, https:\/\/www.printmaps.net\/wp-content\/uploads\/2024\/03\/image-300x167.png 300w\" sizes=\"(max-width: 421px) 100vw, 421px\" \/><\/figure>\n\n\n<div class=\"wp-block-columns is-layout-flex wp-container-core-columns-is-layout-9d6595d7 wp-block-columns-is-layout-flex\">\n<div class=\"wp-block-column is-layout-flow wp-block-column-is-layout-flow\"><\/div>\n<\/div>\n<\/div>\n<\/div>\n\n<div class=\"wp-block-columns is-layout-flex wp-container-core-columns-is-layout-9d6595d7 wp-block-columns-is-layout-flex\">\n<div class=\"wp-block-column is-layout-flow wp-block-column-is-layout-flow\">\n<figure class=\"wp-block-image size-large\"><img decoding=\"async\" width=\"699\" height=\"425\" src=\"https:\/\/www.printmaps.net\/wp-content\/uploads\/2021\/03\/printmaps-and-komoot.png\" alt=\"Imprimir recorridos\" class=\"wp-image-81059\" srcset=\"https:\/\/www.printmaps.net\/wp-content\/uploads\/2021\/03\/printmaps-and-komoot.png 699w, https:\/\/www.printmaps.net\/wp-content\/uploads\/2021\/03\/printmaps-and-komoot-480x292.png 480w\" sizes=\"(min-width: 0px) and (max-width: 480px) 480px, (min-width: 481px) 699px, 100vw\" \/><\/figure><\/div>\n\n\n\n<div class=\"wp-block-column is-layout-flow wp-block-column-is-layout-flow\">\n<p>Ahora se pueden seleccionar uno o varios recorridos. Una vez seleccionados, estos se muestran directamente en el mapa. Para agregar m\u00e1s recorridos desde la cuenta de Komoot, simplemente haz clic en el logotipo de Komoot nuevamente. Cada nuevo recorrido guardado en el perfil de Komoot aparece directamente en la lista y se puede agregar al mapa.<\/p>\n\n\n\n<p><\/p>\n\n\n\n<p>El mapa final con las rutas se puede modificar de diferentes formas. Ajusta el estilo del mapa, cambia el color de la ruta, agrega puntos de inter\u00e9s en el editor. Echa un vistazo a la vista previa y luego compra el mapa en l\u00ednea.<\/p>\n<\/div>\n<\/div>\n\n<p><\/p>\n\n<div style=\"height:33px\" aria-hidden=\"true\" class=\"wp-block-spacer\"><\/div>\n\n<h3 class=\"wp-block-heading\">Otras soluciones ofrecidas por Komoot y utilizadas por hoteles, destinos tur\u00edsticos y otros proveedores de servicios, autores y editores son:<\/h3>\n\n<div style=\"height:26px\" aria-hidden=\"true\" class=\"wp-block-spacer\"><\/div>\n\n<h4 class=\"wp-block-heading\">1. Planificador de rutas de Komoot (gratuito): para crear rutas en unos pocos clics.<\/h4>\n\n<p><\/p>\n\n<h4 class=\"wp-block-heading\">2. Complemento del sitio web de Komoot (gratuito): para integrar recorridos y mapas en tu propia p\u00e1gina web.<\/h4>\n\n<div style=\"height:100px\" aria-hidden=\"true\" class=\"wp-block-spacer\"><\/div>\n\n<hr class=\"wp-block-separator has-css-opacity\"\/>\n\n<p><\/p>\n\n<p>Esta publicaci\u00f3n del blog de Medium est\u00e1 escrita por Markus Hallermann, co-fundador de Komoot. Para leerlo en alem\u00e1n: <a href=\"https:\/\/medium.com\/komoot\/printmaps-net-by-toursprung-komoot-46f0c752883a\" target=\"_blank\" rel=\"noreferrer noopener\">Printmaps.net by Toursprung &amp; Komoot.<\/a><\/p>\n\n<div style=\"height:21px\" aria-hidden=\"true\" class=\"wp-block-spacer\"><\/div>\n\n<p><\/p>\n","protected":false},"excerpt":{"rendered":"<p>Con la integraci\u00f3n de Komoot en los hoteles del editor Printmaps, los destinos tur\u00edsticos y las personas que est\u00e9n editando imprimen f\u00e1cilmente sus rutas de Komoot en 300 dpi, lo que representa una impresi\u00f3n con una muy alta calidad para folletos informativos. Los usuarios, lectores y clientes tendr\u00e1n en su tel\u00e9fono la ruta del recorrido [&hellip;]<\/p>\n","protected":false},"author":19,"featured_media":0,"parent":0,"menu_order":0,"comment_status":"closed","ping_status":"closed","template":"","meta":{"_et_pb_use_builder":"","_et_pb_old_content":"","_et_gb_content_width":"","footnotes":""},"class_list":["post-94113","page","type-page","status-publish","hentry"],"_links":{"self":[{"href":"https:\/\/www.printmaps.net\/es\/wp-json\/wp\/v2\/pages\/94113","targetHints":{"allow":["GET"]}}],"collection":[{"href":"https:\/\/www.printmaps.net\/es\/wp-json\/wp\/v2\/pages"}],"about":[{"href":"https:\/\/www.printmaps.net\/es\/wp-json\/wp\/v2\/types\/page"}],"author":[{"embeddable":true,"href":"https:\/\/www.printmaps.net\/es\/wp-json\/wp\/v2\/users\/19"}],"replies":[{"embeddable":true,"href":"https:\/\/www.printmaps.net\/es\/wp-json\/wp\/v2\/comments?post=94113"}],"version-history":[{"count":16,"href":"https:\/\/www.printmaps.net\/es\/wp-json\/wp\/v2\/pages\/94113\/revisions"}],"predecessor-version":[{"id":172796,"href":"https:\/\/www.printmaps.net\/es\/wp-json\/wp\/v2\/pages\/94113\/revisions\/172796"}],"wp:attachment":[{"href":"https:\/\/www.printmaps.net\/es\/wp-json\/wp\/v2\/media?parent=94113"}],"curies":[{"name":"wp","href":"https:\/\/api.w.org\/{rel}","templated":true}]}}