{"id":95033,"date":"2021-07-30T12:29:21","date_gmt":"2021-07-30T10:29:21","guid":{"rendered":"https:\/\/www.printmaps.net\/crea-un-poster-mapa\/"},"modified":"2025-10-21T12:22:59","modified_gmt":"2025-10-21T11:22:59","slug":"crea-un-poster-mapa","status":"publish","type":"page","link":"https:\/\/www.printmaps.net\/es\/crea-un-poster-mapa\/","title":{"rendered":"Crea un poster con un mapa con el editor de Printmaps"},"content":{"rendered":"\n<div style=\"height:100px\" aria-hidden=\"true\" class=\"wp-block-spacer\"><\/div>\n\n<div class=\"wp-block-columns is-layout-flex wp-container-core-columns-is-layout-9d6595d7 wp-block-columns-is-layout-flex\">\n<div class=\"wp-block-column is-layout-flow wp-block-column-is-layout-flow\" style=\"flex-basis:66.66%\">\n<figure class=\"wp-block-image size-large is-resized\"><img fetchpriority=\"high\" fetchpriority=\"high\" decoding=\"async\" width=\"887\" height=\"1024\" src=\"https:\/\/www.printmaps.net\/wp-content\/uploads\/2020\/04\/create-map-poster-887x1024.png\" alt=\"Crear un p&#xF3;ster con un mapa\" class=\"wp-image-61074\" style=\"width:451px;height:520px\"\/><\/figure>\n\n\n<p><\/p>\n\n\n\n<div style=\"height:20px\" aria-hidden=\"true\" class=\"wp-block-spacer\"><\/div>\n<\/div>\n\n\n\n<div class=\"wp-block-column is-layout-flow wp-block-column-is-layout-flow\" style=\"flex-basis:33.33%\">\n<p>Con el editor de mapas en l\u00ednea de Printmaps, crear un p\u00f3ster de mapa es tan f\u00e1cil como dar un paseo tranquilo por el parque, \u00a1o incluso representarlo! Ya sea que est\u00e9s trazando itinerarios, senderos, o rutas panor\u00e1micas, o cargando datos geogr\u00e1ficos para mostrar rutas existentes, nuestro editor simplifica el proceso.<\/p>\n\n\n\n<p><p>Ideal para dise\u00f1adores gr\u00e1ficos, profesionales del turismo y personas por igual, el editor de Printmaps ofrece versatilidad tanto para aplicaciones personales como profesionales. Produce <strong>p\u00f3sters de mapas impresionantes y de alta resoluci\u00f3n<\/strong> adaptados a tus necesidades con facilidad.<\/p><\/p>\n\n\n\n<p><p>Explora las <a href=\"\/es\/caracteristicas\">caracter\u00edsticas del editor de Printmaps<\/a> y aprende c\u00f3mo aprovechar todo su potencial para tus proyectos de p\u00f3sters de mapas.<\/p><\/p>\n\n\n\n<div style=\"height:55px\" aria-hidden=\"true\" class=\"wp-block-spacer\"><\/div>\n\n\n\n<div class=\"wp-block-buttons is-content-justification-center is-layout-flex wp-container-core-buttons-is-layout-16018d1d wp-block-buttons-is-layout-flex\">\n<div class=\"wp-block-button has-custom-font-size\" style=\"font-size:18px\"><a class=\"wp-block-button__link has-background wp-element-button\" href=\"https:\/\/www.printmaps.net\/es\/\" style=\"border-radius:10px;background-color:#e5017e\"><p><strong>Empiece a trazar mapas ahora, sin necesidad de registrarse<\/strong><\/p><\/a><\/div>\n<\/div>\n<\/div>\n<\/div>\n\n<div style=\"height:45px\" aria-hidden=\"true\" class=\"wp-block-spacer\"><\/div>\n<div class=\"wp-block-image\">\n<figure class=\"alignright size-large is-resized\"><img decoding=\"async\" width=\"1024\" height=\"683\" src=\"https:\/\/www.printmaps.net\/wp-content\/uploads\/2020\/04\/Map-poster-1024x683.jpeg\" alt=\"\" class=\"wp-image-60865\" style=\"width:599px;height:400px\" srcset=\"https:\/\/www.printmaps.net\/wp-content\/uploads\/2020\/04\/Map-poster-980x653.jpeg 980w, https:\/\/www.printmaps.net\/wp-content\/uploads\/2020\/04\/Map-poster-480x320.jpeg 480w\" sizes=\"(min-width: 0px) and (max-width: 480px) 480px, (min-width: 481px) and (max-width: 980px) 980px, (min-width: 981px) 1024px, 100vw\" \/><\/figure><\/div>\n<h3 class=\"wp-block-heading\">P\u00f3ster con direcciones y rutas en un mapa<\/h3>\n\n<p><p>Los clientes conf\u00edan en Printmaps para mostrar de manera efectiva direcciones y rutas. Con nuestro editor f\u00e1cil de usar, ajustar el tama\u00f1o de impresi\u00f3n es pan comido mientras se garantiza una calidad de impresi\u00f3n impecable. Puedes adaptar el tama\u00f1o de impresi\u00f3n a tus necesidades, con la flexibilidad de llegar hasta un <strong>m\u00e1ximo de 1330x1330mm<\/strong>.<\/p><\/p>\n\n<p>Los mapas con un tama\u00f1o mayor a 220 mm de longitud de lado no est\u00e1n disponibles como archivos PNG. En su lugar, se proporcionar\u00e1n en un archivo PSD (Photoshop) o SVG (Illustrator) en capas, lo que permite una personalizaci\u00f3n sin problemas y la preservaci\u00f3n de la calidad.<\/p>\n\n<div style=\"height:100px\" aria-hidden=\"true\" class=\"wp-block-spacer\"><\/div>\n<div class=\"wp-block-image\">\n<figure class=\"alignleft size-large is-resized\"><img decoding=\"async\" width=\"621\" height=\"438\" src=\"https:\/\/www.printmaps.net\/wp-content\/uploads\/2020\/04\/Make-a-poster-map.png\" alt=\"\" class=\"wp-image-60849\" style=\"width:522px;height:368px\" srcset=\"https:\/\/www.printmaps.net\/wp-content\/uploads\/2020\/04\/Make-a-poster-map.png 621w, https:\/\/www.printmaps.net\/wp-content\/uploads\/2020\/04\/Make-a-poster-map-480x339.png 480w\" sizes=\"(min-width: 0px) and (max-width: 480px) 480px, (min-width: 481px) 621px, 100vw\" \/><\/figure><\/div>\n<h3 class=\"wp-block-heading\">P\u00f3ster con el mapa de una ciudad<\/h3>\n\n<p>Crea f\u00e1cilmente mapas de ruta con puntos de ubicaci\u00f3n, para poner caminatas, rutas en bicicleta o, simplemente, direcciones. Dibuja l\u00edneas en las carreteras, senderos para bicicletas y peatones existentes.<strong> Inclina el mapa<\/strong> para obtener la perspectiva ideal del mapa de la ciudad.<\/p>\n\n<p>\u00a1<a href=\"https:\/\/www.printmaps.net\/es\/crea-un-mapa-rutas\/\">Crea f\u00e1cilmente un mapa con rutas<\/a> con el editor de rutas, \u00e9ste se basa en los trayectos exactos que recorriste!<\/p>\n\n<div style=\"height:70px\" aria-hidden=\"true\" class=\"wp-block-spacer\"><\/div>\n<div class=\"wp-block-image\">\n<figure class=\"alignright size-large is-resized\"><img loading=\"lazy\" loading=\"lazy\" decoding=\"async\" width=\"1024\" height=\"932\" src=\"https:\/\/www.printmaps.net\/wp-content\/uploads\/2020\/04\/Poster-map-1024x932.png\" alt=\"\" class=\"wp-image-60855\" style=\"width:353px;height:321px\" srcset=\"https:\/\/www.printmaps.net\/wp-content\/uploads\/2020\/04\/Poster-map-980x892.png 980w, https:\/\/www.printmaps.net\/wp-content\/uploads\/2020\/04\/Poster-map-480x437.png 480w\" sizes=\"auto, (min-width: 0px) and (max-width: 480px) 480px, (min-width: 481px) and (max-width: 980px) 980px, (min-width: 981px) 1024px, 100vw\" \/><\/figure><\/div>\n<h3 class=\"wp-block-heading\">Localiza en el mapa los lugares que quieras<\/h3>\n\n<p>Ya sea recuerdos entra\u00f1ables, experiencias extraordinarias o simplemente la sensaci\u00f3n de hogar, ciertos lugares tienen un valor personal inmenso. Crea un p\u00f3ster de mapa de tu propio lugar feliz para decorar tu hogar o regalar a alguien especial.<\/p>\n\n<p><p>El editor de Printmaps obtiene sus datos de <a href=\"https:\/\/www.openstreetmap.org\/\" target=\"_blank\" rel=\"noreferrer noopener\">OpenStreetMap<\/a>, lo que te permite personalizar f\u00e1cilmente tu p\u00f3ster de mapa. Puedes agregar o eliminar capas como nombres de ciudades o carreteras, aplicar varios estilos de mapa e incorporar formas coloreadas. Esta flexibilidad te permite crear un p\u00f3ster de mapa que refleje perfectamente tus preferencias, ya sea que prefieras un dise\u00f1o detallado o minimalista.<\/p><\/p>\n\n<p><\/p>\n\n<p><\/p>\n\n<div style=\"height:67px\" aria-hidden=\"true\" class=\"wp-block-spacer\"><\/div>\n\n<div class=\"wp-block-group\"><div class=\"wp-block-group__inner-container is-layout-constrained wp-block-group-is-layout-constrained\">\n<h2 class=\"wp-block-heading has-text-align-center has-large-font-size\" style=\"font-style:normal;font-weight:700\">Pruebe Printmaps<\/h2>\n\n\n\n<p class=\"has-text-align-center has-medium-font-size\">Nuestro editor de mapas te permite crear mapas imprimibles de todo el mundo en un abrir y cerrar de ojos.<\/p>\n\n\n\n<div style=\"height:15px\" aria-hidden=\"true\" class=\"wp-block-spacer\"><\/div>\n\n\n\n<div class=\"wp-block-buttons is-content-justification-center is-layout-flex wp-container-core-buttons-is-layout-16018d1d wp-block-buttons-is-layout-flex\">\n<div class=\"wp-block-button has-custom-font-size\" style=\"font-size:18px\"><a class=\"wp-block-button__link has-background wp-element-button\" href=\"https:\/\/www.printmaps.net\/es\/\" style=\"border-radius:10px;background-color:#e5017e\"><p><strong>Cree ahora su primer mapa<\/strong><\/p><\/a><\/div>\n<\/div>\n<\/div><\/div>\n\n<div style=\"height:150px\" aria-hidden=\"true\" class=\"wp-block-spacer\"><\/div>\n\n<h3 class=\"wp-block-heading\">Preguntas frecuentes<\/h3>\n\n<div class=\"schema-faq wp-block-yoast-faq-block\"><div class=\"schema-faq-section\" id=\"faq-question-1757951802995\"><strong class=\"schema-faq-question\">\u00bfCu\u00e1l es el mejor tama\u00f1o de p\u00f3ster y el DPI para un mapa de alta calidad listo para imprimir?<\/strong> <p class=\"schema-faq-answer\">Lo mejor es elegir primero el tama\u00f1o del marco y despu\u00e9s ajustar el mapa a ese marco. Puedes hacerlo f\u00e1cilmente definiendo las longitudes de los lados arriba a la izquierda del editor de mapas. Nuestros mapas vienen a 300 dpi para PNG y PSD, lo cual es \u00f3ptimo para imprimir. Los SVG son escalables, as\u00ed que t\u00fa eliges la resoluci\u00f3n de dpi.<\/p> <\/div> <div class=\"schema-faq-section\" id=\"faq-question-1757952097323\"><strong class=\"schema-faq-question\">\u00bfC\u00f3mo elijo entre PNG, PSD y SVG para un p\u00f3ster de mapa?<\/strong> <p class=\"schema-faq-answer\">Depende de varios factores. Si quieres personalizar tu mapa en profundidad mediante posprocesado, los PSD y los SVG son la mejor opci\u00f3n, porque cada elemento se edita como una capa independiente. Los PNG son adecuados hasta 22 cm \u00d7 22 cm, los PSD hasta 66 cm \u00d7 66 cm y los SVG sirven para cualquier tama\u00f1o por su naturaleza escalable.<\/p> <\/div> <div class=\"schema-faq-section\" id=\"faq-question-1757952313290\"><strong class=\"schema-faq-question\">\u00bfPuedo resaltar ciertas zonas en el mapa?<\/strong> <p class=\"schema-faq-answer\">S\u00ed. Con nuestra herramienta \u201cA\u00f1adir forma geogr\u00e1fica\u201d puedes resaltar l\u00edmites administrativos de cualquier nivel, ya sea distrito, ciudad, regi\u00f3n o pa\u00eds. Despu\u00e9s puedes invertir la selecci\u00f3n y elegir el color y la opacidad.<\/p> <\/div> <div class=\"schema-faq-section\" id=\"faq-question-1757952489628\"><strong class=\"schema-faq-question\">\u00bfPuedo crear un p\u00f3ster de mapa minimalista que oculte carreteras, etiquetas o puntos?<\/strong> <p class=\"schema-faq-answer\">S\u00ed. En la configuraci\u00f3n avanzada de estilo del editor puedes decidir, para cada etiqueta y cada elemento del mapa, si se muestra o se oculta.<\/p> <\/div> <\/div>\n\n<div class=\"schema-how-to wp-block-yoast-how-to-block\"><p class=\"schema-how-to-description\">C\u00f3mo crear un p\u00f3ster con mapa en Printmaps<\/p> <ol class=\"schema-how-to-steps\"><li class=\"schema-how-to-step\" id=\"how-to-step-1750419063043\"><strong class=\"schema-how-to-step-name\">Elige el tama\u00f1o del p\u00f3ster que deseas<\/strong> <p class=\"schema-how-to-step-text\">Nuestro editor ofrece tama\u00f1os est\u00e1ndar (A5, A4, A3, &#8230;) o medidas personalizadas de hasta 1330 mm. Estos tama\u00f1os indican hasta qu\u00e9 punto puedes imprimir manteniendo alta resoluci\u00f3n incluso de cerca.<\/p> <\/li><li class=\"schema-how-to-step\" id=\"how-to-step-1750419288154\"><strong class=\"schema-how-to-step-name\">Define el \u00e1rea del mapa y el nivel de zoom<\/strong> <p class=\"schema-how-to-step-text\">Selecciona el \u00e1rea que deseas mostrando la ubicaci\u00f3n en la barra de b\u00fasqueda o moviendo el mapa con el rat\u00f3n y usando el zoom. A mayor zoom, m\u00e1s detalles se ven.<\/p> <\/li><li class=\"schema-how-to-step\" id=\"how-to-step-1750419407511\"><strong class=\"schema-how-to-step-name\">Elige el estilo del mapa y los detalles a mostrar<\/strong> <p class=\"schema-how-to-step-text\">Puedes escoger entre varios estilos y en la pesta\u00f1a \u201cDise\u00f1ar el mapa\u201d activar o desactivar elementos. Tambi\u00e9n puedes ocultar etiquetas si lo prefieres.<\/p> <\/li><li class=\"schema-how-to-step\" id=\"how-to-step-1750419532387\"><strong class=\"schema-how-to-step-name\">Agrega rutas, marcadores o formas geogr\u00e1ficas<\/strong> <p class=\"schema-how-to-step-text\">Destaca lugares con marcadores en \u201cAgregar contenido\u201d, muestra rutas recorridas y resalta ciudades, regiones o pa\u00edses.<\/p> <\/li><li class=\"schema-how-to-step\" id=\"how-to-step-1750419661403\"><strong class=\"schema-how-to-step-name\">Compra tu mapa e impr\u00edmelo en una imprenta<\/strong> <p class=\"schema-how-to-step-text\"><\/p> <\/li><\/ol><\/div>\n\n<div style=\"height:95px\" aria-hidden=\"true\" class=\"wp-block-spacer\"><\/div>\n","protected":false},"excerpt":{"rendered":"<p>Con el editor de mapas en l\u00ednea de Printmaps, crear un p\u00f3ster de mapa es tan f\u00e1cil como dar un paseo tranquilo por el parque, \u00a1o incluso representarlo! Ya sea que est\u00e9s trazando itinerarios, senderos, o rutas panor\u00e1micas, o cargando datos geogr\u00e1ficos para mostrar rutas existentes, nuestro editor simplifica el proceso. Ideal para dise\u00f1adores gr\u00e1ficos, [&hellip;]<\/p>\n","protected":false},"author":19,"featured_media":0,"parent":0,"menu_order":0,"comment_status":"closed","ping_status":"closed","template":"","meta":{"_et_pb_use_builder":"off","_et_pb_old_content":"","_et_gb_content_width":"","footnotes":""},"class_list":["post-95033","page","type-page","status-publish","hentry"],"_links":{"self":[{"href":"https:\/\/www.printmaps.net\/es\/wp-json\/wp\/v2\/pages\/95033","targetHints":{"allow":["GET"]}}],"collection":[{"href":"https:\/\/www.printmaps.net\/es\/wp-json\/wp\/v2\/pages"}],"about":[{"href":"https:\/\/www.printmaps.net\/es\/wp-json\/wp\/v2\/types\/page"}],"author":[{"embeddable":true,"href":"https:\/\/www.printmaps.net\/es\/wp-json\/wp\/v2\/users\/19"}],"replies":[{"embeddable":true,"href":"https:\/\/www.printmaps.net\/es\/wp-json\/wp\/v2\/comments?post=95033"}],"version-history":[{"count":18,"href":"https:\/\/www.printmaps.net\/es\/wp-json\/wp\/v2\/pages\/95033\/revisions"}],"predecessor-version":[{"id":221704,"href":"https:\/\/www.printmaps.net\/es\/wp-json\/wp\/v2\/pages\/95033\/revisions\/221704"}],"wp:attachment":[{"href":"https:\/\/www.printmaps.net\/es\/wp-json\/wp\/v2\/media?parent=95033"}],"curies":[{"name":"wp","href":"https:\/\/api.w.org\/{rel}","templated":true}]}}