{"id":164053,"date":"2024-02-19T15:54:44","date_gmt":"2024-02-19T14:54:44","guid":{"rendered":"https:\/\/www.printmaps.net\/depliants-immobiliers\/"},"modified":"2025-10-24T10:14:55","modified_gmt":"2025-10-24T09:14:55","slug":"depliants-immobiliers","status":"publish","type":"page","link":"https:\/\/www.printmaps.net\/fr\/depliants-immobiliers\/","title":{"rendered":"Cartes immobili\u00e8res pour vos flyers et expos\u00e9s immobiliers"},"content":{"rendered":"\n<div style=\"height:32px\" aria-hidden=\"true\" class=\"wp-block-spacer\"><\/div>\n<div class=\"wp-block-image\">\n<figure class=\"alignleft size-large is-resized\"><img fetchpriority=\"high\" fetchpriority=\"high\" decoding=\"async\" width=\"1024\" height=\"729\" src=\"https:\/\/www.printmaps.net\/wp-content\/uploads\/2020\/05\/images2-1-1024x729.png\" alt=\"D&#xE9;pliants immobiliers\" class=\"wp-image-63048\" style=\"width:680px;height:484px\" srcset=\"https:\/\/www.printmaps.net\/wp-content\/uploads\/2020\/05\/images2-1-1024x729.png 1024w, https:\/\/www.printmaps.net\/wp-content\/uploads\/2020\/05\/images2-1-980x698.png 980w, https:\/\/www.printmaps.net\/wp-content\/uploads\/2020\/05\/images2-1-480x342.png 480w\" sizes=\"(min-width: 0px) and (max-width: 480px) 480px, (min-width: 481px) and (max-width: 980px) 980px, (min-width: 981px) 1024px, 100vw\" \/><\/figure><\/div>\n<p><p>Les <strong>flyers immobiliers<\/strong> les plus efficaces incluent souvent des <strong>cartes immobili\u00e8res<\/strong> soigneusement con\u00e7ues. Que vous soyez un agent immobilier chevronn\u00e9 cherchant \u00e0 augmenter vos ventes ou un designer sp\u00e9cialis\u00e9 dans le <strong>marketing immobilier<\/strong>, votre objectif est de cr\u00e9er des <strong>expos\u00e9s et des flyers captivants<\/strong> qui attirent et informent les acheteurs potentiels. C&rsquo;est l\u00e0 que Printmaps intervient. Notre \u00e9diteur de cartes vous permet de personnaliser facilement des cartes, enrichissant ainsi vos invitations pour portes ouvertes, mises \u00e0 jour du march\u00e9, annonces de ventes r\u00e9alis\u00e9es et flyers pour nouvelles annonces.<\/p><\/p>\n\n<p><p>D\u00e9couvrez les <a href=\"\/fr\/fonctionnalites\/\">fonctionnalit\u00e9s \u00e9tendues de l&rsquo;\u00e9diteur Printmaps<\/a> pour d\u00e9bloquer tout son potentiel dans vos efforts de marketing immobilier !<\/p><\/p>\n\n<div class=\"wp-block-buttons is-content-justification-center is-layout-flex wp-container-core-buttons-is-layout-16018d1d wp-block-buttons-is-layout-flex\">\n<div class=\"wp-block-button has-custom-font-size\" style=\"font-size:18px\"><a class=\"wp-block-button__link has-background wp-element-button\" href=\"https:\/\/www.printmaps.net\/fr\/\" style=\"border-radius:10px;background-color:#e5017e\"><p><strong>Commencez \u00e0 cartographier d\u00e8s maintenant, sans inscription<\/strong><\/p><\/a><\/div>\n<\/div>\n\n<div style=\"height:54px\" aria-hidden=\"true\" class=\"wp-block-spacer\"><\/div>\n\n<h2 class=\"wp-block-heading\">The Role of Maps in Real Estate Flyers<\/h2>\n\n<p><p>Dans le paysage immobilier actuel, les flyers et les <strong>expos\u00e9s<\/strong> restent des outils puissants pour mettre en valeur les portes ouvertes, les rapports de march\u00e9 et les ventes pass\u00e9es. Ils offrent une opportunit\u00e9 de pr\u00e9senter directement votre marque \u00e0 travers des photographies de haute qualit\u00e9, une utilisation coh\u00e9rente des couleurs de la marque, et surtout, des <strong>cartes immobili\u00e8res<\/strong> personnalis\u00e9es.<\/p><\/p>\n\n<p><p>Avec Printmaps, vous pouvez t\u00e9l\u00e9charger des <strong>cartes haute r\u00e9solution<\/strong> de n&rsquo;importe quel emplacement en 300 dpi et int\u00e9grer des points d\u2019int\u00e9r\u00eat essentiels dans les quartiers. Cela garantit que la qualit\u00e9 des cartes reste intacte lorsqu\u2019elles sont utilis\u00e9es en impression pour vos <strong>flyers immobiliers ou expos\u00e9s immobiliers<\/strong>.<\/p><\/p>\n\n<h2 class=\"wp-block-heading\">Exemples de prospectus immobiliers avec cartes<\/h2>\n<div class=\"wp-block-image\">\n<figure class=\"aligncenter size-large\"><img decoding=\"async\" width=\"1024\" height=\"458\" src=\"https:\/\/www.printmaps.net\/wp-content\/uploads\/2020\/05\/images-1024x458.png\" alt=\"Cartes immobili&#xE8;res\" class=\"wp-image-63047\" srcset=\"https:\/\/www.printmaps.net\/wp-content\/uploads\/2020\/05\/images-980x439.png 980w, https:\/\/www.printmaps.net\/wp-content\/uploads\/2020\/05\/images-480x215.png 480w\" sizes=\"(min-width: 0px) and (max-width: 480px) 480px, (min-width: 481px) and (max-width: 980px) 980px, (min-width: 981px) 1024px, 100vw\" \/><\/figure><\/div>\n<p><p>Pour les flyers immobiliers, les brochures ou les descriptions de propri\u00e9t\u00e9s, il est crucial que les images de cartes soient de haute r\u00e9solution. Cela garantit la clart\u00e9 et \u00e9vite l&rsquo;impression de cartes pixelis\u00e9es. Lors de <a href=\"https:\/\/www.zillow.com\/blog\/15-words-that-add-value-171182\/\" target=\"_blank\" rel=\"noreferrer noopener\">l&rsquo;optimisation de vos flyers immobiliers<\/a>, l&rsquo;utilisation strat\u00e9gique de mots comme \u00ab\u00a0luxueux\u00a0\u00bb peut consid\u00e9rablement augmenter les prix de vente. Naturellement, vous ne voudriez pas compromettre la valeur de vos flyers immobiliers de luxe avec des images de qualit\u00e9 m\u00e9diocre.<\/p><\/p>\n\n<div style=\"height:44px\" aria-hidden=\"true\" class=\"wp-block-spacer\"><\/div>\n<div class=\"wp-block-image\">\n<figure class=\"alignleft size-large is-resized\"><img decoding=\"async\" width=\"1024\" height=\"665\" src=\"https:\/\/www.printmaps.net\/wp-content\/uploads\/2020\/05\/Real-Estate-Flyers-1024x665.png\" alt=\"Cartes immobili&#xE8;res\" class=\"wp-image-63054\" style=\"width:617px;height:401px\" srcset=\"https:\/\/www.printmaps.net\/wp-content\/uploads\/2020\/05\/Real-Estate-Flyers-980x636.png 980w, https:\/\/www.printmaps.net\/wp-content\/uploads\/2020\/05\/Real-Estate-Flyers-480x312.png 480w\" sizes=\"(min-width: 0px) and (max-width: 480px) 480px, (min-width: 481px) and (max-width: 980px) 980px, (min-width: 981px) 1024px, 100vw\" \/><\/figure><\/div>\n<h3 class=\"wp-block-heading\">L&rsquo;importance des cartes dans les d\u00e9pliants immobiliers<\/h3>\n\n<p><p>Les cartes immobili\u00e8res sont une partie indispensable du marketing immobilier. Les personnes \u00e0 la recherche d&rsquo;une nouvelle maison sont curieuses de conna\u00eetre l&rsquo;environnement de leur future maison potentielle. Parmi les exemples de ce qu&rsquo;elles veulent savoir figurent : Y a-t-il une bonne \u00e9cole \u00e0 proximit\u00e9 o\u00f9 leurs enfants peuvent aller, un <strong>parc <\/strong>pour promener leur chien et quels <strong>restaurants <\/strong>se trouvent dans le quartier ? Quel est <strong>l&rsquo;h\u00f4pital <\/strong>le plus proche ? Comment est le r\u00e9seau routier ? Peuvent-ils facilement rejoindre leur travail ? Si vous voulez cr\u00e9er de superbes prospectus immobiliers, il est tr\u00e8s important de cartographier l&rsquo;environnement.<\/p><\/p>\n\n<p><\/p>\n\n<div style=\"height:44px\" aria-hidden=\"true\" class=\"wp-block-spacer\"><\/div>\n\n<h3 class=\"wp-block-heading\">Une cr\u00e9ativit\u00e9 sans fin lors de l&rsquo;\u00e9dition dans Illustrator ou Photoshop<\/h3>\n\n<p><p>Lorsque vous visez des flyers immobiliers vraiment exceptionnels et accrocheurs, opter pour un format standard choisi par vos concurrents ne suffira pas. Vous utilisez probablement d\u00e9j\u00e0 des outils d&rsquo;\u00e9dition tels qu&rsquo;Illustrator ou Photoshop. Avec Printmaps, vous pouvez t\u00e9l\u00e9charger facilement un fichier PSD ou SVG en couches, que vous pouvez ensuite ouvrir dans Illustrator ou Photoshop pour <strong>personnaliser la carte selon vos souhaits<\/strong>.<\/p><\/p>\n\n<p>Si vous n&rsquo;\u00eates pas familier avec ces programmes mais que vous d\u00e9sirez tout de m\u00eame un design de carte simple et \u00e9l\u00e9gant, Printmaps a ce qu&rsquo;il vous faut. Vous pouvez finaliser la carte directement dans l&rsquo;\u00e9diteur Printmaps et la t\u00e9l\u00e9charger au format PNG. Int\u00e9grez-la dans votre flyer immobilier de quartier, et observez comment elle captive de nombreux acheteurs potentiels, suscitant leur int\u00e9r\u00eat et leur admiration.<\/p>\n<div class=\"wp-block-image\">\n<figure class=\"aligncenter size-large\"><img decoding=\"async\" src=\"https:\/\/www.printmaps.net\/wp-content\/uploads\/2020\/06\/layered-map-in-illustrator.png\" alt=\"carte en couches\" class=\"wp-image-64211\"\/><\/figure><\/div>\n<div style=\"height:51px\" aria-hidden=\"true\" class=\"wp-block-spacer\"><\/div>\n\n<div class=\"wp-block-group\"><div class=\"wp-block-group__inner-container is-layout-constrained wp-block-group-is-layout-constrained\">\n<h2 class=\"wp-block-heading has-text-align-center has-large-font-size\" style=\"font-style:normal;font-weight:700\">Essayez Printmaps<\/h2>\n\n\n\n<p class=\"has-text-align-center has-medium-font-size\">Notre\u00a0\u00e9diteur de cartes vous permet de cr\u00e9er des cartes imprimables dans le monde entier en un rien de temps.<\/p>\n\n\n\n<div style=\"height:15px\" aria-hidden=\"true\" class=\"wp-block-spacer\"><\/div>\n\n\n\n<div class=\"wp-block-buttons is-content-justification-center is-layout-flex wp-container-core-buttons-is-layout-16018d1d wp-block-buttons-is-layout-flex\">\n<div class=\"wp-block-button has-custom-font-size\" style=\"font-size:18px\"><a class=\"wp-block-button__link has-background wp-element-button\" href=\"https:\/\/www.printmaps.net\/fr\/\" style=\"border-radius:10px;background-color:#e5017e\"><strong>Cr\u00e9ez votre premi\u00e8re carte maintenant<\/strong><\/a><\/div>\n<\/div>\n<\/div><\/div>\n<div class=\"wp-block-image\">\n<figure class=\"alignright size-large is-resized\"><img decoding=\"async\" src=\"https:\/\/www.printmaps.net\/wp-content\/uploads\/2020\/05\/Real-Estate-expose2-1024x746.png\" alt=\"\" class=\"wp-image-63051\" style=\"width:667px;height:486px\"\/><\/figure><\/div>\n<p><p>Bien que l&rsquo;impression reste un outil essentiel pour le marketing immobilier, les strat\u00e9gies modernes impliquent souvent une combinaison d&rsquo;approches. Le marketing par e-mail, en particulier, peut s&rsquo;av\u00e9rer tr\u00e8s efficace pour cultiver les relations clients dans l&rsquo;industrie immobili\u00e8re. Par exemple, faire suite avec une newsletter apr\u00e8s qu&rsquo;un acheteur potentiel a visit\u00e9 l&rsquo;une de vos journ\u00e9es portes ouvertes pr\u00e9sente une excellente occasion de mettre en valeur d&rsquo;autres propri\u00e9t\u00e9s disponibles dans le m\u00eame quartier.<\/p><\/p>\n\n<p>Enrichir vos newsletters avec des cartes immobili\u00e8res de haute qualit\u00e9 ajoute une couche suppl\u00e9mentaire d&rsquo;engagement et d&rsquo;attrait visuel, mettant efficacement en valeur les journ\u00e9es portes ouvertes, les annonces de vente et les quartiers environnants.<\/p>\n\n<div style=\"height:100px\" aria-hidden=\"true\" class=\"wp-block-spacer\"><\/div>\n<div class=\"wp-block-image\">\n<figure class=\"alignleft size-large is-resized\"><img loading=\"lazy\" loading=\"lazy\" decoding=\"async\" width=\"1024\" height=\"665\" src=\"https:\/\/www.printmaps.net\/wp-content\/uploads\/2020\/05\/biking-route-map-1024x665.png\" alt=\"cr&#xE9;er une carte de route\" class=\"wp-image-62793\" style=\"width:593px;height:385px\" srcset=\"https:\/\/www.printmaps.net\/wp-content\/uploads\/2020\/05\/biking-route-map-980x636.png 980w, https:\/\/www.printmaps.net\/wp-content\/uploads\/2020\/05\/biking-route-map-480x312.png 480w\" sizes=\"auto, (min-width: 0px) and (max-width: 480px) 480px, (min-width: 481px) and (max-width: 980px) 980px, (min-width: 981px) 1024px, 100vw\" \/><\/figure><\/div>\n<h3 class=\"wp-block-heading\">Utilisez l&rsquo;\u00e9diteur pour afficher les directions<\/h3>\n\n<p>Notre \u00e9diteur de trajet offre bien plus que la simple possibilit\u00e9 de dessiner des trajets \u00e0 main lev\u00e9e. Il dispose d&rsquo;un assistant qui se fixe magn\u00e9tiquement aux routes existantes, vous permettant de cr\u00e9er des trajets en quelques secondes. Cet outil innovant met en valeur non seulement les points d&rsquo;int\u00e9r\u00eat du quartier ou du r\u00e9seau routier pour illustrer l&rsquo;accessibilit\u00e9, mais facilite \u00e9galement l&rsquo;inclusion d&rsquo;indications dans les flyers immobiliers.<\/p>\n\n<p>En incorporant des indications dans vos flyers, vous vous assurez que les acheteurs potentiels disposent de directives claires pour vous trouver, am\u00e9liorant ainsi leur exp\u00e9rience globale et r\u00e9duisant toute confusion \u00e9ventuelle.<\/p>\n\n<div style=\"height:100px\" aria-hidden=\"true\" class=\"wp-block-spacer\"><\/div>\n\n<p class=\"has-large-font-size\">C&rsquo;est ce que vous en faites<\/p>\n\n<p>La cr\u00e9ation de cartes imprimables pour des publications n\u00e9cessite plus que simplement poss\u00e9der les bons outils g\u00e9ographiques ; il s&rsquo;agit de tirer parti de vos propres conceptions et id\u00e9es. Avec Printmaps, vous b\u00e9n\u00e9ficiez d&rsquo;une flexibilit\u00e9 totale, que ce soit pour choisir le type de cartographie ou s\u00e9lectionner les \u00e9l\u00e9ments \u00e0 inclure dans votre carte.<\/p>\n\n<p>Mais la personnalisation ne s&rsquo;arr\u00eate pas l\u00e0. Une fois que vous avez cr\u00e9\u00e9 et t\u00e9l\u00e9charg\u00e9 votre carte, les possibilit\u00e9s sont infinies. Vous souhaitez enrichir les points d&rsquo;int\u00e9r\u00eat avec des d\u00e9tails suppl\u00e9mentaires ? Ajouter vos propres logos, graphiques ou textes ? Nos cartes sont livr\u00e9es dans un format PSD en couches, ce qui vous permet de modifier chaque aspect, jusqu&rsquo;aux points d&rsquo;int\u00e9r\u00eat individuels.<\/p>\n\n<p>Pourquoi ne pas essayer notre \u00e9diteur et d\u00e9couvrir comment vous pouvez facilement transformer vos id\u00e9es en la carte parfaite adapt\u00e9e \u00e0 la publication ?<\/p>\n\n<div style=\"height:97px\" aria-hidden=\"true\" class=\"wp-block-spacer\"><\/div>\n\n<div class=\"wp-block-group\"><div class=\"wp-block-group__inner-container is-layout-constrained wp-block-group-is-layout-constrained\">\n<h2 class=\"wp-block-heading has-text-align-center has-large-font-size\" style=\"font-style:normal;font-weight:700\">Essayez Printmaps<\/h2>\n\n\n\n<p class=\"has-text-align-center has-medium-font-size\">Notre\u00a0\u00e9diteur de cartes vous permet de cr\u00e9er des cartes imprimables dans le monde entier en un rien de temps.<\/p>\n\n\n\n<div style=\"height:15px\" aria-hidden=\"true\" class=\"wp-block-spacer\"><\/div>\n\n\n\n<div class=\"wp-block-buttons is-content-justification-center is-layout-flex wp-container-core-buttons-is-layout-16018d1d wp-block-buttons-is-layout-flex\">\n<div class=\"wp-block-button has-custom-font-size\" style=\"font-size:18px\"><a class=\"wp-block-button__link has-background wp-element-button\" href=\"https:\/\/www.printmaps.net\/fr\/\" style=\"border-radius:10px;background-color:#e5017e\"><strong>Cr\u00e9ez votre premi\u00e8re carte maintenant<\/strong><\/a><\/div>\n<\/div>\n<\/div><\/div>\n\n<div style=\"height:155px\" aria-hidden=\"true\" class=\"wp-block-spacer\"><\/div>\n\n<h3 class=\"wp-block-heading has-text-align-center\">Foire aux questions<\/h3>\n\n<div class=\"schema-faq wp-block-yoast-faq-block\"><div class=\"schema-faq-section\" id=\"faq-question-1759748884275\"><strong class=\"schema-faq-question\">Quelle est la fa\u00e7on la plus rapide d\u2019ajouter des \u00e9coles, des parcs, des transports et des h\u00f4pitaux sur une carte de flyer ?&#13;\n<\/strong> <p class=\"schema-faq-answer\">Notre outil d\u2019\u00e9pingles vous permet d\u2019utiliser une vari\u00e9t\u00e9 de symboles pour indiquer le contexte des lieux que vous souhaitez mettre en avant. Pour ajouter une \u00e9pingle, il suffit de la placer sur la carte en la faisant glisser, puis de modifier sa couleur, sa forme et son symbole afin de donner une clart\u00e9 visuelle aux diff\u00e9rents lieux de la carte.<\/p> <\/div> <div class=\"schema-faq-section\" id=\"faq-question-1759748912351\"><strong class=\"schema-faq-question\">Quels \u00e9l\u00e9ments de carte sur un flyer influencent le plus l\u2019int\u00e9r\u00eat des acheteurs et les conversions ?<\/strong> <p class=\"schema-faq-answer\">Un rep\u00e8re de propri\u00e9t\u00e9 distinctif et un ensemble s\u00e9lectionn\u00e9 de 4 \u00e0 8 POI adapt\u00e9s \u00e0 l\u2019audience (\u00e9coles, transports, parcs, supermarch\u00e9s) influencent le plus l\u2019int\u00e9r\u00eat des acheteurs. Utilisez des ic\u00f4nes simples, cod\u00e9es par couleur, et des libell\u00e9s concis afin que le rep\u00e8re de la propri\u00e9t\u00e9 reste le point focal visuel.<\/p> <\/div> <div class=\"schema-faq-section\" id=\"faq-question-1759748923929\"><strong class=\"schema-faq-question\">Comment puis-je coller plusieurs adresses de biens immobiliers pour cr\u00e9er rapidement des \u00e9pingles ?<\/strong> <p class=\"schema-faq-answer\"><p>Vous pouvez cr\u00e9er un fichier Excel suivant la mise en page de notre batch-geocodeur et le coller pour cr\u00e9er rapidement les \u00e9pingles. Lisez <a href=\"\/fr\/imprimer-une-carte-avec-plusieurs-emplacements\/\">cet article<\/a> pour en savoir plus.<\/p><\/p> <\/div> <\/div>\n\n<div class=\"wp-block-group\"><div class=\"wp-block-group__inner-container is-layout-constrained wp-block-group-is-layout-constrained\">\n<div style=\"height:130px\" aria-hidden=\"true\" class=\"wp-block-spacer\"><\/div>\n\n\n\n<h2 class=\"wp-block-heading has-x-large-font-size\" style=\"font-style:normal;font-weight:700\">Vous avez encore besoin d&rsquo;aide ? Envoyez-nous un message !<\/h2>\n\n\n\n<p style=\"font-size:22px\"><p><a href=\"https:\/\/support.printmaps.net\/fr\/support\/tickets\/new\">Envoyez-nous un ticket sur notre plateforme de support<\/a><\/p><\/p>\n\n\n\n<div style=\"height:150px\" aria-hidden=\"true\" class=\"wp-block-spacer\"><\/div>\n<\/div><\/div>\n","protected":false},"excerpt":{"rendered":"<p>Les flyers immobiliers les plus efficaces incluent souvent des cartes immobili\u00e8res soigneusement con\u00e7ues. Que vous soyez un agent immobilier chevronn\u00e9 cherchant \u00e0 augmenter vos ventes ou un designer sp\u00e9cialis\u00e9 dans le marketing immobilier, votre objectif est de cr\u00e9er des expos\u00e9s et des flyers captivants qui attirent et informent les acheteurs potentiels. C&rsquo;est l\u00e0 que Printmaps [&hellip;]<\/p>\n","protected":false},"author":19,"featured_media":0,"parent":0,"menu_order":0,"comment_status":"closed","ping_status":"closed","template":"","meta":{"_et_pb_use_builder":"off","_et_pb_old_content":"","_et_gb_content_width":"","footnotes":""},"class_list":["post-164053","page","type-page","status-publish","hentry"],"_links":{"self":[{"href":"https:\/\/www.printmaps.net\/fr\/wp-json\/wp\/v2\/pages\/164053","targetHints":{"allow":["GET"]}}],"collection":[{"href":"https:\/\/www.printmaps.net\/fr\/wp-json\/wp\/v2\/pages"}],"about":[{"href":"https:\/\/www.printmaps.net\/fr\/wp-json\/wp\/v2\/types\/page"}],"author":[{"embeddable":true,"href":"https:\/\/www.printmaps.net\/fr\/wp-json\/wp\/v2\/users\/19"}],"replies":[{"embeddable":true,"href":"https:\/\/www.printmaps.net\/fr\/wp-json\/wp\/v2\/comments?post=164053"}],"version-history":[{"count":18,"href":"https:\/\/www.printmaps.net\/fr\/wp-json\/wp\/v2\/pages\/164053\/revisions"}],"predecessor-version":[{"id":222076,"href":"https:\/\/www.printmaps.net\/fr\/wp-json\/wp\/v2\/pages\/164053\/revisions\/222076"}],"wp:attachment":[{"href":"https:\/\/www.printmaps.net\/fr\/wp-json\/wp\/v2\/media?parent=164053"}],"curies":[{"name":"wp","href":"https:\/\/api.w.org\/{rel}","templated":true}]}}