{"id":164111,"date":"2024-02-20T14:34:48","date_gmt":"2024-02-20T13:34:48","guid":{"rendered":"https:\/\/www.printmaps.net\/creez-une-affiche-cartographique\/"},"modified":"2025-10-21T12:10:23","modified_gmt":"2025-10-21T11:10:23","slug":"creez-une-affiche-cartographique","status":"publish","type":"page","link":"https:\/\/www.printmaps.net\/fr\/creez-une-affiche-cartographique\/","title":{"rendered":"Cr\u00e9ez une affiche cartographique avec l&rsquo;\u00e9diteur Printmaps"},"content":{"rendered":"\n<div style=\"height:100px\" aria-hidden=\"true\" class=\"wp-block-spacer\"><\/div>\n\n<div class=\"wp-block-columns is-layout-flex wp-container-core-columns-is-layout-9d6595d7 wp-block-columns-is-layout-flex\">\n<div class=\"wp-block-column is-layout-flow wp-block-column-is-layout-flow\" style=\"flex-basis:66.66%\">\n<figure class=\"wp-block-image size-large is-resized\"><img fetchpriority=\"high\" fetchpriority=\"high\" decoding=\"async\" width=\"887\" height=\"1024\" src=\"https:\/\/www.printmaps.net\/wp-content\/uploads\/2020\/04\/create-map-poster-887x1024.png\" alt=\"cr&#xE9;ez une affiche cartographique\" class=\"wp-image-61074\" style=\"width:451px;height:520px\"\/><\/figure>\n\n\n<p><\/p>\n\n\n\n<div style=\"height:20px\" aria-hidden=\"true\" class=\"wp-block-spacer\"><\/div>\n<\/div>\n\n\n\n<div class=\"wp-block-column is-layout-flow wp-block-column-is-layout-flow\" style=\"flex-basis:33.33%\">\n<p>Avec l&rsquo;\u00e9diteur de cartes en ligne de Printmaps, cr\u00e9er une affiche de carte est aussi facile qu&rsquo;une promenade tranquille dans le parc &#8211; ou en d\u00e9peignant une ! Que vous dessiniez des itin\u00e9raires, des sentiers ou des routes pittoresques, ou que vous t\u00e9l\u00e9chargiez des donn\u00e9es g\u00e9ographiques pour mettre en valeur des itin\u00e9raires existants, notre \u00e9diteur simplifie le processus.<\/p>\n\n\n\n<p><p>Id\u00e9al pour les designers graphiques, les professionnels du tourisme et les particuliers, l&rsquo;\u00e9diteur de cartes Printmaps offre une polyvalence pour des applications \u00e0 la fois personnelles et professionnelles. Produisez facilement des <strong>affiches de carte \u00e9poustouflantes en haute r\u00e9solution<\/strong> adapt\u00e9es \u00e0 vos besoins.<\/p><\/p>\n\n\n\n<p><p>Explorez les <a href=\"\/fr\/fonctionnalites\/\">fonctionnalit\u00e9s de l&rsquo;\u00e9diteur de cartes Printmaps<\/a> et apprenez \u00e0 exploiter tout son potentiel pour vos projets d&rsquo;affiches de carte.<\/p><\/p>\n\n\n\n<div style=\"height:55px\" aria-hidden=\"true\" class=\"wp-block-spacer\"><\/div>\n\n\n\n<div class=\"wp-block-buttons is-content-justification-center is-layout-flex wp-container-core-buttons-is-layout-16018d1d wp-block-buttons-is-layout-flex\">\n<div class=\"wp-block-button has-custom-font-size\" style=\"font-size:18px\"><a class=\"wp-block-button__link has-background wp-element-button\" href=\"https:\/\/www.printmaps.net\/fr\/\" style=\"border-radius:10px;background-color:#e5017e\"><p><strong>Commencez \u00e0 cartographier d\u00e8s maintenant, sans inscription<\/strong><\/p><\/a><\/div>\n<\/div>\n<\/div>\n<\/div>\n\n<div style=\"height:45px\" aria-hidden=\"true\" class=\"wp-block-spacer\"><\/div>\n<div class=\"wp-block-image\">\n<figure class=\"alignright size-large is-resized\"><img decoding=\"async\" width=\"1024\" height=\"683\" src=\"https:\/\/www.printmaps.net\/wp-content\/uploads\/2020\/04\/Map-poster-1024x683.jpeg\" alt=\"\" class=\"wp-image-60865\" style=\"width:599px;height:400px\" srcset=\"https:\/\/www.printmaps.net\/wp-content\/uploads\/2020\/04\/Map-poster-980x653.jpeg 980w, https:\/\/www.printmaps.net\/wp-content\/uploads\/2020\/04\/Map-poster-480x320.jpeg 480w\" sizes=\"(min-width: 0px) and (max-width: 480px) 480px, (min-width: 481px) and (max-width: 980px) 980px, (min-width: 981px) 1024px, 100vw\" \/><\/figure><\/div>\n<h3 class=\"wp-block-heading\">Affiche de direction et de carte routi\u00e8re<\/h3>\n\n<p><p>Les clients font confiance \u00e0 Printmaps pour afficher efficacement des directions et des itin\u00e9raires. Avec notre \u00e9diteur convivial, ajuster la taille d&rsquo;impression est un jeu d&rsquo;enfant tout en garantissant une qualit\u00e9 d&rsquo;impression impeccable. Vous pouvez personnaliser la taille d&rsquo;impression selon vos besoins, avec la flexibilit\u00e9 d&rsquo;aller jusqu&rsquo;\u00e0 un <strong>maximum de 1330x1330mm<\/strong>.<\/p><\/p>\n\n<p>Les cartes dont la longueur de c\u00f4t\u00e9 d\u00e9passe 220 mm ne sont pas disponibles au format PNG. \u00c0 la place, elles seront fournies dans un fichier PSD (Photoshop) ou SVG (Illustrator) en couches, permettant une personnalisation fluide et la pr\u00e9servation de la qualit\u00e9.<\/p>\n\n<div style=\"height:100px\" aria-hidden=\"true\" class=\"wp-block-spacer\"><\/div>\n<div class=\"wp-block-image\">\n<figure class=\"alignleft size-large is-resized\"><img decoding=\"async\" width=\"621\" height=\"438\" src=\"https:\/\/www.printmaps.net\/wp-content\/uploads\/2020\/04\/Make-a-poster-map.png\" alt=\"\" class=\"wp-image-60849\" style=\"width:522px;height:368px\" srcset=\"https:\/\/www.printmaps.net\/wp-content\/uploads\/2020\/04\/Make-a-poster-map.png 621w, https:\/\/www.printmaps.net\/wp-content\/uploads\/2020\/04\/Make-a-poster-map-480x339.png 480w\" sizes=\"(min-width: 0px) and (max-width: 480px) 480px, (min-width: 481px) 621px, 100vw\" \/><\/figure><\/div>\n<h3 class=\"wp-block-heading\">Affiches de plan de ville<\/h3>\n\n<p><p>Cr\u00e9ez facilement des cartes de routes avec des rep\u00e8res pour pr\u00e9senter des randonn\u00e9es p\u00e9destres ou des itin\u00e9raires \u00e0 v\u00e9lo, ou simplement des directions. Tracez des lignes sur les routes existantes, les pistes cyclables et les sentiers p\u00e9destres. <strong>Inclinez la carte<\/strong> pour obtenir la perspective id\u00e9ale de la carte de la ville.<\/p><\/p>\n\n<p><p><a href=\"https:\/\/www.printmaps.net\/fr\/creez-une-carte-de-route\/\">Cr\u00e9ez facilement une carte de route<\/a> avec l&rsquo;\u00e9diteur de trajet qui trace les routes exactes que vous avez parcourues !<\/p><\/p>\n\n<div style=\"height:70px\" aria-hidden=\"true\" class=\"wp-block-spacer\"><\/div>\n<div class=\"wp-block-image\">\n<figure class=\"alignright size-large is-resized\"><img loading=\"lazy\" loading=\"lazy\" decoding=\"async\" width=\"1024\" height=\"932\" src=\"https:\/\/www.printmaps.net\/wp-content\/uploads\/2020\/04\/Poster-map-1024x932.png\" alt=\"\" class=\"wp-image-60855\" style=\"width:353px;height:321px\" srcset=\"https:\/\/www.printmaps.net\/wp-content\/uploads\/2020\/04\/Poster-map-980x892.png 980w, https:\/\/www.printmaps.net\/wp-content\/uploads\/2020\/04\/Poster-map-480x437.png 480w\" sizes=\"auto, (min-width: 0px) and (max-width: 480px) 480px, (min-width: 481px) and (max-width: 980px) 980px, (min-width: 981px) 1024px, 100vw\" \/><\/figure><\/div>\n<h3 class=\"wp-block-heading\">Cartographiez les lieux qui ont de la valeur pour vous<\/h3>\n\n<p>Que ce soient des souvenirs pr\u00e9cieux, des exp\u00e9riences extraordinaires ou simplement le sentiment d&rsquo;\u00eatre chez soi, certains endroits ont une immense valeur personnelle. Cr\u00e9ez une affiche de carte de votre lieu de bonheur pour embellir votre d\u00e9coration int\u00e9rieure ou pour offrir \u00e0 quelqu&rsquo;un de sp\u00e9cial.<\/p>\n\n<p><p>L&rsquo;\u00e9diteur de cartes Printmaps puise ses donn\u00e9es dans <a href=\"https:\/\/www.openstreetmap.org\/\" target=\"_blank\" rel=\"noreferrer noopener\">OpenStreetMap<\/a>, vous permettant de personnaliser facilement votre affiche de carte. Ajoutez ou supprimez facilement des couches telles que les noms de ville ou de route, appliquez diff\u00e9rents styles de carte et incorporez des formes color\u00e9es. Cette flexibilit\u00e9 vous permet de cr\u00e9er une affiche de carte qui refl\u00e8te parfaitement vos pr\u00e9f\u00e9rences, que vous pr\u00e9f\u00e9riez un design d\u00e9taill\u00e9 ou minimaliste.<\/p><\/p>\n\n<p><\/p>\n\n<p><\/p>\n\n<div style=\"height:67px\" aria-hidden=\"true\" class=\"wp-block-spacer\"><\/div>\n\n<div class=\"wp-block-group\"><div class=\"wp-block-group__inner-container is-layout-constrained wp-block-group-is-layout-constrained\">\n<h2 class=\"wp-block-heading has-text-align-center has-large-font-size\" style=\"font-style:normal;font-weight:700\">Essayez Printmaps<\/h2>\n\n\n\n<p class=\"has-text-align-center has-medium-font-size\">Notre\u00a0\u00e9diteur de cartes vous permet de cr\u00e9er des cartes imprimables dans le monde entier en un rien de temps.<\/p>\n\n\n\n<div style=\"height:15px\" aria-hidden=\"true\" class=\"wp-block-spacer\"><\/div>\n\n\n\n<div class=\"wp-block-buttons is-content-justification-center is-layout-flex wp-container-core-buttons-is-layout-16018d1d wp-block-buttons-is-layout-flex\">\n<div class=\"wp-block-button has-custom-font-size\" style=\"font-size:18px\"><a class=\"wp-block-button__link has-background wp-element-button\" href=\"https:\/\/www.printmaps.net\/fr\/\" style=\"border-radius:10px;background-color:#e5017e\"><strong>Cr\u00e9ez votre premi\u00e8re carte maintenant<\/strong><\/a><\/div>\n<\/div>\n<\/div><\/div>\n\n<div style=\"height:150px\" aria-hidden=\"true\" class=\"wp-block-spacer\"><\/div>\n\n<h3 class=\"wp-block-heading\">Foire aux questions<\/h3>\n\n<div class=\"schema-faq wp-block-yoast-faq-block\"><div class=\"schema-faq-section\" id=\"faq-question-1757951802995\"><strong class=\"schema-faq-question\">Quelle est la meilleure taille d\u2019affiche et la meilleure r\u00e9solution (DPI) pour une carte imprimable de haute qualit\u00e9 ?<\/strong> <p class=\"schema-faq-answer\">Il est pr\u00e9f\u00e9rable de choisir d\u2019abord un format de cadre puis d\u2019adapter votre carte \u00e0 ce cadre. Vous pouvez le faire facilement en d\u00e9finissant les longueurs des c\u00f4t\u00e9s en haut \u00e0 gauche de l\u2019\u00e9diteur de cartes. Nos cartes sont fournies en 300 dpi pour les PNG et PSD, ce qui est optimal pour l\u2019impression. Les SVG sont \u00e9volutifs, vous pouvez donc choisir la r\u00e9solution vous-m\u00eame.<\/p> <\/div> <div class=\"schema-faq-section\" id=\"faq-question-1757952097323\"><strong class=\"schema-faq-question\">Comment choisir entre PNG, PSD et SVG pour une affiche de carte ?<\/strong> <p class=\"schema-faq-answer\">Cela d\u00e9pend de plusieurs facteurs. Si vous souhaitez personnaliser largement votre carte en post-production, les PSD et SVG sont les plus adapt\u00e9s, car chaque \u00e9l\u00e9ment est modifiable en calque s\u00e9par\u00e9. Les PNG conviennent jusqu\u2019\u00e0 22 cm \u00d7 22 cm, les PSD jusqu\u2019\u00e0 66 cm \u00d7 66 cm, et les SVG peuvent \u00eatre utilis\u00e9s \u00e0 toute taille gr\u00e2ce \u00e0 leur caract\u00e8re scalable.<\/p> <\/div> <div class=\"schema-faq-section\" id=\"faq-question-1757952313290\"><strong class=\"schema-faq-question\">Puis-je mettre en \u00e9vidence certaines zones sur la carte ?<\/strong> <p class=\"schema-faq-answer\">Oui. Avec notre outil \u00ab Ajouter une forme g\u00e9om\u00e9trique \u00bb, vous pouvez mettre en \u00e9vidence des entit\u00e9s administratives de tout niveau, qu\u2019il s\u2019agisse d\u2019un arrondissement, d\u2019une ville, d\u2019une r\u00e9gion ou d\u2019un pays. Vous pouvez ensuite inverser la s\u00e9lection et choisir la couleur et l\u2019opacit\u00e9.<\/p> <\/div> <div class=\"schema-faq-section\" id=\"faq-question-1757952489628\"><strong class=\"schema-faq-question\">Puis-je cr\u00e9er une affiche de carte minimaliste qui masque routes, libell\u00e9s ou points ?<\/strong> <p class=\"schema-faq-answer\">Oui. Dans les param\u00e8tres avanc\u00e9s de style de l\u2019\u00e9diteur, vous pouvez choisir d\u2019afficher ou de masquer chaque libell\u00e9 et chaque \u00e9l\u00e9ment de carte.<\/p> <\/div> <\/div>\n\n<div class=\"schema-how-to wp-block-yoast-how-to-block\"><p class=\"schema-how-to-description\">Comment cr\u00e9er un poster cartographique avec Printmaps<\/p> <ol class=\"schema-how-to-steps\"><li class=\"schema-how-to-step\" id=\"how-to-step-1750419063043\"><strong class=\"schema-how-to-step-name\">Choisissez le format souhait\u00e9 pour votre poster<\/strong> <p class=\"schema-how-to-step-text\">Notre \u00e9diteur propose des formats standards pr\u00e9d\u00e9finis (A5, A4, A3, &#8230;) ou vous pouvez choisir des dimensions personnalis\u00e9es jusqu&rsquo;\u00e0 1330 mm. Ces formats indiquent \u00e0 quelle taille vous pouvez imprimer votre carte tout en conservant une haute r\u00e9solution, m\u00eame de pr\u00e8s.<\/p> <\/li><li class=\"schema-how-to-step\" id=\"how-to-step-1750419288154\"><strong class=\"schema-how-to-step-name\">D\u00e9finissez la zone et le niveau de zoom de la carte<\/strong> <p class=\"schema-how-to-step-text\">S\u00e9lectionnez la zone que vous souhaitez afficher en saisissant l\u2019emplacement dans la barre de recherche ou en d\u00e9pla\u00e7ant la carte avec la souris et en utilisant le zoom. \u00c0 des niveaux de zoom plus \u00e9lev\u00e9s, plus de d\u00e9tails apparaissent.<\/p> <\/li><li class=\"schema-how-to-step\" id=\"how-to-step-1750419407511\"><strong class=\"schema-how-to-step-name\">Choisissez votre style de carte pr\u00e9f\u00e9r\u00e9 et les d\u00e9tails \u00e0 afficher<\/strong> <p class=\"schema-how-to-step-text\">Nous proposons plusieurs styles pr\u00e9d\u00e9finis et vous pouvez s\u00e9lectionner les \u00e9l\u00e9ments \u00e0 afficher dans l&rsquo;onglet \u201cConception\u201d en cochant ou d\u00e9cochant les cases. Vous pouvez \u00e9galement masquer les \u00e9tiquettes si souhait\u00e9.<\/p> <\/li><li class=\"schema-how-to-step\" id=\"how-to-step-1750419532387\"><strong class=\"schema-how-to-step-name\">Ajoutez des itin\u00e9raires, des rep\u00e8res ou des formes g\u00e9ographiques<\/strong> <p class=\"schema-how-to-step-text\">Mettez en avant vos lieux favoris avec des rep\u00e8res dans l&rsquo;onglet \u201cAjouter du contenu\u201d, affichez vos itin\u00e9raires parcourus et mettez en \u00e9vidence des villes, r\u00e9gions ou pays.<\/p> <\/li><li class=\"schema-how-to-step\" id=\"how-to-step-1750419661403\"><strong class=\"schema-how-to-step-name\">Achetez votre carte et imprimez-la dans un atelier d&rsquo;impression<\/strong> <p class=\"schema-how-to-step-text\"><\/p> <\/li><\/ol><\/div>\n\n<div style=\"height:95px\" aria-hidden=\"true\" class=\"wp-block-spacer\"><\/div>\n","protected":false},"excerpt":{"rendered":"<p>Avec l&rsquo;\u00e9diteur de cartes en ligne de Printmaps, cr\u00e9er une affiche de carte est aussi facile qu&rsquo;une promenade tranquille dans le parc &#8211; ou en d\u00e9peignant une ! Que vous dessiniez des itin\u00e9raires, des sentiers ou des routes pittoresques, ou que vous t\u00e9l\u00e9chargiez des donn\u00e9es g\u00e9ographiques pour mettre en valeur des itin\u00e9raires existants, notre \u00e9diteur [&hellip;]<\/p>\n","protected":false},"author":19,"featured_media":0,"parent":0,"menu_order":0,"comment_status":"closed","ping_status":"closed","template":"","meta":{"_et_pb_use_builder":"off","_et_pb_old_content":"","_et_gb_content_width":"","footnotes":""},"class_list":["post-164111","page","type-page","status-publish","hentry"],"_links":{"self":[{"href":"https:\/\/www.printmaps.net\/fr\/wp-json\/wp\/v2\/pages\/164111","targetHints":{"allow":["GET"]}}],"collection":[{"href":"https:\/\/www.printmaps.net\/fr\/wp-json\/wp\/v2\/pages"}],"about":[{"href":"https:\/\/www.printmaps.net\/fr\/wp-json\/wp\/v2\/types\/page"}],"author":[{"embeddable":true,"href":"https:\/\/www.printmaps.net\/fr\/wp-json\/wp\/v2\/users\/19"}],"replies":[{"embeddable":true,"href":"https:\/\/www.printmaps.net\/fr\/wp-json\/wp\/v2\/comments?post=164111"}],"version-history":[{"count":14,"href":"https:\/\/www.printmaps.net\/fr\/wp-json\/wp\/v2\/pages\/164111\/revisions"}],"predecessor-version":[{"id":221700,"href":"https:\/\/www.printmaps.net\/fr\/wp-json\/wp\/v2\/pages\/164111\/revisions\/221700"}],"wp:attachment":[{"href":"https:\/\/www.printmaps.net\/fr\/wp-json\/wp\/v2\/media?parent=164111"}],"curies":[{"name":"wp","href":"https:\/\/api.w.org\/{rel}","templated":true}]}}