{"id":164113,"date":"2024-02-20T14:46:59","date_gmt":"2024-02-20T13:46:59","guid":{"rendered":"https:\/\/www.printmaps.net\/creez-une-carte-de-route\/"},"modified":"2025-10-21T12:58:27","modified_gmt":"2025-10-21T11:58:27","slug":"tracer-un-itineraire-sur-une-carte","status":"publish","type":"page","link":"https:\/\/www.printmaps.net\/fr\/tracer-un-itineraire-sur-une-carte\/","title":{"rendered":"Tracer un itin\u00e9raire sur une carte avec l&rsquo;\u00e9diteur de Printmaps"},"content":{"rendered":"\n<div style=\"height:37px\" aria-hidden=\"true\" class=\"wp-block-spacer\"><\/div>\n\n<div class=\"wp-block-columns is-layout-flex wp-container-core-columns-is-layout-9d6595d7 wp-block-columns-is-layout-flex\">\n<div class=\"wp-block-column is-layout-flow wp-block-column-is-layout-flow\" style=\"flex-basis:66.66%\">\n<figure class=\"wp-block-image size-large is-resized\"><img fetchpriority=\"high\" fetchpriority=\"high\" decoding=\"async\" width=\"1024\" height=\"665\" src=\"https:\/\/www.printmaps.net\/wp-content\/uploads\/2020\/05\/biking-route-map-1024x665.png\" alt=\"dessiner un itin&#xE9;raire sur une carte\" class=\"wp-image-62793\" style=\"width:693px;height:449px\" srcset=\"https:\/\/www.printmaps.net\/wp-content\/uploads\/2020\/05\/biking-route-map-980x636.png 980w, https:\/\/www.printmaps.net\/wp-content\/uploads\/2020\/05\/biking-route-map-480x312.png 480w\" sizes=\"(min-width: 0px) and (max-width: 480px) 480px, (min-width: 481px) and (max-width: 980px) 980px, (min-width: 981px) 1024px, 100vw\" \/><\/figure>\n\n\n<div style=\"height:35px\" aria-hidden=\"true\" class=\"wp-block-spacer\"><\/div>\n<\/div>\n\n\n\n<div class=\"wp-block-column is-layout-flow wp-block-column-is-layout-flow\" style=\"flex-basis:33.33%\">\n<p>Notre \u00e9diteur de cartes vous permet de tracer un itin\u00e9raire sur une carte en quelques secondes. L&rsquo;\u00e9diteur d&rsquo;itin\u00e9raires vous permet de tracer un itin\u00e9raire de A \u00e0 B o\u00f9 que vous le souhaitez sur la carte du monde.  S\u00e9lectionnez si vous voulez tracer l&rsquo;itin\u00e9raire sur les routes pour la randonn\u00e9e, le v\u00e9lo ou la conduite.<\/p>\n\n\n\n<div style=\"height:100px\" aria-hidden=\"true\" class=\"wp-block-spacer\"><\/div>\n\n\n\n<div class=\"wp-block-buttons is-content-justification-center is-layout-flex wp-container-core-buttons-is-layout-16018d1d wp-block-buttons-is-layout-flex\">\n<div class=\"wp-block-button has-custom-font-size\" style=\"font-size:18px\"><a class=\"wp-block-button__link has-background wp-element-button\" href=\"https:\/\/www.printmaps.net\/fr\/\" style=\"border-radius:10px;background-color:#e5017e\"><p><strong>Commencez \u00e0 cartographier d\u00e8s maintenant, sans inscription<\/strong><\/p><\/a><\/div>\n<\/div>\n<\/div>\n<\/div>\n\n<div style=\"height:71px\" aria-hidden=\"true\" class=\"wp-block-spacer\"><\/div>\n\n<h2 class=\"wp-block-heading\">Tracer des itin\u00e9raires sur des routes existantes<\/h2>\n\n<div class=\"wp-block-columns is-layout-flex wp-container-core-columns-is-layout-9d6595d7 wp-block-columns-is-layout-flex\">\n<div class=\"wp-block-column is-layout-flow wp-block-column-is-layout-flow\" style=\"flex-basis:33.33%\">\n<p>Choisissez la couleur et l&rsquo;\u00e9paisseur de la ligne, ou t\u00e9l\u00e9chargez votre propre itin\u00e9raire enregistr\u00e9 pr\u00e9c\u00e9demment. Notre \u00e9diteur d&rsquo;itin\u00e9raires vous permet non seulement de tracer vos itin\u00e9raires \u00e0 main lev\u00e9e, mais il utilise \u00e9galement un assistant qui s&rsquo;aimante automatiquement aux routes existantes. De cette mani\u00e8re, vous cr\u00e9ez une carte des itin\u00e9raires pr\u00e9cise.<\/p>\n<\/div>\n\n\n\n<div class=\"wp-block-column is-layout-flow wp-block-column-is-layout-flow\" style=\"flex-basis:66.66%\"><div class=\"wp-block-image\">\n<figure class=\"alignright size-large is-resized\"><img decoding=\"async\" width=\"1024\" height=\"666\" src=\"https:\/\/www.printmaps.net\/wp-content\/uploads\/2020\/05\/route-map-1024x666.png\" alt=\"dessiner un itin&#xE9;raire sur une carte\" class=\"wp-image-62795\" style=\"width:690px;height:448px\" srcset=\"https:\/\/www.printmaps.net\/wp-content\/uploads\/2020\/05\/route-map-980x637.png 980w, https:\/\/www.printmaps.net\/wp-content\/uploads\/2020\/05\/route-map-480x312.png 480w\" sizes=\"(min-width: 0px) and (max-width: 480px) 480px, (min-width: 481px) and (max-width: 980px) 980px, (min-width: 981px) 1024px, 100vw\" \/><\/figure><\/div><\/div>\n<\/div>\n\n<div style=\"height:61px\" aria-hidden=\"true\" class=\"wp-block-spacer\"><\/div>\n\n<div class=\"wp-block-columns is-layout-flex wp-container-core-columns-is-layout-9d6595d7 wp-block-columns-is-layout-flex\">\n<div class=\"wp-block-column is-layout-flow wp-block-column-is-layout-flow\" style=\"flex-basis:66.66%\">\n<figure class=\"wp-block-image size-large\"><img decoding=\"async\" width=\"1024\" height=\"665\" src=\"https:\/\/www.printmaps.net\/wp-content\/uploads\/2020\/05\/create-a-route-map-1024x665.png\" alt=\"dessiner un itin&#xE9;raire sur une carte\" class=\"wp-image-62794\" srcset=\"https:\/\/www.printmaps.net\/wp-content\/uploads\/2020\/05\/create-a-route-map-980x636.png 980w, https:\/\/www.printmaps.net\/wp-content\/uploads\/2020\/05\/create-a-route-map-480x312.png 480w\" sizes=\"(min-width: 0px) and (max-width: 480px) 480px, (min-width: 481px) and (max-width: 980px) 980px, (min-width: 981px) 1024px, 100vw\" \/><\/figure><\/div>\n\n\n\n<div class=\"wp-block-column is-layout-flow wp-block-column-is-layout-flow\" style=\"flex-basis:33.33%\">\n<h3 class=\"wp-block-heading\">T\u00e9l\u00e9chargez vos propres donn\u00e9es g\u00e9ographiques<\/h3>\n\n\n\n<p>Votre itin\u00e9raire est-il enregistr\u00e9 avec un appareil GPS ? Vous pouvez t\u00e9l\u00e9charger ces fichiers (GPX, KML, GeoJSON) dans l&rsquo;\u00e9diteur et ils seront affich\u00e9s sur votre carte. Autre avantage int\u00e9ressant ? Vous pouvez t\u00e9l\u00e9charger autant d&rsquo;itin\u00e9raires que vous le souhaitez, selon ce que votre carte peut contenir. Une excellente fonctionnalit\u00e9, par exemple, pour afficher un circuit \u00e0 v\u00e9lo !<\/p>\n<\/div>\n<\/div>\n\n<div style=\"height:84px\" aria-hidden=\"true\" class=\"wp-block-spacer\"><\/div>\n\n<div class=\"wp-block-columns is-layout-flex wp-container-core-columns-is-layout-9d6595d7 wp-block-columns-is-layout-flex\">\n<div class=\"wp-block-column is-layout-flow wp-block-column-is-layout-flow\" style=\"flex-basis:66.66%\">\n<figure class=\"wp-block-image size-large\"><img loading=\"lazy\" loading=\"lazy\" decoding=\"async\" width=\"1024\" height=\"714\" src=\"https:\/\/www.printmaps.net\/wp-content\/uploads\/2020\/06\/photobook-travel-map-1024x714.png\" alt=\"tracer itin&#xE9;raire sur carte\" class=\"wp-image-63746\" srcset=\"https:\/\/www.printmaps.net\/wp-content\/uploads\/2020\/06\/photobook-travel-map-980x683.png 980w, https:\/\/www.printmaps.net\/wp-content\/uploads\/2020\/06\/photobook-travel-map-480x335.png 480w\" sizes=\"auto, (min-width: 0px) and (max-width: 480px) 480px, (min-width: 481px) and (max-width: 980px) 980px, (min-width: 981px) 1024px, 100vw\" \/><\/figure><\/div>\n\n\n\n<div class=\"wp-block-column is-layout-flow wp-block-column-is-layout-flow\" style=\"flex-basis:33.33%\">\n<h3 class=\"wp-block-heading\">Combinez diff\u00e9rents modes de voyage sur une seule carte des itin\u00e9raires<\/h3>\n\n\n\n<p>Cr\u00e9er une carte des itin\u00e9raires n&rsquo;a jamais \u00e9t\u00e9 aussi facile qu\u2019avec Printmaps. Dans l&rsquo;\u00e9diteur, vous pouvez combiner diff\u00e9rents modes de transport et tracer un itin\u00e9raire en voiture, en bateau ou en train.<\/p>\n<\/div>\n<\/div>\n\n<div style=\"height:63px\" aria-hidden=\"true\" class=\"wp-block-spacer\"><\/div>\n\n<h3 class=\"wp-block-heading\">Cr\u00e9ez un itin\u00e9raire sur une carte en quelques secondes<\/h3>\n\n<p><p>Outre les nombreuses autres fonctionnalit\u00e9s offertes par Printmaps, nous disposons \u00e9galement d&rsquo;un g\u00e9ocodeur int\u00e9gr\u00e9 qui vous permet de t\u00e9l\u00e9charger en lot et de convertir vos adresses en leurs coordonn\u00e9es respectives. C&rsquo;est aussi simple que de copier-coller des donn\u00e9es depuis une feuille de calcul ou une colonne de base de donn\u00e9es. Il vous suffit de cliquer sur ce bouton dans l&rsquo;\u00e9diteur : <img loading=\"lazy\" loading=\"lazy\" decoding=\"async\" src=\"https:\/\/www.printmaps.net\/wp-content\/uploads\/2018\/03\/poibutton.png\" alt=\"\" width=\"58\" height=\"51\"\/>et vous aurez une vue famili\u00e8re juste devant vous. Tout ce que vous avez \u00e0 faire est de coller votre contenu dans les champs respectifs, et Printmaps fera le reste.<\/p><\/p>\n\n<p>Une fois que notre moteur de g\u00e9ocodage a converti les adresses en leurs coordonn\u00e9es respectives, vous pouvez modifier le type de marqueur, la couleur, l\u2019ic\u00f4ne ou leur taille. Tous les points d&rsquo;int\u00e9r\u00eat seront enregistr\u00e9s dans une couche s\u00e9par\u00e9e. Ainsi, une fois que vous avez t\u00e9l\u00e9charg\u00e9 votre carte au format Photoshop, vous pouvez l&rsquo;ouvrir et peaufiner le positionnement de vos points d&rsquo;int\u00e9r\u00eat.<\/p>\n\n<div style=\"height:61px\" aria-hidden=\"true\" class=\"wp-block-spacer\"><\/div>\n\n<h3 class=\"wp-block-heading\">T\u00e9l\u00e9chargez votre carte des itin\u00e9raires avec des calques<\/h3>\n\n<p><p>T\u00e9l\u00e9chargez votre carte des itin\u00e9raires au format PSD ou SVG avec des calques, et ouvrez ce fichier dans <strong>Photoshop ou Illustrator<\/strong>. De cette mani\u00e8re, vous pouvez toujours ajuster facilement les calques que vous souhaitez visualiser sur votre carte et o\u00f9 exactement vous souhaitez les placer. Supprimez, d\u00e9placez ou ajoutez du texte, modifiez les couleurs et affichez ou masquez des calques. Les options sont infinies et celles qui sont b\u00e9n\u00e9fiques pour vous d\u00e9pendent fortement de votre projet sp\u00e9cifique !<\/p><\/p>\n\n<div class=\"wp-block-columns is-layout-flex wp-container-core-columns-is-layout-9d6595d7 wp-block-columns-is-layout-flex\">\n<div class=\"wp-block-column is-layout-flow wp-block-column-is-layout-flow\">\n<figure class=\"wp-block-image size-large\"><img decoding=\"async\" src=\"https:\/\/www.printmaps.net\/wp-content\/uploads\/2020\/06\/layered-map-in-illustrator.png\" alt=\"tracer un itin&#xE9;raire\" class=\"wp-image-64211\"\/><\/figure><\/div>\n\n\n\n<div class=\"wp-block-column is-layout-flow wp-block-column-is-layout-flow\">\n<figure class=\"wp-block-image size-large is-resized\"><img loading=\"lazy\" loading=\"lazy\" decoding=\"async\" width=\"1024\" height=\"550\" src=\"https:\/\/www.printmaps.net\/wp-content\/uploads\/2020\/05\/london-map-with-layers-1024x550.png\" alt=\"dessiner un itin&#xE9;raire sur une carte\" class=\"wp-image-63106\" style=\"width:824px;height:442px\" srcset=\"https:\/\/www.printmaps.net\/wp-content\/uploads\/2020\/05\/london-map-with-layers-980x526.png 980w, https:\/\/www.printmaps.net\/wp-content\/uploads\/2020\/05\/london-map-with-layers-480x258.png 480w\" sizes=\"auto, (min-width: 0px) and (max-width: 480px) 480px, (min-width: 481px) and (max-width: 980px) 980px, (min-width: 981px) 1024px, 100vw\" \/><\/figure><\/div>\n<\/div>\n\n<div style=\"height:69px\" aria-hidden=\"true\" class=\"wp-block-spacer\"><\/div>\n\n<h4 class=\"wp-block-heading\">C&rsquo;est ce que vous en faites<\/h4>\n\n<p>Cr\u00e9er des cartes imprimables pour une publication ne d\u00e9pend pas seulement des bons outils g\u00e9ographiques, mais aussi de l\u2019utilisation de vos propres designs ou id\u00e9es. Avec Printmaps, vous b\u00e9n\u00e9ficiez d&rsquo;une flexibilit\u00e9 totale, que ce soit en termes de cartographie utilis\u00e9e ou de types de fonctionnalit\u00e9s incluses dans votre carte. Et une fois que vous avez cr\u00e9\u00e9 et t\u00e9l\u00e9charg\u00e9 votre carte, cela ne s&rsquo;arr\u00eate pas l\u00e0. Vous voulez ajouter plus de d\u00e9tails aux points d&rsquo;int\u00e9r\u00eat ? Peut-\u00eatre ajouter vos propres logos, plus de graphiques, du texte ? C&rsquo;est pourquoi nous cr\u00e9ons votre carte dans un format PSD en couches, vous permettant de modifier pratiquement tout ce que vous avez ajout\u00e9 \u00e0 votre carte, jusqu&rsquo;aux points d&rsquo;int\u00e9r\u00eat individuels. Alors pourquoi ne pas simplement essayer notre \u00e9diteur et voir comment vous pouvez transformer vos id\u00e9es en une carte id\u00e9ale pr\u00eate pour la publication ?<\/p>\n\n<div style=\"height:20px\" aria-hidden=\"true\" class=\"wp-block-spacer\"><\/div>\n\n<div style=\"height:38px\" aria-hidden=\"true\" class=\"wp-block-spacer\"><\/div>\n\n<div class=\"wp-block-group\"><div class=\"wp-block-group__inner-container is-layout-constrained wp-block-group-is-layout-constrained\">\n<h2 class=\"wp-block-heading has-text-align-center has-large-font-size\" style=\"font-style:normal;font-weight:700\">Essayez Printmaps<\/h2>\n\n\n\n<p class=\"has-text-align-center has-medium-font-size\">Notre\u00a0\u00e9diteur de cartes vous permet de cr\u00e9er des cartes imprimables dans le monde entier en un rien de temps.<\/p>\n\n\n\n<div style=\"height:15px\" aria-hidden=\"true\" class=\"wp-block-spacer\"><\/div>\n\n\n\n<div class=\"wp-block-buttons is-content-justification-center is-layout-flex wp-container-core-buttons-is-layout-16018d1d wp-block-buttons-is-layout-flex\">\n<div class=\"wp-block-button has-custom-font-size\" style=\"font-size:18px\"><a class=\"wp-block-button__link has-background wp-element-button\" href=\"https:\/\/www.printmaps.net\/fr\/\" style=\"border-radius:10px;background-color:#e5017e\"><strong>Cr\u00e9ez votre premi\u00e8re carte maintenant<\/strong><\/a><\/div>\n<\/div>\n<\/div><\/div>\n\n<div style=\"height:150px\" aria-hidden=\"true\" class=\"wp-block-spacer\"><\/div>\n\n<div class=\"schema-faq wp-block-yoast-faq-block\"><div class=\"schema-faq-section\" id=\"faq-question-1757594535611\"><strong class=\"schema-faq-question\">Comment cr\u00e9er une carte d\u2019itin\u00e9raire imprimable \u00e0 partir de mon GPX ?<\/strong> <p class=\"schema-faq-answer\">Importez votre GPX (ou KML\/GeoJSON) dans l\u2019\u00e9diteur Printmaps, stylisez la ligne, ajoutez des POI si n\u00e9cessaire, puis t\u00e9l\u00e9chargez un PSD, SVG ou PNG haute r\u00e9solution pour l\u2019impression.<\/p> <\/div> <div class=\"schema-faq-section\" id=\"faq-question-1757594613061\"><strong class=\"schema-faq-question\">Puis-je tracer des itin\u00e9raires qui ne suivent pas une trace ou une route existante ?<\/strong> <p class=\"schema-faq-answer\">Oui. Vous pouvez tracer des segments droits ou courbes sur la carte en cliquant simplement avec l\u2019outil d\u2019itin\u00e9raire.<\/p> <\/div> <div class=\"schema-faq-section\" id=\"faq-question-1757594734392\"><strong class=\"schema-faq-question\">Quels formats de fichier puis-je exporter pour une impression professionnelle ?<\/strong> <p class=\"schema-faq-answer\">Nous proposons nos cartes en PNG, PSD et SVG. Tous conviennent \u00e0 l\u2019impression professionnelle, mais les PSD\/SVG conservent des calques \u00e9ditables pour une post-production pr\u00e9cise.<\/p> <\/div> <div class=\"schema-faq-section\" id=\"faq-question-1757594812985\"><strong class=\"schema-faq-question\">Quelle r\u00e9solution d\u2019impression fournissez-vous ?<\/strong> <p class=\"schema-faq-answer\">Les PNG et PSD sont fournis en 300 dpi, tandis que les SVG sont extensibles \u00e0 toute taille.<\/p> <\/div> <div class=\"schema-faq-section\" id=\"faq-question-1757596674420\"><strong class=\"schema-faq-question\">Puis-je t\u00e9l\u00e9verser plusieurs itin\u00e9raires pour un voyage sur plusieurs jours ?<\/strong> <p class=\"schema-faq-answer\">Oui, vous pouvez t\u00e9l\u00e9verser autant d\u2019itin\u00e9raires que vous le souhaitez. \u00c9vitez simplement de surcharger la carte afin qu\u2019elle reste lisible.<\/p> <\/div> <div class=\"schema-faq-section\" id=\"faq-question-1757596706754\"><strong class=\"schema-faq-question\">Comment imprimer un itin\u00e9raire Strava ou Komoot ?<\/strong> <p class=\"schema-faq-answer\"><p>Pour l\u2019un ou l\u2019autre, vous pouvez exporter l\u2019itin\u00e9raire au format GPX et l\u2019ins\u00e9rer dans notre \u00e9diteur de cartes. Pour Komoot, vous pouvez vous connecter \u00e0 votre compte dans l\u2019\u00e9diteur et acc\u00e9der \u00e0 vos itin\u00e9raires enregistr\u00e9s, comme expliqu\u00e9 plus en d\u00e9tail <a href=\"\/fr\/imprimer-les-circuits-komoot\/\">dans cet article<\/a>.<\/p><\/p> <\/div> <div class=\"schema-faq-section\" id=\"faq-question-1757596913662\"><strong class=\"schema-faq-question\">L\u2019\u00e9diteur conserve-t-il les calques pour les libell\u00e9s, itin\u00e9raires et formes ?<\/strong> <p class=\"schema-faq-answer\">Oui. Chaque \u00e9l\u00e9ment visible sur la carte est stock\u00e9 dans un calque s\u00e9par\u00e9 si vous choisissez un PSD ou un SVG. Cela vaut pour les \u00e9l\u00e9ments de carte comme les routes, l\u2019hydrographie ou le relief, ainsi que pour tout \u00e9l\u00e9ment que vous ajoutez, comme les itin\u00e9raires, \u00e9pingles ou formes.<\/p> <\/div> <div class=\"schema-faq-section\" id=\"faq-question-1757597038576\"><strong class=\"schema-faq-question\">Puis-je personnaliser la couleur, l\u2019\u00e9paisseur et le style de l\u2019itin\u00e9raire ?<\/strong> <p class=\"schema-faq-answer\">Absolument. Vous pouvez choisir la couleur par clic ou code hexad\u00e9cimal, d\u00e9finir l\u2019\u00e9paisseur et choisir d\u2019afficher ou non le mode de d\u00e9placement utilis\u00e9.<\/p> <\/div> <div class=\"schema-faq-section\" id=\"faq-question-1757598652999\"><strong class=\"schema-faq-question\">Comment ajouter un profil d\u2019\u00e9l\u00e9vation \u00e0 ma carte d\u2019itin\u00e9raire ?<\/strong> <p class=\"schema-faq-answer\"><p>Vous pouvez cr\u00e9er gratuitement un profil d\u2019\u00e9l\u00e9vation pour accompagner votre carte avec notre <a href=\"\/fr\/editeur-de-profil-delevation\/\">g\u00e9n\u00e9rateur de profils d\u2019\u00e9l\u00e9vation<\/a>. Vous pouvez t\u00e9l\u00e9verser votre itin\u00e9raire en GPX, KML ou GeoJSON et recevrez la sortie en PNG, PDF et SVG, avec des options de personnalisation en amont.<\/p><\/p> <\/div> <\/div>\n","protected":false},"excerpt":{"rendered":"<p>Notre \u00e9diteur de cartes vous permet de tracer un itin\u00e9raire sur une carte en quelques secondes. L&rsquo;\u00e9diteur d&rsquo;itin\u00e9raires vous permet de tracer un itin\u00e9raire de A \u00e0 B o\u00f9 que vous le souhaitez sur la carte du monde. S\u00e9lectionnez si vous voulez tracer l&rsquo;itin\u00e9raire sur les routes pour la randonn\u00e9e, le v\u00e9lo ou la conduite. [&hellip;]<\/p>\n","protected":false},"author":19,"featured_media":0,"parent":0,"menu_order":0,"comment_status":"closed","ping_status":"closed","template":"","meta":{"_et_pb_use_builder":"off","_et_pb_old_content":"","_et_gb_content_width":"","footnotes":""},"class_list":["post-164113","page","type-page","status-publish","hentry"],"_links":{"self":[{"href":"https:\/\/www.printmaps.net\/fr\/wp-json\/wp\/v2\/pages\/164113","targetHints":{"allow":["GET"]}}],"collection":[{"href":"https:\/\/www.printmaps.net\/fr\/wp-json\/wp\/v2\/pages"}],"about":[{"href":"https:\/\/www.printmaps.net\/fr\/wp-json\/wp\/v2\/types\/page"}],"author":[{"embeddable":true,"href":"https:\/\/www.printmaps.net\/fr\/wp-json\/wp\/v2\/users\/19"}],"replies":[{"embeddable":true,"href":"https:\/\/www.printmaps.net\/fr\/wp-json\/wp\/v2\/comments?post=164113"}],"version-history":[{"count":15,"href":"https:\/\/www.printmaps.net\/fr\/wp-json\/wp\/v2\/pages\/164113\/revisions"}],"predecessor-version":[{"id":221710,"href":"https:\/\/www.printmaps.net\/fr\/wp-json\/wp\/v2\/pages\/164113\/revisions\/221710"}],"wp:attachment":[{"href":"https:\/\/www.printmaps.net\/fr\/wp-json\/wp\/v2\/media?parent=164113"}],"curies":[{"name":"wp","href":"https:\/\/api.w.org\/{rel}","templated":true}]}}