{"id":164125,"date":"2024-02-20T15:10:32","date_gmt":"2024-02-20T14:10:32","guid":{"rendered":"https:\/\/www.printmaps.net\/carte-de-voyage-livre-photo\/"},"modified":"2025-10-21T14:21:33","modified_gmt":"2025-10-21T13:21:33","slug":"carte-de-voyage-livre-photo","status":"publish","type":"page","link":"https:\/\/www.printmaps.net\/fr\/carte-de-voyage-livre-photo\/","title":{"rendered":"Cr\u00e9er une carte de voyage pour un livre photo"},"content":{"rendered":"\n<div style=\"height:30px\" aria-hidden=\"true\" class=\"wp-block-spacer\"><\/div>\n<div class=\"wp-block-image\">\n<figure class=\"alignleft size-large is-resized\"><img fetchpriority=\"high\" fetchpriority=\"high\" decoding=\"async\" width=\"1024\" height=\"714\" src=\"https:\/\/www.printmaps.net\/wp-content\/uploads\/2020\/06\/photobook-travel-map-1024x714.png\" alt=\"carte itin&#xE9;raire pour album photo\" class=\"wp-image-63746\" style=\"width:479px;height:332px\" srcset=\"https:\/\/www.printmaps.net\/wp-content\/uploads\/2020\/06\/photobook-travel-map-980x683.png 980w, https:\/\/www.printmaps.net\/wp-content\/uploads\/2020\/06\/photobook-travel-map-480x335.png 480w\" sizes=\"(min-width: 0px) and (max-width: 480px) 480px, (min-width: 481px) and (max-width: 980px) 980px, (min-width: 981px) 1024px, 100vw\" \/><\/figure><\/div>\n<p>Vous souhaitez cr\u00e9er une carte de voyage pour votre livre photo ou votre blog de voyage ? Rassembler tous les magnifiques souvenirs de vos voyages est un excellent moyen de conserver ces exp\u00e9riences pr\u00e9cieuses. Revivez vos voyages et aventures avec une carte personnalis\u00e9e montrant exactement votre itin\u00e9raire.<\/p>\n\n<p><p>Avec l\u2019\u00e9diteur de cartes en ligne de Printmaps, vous pouvez facilement tracer un itin\u00e9raire sur les routes de la zone s\u00e9lectionn\u00e9e. Ajoutez des points d\u2019int\u00e9r\u00eat, des formes de pays et de villes en diff\u00e9rentes couleurs et recevez une carte haute r\u00e9solution, pr\u00eate pour toute \u00e9dition ult\u00e9rieure et impression.\u00a0D\u00e9couvrez <a href=\"https:\/\/www.printmaps.net\/fr\/features\/\">les fonctionnalit\u00e9s de l&rsquo;\u00e9diteur Printmaps<\/a> et comment les utiliser.<\/p><\/p>\n\n<div style=\"height:20px\" aria-hidden=\"true\" class=\"wp-block-spacer\"><\/div>\n\n<p><\/p>\n\n<p><\/p>\n\n<div class=\"wp-block-buttons is-content-justification-center is-layout-flex wp-container-core-buttons-is-layout-16018d1d wp-block-buttons-is-layout-flex\">\n<div class=\"wp-block-button has-custom-font-size\" style=\"font-size:18px\"><a class=\"wp-block-button__link has-background wp-element-button\" href=\"https:\/\/www.printmaps.net\/fr\/\" style=\"border-radius:10px;background-color:#e5017e\"><p><strong>Commencez \u00e0 cartographier d\u00e8s maintenant, sans inscription<\/strong><\/p><\/a><\/div>\n<\/div>\n\n<div style=\"height:100px\" aria-hidden=\"true\" class=\"wp-block-spacer\"><\/div>\n\n<p class=\"has-text-align-center\">Nous sommes heureux de partager quelques id\u00e9es et astuces pour vous aider \u00e0 rendre votre carte de voyage aussi formidable que le voyage lui-m\u00eame !<\/p>\n\n<div style=\"height:44px\" aria-hidden=\"true\" class=\"wp-block-spacer\"><\/div>\n<div class=\"wp-block-image\">\n<figure class=\"alignright size-large is-resized\"><img decoding=\"async\" width=\"1024\" height=\"722\" src=\"https:\/\/www.printmaps.net\/wp-content\/uploads\/2020\/04\/printable-maps-photobook-1024x722.png\" alt=\"faire une carte de ses voyages\" class=\"wp-image-60401\" style=\"width:399px;height:281px\" srcset=\"https:\/\/www.printmaps.net\/wp-content\/uploads\/2020\/04\/printable-maps-photobook-980x691.png 980w, https:\/\/www.printmaps.net\/wp-content\/uploads\/2020\/04\/printable-maps-photobook-480x339.png 480w\" sizes=\"(min-width: 0px) and (max-width: 480px) 480px, (min-width: 481px) and (max-width: 980px) 980px, (min-width: 981px) 1024px, 100vw\" \/><\/figure><\/div>\n<h3 class=\"wp-block-heading\">Concevez votre carte de voyage pour livre photo avec des formes color\u00e9es<\/h3>\n\n<p>Ajoutez la forme d&rsquo;un pays et choisissez \u00ab\u00a0inverser\u00a0\u00bb. Ainsi, d\u2019un simple clic, les environs du pays, tant l\u2019eau que la terre, prennent la couleur de votre choix. Par exemple, vous pouvez les rendre de la couleur de l\u2019eau (RVB, 173, 255, 209) ou blanc, pour s\u00e9parer le pays de ses voisins et cr\u00e9er un effet de flottement. Gr\u00e2ce \u00e0 l\u2019option d\u2019ajustement de la transparence, vous pouvez colorer les pays sans masquer les routes, rivi\u00e8res et montagnes. Voulez-vous cr\u00e9er une carte du monde montrant tous les pays que vous avez visit\u00e9s ? Attribuez-leur chacun une couleur diff\u00e9rente.<\/p>\n\n<p><\/p>\n\n<p><\/p>\n\n<div style=\"height:30px\" aria-hidden=\"true\" class=\"wp-block-spacer\"><\/div>\n\n<div style=\"height:20px\" aria-hidden=\"true\" class=\"wp-block-spacer\"><\/div>\n<div class=\"wp-block-image\">\n<figure class=\"alignleft size-large is-resized\"><img decoding=\"async\" width=\"1024\" height=\"722\" src=\"https:\/\/www.printmaps.net\/wp-content\/uploads\/2020\/04\/Travel-map-for-photobook-1024x722.png\" alt=\"carte de voyage personnalis&#xE9;e\" class=\"wp-image-60420\" style=\"width:493px;height:348px\" srcset=\"https:\/\/www.printmaps.net\/wp-content\/uploads\/2020\/04\/Travel-map-for-photobook-980x691.png 980w, https:\/\/www.printmaps.net\/wp-content\/uploads\/2020\/04\/Travel-map-for-photobook-480x338.png 480w\" sizes=\"(min-width: 0px) and (max-width: 480px) 480px, (min-width: 481px) and (max-width: 980px) 980px, (min-width: 981px) 1024px, 100vw\" \/><\/figure><\/div>\n<h3 class=\"wp-block-heading\">Utilisez diff\u00e9rents marqueurs de points d&rsquo;int\u00e9r\u00eat pour \u00e9pingler diff\u00e9rents voyages<\/h3>\n\n<p>Marquez vos points d\u2019int\u00e9r\u00eat avec des points, des carr\u00e9s ou l\u2019une des formes standard de l\u2019\u00e9diteur. Ajoutez une \u00e9tiquette aux marqueurs ou num\u00e9rotez-les pour afficher l&rsquo;ordre chronologique de votre voyage. Ou affichez l&rsquo;\u00e9tiquette sans marqueur environnant, comme un avion ou un ferry. Marquez vos restaurants pr\u00e9f\u00e9r\u00e9s, randonn\u00e9es ou plages. Si vous ne trouvez pas ce que vous cherchez dans l\u2019\u00e9diteur, t\u00e9l\u00e9chargez vos propres marqueurs personnalis\u00e9s!<\/p>\n\n<p><p><a href=\"https:\/\/www.printmaps.net\/fr\/dessiner-un-itineraire-sur-une-carte\/\">Cr\u00e9ez facilement une carte d&rsquo;itin\u00e9raire<\/a> avec l&rsquo;\u00e9diteur d&rsquo;itin\u00e9raire qui trace les routes exactes que vous avez emprunt\u00e9es !<\/p><\/p>\n\n<div style=\"height:100px\" aria-hidden=\"true\" class=\"wp-block-spacer\"><\/div>\n<div class=\"wp-block-image\">\n<figure class=\"alignright size-large is-resized\"><img loading=\"lazy\" loading=\"lazy\" decoding=\"async\" width=\"1024\" height=\"722\" src=\"https:\/\/www.printmaps.net\/wp-content\/uploads\/2020\/04\/Create-map-with-pins-1024x722.png\" alt=\"carte itin&#xE9;raire pour album photo\" class=\"wp-image-60651\" style=\"width:494px;height:348px\" srcset=\"https:\/\/www.printmaps.net\/wp-content\/uploads\/2020\/04\/Create-map-with-pins-980x691.png 980w, https:\/\/www.printmaps.net\/wp-content\/uploads\/2020\/04\/Create-map-with-pins-480x338.png 480w\" sizes=\"auto, (min-width: 0px) and (max-width: 480px) 480px, (min-width: 481px) and (max-width: 980px) 980px, (min-width: 981px) 1024px, 100vw\" \/><\/figure><\/div>\n<h3 class=\"wp-block-heading\">Combinez les cartes Printmaps pour afficher vos voyages \u00e0 l\u2019\u00e9chelle mondiale<\/h3>\n\n<p>Si vous souhaitez montrer un plan rapproch\u00e9 de votre itin\u00e9raire de voyage et une vue mondiale avec votre destination mise en \u00e9vidence, alors combinez deux Printmaps ! Apr\u00e8s avoir cr\u00e9\u00e9 vos cartes, vous recevez un fichier pr\u00eat \u00e0 \u00eatre \u00e9dit\u00e9 dans Photoshop ou Illustrator, ou tout autre programme de retouche que vous pourriez utiliser, pour ajouter les touches finales aux cartes et les assembler dans votre superbe carte de voyage personnalis\u00e9e.<\/p>\n\n<p><\/p>\n\n<p><\/p>\n\n<p><\/p>\n\n<div style=\"height:48px\" aria-hidden=\"true\" class=\"wp-block-spacer\"><\/div>\n\n<div class=\"wp-block-group\"><div class=\"wp-block-group__inner-container is-layout-constrained wp-block-group-is-layout-constrained\">\n<h2 class=\"wp-block-heading has-text-align-center has-large-font-size\" style=\"font-style:normal;font-weight:700\">Essayez Printmaps<\/h2>\n\n\n\n<p class=\"has-text-align-center has-medium-font-size\">Notre\u00a0\u00e9diteur de cartes vous permet de cr\u00e9er des cartes imprimables dans le monde entier en un rien de temps.<\/p>\n\n\n\n<div style=\"height:15px\" aria-hidden=\"true\" class=\"wp-block-spacer\"><\/div>\n\n\n\n<div class=\"wp-block-buttons is-content-justification-center is-layout-flex wp-container-core-buttons-is-layout-16018d1d wp-block-buttons-is-layout-flex\">\n<div class=\"wp-block-button has-custom-font-size\" style=\"font-size:18px\"><a class=\"wp-block-button__link has-background wp-element-button\" href=\"https:\/\/www.printmaps.net\/fr\/\" style=\"border-radius:10px;background-color:#e5017e\"><strong>Cr\u00e9ez votre premi\u00e8re carte maintenant<\/strong><\/a><\/div>\n<\/div>\n<\/div><\/div>\n\n<div style=\"height:150px\" aria-hidden=\"true\" class=\"wp-block-spacer\"><\/div>\n\n<div class=\"schema-faq wp-block-yoast-faq-block\"><div class=\"schema-faq-section\" id=\"faq-question-1756799870664\"><strong class=\"schema-faq-question\">Qu\u2019est-ce qu\u2019une carte de voyage ?<\/strong> <p class=\"schema-faq-answer\">Une carte de voyage est une repr\u00e9sentation visuelle d\u2019un trajet sur une carte. Elle peut inclure des zones mises en \u00e9vidence, des marqueurs pointant vers des lieux d\u2019int\u00e9r\u00eat ou des itin\u00e9raires. Elle peut servir de journal continu pour documenter, de plan pour des voyages \u00e0 venir ou de souvenir d\u2019un p\u00e9riple accompli.<\/p> <\/div> <div class=\"schema-faq-section\" id=\"faq-question-1756802782886\"><strong class=\"schema-faq-question\"><\/strong> <p class=\"schema-faq-answer\"><\/p> <\/div> <\/div>\n","protected":false},"excerpt":{"rendered":"<p>Vous souhaitez cr\u00e9er une carte de voyage pour votre livre photo ou votre blog de voyage ? Rassembler tous les magnifiques souvenirs de vos voyages est un excellent moyen de conserver ces exp\u00e9riences pr\u00e9cieuses. Revivez vos voyages et aventures avec une carte personnalis\u00e9e montrant exactement votre itin\u00e9raire. Avec l\u2019\u00e9diteur de cartes en ligne de Printmaps, [&hellip;]<\/p>\n","protected":false},"author":19,"featured_media":0,"parent":0,"menu_order":0,"comment_status":"closed","ping_status":"closed","template":"","meta":{"_et_pb_use_builder":"off","_et_pb_old_content":"","_et_gb_content_width":"","footnotes":""},"class_list":["post-164125","page","type-page","status-publish","hentry"],"_links":{"self":[{"href":"https:\/\/www.printmaps.net\/fr\/wp-json\/wp\/v2\/pages\/164125","targetHints":{"allow":["GET"]}}],"collection":[{"href":"https:\/\/www.printmaps.net\/fr\/wp-json\/wp\/v2\/pages"}],"about":[{"href":"https:\/\/www.printmaps.net\/fr\/wp-json\/wp\/v2\/types\/page"}],"author":[{"embeddable":true,"href":"https:\/\/www.printmaps.net\/fr\/wp-json\/wp\/v2\/users\/19"}],"replies":[{"embeddable":true,"href":"https:\/\/www.printmaps.net\/fr\/wp-json\/wp\/v2\/comments?post=164125"}],"version-history":[{"count":16,"href":"https:\/\/www.printmaps.net\/fr\/wp-json\/wp\/v2\/pages\/164125\/revisions"}],"predecessor-version":[{"id":221726,"href":"https:\/\/www.printmaps.net\/fr\/wp-json\/wp\/v2\/pages\/164125\/revisions\/221726"}],"wp:attachment":[{"href":"https:\/\/www.printmaps.net\/fr\/wp-json\/wp\/v2\/media?parent=164125"}],"curies":[{"name":"wp","href":"https:\/\/api.w.org\/{rel}","templated":true}]}}