{"id":164130,"date":"2024-02-20T15:25:44","date_gmt":"2024-02-20T14:25:44","guid":{"rendered":"https:\/\/www.printmaps.net\/cartes-pour-guides-touristiques\/"},"modified":"2025-10-21T14:33:40","modified_gmt":"2025-10-21T13:33:40","slug":"cartes-pour-guides-touristiques","status":"publish","type":"page","link":"https:\/\/www.printmaps.net\/fr\/cartes-pour-guides-touristiques\/","title":{"rendered":"Cr\u00e9ation de cartes pour guides touristiques"},"content":{"rendered":"\n<div style=\"height:32px\" aria-hidden=\"true\" class=\"wp-block-spacer\"><\/div>\n<div class=\"wp-block-image\">\n<figure class=\"alignleft size-large is-resized\"><img fetchpriority=\"high\" fetchpriority=\"high\" decoding=\"async\" width=\"953\" height=\"718\" src=\"https:\/\/www.printmaps.net\/wp-content\/uploads\/2018\/03\/touristmap.png\" alt=\"cartes pour guides touristiques\" class=\"wp-image-28689\" style=\"width:648px;height:486px\"\/><figcaption class=\"wp-element-caption\">\u00a9 Maremonto<\/figcaption><\/figure><\/div>\n<p>Que ce soit une m\u00e9tropole comme New York ou la campagne accident\u00e9e des Highlands \u00e9cossais \u00e9loign\u00e9s : voyager vers des endroits lointains exercera toujours une attraction sur les gens. Pour s&rsquo;assurer que les gens se retrouvent dans ces endroits, les \u00e9diteurs produisent une quantit\u00e9 impressionnante de guides touristiques. Et quel guide touristique serait complet sans des cartes compl\u00e8tes pour illustrer les itin\u00e9raires, les points d&rsquo;int\u00e9r\u00eat et autres ?<\/p>\n\n<p>In this guide we will show you how to create the perfect tourist guide maps.<\/p>\n\n<div style=\"height:60px\" aria-hidden=\"true\" class=\"wp-block-spacer\"><\/div>\n\n<div class=\"wp-block-buttons is-content-justification-center is-layout-flex wp-container-core-buttons-is-layout-16018d1d wp-block-buttons-is-layout-flex\">\n<div class=\"wp-block-button has-custom-font-size\" style=\"font-size:18px\"><a class=\"wp-block-button__link has-background wp-element-button\" href=\"https:\/\/www.printmaps.net\/fr\/\" style=\"border-radius:10px;background-color:#e5017e\"><p><strong>Commencez \u00e0 cartographier d\u00e8s maintenant, sans inscription<\/strong><\/p><\/a><\/div>\n<\/div>\n\n<div style=\"height:150px\" aria-hidden=\"true\" class=\"wp-block-spacer\"><\/div>\n\n<h3 class=\"wp-block-heading\">Ce qu&rsquo;il faut voir sur une carte de guide touristique<\/h3>\n\n<p>Les points d&rsquo;int\u00e9r\u00eat, ou POI, sont des endroits g\u00e9n\u00e9ralement indiqu\u00e9s par un marqueur sur une carte. Dans le tourisme, les POI sont essentiels, car ils indiquent aux touristes o\u00f9 trouver des attractions, de la gastronomie ou des h\u00e9bergements.<\/p>\n<div class=\"wp-block-image\">\n<figure class=\"alignright size-large is-resized\"><img decoding=\"async\" width=\"765\" height=\"531\" src=\"https:\/\/www.printmaps.net\/wp-content\/uploads\/2020\/10\/bodensee-karte.jpg\" alt=\"\" class=\"wp-image-70212\" style=\"width:483px;height:335px\" srcset=\"https:\/\/www.printmaps.net\/wp-content\/uploads\/2020\/10\/bodensee-karte.jpg 765w, https:\/\/www.printmaps.net\/wp-content\/uploads\/2020\/10\/bodensee-karte-480x333.jpg 480w\" sizes=\"(min-width: 0px) and (max-width: 480px) 480px, (min-width: 481px) 765px, 100vw\" \/><\/figure><\/div>\n<p>Comme pour toute carte destin\u00e9e \u00e0 aider les gens \u00e0 s&rsquo;orienter, la cartographie de base utilis\u00e9e devrait au moins inclure le r\u00e9seau routier et les noms de lieux, permettant aux gens de voir en un coup d&rsquo;\u0153il comment s&rsquo;y rendre. La topographie, c&rsquo;est-\u00e0-dire l&rsquo;ombrage des collines et autres, n&rsquo;est que d&rsquo;une importance mineure \u00e0 cet \u00e9gard.<\/p>\n\n<p>De plus, pour indiquer rapidement le type de POI qu&rsquo;il s&rsquo;agit et signifier son r\u00f4le avec l&rsquo;ic\u00f4ne appropri\u00e9e est essentiel. Pour ce faire, assurez-vous d&rsquo;utiliser des symboles facilement reconnaissables, comme un avion pour les a\u00e9roports, un hamburger pour un lieu o\u00f9 manger, ou pour ceux qui sont plus int\u00e9ress\u00e9s par la nourriture liquide, une bouteille de vin avec un verre pour les endroits o\u00f9 boire.<\/p>\n\n<div style=\"height:100px\" aria-hidden=\"true\" class=\"wp-block-spacer\"><\/div>\n<div class=\"wp-block-image\">\n<figure class=\"alignleft size-large is-resized\"><img decoding=\"async\" width=\"621\" height=\"438\" src=\"https:\/\/www.printmaps.net\/wp-content\/uploads\/2018\/03\/FreeWebImage-8.png\" alt=\"carte guide touristique\" class=\"wp-image-28695\" style=\"width:614px;height:433px\"\/><\/figure><\/div>\n<h3 class=\"wp-block-heading\">Itin\u00e9raires de randonn\u00e9e<\/h3>\n\n<p>De nombreuses destinations touristiques sont utilis\u00e9es par les visiteurs pour sortir et profiter de la nature. Afin de trouver les meilleurs itin\u00e9raires de randonn\u00e9e ou de promenade, il est judicieux de cartographier les itin\u00e9raires. Contrairement aux cartes d\u00e9crites ci-dessus pour les POI, l&rsquo;inclusion de la topographie est la plus importante dans ce type de cartes, de sorte que les visiteurs puissent voir, en un coup d&rsquo;\u0153il, s&rsquo;ils vont marcher en mont\u00e9e ou le long d&rsquo;un plan qui ne mettra pas leur condition physique \u00e0 l&rsquo;\u00e9preuve.<\/p>\n\n<div style=\"height:44px\" aria-hidden=\"true\" class=\"wp-block-spacer\"><\/div>\n\n<h3 class=\"wp-block-heading\">Tirer parti de Printmaps<\/h3>\n\n<p><p>Outre les nombreuses autres fonctionnalit\u00e9s offertes par Printmaps, nous disposons \u00e9galement d&rsquo;un g\u00e9ocodeur int\u00e9gr\u00e9 qui vous permet de t\u00e9l\u00e9charger en lot et de convertir vos adresses en leurs coordonn\u00e9es respectives. C&rsquo;est aussi simple que de copier-coller des donn\u00e9es depuis une feuille de calcul ou une colonne de base de donn\u00e9es. Il vous suffit de cliquer sur ce bouton dans l&rsquo;\u00e9diteur : <img loading=\"lazy\" loading=\"lazy\" decoding=\"async\" src=\"https:\/\/www.printmaps.net\/wp-content\/uploads\/2018\/03\/poibutton.png\" alt=\"\" width=\"58\" height=\"51\"\/> et vous aurez une vue famili\u00e8re juste devant vous. Tout ce que vous avez \u00e0 faire est de coller votre contenu dans les champs respectifs, et Printmaps fera le reste.<\/p><\/p>\n<div class=\"wp-block-image\">\n<figure class=\"aligncenter size-large\"><img loading=\"lazy\" loading=\"lazy\" decoding=\"async\" width=\"1024\" height=\"517\" src=\"https:\/\/www.printmaps.net\/wp-content\/uploads\/2019\/07\/printable-map-batch-geocode-addresses-excel-2-1024x517.gif\" alt=\"Batch geocode addresses for printable maps\" class=\"wp-image-37475\" srcset=\"https:\/\/www.printmaps.net\/wp-content\/uploads\/2019\/07\/printable-map-batch-geocode-addresses-excel-2-1024x517.gif 1024w, https:\/\/www.printmaps.net\/wp-content\/uploads\/2019\/07\/printable-map-batch-geocode-addresses-excel-2-980x495.gif 980w, https:\/\/www.printmaps.net\/wp-content\/uploads\/2019\/07\/printable-map-batch-geocode-addresses-excel-2-480x242.gif 480w\" sizes=\"auto, (min-width: 0px) and (max-width: 480px) 480px, (min-width: 481px) and (max-width: 980px) 980px, (min-width: 981px) 1024px, 100vw\" \/><\/figure><\/div>\n<p>Une fois que notre moteur de g\u00e9ocodage a converti les adresses en leurs coordonn\u00e9es respectives, vous pouvez ensuite modifier le type de marqueur, la couleur, l&rsquo;ic\u00f4ne ou leur taille. Tous les points d&rsquo;int\u00e9r\u00eat seront enregistr\u00e9s dans une couche s\u00e9par\u00e9e. Ainsi, une fois que vous avez t\u00e9l\u00e9charg\u00e9 votre carte au format Photoshop, vous pouvez l&rsquo;ouvrir et peaufiner le positionnement de vos points d&rsquo;int\u00e9r\u00eat.<\/p>\n\n<div style=\"height:30px\" aria-hidden=\"true\" class=\"wp-block-spacer\"><\/div>\n\n<h3 class=\"wp-block-heading\">Mais attendez, il y a plus<\/h3>\n\n<p><p>En plus de la possibilit\u00e9 de positionner autant de points d&rsquo;int\u00e9r\u00eat que vous le souhaitez, Printmaps propose une vari\u00e9t\u00e9 d&rsquo;outils pour simplifier votre exp\u00e9rience. Par exemple, si vous souhaitez attirer l&rsquo;attention sur un pays ou une zone municipale sp\u00e9cifique, vous pouvez utiliser l&rsquo;outil de formes de Printmaps. Il vous suffit de cliquer sur ce bouton <img loading=\"lazy\" loading=\"lazy\" decoding=\"async\" src=\"https:\/\/www.printmaps.net\/wp-content\/uploads\/2018\/03\/shapesButton.png\" alt=\"\" width=\"57\" height=\"50\"\/> et de rechercher ce dont vous avez besoin.<\/p><\/p>\n\n<figure class=\"wp-block-image size-large\"><img loading=\"lazy\" loading=\"lazy\" decoding=\"async\" width=\"993\" height=\"580\" src=\"https:\/\/www.printmaps.net\/wp-content\/uploads\/2018\/03\/shapetool.png\" alt=\"\" class=\"wp-image-61153\"\/><\/figure>\n<div style=\"height:100px\" aria-hidden=\"true\" class=\"wp-block-spacer\"><\/div>\n<div class=\"wp-block-image\">\n<figure class=\"alignright size-large\"><img loading=\"lazy\" loading=\"lazy\" decoding=\"async\" width=\"621\" height=\"438\" src=\"https:\/\/www.printmaps.net\/wp-content\/uploads\/2018\/03\/FreeWebImage-4.png\" alt=\"\" class=\"wp-image-28655\"\/><\/figure><\/div>\n<p>L&rsquo;utilisation de formes aidera non seulement \u00e0 guider le regard du spectateur vers la zone que vous souhaitez mettre en valeur, mais \u00e9liminera \u00e9galement les zones que vous ne voulez pas voir sur votre carte, quelles que soient vos raisons.<\/p>\n\n<div style=\"height:100px\" aria-hidden=\"true\" class=\"wp-block-spacer\"><\/div>\n<div class=\"wp-block-image\">\n<figure class=\"alignleft size-large is-resized\"><img loading=\"lazy\" loading=\"lazy\" decoding=\"async\" width=\"1200\" height=\"800\" src=\"https:\/\/www.printmaps.net\/wp-content\/uploads\/2018\/01\/bodensee-karte.jpg\" alt=\"carte guide touristique\" class=\"wp-image-27849\" style=\"width:579px;height:385px\"\/><\/figure><\/div>\n<h3 class=\"wp-block-heading\">Cr\u00e9er des itin\u00e9raires en quelques clics<\/h3>\n\n<p>Ajouter des cartes avec des itin\u00e9raires de randonn\u00e9e est aussi simple que bonjour. Notre \u00e9diteur d&rsquo;itin\u00e9raires vous permet non seulement de dessiner vos itin\u00e9raires \u00e0 main lev\u00e9e, mais il utilise \u00e9galement un assistant qui s&rsquo;aimante automatiquement aux routes existantes, vous permettant litt\u00e9ralement de cr\u00e9er des itin\u00e9raires en quelques secondes.<\/p>\n\n<p>Mais ce n&rsquo;est pas tout. Si vous avez d\u00e9j\u00e0 enregistr\u00e9 vos itin\u00e9raires avec un appareil GPS, vous pouvez t\u00e9l\u00e9charger ces fichiers &#8211; g\u00e9n\u00e9ralement au format GPX &#8211; dans l&rsquo;\u00e9diteur et ils seront alors affich\u00e9s sur votre carte. Autre avantage int\u00e9ressant ? Vous pouvez t\u00e9l\u00e9charger autant d&rsquo;itin\u00e9raires que vous le souhaitez &#8211; et qui peuvent s&rsquo;adapter \u00e0 votre carte.<\/p>\n\n<div style=\"height:100px\" aria-hidden=\"true\" class=\"wp-block-spacer\"><\/div>\n\n<p class=\"has-large-font-size\">C&rsquo;est ce que vous en faites<\/p>\n\n<p>La cr\u00e9ation de cartes imprimables pour des publications implique bien plus que simplement poss\u00e9der les bons outils g\u00e9ographiques ; il s&rsquo;agit de tirer parti de vos propres conceptions et id\u00e9es. Avec Printmaps, vous b\u00e9n\u00e9ficiez d&rsquo;une flexibilit\u00e9 totale, que ce soit pour choisir le type de cartographie ou s\u00e9lectionner les \u00e9l\u00e9ments \u00e0 inclure dans votre carte.<\/p>\n\n<p>Mais la personnalisation ne s&rsquo;arr\u00eate pas l\u00e0. Une fois que vous avez cr\u00e9\u00e9 et t\u00e9l\u00e9charg\u00e9 votre carte, les possibilit\u00e9s sont infinies. Vous souhaitez enrichir les points d&rsquo;int\u00e9r\u00eat avec des d\u00e9tails suppl\u00e9mentaires ? Ajouter vos propres logos, graphiques ou textes ? Nos cartes sont livr\u00e9es dans un format PSD en couches, ce qui vous permet de modifier chaque aspect, jusqu&rsquo;aux points d&rsquo;int\u00e9r\u00eat individuels.<\/p>\n\n<p>Pourquoi ne pas essayer notre \u00e9diteur et d\u00e9couvrir comment vous pouvez facilement transformer vos id\u00e9es en la carte parfaite adapt\u00e9e \u00e0 la publication ?<\/p>\n\n<div style=\"height:48px\" aria-hidden=\"true\" class=\"wp-block-spacer\"><\/div>\n\n<div class=\"wp-block-group\"><div class=\"wp-block-group__inner-container is-layout-constrained wp-block-group-is-layout-constrained\">\n<h2 class=\"wp-block-heading has-text-align-center has-large-font-size\" style=\"font-style:normal;font-weight:700\">Essayez Printmaps<\/h2>\n\n\n\n<p class=\"has-text-align-center has-medium-font-size\">Notre\u00a0\u00e9diteur de cartes vous permet de cr\u00e9er des cartes imprimables dans le monde entier en un rien de temps.<\/p>\n\n\n\n<div style=\"height:15px\" aria-hidden=\"true\" class=\"wp-block-spacer\"><\/div>\n\n\n\n<div class=\"wp-block-buttons is-content-justification-center is-layout-flex wp-container-core-buttons-is-layout-16018d1d wp-block-buttons-is-layout-flex\">\n<div class=\"wp-block-button has-custom-font-size\" style=\"font-size:18px\"><a class=\"wp-block-button__link has-background wp-element-button\" href=\"https:\/\/www.printmaps.net\/fr\/\" style=\"border-radius:10px;background-color:#e5017e\"><strong>Cr\u00e9ez votre premi\u00e8re carte maintenant<\/strong><\/a><\/div>\n<\/div>\n<\/div><\/div>\n\n<div style=\"height:150px\" aria-hidden=\"true\" class=\"wp-block-spacer\"><\/div>\n\n<div class=\"schema-faq wp-block-yoast-faq-block\"><div class=\"schema-faq-section\" id=\"faq-question-1757946994908\"><strong class=\"schema-faq-question\">Puis-je cr\u00e9er la m\u00eame carte dans plusieurs langues ?<\/strong> <p class=\"schema-faq-answer\">Oui. Utilisez simplement les fonctions \u00ab Enregistrer \u00bb et \u00ab Ouvrir \u00bb en haut \u00e0 droite de l\u2019\u00e9diteur pour rouvrir la m\u00eame carte. Ensuite, vous pouvez changer la langue d\u2019affichage des libell\u00e9s dans \u00ab Cartes en tr\u00e8s haute r\u00e9solution \u00bb. Si les libell\u00e9s ne sont pas disponibles dans la langue choisie, ils s\u2019afficheront dans la langue locale.<\/p> <\/div> <div class=\"schema-faq-section\" id=\"faq-question-1757947141133\"><strong class=\"schema-faq-question\"><p><strong>Comment visualiser ensemble itin\u00e9raires \u00e0 pied et transports ?<\/strong><\/p><\/strong> <p class=\"schema-faq-answer\">Vous pouvez afficher plusieurs modes de transport sur une m\u00eame route en montrant, via une ic\u00f4ne, le mode \u00e0 c\u00f4t\u00e9 de la route. C\u2019est simple dans notre outil de trac\u00e9. S\u00e9lectionnez le mode de transport, activez \u00ab Show Icons \u00bb puis tracez votre itin\u00e9raire. Vous pouvez afficher des modes diff\u00e9rents pour des segments diff\u00e9rents. Pour les routes trac\u00e9es avec l\u2019outil magnet, les ic\u00f4nes pi\u00e9ton, v\u00e9lo et voiture sont disponibles. Avec l\u2019outil arc-line, les avions, bateaux et trains sont disponibles. Avec l\u2019outil straight line, tous les modes peuvent \u00eatre s\u00e9lectionn\u00e9s.<\/p> <\/div> <div class=\"schema-faq-section\" id=\"faq-question-1757947701254\"><strong class=\"schema-faq-question\">Qu\u2019est-ce qui aide le plus les primo-visiteurs sur une carte \u00e0 pied ?<\/strong> <p class=\"schema-faq-answer\">Hi\u00e9rarchie claire : POI num\u00e9rot\u00e9s, noms courts, formes d\u2019ic\u00f4nes coh\u00e9rentes et l\u00e9gende simple. Donnez des estimations de temps entre des groupes plut\u00f4t que des minutes exactes.<\/p> <\/div> <div class=\"schema-faq-section\" id=\"faq-question-1757948908032\"><strong class=\"schema-faq-question\">Comment mettre en valeur la zone d\u2019int\u00e9r\u00eat avec go\u00fbt ?<\/strong> <p class=\"schema-faq-answer\">Le plus simple est de surligner l\u2019entit\u00e9 administrative avec l\u2019outil \u00ab forme g\u00e9om\u00e9trique \u00bb et d\u2019inverser la s\u00e9lection. Modifiez ensuite la couleur en blanc (ou toute autre couleur) et r\u00e9glez l\u2019opacit\u00e9 en changeant la valeur \u00ab A \u00bb dans l\u2019outil de couleur. En \u00e9claircissant le reste, la zone voulue devient plus pro\u00e9minente.<\/p> <\/div> <\/div>\n","protected":false},"excerpt":{"rendered":"<p>Que ce soit une m\u00e9tropole comme New York ou la campagne accident\u00e9e des Highlands \u00e9cossais \u00e9loign\u00e9s : voyager vers des endroits lointains exercera toujours une attraction sur les gens. Pour s&rsquo;assurer que les gens se retrouvent dans ces endroits, les \u00e9diteurs produisent une quantit\u00e9 impressionnante de guides touristiques. Et quel guide touristique serait complet sans [&hellip;]<\/p>\n","protected":false},"author":6,"featured_media":0,"parent":0,"menu_order":0,"comment_status":"closed","ping_status":"closed","template":"","meta":{"_et_pb_use_builder":"off","_et_pb_old_content":"","_et_gb_content_width":"","footnotes":""},"class_list":["post-164130","page","type-page","status-publish","hentry"],"_links":{"self":[{"href":"https:\/\/www.printmaps.net\/fr\/wp-json\/wp\/v2\/pages\/164130","targetHints":{"allow":["GET"]}}],"collection":[{"href":"https:\/\/www.printmaps.net\/fr\/wp-json\/wp\/v2\/pages"}],"about":[{"href":"https:\/\/www.printmaps.net\/fr\/wp-json\/wp\/v2\/types\/page"}],"author":[{"embeddable":true,"href":"https:\/\/www.printmaps.net\/fr\/wp-json\/wp\/v2\/users\/6"}],"replies":[{"embeddable":true,"href":"https:\/\/www.printmaps.net\/fr\/wp-json\/wp\/v2\/comments?post=164130"}],"version-history":[{"count":6,"href":"https:\/\/www.printmaps.net\/fr\/wp-json\/wp\/v2\/pages\/164130\/revisions"}],"predecessor-version":[{"id":221734,"href":"https:\/\/www.printmaps.net\/fr\/wp-json\/wp\/v2\/pages\/164130\/revisions\/221734"}],"wp:attachment":[{"href":"https:\/\/www.printmaps.net\/fr\/wp-json\/wp\/v2\/media?parent=164130"}],"curies":[{"name":"wp","href":"https:\/\/api.w.org\/{rel}","templated":true}]}}