{"id":164146,"date":"2024-02-20T15:43:33","date_gmt":"2024-02-20T14:43:33","guid":{"rendered":"https:\/\/www.printmaps.net\/creez-carte-avec-des-epingles\/"},"modified":"2025-10-23T14:32:53","modified_gmt":"2025-10-23T13:32:53","slug":"creez-carte-avec-des-epingles","status":"publish","type":"page","link":"https:\/\/www.printmaps.net\/fr\/creez-carte-avec-des-epingles\/","title":{"rendered":"Cr\u00e9ez facilement une carte avec des \u00e9pingles"},"content":{"rendered":"\n<div class=\"wp-block-columns is-layout-flex wp-container-core-columns-is-layout-9d6595d7 wp-block-columns-is-layout-flex\">\n<div class=\"wp-block-column is-layout-flow wp-block-column-is-layout-flow\" style=\"flex-basis:66.66%\"><div class=\"wp-block-image\">\n<figure class=\"alignright size-large is-resized\"><img fetchpriority=\"high\" fetchpriority=\"high\" decoding=\"async\" width=\"1024\" height=\"722\" src=\"https:\/\/www.printmaps.net\/wp-content\/uploads\/2020\/04\/Create-map-with-pins-1-1024x722.png\" alt=\"carte avec des &#xE9;pingles\" class=\"wp-image-60669\" style=\"width:621px\" srcset=\"https:\/\/www.printmaps.net\/wp-content\/uploads\/2020\/04\/Create-map-with-pins-1-980x691.png 980w, https:\/\/www.printmaps.net\/wp-content\/uploads\/2020\/04\/Create-map-with-pins-1-480x339.png 480w\" sizes=\"(min-width: 0px) and (max-width: 480px) 480px, (min-width: 481px) and (max-width: 980px) 980px, (min-width: 981px) 1024px, 100vw\" \/><\/figure><\/div><\/div>\n\n\n\n<div class=\"wp-block-column is-layout-flow wp-block-column-is-layout-flow\" style=\"flex-basis:33.33%\">\n<p>Marquer les points d&rsquo;int\u00e9r\u00eat pour cr\u00e9er une carte avec des \u00e9pingles peut \u00eatre fastidieux et le r\u00e9sultat parfois d\u00e9cevant. L&rsquo;\u00e9dition des captures d&rsquo;\u00e9cran pose des probl\u00e8mes de pr\u00e9servation de la qualit\u00e9 de l&rsquo;image lors de son utilisation sur le web ou en impression. Alors que vous voulez simplement \u00e9pingler ces points d&rsquo;int\u00e9r\u00eat \u00e0 leur emplacement exact, montrer l&rsquo;ordre chronologique d&rsquo;un itin\u00e9raire et sp\u00e9cifier les \u00e9pingles avec des marqueurs et des \u00e9tiquettes appropri\u00e9s.<\/p>\n\n\n\n<p>L&rsquo;\u00e9diteur de Printmaps rend tout cela possible.<\/p>\n\n\n\n<div class=\"wp-block-buttons is-content-justification-center is-layout-flex wp-container-core-buttons-is-layout-16018d1d wp-block-buttons-is-layout-flex\">\n<div class=\"wp-block-button has-custom-font-size\" style=\"font-size:18px\"><a class=\"wp-block-button__link has-background wp-element-button\" href=\"https:\/\/www.printmaps.net\/fr\/\" style=\"border-radius:10px;background-color:#e5017e\"><p><strong>Commencez \u00e0 cartographier d\u00e8s maintenant, sans inscription<\/strong><\/p><\/a><\/div>\n<\/div>\n<\/div>\n<\/div>\n\n<div style=\"height:68px\" aria-hidden=\"true\" class=\"wp-block-spacer\"><\/div>\n\n<div class=\"wp-block-columns is-layout-flex wp-container-core-columns-is-layout-9d6595d7 wp-block-columns-is-layout-flex\">\n<div class=\"wp-block-column is-layout-flow wp-block-column-is-layout-flow\" style=\"flex-basis:33.33%\">\n<h3 class=\"wp-block-heading\" id=\"mark-your-business-locations-on-the-map-with-pins\">Marquez les emplacements de votre entreprise sur la carte avec des \u00e9pingles<\/h3>\n\n\n\n<p><p>L&rsquo;\u00e9diteur est tr\u00e8s utile pour les entreprises qui veulent <a href=\"https:\/\/www.printmaps.net\/fr\/imprimer-une-carte-avec-plusieurs-emplacements\/\">\u00e9pingler plusieurs emplacements<\/a> ou magasins sur une carte haute r\u00e9solution \u00e0 imprimer ou \u00e0 utiliser en ligne. L&rsquo;\u00e9diteur permet de copier les adresses postales dans un t\u00e9l\u00e9chargeur de g\u00e9ocodage en vrac et elles seront toutes converties en leurs coordonn\u00e9es g\u00e9ographiques. De cette fa\u00e7on, les emplacements des entreprises apparaissent sur la carte avec vos propres marqueurs personnalis\u00e9s ou l&rsquo;un des marqueurs standard \u00e9tiquet\u00e9s.<\/p><\/p>\n<\/div>\n\n\n\n<div class=\"wp-block-column is-layout-flow wp-block-column-is-layout-flow\" style=\"flex-basis:66.66%\"><div class=\"wp-block-image\">\n<figure class=\"alignleft size-full\"><img decoding=\"async\" width=\"621\" height=\"438\" src=\"https:\/\/www.printmaps.net\/wp-content\/uploads\/2020\/04\/Map-with-pins.png\" alt=\"Cr&#xE9;ez une carte avec des &#xE9;pingles\" class=\"wp-image-60641\" srcset=\"https:\/\/www.printmaps.net\/wp-content\/uploads\/2020\/04\/Map-with-pins.png 621w, https:\/\/www.printmaps.net\/wp-content\/uploads\/2020\/04\/Map-with-pins-480x339.png 480w\" sizes=\"(min-width: 0px) and (max-width: 480px) 480px, (min-width: 481px) 621px, 100vw\" \/><\/figure><\/div><\/div>\n<\/div>\n\n<div style=\"height:56px\" aria-hidden=\"true\" class=\"wp-block-spacer\"><\/div>\n\n<div class=\"wp-block-columns is-layout-flex wp-container-core-columns-is-layout-9d6595d7 wp-block-columns-is-layout-flex\">\n<div class=\"wp-block-column is-layout-flow wp-block-column-is-layout-flow\" style=\"flex-basis:66.66%\"><div class=\"wp-block-image\">\n<figure class=\"alignright size-large is-resized\"><img decoding=\"async\" width=\"1024\" height=\"722\" src=\"https:\/\/www.printmaps.net\/wp-content\/uploads\/2020\/04\/Create-map-with-pins-2-1024x722.png\" alt=\"Cr&#xE9;ez une carte avec des &#xE9;pingles\" class=\"wp-image-60689\" style=\"width:621px\" srcset=\"https:\/\/www.printmaps.net\/wp-content\/uploads\/2020\/04\/Create-map-with-pins-2-980x691.png 980w, https:\/\/www.printmaps.net\/wp-content\/uploads\/2020\/04\/Create-map-with-pins-2-480x339.png 480w\" sizes=\"(min-width: 0px) and (max-width: 480px) 480px, (min-width: 481px) and (max-width: 980px) 980px, (min-width: 981px) 1024px, 100vw\" \/><\/figure><\/div><\/div>\n\n\n\n<div class=\"wp-block-column is-layout-flow wp-block-column-is-layout-flow\" style=\"flex-basis:33.33%\">\n<h3 class=\"wp-block-heading\" id=\"mark-routes-on-existing-roads\">Marquez les itin\u00e9raires sur les routes existantes<\/h3>\n\n\n\n<p><p>Nos clients <a href=\"\/fr\/tracer-un-itineraire-sur-une-carte\/\">cr\u00e9ent des cartes d&rsquo;itin\u00e9raire<\/a> avec des \u00e9pingles pour pr\u00e9senter des randonn\u00e9es p\u00e9destres ou des itin\u00e9raires \u00e0 v\u00e9lo, ou simplement des directions. Dessinez facilement des lignes sur les routes existantes, les pistes cyclables et les sentiers p\u00e9destres. Avec l&rsquo;option d&rsquo;\u00e9pingler les points d&rsquo;int\u00e9r\u00eat avec des num\u00e9ros, il devient facile de montrer la direction de l&rsquo;itin\u00e9raire.<\/p><\/p>\n\n\n\n<p><p>Lisez-en plus sur le <a href=\"https:\/\/www.printmaps.net\/fr\/features\/\">fonctionnement de l&rsquo;\u00e9diteur<\/a> et ses fonctionnalit\u00e9s.<\/p><\/p>\n<\/div>\n<\/div>\n\n<div style=\"height:66px\" aria-hidden=\"true\" class=\"wp-block-spacer\"><\/div>\n\n<div class=\"wp-block-columns is-layout-flex wp-container-core-columns-is-layout-9d6595d7 wp-block-columns-is-layout-flex\">\n<div class=\"wp-block-column is-layout-flow wp-block-column-is-layout-flow\" style=\"flex-basis:33.33%\">\n<h3 class=\"wp-block-heading\" id=\"create-a-travel-map-for-your-photobook\">Cr\u00e9ez une carte de voyage pour votre livre photo<\/h3>\n\n\n\n<p><p>Marquez les emplacements exacts que vous avez visit\u00e9s lors de ce voyage inoubliable. Vous pouvez marquer vos points d&rsquo;int\u00e9r\u00eat avec des points, des carr\u00e9s ou l&rsquo;une des formes standard fournies dans l&rsquo;\u00e9diteur. Ou affichez l&rsquo;\u00e9tiquette sans marqueur environnant, comme un avion ou un ferry. Marquez vos restaurants pr\u00e9f\u00e9r\u00e9s, vos randonn\u00e9es ou vos plages. Avec les diff\u00e9rents styles de carte et l&rsquo;option d&rsquo;ajouter des formes de pays color\u00e9es, vous pouvez facilement cr\u00e9er votre propre <a href=\"https:\/\/www.printmaps.net\/fr\/?page_id=164125\">carte de voyage personnalis\u00e9e pour votre livre photo<\/a>.<\/p><\/p>\n<\/div>\n\n\n\n<div class=\"wp-block-column is-layout-flow wp-block-column-is-layout-flow\" style=\"flex-basis:66.66%\">\n<figure class=\"wp-block-image size-large is-resized\"><img loading=\"lazy\" loading=\"lazy\" decoding=\"async\" width=\"1024\" height=\"722\" src=\"https:\/\/www.printmaps.net\/wp-content\/uploads\/2020\/10\/Create-map-with-pins-1-1024x722.png\" alt=\"\" class=\"wp-image-70246\" style=\"width:621px\" srcset=\"https:\/\/www.printmaps.net\/wp-content\/uploads\/2020\/10\/Create-map-with-pins-1-980x691.png 980w, https:\/\/www.printmaps.net\/wp-content\/uploads\/2020\/10\/Create-map-with-pins-1-480x338.png 480w\" sizes=\"auto, (min-width: 0px) and (max-width: 480px) 480px, (min-width: 481px) and (max-width: 980px) 980px, (min-width: 981px) 1024px, 100vw\" \/><\/figure><\/div>\n<\/div>\n\n<div class=\"wp-block-group\"><div class=\"wp-block-group__inner-container is-layout-constrained wp-block-group-is-layout-constrained\">\n<div style=\"height:130px\" aria-hidden=\"true\" class=\"wp-block-spacer\"><\/div>\n\n\n\n<h2 class=\"wp-block-heading has-x-large-font-size\" style=\"font-style:normal;font-weight:700\">Vous avez encore besoin d&rsquo;aide ? Envoyez-nous un message !<\/h2>\n\n\n\n<p style=\"font-size:22px\"><p><a href=\"https:\/\/support.printmaps.net\/fr\/support\/tickets\/new\">Envoyez-nous un ticket sur notre plateforme de support<\/a><\/p><\/p>\n\n\n\n<div style=\"height:150px\" aria-hidden=\"true\" class=\"wp-block-spacer\"><\/div>\n<\/div><\/div>\n\n<div style=\"height:80px\" aria-hidden=\"true\" class=\"wp-block-spacer\"><\/div>\n\n<h3 class=\"wp-block-heading\">Foire aux questions<\/h3>\n\n<div class=\"schema-faq wp-block-yoast-faq-block\"><div class=\"schema-faq-section\" id=\"faq-question-1757925419641\"><strong class=\"schema-faq-question\"><p><strong>Puis-je importer des coordonn\u00e9es au lieu d\u2019adresses ?<\/strong><\/p><\/strong> <p class=\"schema-faq-answer\"><p>Oui. Vous pouvez <a href=\"https:\/\/support.printmaps.net\/fr\/support\/solutions\/articles\/204000000551-j-ai-une-liste-d-adresses-dans-excel-puis-je-la-convertir-en-points-sur-la-carte-\">coller directement des valeurs d\u00e9cimales de longitude et latitude dans l\u2019importateur de feuilles de calcul<\/a>. Chaque \u00e9l\u00e9ment devient un calque distinct et nomm\u00e9 lors du t\u00e9l\u00e9chargement en SVG ou PSD.<\/p><\/p> <\/div> <div class=\"schema-faq-section\" id=\"faq-question-1757942421299\"><strong class=\"schema-faq-question\">Puis-je styliser les \u00e9pingles dans l\u2019\u00e9diteur ?<\/strong> <p class=\"schema-faq-answer\">Oui. Nous proposons plusieurs formes pour la forme ext\u00e9rieure et int\u00e9rieure, et les couleurs peuvent \u00eatre d\u00e9finies librement. Parmi les formes int\u00e9rieures, vous trouverez de nombreuses ic\u00f4nes pour indiquer le th\u00e8me du lieu d\u2019int\u00e9r\u00eat, par exemple un panier pour un supermarch\u00e9 ou une silhouette courant pour un centre sportif.<\/p> <\/div> <div class=\"schema-faq-section\" id=\"faq-question-1757942575893\"><strong class=\"schema-faq-question\">Puis-je importer des \u00e9pingles en t\u00e9l\u00e9versant un fichier ?<\/strong> <p class=\"schema-faq-answer\">Oui. Vous pouvez t\u00e9l\u00e9verser des fichiers GPX, KML ou GeoJSON dans notre \u00e9diteur. Ces fichiers peuvent contenir des itin\u00e9raires, des \u00e9pingles ou des formes et seront import\u00e9s imm\u00e9diatement sur la carte. Chacun de ces \u00e9l\u00e9ments peut \u00eatre stylis\u00e9 comme les \u00e9pingles ajout\u00e9es manuellement.<\/p> <\/div> <div class=\"schema-faq-section\" id=\"faq-question-1757943989629\"><strong class=\"schema-faq-question\">La carte peut-elle \u00eatre inclin\u00e9e ou pivot\u00e9e ?<\/strong> <p class=\"schema-faq-answer\">Oui. Vous pouvez ajuster le niveau d\u2019inclinaison ou de rotation en haut \u00e0 gauche de l\u2019\u00e9diteur. Cependant, une carte inclin\u00e9e ou pivot\u00e9e ne peut pas \u00eatre achet\u00e9e au format SVG pour des raisons techniques.<\/p> <\/div> <div class=\"schema-faq-section\" id=\"faq-question-1757944170878\"><strong class=\"schema-faq-question\"><p><strong>Quel format d\u2019exportation utiliser pour l\u2019impression ou le web ?<\/strong><\/p><\/strong> <p class=\"schema-faq-answer\">Les PNG suffisent pour le web et l\u2019impression si peu de post-traitement est n\u00e9cessaire et, pour l\u2019impression, si la taille ne d\u00e9passe pas 22 cm \u00d7 22 cm. Pour une personnalisation compl\u00e8te ou une impression plus grande, les PSD et SVG sont pr\u00e9f\u00e9rables.<\/p> <\/div> <div class=\"schema-faq-section\" id=\"faq-question-1757945617450\"><strong class=\"schema-faq-question\">Puis-je placer une \u00e9tiquette sur la carte sans \u00e9pingle ?<\/strong> <p class=\"schema-faq-answer\">Oui. Pour cela, rendez la couleur de la forme ext\u00e9rieure et int\u00e9rieure de l\u2019\u00e9pingle transparente.<\/p> <\/div> <\/div>\n\n<div style=\"height:66px\" aria-hidden=\"true\" class=\"wp-block-spacer\"><\/div>\n","protected":false},"excerpt":{"rendered":"<p>Marquer les points d&rsquo;int\u00e9r\u00eat pour cr\u00e9er une carte avec des \u00e9pingles peut \u00eatre fastidieux et le r\u00e9sultat parfois d\u00e9cevant. L&rsquo;\u00e9dition des captures d&rsquo;\u00e9cran pose des probl\u00e8mes de pr\u00e9servation de la qualit\u00e9 de l&rsquo;image lors de son utilisation sur le web ou en impression. Alors que vous voulez simplement \u00e9pingler ces points d&rsquo;int\u00e9r\u00eat \u00e0 leur emplacement [&hellip;]<\/p>\n","protected":false},"author":8,"featured_media":0,"parent":0,"menu_order":0,"comment_status":"closed","ping_status":"closed","template":"","meta":{"_et_pb_use_builder":"","_et_pb_old_content":"","_et_gb_content_width":"","footnotes":""},"class_list":["post-164146","page","type-page","status-publish","hentry"],"_links":{"self":[{"href":"https:\/\/www.printmaps.net\/fr\/wp-json\/wp\/v2\/pages\/164146","targetHints":{"allow":["GET"]}}],"collection":[{"href":"https:\/\/www.printmaps.net\/fr\/wp-json\/wp\/v2\/pages"}],"about":[{"href":"https:\/\/www.printmaps.net\/fr\/wp-json\/wp\/v2\/types\/page"}],"author":[{"embeddable":true,"href":"https:\/\/www.printmaps.net\/fr\/wp-json\/wp\/v2\/users\/8"}],"replies":[{"embeddable":true,"href":"https:\/\/www.printmaps.net\/fr\/wp-json\/wp\/v2\/comments?post=164146"}],"version-history":[{"count":13,"href":"https:\/\/www.printmaps.net\/fr\/wp-json\/wp\/v2\/pages\/164146\/revisions"}],"predecessor-version":[{"id":221969,"href":"https:\/\/www.printmaps.net\/fr\/wp-json\/wp\/v2\/pages\/164146\/revisions\/221969"}],"wp:attachment":[{"href":"https:\/\/www.printmaps.net\/fr\/wp-json\/wp\/v2\/media?parent=164146"}],"curies":[{"name":"wp","href":"https:\/\/api.w.org\/{rel}","templated":true}]}}