{"id":164161,"date":"2024-02-20T16:05:12","date_gmt":"2024-02-20T15:05:12","guid":{"rendered":"https:\/\/www.printmaps.net\/cartes-imprimables-gratuites\/"},"modified":"2025-03-20T14:48:57","modified_gmt":"2025-03-20T13:48:57","slug":"cartes-imprimables-gratuites","status":"publish","type":"page","link":"https:\/\/www.printmaps.net\/fr\/cartes-imprimables-gratuites\/","title":{"rendered":"Cartes imprimables gratuites pour les organisations \u00e0 but non lucratif"},"content":{"rendered":"\n<p><p>Printmaps.net propose des cartes imprimables gratuites pour une circulation illimit\u00e9e (d&rsquo;une valeur d&rsquo;environ 350 \u20ac). Veuillez <a href=\"https:\/\/printmaps.net\/fr\/\">tester l&rsquo;\u00e9diteur de Printmaps<\/a> avant de postuler, pour voir s&rsquo;il r\u00e9pond \u00e0 vos besoins.<\/p><\/p>\n\n<div style=\"height:60px\" aria-hidden=\"true\" class=\"wp-block-spacer\"><\/div>\n\n<div class=\"wp-block-group\"><div class=\"wp-block-group__inner-container is-layout-constrained wp-block-group-is-layout-constrained\">\n<div style=\"height:120px\" aria-hidden=\"true\" class=\"wp-block-spacer\"><\/div>\n\n\n\n<h2 class=\"wp-block-heading has-large-font-size\">Comment savoir si vous \u00eates \u00e9ligible ?<\/h2>\n\n\n\n<p>Votre organisation doit avoir un statut d&rsquo;organisme de bienfaisance valide aupr\u00e8s d&rsquo;un service fiscal local ou d&rsquo;une commission de bienfaisance.<\/p>\n\n\n\n<p>En outre, votre organisation doit r\u00e9pondre aux crit\u00e8res suivants :<\/p>\n\n\n\n<ul class=\"wp-block-list\">\n<li>ne pas \u00eatre une organisation d&rsquo;activit\u00e9 l\u00e9gislative ou politique<\/li>\n\n\n\n<li>ne pas \u00eatre une \u00e9glise, une association d&rsquo;\u00e9glises ou une autre organisation religieuse ou \u00e9vang\u00e9lique<\/li>\n\n\n\n<li>ne pas \u00eatre une organisation qui tente d&rsquo;influencer l&rsquo;opinion publique<\/li>\n\n\n\n<li>elle n&rsquo;est pas une fondation priv\u00e9e, ind\u00e9pendante ou op\u00e9rationnelle qui octroie des subventions<\/li>\n\n\n\n<li>ne fait pas de discrimination fond\u00e9e sur le sexe, la race, l&rsquo;appartenance ethnique, l&rsquo;origine nationale, la religion, l&rsquo;affiliation ou les convictions politiques, l&rsquo;orientation sexuelle ou l&rsquo;identit\u00e9 ou l&rsquo;expression de genre.<\/li>\n<\/ul>\n\n\n\n<h3 class=\"wp-block-heading has-medium-font-size\">Comment poser sa candidature<\/h3>\n\n\n\n<p><p>Soumettez votre demande via un <a href=\"https:\/\/support.printmaps.net\/fr\/support\/tickets\/new\">ticket sur notre plateforme de support<\/a>. Veuillez indiquer le nom l\u00e9gal de votre organisation, son emplacement, son site web et une br\u00e8ve description du produit imprim\u00e9 pour lequel vous aurez besoin de la carte imprimable gratuite.<\/p><\/p>\n\n\n\n<div style=\"height:120px\" aria-hidden=\"true\" class=\"wp-block-spacer\"><\/div>\n<\/div><\/div>\n\n<div style=\"height:20px\" aria-hidden=\"true\" class=\"wp-block-spacer\"><\/div>\n\n<div class=\"wp-block-group\"><div class=\"wp-block-group__inner-container is-layout-constrained wp-block-group-is-layout-constrained\">\n<h2 class=\"wp-block-heading has-text-align-center has-large-font-size\" style=\"font-style:normal;font-weight:700\">Essayez Printmaps<\/h2>\n\n\n\n<p class=\"has-text-align-center has-medium-font-size\">Notre\u00a0\u00e9diteur de cartes vous permet de cr\u00e9er des cartes imprimables dans le monde entier en un rien de temps.<\/p>\n\n\n\n<div style=\"height:15px\" aria-hidden=\"true\" class=\"wp-block-spacer\"><\/div>\n\n\n\n<div class=\"wp-block-buttons is-content-justification-center is-layout-flex wp-container-core-buttons-is-layout-16018d1d wp-block-buttons-is-layout-flex\">\n<div class=\"wp-block-button has-custom-font-size\" style=\"font-size:18px\"><a class=\"wp-block-button__link has-background wp-element-button\" href=\"https:\/\/www.printmaps.net\/fr\/\" style=\"border-radius:10px;background-color:#e5017e\"><strong>Cr\u00e9ez votre premi\u00e8re carte maintenant<\/strong><\/a><\/div>\n<\/div>\n<\/div><\/div>\n\n<div style=\"height:150px\" aria-hidden=\"true\" class=\"wp-block-spacer\"><\/div>\n\n<p><\/p>\n","protected":false},"excerpt":{"rendered":"<p>Printmaps.net propose des cartes imprimables gratuites pour une circulation illimit\u00e9e (d&rsquo;une valeur d&rsquo;environ 350 \u20ac). Veuillez tester l&rsquo;\u00e9diteur de Printmaps avant de postuler, pour voir s&rsquo;il r\u00e9pond \u00e0 vos besoins.<\/p>\n","protected":false},"author":23,"featured_media":0,"parent":0,"menu_order":0,"comment_status":"closed","ping_status":"closed","template":"","meta":{"_et_pb_use_builder":"off","_et_pb_old_content":"","_et_gb_content_width":"","footnotes":""},"class_list":["post-164161","page","type-page","status-publish","hentry"],"_links":{"self":[{"href":"https:\/\/www.printmaps.net\/fr\/wp-json\/wp\/v2\/pages\/164161","targetHints":{"allow":["GET"]}}],"collection":[{"href":"https:\/\/www.printmaps.net\/fr\/wp-json\/wp\/v2\/pages"}],"about":[{"href":"https:\/\/www.printmaps.net\/fr\/wp-json\/wp\/v2\/types\/page"}],"author":[{"embeddable":true,"href":"https:\/\/www.printmaps.net\/fr\/wp-json\/wp\/v2\/users\/23"}],"replies":[{"embeddable":true,"href":"https:\/\/www.printmaps.net\/fr\/wp-json\/wp\/v2\/comments?post=164161"}],"version-history":[{"count":3,"href":"https:\/\/www.printmaps.net\/fr\/wp-json\/wp\/v2\/pages\/164161\/revisions"}],"predecessor-version":[{"id":167277,"href":"https:\/\/www.printmaps.net\/fr\/wp-json\/wp\/v2\/pages\/164161\/revisions\/167277"}],"wp:attachment":[{"href":"https:\/\/www.printmaps.net\/fr\/wp-json\/wp\/v2\/media?parent=164161"}],"curies":[{"name":"wp","href":"https:\/\/api.w.org\/{rel}","templated":true}]}}