{"id":164173,"date":"2024-02-20T16:24:24","date_gmt":"2024-02-20T15:24:24","guid":{"rendered":"https:\/\/www.printmaps.net\/imprimer-les-circuits-komoot\/"},"modified":"2024-07-10T12:26:53","modified_gmt":"2024-07-10T11:26:53","slug":"imprimer-les-circuits-komoot","status":"publish","type":"page","link":"https:\/\/www.printmaps.net\/fr\/imprimer-les-circuits-komoot\/","title":{"rendered":"Comment les utilisateurs de Komoot impriment des circuits avec Printmaps pour informer leurs invit\u00e9s, lecteurs ou clients"},"content":{"rendered":"\n<hr class=\"wp-block-separator has-css-opacity\"\/>\n\n<div style=\"height:29px\" aria-hidden=\"true\" class=\"wp-block-spacer\"><\/div>\n\n<p>Gr\u00e2ce \u00e0 l&rsquo;int\u00e9gration de Komoot dans l&rsquo;\u00e9diteur de Printmaps, les h\u00f4tels, les destinations touristiques et les \u00e9diteurs peuvent facilement imprimer leurs circuits Komoot en 300 dpi. Une impression de haute qualit\u00e9 pour les brochures et les d\u00e9pliants d&rsquo;information. Les invit\u00e9s, les lecteurs et les clients pourront donc, en plus de la version imprim\u00e9e, trouver imm\u00e9diatement l&rsquo;itin\u00e9raire sur leur smartphone lors de leurs d\u00e9placements.<\/p>\n\n<p><\/p>\n\n<p>Connectez-vous avec votre profil Komoot directement dans l&rsquo;\u00e9diteur. Appuyez sur le bouton avec des points et choisissez Komoot. Le grand avantage du partenariat entre Printmaps.net et Komoot est que les invit\u00e9s, les lecteurs et les clients peuvent utiliser les circuits non seulement en version imprim\u00e9e, mais \u00e9galement directement dans l&rsquo;application Komoot leader.<\/p>\n\n<p><\/p>\n\n<div class=\"wp-block-buttons is-content-justification-center is-layout-flex wp-container-core-buttons-is-layout-16018d1d wp-block-buttons-is-layout-flex\">\n<div class=\"wp-block-button has-custom-font-size\" style=\"font-size:18px\"><a class=\"wp-block-button__link has-background wp-element-button\" href=\"https:\/\/www.printmaps.net\/fr\/\" style=\"border-radius:10px;background-color:#e5017e\"><p><strong>Commencez \u00e0 cartographier d\u00e8s maintenant, sans inscription<\/strong><\/p><\/a><\/div>\n<\/div>\n\n<div style=\"height:34px\" aria-hidden=\"true\" class=\"wp-block-spacer\"><\/div>\n\n<hr class=\"wp-block-separator has-css-opacity\"\/>\n\n<div style=\"height:35px\" aria-hidden=\"true\" class=\"wp-block-spacer\"><\/div>\n\n<div class=\"wp-block-columns is-layout-flex wp-container-core-columns-is-layout-9d6595d7 wp-block-columns-is-layout-flex\">\n<div class=\"wp-block-column is-layout-flow wp-block-column-is-layout-flow\">\n<figure class=\"wp-block-image\"><img fetchpriority=\"high\" fetchpriority=\"high\" decoding=\"async\" width=\"875\" height=\"618\" src=\"https:\/\/www.printmaps.net\/wp-content\/uploads\/2021\/03\/print-komoot-route.png\" alt=\"\" class=\"wp-image-81054\" srcset=\"https:\/\/www.printmaps.net\/wp-content\/uploads\/2021\/03\/print-komoot-route.png 875w, https:\/\/www.printmaps.net\/wp-content\/uploads\/2021\/03\/print-komoot-route-480x339.png 480w\" sizes=\"(min-width: 0px) and (max-width: 480px) 480px, (min-width: 481px) 875px, 100vw\" \/><\/figure><\/div>\n\n\n\n<div class=\"wp-block-column is-layout-flow wp-block-column-is-layout-flow\">\n<p><p>Par exemple, le <a href=\"https:\/\/alexandersonderegger.wixsite.com\/tourenspuren\/alle-touren\" target=\"_blank\" rel=\"noreferrer noopener\">v\u00e9t\u00e9tiste \u00e9lectrique Alexander Sonderegger<\/a> pr\u00e9sente chaque circuit avec une carte, un profil d&rsquo;\u00e9l\u00e9vation et les caract\u00e9ristiques de l&rsquo;itin\u00e9raire. Cela est fourni avec un code QR et un lien vers le circuit. De cette mani\u00e8re, le lecteur peut utiliser les informations sur le circuit directement depuis son smartphone, utiliser Komoot pour la navigation, ou imprimer le circuit avec des instructions pas \u00e0 pas pour les d\u00e9placements.<\/p><\/p>\n<\/div>\n<\/div>\n\n<div style=\"height:30px\" aria-hidden=\"true\" class=\"wp-block-spacer\"><\/div>\n\n<div class=\"wp-block-columns is-layout-flex wp-container-core-columns-is-layout-9d6595d7 wp-block-columns-is-layout-flex\">\n<div class=\"wp-block-column is-layout-flow wp-block-column-is-layout-flow\">\n<h2 class=\"wp-block-heading\">Comment imprimer les circuits Komoot<\/h2>\n\n\n\n<p>Dans le planificateur d&rsquo;itin\u00e9raires Komoot, les trajets sont cr\u00e9\u00e9s en quelques clics et int\u00e9gr\u00e9s directement dans l&rsquo;\u00e9diteur Printmaps. Pour cr\u00e9er des cartes pour l&rsquo;impression professionnelle en 300 dpi, connectez Printmaps.net avec Komoot. Ouvrez Printmaps.net, faites d\u00e9filer jusqu&rsquo;\u00e0 l&rsquo;\u00e9diteur, s\u00e9lectionnez la taille d&rsquo;impression, la zone \u00e0 afficher sur la carte, le niveau de zoom, la rotation et l&rsquo;inclinaison. Une fois cela fait, s\u00e9lectionnez votre style de carte et rendez-vous dans l&rsquo;onglet \u00ab\u00a0Ajouter du contenu\u00a0\u00bb pour trouver l&rsquo;option sur le c\u00f4t\u00e9 droit de votre \u00e9cran pour \u00ab\u00a0Importer une visite Komoot\u00a0\u00bb. Ici, vous pouvez vous connecter \u00e0 Komoot. Autorisez Printmaps \u00e0 acc\u00e9der \u00e0 Komoot et acc\u00e9dez aux visites de votre compte Komoot.<\/p>\n\n\n\n<p><\/p>\n<\/div>\n\n\n\n<div class=\"wp-block-column is-layout-flow wp-block-column-is-layout-flow\">\n<figure class=\"wp-block-image size-full\"><img decoding=\"async\" width=\"421\" height=\"235\" src=\"https:\/\/www.printmaps.net\/wp-content\/uploads\/2024\/03\/image.png\" alt=\"\" class=\"wp-image-165413\" srcset=\"https:\/\/www.printmaps.net\/wp-content\/uploads\/2024\/03\/image.png 421w, https:\/\/www.printmaps.net\/wp-content\/uploads\/2024\/03\/image-300x167.png 300w\" sizes=\"(max-width: 421px) 100vw, 421px\" \/><\/figure>\n\n\n<div class=\"wp-block-columns is-layout-flex wp-container-core-columns-is-layout-9d6595d7 wp-block-columns-is-layout-flex\">\n<div class=\"wp-block-column is-layout-flow wp-block-column-is-layout-flow\"><\/div>\n<\/div>\n<\/div>\n<\/div>\n\n<div class=\"wp-block-columns is-layout-flex wp-container-core-columns-is-layout-9d6595d7 wp-block-columns-is-layout-flex\">\n<div class=\"wp-block-column is-layout-flow wp-block-column-is-layout-flow\">\n<figure class=\"wp-block-image size-large\"><img decoding=\"async\" width=\"699\" height=\"425\" src=\"https:\/\/www.printmaps.net\/wp-content\/uploads\/2021\/03\/printmaps-and-komoot.png\" alt=\"imprimer les circuits\" class=\"wp-image-81059\" srcset=\"https:\/\/www.printmaps.net\/wp-content\/uploads\/2021\/03\/printmaps-and-komoot.png 699w, https:\/\/www.printmaps.net\/wp-content\/uploads\/2021\/03\/printmaps-and-komoot-480x292.png 480w\" sizes=\"(min-width: 0px) and (max-width: 480px) 480px, (min-width: 481px) 699px, 100vw\" \/><\/figure><\/div>\n\n\n\n<div class=\"wp-block-column is-layout-flow wp-block-column-is-layout-flow\">\n<p>Une ou plusieurs visites peuvent d\u00e9sormais \u00eatre s\u00e9lectionn\u00e9es. Une fois s\u00e9lectionn\u00e9es, celles-ci sont affich\u00e9es directement sur la carte. Pour ajouter plus de visites \u00e0 partir du compte Komoot, il suffit de cliquer \u00e0 nouveau sur le logo de Komoot. Chaque nouvelle visite enregistr\u00e9e dans le profil Komoot appara\u00eet directement dans la liste et peut \u00eatre ajout\u00e9e \u00e0 la carte.<\/p>\n\n\n\n<p><\/p>\n\n\n\n<p>La carte finale avec les itin\u00e9raires peut \u00eatre adapt\u00e9e de diff\u00e9rentes mani\u00e8res. Ajustez le style de la carte, changez la couleur de l&rsquo;itin\u00e9raire, ajoutez des points d&rsquo;int\u00e9r\u00eat dans l&rsquo;\u00e9diteur. Jetez un \u0153il \u00e0 l&rsquo;aper\u00e7u, puis achetez la carte directement en ligne.<\/p>\n<\/div>\n<\/div>\n\n<p><\/p>\n\n<div style=\"height:33px\" aria-hidden=\"true\" class=\"wp-block-spacer\"><\/div>\n\n<h3 class=\"wp-block-heading\">D&rsquo;autres solutions partenaires, offertes par Komoot et utilis\u00e9es par les h\u00f4tels, les destinations touristiques et autres prestataires de services, les auteurs et les \u00e9diteurs sont :<\/h3>\n\n<div style=\"height:26px\" aria-hidden=\"true\" class=\"wp-block-spacer\"><\/div>\n\n<h4 class=\"wp-block-heading\">1. Planificateur d&rsquo;itin\u00e9raire Komoot (gratuit) : pour cr\u00e9er des itin\u00e9raires pour les clients en quelques clics.<\/h4>\n\n<p><\/p>\n\n<h4 class=\"wp-block-heading\">2. Plugin de site web Komoot (gratuit) : pour int\u00e9grer des circuits et des cartes d&rsquo;aper\u00e7u sur votre propre site web.<\/h4>\n\n<div style=\"height:100px\" aria-hidden=\"true\" class=\"wp-block-spacer\"><\/div>\n\n<hr class=\"wp-block-separator has-css-opacity\"\/>\n\n<p><\/p>\n\n<p><p>Ce billet de blog Medium est \u00e9crit par Markus Hallermann, co-fondateur de Komoot. Lisez-le en allemand ici : <a href=\"https:\/\/medium.com\/komoot\/printmaps-net-by-toursprung-komoot-46f0c752883a\" target=\"_blank\" rel=\"noreferrer noopener\">Printmaps.net von Toursprung &amp; Komoot.<\/a><\/p><\/p>\n\n<div style=\"height:21px\" aria-hidden=\"true\" class=\"wp-block-spacer\"><\/div>\n\n<p><\/p>\n","protected":false},"excerpt":{"rendered":"<p>Gr\u00e2ce \u00e0 l&rsquo;int\u00e9gration de Komoot dans l&rsquo;\u00e9diteur de Printmaps, les h\u00f4tels, les destinations touristiques et les \u00e9diteurs peuvent facilement imprimer leurs circuits Komoot en 300 dpi. Une impression de haute qualit\u00e9 pour les brochures et les d\u00e9pliants d&rsquo;information. Les invit\u00e9s, les lecteurs et les clients pourront donc, en plus de la version imprim\u00e9e, trouver imm\u00e9diatement [&hellip;]<\/p>\n","protected":false},"author":19,"featured_media":0,"parent":0,"menu_order":0,"comment_status":"closed","ping_status":"closed","template":"","meta":{"_et_pb_use_builder":"","_et_pb_old_content":"","_et_gb_content_width":"","footnotes":""},"class_list":["post-164173","page","type-page","status-publish","hentry"],"_links":{"self":[{"href":"https:\/\/www.printmaps.net\/fr\/wp-json\/wp\/v2\/pages\/164173","targetHints":{"allow":["GET"]}}],"collection":[{"href":"https:\/\/www.printmaps.net\/fr\/wp-json\/wp\/v2\/pages"}],"about":[{"href":"https:\/\/www.printmaps.net\/fr\/wp-json\/wp\/v2\/types\/page"}],"author":[{"embeddable":true,"href":"https:\/\/www.printmaps.net\/fr\/wp-json\/wp\/v2\/users\/19"}],"replies":[{"embeddable":true,"href":"https:\/\/www.printmaps.net\/fr\/wp-json\/wp\/v2\/comments?post=164173"}],"version-history":[{"count":8,"href":"https:\/\/www.printmaps.net\/fr\/wp-json\/wp\/v2\/pages\/164173\/revisions"}],"predecessor-version":[{"id":176190,"href":"https:\/\/www.printmaps.net\/fr\/wp-json\/wp\/v2\/pages\/164173\/revisions\/176190"}],"wp:attachment":[{"href":"https:\/\/www.printmaps.net\/fr\/wp-json\/wp\/v2\/media?parent=164173"}],"curies":[{"name":"wp","href":"https:\/\/api.w.org\/{rel}","templated":true}]}}