{"id":164263,"date":"2024-02-21T15:22:47","date_gmt":"2024-02-21T14:22:47","guid":{"rendered":"https:\/\/www.printmaps.net\/imprimer-une-carte-avec-plusieurs-emplacements\/"},"modified":"2024-07-09T17:38:10","modified_gmt":"2024-07-09T16:38:10","slug":"imprimer-une-carte-avec-plusieurs-emplacements","status":"publish","type":"page","link":"https:\/\/www.printmaps.net\/fr\/imprimer-une-carte-avec-plusieurs-emplacements\/","title":{"rendered":"Comment imprimer une carte avec plusieurs emplacements"},"content":{"rendered":"\n<div style=\"height:29px\" aria-hidden=\"true\" class=\"wp-block-spacer\"><\/div>\n\n<div class=\"wp-block-columns is-layout-flex wp-container-core-columns-is-layout-9d6595d7 wp-block-columns-is-layout-flex\">\n<div class=\"wp-block-column is-layout-flow wp-block-column-is-layout-flow\" style=\"flex-basis:66.66%\">\n<figure class=\"wp-block-image size-large\"><img fetchpriority=\"high\" fetchpriority=\"high\" decoding=\"async\" width=\"621\" height=\"438\" src=\"https:\/\/www.printmaps.net\/wp-content\/uploads\/2018\/03\/FreeWebImage-1.png\" alt=\"Imprimer une carte avec plusieurs emplacements\" class=\"wp-image-61156\"\/><\/figure><\/div>\n\n\n\n<div class=\"wp-block-column is-layout-flow wp-block-column-is-layout-flow\" style=\"flex-basis:33.33%\">\n<p>Lorsqu&rsquo;il s&rsquo;agit de cartographier plusieurs emplacements, il y a quelques \u00e9l\u00e9ments \u00e0 prendre en consid\u00e9ration. Tout d&rsquo;abord, comment \u00e9pingler vos emplacements d&rsquo;entreprise, magasins et tout autre point d&rsquo;int\u00e9r\u00eat important aussi rapidement et efficacement que possible \u00e0 leur emplacement exact sur la carte. Deuxi\u00e8mement, comment pr\u00e9server la qualit\u00e9 de la carte afin qu&rsquo;elle puisse \u00eatre imprim\u00e9e en haute r\u00e9solution. Imprimer une carte avec plusieurs emplacements pour votre entreprise peut facilement devenir une t\u00e2che longue et co\u00fbteuse en soi. Surtout si votre entreprise comprend de nombreux magasins physiques, les afficher tous sur une carte prendra du temps, des connaissances et pas mal de patience.<\/p>\n<\/div>\n<\/div>\n\n<div style=\"height:23px\" aria-hidden=\"true\" class=\"wp-block-spacer\"><\/div>\n\n<div class=\"wp-block-buttons is-content-justification-center is-layout-flex wp-container-core-buttons-is-layout-16018d1d wp-block-buttons-is-layout-flex\">\n<div class=\"wp-block-button has-custom-font-size\" style=\"font-size:18px\"><a class=\"wp-block-button__link has-background wp-element-button\" href=\"https:\/\/www.printmaps.net\/fr\/\" style=\"border-radius:10px;background-color:#e5017e\"><p><strong>Commencez \u00e0 cartographier d\u00e8s maintenant, sans inscription<\/strong><\/p><\/a><\/div>\n<\/div>\n\n<div style=\"height:100px\" aria-hidden=\"true\" class=\"wp-block-spacer\"><\/div>\n\n<p><p><strong>Dans cet article, nous expliquerons comment r\u00e9duire drastiquement le temps n\u00e9cessaire pour cr\u00e9er un fichier de carte afin d&rsquo;imprimer une carte avec plusieurs emplacements, tout en vous montrant comment rendre le tout agr\u00e9able \u00e0 regarder.<\/strong><\/p><\/p>\n\n<h3 class=\"wp-block-heading\" id=\"plot-several-locations-at-once\">Tracer plusieurs emplacements simultan\u00e9ment<\/h3>\n\n<p>Vous \u00eates peut-\u00eatre familier avec l&rsquo;id\u00e9e que l&rsquo;achat en gros est toujours une bonne id\u00e9e. Mais saviez-vous que le t\u00e9l\u00e9chargement de vos donn\u00e9es g\u00e9ographiques en vrac peut \u00eatre tout aussi avantageux ?<\/p>\n\n<p>Il arrive souvent que les entreprises n&rsquo;aient pas seulement une ou deux ou peut-\u00eatre trois boutiques physiques. Souvent, il y en a tellement que l&rsquo;id\u00e9e de trouver leurs coordonn\u00e9es afin de les localiser sur une carte pour des besoins d&rsquo;impression ou de pr\u00e9sentation semble \u00eatre la t\u00e2che la plus fastidieuse. C&rsquo;est l\u00e0 que le g\u00e9ocodage en masse intervient.<\/p>\n\n<div class=\"wp-block-columns is-layout-flex wp-container-core-columns-is-layout-9d6595d7 wp-block-columns-is-layout-flex\">\n<div class=\"wp-block-column is-layout-flow wp-block-column-is-layout-flow\" style=\"flex-basis:33.33%\">\n<p><p>En copiant simplement les adresses postales dans un <strong>outil de g\u00e9ocodage en masse<\/strong>, toutes les adresses postales seront converties en leurs coordonn\u00e9es g\u00e9ographiques respectives. Un bon outil de g\u00e9ocodage en masse vous permettra d&rsquo;utiliser les informations copi\u00e9es et coll\u00e9es \u00e0 partir d&rsquo;une base de donn\u00e9es ou d&rsquo;un tableur tel que Excel de Microsoft ou Calc de LibreOffice et fera tout le travail lourd pour vous. Le r\u00e9sultat sera tous vos points d&rsquo;int\u00e9r\u00eat (POI) situ\u00e9s sur la carte en quelques minutes.<\/p><\/p>\n<\/div>\n\n\n\n<div class=\"wp-block-column is-layout-flow wp-block-column-is-layout-flow\" style=\"flex-basis:66.66%\">\n<figure class=\"wp-block-image size-large\"><img decoding=\"async\" width=\"621\" height=\"438\" src=\"https:\/\/www.printmaps.net\/wp-content\/uploads\/2018\/03\/FreeWebImage-3.png\" alt=\"Imprimer une carte avec plusieurs emplacements\" class=\"wp-image-61158\"\/><\/figure><\/div>\n<\/div>\n\n<div style=\"height:38px\" aria-hidden=\"true\" class=\"wp-block-spacer\"><\/div>\n\n<h3 class=\"wp-block-heading\" id=\"easily-pin-multiple-locations-on-the-print-map\"><p>\u00c9pinglez facilement plusieurs emplacements sur la carte imprim\u00e9e.<\/p><\/h3>\n\n<p><p>Outre les nombreuses autres fonctionnalit\u00e9s offertes par Printmaps, nous disposons \u00e9galement d&rsquo;un g\u00e9ocodeur int\u00e9gr\u00e9 qui vous permet de t\u00e9l\u00e9charger en lot et de convertir vos adresses en leurs coordonn\u00e9es respectives. C&rsquo;est vraiment aussi simple que de copier-coller des donn\u00e9es \u00e0 partir d&rsquo;une feuille de calcul ou d&rsquo;une colonne de base de donn\u00e9es. Il vous suffit de cliquer sur ce bouton dans l&rsquo;\u00e9diteur : <img decoding=\"async\" src=\"https:\/\/www.printmaps.net\/wp-content\/uploads\/2018\/03\/poibutton.png\" alt=\"\" width=\"58\" height=\"51\"\/>et vous aurez une vue famili\u00e8re juste devant vous. Tout ce que vous avez \u00e0 faire, c&rsquo;est de coller votre contenu dans les champs respectifs, et Printmaps fera le reste. Il vous suffit de copier et coller si vous souhaitez <span style=\"text-decoration: underline;\">cartographier plusieurs emplacements \u00e0 partir d&rsquo;Excel<\/span>.<\/p><\/p>\n\n<div style=\"height:43px\" aria-hidden=\"true\" class=\"wp-block-spacer\"><\/div>\n\n<figure class=\"wp-block-image size-large\"><img loading=\"lazy\" loading=\"lazy\" decoding=\"async\" width=\"1024\" height=\"517\" src=\"https:\/\/www.printmaps.net\/wp-content\/uploads\/2019\/09\/printable-map-batch-geocode-addresses-excel-1024x517.gif\" alt=\"\" class=\"wp-image-37457\" srcset=\"https:\/\/www.printmaps.net\/wp-content\/uploads\/2019\/09\/printable-map-batch-geocode-addresses-excel-1024x517.gif 1024w, https:\/\/www.printmaps.net\/wp-content\/uploads\/2019\/09\/printable-map-batch-geocode-addresses-excel-980x495.gif 980w, https:\/\/www.printmaps.net\/wp-content\/uploads\/2019\/09\/printable-map-batch-geocode-addresses-excel-480x242.gif 480w\" sizes=\"auto, (min-width: 0px) and (max-width: 480px) 480px, (min-width: 481px) and (max-width: 980px) 980px, (min-width: 981px) 1024px, 100vw\" \/><\/figure>\n<div style=\"height:20px\" aria-hidden=\"true\" class=\"wp-block-spacer\"><\/div>\n\n<p>Une fois que notre moteur de g\u00e9ocodage a converti les adresses en leurs coordonn\u00e9es respectives, vous pouvez ensuite modifier le type de marqueur, la couleur, l&rsquo;ic\u00f4ne ou leur taille. Tous les POI seront enregistr\u00e9s dans une couche s\u00e9par\u00e9e, donc une fois que vous avez t\u00e9l\u00e9charg\u00e9 votre carte au format Photoshop, vous pouvez l&rsquo;ouvrir et peaufiner le positionnement de vos POI.<\/p>\n\n<div style=\"height:20px\" aria-hidden=\"true\" class=\"wp-block-spacer\"><\/div>\n\n<h3 class=\"wp-block-heading\" id=\"add-custom-pins-to-your-multiple-locations-map\">Ajoutez des \u00e9pingles personnalis\u00e9es \u00e0 votre carte de plusieurs emplacements<\/h3>\n\n<p><p>Si vous souhaitez imprimer une carte avec plusieurs emplacements, vous souhaiterez peut-\u00eatre \u00e9pingler ces emplacements avec des \u00e9pingles affichant le logo de votre entreprise. Dans l&rsquo;\u00e9diteur, vous avez la possibilit\u00e9 de <a href=\"https:\/\/www.printmaps.net\/fr\/?page_id=164146\">t\u00e9l\u00e9charger vos propres \u00e9pingles personnalis\u00e9es<\/a> et de les \u00e9pingler imm\u00e9diatement sur votre carte. Vous pouvez \u00e9galement d\u00e9cider d&rsquo;ajouter vos \u00e9pingles personnalis\u00e9es ult\u00e9rieurement lorsque vous \u00e9ditez dans Photoshop ou Illustrator.<\/p><\/p>\n\n<h2 class=\"wp-block-heading\" id=\"but-wait-there-s-more\">Mais attendez, il y a plus<\/h2>\n\n<p><p>Outre la possibilit\u00e9 de positionner autant de POI que vous le souhaitez, Printmaps offre une large gamme d&rsquo;outils pour faciliter votre vie. Disons que vous voulez dessiner une bordure autour du pays ou de la zone municipale que vous souhaitez mettre en \u00e9vidence ? C&rsquo;est l\u00e0 que l&rsquo;outil de formes Printmaps intervient. Cliquez sur ce bouton <img loading=\"lazy\" loading=\"lazy\" decoding=\"async\" src=\"https:\/\/www.printmaps.net\/wp-content\/uploads\/2018\/03\/shapesButton.png\" alt=\"\" width=\"57\" height=\"50\"\/> et recherchez simplement ce que vous cherchez.<\/p><\/p>\n\n<figure class=\"wp-block-image size-large\"><img loading=\"lazy\" loading=\"lazy\" decoding=\"async\" width=\"529\" height=\"417\" src=\"https:\/\/www.printmaps.net\/wp-content\/uploads\/2019\/07\/printable-map-draw-geographic-shape-administrative-1.gif\" alt=\"S&#xE9;lectionnez des formes g&#xE9;ographiques\/administratives.\" class=\"wp-image-37476\"\/><\/figure>\n<div style=\"height:61px\" aria-hidden=\"true\" class=\"wp-block-spacer\"><\/div>\n\n<div class=\"wp-block-columns is-layout-flex wp-container-core-columns-is-layout-9d6595d7 wp-block-columns-is-layout-flex\">\n<div class=\"wp-block-column is-layout-flow wp-block-column-is-layout-flow\" style=\"flex-basis:33.33%\">\n<p>L&rsquo;utilisation de formes aidera non seulement \u00e0 guider le regard du spectateur vers la zone que vous souhaitez mettre en valeur, mais \u00e9liminera \u00e9galement les zones que vous ne voulez pas voir sur votre carte, quelles que soient vos raisons.<\/p>\n<\/div>\n\n\n\n<div class=\"wp-block-column is-layout-flow wp-block-column-is-layout-flow\" style=\"flex-basis:66.66%\">\n<figure class=\"wp-block-image size-large\"><img loading=\"lazy\" loading=\"lazy\" decoding=\"async\" width=\"621\" height=\"438\" src=\"https:\/\/www.printmaps.net\/wp-content\/uploads\/2018\/03\/FreeWebImage-4.png\" alt=\"Imprimer une carte avec plusieurs emplacements\" class=\"wp-image-61152\"\/><\/figure>\n\n\n<p><\/p>\n<\/div>\n<\/div>\n\n<div style=\"height:27px\" aria-hidden=\"true\" class=\"wp-block-spacer\"><\/div>\n\n<div class=\"wp-block-columns is-layout-flex wp-container-core-columns-is-layout-9d6595d7 wp-block-columns-is-layout-flex\">\n<div class=\"wp-block-column is-layout-flow wp-block-column-is-layout-flow\" style=\"flex-basis:66.66%\">\n<figure class=\"wp-block-image size-large\"><img loading=\"lazy\" loading=\"lazy\" decoding=\"async\" width=\"621\" height=\"438\" src=\"https:\/\/www.printmaps.net\/wp-content\/uploads\/2018\/03\/FreeWebImage-5.png\" alt=\"Imprimer une carte avec plusieurs emplacements\" class=\"wp-image-28654\"\/><\/figure><\/div>\n\n\n\n<div class=\"wp-block-column is-layout-flow wp-block-column-is-layout-flow\" style=\"flex-basis:33.33%\">\n<p>Un autre outil de dessin important et utile est l&rsquo;\u00e9diteur de trajets. Avez-vous un itin\u00e9raire entre des lieux que vous souhaitez afficher sur la carte ? Vous pouvez simplement le dessiner ou, si vous le poss\u00e9dez sous forme de fichier GPX, il vous suffit de le t\u00e9l\u00e9charger et il sera ajout\u00e9 \u00e0 votre carte. Et oui, bien s\u00fbr, vous pouvez dessiner plus d&rsquo;un itin\u00e9raire sur votre carte.<\/p>\n<\/div>\n<\/div>\n\n<div style=\"height:61px\" aria-hidden=\"true\" class=\"wp-block-spacer\"><\/div>\n\n<div class=\"wp-block-group\"><div class=\"wp-block-group__inner-container is-layout-constrained wp-block-group-is-layout-constrained\">\n<h2 class=\"wp-block-heading has-text-align-center has-large-font-size\" style=\"font-style:normal;font-weight:700\">Essayez Printmaps<\/h2>\n\n\n\n<p class=\"has-text-align-center has-medium-font-size\">Notre\u00a0\u00e9diteur de cartes vous permet de cr\u00e9er des cartes imprimables dans le monde entier en un rien de temps.<\/p>\n\n\n\n<div style=\"height:15px\" aria-hidden=\"true\" class=\"wp-block-spacer\"><\/div>\n\n\n\n<div class=\"wp-block-buttons is-content-justification-center is-layout-flex wp-container-core-buttons-is-layout-16018d1d wp-block-buttons-is-layout-flex\">\n<div class=\"wp-block-button has-custom-font-size\" style=\"font-size:18px\"><a class=\"wp-block-button__link has-background wp-element-button\" href=\"https:\/\/www.printmaps.net\/fr\/\" style=\"border-radius:10px;background-color:#e5017e\"><strong>Cr\u00e9ez votre premi\u00e8re carte maintenant<\/strong><\/a><\/div>\n<\/div>\n<\/div><\/div>\n\n<div style=\"height:150px\" aria-hidden=\"true\" class=\"wp-block-spacer\"><\/div>\n","protected":false},"excerpt":{"rendered":"<p>Lorsqu&rsquo;il s&rsquo;agit de cartographier plusieurs emplacements, il y a quelques \u00e9l\u00e9ments \u00e0 prendre en consid\u00e9ration. Tout d&rsquo;abord, comment \u00e9pingler vos emplacements d&rsquo;entreprise, magasins et tout autre point d&rsquo;int\u00e9r\u00eat important aussi rapidement et efficacement que possible \u00e0 leur emplacement exact sur la carte. Deuxi\u00e8mement, comment pr\u00e9server la qualit\u00e9 de la carte afin qu&rsquo;elle puisse \u00eatre imprim\u00e9e [&hellip;]<\/p>\n","protected":false},"author":19,"featured_media":0,"parent":0,"menu_order":0,"comment_status":"closed","ping_status":"closed","template":"","meta":{"_et_pb_use_builder":"off","_et_pb_old_content":"","_et_gb_content_width":"","footnotes":""},"class_list":["post-164263","page","type-page","status-publish","hentry"],"_links":{"self":[{"href":"https:\/\/www.printmaps.net\/fr\/wp-json\/wp\/v2\/pages\/164263","targetHints":{"allow":["GET"]}}],"collection":[{"href":"https:\/\/www.printmaps.net\/fr\/wp-json\/wp\/v2\/pages"}],"about":[{"href":"https:\/\/www.printmaps.net\/fr\/wp-json\/wp\/v2\/types\/page"}],"author":[{"embeddable":true,"href":"https:\/\/www.printmaps.net\/fr\/wp-json\/wp\/v2\/users\/19"}],"replies":[{"embeddable":true,"href":"https:\/\/www.printmaps.net\/fr\/wp-json\/wp\/v2\/comments?post=164263"}],"version-history":[{"count":7,"href":"https:\/\/www.printmaps.net\/fr\/wp-json\/wp\/v2\/pages\/164263\/revisions"}],"predecessor-version":[{"id":176137,"href":"https:\/\/www.printmaps.net\/fr\/wp-json\/wp\/v2\/pages\/164263\/revisions\/176137"}],"wp:attachment":[{"href":"https:\/\/www.printmaps.net\/fr\/wp-json\/wp\/v2\/media?parent=164263"}],"curies":[{"name":"wp","href":"https:\/\/api.w.org\/{rel}","templated":true}]}}