{"id":164267,"date":"2024-02-21T15:29:55","date_gmt":"2024-02-21T14:29:55","guid":{"rendered":"https:\/\/www.printmaps.net\/impressum\/"},"modified":"2024-03-08T16:43:19","modified_gmt":"2024-03-08T15:43:19","slug":"impressum","status":"publish","type":"page","link":"https:\/\/www.printmaps.net\/fr\/impressum\/","title":{"rendered":"Impressum &#8211; Informations l\u00e9gales"},"content":{"rendered":"\n<p>Responsable de ce site web :<\/p>\n\n\n\n<p><strong>Toursprung GmbH<\/strong><br>Mariahilfer Strasse 93\/20<br>1060 Vienna<br>Austria<\/p>\n\n\n\n<p><p>Registre des soci\u00e9t\u00e9s : FN 432876 h (Handelsgericht Wien)<br\/>Directeur g\u00e9n\u00e9ral : Helge Fahrnberger<\/p><\/p>\n\n\n\n<figure class=\"wp-block-image size-large is-resized\"><a href=\"https:\/\/www.maptoolkit.com\/\"><img fetchpriority=\"high\" fetchpriority=\"high\" decoding=\"async\" src=\"https:\/\/www.printmaps.net\/wp-content\/uploads\/2023\/03\/maptollkit-logo-dark-transparent-1024x422.png\" alt=\"Logo Maptoolkit\" class=\"wp-image-140762\" width=\"512\" height=\"211\"\/><\/a><\/figure>\n\n\n\n<p><p><strong>Bureau Allemagne :<\/strong><\/p><\/p>\n\n\n\n<p>Toursprung GmbH<br>Fritz-Arnold-Str. 16<br>78467 Konstanz<br>Germany<br><br>Company Registry: HRB703095 (Handelsregister Freiburg)<br><\/p>\n\n\n\n<p><strong>Bureau Autriche :<\/strong><\/p>\n\n\n\n<p><p>Toursprung GmbH<br\/>Mariahilfer Stra\u00dfe 93\/20<br\/>1060 Wien<br\/>Austria<br\/><br\/>Registre des soci\u00e9t\u00e9s : FN 432876 h (Handelsgericht Wien)<\/p><\/p>\n\n\n\n<div style=\"height:100px\" aria-hidden=\"true\" class=\"wp-block-spacer\"><\/div>\n","protected":false},"excerpt":{"rendered":"<p>Responsable de ce site web : Toursprung GmbHMariahilfer Strasse 93\/201060 ViennaAustria Registre des soci\u00e9t\u00e9s : FN 432876 h (Handelsgericht Wien)Directeur g\u00e9n\u00e9ral : Helge Fahrnberger Bureau Allemagne : Toursprung GmbHFritz-Arnold-Str. 1678467 KonstanzGermany Company Registry: HRB703095 (Handelsregister Freiburg) Bureau Autriche : Toursprung GmbHMariahilfer Stra\u00dfe 93\/201060 WienAustria Registre des soci\u00e9t\u00e9s : FN 432876 h (Handelsgericht Wien)<\/p>\n","protected":false},"author":5,"featured_media":0,"parent":0,"menu_order":0,"comment_status":"closed","ping_status":"closed","template":"","meta":{"_et_pb_use_builder":"","_et_pb_old_content":"","_et_gb_content_width":"","footnotes":""},"class_list":["post-164267","page","type-page","status-publish","hentry"],"_links":{"self":[{"href":"https:\/\/www.printmaps.net\/fr\/wp-json\/wp\/v2\/pages\/164267","targetHints":{"allow":["GET"]}}],"collection":[{"href":"https:\/\/www.printmaps.net\/fr\/wp-json\/wp\/v2\/pages"}],"about":[{"href":"https:\/\/www.printmaps.net\/fr\/wp-json\/wp\/v2\/types\/page"}],"author":[{"embeddable":true,"href":"https:\/\/www.printmaps.net\/fr\/wp-json\/wp\/v2\/users\/5"}],"replies":[{"embeddable":true,"href":"https:\/\/www.printmaps.net\/fr\/wp-json\/wp\/v2\/comments?post=164267"}],"version-history":[{"count":2,"href":"https:\/\/www.printmaps.net\/fr\/wp-json\/wp\/v2\/pages\/164267\/revisions"}],"predecessor-version":[{"id":164325,"href":"https:\/\/www.printmaps.net\/fr\/wp-json\/wp\/v2\/pages\/164267\/revisions\/164325"}],"wp:attachment":[{"href":"https:\/\/www.printmaps.net\/fr\/wp-json\/wp\/v2\/media?parent=164267"}],"curies":[{"name":"wp","href":"https:\/\/api.w.org\/{rel}","templated":true}]}}