{"id":164273,"date":"2024-02-21T15:41:48","date_gmt":"2024-02-21T14:41:48","guid":{"rendered":"https:\/\/www.printmaps.net\/tarification\/"},"modified":"2025-10-24T09:29:47","modified_gmt":"2025-10-24T08:29:47","slug":"tarification","status":"publish","type":"page","link":"https:\/\/www.printmaps.net\/fr\/tarification\/","title":{"rendered":"Nos prix"},"content":{"rendered":"<div id=\"tsprintmaps_pricing_table_container\"><\/div>\n<script id=\"tsprintmaps_pricing_table_script\"> \n\t(function () {\n\t\tlet currentLocation = `${location.protocol}\/\/${location.host}${location.pathname}`;\n\t\tjQuery.get(`${currentLocation}?tsprintmaps_get_pricing_table_js=1&`, function(responce) { \n\t\t\tjQuery('#tsprintmaps_pricing_table_container').html(responce); \n\t\t\tdocument.getElementById(\"tsprintmaps_pricing_table_script\").remove();\n\t\t});\n\t})();\n<\/script>\n\n\n<div style=\"height:22px\" aria-hidden=\"true\" class=\"wp-block-spacer\"><\/div>\n\n<figure class=\"wp-block-gallery has-nested-images columns-8 wp-block-gallery-1 is-layout-flex wp-block-gallery-is-layout-flex\">\n<figure class=\"wp-block-image size-large is-style-default\"><img decoding=\"async\" width=\"150\" height=\"30\" data-id=\"220619\" src=\"https:\/\/www.printmaps.net\/wp-content\/uploads\/2025\/10\/visa.svg\" alt=\"VISA\" class=\"wp-image-220619\"\/><\/figure>\n\n\n\n<figure class=\"wp-block-image size-large\"><img decoding=\"async\" width=\"150\" height=\"30\" data-id=\"220620\" src=\"https:\/\/www.printmaps.net\/wp-content\/uploads\/2025\/10\/mastercard.svg\" alt=\"Mastercard\" class=\"wp-image-220620\"\/><\/figure>\n\n\n\n<figure class=\"wp-block-image size-large\"><img decoding=\"async\" width=\"150\" height=\"30\" data-id=\"220623\" src=\"https:\/\/www.printmaps.net\/wp-content\/uploads\/2025\/10\/amex.svg\" alt=\"American Express\" class=\"wp-image-220623\"\/><\/figure>\n\n\n\n<figure class=\"wp-block-image size-large\"><img loading=\"lazy\" loading=\"lazy\" decoding=\"async\" width=\"150\" height=\"30\" data-id=\"220624\" src=\"https:\/\/www.printmaps.net\/wp-content\/uploads\/2025\/10\/applepay.svg\" alt=\"Apple Pay\" class=\"wp-image-220624\"\/><\/figure>\n\n\n\n<figure class=\"wp-block-image size-large\"><img loading=\"lazy\" loading=\"lazy\" decoding=\"async\" width=\"150\" height=\"30\" data-id=\"220625\" src=\"https:\/\/www.printmaps.net\/wp-content\/uploads\/2025\/10\/googlepay.svg\" alt=\"Google Pay\" class=\"wp-image-220625\"\/><\/figure>\n\n\n\n<figure class=\"wp-block-image size-large\"><img loading=\"lazy\" loading=\"lazy\" decoding=\"async\" width=\"150\" height=\"30\" data-id=\"220646\" src=\"https:\/\/www.printmaps.net\/wp-content\/uploads\/2025\/10\/cartesbancaires.svg\" alt=\"\" class=\"wp-image-220646\"\/><\/figure>\n\n\n\n<figure class=\"wp-block-image size-large\"><img loading=\"lazy\" loading=\"lazy\" decoding=\"async\" width=\"150\" height=\"30\" data-id=\"220648\" src=\"https:\/\/www.printmaps.net\/wp-content\/uploads\/2025\/10\/bancontact.svg\" alt=\"\" class=\"wp-image-220648\"\/><\/figure>\n\n\n\n<figure class=\"wp-block-image size-large\"><img loading=\"lazy\" loading=\"lazy\" decoding=\"async\" width=\"150\" height=\"30\" data-id=\"220668\" src=\"https:\/\/www.printmaps.net\/wp-content\/uploads\/2025\/10\/paypal.svg\" alt=\"\" class=\"wp-image-220668\"\/><\/figure>\n<\/figure>\n\n<div style=\"height:31px\" aria-hidden=\"true\" class=\"wp-block-spacer\"><\/div>\n\n<p class=\"has-text-align-center has-small-font-size\">Vous recevrez automatiquement une facture qui fera plaisir \u00e0 votre comptable. Contactez-nous pour conna\u00eetre les options d&rsquo;abonnement.<\/p>\n\n<div style=\"height:55px\" aria-hidden=\"true\" class=\"wp-block-spacer\"><\/div>\n\n<div class=\"wp-block-buttons is-content-justification-center is-layout-flex wp-container-core-buttons-is-layout-16018d1d wp-block-buttons-is-layout-flex\">\n<div class=\"wp-block-button has-custom-font-size\" style=\"font-size:18px\"><a class=\"wp-block-button__link has-background wp-element-button\" href=\"https:\/\/www.printmaps.net\/fr\/\" style=\"border-radius:10px;background-color:#e5017e\"><p><strong>Commencez \u00e0 cartographier d\u00e8s maintenant, sans inscription<\/strong><\/p><\/a><\/div>\n<\/div>\n\n<div style=\"height:23px\" aria-hidden=\"true\" class=\"wp-block-spacer\"><\/div>\n\n<p class=\"has-text-align-center\">Vous pouvez s\u00e9lectionner le type de fichier et la licence lors du paiement.<\/p>\n\n<div style=\"height:55px\" aria-hidden=\"true\" class=\"wp-block-spacer\"><\/div>\n\n<p><strong>Satisfaction garantie \u00e0 100\u202f% <\/strong>: politique de remboursement de 30 jours.<\/p>\n\n<p><p><strong>Paiement <\/strong>: Toutes les principales cartes de cr\u00e9dit, PayPal, Apple Pay, Google Pay, Venmo, et virement bancaire dans certains pays.<\/p><\/p>\n\n<p><p><strong>Options pour les entreprises<\/strong> :\u00a0Veuillez <a href=\"https:\/\/support.printmaps.net\/fr\/support\/tickets\/new\">nous contacter<\/a>\u00a0si vous avez r\u00e9guli\u00e8rement besoin de cartes imprimables. Nous pouvons proposer des <strong>remises sur volume<\/strong> ainsi que l&rsquo;acc\u00e8s \u00e0 <a href=\"https:\/\/www.maptoolkit.com\/api\/printmaps\/\"><strong>l&rsquo;API Printmaps<\/strong><\/a>\u00a0ou la personnalisation pour les revendeurs et les cas d&rsquo;utilisation des entreprises.<\/p><\/p>\n\n<p><p><strong>Plan ONG :<\/strong> Nous proposons des <a href=\"https:\/\/www.printmaps.net\/fr\/cartes-imprimables-gratuites\/\">cartes imprimables gratuites<\/a>\u00a0pour certaines organisations \u00e0 but non lucratif dans les domaines de l&rsquo;aide au d\u00e9veloppement, de la science, de l&rsquo;\u00e9ducation ou de la sant\u00e9.<\/p><\/p>\n\n<div style=\"height:118px\" aria-hidden=\"true\" class=\"wp-block-spacer\"><\/div>\n","protected":false},"excerpt":{"rendered":"<p>Vous recevrez automatiquement une facture qui fera plaisir \u00e0 votre comptable. Contactez-nous pour conna\u00eetre les options d&rsquo;abonnement. Vous pouvez s\u00e9lectionner le type de fichier et la licence lors du paiement. Satisfaction garantie \u00e0 100\u202f% : politique de remboursement de 30 jours. Paiement : Toutes les principales cartes de cr\u00e9dit, PayPal, Apple Pay, Google Pay, Venmo, [&hellip;]<\/p>\n","protected":false},"author":8,"featured_media":0,"parent":0,"menu_order":0,"comment_status":"closed","ping_status":"closed","template":"","meta":{"_et_pb_use_builder":"off","_et_pb_old_content":"","_et_gb_content_width":"","footnotes":""},"class_list":["post-164273","page","type-page","status-publish","hentry"],"_links":{"self":[{"href":"https:\/\/www.printmaps.net\/fr\/wp-json\/wp\/v2\/pages\/164273","targetHints":{"allow":["GET"]}}],"collection":[{"href":"https:\/\/www.printmaps.net\/fr\/wp-json\/wp\/v2\/pages"}],"about":[{"href":"https:\/\/www.printmaps.net\/fr\/wp-json\/wp\/v2\/types\/page"}],"author":[{"embeddable":true,"href":"https:\/\/www.printmaps.net\/fr\/wp-json\/wp\/v2\/users\/8"}],"replies":[{"embeddable":true,"href":"https:\/\/www.printmaps.net\/fr\/wp-json\/wp\/v2\/comments?post=164273"}],"version-history":[{"count":12,"href":"https:\/\/www.printmaps.net\/fr\/wp-json\/wp\/v2\/pages\/164273\/revisions"}],"predecessor-version":[{"id":222053,"href":"https:\/\/www.printmaps.net\/fr\/wp-json\/wp\/v2\/pages\/164273\/revisions\/222053"}],"wp:attachment":[{"href":"https:\/\/www.printmaps.net\/fr\/wp-json\/wp\/v2\/media?parent=164273"}],"curies":[{"name":"wp","href":"https:\/\/api.w.org\/{rel}","templated":true}]}}