{"id":164306,"date":"2024-02-21T18:12:14","date_gmt":"2024-02-21T17:12:14","guid":{"rendered":"https:\/\/www.printmaps.net\/strava-parcours-impressions\/"},"modified":"2024-07-10T12:53:05","modified_gmt":"2024-07-10T11:53:05","slug":"strava-parcours-impressions","status":"publish","type":"page","link":"https:\/\/www.printmaps.net\/fr\/strava-parcours-impressions\/","title":{"rendered":"Impressions de parcours Strava : Imprimez une carte Strava et immortalisez votre itin\u00e9raire \u00e0 v\u00e9lo, votre sentier de randonn\u00e9e ou vos impressions de parcours de marathon."},"content":{"rendered":"\n<p class=\"has-text-align-center\">Cr\u00e9ez facilement vos propres \u0153uvres murales de sentiers de randonn\u00e9e, itin\u00e9raires cyclistes ou impressions de cartes de marathon avec l&rsquo;\u00e9diteur de Printmaps. T\u00e9l\u00e9chargez votre itin\u00e9raire et cr\u00e9ez des impressions personnalis\u00e9es d&rsquo;application de course \u00e0 pied.<\/p>\n\n<hr class=\"wp-block-separator has-css-opacity\"\/>\n\n<div style=\"height:55px\" aria-hidden=\"true\" class=\"wp-block-spacer\"><\/div>\n\n<div class=\"wp-block-columns is-layout-flex wp-container-core-columns-is-layout-9d6595d7 wp-block-columns-is-layout-flex\">\n<div class=\"wp-block-column is-layout-flow wp-block-column-is-layout-flow\">\n<p class=\"has-drop-cap\"><p>Le son de vos pas sur le chemin, l&rsquo;air frais de la for\u00eat dans vos narines, le silence m\u00e9ditatif parfois interrompu par le chant des oiseaux, \u00e0 quel point vos pens\u00e9es s&rsquo;\u00e9vadent-elles vers votre course pr\u00e9f\u00e9r\u00e9e? N&rsquo;est-ce pas juste la pens\u00e9e qui est si satisfaisante? Peut-\u00eatre devrait-on se rappeler et se r\u00e9compenser plus souvent pour l&rsquo;exercice. <strong>Pourquoi ne pas immortaliser vos trajets Strava dans un cadre ou sur le mur?<\/strong> Ajoutez votre meilleur temps, c\u00e9l\u00e9brez votre accomplissement et rappelez-vous-le chez vous. Qui sait, cela pourrait m\u00eame stimuler votre motivation \u00e0 sortir plus souvent!<\/p><\/p>\n\n\n\n<div style=\"height:49px\" aria-hidden=\"true\" class=\"wp-block-spacer\"><\/div>\n\n\n\n<p><p>Alors que d&rsquo;autres aident les clients \u00e0 <a href=\"https:\/\/www.strava.com\/apps\/prints\" target=\"_blank\" rel=\"noreferrer noopener\">donner une autre dimension \u00e0 leurs itin\u00e9raires Strava<\/a> sous toutes sortes de formes cr\u00e9atives, avec Printmaps, vous pouvez le faire vous-m\u00eame ! L&rsquo;\u00e9diteur de Printmaps vous permet de t\u00e9l\u00e9charger des itin\u00e9raires enregistr\u00e9s (KML, GPX, GeoJSON) sur des cartes haute r\u00e9solution, adapt\u00e9es \u00e0 l&rsquo;impression. Choisissez le style de carte de votre application pr\u00e9f\u00e9r\u00e9e et imprimez l&rsquo;itin\u00e9raire exactement tel qu&rsquo;il est affich\u00e9 l\u00e0-bas. Vous souhaitez imprimer votre tour \u00e0 v\u00e9lo en France ? T\u00e9l\u00e9chargez simplement le GPX depuis Bikemap et t\u00e9l\u00e9chargez-le dans l&rsquo;\u00e9diteur de Printmaps. Il en va de m\u00eame pour les impressions de circuits Komoot, ou votre course pr\u00e9f\u00e9r\u00e9e dans le quartier que vous avez enregistr\u00e9e dans Strava. Comme les Printmaps sont en 300 dpi, elles peuvent \u00eatre imprim\u00e9es au format poster et vous ne perdrez aucun d\u00e9tail sur la carte.<\/p><\/p>\n\n\n\n<div style=\"height:16px\" aria-hidden=\"true\" class=\"wp-block-spacer\"><\/div>\n<\/div>\n\n\n\n<div class=\"wp-block-column is-layout-flow wp-block-column-is-layout-flow\">\n<figure class=\"wp-block-image size-large is-resized\"><img fetchpriority=\"high\" fetchpriority=\"high\" decoding=\"async\" width=\"819\" height=\"1024\" src=\"https:\/\/www.printmaps.net\/wp-content\/uploads\/2021\/03\/strava-prints-819x1024.jpg\" alt=\"Impressions de parcours de marathon\" class=\"wp-image-80974\" style=\"width:523px;height:653px\"\/><\/figure>\n\n\n<p><\/p>\n<\/div>\n<\/div>\n\n<div style=\"height:50px\" aria-hidden=\"true\" class=\"wp-block-spacer\"><\/div>\n\n<div class=\"wp-block-group\"><div class=\"wp-block-group__inner-container is-layout-constrained wp-block-group-is-layout-constrained\">\n<h2 class=\"wp-block-heading has-text-align-center has-large-font-size\" style=\"font-style:normal;font-weight:700\">Essayez Printmaps<\/h2>\n\n\n\n<p class=\"has-text-align-center has-medium-font-size\">Notre\u00a0\u00e9diteur de cartes vous permet de cr\u00e9er des cartes imprimables dans le monde entier en un rien de temps.<\/p>\n\n\n\n<div style=\"height:15px\" aria-hidden=\"true\" class=\"wp-block-spacer\"><\/div>\n\n\n\n<div class=\"wp-block-buttons is-content-justification-center is-layout-flex wp-container-core-buttons-is-layout-16018d1d wp-block-buttons-is-layout-flex\">\n<div class=\"wp-block-button has-custom-font-size\" style=\"font-size:18px\"><a class=\"wp-block-button__link has-background wp-element-button\" href=\"https:\/\/www.printmaps.net\/fr\/\" style=\"border-radius:10px;background-color:#e5017e\"><strong>Cr\u00e9ez votre premi\u00e8re carte maintenant<\/strong><\/a><\/div>\n<\/div>\n<\/div><\/div>\n\n<div style=\"height:100px\" aria-hidden=\"true\" class=\"wp-block-spacer\"><\/div>\n\n<h2 class=\"wp-block-heading has-text-align-center\">Cr\u00e9ez votre impression de carte de marathon ou toute autre impression de parcours Strava en 5 \u00e9tapes simples :<\/h2>\n\n<div style=\"height:34px\" aria-hidden=\"true\" class=\"wp-block-spacer\"><\/div>\n\n<hr class=\"wp-block-separator has-css-opacity\"\/>\n\n<div style=\"height:50px\" aria-hidden=\"true\" class=\"wp-block-spacer\"><\/div>\n\n<div class=\"wp-block-columns is-layout-flex wp-container-core-columns-is-layout-9d6595d7 wp-block-columns-is-layout-flex\">\n<div class=\"wp-block-column is-layout-flow wp-block-column-is-layout-flow\">\n<p><\/p>\n\n\n\n<h3 class=\"wp-block-heading\">1. Enregistrez votre parcours ou t\u00e9l\u00e9chargez un parcours enregistr\u00e9 sur votre ordinateur.<\/h3>\n\n\n\n<p><\/p>\n\n\n\n<h3 class=\"wp-block-heading\">2. T\u00e9l\u00e9chargez ce parcours sur la carte dans l&rsquo;\u00e9diteur de Printmaps.<\/h3>\n\n\n\n<p><\/p>\n\n\n\n<h3 class=\"wp-block-heading\">3. Finalisez votre carte dans l&rsquo;\u00e9diteur.<\/h3>\n\n\n\n<p><\/p>\n\n\n\n<h3 class=\"wp-block-heading\">4. Faites imprimer votre carte, \u00e0 plat ou sur toile.<\/h3>\n\n\n\n<p><\/p>\n\n\n\n<h3 class=\"wp-block-heading\">5. Encadrez la carte et accrochez-la au mur.<\/h3>\n<\/div>\n\n\n\n<div class=\"wp-block-column is-layout-flow wp-block-column-is-layout-flow\"><div class=\"wp-block-image\">\n<figure class=\"aligncenter size-large is-resized\"><img decoding=\"async\" width=\"1024\" height=\"683\" src=\"https:\/\/www.printmaps.net\/wp-content\/uploads\/2021\/03\/map-wall-art-1024x683.jpg\" alt=\"strava impressions\" class=\"wp-image-80994\" style=\"width:1094px;height:729px\" srcset=\"https:\/\/www.printmaps.net\/wp-content\/uploads\/2021\/03\/map-wall-art-980x653.jpg 980w, https:\/\/www.printmaps.net\/wp-content\/uploads\/2021\/03\/map-wall-art-480x320.jpg 480w\" sizes=\"(min-width: 0px) and (max-width: 480px) 480px, (min-width: 481px) and (max-width: 980px) 980px, (min-width: 981px) 1024px, 100vw\" \/><\/figure><\/div><\/div>\n<\/div>\n\n<div style=\"height:41px\" aria-hidden=\"true\" class=\"wp-block-spacer\"><\/div>\n\n<hr class=\"wp-block-separator has-css-opacity\"\/>\n\n<div style=\"height:81px\" aria-hidden=\"true\" class=\"wp-block-spacer\"><\/div>\n\n<p><p>Comment t\u00e9l\u00e9charger des fichiers GPX, KML ou GeoJSON sur la carte, par exemple avec un itin\u00e9raire enregistr\u00e9. <a href=\"http:\/\/www.printmaps.net\/fr\/features\">D\u00e9couvrez les autres fonctionnalit\u00e9s<\/a>.<\/p><\/p>\n\n<figure class=\"wp-block-embed is-type-video is-provider-youtube wp-block-embed-youtube wp-embed-aspect-16-9 wp-has-aspect-ratio\"><div class=\"wp-block-embed__wrapper\">\r\n<iframe title=\"Upload GPX route on high resolution map in the Printmaps editor | No need for Google maps\" width=\"1080\" height=\"608\" src=\"https:\/\/www.youtube.com\/embed\/aM5W250xMYU?feature=oembed\"  allow=\"accelerometer; autoplay; clipboard-write; encrypted-media; gyroscope; picture-in-picture; web-share\" allowfullscreen><\/iframe>\r\n<\/div><\/figure>\r\n\n<div style=\"height:30px\" aria-hidden=\"true\" class=\"wp-block-spacer\"><\/div>\n\n<p><\/p>\n\n<div style=\"height:66px\" aria-hidden=\"true\" class=\"wp-block-spacer\"><\/div>\n\n<div style=\"height:22px\" aria-hidden=\"true\" class=\"wp-block-spacer\"><\/div>\n\n<div class=\"wp-block-columns is-layout-flex wp-container-core-columns-is-layout-9d6595d7 wp-block-columns-is-layout-flex\"><\/div>\n","protected":false},"excerpt":{"rendered":"<p>Cr\u00e9ez facilement vos propres \u0153uvres murales de sentiers de randonn\u00e9e, itin\u00e9raires cyclistes ou impressions de cartes de marathon avec l&rsquo;\u00e9diteur de Printmaps. T\u00e9l\u00e9chargez votre itin\u00e9raire et cr\u00e9ez des impressions personnalis\u00e9es d&rsquo;application de course \u00e0 pied. Le son de vos pas sur le chemin, l&rsquo;air frais de la for\u00eat dans vos narines, le silence m\u00e9ditatif parfois [&hellip;]<\/p>\n","protected":false},"author":19,"featured_media":0,"parent":0,"menu_order":0,"comment_status":"closed","ping_status":"closed","template":"","meta":{"_et_pb_use_builder":"","_et_pb_old_content":"","_et_gb_content_width":"","footnotes":""},"class_list":["post-164306","page","type-page","status-publish","hentry"],"_links":{"self":[{"href":"https:\/\/www.printmaps.net\/fr\/wp-json\/wp\/v2\/pages\/164306","targetHints":{"allow":["GET"]}}],"collection":[{"href":"https:\/\/www.printmaps.net\/fr\/wp-json\/wp\/v2\/pages"}],"about":[{"href":"https:\/\/www.printmaps.net\/fr\/wp-json\/wp\/v2\/types\/page"}],"author":[{"embeddable":true,"href":"https:\/\/www.printmaps.net\/fr\/wp-json\/wp\/v2\/users\/19"}],"replies":[{"embeddable":true,"href":"https:\/\/www.printmaps.net\/fr\/wp-json\/wp\/v2\/comments?post=164306"}],"version-history":[{"count":3,"href":"https:\/\/www.printmaps.net\/fr\/wp-json\/wp\/v2\/pages\/164306\/revisions"}],"predecessor-version":[{"id":176197,"href":"https:\/\/www.printmaps.net\/fr\/wp-json\/wp\/v2\/pages\/164306\/revisions\/176197"}],"wp:attachment":[{"href":"https:\/\/www.printmaps.net\/fr\/wp-json\/wp\/v2\/media?parent=164306"}],"curies":[{"name":"wp","href":"https:\/\/api.w.org\/{rel}","templated":true}]}}